{"id":2644,"date":"2024-11-01T03:33:21","date_gmt":"2024-11-01T03:33:21","guid":{"rendered":"https:\/\/rmvapesale.com\/?post_type=product&#038;p=2644"},"modified":"2024-11-01T07:28:51","modified_gmt":"2024-11-01T07:28:51","slug":"puff-vape-cold-mountain-alps-30000-shisha-hookah-bar-wholesale","status":"publish","type":"product","link":"https:\/\/rmvapesale.com\/es\/product\/puff-vape-cold-mountain-alps-30000-shisha-hookah-bar-wholesale\/","title":{"rendered":"Puff Vape Cold Mountain ALPS 30000 Shisha Hookah Bar al por mayor"},"content":{"rendered":"<div class=\"B2VR9 CJHX3e\">\n<div class=\"wyccme\">\n<h1 class=\"LC20lb MBeuO DKV0Md\">Puff Vape Cold Mountain ALPS 30000 Shisha Hookah Bar Precio al por mayor<\/h1>\n<div class=\"flex-shrink-0 flex flex-col relative items-end\">\n<div class=\"pt-0\">\n<div class=\"gizmo-bot-avatar flex h-8 w-8 items-center justify-center overflow-hidden rounded-full\">\n<div class=\"relative p-1 rounded-sm flex items-center justify-center bg-token-main-surface-primary text-token-text-primary h-8 w-8\">\n<p>El <strong>Puff Vape Cold Mountain ALPS Shisha Hookah Bar\u00a0<\/strong>es un dispositivo premium que ofrece una experiencia de vapeo notable, ideal para aquellos que valoran la longevidad y el rendimiento. Con un incre\u00edble <strong>30.000 caladas<\/strong>, este <strong>vape desechable<\/strong> est\u00e1 construido para durar y proporcionar una satisfacci\u00f3n constante.<\/p>\n<p>El <strong>Cold Mountain ALPS<\/strong> es lo \u00faltimo en innovaci\u00f3n de cigarrillos electr\u00f3nicos desechables, que ofrece una soluci\u00f3n m\u00e1s eficiente y econ\u00f3mica en comparaci\u00f3n con otros dispositivos, ahorr\u00e1ndole <strong>10-20%<\/strong> en el uso general. Adem\u00e1s, la <strong>pantalla LED<\/strong> integrada elimina las conjeturas al vapear, mostrando claramente el estado de su bater\u00eda y e-l\u00edquido en tiempo real. Equipado con una <strong>resistencia de malla de 0,5 ohmios<\/strong>, el Cold Mountain ALPS <strong>narguile shisha <\/strong>mejora el sabor con cada calada, ofreciendo un vapor suave y rico. Su impresionante <strong>capacidad de 35 ml de e-l\u00edquido<\/strong> reduce la necesidad de reemplazo frecuente, perfecto para un uso prolongado. Elija entre una baja concentraci\u00f3n de nicotina<strong> 2%<\/strong>, adaptada a su preferencia personal.<\/p>\n<p>Este <strong>vape de narguile<\/strong> dispositivo cuenta con un confiable <strong>bater\u00eda recargable de 850mAh<\/strong>, lo que garantiza un rendimiento potente durante toda su vida \u00fatil. La <strong>carga tipo C<\/strong> La tecnolog\u00eda proporciona una recarga r\u00e1pida y eficiente, minimizando el tiempo de inactividad y manteniendo su vape listo para usar. Para mayor comodidad, el vape viene con un sofisticado <strong>pantalla digital LCD<\/strong> que muestra la duraci\u00f3n restante de la bater\u00eda y los niveles de e-l\u00edquido, lo que facilita mantenerse informado.<\/p>\n<p>Descubra una lujosa y totalmente ajustable <strong>shisha bar<\/strong> experiencia con el <strong>Vape Desechable Cold Mountain ALPS<\/strong>. Mejore su juego de vapeo con <strong>vapes al por mayor<\/strong>, disponible para compra al por mayor a un precio competitivo. Encuentre esto y m\u00e1s en su confiable <strong>vape de caladas<\/strong> proveedor, donde la calidad y el rendimiento se unen a la asequibilidad.<\/p>\n<\/div>\n<\/div>\n<\/div>\n<\/div>\n<\/div>\n<\/div>\n<p><strong>\u00a1Contacta con Amy para obtener la respuesta correcta y un cup\u00f3n de vape!<\/strong><\/p>\n<p><img loading=\"lazy\" decoding=\"async\" class=\"size-full wp-image-1978\" src=\"https:\/\/rmvapesale.com\/wp-content\/uploads\/2024\/09\/Disposable-Vape-Wholesale.jpg\" alt=\"Vape Desechable al por mayor\" width=\"229\" height=\"300\" \/><\/p>\n<h3><a href=\"https:\/\/wa.me\/8617776015835\" target=\"_blank\" rel=\"noopener\"><span style=\"color: #ff0000\"><strong>WhatsApp: +86 17776015835<\/strong><\/span><\/a><\/h3>\n<p>&nbsp;<\/p>\n<h2><\/h2>\n<h2><strong>Puff Vape Cold Mountain ALPS 30000 <\/strong><strong>Caracter\u00edsticas Clave<\/strong><\/h2>\n<p>Tipo: Vape Recargable<br \/>\nE-jugo: 35ml<br \/>\nResistencia de malla: Humo grande<br \/>\nCaladas: 30000 caladas<br \/>\nResistencia: 0.5\u03a9<br \/>\nSal de Nicotina: 2%<br \/>\nCarga inferior tipo C<br \/>\nPantalla de visualizaci\u00f3n<\/p>\n<figure id=\"attachment_2643\" aria-describedby=\"caption-attachment-2643\" style=\"width: 800px\" class=\"wp-caption alignnone\"><img loading=\"lazy\" decoding=\"async\" class=\"wp-image-2643 size-full\" src=\"https:\/\/rmvapesale.com\/wp-content\/uploads\/2024\/11\/Wholesale-COLD-MOUNTAIN-ALPS-30000-Disposable-Vape.jpg\" alt=\"Venta al por mayor de Vape Desechable COLD MOUNTAIN ALPS 30000\" width=\"800\" height=\"800\" srcset=\"https:\/\/rmvapesale.com\/wp-content\/uploads\/2024\/11\/Wholesale-COLD-MOUNTAIN-ALPS-30000-Disposable-Vape.jpg 800w, https:\/\/rmvapesale.com\/wp-content\/uploads\/2024\/11\/Wholesale-COLD-MOUNTAIN-ALPS-30000-Disposable-Vape-300x300.jpg 300w, https:\/\/rmvapesale.com\/wp-content\/uploads\/2024\/11\/Wholesale-COLD-MOUNTAIN-ALPS-30000-Disposable-Vape-150x150.jpg 150w, https:\/\/rmvapesale.com\/wp-content\/uploads\/2024\/11\/Wholesale-COLD-MOUNTAIN-ALPS-30000-Disposable-Vape-768x768.jpg 768w, https:\/\/rmvapesale.com\/wp-content\/uploads\/2024\/11\/Wholesale-COLD-MOUNTAIN-ALPS-30000-Disposable-Vape-600x600.jpg 600w, https:\/\/rmvapesale.com\/wp-content\/uploads\/2024\/11\/Wholesale-COLD-MOUNTAIN-ALPS-30000-Disposable-Vape-100x100.jpg 100w\" sizes=\"auto, (max-width: 800px) 100vw, 800px\" \/><figcaption id=\"caption-attachment-2643\" class=\"wp-caption-text\">Venta al por mayor de Vape Desechable COLD MOUNTAIN ALPS 30000<\/figcaption><\/figure>\n<h2><strong>El mejor sabor para <\/strong><strong>Puff Vape Cold Mountain ALPS 30000 Puffs<\/strong><\/h2>\n<p>1. Mel\u00f3n Drag\u00f3n<br \/>\n2. Fresa Sand\u00eda\u00a0 <span style=\"color: #ff0000\"><strong>&gt;&gt;&gt;&gt; \u00a1Popular!<\/strong><\/span><br \/>\n3. Limonada Rosa<br \/>\n4. Fresa de Fruta del Drag\u00f3n Hielo Negro<br \/>\n5. Maracuy\u00e1 Kiwi<br \/>\n6. Sand\u00eda<br \/>\n7. Fresa Pl\u00e1tano<br \/>\n8. Uva Aloe<br \/>\n9. Cola de Cereza Ar\u00e1ndano <span style=\"color: #ff0000\"><strong>&gt;&gt;&gt;&gt; \u00a1Mejor!<\/strong><\/span><br \/>\n10. Mango<\/p>\n<p>&nbsp;<\/p>\n<h3><strong>Por qu\u00e9 Elegir Rmvapesale para <\/strong><strong>ALPS\u00a0<\/strong><strong>Vape Recargable de 30000 Puffs<\/strong><strong>?<\/strong><\/h3>\n<div class=\"flex-shrink-0 flex flex-col relative items-end\">\n<div class=\"pt-0\">\n<div class=\"gizmo-bot-avatar flex h-8 w-8 items-center justify-center overflow-hidden rounded-full\">\n<div class=\"relative p-1 rounded-sm flex items-center justify-center bg-token-main-surface-primary text-token-text-primary h-8 w-8\">\n<p>Cuando eliges Rmvapesale para tus necesidades de vapeadores desechables al por mayor, te beneficiar\u00e1s de:<\/p>\n<ul>\n<li><strong>Precio competitivo<\/strong>: Obt\u00e9n acceso a atractivos precios al por mayor que impulsan los m\u00e1rgenes de tu negocio.<\/li>\n<li><strong>Alta calidad<\/strong>: Nuestros vapes est\u00e1n fabricados con los m\u00e1s altos est\u00e1ndares, y <span style=\"color: #ff0000\"><strong>garantizados 100% originales y aut\u00e9nticos. \u00a1Se proporcionar\u00e1 una compensaci\u00f3n de 10 veces por productos falsos!<\/strong><\/span><\/li>\n<li><strong>Excelente servicio al cliente<\/strong>: Nuestro equipo dedicado est\u00e1 siempre listo para ayudarle, haciendo que su proceso de compra sea f\u00e1cil y sin complicaciones.<\/li>\n<li><strong>R\u00e1pido<\/strong>: Espere un env\u00edo r\u00e1pido y confiable, asegurando que sus pedidos lleguen a tiempo, siempre.<\/li>\n<\/ul>\n<\/div>\n<h3><\/h3>\n<div class=\"relative p-1 rounded-sm flex items-center justify-center bg-token-main-surface-primary text-token-text-primary h-8 w-8\">\n<h3><b>Preguntas Frecuentes sobre Shisha Cold Mountain ALPS 30000\u00a0<\/b><\/h3>\n<\/div>\n<ol>\n<li><strong>\u00bfC\u00f3mo s\u00e9 cu\u00e1ndo mi vape desechable est\u00e1 vac\u00edo?<\/strong>\n<ul>\n<li>El <strong>Cold Mountain ALPS 30000<\/strong> viene equipado con un <strong>pantalla digital LCD<\/strong> que muestra el nivel restante de e-jugo. Cuando la pantalla indica que el nivel de e-l\u00edquido es bajo o experimenta una ca\u00edda significativa en la producci\u00f3n de vapor y la intensidad del sabor, es hora de reemplazar su vape desechable.<\/li>\n<\/ul>\n<\/li>\n<li><strong>\u00bfCu\u00e1nto tiempo se tarda en cargar un Puff Vape Cold Mountain ALPS 30000?<\/strong>\n<ul>\n<li>El <strong>Cold Mountain ALPS 30000<\/strong> caracter\u00edsticas <strong>Tecnolog\u00eda de carga Tipo-C<\/strong>, lo que proporciona una recarga r\u00e1pida y eficiente. En promedio, toma alrededor de <strong>1-2 horas<\/strong> para cargar completamente el dispositivo, dependiendo de la fuente de alimentaci\u00f3n.<\/li>\n<\/ul>\n<\/li>\n<li><strong>\u00bfCu\u00e1nta nicotina hay en un Cold Mountain ALPS 30000 Shisha?<\/strong>\n<ul>\n<li>El <strong>Cold Mountain ALPS 30000 Shisha<\/strong> ofrece diferentes opciones de concentraci\u00f3n de nicotina <strong>2%.<\/strong><\/li>\n<\/ul>\n<\/li>\n<li><strong>\u00bfD\u00f3nde comprar Puff Vape a precio de mayorista?<\/strong>\n<ul>\n<li>Puedes comprar <strong>Puff Vape Cold Mountain ALPS 30000<\/strong> y otros <strong>vapes al por mayor<\/strong> de proveedores de confianza como <strong>rmvapesale<\/strong> o tiendas especializadas <strong>de vapeo<\/strong> que ofrecen opciones de compra al por mayor. Consulta sus plataformas en l\u00ednea para obtener precios competitivos al por mayor.<\/li>\n<\/ul>\n<\/li>\n<li><strong>\u00bfPuedo llevar un vape desechable en un avi\u00f3n?<\/strong>\n<ul>\n<li>S\u00ed, puedes llevar un <strong>vape desechable<\/strong> en un avi\u00f3n, pero debe colocarse en tu <strong>equipaje de mano<\/strong>, no en el equipaje facturado, debido a las normas de seguridad de las aerol\u00edneas con respecto a las bater\u00edas de litio. Aseg\u00farate de que el dispositivo est\u00e9 apagado y sigue las pautas espec\u00edficas establecidas por la aerol\u00ednea. Siempre consulta con tu aerol\u00ednea antes de viajar.<\/li>\n<\/ul>\n<\/li>\n<\/ol>\n<\/div>\n<\/div>\n<\/div>\n<h3>Sobre el env\u00edo<\/h3>\n<div class=\"flex-shrink-0 flex flex-col relative items-end\">\n<div>\n<div class=\"pt-0\">\n<div class=\"gizmo-bot-avatar flex h-8 w-8 items-center justify-center overflow-hidden rounded-full\">\n<div><\/div>\n<div class=\"relative p-1 rounded-sm flex items-center justify-center bg-token-main-surface-primary text-token-text-primary h-8 w-8\"><strong>1. \u00bfQu\u00e9 m\u00e9todos de env\u00edo se utilizan?<\/strong><\/div>\n<\/div>\n<\/div>\n<\/div>\n<\/div>\n<div class=\"group\/conversation-turn relative flex w-full min-w-0 flex-col agent-turn\">\n<div class=\"flex-col gap-1 md:gap-3\">\n<div class=\"flex max-w-full flex-col flex-grow\">\n<div class=\"min-h-[20px] text-message flex w-full flex-col items-end gap-2 whitespace-normal break-words [.text-message+&amp;]:mt-5 overflow-x-auto\" dir=\"auto\" data-message-author-role=\"assistant\" data-message-id=\"22f8283b-3233-46ff-89a5-c7a41b33abda\">\n<div class=\"flex w-full flex-col gap-1 empty:hidden first:pt-[3px]\">\n<div class=\"markdown prose w-full break-words dark:prose-invert light\">\n<p>Trabajamos con UPS, DHL, FedEx, DPD y otros transportistas l\u00edderes. Seleccionaremos el mejor m\u00e9todo de env\u00edo seg\u00fan su lugar de entrega para garantizar que reciba sus productos lo m\u00e1s r\u00e1pido posible.<\/p>\n<\/div>\n<p><strong>2. \u00bfCu\u00e1nto tiempo tarda en llegar?<\/strong><\/p>\n<p>Los paquetes enviados a Espa\u00f1a suelen llegar en 10 d\u00edas laborables. El env\u00edo a pa\u00edses europeos generalmente tarda entre 12 y 15 d\u00edas h\u00e1biles. Proporcionaremos actualizaciones en tiempo real sobre el estado de su env\u00edo.<\/p>\n<\/div>\n<\/div>\n<\/div>\n<\/div>\n<\/div>\n<p>&nbsp;<\/p>\n<p>Otros vapes de venta caliente que te pueden gustar:<\/p>\n<p><a href=\"https:\/\/rmvapesale.com\/es\/product\/full-screen-disposable-vape-hzko-supernova-30000-puffs-wholesale\/\"><strong>HZKO Supernova 25000 Puff\u00a0 \u00a0<span style=\"color: #ff0000\">&gt;&gt;&gt;&gt; \u00a1vamos!<\/span><\/strong><\/a><\/p>\n<p><strong><a href=\"https:\/\/rmvapesale.com\/es\/product\/poco-sl15000-disposable-vape-5-nicotine-smart-vape\/\">POCO SL15000 Vape Desechable <span style=\"color: #ff0000\">&gt;&gt;&gt;&gt; \u00a1vamos!<\/span><\/a>\u00a0<\/strong><\/p>\n<p><a href=\"https:\/\/rmvapesale.com\/es\/product\/original-randm-vape-digital-puff-12000-fumot-factory-price\/\"><strong>Fumot Vape 12000 Puffs <span style=\"color: #ff0000\">&gt;&gt;&gt;&gt; \u00a1vamos!<\/span><\/strong><\/a><\/p>\n<p>&nbsp;<\/p>\n<p>&nbsp;<\/p>\n<p>Encuentra m\u00e1s productos de Vape que te puedan gustar:<strong><em><a href=\"https:\/\/rmvapesale.com\/es\/shop-2\/\">comprar ahora &gt;&gt;&gt;<\/a><\/em><\/strong><\/p>","protected":false},"excerpt":{"rendered":"<p>Vape Desechable Cold Mountain Alps con 30 000 Caladas<br \/>\nPod Cold Mountain Alps 30000 Puff Almac\u00e9n de la UE<br \/>\nVenta al por mayor COLD MOUNTAIN ALPS 30000 Puffs Desechable<br \/>\n<span style=\"color: #ff0000\">(Se env\u00eda desde el almac\u00e9n de la UE y tarda entre 3 y 7 d\u00edas en llegar a la mayor\u00eda de los pa\u00edses de Europa como Pa\u00edses Bajos, Francia, Italia, Espa\u00f1a, Suiza, Suecia, Polonia, etc.)<\/span><\/p>\n<p><img loading=\"lazy\" decoding=\"async\" class=\"size-full wp-image-2375\" src=\"https:\/\/rmvapesale.com\/wp-content\/uploads\/2024\/10\/image.png\" alt=\"Mejor Vape Desechable\" width=\"229\" height=\"300\" \/><\/p>\n<h3><a href=\"https:\/\/wa.me\/8617776015835\"><span style=\"color: #ff0000\"><strong>WhatsApp: +86 17776015835<\/strong><\/span><\/a><\/h3>\n<p>&nbsp;<\/p>","protected":false},"featured_media":2641,"comment_status":"open","ping_status":"closed","template":"","meta":{"_uag_custom_page_level_css":"","_lmt_disableupdate":"no","_lmt_disable":"","site-sidebar-layout":"default","site-content-layout":"content-boxed-container","ast-site-content-layout":"normal-width-container","site-content-style":"boxed","site-sidebar-style":"unboxed","ast-global-header-display":"","ast-banner-title-visibility":"","ast-main-header-display":"","ast-hfb-above-header-display":"","ast-hfb-below-header-display":"","ast-hfb-mobile-header-display":"","site-post-title":"","ast-breadcrumbs-content":"","ast-featured-img":"","footer-sml-layout":"","ast-disable-related-posts":"","theme-transparent-header-meta":"default","adv-header-id-meta":"","stick-header-meta":"","header-above-stick-meta":"","header-main-stick-meta":"","header-below-stick-meta":"","astra-migrate-meta-layouts":"set","ast-page-background-enabled":"default","ast-page-background-meta":{"desktop":{"background-color":"var(--ast-global-color-4)","background-image":"","background-repeat":"repeat","background-position":"center center","background-size":"auto","background-attachment":"scroll","background-type":"","background-media":"","overlay-type":"","overlay-color":"","overlay-opacity":"","overlay-gradient":""},"tablet":{"background-color":"","background-image":"","background-repeat":"repeat","background-position":"center center","background-size":"auto","background-attachment":"scroll","background-type":"","background-media":"","overlay-type":"","overlay-color":"","overlay-opacity":"","overlay-gradient":""},"mobile":{"background-color":"","background-image":"","background-repeat":"repeat","background-position":"center center","background-size":"auto","background-attachment":"scroll","background-type":"","background-media":"","overlay-type":"","overlay-color":"","overlay-opacity":"","overlay-gradient":""}},"ast-content-background-meta":{"desktop":{"background-color":"var(--ast-global-color-5)","background-image":"","background-repeat":"repeat","background-position":"center center","background-size":"auto","background-attachment":"scroll","background-type":"","background-media":"","overlay-type":"","overlay-color":"","overlay-opacity":"","overlay-gradient":""},"tablet":{"background-color":"var(--ast-global-color-5)","background-image":"","background-repeat":"repeat","background-position":"center center","background-size":"auto","background-attachment":"scroll","background-type":"","background-media":"","overlay-type":"","overlay-color":"","overlay-opacity":"","overlay-gradient":""},"mobile":{"background-color":"var(--ast-global-color-5)","background-image":"","background-repeat":"repeat","background-position":"center center","background-size":"auto","background-attachment":"scroll","background-type":"","background-media":"","overlay-type":"","overlay-color":"","overlay-opacity":"","overlay-gradient":""}},"_joinchat":[]},"product_brand":[],"product_cat":[15,27,25,195,123,30,26,28,137,136,135],"product_tag":[146,188,167,197,165,180,154,191,196,120],"class_list":{"0":"post-2644","1":"product","2":"type-product","3":"status-publish","4":"has-post-thumbnail","6":"product_cat-new-vape-this-week","7":"product_cat-fance-hot-sale-vape","8":"product_cat-germany-best-selling-vape","9":"product_cat-germany-warehouse","10":"product_cat-italy-wholesale-vape","11":"product_cat-minimum-order-quantity-50pcs","12":"product_cat-netherlands-hot-sale-vape","13":"product_cat-poland-hot-sale-vape","14":"product_cat-rechargeable-vapes","15":"product_cat-smart-screen-vapes","16":"product_cat-spain-best-hot-sale-vape","17":"product_tag-best-hot-sale-vape","18":"product_tag-buy-vapes-online","19":"product_tag-disposable-vape-with-screen","20":"product_tag-germany-hot-sale-vape","21":"product_tag-rechargeable-vapes","22":"product_tag-shisha-bar","23":"product_tag-smart-vape","24":"product_tag-vape-box","25":"product_tag-vape-shop","26":"product_tag-vape-wholesale","27":"desktop-align-left","28":"tablet-align-left","29":"mobile-align-left","31":"first","32":"instock","33":"sale","34":"shipping-taxable","35":"purchasable","36":"product-type-simple"},"uagb_featured_image_src":{"full":["https:\/\/rmvapesale.com\/wp-content\/uploads\/2024\/11\/Cold-Mountain-ALPS-Shisha-Hookah.jpg",800,800,false],"thumbnail":["https:\/\/rmvapesale.com\/wp-content\/uploads\/2024\/11\/Cold-Mountain-ALPS-Shisha-Hookah-150x150.jpg",150,150,true],"medium":["https:\/\/rmvapesale.com\/wp-content\/uploads\/2024\/11\/Cold-Mountain-ALPS-Shisha-Hookah-300x300.jpg",300,300,true],"medium_large":["https:\/\/rmvapesale.com\/wp-content\/uploads\/2024\/11\/Cold-Mountain-ALPS-Shisha-Hookah-768x768.jpg",768,768,true],"large":["https:\/\/rmvapesale.com\/wp-content\/uploads\/2024\/11\/Cold-Mountain-ALPS-Shisha-Hookah.jpg",800,800,false],"1536x1536":["https:\/\/rmvapesale.com\/wp-content\/uploads\/2024\/11\/Cold-Mountain-ALPS-Shisha-Hookah.jpg",800,800,false],"2048x2048":["https:\/\/rmvapesale.com\/wp-content\/uploads\/2024\/11\/Cold-Mountain-ALPS-Shisha-Hookah.jpg",800,800,false],"trp-custom-language-flag":["https:\/\/rmvapesale.com\/wp-content\/uploads\/2024\/11\/Cold-Mountain-ALPS-Shisha-Hookah.jpg",12,12,false],"woocommerce_thumbnail":["https:\/\/rmvapesale.com\/wp-content\/uploads\/2024\/11\/Cold-Mountain-ALPS-Shisha-Hookah-300x300.jpg",300,300,true],"woocommerce_single":["https:\/\/rmvapesale.com\/wp-content\/uploads\/2024\/11\/Cold-Mountain-ALPS-Shisha-Hookah-600x600.jpg",600,600,true],"woocommerce_gallery_thumbnail":["https:\/\/rmvapesale.com\/wp-content\/uploads\/2024\/11\/Cold-Mountain-ALPS-Shisha-Hookah-100x100.jpg",100,100,true],"wcpr-photo-reviews":["https:\/\/rmvapesale.com\/wp-content\/uploads\/2024\/11\/Cold-Mountain-ALPS-Shisha-Hookah.jpg",500,500,false]},"uagb_author_info":{"display_name":"AMY","author_link":"https:\/\/rmvapesale.com\/es\/author\/"},"uagb_comment_info":0,"uagb_excerpt":"Cold Mountain Alps Disposable Vape With 30K Puffs Pod Cold Mountain Alps 30000 Puff EU Warehouse Wholesale COLD MOUNTAIN ALPS 30000 Puffs Disposable (Ship from EU warehouse and takes about 3-7 days\u00a0 to get arrive to most Europe countries like Netherlands, France, Italy, Spain, Switzerland, Sweden, Poland, etc. ) WhatsApp: +86 17776015835 &nbsp;","_links":{"self":[{"href":"https:\/\/rmvapesale.com\/es\/wp-json\/wp\/v2\/product\/2644","targetHints":{"allow":["GET"]}}],"collection":[{"href":"https:\/\/rmvapesale.com\/es\/wp-json\/wp\/v2\/product"}],"about":[{"href":"https:\/\/rmvapesale.com\/es\/wp-json\/wp\/v2\/types\/product"}],"replies":[{"embeddable":true,"href":"https:\/\/rmvapesale.com\/es\/wp-json\/wp\/v2\/comments?post=2644"}],"wp:featuredmedia":[{"embeddable":true,"href":"https:\/\/rmvapesale.com\/es\/wp-json\/wp\/v2\/media\/2641"}],"wp:attachment":[{"href":"https:\/\/rmvapesale.com\/es\/wp-json\/wp\/v2\/media?parent=2644"}],"wp:term":[{"taxonomy":"product_brand","embeddable":true,"href":"https:\/\/rmvapesale.com\/es\/wp-json\/wp\/v2\/product_brand?post=2644"},{"taxonomy":"product_cat","embeddable":true,"href":"https:\/\/rmvapesale.com\/es\/wp-json\/wp\/v2\/product_cat?post=2644"},{"taxonomy":"product_tag","embeddable":true,"href":"https:\/\/rmvapesale.com\/es\/wp-json\/wp\/v2\/product_tag?post=2644"}],"curies":[{"name":"wp","href":"https:\/\/api.w.org\/{rel}","templated":true}]}}