{"id":2661,"date":"2024-11-04T06:37:48","date_gmt":"2024-11-04T06:37:48","guid":{"rendered":"https:\/\/rmvapesale.com\/?post_type=product&#038;p=2661"},"modified":"2024-11-04T07:54:04","modified_gmt":"2024-11-04T07:54:04","slug":"vopk-shisha-bar-20000-puffs-low-nicotine-rechargeable-disposable-vape-pen","status":"publish","type":"product","link":"https:\/\/rmvapesale.com\/es\/product\/vopk-shisha-bar-20000-puffs-low-nicotine-rechargeable-disposable-vape-pen\/","title":{"rendered":"VOPK Shisha BAR 20000 Puffs Vape Pen desechable recargable bajo en nicotina"},"content":{"rendered":"<div class=\"B2VR9 CJHX3e\">\n<div class=\"wyccme\">\n<h1 class=\"LC20lb MBeuO DKV0Md\">VOPK Shisha BAR 20000 Puffs Vape Pen desechable recargable bajo en nicotina<\/h1>\n<div class=\"flex-shrink-0 flex flex-col relative items-end\">\n<div class=\"pt-0\">\n<div class=\"gizmo-bot-avatar flex h-8 w-8 items-center justify-center overflow-hidden rounded-full\">\n<div class=\"relative p-1 rounded-sm flex items-center justify-center bg-token-main-surface-primary text-token-text-primary h-8 w-8\">\n<p>Presentamos el <strong>VOPK Shisha BAR 20000 Puffs Vape Pen desechable recargable bajo en nicotina<\/strong>, la mejor opci\u00f3n para los entusiastas de la shisha y el vapeo que buscan una calidad y un rendimiento excepcionales. Este dispositivo de vanguardia ofrece unos notables <strong>20000 caladas<\/strong>, lo que garantiza una experiencia de vapeo prolongada sin la molestia de los reemplazos constantes.<\/p>\n<p>Dise\u00f1ado para satisfacer diferentes preferencias, el <strong>VOPK Shisha BAR<\/strong> viene con <strong>opciones de nicotina ajustables<\/strong> of <strong>0%, 2%, 3%, y 5%<\/strong>, lo que le permite personalizar su consumo de nicotina. La gran <strong>capacidad de e-l\u00edquido de 28ML<\/strong> le garantiza que puede vapear durante m\u00e1s tiempo con menos recargas, mientras que la <strong>bater\u00eda recargable de 850mAh<\/strong> combinado con <strong>carga tipo C<\/strong> garantiza recargas eficientes y r\u00e1pidas, lo que lo hace ideal para aquellos que siempre est\u00e1n en movimiento.<\/p>\n<p>El <strong>VOPK Shisha BAR<\/strong> re\u00fane lo mejor de ambos mundos: la esencia tradicional de los <strong>shisha bar<\/strong> sabores y la moderna tecnolog\u00eda de vapeo. Su dise\u00f1o elegante y port\u00e1til lo hace perfecto para usar en cualquier lugar, ya sea que est\u00e9 en un sal\u00f3n de shisha o de viaje. Con una gama de sabores vibrantes y un rendimiento fiable, no es de extra\u00f1ar que <strong>VOPK<\/strong> destaca entre <strong>marcas de vape populares<\/strong> y es muy buscado por <strong>vapes al por mayor<\/strong>.<\/p>\n<p>Para aquellos que buscan sumergirse en la rica cultura de <strong>shisha hookah<\/strong> mientras disfrutan de la comodidad de un <strong>vaporizador desechable recargable<\/strong>, el <strong>VOPK Shisha BAR 20000<\/strong> es su compa\u00f1ero ideal. Descubra por qu\u00e9 este dispositivo est\u00e1 causando sensaci\u00f3n en el mercado de <strong>marcas de vapes desechables<\/strong> y viva una experiencia premium que le har\u00e1 volver a por m\u00e1s. Compre el suyo en <strong>vapes desechables en l\u00ednea<\/strong> o cons\u00edgalo a granel para sus <strong>shisha bar<\/strong> con <strong>hookah desechable al por mayor<\/strong> opciones hoy mismo.<\/p>\n<p>Prep\u00e1rese para sumergirse en un mundo de sabor y rendimiento elevados con el <strong>VOPK Shisha BAR 20000 Puffs<\/strong> \u2014 su mejor opci\u00f3n en el mundo de los <strong>vaporizador de 20000 caladas<\/strong>.<\/p>\n<\/div>\n<\/div>\n<\/div>\n<\/div>\n<\/div>\n<\/div>\n<p><strong>\u00a1Contacta con Amy para obtener la respuesta correcta y un cup\u00f3n de vape!<\/strong><\/p>\n<p><img loading=\"lazy\" decoding=\"async\" class=\"size-full wp-image-1978\" src=\"https:\/\/rmvapesale.com\/wp-content\/uploads\/2024\/09\/Disposable-Vape-Wholesale.jpg\" alt=\"Vape Desechable al por mayor\" width=\"229\" height=\"300\" \/><\/p>\n<h3><a href=\"https:\/\/wa.me\/8617776015835\" target=\"_blank\" rel=\"noopener\"><span style=\"color: #ff0000\"><strong>WhatsApp: +86 17776015835<\/strong><\/span><\/a><\/h3>\n<p>&nbsp;<\/p>\n<h2><\/h2>\n<h2><strong>VOPK Shisha BAR 20000 Vaporizador Desechable Recargable <\/strong><strong>Caracter\u00edsticas Clave<\/strong><\/h2>\n<p>E-Juice Pre-llenado de 28ml<br \/>\nBater\u00eda Recargable de 850mAh<br \/>\nN\u00famero de Caladas: Aproximadamente 20000 Caladas<br \/>\n0% 2% 5% Concentraci\u00f3n de Nicotina<br \/>\nCarga USB Tipo-C (No Incluido)<br \/>\nPantalla inteligente LED<br \/>\nVapeo MTL<\/p>\n<figure id=\"attachment_2653\" aria-describedby=\"caption-attachment-2653\" style=\"width: 800px\" class=\"wp-caption alignnone\"><img loading=\"lazy\" decoding=\"async\" class=\"wp-image-2653 size-full\" src=\"https:\/\/rmvapesale.com\/wp-content\/uploads\/2024\/11\/VOPK-Shisha-BAR-20000-Low-Nicotine-Disposable-Vape.jpg\" alt=\"VOPK Shisha BAR 20000 Vaporizador Desechable Bajo en Nicotina\" width=\"800\" height=\"799\" srcset=\"https:\/\/rmvapesale.com\/wp-content\/uploads\/2024\/11\/VOPK-Shisha-BAR-20000-Low-Nicotine-Disposable-Vape.jpg 800w, https:\/\/rmvapesale.com\/wp-content\/uploads\/2024\/11\/VOPK-Shisha-BAR-20000-Low-Nicotine-Disposable-Vape-300x300.jpg 300w, https:\/\/rmvapesale.com\/wp-content\/uploads\/2024\/11\/VOPK-Shisha-BAR-20000-Low-Nicotine-Disposable-Vape-150x150.jpg 150w, https:\/\/rmvapesale.com\/wp-content\/uploads\/2024\/11\/VOPK-Shisha-BAR-20000-Low-Nicotine-Disposable-Vape-768x767.jpg 768w, https:\/\/rmvapesale.com\/wp-content\/uploads\/2024\/11\/VOPK-Shisha-BAR-20000-Low-Nicotine-Disposable-Vape-600x599.jpg 600w, https:\/\/rmvapesale.com\/wp-content\/uploads\/2024\/11\/VOPK-Shisha-BAR-20000-Low-Nicotine-Disposable-Vape-100x100.jpg 100w\" sizes=\"auto, (max-width: 800px) 100vw, 800px\" \/><figcaption id=\"caption-attachment-2653\" class=\"wp-caption-text\">VOPK Shisha BAR 20000 Vaporizador Desechable Bajo en Nicotina<\/figcaption><\/figure>\n<h2><strong>El mejor sabor para <\/strong><strong>VOPK Shisha BAR 20000<\/strong><\/h2>\n<p>1.Ar\u00e1ndano helado <span style=\"color: #ff0000\"><strong>&gt;&gt;&gt;&gt; \u00a1Popular!<\/strong><\/span><br \/>\n2. Fresa kiwi<br \/>\n3.Bayas mixtas <span style=\"color: #ff0000\"><strong>&gt;&gt;&gt;&gt; \u00a1Mejor!<\/strong><\/span><br \/>\n4. Sand\u00eda de fresa<br \/>\n5.Sand\u00eda helada<br \/>\n6.Melocot\u00f3n mango pi\u00f1a<br \/>\n7.Ar\u00e1ndano frambuesa<br \/>\n8.Caramelo de fresa y frambuesa<br \/>\n9.Sand\u00eda cereza <span style=\"color: #ff0000\"><strong>&gt;&gt;&gt;&gt; \u00a1Popular!<\/strong><\/span><br \/>\n10.Hielo de grosella negra<\/p>\n<figure id=\"attachment_2660\" aria-describedby=\"caption-attachment-2660\" style=\"width: 640px\" class=\"wp-caption alignnone\"><img loading=\"lazy\" decoding=\"async\" class=\"wp-image-2660 size-large\" src=\"https:\/\/rmvapesale.com\/wp-content\/uploads\/2024\/11\/VOPK-Shisha-Hookah-BAR-Disposable-Vape-Wholesale-640x1024.jpg\" alt=\"Venta al por mayor de vape desechable VOPK Shisha Hookah BAR\" width=\"640\" height=\"1024\" srcset=\"https:\/\/rmvapesale.com\/wp-content\/uploads\/2024\/11\/VOPK-Shisha-Hookah-BAR-Disposable-Vape-Wholesale-640x1024.jpg 640w, https:\/\/rmvapesale.com\/wp-content\/uploads\/2024\/11\/VOPK-Shisha-Hookah-BAR-Disposable-Vape-Wholesale-188x300.jpg 188w, https:\/\/rmvapesale.com\/wp-content\/uploads\/2024\/11\/VOPK-Shisha-Hookah-BAR-Disposable-Vape-Wholesale-768x1229.jpg 768w, https:\/\/rmvapesale.com\/wp-content\/uploads\/2024\/11\/VOPK-Shisha-Hookah-BAR-Disposable-Vape-Wholesale-600x960.jpg 600w, https:\/\/rmvapesale.com\/wp-content\/uploads\/2024\/11\/VOPK-Shisha-Hookah-BAR-Disposable-Vape-Wholesale.jpg 800w\" sizes=\"auto, (max-width: 640px) 100vw, 640px\" \/><figcaption id=\"caption-attachment-2660\" class=\"wp-caption-text\">Venta al por mayor de vape desechable VOPK Shisha Hookah BAR<\/figcaption><\/figure>\n<h3><strong>Por qu\u00e9 Elegir Rmvapesale para <\/strong><strong>VOPK Shisha BAR Vape Desechable<\/strong><strong>Vape al por mayor<\/strong><strong>?<\/strong><\/h3>\n<div class=\"flex-shrink-0 flex flex-col relative items-end\">\n<div class=\"pt-0\">\n<div class=\"gizmo-bot-avatar flex h-8 w-8 items-center justify-center overflow-hidden rounded-full\">\n<div class=\"relative p-1 rounded-sm flex items-center justify-center bg-token-main-surface-primary text-token-text-primary h-8 w-8\">\n<p>Bienvenido a Rmvapesale, tu tienda de vapeo de confianza para vapes desechables premium. Con m\u00e1s de 5 a\u00f1os de experiencia, te traemos marcas populares de vapes desechables como Al Fakher, Vapme Vape, <a href=\"https:\/\/rmvapesale.com\/es\/product\/vapme-crystal-7000-puffs-rechargeable-disposable-vape-price\/\">Vapme<\/a>, <a href=\"https:\/\/rmvapesale.com\/es\/product-category\/bang-vapes\/\">Vape Bang<\/a>, Waspe, <a href=\"https:\/\/rmvapesale.com\/es\/product\/wga-crystal-pro-max-extra-15k-puffs-disposable-vape-wholesale\/\">WGA<\/a> Vape y<a href=\"https:\/\/rmvapesale.com\/es\/product-category\/randm-fumot-vape\/\"> RandM Vape<\/a>.<\/p>\n<p>Nuestra gama incluye vapes de gran venta como el <a href=\"https:\/\/rmvapesale.com\/es\/product\/fumot-digital-box-12000-disposable-vape-pink-lemonade-flavor\/\">RandM 12k<\/a> y opciones ricas en sabor como el <a href=\"https:\/\/rmvapesale.com\/es\/product\/wga-crystal-plus-20000-puff-dual-flavour-disposable-vape\/\">WGA 20K Puff<\/a>. Cada producto se elige centr\u00e1ndose en la calidad, el valor y la variedad, lo que garantiza que encuentre la combinaci\u00f3n perfecta para sus necesidades. Descubra un servicio excepcional y una amplia gama de los mejores productos en Rmvapesale.<\/p>\n<\/div>\n<h3><\/h3>\n<div class=\"relative p-1 rounded-sm flex items-center justify-center bg-token-main-surface-primary text-token-text-primary h-8 w-8\">\n<h3><b>VOPK Shisha BAR 20000 Puffs Vape Preguntas frecuentes<\/b><\/h3>\n<p><strong>1. \u00bfC\u00f3mo s\u00e9 cu\u00e1ndo mi vapeador desechable est\u00e1 vac\u00edo?<\/strong><br \/>\nCuando tu <strong>VOPK Shisha BAR 20000<\/strong> vapeador desechable se est\u00e9 quedando sin e-l\u00edquido, es posible que notes una disminuci\u00f3n en la producci\u00f3n de vapor o un sabor m\u00e1s d\u00e9bil. El <strong>todo a un precio asequible<\/strong> integrado en el dispositivo tambi\u00e9n indicar\u00e1 el nivel restante de e-l\u00edquido. Si la pantalla muestra que el e-l\u00edquido se ha agotado, es hora de reemplazar el vapeador.<\/p>\n<p><strong>2. \u00bfCu\u00e1nto tiempo se tarda en cargar un VOPK Shisha 20000?<\/strong><br \/>\nCargar tu <strong>VOPK Shisha 20000<\/strong> suele tardar entre 1,5 y 2 horas usando un <strong>con puerto de carga Tipo-C<\/strong>. Aseg\u00farate de usar un cargador fiable para garantizar una carga segura y eficiente. Una vez completamente cargado, el dispositivo est\u00e1 dise\u00f1ado para soportar sesiones de vapeo prolongadas.<\/p>\n<p><strong>3. \u00bfCu\u00e1nto nicotina hay en un VOPK Shisha hookah 20000?<\/strong><br \/>\nEl <strong>VOPK Shisha BAR 20000<\/strong> viene con opciones de fuerza de nicotina ajustable, lo que te permite elegir entre <strong>0%, 2%, 3% y 5% de nicotina<\/strong>. Esta personalizaci\u00f3n asegura que tengas control total sobre tu ingesta de nicotina, haci\u00e9ndolo adecuado para diversas preferencias.<\/p>\n<p><strong>4. \u00bfD\u00f3nde comprar VOPK Shisha hookah 20000 Puff a precio de mayorista?<\/strong><br \/>\nPuede adquirir los <strong>VOPK Shisha BAR 20000 Puff<\/strong> a precios de mayorista de <strong>proveedores mayoristas de vapeadores<\/strong> proveedores de confianza. Para obtener las mejores ofertas, visita <strong>de vapeo<\/strong> o consulta <strong>plataformas en l\u00ednea<\/strong> especializadas en <strong>vapeadores desechables<\/strong> y <strong>vape al por mayor<\/strong> opciones.<\/p>\n<p><strong>5. \u00bfPuedo llevar un vapeador desechable en un avi\u00f3n?<\/strong><br \/>\nS\u00ed, puedes llevar tu <strong>VOPK Shisha BAR 20000<\/strong> vapeador desechable en un avi\u00f3n, pero hay pautas que seguir. El dispositivo debe ser transportado en tu <strong>equipaje de mano<\/strong>, ya que los dispositivos electr\u00f3nicos de vapeo generalmente no est\u00e1n permitidos en el equipaje facturado. Aseg\u00farate de verificar las regulaciones espec\u00edficas de la aerol\u00ednea y de que el vapeador est\u00e9 apagado durante el vuelo para evitar la activaci\u00f3n accidental.<\/p>\n<\/div>\n<\/div>\n<\/div>\n<\/div>\n<h3>Sobre el env\u00edo<\/h3>\n<div class=\"flex-shrink-0 flex flex-col relative items-end\">\n<div>\n<div class=\"pt-0\">\n<div class=\"gizmo-bot-avatar flex h-8 w-8 items-center justify-center overflow-hidden rounded-full\">\n<div><\/div>\n<div class=\"relative p-1 rounded-sm flex items-center justify-center bg-token-main-surface-primary text-token-text-primary h-8 w-8\"><strong>1. \u00bfQu\u00e9 m\u00e9todos de env\u00edo se utilizan?<\/strong><\/div>\n<\/div>\n<\/div>\n<\/div>\n<\/div>\n<div class=\"group\/conversation-turn relative flex w-full min-w-0 flex-col agent-turn\">\n<div class=\"flex-col gap-1 md:gap-3\">\n<div class=\"flex max-w-full flex-col flex-grow\">\n<div class=\"min-h-[20px] text-message flex w-full flex-col items-end gap-2 whitespace-normal break-words [.text-message+&amp;]:mt-5 overflow-x-auto\" dir=\"auto\" data-message-author-role=\"assistant\" data-message-id=\"22f8283b-3233-46ff-89a5-c7a41b33abda\">\n<div class=\"flex w-full flex-col gap-1 empty:hidden first:pt-[3px]\">\n<div class=\"markdown prose w-full break-words dark:prose-invert light\">\n<p>Trabajamos con UPS, DHL, FedEx, DPD y otros transportistas l\u00edderes. Seleccionaremos el mejor m\u00e9todo de env\u00edo seg\u00fan su lugar de entrega para garantizar que reciba sus productos lo m\u00e1s r\u00e1pido posible.<\/p>\n<\/div>\n<p><strong>2. \u00bfCu\u00e1nto tiempo tarda en llegar?<\/strong><\/p>\n<p>Los paquetes enviados a Espa\u00f1a suelen llegar en 10 d\u00edas laborables. El env\u00edo a pa\u00edses europeos generalmente tarda entre 12 y 15 d\u00edas h\u00e1biles. Proporcionaremos actualizaciones en tiempo real sobre el estado de su env\u00edo.<\/p>\n<\/div>\n<\/div>\n<\/div>\n<\/div>\n<\/div>\n<p>&nbsp;<\/p>\n<p>Encuentra m\u00e1s productos de Vape que te puedan gustar:<strong><em><a href=\"https:\/\/rmvapesale.com\/es\/shop-2\/\">comprar ahora &gt;&gt;&gt;<\/a><\/em><\/strong><\/p>","protected":false},"excerpt":{"rendered":"<p>VOPK Shisha Hookah BAR al por mayor 20000 Puffs Compra al por mayor<br \/>\nVOPK Shisha BAR 20000 Puffs 0% 2% 3% 5% Bajo Contenido de Nicotina Vaper Desechable al por mayor<br \/>\nShisha Hookah VOPK 20000 Puffs Compra al por mayor Vaper Desechable Recargable<\/p>\n<p><img loading=\"lazy\" decoding=\"async\" class=\"size-full wp-image-2375\" src=\"https:\/\/rmvapesale.com\/wp-content\/uploads\/2024\/10\/image.png\" alt=\"Mejor Vape Desechable\" width=\"229\" height=\"300\" \/><\/p>\n<h3><a href=\"https:\/\/wa.me\/8617776015835\"><span style=\"color: #ff0000\"><strong>WhatsApp: +86 17776015835<\/strong><\/span><\/a><\/h3>\n<p>&nbsp;<\/p>","protected":false},"featured_media":2657,"comment_status":"open","ping_status":"closed","template":"","meta":{"_uag_custom_page_level_css":"","_lmt_disableupdate":"no","_lmt_disable":"","site-sidebar-layout":"default","site-content-layout":"content-boxed-container","ast-site-content-layout":"normal-width-container","site-content-style":"boxed","site-sidebar-style":"unboxed","ast-global-header-display":"","ast-banner-title-visibility":"","ast-main-header-display":"","ast-hfb-above-header-display":"","ast-hfb-below-header-display":"","ast-hfb-mobile-header-display":"","site-post-title":"","ast-breadcrumbs-content":"","ast-featured-img":"","footer-sml-layout":"","theme-transparent-header-meta":"default","adv-header-id-meta":"","stick-header-meta":"","header-above-stick-meta":"","header-main-stick-meta":"","header-below-stick-meta":"","astra-migrate-meta-layouts":"set","ast-page-background-enabled":"default","ast-page-background-meta":{"desktop":{"background-color":"var(--ast-global-color-4)","background-image":"","background-repeat":"repeat","background-position":"center center","background-size":"auto","background-attachment":"scroll","background-type":"","background-media":"","overlay-type":"","overlay-color":"","overlay-opacity":"","overlay-gradient":""},"tablet":{"background-color":"","background-image":"","background-repeat":"repeat","background-position":"center center","background-size":"auto","background-attachment":"scroll","background-type":"","background-media":"","overlay-type":"","overlay-color":"","overlay-opacity":"","overlay-gradient":""},"mobile":{"background-color":"","background-image":"","background-repeat":"repeat","background-position":"center center","background-size":"auto","background-attachment":"scroll","background-type":"","background-media":"","overlay-type":"","overlay-color":"","overlay-opacity":"","overlay-gradient":""}},"ast-content-background-meta":{"desktop":{"background-color":"var(--ast-global-color-5)","background-image":"","background-repeat":"repeat","background-position":"center center","background-size":"auto","background-attachment":"scroll","background-type":"","background-media":"","overlay-type":"","overlay-color":"","overlay-opacity":"","overlay-gradient":""},"tablet":{"background-color":"var(--ast-global-color-5)","background-image":"","background-repeat":"repeat","background-position":"center center","background-size":"auto","background-attachment":"scroll","background-type":"","background-media":"","overlay-type":"","overlay-color":"","overlay-opacity":"","overlay-gradient":""},"mobile":{"background-color":"var(--ast-global-color-5)","background-image":"","background-repeat":"repeat","background-position":"center center","background-size":"auto","background-attachment":"scroll","background-type":"","background-media":"","overlay-type":"","overlay-color":"","overlay-opacity":"","overlay-gradient":""}},"_joinchat":[]},"product_brand":[],"product_cat":[15,25,123,26,28,135,27,137,136,30],"product_tag":[146,188,200,167,165,180,120],"class_list":{"0":"post-2661","1":"product","2":"type-product","3":"status-publish","4":"has-post-thumbnail","6":"product_cat-new-vape-this-week","7":"product_cat-germany-best-selling-vape","8":"product_cat-italy-wholesale-vape","9":"product_cat-netherlands-hot-sale-vape","10":"product_cat-poland-hot-sale-vape","11":"product_cat-spain-best-hot-sale-vape","12":"product_cat-fance-hot-sale-vape","13":"product_cat-rechargeable-vapes","14":"product_cat-smart-screen-vapes","15":"product_cat-minimum-order-quantity-50pcs","16":"product_tag-best-hot-sale-vape","17":"product_tag-buy-vapes-online","18":"product_tag-disposable-hookah-wholesale","19":"product_tag-disposable-vape-with-screen","20":"product_tag-rechargeable-vapes","21":"product_tag-shisha-bar","22":"product_tag-vape-wholesale","23":"desktop-align-left","24":"tablet-align-left","25":"mobile-align-left","27":"first","28":"instock","29":"sale","30":"shipping-taxable","31":"purchasable","32":"product-type-simple"},"uagb_featured_image_src":{"full":["https:\/\/rmvapesale.com\/wp-content\/uploads\/2024\/11\/VOPK-Shisha-Hookah-BAR-20000-Puff-Disposable-Vape.jpg",800,800,false],"thumbnail":["https:\/\/rmvapesale.com\/wp-content\/uploads\/2024\/11\/VOPK-Shisha-Hookah-BAR-20000-Puff-Disposable-Vape-150x150.jpg",150,150,true],"medium":["https:\/\/rmvapesale.com\/wp-content\/uploads\/2024\/11\/VOPK-Shisha-Hookah-BAR-20000-Puff-Disposable-Vape-300x300.jpg",300,300,true],"medium_large":["https:\/\/rmvapesale.com\/wp-content\/uploads\/2024\/11\/VOPK-Shisha-Hookah-BAR-20000-Puff-Disposable-Vape-768x768.jpg",768,768,true],"large":["https:\/\/rmvapesale.com\/wp-content\/uploads\/2024\/11\/VOPK-Shisha-Hookah-BAR-20000-Puff-Disposable-Vape.jpg",800,800,false],"1536x1536":["https:\/\/rmvapesale.com\/wp-content\/uploads\/2024\/11\/VOPK-Shisha-Hookah-BAR-20000-Puff-Disposable-Vape.jpg",800,800,false],"2048x2048":["https:\/\/rmvapesale.com\/wp-content\/uploads\/2024\/11\/VOPK-Shisha-Hookah-BAR-20000-Puff-Disposable-Vape.jpg",800,800,false],"trp-custom-language-flag":["https:\/\/rmvapesale.com\/wp-content\/uploads\/2024\/11\/VOPK-Shisha-Hookah-BAR-20000-Puff-Disposable-Vape.jpg",12,12,false],"woocommerce_thumbnail":["https:\/\/rmvapesale.com\/wp-content\/uploads\/2024\/11\/VOPK-Shisha-Hookah-BAR-20000-Puff-Disposable-Vape-300x300.jpg",300,300,true],"woocommerce_single":["https:\/\/rmvapesale.com\/wp-content\/uploads\/2024\/11\/VOPK-Shisha-Hookah-BAR-20000-Puff-Disposable-Vape-600x600.jpg",600,600,true],"woocommerce_gallery_thumbnail":["https:\/\/rmvapesale.com\/wp-content\/uploads\/2024\/11\/VOPK-Shisha-Hookah-BAR-20000-Puff-Disposable-Vape-100x100.jpg",100,100,true],"wcpr-photo-reviews":["https:\/\/rmvapesale.com\/wp-content\/uploads\/2024\/11\/VOPK-Shisha-Hookah-BAR-20000-Puff-Disposable-Vape.jpg",500,500,false]},"uagb_author_info":{"display_name":"AMY","author_link":"https:\/\/rmvapesale.com\/es\/author\/"},"uagb_comment_info":0,"uagb_excerpt":"VOPK Shisha Hookah BAR Wholesale 20000 Puffs Bulk Buy VOPK Shisha BAR 20000 Puffs 0% 2% 3% 5% Low Nicotine Disposable Vape Wholesale Shisha Hookah VOPK 20000 Puffs Bulk Buy Rechargeable Disposable Vape WhatsApp: +86 17776015835 &nbsp;","_links":{"self":[{"href":"https:\/\/rmvapesale.com\/es\/wp-json\/wp\/v2\/product\/2661","targetHints":{"allow":["GET"]}}],"collection":[{"href":"https:\/\/rmvapesale.com\/es\/wp-json\/wp\/v2\/product"}],"about":[{"href":"https:\/\/rmvapesale.com\/es\/wp-json\/wp\/v2\/types\/product"}],"replies":[{"embeddable":true,"href":"https:\/\/rmvapesale.com\/es\/wp-json\/wp\/v2\/comments?post=2661"}],"wp:featuredmedia":[{"embeddable":true,"href":"https:\/\/rmvapesale.com\/es\/wp-json\/wp\/v2\/media\/2657"}],"wp:attachment":[{"href":"https:\/\/rmvapesale.com\/es\/wp-json\/wp\/v2\/media?parent=2661"}],"wp:term":[{"taxonomy":"product_brand","embeddable":true,"href":"https:\/\/rmvapesale.com\/es\/wp-json\/wp\/v2\/product_brand?post=2661"},{"taxonomy":"product_cat","embeddable":true,"href":"https:\/\/rmvapesale.com\/es\/wp-json\/wp\/v2\/product_cat?post=2661"},{"taxonomy":"product_tag","embeddable":true,"href":"https:\/\/rmvapesale.com\/es\/wp-json\/wp\/v2\/product_tag?post=2661"}],"curies":[{"name":"wp","href":"https:\/\/api.w.org\/{rel}","templated":true}]}}