{"id":2702,"date":"2024-11-08T07:20:19","date_gmt":"2024-11-08T07:20:19","guid":{"rendered":"https:\/\/rmvapesale.com\/?post_type=product&#038;p=2702"},"modified":"2024-11-08T07:51:08","modified_gmt":"2024-11-08T07:51:08","slug":"bang-king-shisha-25000-crown-bar-rechargeable-disposable-vape","status":"publish","type":"product","link":"https:\/\/rmvapesale.com\/es\/product\/bang-king-shisha-25000-crown-bar-rechargeable-disposable-vape\/","title":{"rendered":"Bang King Shisha 25000 Crown Bar Vape Desechable Recargable"},"content":{"rendered":"<div class=\"B2VR9 CJHX3e\">\n<div class=\"wyccme\">\n<h1 class=\"LC20lb MBeuO DKV0Md\">Bang King Shisha 25000 Crown Bar Vape Desechable Recargable<\/h1>\n<div class=\"flex-shrink-0 flex flex-col relative items-end\">\n<div class=\"pt-0\">\n<div class=\"gizmo-bot-avatar flex h-8 w-8 items-center justify-center overflow-hidden rounded-full\">\n<div class=\"relative p-1 rounded-sm flex items-center justify-center bg-token-main-surface-primary text-token-text-primary h-8 w-8\">\n<p>Prep\u00e1rate para elevar tu experiencia de vapeo con el <strong>Bang King Shisha 25000 Crown Bar<\/strong>\u2014el vape desechable recargable definitivo de <strong>marcas populares de vapers desechables <\/strong><strong>Vape Bang<\/strong>. Este dispositivo no es solo para vapear; es para llevar cada calada al siguiente nivel. Con hasta <strong>25,000 caladas<\/strong>, puedes olvidarte de los reemplazos constantes y disfrutar de horas de nubes suaves y satisfactorias que duran.<\/p>\n<h3><\/h3>\n<ul>\n<li><strong>Gran Recuento de Caladas<\/strong>: \u00a1Ve a por todas con <strong>hasta 25,000 caladas<\/strong>! Eso es m\u00e1s que suficiente para un disfrute duradero.<\/li>\n<li><strong>Generosa Capacidad de E-L\u00edquido<\/strong>: Lleno con <strong>30ml de e-l\u00edquido<\/strong>, para que puedas vapear sin parar y sin interrupci\u00f3n.<\/li>\n<li><strong>Bater\u00eda recargable<\/strong>: Equipado con una potente <strong>bater\u00eda de 650mAh<\/strong> y <strong>carga tipo C<\/strong> para recargas r\u00e1pidas y sin complicaciones.<\/li>\n<li><strong>Compacto<\/strong>: Con un dise\u00f1o elegante, el <strong>Bang King Shisha Bar<\/strong> se adapta f\u00e1cilmente a tu mano o bolsillo. \u00a1Llev\u00e1telo a donde quieras, desde la discoteca hasta el sof\u00e1!<\/li>\n<li><strong>Extravagancia de Sabores<\/strong>: Con <strong>12 sabores sensacionales<\/strong> como Vimto Bull E Shisha Lemon Mint y Ghiaccio Di Anguria, seguro encontrar\u00e1s uno que se adapte a cualquier ocasi\u00f3n.<\/li>\n<li><strong>Pantalla inteligente LED:<\/strong> Con una pantalla digital para el nivel de bater\u00eda y l\u00edquido para un uso sencillo.<\/li>\n<\/ul>\n<p>Ya sea que busques <strong>Compra al por mayor<\/strong> opciones, necesites un fiable <strong>Vapeador Desechable<\/strong>o simplemente quieras un excepcional <strong>opciones de vapeador desechable con bajo contenido de nicotina<\/strong>, el <strong>Bang King Shisha 25000<\/strong> es para ti. Perfecto para los aficionados de <strong>vapes recargables<\/strong>, <strong>vape al por mayor<\/strong>. \u00a1Consigue el tuyo ahora y disfruta de una experiencia de vapeo extraordinaria!<\/p>\n<p>Si est\u00e1s listo para una experiencia de alta calidad<strong> shisha bar<\/strong> que ofrece sabor, portabilidad y potencia, el <strong>Bang King 25000 Crown Bar<\/strong> te espera.<\/p>\n<p>&nbsp;<\/p>\n<\/div>\n<\/div>\n<\/div>\n<\/div>\n<\/div>\n<\/div>\n<p><strong>\u00a1Contacta con Amy para obtener la respuesta correcta y un cup\u00f3n de vape!<\/strong><\/p>\n<p><img loading=\"lazy\" decoding=\"async\" class=\"size-full wp-image-1978\" src=\"https:\/\/rmvapesale.com\/wp-content\/uploads\/2024\/09\/Disposable-Vape-Wholesale.jpg\" alt=\"Vape Desechable al por mayor\" width=\"229\" height=\"300\" \/><\/p>\n<h3><a href=\"https:\/\/wa.me\/8617776015835\" target=\"_blank\" rel=\"noopener\"><span style=\"color: #ff0000\"><strong>WhatsApp: +86 17776015835<\/strong><\/span><\/a><\/h3>\n<p>&nbsp;<\/p>\n<h2><\/h2>\n<h2><strong>Bang King Shisha 25000 Crown Bar Vape Desechable Recargable <\/strong><strong>Caracter\u00edsticas Clave<\/strong><\/h2>\n<p>Marca: Bang Vape<br \/>\nCaladas: 25000 caladas<br \/>\nL\u00edquido: 30ml de E-l\u00edquido precargado<br \/>\nNicotina: 0% 2% 5% de concentraci\u00f3n de nicotina<br \/>\nBater\u00eda: Bater\u00eda recargable de 650mAh<\/p>\n<p>&nbsp;<\/p>\n<h2><strong>Mejor sabor para los Vapes Desechables Bang King Shisha 25000 Crown Bar<\/strong><\/h2>\n<p>1.Limonada de Frambuesa Azul <span style=\"color: #ff0000\"><strong>&gt;&gt;&gt;&gt; \u00a1Popular!<\/strong><\/span><br \/>\n2.Ar\u00e1ndano Frambuesa \u00c1cida <span style=\"color: #ff0000\"><strong>&gt;&gt;&gt;&gt; \u00a1Mejor!<\/strong><\/span><br \/>\n3.Bad Blood<br \/>\n4.CUSH MAN<br \/>\n5.Doble manzana<br \/>\n6. Hielo de sand\u00eda<br \/>\n7.Toro Vimto <span style=\"color: #ff0000\"><strong>&gt;&gt;&gt;&gt; \u00a1Popular!<\/strong><\/span><br \/>\n8.Uva de ar\u00e1ndano<br \/>\n9.Cereza de lim\u00f3n<br \/>\n10.Sand\u00eda mel\u00f3n fruta de la pasi\u00f3n<br \/>\n11.Shisha lim\u00f3n menta<br \/>\n12.Durazno con hielo<\/p>\n<figure id=\"attachment_2696\" aria-describedby=\"caption-attachment-2696\" style=\"width: 800px\" class=\"wp-caption alignnone\"><img loading=\"lazy\" decoding=\"async\" class=\"wp-image-2696 size-full\" src=\"https:\/\/rmvapesale.com\/wp-content\/uploads\/2024\/11\/Bang-King-25000-EShisha-Disposable-Vape.png\" alt=\"Vapeador desechable de cachimba Bang King 25000\" width=\"800\" height=\"800\" srcset=\"https:\/\/rmvapesale.com\/wp-content\/uploads\/2024\/11\/Bang-King-25000-EShisha-Disposable-Vape.png 800w, https:\/\/rmvapesale.com\/wp-content\/uploads\/2024\/11\/Bang-King-25000-EShisha-Disposable-Vape-300x300.png 300w, https:\/\/rmvapesale.com\/wp-content\/uploads\/2024\/11\/Bang-King-25000-EShisha-Disposable-Vape-150x150.png 150w, https:\/\/rmvapesale.com\/wp-content\/uploads\/2024\/11\/Bang-King-25000-EShisha-Disposable-Vape-768x768.png 768w, https:\/\/rmvapesale.com\/wp-content\/uploads\/2024\/11\/Bang-King-25000-EShisha-Disposable-Vape-600x600.png 600w, https:\/\/rmvapesale.com\/wp-content\/uploads\/2024\/11\/Bang-King-25000-EShisha-Disposable-Vape-100x100.png 100w\" sizes=\"auto, (max-width: 800px) 100vw, 800px\" \/><figcaption id=\"caption-attachment-2696\" class=\"wp-caption-text\">Vapeador desechable de cachimba Bang King 25000<\/figcaption><\/figure>\n<h3><\/h3>\n<h3><strong>Por qu\u00e9 elegir Rmvapesale para el Bang Shisha 25000 <\/strong><strong>V<\/strong><strong>Vape al por mayor<\/strong><strong>?<\/strong><\/h3>\n<div class=\"flex-shrink-0 flex flex-col relative items-end\">\n<div class=\"pt-0\">\n<div class=\"gizmo-bot-avatar flex h-8 w-8 items-center justify-center overflow-hidden rounded-full\">\n<div class=\"relative p-1 rounded-sm flex items-center justify-center bg-token-main-surface-primary text-token-text-primary h-8 w-8\">\n<p>Bienvenido a Rmvapesale, tu tienda de vapeo de confianza para vapes desechables premium. Con m\u00e1s de 5 a\u00f1os de experiencia, te traemos marcas populares de vapes desechables como Al Fakher, Vapme Vape, <a href=\"https:\/\/rmvapesale.com\/es\/product\/vapme-crystal-7000-puffs-rechargeable-disposable-vape-price\/\">Vapme<\/a>, <a href=\"https:\/\/rmvapesale.com\/es\/product-category\/bang-vapes\/\">Vape Bang<\/a>, Waspe, <a href=\"https:\/\/rmvapesale.com\/es\/product\/wga-crystal-pro-max-extra-15k-puffs-disposable-vape-wholesale\/\">WGA<\/a> Vape y<a href=\"https:\/\/rmvapesale.com\/es\/product-category\/randm-fumot-vape\/\"> RandM Vape<\/a>.<\/p>\n<p>Nuestra gama incluye vapes de gran venta como el <a href=\"https:\/\/rmvapesale.com\/es\/product\/fumot-digital-box-12000-disposable-vape-pink-lemonade-flavor\/\">RandM 12k<\/a> y opciones ricas en sabor como el <a href=\"https:\/\/rmvapesale.com\/es\/product\/elfbar-combo-25000-puffs-rechargeable-disposable-vape-wholesale\/\">ELFBAR Combo 25000 Puff<\/a>. Cada producto se elige centr\u00e1ndose en la calidad, el valor y la variedad, lo que garantiza que encuentre la combinaci\u00f3n perfecta para sus necesidades. Descubra un servicio excepcional y una amplia gama de los mejores productos en Rmvapesale.<\/p>\n<\/div>\n<h3><\/h3>\n<div class=\"relative p-1 rounded-sm flex items-center justify-center bg-token-main-surface-primary text-token-text-primary h-8 w-8\">\n<h3><b>Vapeador desechable recargable con pantalla Bang King Shisha 25000 Crown Bar FAQ<\/b><\/h3>\n<p><strong>P: \u00bfCu\u00e1les son los sabores populares para el vaporizador desechable Bang King Shisha 25000?<\/strong><br \/>\nR: El <strong>Bang King Shisha 25000<\/strong> ofrece una variedad de sabores populares, incluyendo <strong>Vimto Bull E Shisha, Lim\u00f3n Menta y Ghiaccio Di Anguria<\/strong>. Estos sabores se adaptan a una variedad de preferencias, proporcionando una experiencia de vapeo rica y satisfactoria.<\/p>\n<p><strong>P: \u00bfC\u00f3mo s\u00e9 cu\u00e1ndo mi Vapeador Inteligente Bang Shisha 25000 est\u00e1 vac\u00edo?<\/strong><br \/>\nR: Sabr\u00e1s que es hora de recargar o reemplazar el vapeador cuando la <strong>producci\u00f3n de vapor disminuya significativamente<\/strong>, y el <strong>sabor tambi\u00e9n puede ser m\u00e1s d\u00e9bil o a quemado<\/strong>. Algunos vapes tambi\u00e9n pueden tener un indicador LED para alertarte.<\/p>\n<p><strong>P: \u00bfCu\u00e1nto tiempo tarda en cargarse un vapeador recargable Bang 25000?<\/strong><br \/>\nR: El <strong>El vapeador recargable<\/strong> Bang 25000 <strong>bater\u00eda de 650mAh<\/strong> cuenta con una <strong>carga tipo C<\/strong>y admite <strong>, tardando generalmente alrededor de<\/strong>.<\/p>\n<p><strong>1-2 horas para una carga completa<\/strong><br \/>\nP: \u00bfD\u00f3nde comprar vapes Bang Shisha 25000 Puff a precio de mayorista? <strong>R: Puedes comprar el<\/strong> Bang Shisha 25000 <strong>a precios de mayorista en l\u00ednea a trav\u00e9s de<\/strong>proveedores mayoristas de vapes <strong>de vapeo<\/strong> . Busca <strong>proveedores de confianza que ofrezcan compras al por mayor de<\/strong> vapes desechables Bang<\/p>\n<p><strong>para obtener las mejores opciones de precios.<\/strong><br \/>\nP: \u00bfPuedo llevar un vapeador desechable recargable en un avi\u00f3n? <strong>llevado en tu equipaje de mano<\/strong>, ya que las pol\u00edticas de las aerol\u00edneas suelen requerir que los vapers est\u00e9n en las maletas de mano debido a las regulaciones de las bater\u00edas.<\/p>\n<p><strong>P: \u00bfCu\u00e1ntas caladas proporciona el vaper Bang Shisha 25000?<\/strong><br \/>\nR: El <strong>R: Puedes comprar el<\/strong> proporciona <strong>hasta 25,000 caladas<\/strong>, garantizando una experiencia de vapeo prolongada y c\u00f3moda.<\/p>\n<p><strong>P: \u00bfCu\u00e1nto tiempo tarda en cargarse completamente el vaper Bang 25000?<\/strong><br \/>\nR: Una carga completa del <strong>vaper Bang 25000<\/strong> tarda aproximadamente <strong>1-2 horas<\/strong> debido a su <strong>Capacidad de carga r\u00e1pida Tipo-C<\/strong> con un <strong>bater\u00eda de 650mAh<\/strong>.<\/p>\n<\/div>\n<div class=\"mb-2 flex gap-3 empty:hidden -ml-2\"><\/div>\n<p>&nbsp;<\/p>\n<\/div>\n<\/div>\n<\/div>\n<h3>Sobre el env\u00edo<\/h3>\n<div class=\"flex-shrink-0 flex flex-col relative items-end\">\n<div>\n<div class=\"pt-0\">\n<div class=\"gizmo-bot-avatar flex h-8 w-8 items-center justify-center overflow-hidden rounded-full\">\n<div><\/div>\n<div class=\"relative p-1 rounded-sm flex items-center justify-center bg-token-main-surface-primary text-token-text-primary h-8 w-8\"><strong>1. \u00bfQu\u00e9 m\u00e9todos de env\u00edo se utilizan?<\/strong><\/div>\n<\/div>\n<\/div>\n<\/div>\n<\/div>\n<div class=\"group\/conversation-turn relative flex w-full min-w-0 flex-col agent-turn\">\n<div class=\"flex-col gap-1 md:gap-3\">\n<div class=\"flex max-w-full flex-col flex-grow\">\n<div class=\"min-h-[20px] text-message flex w-full flex-col items-end gap-2 whitespace-normal break-words [.text-message+&amp;]:mt-5 overflow-x-auto\" dir=\"auto\" data-message-author-role=\"assistant\" data-message-id=\"22f8283b-3233-46ff-89a5-c7a41b33abda\">\n<div class=\"flex w-full flex-col gap-1 empty:hidden first:pt-[3px]\">\n<div class=\"markdown prose w-full break-words dark:prose-invert light\">\n<p>Trabajamos con UPS, DHL, FedEx, DPD y otros transportistas l\u00edderes. Seleccionaremos el mejor m\u00e9todo de env\u00edo seg\u00fan su lugar de entrega para garantizar que reciba sus productos lo m\u00e1s r\u00e1pido posible.<\/p>\n<\/div>\n<p><strong>2. \u00bfCu\u00e1nto tiempo tarda en llegar?<\/strong><\/p>\n<p>Los paquetes enviados a Espa\u00f1a suelen llegar en 10 d\u00edas laborables. El env\u00edo a pa\u00edses europeos generalmente tarda entre 12 y 15 d\u00edas h\u00e1biles. Proporcionaremos actualizaciones en tiempo real sobre el estado de su env\u00edo.<\/p>\n<\/div>\n<\/div>\n<\/div>\n<\/div>\n<\/div>\n<p>&nbsp;<\/p>\n<p>Encuentra m\u00e1s productos de Vape que te puedan gustar:<strong><em><a href=\"https:\/\/rmvapesale.com\/es\/shop-2\/\">comprar ahora &gt;&gt;&gt;<\/a><\/em><\/strong><\/p>","protected":false},"excerpt":{"rendered":"<p>Bang King 25000 Puffs 0% 2% 5% Vape Desechable de Baja Nicotina<br \/>\nBang King 25000 Vape Desechable Precio de Proveedor Mayorista<br \/>\nBang King Shisha 25000 Vape Desechable con Gran Pantalla de Nubes<\/p>\n<p><img loading=\"lazy\" decoding=\"async\" class=\"size-full wp-image-2375\" src=\"https:\/\/rmvapesale.com\/wp-content\/uploads\/2024\/10\/image.png\" alt=\"Mejor Vape Desechable\" width=\"229\" height=\"300\" \/><\/p>\n<h3><a href=\"https:\/\/wa.me\/8617776015835\"><span style=\"color: #ff0000\"><strong>WhatsApp: +86 17776015835<\/strong><\/span><\/a><\/h3>\n<p>&nbsp;<\/p>","protected":false},"featured_media":2698,"comment_status":"open","ping_status":"closed","template":"","meta":{"_uag_custom_page_level_css":"","_lmt_disableupdate":"no","_lmt_disable":"","site-sidebar-layout":"default","site-content-layout":"content-boxed-container","ast-site-content-layout":"normal-width-container","site-content-style":"boxed","site-sidebar-style":"unboxed","ast-global-header-display":"","ast-banner-title-visibility":"","ast-main-header-display":"","ast-hfb-above-header-display":"","ast-hfb-below-header-display":"","ast-hfb-mobile-header-display":"","site-post-title":"","ast-breadcrumbs-content":"","ast-featured-img":"","footer-sml-layout":"","ast-disable-related-posts":"","theme-transparent-header-meta":"default","adv-header-id-meta":"","stick-header-meta":"","header-above-stick-meta":"","header-main-stick-meta":"","header-below-stick-meta":"","astra-migrate-meta-layouts":"set","ast-page-background-enabled":"default","ast-page-background-meta":{"desktop":{"background-color":"var(--ast-global-color-4)","background-image":"","background-repeat":"repeat","background-position":"center center","background-size":"auto","background-attachment":"scroll","background-type":"","background-media":"","overlay-type":"","overlay-color":"","overlay-opacity":"","overlay-gradient":""},"tablet":{"background-color":"","background-image":"","background-repeat":"repeat","background-position":"center center","background-size":"auto","background-attachment":"scroll","background-type":"","background-media":"","overlay-type":"","overlay-color":"","overlay-opacity":"","overlay-gradient":""},"mobile":{"background-color":"","background-image":"","background-repeat":"repeat","background-position":"center center","background-size":"auto","background-attachment":"scroll","background-type":"","background-media":"","overlay-type":"","overlay-color":"","overlay-opacity":"","overlay-gradient":""}},"ast-content-background-meta":{"desktop":{"background-color":"var(--ast-global-color-5)","background-image":"","background-repeat":"repeat","background-position":"center center","background-size":"auto","background-attachment":"scroll","background-type":"","background-media":"","overlay-type":"","overlay-color":"","overlay-opacity":"","overlay-gradient":""},"tablet":{"background-color":"var(--ast-global-color-5)","background-image":"","background-repeat":"repeat","background-position":"center center","background-size":"auto","background-attachment":"scroll","background-type":"","background-media":"","overlay-type":"","overlay-color":"","overlay-opacity":"","overlay-gradient":""},"mobile":{"background-color":"var(--ast-global-color-5)","background-image":"","background-repeat":"repeat","background-position":"center center","background-size":"auto","background-attachment":"scroll","background-type":"","background-media":"","overlay-type":"","overlay-color":"","overlay-opacity":"","overlay-gradient":""}},"_joinchat":[]},"product_brand":[],"product_cat":[15,27,25,123,30,26,28,137,136,135],"product_tag":[169,188,208,167,207,206,120],"class_list":{"0":"post-2702","1":"product","2":"type-product","3":"status-publish","4":"has-post-thumbnail","6":"product_cat-new-vape-this-week","7":"product_cat-fance-hot-sale-vape","8":"product_cat-germany-best-selling-vape","9":"product_cat-italy-wholesale-vape","10":"product_cat-minimum-order-quantity-50pcs","11":"product_cat-netherlands-hot-sale-vape","12":"product_cat-poland-hot-sale-vape","13":"product_cat-rechargeable-vapes","14":"product_cat-smart-screen-vapes","15":"product_cat-spain-best-hot-sale-vape","16":"product_tag-best-disposable-vape-2024","17":"product_tag-buy-vapes-online","18":"product_tag-crown-bar","19":"product_tag-disposable-vape-with-screen","20":"product_tag-puff-vape","21":"product_tag-smart-phone-vape","22":"product_tag-vape-wholesale","23":"desktop-align-left","24":"tablet-align-left","25":"mobile-align-left","27":"first","28":"instock","29":"sale","30":"shipping-taxable","31":"purchasable","32":"product-type-simple"},"uagb_featured_image_src":{"full":["https:\/\/rmvapesale.com\/wp-content\/uploads\/2024\/11\/BangKing-25000-Puffs-Crown-Bar-Disposable-Vape.png",800,800,false],"thumbnail":["https:\/\/rmvapesale.com\/wp-content\/uploads\/2024\/11\/BangKing-25000-Puffs-Crown-Bar-Disposable-Vape-150x150.png",150,150,true],"medium":["https:\/\/rmvapesale.com\/wp-content\/uploads\/2024\/11\/BangKing-25000-Puffs-Crown-Bar-Disposable-Vape-300x300.png",300,300,true],"medium_large":["https:\/\/rmvapesale.com\/wp-content\/uploads\/2024\/11\/BangKing-25000-Puffs-Crown-Bar-Disposable-Vape-768x768.png",768,768,true],"large":["https:\/\/rmvapesale.com\/wp-content\/uploads\/2024\/11\/BangKing-25000-Puffs-Crown-Bar-Disposable-Vape.png",800,800,false],"1536x1536":["https:\/\/rmvapesale.com\/wp-content\/uploads\/2024\/11\/BangKing-25000-Puffs-Crown-Bar-Disposable-Vape.png",800,800,false],"2048x2048":["https:\/\/rmvapesale.com\/wp-content\/uploads\/2024\/11\/BangKing-25000-Puffs-Crown-Bar-Disposable-Vape.png",800,800,false],"trp-custom-language-flag":["https:\/\/rmvapesale.com\/wp-content\/uploads\/2024\/11\/BangKing-25000-Puffs-Crown-Bar-Disposable-Vape.png",12,12,false],"woocommerce_thumbnail":["https:\/\/rmvapesale.com\/wp-content\/uploads\/2024\/11\/BangKing-25000-Puffs-Crown-Bar-Disposable-Vape-300x300.png",300,300,true],"woocommerce_single":["https:\/\/rmvapesale.com\/wp-content\/uploads\/2024\/11\/BangKing-25000-Puffs-Crown-Bar-Disposable-Vape-600x600.png",600,600,true],"woocommerce_gallery_thumbnail":["https:\/\/rmvapesale.com\/wp-content\/uploads\/2024\/11\/BangKing-25000-Puffs-Crown-Bar-Disposable-Vape-100x100.png",100,100,true],"wcpr-photo-reviews":["https:\/\/rmvapesale.com\/wp-content\/uploads\/2024\/11\/BangKing-25000-Puffs-Crown-Bar-Disposable-Vape.png",500,500,false]},"uagb_author_info":{"display_name":"AMY","author_link":"https:\/\/rmvapesale.com\/es\/author\/"},"uagb_comment_info":0,"uagb_excerpt":"Bang King 25000 Puffs 0% 2% 5% Low Nicotine Disposable Vape Bang King 25000 Disposable Vape Wholesale Supplier Price Bang King Shisha 25000 Big Clouds Display Screen Disposable Vape WhatsApp: +86 17776015835 &nbsp;","_links":{"self":[{"href":"https:\/\/rmvapesale.com\/es\/wp-json\/wp\/v2\/product\/2702","targetHints":{"allow":["GET"]}}],"collection":[{"href":"https:\/\/rmvapesale.com\/es\/wp-json\/wp\/v2\/product"}],"about":[{"href":"https:\/\/rmvapesale.com\/es\/wp-json\/wp\/v2\/types\/product"}],"replies":[{"embeddable":true,"href":"https:\/\/rmvapesale.com\/es\/wp-json\/wp\/v2\/comments?post=2702"}],"wp:featuredmedia":[{"embeddable":true,"href":"https:\/\/rmvapesale.com\/es\/wp-json\/wp\/v2\/media\/2698"}],"wp:attachment":[{"href":"https:\/\/rmvapesale.com\/es\/wp-json\/wp\/v2\/media?parent=2702"}],"wp:term":[{"taxonomy":"product_brand","embeddable":true,"href":"https:\/\/rmvapesale.com\/es\/wp-json\/wp\/v2\/product_brand?post=2702"},{"taxonomy":"product_cat","embeddable":true,"href":"https:\/\/rmvapesale.com\/es\/wp-json\/wp\/v2\/product_cat?post=2702"},{"taxonomy":"product_tag","embeddable":true,"href":"https:\/\/rmvapesale.com\/es\/wp-json\/wp\/v2\/product_tag?post=2702"}],"curies":[{"name":"wp","href":"https:\/\/api.w.org\/{rel}","templated":true}]}}