{"id":2718,"date":"2024-11-12T08:49:23","date_gmt":"2024-11-12T08:49:23","guid":{"rendered":"https:\/\/rmvapesale.com\/?post_type=product&#038;p=2718"},"modified":"2024-11-12T09:20:43","modified_gmt":"2024-11-12T09:20:43","slug":"randm-tornado-9000-puff-blue-razz-ice-rechargeable-diposable-vape-wholesale-price","status":"publish","type":"product","link":"https:\/\/rmvapesale.com\/es\/product\/randm-tornado-9000-puff-blue-razz-ice-rechargeable-diposable-vape-wholesale-price\/","title":{"rendered":"RandM Tornado 9000 inhalaciones Blue Razz Ice Vape Desechable Recargable Precio al por Mayor"},"content":{"rendered":"<div class=\"B2VR9 CJHX3e\">\n<div class=\"wyccme\">\n<h1 class=\"LC20lb MBeuO DKV0Md\">RandM Tornado 9000 inhalaciones Blue Razz Ice Vape Desechable Recargable Precio al por Mayor<\/h1>\n<div class=\"flex-shrink-0 flex flex-col relative items-end\">\n<div class=\"pt-0\">\n<div class=\"gizmo-bot-avatar flex h-8 w-8 items-center justify-center overflow-hidden rounded-full\">\n<div class=\"relative p-1 rounded-sm flex items-center justify-center bg-token-main-surface-primary text-token-text-primary h-8 w-8\">\n<p>Experimenta el poder excepcional y el sabor del RandM Tornado 9000 Blue Razz Ice Vape Recargable Desechable, ahora disponible a precios mayoristas. Este dispositivo de vape ofrece m\u00e1s de 9000 caladas, ideal para quienes desean un vape duradero sin la molestia de reemplazos frecuentes. Cada vape viene prellenado con 18 ml de e-l\u00edquido de sal de nic premium, proporcionando una sensaci\u00f3n suave y satisfactoria en cada calada. El sabor Blue Razz Ice combina una base jugosa y dulce de frambuesa con un acabado helado para una experiencia refrescante que es perfecta para disfrutar todo el d\u00eda.<\/p>\n<p>Dise\u00f1ado para la comodidad, el RandM Tornado 9000 cuenta con una bater\u00eda recargable de 850mAh, que puedes recargar f\u00e1cilmente con el puerto Tipo-C y seguir vaporizando sin interrupciones. Su mecanismo de activaci\u00f3n por inhalaci\u00f3n lo hace f\u00e1cil de usar: solo inhala para activar. Con un dise\u00f1o vibrante y iluminaci\u00f3n RGB, este vape destaca visualmente, siendo una adici\u00f3n perfecta para la colecci\u00f3n de cualquier entusiasta del vapeo. RandM 9K est\u00e1 dise\u00f1ado para ofrecer sabor y calidad consistentes, ya seas un vapeador experimentado o nuevo en el mundo del vapeo.<\/p>\n<p>&nbsp;<\/p>\n<\/div>\n<\/div>\n<\/div>\n<\/div>\n<\/div>\n<\/div>\n<p><strong>\u00a1Contacta con Amy para obtener la respuesta correcta y un cup\u00f3n de vape!<\/strong><\/p>\n<p><img loading=\"lazy\" decoding=\"async\" class=\"size-full wp-image-1978\" src=\"https:\/\/rmvapesale.com\/wp-content\/uploads\/2024\/09\/Disposable-Vape-Wholesale.jpg\" alt=\"Vape Desechable al por mayor\" width=\"229\" height=\"300\" \/><\/p>\n<h3><a href=\"https:\/\/wa.me\/8617776015835\" target=\"_blank\" rel=\"noopener\"><span style=\"color: #ff0000\"><strong>WhatsApp: +86 17776015835<\/strong><\/span><\/a><\/h3>\n<p>&nbsp;<\/p>\n<h2><\/h2>\n<h2><strong>RandM Tornado 9000 <\/strong><strong>Caracter\u00edsticas Clave<\/strong><\/h2>\n<p>&nbsp;<\/p>\n<ul>\n<li>M\u00e1s de 9000 caladas para un disfrute prolongado del vapeo<\/li>\n<li>18 ml de e-l\u00edquido de sal de nic Blue Razz Ice para caladas suaves<\/li>\n<li>Bater\u00eda recargable de 850mAh con carga Tipo-C<\/li>\n<li>Mecanismo de activaci\u00f3n por inhalaci\u00f3n, f\u00e1cil de usar<\/li>\n<li>Iluminaci\u00f3n RGB llamativa para un aspecto \u00fanico<\/li>\n<\/ul>\n<p>&nbsp;<\/p>\n<h2><strong>Sabor principal RandM Tornado 9000<\/strong><\/h2>\n<p>1 Ar\u00e1ndano Frambuesa <span style=\"color: #ff0000\"><strong>&gt;&gt;&gt;&gt; \u00a1Popular!<\/strong><\/span><br \/>\n2 Mr Blue <span style=\"color: #ff0000\"><strong>&gt;&gt;&gt;&gt; \u00a1Popular!<\/strong><\/span><br \/>\n3 Fresa Sand\u00eda<br \/>\n4 Refresco de Naranja<br \/>\n5 Chicle de Sand\u00eda<br \/>\n6 Caramelo Arco\u00edris<br \/>\n7 Limonada Rosa <span style=\"color: #ff0000\"><strong>&gt;&gt;&gt;&gt; \u00a1Popular!<\/strong><\/span><br \/>\n8 Mango Durazno Pi\u00f1a<br \/>\n9 Fresa Pl\u00e1tano<br \/>\n10 Hielo Lush<br \/>\n11 Drag\u00f3n Negro Hielo<br \/>\n12 Aloe Uva<br \/>\n13 Razz Azul Hielo<br \/>\n14 Kiwi Maracuy\u00e1 Guayaba<br \/>\n15 Osito de Goma<br \/>\n16 Frutas Mixtas <span style=\"color: #ff0000\"><strong>&gt;&gt;&gt;&gt; \u00a1Popular!<\/strong><\/span><br \/>\n17 Menta Fresca<br \/>\n18 Frambuesa Sand\u00eda<br \/>\n19 Durazno Limonada<br \/>\n20 Guayaba Hielo<br \/>\n21 Fresa Limonada<br \/>\n22 Sand\u00eda Brazz Hielo<br \/>\n23 Natillas de Pl\u00e1tano<br \/>\n24 Durazno Baya<br \/>\n25 Crema de Fresa<br \/>\n26 Caramelo \u00c1cido<br \/>\n27 Lim\u00f3n y Lima<br \/>\n28 Cereza<br \/>\n29 Cereza con Gas <span style=\"color: #ff0000\"><strong>&gt;&gt;&gt;&gt; \u00a1Popular!<\/strong><\/span><br \/>\n30 Cereza ar\u00e1ndano ar\u00e1ndano rojo<br \/>\n31 Vimto<br \/>\n32 Skittles<br \/>\n33 Hielo negro <span style=\"color: #ff0000\"><strong>&gt;&gt;&gt;&gt; \u00a1Mejor!<\/strong><\/span><br \/>\n34 Uva<br \/>\n35 Hielo delicioso con sabor a Bluelicious<br \/>\n36 Strawberry Ice<br \/>\n37 Kush de ar\u00e1ndano azul Razz<br \/>\n38 Paleta de hielo<br \/>\n39 Uva agria con frambuesa<br \/>\n40 Pi\u00f1a<br \/>\n41 Limonada de Cereza Durazno y Cereza<br \/>\n42 Hielo de Fresa Frambuesa y Cereza<br \/>\n43 Triple Mango<br \/>\n44 Hielo de Fresa y Frambuesa<br \/>\n45 Fresa Sand\u00eda y Chicle<br \/>\n46 Prime Fresa y Sand\u00eda<br \/>\n47 Hielo de Sand\u00eda<br \/>\n48 Hielo de Ar\u00e1ndano <span style=\"color: #ff0000\"><strong>&gt;&gt;&gt;&gt; \u00a1Popular!<\/strong><\/span><br \/>\n49 Sand\u00eda Skittle<br \/>\n50 Mango Fresa<br \/>\n51 Fresa Pomp (Granada)<br \/>\n52 Hielo de Durazno de Verano<br \/>\n53 Cereza Baya<br \/>\n54 Cola de Cereza<br \/>\n55 Prime Sand\u00eda<br \/>\n56 Fresa Uva<br \/>\n57 Sangre de Tigre <span style=\"color: #ff0000\"><strong>&gt;&gt;&gt;&gt; \u00a1Popular!<\/strong><\/span><br \/>\n58 Agua Mineral<\/p>\n<p>&nbsp;<\/p>\n<h3><\/h3>\n<h3><strong>Por qu\u00e9 Elegir Rmvapesale para RandM Tornado 9000 <\/strong><strong>V<\/strong><strong>Vape al por mayor<\/strong><strong>?<\/strong><\/h3>\n<div class=\"flex-shrink-0 flex flex-col relative items-end\">\n<div class=\"pt-0\">\n<div class=\"gizmo-bot-avatar flex h-8 w-8 items-center justify-center overflow-hidden rounded-full\">\n<div class=\"relative p-1 rounded-sm flex items-center justify-center bg-token-main-surface-primary text-token-text-primary h-8 w-8\">\n<p>Bienvenido a Rmvapesale, tu tienda de vapeo de confianza para vapes desechables premium. Con m\u00e1s de 5 a\u00f1os de experiencia, te traemos marcas populares de vapes desechables como Al Fakher, Vapme Vape, <a href=\"https:\/\/rmvapesale.com\/es\/product\/vapme-crystal-7000-puffs-rechargeable-disposable-vape-price\/\">Vapme<\/a>, <a href=\"https:\/\/rmvapesale.com\/es\/product-category\/bang-vapes\/\">Vape Bang<\/a>, Waspe, <a href=\"https:\/\/rmvapesale.com\/es\/product\/wga-crystal-pro-max-extra-15k-puffs-disposable-vape-wholesale\/\">WGA<\/a> Vape y<a href=\"https:\/\/rmvapesale.com\/es\/product-category\/randm-fumot-vape\/\"> RandM Vape<\/a>.<\/p>\n<p>Nuestra gama incluye vapes de gran venta como el <a href=\"https:\/\/rmvapesale.com\/es\/product\/fumot-digital-box-12000-disposable-vape-pink-lemonade-flavor\/\">RandM 12k<\/a> y opciones ricas en sabor como el <a href=\"https:\/\/rmvapesale.com\/es\/product\/elfbar-combo-25000-puffs-rechargeable-disposable-vape-wholesale\/\">ELFBAR Combo 25000 Puff<\/a>. Cada producto se elige centr\u00e1ndose en la calidad, el valor y la variedad, lo que garantiza que encuentre la combinaci\u00f3n perfecta para sus necesidades. Descubra un servicio excepcional y una amplia gama de los mejores productos en Rmvapesale.<\/p>\n<\/div>\n<h3><\/h3>\n<div class=\"relative p-1 rounded-sm flex items-center justify-center bg-token-main-surface-primary text-token-text-primary h-8 w-8\">\n<h3><b>Preguntas Frecuentes sobre el Vapeo Desechable Recargable RandM 9000<\/b><\/h3>\n<ol>\n<li><strong>\u00bfCu\u00e1les son los sabores populares para el cigarrillo electr\u00f3nico desechable RandM 9000 puff?<\/strong><br \/>\nLos sabores populares para el cigarrillo electr\u00f3nico desechable RandM 9000 incluyen Blue Razz Ice, que combina frambuesa dulce con un acabado fresco y helado. Otros sabores pueden variar seg\u00fan la disponibilidad y las preferencias regionales.<\/li>\n<li><strong>\u00bfC\u00f3mo s\u00e9 cu\u00e1ndo mi RandM Tornado 9000 est\u00e1 vac\u00edo?<\/strong><br \/>\nCuando tu RandM Tornado 9000 est\u00e1 vac\u00edo, notar\u00e1s una disminuci\u00f3n en la producci\u00f3n de vapor y sabor. Adem\u00e1s, la inhalaci\u00f3n puede sentirse m\u00e1s d\u00e9bil o producir poco vapor, lo que indica que el e-l\u00edquido se ha agotado.<\/li>\n<li><strong>\u00bfCu\u00e1nto tiempo tarda en cargarse un cigarrillo electr\u00f3nico desechable RandM 9000 puff?<\/strong><br \/>\nLos tiempos de carga del RandM Tornado 9000 pueden variar, pero generalmente tarda entre 1 y 2 horas en cargar completamente la bater\u00eda de 850mAh a trav\u00e9s del puerto Type-C.<\/li>\n<li><strong>\u00bfCu\u00e1nta nicotina tiene un cigarrillo electr\u00f3nico desechable RandM Tornado 9k puff?<\/strong><br \/>\nEl RandM Tornado 9000 contiene sales de nicotina, pero la concentraci\u00f3n exacta puede variar seg\u00fan la regi\u00f3n y la versi\u00f3n del producto. Es mejor consultar el embalaje o las especificaciones del producto para conocer los niveles exactos de nicotina.<\/li>\n<li><strong>\u00bfD\u00f3nde comprar vaporizadores Fumot Tornado 9000 puff al precio mayorista?<\/strong><br \/>\nPuedes comprar vaporizadores Fumot Tornado 9000 puff a precios mayoristas en distribuidores autorizados de vapeo o tiendas en l\u00ednea de vapeo al por mayor. Muchas p\u00e1ginas web ofrecen opciones mayoristas espec\u00edficamente para las marcas RandM y Fumot.<\/li>\n<li><strong>\u00bfPuedo llevar un vape desechable en un avi\u00f3n?<\/strong><br \/>\nS\u00ed, puedes llevar vaporizadores desechables en un avi\u00f3n en tu equipaje de mano, pero no deben estar en el equipaje facturado debido a las regulaciones de la bater\u00eda. Siempre verifica las directrices de la aerol\u00ednea y la TSA antes de viajar.<\/li>\n<li><strong>\u00bfCu\u00e1ntos puffs proporciona el RandM Vape 9000 puff?<\/strong><br \/>\nEl vaporizador desechable RandM Tornado 9000 proporciona m\u00e1s de 9000 puffs, lo que lo convierte en una opci\u00f3n de larga duraci\u00f3n en comparaci\u00f3n con otros vaporizadores desechables.<\/li>\n<\/ol>\n<\/div>\n<div class=\"mb-2 flex gap-3 empty:hidden -ml-2\"><\/div>\n<p>&nbsp;<\/p>\n<\/div>\n<\/div>\n<\/div>\n<h3>Sobre el env\u00edo<\/h3>\n<div class=\"flex-shrink-0 flex flex-col relative items-end\">\n<div>\n<div class=\"pt-0\">\n<div class=\"gizmo-bot-avatar flex h-8 w-8 items-center justify-center overflow-hidden rounded-full\">\n<div><\/div>\n<div class=\"relative p-1 rounded-sm flex items-center justify-center bg-token-main-surface-primary text-token-text-primary h-8 w-8\"><strong>1. \u00bfQu\u00e9 m\u00e9todos de env\u00edo se utilizan?<\/strong><\/div>\n<\/div>\n<\/div>\n<\/div>\n<\/div>\n<div class=\"group\/conversation-turn relative flex w-full min-w-0 flex-col agent-turn\">\n<div class=\"flex-col gap-1 md:gap-3\">\n<div class=\"flex max-w-full flex-col flex-grow\">\n<div class=\"min-h-[20px] text-message flex w-full flex-col items-end gap-2 whitespace-normal break-words [.text-message+&amp;]:mt-5 overflow-x-auto\" dir=\"auto\" data-message-author-role=\"assistant\" data-message-id=\"22f8283b-3233-46ff-89a5-c7a41b33abda\">\n<div class=\"flex w-full flex-col gap-1 empty:hidden first:pt-[3px]\">\n<div class=\"markdown prose w-full break-words dark:prose-invert light\">\n<p>Trabajamos con UPS, DHL, FedEx, DPD y otros transportistas l\u00edderes. Seleccionaremos el mejor m\u00e9todo de env\u00edo seg\u00fan su lugar de entrega para garantizar que reciba sus productos lo m\u00e1s r\u00e1pido posible.<\/p>\n<\/div>\n<p><strong>2. \u00bfCu\u00e1nto tiempo tarda en llegar?<\/strong><\/p>\n<p>Los paquetes enviados a Espa\u00f1a suelen llegar en 10 d\u00edas laborables. El env\u00edo a pa\u00edses europeos generalmente tarda entre 12 y 15 d\u00edas h\u00e1biles. Proporcionaremos actualizaciones en tiempo real sobre el estado de su env\u00edo.<\/p>\n<\/div>\n<\/div>\n<\/div>\n<\/div>\n<\/div>\n<p>&nbsp;<\/p>\n<p>Encuentra m\u00e1s productos de Vape que te puedan gustar:<strong><em><a href=\"https:\/\/rmvapesale.com\/es\/shop-2\/\">comprar ahora &gt;&gt;&gt;<\/a><\/em><\/strong><\/p>","protected":false},"excerpt":{"rendered":"<p>Dispositivo de Vape Desechable RandM Tornado 9000 Caladas<br \/>\nRandM 9000 caladas Vape Desechable Todos los Sabores en Stock<br \/>\nRandM Tornado 9000 Caladas Bar Desechable 9K<\/p>\n<p><img loading=\"lazy\" decoding=\"async\" class=\"size-full wp-image-2375\" src=\"https:\/\/rmvapesale.com\/wp-content\/uploads\/2024\/10\/image.png\" alt=\"Mejor Vape Desechable\" width=\"229\" height=\"300\" \/><\/p>\n<h3><a href=\"https:\/\/wa.me\/8617776015835\"><span style=\"color: #ff0000\"><strong>WhatsApp: +86 17776015835<\/strong><\/span><\/a><\/h3>\n<p>&nbsp;<\/p>","protected":false},"featured_media":2719,"comment_status":"open","ping_status":"closed","template":"","meta":{"_uag_custom_page_level_css":"","_lmt_disableupdate":"no","_lmt_disable":"","site-sidebar-layout":"default","site-content-layout":"content-boxed-container","ast-site-content-layout":"normal-width-container","site-content-style":"boxed","site-sidebar-style":"unboxed","ast-global-header-display":"","ast-banner-title-visibility":"","ast-main-header-display":"","ast-hfb-above-header-display":"","ast-hfb-below-header-display":"","ast-hfb-mobile-header-display":"","site-post-title":"","ast-breadcrumbs-content":"","ast-featured-img":"","footer-sml-layout":"","ast-disable-related-posts":"","theme-transparent-header-meta":"default","adv-header-id-meta":"","stick-header-meta":"","header-above-stick-meta":"","header-main-stick-meta":"","header-below-stick-meta":"","astra-migrate-meta-layouts":"set","ast-page-background-enabled":"default","ast-page-background-meta":{"desktop":{"background-color":"var(--ast-global-color-4)","background-image":"","background-repeat":"repeat","background-position":"center center","background-size":"auto","background-attachment":"scroll","background-type":"","background-media":"","overlay-type":"","overlay-color":"","overlay-opacity":"","overlay-gradient":""},"tablet":{"background-color":"","background-image":"","background-repeat":"repeat","background-position":"center center","background-size":"auto","background-attachment":"scroll","background-type":"","background-media":"","overlay-type":"","overlay-color":"","overlay-opacity":"","overlay-gradient":""},"mobile":{"background-color":"","background-image":"","background-repeat":"repeat","background-position":"center center","background-size":"auto","background-attachment":"scroll","background-type":"","background-media":"","overlay-type":"","overlay-color":"","overlay-opacity":"","overlay-gradient":""}},"ast-content-background-meta":{"desktop":{"background-color":"var(--ast-global-color-5)","background-image":"","background-repeat":"repeat","background-position":"center center","background-size":"auto","background-attachment":"scroll","background-type":"","background-media":"","overlay-type":"","overlay-color":"","overlay-opacity":"","overlay-gradient":""},"tablet":{"background-color":"var(--ast-global-color-5)","background-image":"","background-repeat":"repeat","background-position":"center center","background-size":"auto","background-attachment":"scroll","background-type":"","background-media":"","overlay-type":"","overlay-color":"","overlay-opacity":"","overlay-gradient":""},"mobile":{"background-color":"var(--ast-global-color-5)","background-image":"","background-repeat":"repeat","background-position":"center center","background-size":"auto","background-attachment":"scroll","background-type":"","background-media":"","overlay-type":"","overlay-color":"","overlay-opacity":"","overlay-gradient":""}},"_joinchat":[]},"product_brand":[],"product_cat":[15,27,25,123,30,26,28,137,136,135],"product_tag":[169,207,181,120],"class_list":{"0":"post-2718","1":"product","2":"type-product","3":"status-publish","4":"has-post-thumbnail","6":"product_cat-new-vape-this-week","7":"product_cat-fance-hot-sale-vape","8":"product_cat-germany-best-selling-vape","9":"product_cat-italy-wholesale-vape","10":"product_cat-minimum-order-quantity-50pcs","11":"product_cat-netherlands-hot-sale-vape","12":"product_cat-poland-hot-sale-vape","13":"product_cat-rechargeable-vapes","14":"product_cat-smart-screen-vapes","15":"product_cat-spain-best-hot-sale-vape","16":"product_tag-best-disposable-vape-2024","17":"product_tag-puff-vape","18":"product_tag-randm-tornado-9000","19":"product_tag-vape-wholesale","20":"desktop-align-left","21":"tablet-align-left","22":"mobile-align-left","24":"first","25":"instock","26":"sale","27":"shipping-taxable","28":"purchasable","29":"product-type-simple"},"uagb_featured_image_src":{"full":["https:\/\/rmvapesale.com\/wp-content\/uploads\/2024\/11\/RandM-Tornado-9000-BLUE-RAZZ-ICE.png",1000,1000,false],"thumbnail":["https:\/\/rmvapesale.com\/wp-content\/uploads\/2024\/11\/RandM-Tornado-9000-BLUE-RAZZ-ICE-150x150.png",150,150,true],"medium":["https:\/\/rmvapesale.com\/wp-content\/uploads\/2024\/11\/RandM-Tornado-9000-BLUE-RAZZ-ICE-300x300.png",300,300,true],"medium_large":["https:\/\/rmvapesale.com\/wp-content\/uploads\/2024\/11\/RandM-Tornado-9000-BLUE-RAZZ-ICE-768x768.png",768,768,true],"large":["https:\/\/rmvapesale.com\/wp-content\/uploads\/2024\/11\/RandM-Tornado-9000-BLUE-RAZZ-ICE.png",1000,1000,false],"1536x1536":["https:\/\/rmvapesale.com\/wp-content\/uploads\/2024\/11\/RandM-Tornado-9000-BLUE-RAZZ-ICE.png",1000,1000,false],"2048x2048":["https:\/\/rmvapesale.com\/wp-content\/uploads\/2024\/11\/RandM-Tornado-9000-BLUE-RAZZ-ICE.png",1000,1000,false],"trp-custom-language-flag":["https:\/\/rmvapesale.com\/wp-content\/uploads\/2024\/11\/RandM-Tornado-9000-BLUE-RAZZ-ICE.png",12,12,false],"woocommerce_thumbnail":["https:\/\/rmvapesale.com\/wp-content\/uploads\/2024\/11\/RandM-Tornado-9000-BLUE-RAZZ-ICE-300x300.png",300,300,true],"woocommerce_single":["https:\/\/rmvapesale.com\/wp-content\/uploads\/2024\/11\/RandM-Tornado-9000-BLUE-RAZZ-ICE-600x600.png",600,600,true],"woocommerce_gallery_thumbnail":["https:\/\/rmvapesale.com\/wp-content\/uploads\/2024\/11\/RandM-Tornado-9000-BLUE-RAZZ-ICE-100x100.png",100,100,true],"wcpr-photo-reviews":["https:\/\/rmvapesale.com\/wp-content\/uploads\/2024\/11\/RandM-Tornado-9000-BLUE-RAZZ-ICE.png",500,500,false]},"uagb_author_info":{"display_name":"AMY","author_link":"https:\/\/rmvapesale.com\/es\/author\/"},"uagb_comment_info":0,"uagb_excerpt":"RandM Tornado 9000 Puffs Disposable Vape Device RandM 9000 puffs Disposable Vape All Flavor in Stock RandM Tornado 9000 Puff 9K Disposable Bar WhatsApp: +86 17776015835 &nbsp;","_links":{"self":[{"href":"https:\/\/rmvapesale.com\/es\/wp-json\/wp\/v2\/product\/2718","targetHints":{"allow":["GET"]}}],"collection":[{"href":"https:\/\/rmvapesale.com\/es\/wp-json\/wp\/v2\/product"}],"about":[{"href":"https:\/\/rmvapesale.com\/es\/wp-json\/wp\/v2\/types\/product"}],"replies":[{"embeddable":true,"href":"https:\/\/rmvapesale.com\/es\/wp-json\/wp\/v2\/comments?post=2718"}],"wp:featuredmedia":[{"embeddable":true,"href":"https:\/\/rmvapesale.com\/es\/wp-json\/wp\/v2\/media\/2719"}],"wp:attachment":[{"href":"https:\/\/rmvapesale.com\/es\/wp-json\/wp\/v2\/media?parent=2718"}],"wp:term":[{"taxonomy":"product_brand","embeddable":true,"href":"https:\/\/rmvapesale.com\/es\/wp-json\/wp\/v2\/product_brand?post=2718"},{"taxonomy":"product_cat","embeddable":true,"href":"https:\/\/rmvapesale.com\/es\/wp-json\/wp\/v2\/product_cat?post=2718"},{"taxonomy":"product_tag","embeddable":true,"href":"https:\/\/rmvapesale.com\/es\/wp-json\/wp\/v2\/product_tag?post=2718"}],"curies":[{"name":"wp","href":"https:\/\/api.w.org\/{rel}","templated":true}]}}