{"id":2736,"date":"2024-11-15T03:15:27","date_gmt":"2024-11-15T03:15:27","guid":{"rendered":"https:\/\/rmvapesale.com\/?post_type=product&#038;p=2736"},"modified":"2024-11-15T06:57:59","modified_gmt":"2024-11-15T06:57:59","slug":"fumot-randm-digital-box-12000-puffs-disposable-vape-vimot-flavor-bulk-buy-2-5-nicotine","status":"publish","type":"product","link":"https:\/\/rmvapesale.com\/es\/product\/fumot-randm-digital-box-12000-puffs-disposable-vape-vimot-flavor-bulk-buy-2-5-nicotine\/","title":{"rendered":"Fumot RandM Digital Box 12000 caladas Vape desechable sabor Vimot Compra a granel 2% 5% Nicotina"},"content":{"rendered":"<div class=\"B2VR9 CJHX3e\">\n<div class=\"wyccme\">\n<h1 class=\"LC20lb MBeuO DKV0Md\">Fumot RandM Digital Box 12000 caladas Vape desechable sabor Vimot Compra a granel 2% 5% Nicotina<\/h1>\n<div class=\"flex-shrink-0 flex flex-col relative items-end\">\n<div class=\"pt-0\">\n<div class=\"gizmo-bot-avatar flex h-8 w-8 items-center justify-center overflow-hidden rounded-full\">\n<div class=\"relative p-1 rounded-sm flex items-center justify-center bg-token-main-surface-primary text-token-text-primary h-8 w-8\">\n<p>El vaper desechable Fumot Randm Digital Box 12000 Puffs, dise\u00f1ado para aquellos que buscan un rendimiento duradero y una experiencia de vapeo vibrante. Este vaper RandM cuenta con una impresionante capacidad de 20ml de e-l\u00edquido, lo que proporciona hasta 12,000 caladas por dispositivo, haci\u00e9ndolo ideal para un uso prolongado. Disponible en concentraciones de nicotina de 2% y 5%, se adapta a diversas preferencias, ya sea que busques una calada fuerte o una opci\u00f3n m\u00e1s suave. Este Fumot 12000, equipado con una pantalla digital, te permite monitorear los niveles de e-l\u00edquido y bater\u00eda, para que nunca te quedes sin aviso. El conveniente puerto de carga Tipo-C junto con una bater\u00eda recargable de 850mAh asegura una recarga r\u00e1pida y eficiente para mantenerte en marcha.<\/p>\n<p>El vaper desechable Randm Digital Box 12000 Puffs en sabor Vimot ofrece un sabor audaz y nubes robustas, perfecto para una experiencia de vapeo durante todo el d\u00eda. Con su construcci\u00f3n robusta y dise\u00f1o elegante, este vaper RandM 12000 se adapta c\u00f3modamente a tu mano y bolsillo. Ya seas un vaper ocasional o alguien que ama la conveniencia de los desechables, el Fumot 12k ofrece una opci\u00f3n satisfactoria y f\u00e1cil de usar para un vapeo de alta calidad. Las opciones de compra al por mayor est\u00e1n disponibles en Rmvapesale, lo que lo convierte en una excelente opci\u00f3n para compradores mayoristas que buscan satisfacer una alta demanda con un producto de vapeo confiable, sabroso y eficiente a precio de mayorista.<\/p>\n<p>&nbsp;<\/p>\n<\/div>\n<\/div>\n<\/div>\n<\/div>\n<\/div>\n<\/div>\n<p><strong>\u00a1Contacta con Amy para obtener la respuesta correcta y un cup\u00f3n de vape!<\/strong><\/p>\n<p><img loading=\"lazy\" decoding=\"async\" class=\"size-full wp-image-1978\" src=\"https:\/\/rmvapesale.com\/wp-content\/uploads\/2024\/09\/Disposable-Vape-Wholesale.jpg\" alt=\"Vape Desechable al por mayor\" width=\"229\" height=\"300\" \/><\/p>\n<h3><a href=\"https:\/\/wa.me\/8617776015835\" target=\"_blank\" rel=\"noopener\"><span style=\"color: #ff0000\"><strong>WhatsApp: +86 17776015835<\/strong><\/span><\/a><\/h3>\n<p>&nbsp;<\/p>\n<h2><\/h2>\n<h2><strong>Caracter\u00edsticas Clave del Randm 12000 Puffs<\/strong><\/h2>\n<ul>\n<li>12,000 caladas de larga duraci\u00f3n con 20ml de e-l\u00edquido<\/li>\n<li>Bater\u00eda recargable de 850mAh con puerto Tipo-C<\/li>\n<li>Pantalla digital para estado de e-l\u00edquido y bater\u00eda<\/li>\n<li>Disponible en opciones de nicotina de 0%, 2%, 3% y 5%<\/li>\n<li>Opciones de compra al por mayor<\/li>\n<\/ul>\n<p>&nbsp;<\/p>\n<h2><strong>Sabores Principales para Fumot 12000 Puffs<\/strong><\/h2>\n<p>1 Menta Fresca <span style=\"color: #ff0000\"><strong>&gt;&gt;&gt;&gt; \u00a1Popular!<\/strong><\/span><br \/>\n2 Hielo de Sand\u00eda<br \/>\n3 Hielo de Uva<br \/>\n4 Ar\u00e1ndano Frambuesa <span style=\"color: #ff0000\"><strong>&gt;&gt;&gt;&gt; \u00a1Popular!<\/strong><\/span><br \/>\n5 Fresa Sand\u00eda<br \/>\n6 Fresa Pl\u00e1tano<br \/>\n7 Hielo exuberante<br \/>\n8 Cereza<br \/>\n9 Fresa Helada<br \/>\n10 Polo de hielo<br \/>\n11 Limonada rosa <span style=\"color: #ff0000\"><strong>&gt;&gt;&gt;&gt; \u00a1Popular!<\/strong><\/span><br \/>\n12 Mango helado<br \/>\n13 Frutos rojos<br \/>\n14 Donut de fresa<br \/>\n15 Fresa y uva<br \/>\n16 Cola de cereza<br \/>\n17 Dr. azul<br \/>\n18 Ar\u00e1ndano helado <span style=\"color: #ff0000\"><strong>&gt;&gt;&gt;&gt; \u00a1Popular!<\/strong><\/span><br \/>\n19 Kiwi, maracuy\u00e1 y guayaba<br \/>\n20 Fresa y kiwi<br \/>\n21 Melocot\u00f3n y mango<br \/>\n22 Melocot\u00f3n helado<br \/>\n23 Manzana roja helada<br \/>\n24 Chicle de ar\u00e1ndano <span style=\"color: #ff0000\"><strong>&gt;&gt;&gt;&gt; \u00a1Mejor!<\/strong><\/span><br \/>\n25 Limonada de frutos rojos<br \/>\n26 Limonada de frambuesa azul<br \/>\n27 Frambuesa \u00e1cida azul<br \/>\n28 Fresa con bebida energ\u00e9tica<br \/>\n29 Explosi\u00f3n de bayas de manzana<br \/>\n30 Chicle de sand\u00eda<br \/>\n31 Frambuesa sand\u00eda<br \/>\n32 Hielo negro<br \/>\n33 Ar\u00e1ndano cereza ar\u00e1ndano rojo<br \/>\n34 Granada de fresa<br \/>\n35 Vimto<br \/>\n36 Cereza baya<br \/>\n37 Lim\u00f3n<br \/>\n38 Bingo Crush<br \/>\n39 Ar\u00e1ndano Kiwi<br \/>\n40 Manzana Canela<\/p>\n<h3><\/h3>\n<h3><strong>Por qu\u00e9 elegir Rmvapesale para RandM Digital Box 12000 <\/strong><strong>V<\/strong><strong>Vape al por mayor<\/strong><strong>?<\/strong><\/h3>\n<div class=\"flex-shrink-0 flex flex-col relative items-end\">\n<div class=\"pt-0\">\n<div class=\"gizmo-bot-avatar flex h-8 w-8 items-center justify-center overflow-hidden rounded-full\">\n<div class=\"relative p-1 rounded-sm flex items-center justify-center bg-token-main-surface-primary text-token-text-primary h-8 w-8\">\n<p>Bienvenido a Rmvapesale, tu tienda de vapeo de confianza para vapes desechables premium. Con m\u00e1s de 5 a\u00f1os de experiencia, te traemos marcas populares de vapes desechables como Al Fakher, Vapme Vape, <a href=\"https:\/\/rmvapesale.com\/es\/product\/vapme-crystal-7000-puffs-rechargeable-disposable-vape-price\/\">Vapme<\/a>, <a href=\"https:\/\/rmvapesale.com\/es\/product-category\/bang-vapes\/\">Vape Bang<\/a>, Waspe, <a href=\"https:\/\/rmvapesale.com\/es\/product\/wga-crystal-pro-max-extra-15k-puffs-disposable-vape-wholesale\/\">WGA<\/a> Vape y<a href=\"https:\/\/rmvapesale.com\/es\/product-category\/randm-fumot-vape\/\"> RandM Vape<\/a>.<\/p>\n<p>Nuestra gama incluye vapes de gran venta como el <a href=\"https:\/\/rmvapesale.com\/es\/product\/fumot-digital-box-12000-disposable-vape-pink-lemonade-flavor\/\">RandM 12000<\/a> y opciones ricas en sabor como el <a href=\"https:\/\/rmvapesale.com\/es\/product\/wga-crystal-pro-max-extra-15k-puffs-disposable-vape-wholesale\/\">WGA 15K<\/a>. Cada producto se elige centr\u00e1ndose en la calidad, el valor y la variedad, lo que garantiza que encuentre la combinaci\u00f3n perfecta para sus necesidades. Descubra un servicio excepcional y una amplia gama de los mejores productos en Rmvapesale.<\/p>\n<\/div>\n<h3><\/h3>\n<div class=\"relative p-1 rounded-sm flex items-center justify-center bg-token-main-surface-primary text-token-text-primary h-8 w-8\">\n<h3><b>Fumot 12000 Puffs Vape Desechable Recargable Preguntas Frecuentes<\/b><\/h3>\n<div class=\"flex-shrink-0 flex flex-col relative items-end\">\n<div>\n<div class=\"pt-0\">\n<div class=\"gizmo-bot-avatar flex h-8 w-8 items-center justify-center overflow-hidden rounded-full\">\n<div class=\"relative p-1 rounded-sm flex items-center justify-center bg-token-main-surface-primary text-token-text-primary h-8 w-8\"><\/div>\n<\/div>\n<\/div>\n<\/div>\n<\/div>\n<div class=\"group\/conversation-turn relative flex w-full min-w-0 flex-col agent-turn\">\n<div class=\"flex-col gap-1 md:gap-3\">\n<div class=\"flex max-w-full flex-col flex-grow\">\n<div class=\"min-h-8 text-message flex w-full flex-col items-end gap-2 whitespace-normal break-words [.text-message+&amp;]:mt-5\" dir=\"auto\" data-message-author-role=\"assistant\" data-message-id=\"00c9b302-bc9c-4550-94ba-5a295efa2be3\" data-message-model-slug=\"gpt-4o\">\n<div class=\"flex w-full flex-col gap-1 empty:hidden first:pt-[3px]\">\n<div class=\"markdown prose w-full break-words dark:prose-invert light\">\n<ol>\n<li><strong>\u00bfCu\u00e1ntas caladas proporciona el vaper Fumot 12000 Digital Box?<\/strong><br \/>\nEl vaper Fumot 12000 Digital Box proporciona hasta 12.000 caladas.<\/li>\n<li><strong>\u00bfCu\u00e1l es el sabor popular para el vaper desechable RandM 12000?<\/strong><br \/>\nLos sabores populares para el vaper desechable RandM 12000 var\u00edan mucho, pero las mezclas de frutas, la menta y los sabores inspirados en postres suelen ser los favoritos entre los usuarios.<\/li>\n<li><strong>\u00bfC\u00f3mo s\u00e9 cu\u00e1ndo mi vaper recargable Fumot Vape 12000 Puffs est\u00e1 vac\u00edo?<\/strong><br \/>\nEl vaper Fumot 12000 Digital Box tiene una pantalla digital que muestra el nivel de e-l\u00edquido. Cuando el indicador de nivel de e-l\u00edquido est\u00e1 bajo o vac\u00edo, es hora de reemplazar el dispositivo o rellenarlo si es un modelo recargable.<\/li>\n<li><strong>\u00bfCu\u00e1nta nicotina hay en un vaper desechable Fumot Digital Box 12000?<\/strong><br \/>\nEl vaper desechable Fumot Digital Box 12000 ofrece concentraciones de nicotina de 0%, 2%, 3% y 5%, lo que permite a los usuarios elegir seg\u00fan sus preferencias.<\/li>\n<li><strong>\u00bfCu\u00e1nto tiempo tarda en cargarse completamente el vaper Fumot 12000?<\/strong><br \/>\nCon su bater\u00eda recargable de 850 mAh y puerto de carga tipo C, el vaper Fumot 12000 tarda aproximadamente de 1 a 2 horas en cargarse por completo, dependiendo de la fuente de alimentaci\u00f3n.<\/li>\n<li><strong>\u00bfD\u00f3nde comprar vapers RandM Digital Box 12000 caladas a precio mayorista?<\/strong><br \/>\nPuedes comprar los vapers RandM Digital Box 12000 caladas a precios mayoristas en <a href=\"https:\/\/rmvapesale.com\/es\/\" target=\"_new\" rel=\"noopener\">Rmvapesale<\/a>, una tienda de vapers en l\u00ednea conocida por suministros de vapers a granel.<\/li>\n<li><strong>\u00bfPuedo llevar un vape desechable en un avi\u00f3n?<\/strong><br \/>\nS\u00ed, puedes llevar un vaper desechable en un avi\u00f3n, pero debe ser transportado en tu equipaje de mano. Sin embargo, revisa la pol\u00edtica de la aerol\u00ednea ya que las restricciones pueden variar.<\/li>\n<\/ol>\n<\/div>\n<\/div>\n<\/div>\n<\/div>\n<\/div>\n<\/div>\n<\/div>\n<div class=\"mb-2 flex gap-3 empty:hidden -ml-2\"><\/div>\n<p>&nbsp;<\/p>\n<\/div>\n<\/div>\n<\/div>\n<h3>Sobre el env\u00edo<\/h3>\n<div class=\"flex-shrink-0 flex flex-col relative items-end\">\n<div>\n<div class=\"pt-0\">\n<div class=\"gizmo-bot-avatar flex h-8 w-8 items-center justify-center overflow-hidden rounded-full\">\n<div><\/div>\n<div class=\"relative p-1 rounded-sm flex items-center justify-center bg-token-main-surface-primary text-token-text-primary h-8 w-8\"><strong>1. \u00bfQu\u00e9 m\u00e9todos de env\u00edo se utilizan?<\/strong><\/div>\n<\/div>\n<\/div>\n<\/div>\n<\/div>\n<div class=\"group\/conversation-turn relative flex w-full min-w-0 flex-col agent-turn\">\n<div class=\"flex-col gap-1 md:gap-3\">\n<div class=\"flex max-w-full flex-col flex-grow\">\n<div class=\"min-h-[20px] text-message flex w-full flex-col items-end gap-2 whitespace-normal break-words [.text-message+&amp;]:mt-5 overflow-x-auto\" dir=\"auto\" data-message-author-role=\"assistant\" data-message-id=\"22f8283b-3233-46ff-89a5-c7a41b33abda\">\n<div class=\"flex w-full flex-col gap-1 empty:hidden first:pt-[3px]\">\n<div class=\"markdown prose w-full break-words dark:prose-invert light\">\n<p>Trabajamos con UPS, DHL, FedEx, DPD y otros transportistas l\u00edderes. Seleccionaremos el mejor m\u00e9todo de env\u00edo seg\u00fan su lugar de entrega para garantizar que reciba sus productos lo m\u00e1s r\u00e1pido posible.<\/p>\n<\/div>\n<p><strong>2. \u00bfCu\u00e1nto tiempo tarda en llegar?<\/strong><\/p>\n<p>Los paquetes enviados a Espa\u00f1a suelen llegar en 10 d\u00edas laborables. El env\u00edo a pa\u00edses europeos generalmente tarda entre 12 y 15 d\u00edas h\u00e1biles. Proporcionaremos actualizaciones en tiempo real sobre el estado de su env\u00edo.<\/p>\n<\/div>\n<\/div>\n<\/div>\n<\/div>\n<\/div>\n<p>&nbsp;<\/p>\n<p>Encuentra m\u00e1s productos de Vape que te puedan gustar:<strong><em><a href=\"https:\/\/rmvapesale.com\/es\/shop-2\/\">comprar ahora &gt;&gt;&gt;<\/a><\/em><\/strong><\/p>","protected":false},"excerpt":{"rendered":"<p>Fumot RandM 12000 Puffs Vaper Desechable Caja Digital<br \/>\nFumot 12000 Vaper Desechable Recargable al por Mayor<br \/>\nRandM Vape Fumot 12000 Vaper Desechable Bajo en Nicotina 2%<\/p>\n<p><img loading=\"lazy\" decoding=\"async\" class=\"size-full wp-image-2375\" src=\"https:\/\/rmvapesale.com\/wp-content\/uploads\/2024\/10\/image.png\" alt=\"Mejor Vape Desechable\" width=\"229\" height=\"300\" \/><\/p>\n<h3><a href=\"https:\/\/wa.me\/8617776015835\"><span style=\"color: #ff0000\"><strong>WhatsApp: +86 17776015835<\/strong><\/span><\/a><\/h3>\n<p>&nbsp;<\/p>","protected":false},"featured_media":2732,"comment_status":"open","ping_status":"closed","template":"","meta":{"_uag_custom_page_level_css":"","_lmt_disableupdate":"no","_lmt_disable":"","site-sidebar-layout":"default","site-content-layout":"content-boxed-container","ast-site-content-layout":"normal-width-container","site-content-style":"boxed","site-sidebar-style":"unboxed","ast-global-header-display":"","ast-banner-title-visibility":"","ast-main-header-display":"","ast-hfb-above-header-display":"","ast-hfb-below-header-display":"","ast-hfb-mobile-header-display":"","site-post-title":"","ast-breadcrumbs-content":"","ast-featured-img":"","footer-sml-layout":"","ast-disable-related-posts":"","theme-transparent-header-meta":"default","adv-header-id-meta":"","stick-header-meta":"","header-above-stick-meta":"","header-main-stick-meta":"","header-below-stick-meta":"","astra-migrate-meta-layouts":"set","ast-page-background-enabled":"default","ast-page-background-meta":{"desktop":{"background-color":"var(--ast-global-color-4)","background-image":"","background-repeat":"repeat","background-position":"center center","background-size":"auto","background-attachment":"scroll","background-type":"","background-media":"","overlay-type":"","overlay-color":"","overlay-opacity":"","overlay-gradient":""},"tablet":{"background-color":"","background-image":"","background-repeat":"repeat","background-position":"center center","background-size":"auto","background-attachment":"scroll","background-type":"","background-media":"","overlay-type":"","overlay-color":"","overlay-opacity":"","overlay-gradient":""},"mobile":{"background-color":"","background-image":"","background-repeat":"repeat","background-position":"center center","background-size":"auto","background-attachment":"scroll","background-type":"","background-media":"","overlay-type":"","overlay-color":"","overlay-opacity":"","overlay-gradient":""}},"ast-content-background-meta":{"desktop":{"background-color":"var(--ast-global-color-5)","background-image":"","background-repeat":"repeat","background-position":"center center","background-size":"auto","background-attachment":"scroll","background-type":"","background-media":"","overlay-type":"","overlay-color":"","overlay-opacity":"","overlay-gradient":""},"tablet":{"background-color":"var(--ast-global-color-5)","background-image":"","background-repeat":"repeat","background-position":"center center","background-size":"auto","background-attachment":"scroll","background-type":"","background-media":"","overlay-type":"","overlay-color":"","overlay-opacity":"","overlay-gradient":""},"mobile":{"background-color":"var(--ast-global-color-5)","background-image":"","background-repeat":"repeat","background-position":"center center","background-size":"auto","background-attachment":"scroll","background-type":"","background-media":"","overlay-type":"","overlay-color":"","overlay-opacity":"","overlay-gradient":""}},"_joinchat":[]},"product_brand":[],"product_cat":[15,27,51,25,123,30,26,28,31,137,136,135],"product_tag":[212,214,39,213,38],"class_list":{"0":"post-2736","1":"product","2":"type-product","3":"status-publish","4":"has-post-thumbnail","6":"product_cat-new-vape-this-week","7":"product_cat-fance-hot-sale-vape","8":"product_cat-fumot-vape","9":"product_cat-germany-best-selling-vape","10":"product_cat-italy-wholesale-vape","11":"product_cat-minimum-order-quantity-50pcs","12":"product_cat-netherlands-hot-sale-vape","13":"product_cat-poland-hot-sale-vape","14":"product_cat-randm-fumot-vape","15":"product_cat-rechargeable-vapes","16":"product_cat-smart-screen-vapes","17":"product_cat-spain-best-hot-sale-vape","18":"product_tag-fumot-12000","19":"product_tag-fumot-12k","20":"product_tag-fumot-vape","21":"product_tag-randm-12000","22":"product_tag-randm-vape","23":"desktop-align-left","24":"tablet-align-left","25":"mobile-align-left","27":"first","28":"instock","29":"sale","30":"shipping-taxable","31":"purchasable","32":"product-type-simple"},"uagb_featured_image_src":{"full":["https:\/\/rmvapesale.com\/wp-content\/uploads\/2024\/11\/RandM-Digital-12000-Puffs-Disposable-Vape-Wholesale.jpg",800,800,false],"thumbnail":["https:\/\/rmvapesale.com\/wp-content\/uploads\/2024\/11\/RandM-Digital-12000-Puffs-Disposable-Vape-Wholesale-150x150.jpg",150,150,true],"medium":["https:\/\/rmvapesale.com\/wp-content\/uploads\/2024\/11\/RandM-Digital-12000-Puffs-Disposable-Vape-Wholesale-300x300.jpg",300,300,true],"medium_large":["https:\/\/rmvapesale.com\/wp-content\/uploads\/2024\/11\/RandM-Digital-12000-Puffs-Disposable-Vape-Wholesale-768x768.jpg",768,768,true],"large":["https:\/\/rmvapesale.com\/wp-content\/uploads\/2024\/11\/RandM-Digital-12000-Puffs-Disposable-Vape-Wholesale.jpg",800,800,false],"1536x1536":["https:\/\/rmvapesale.com\/wp-content\/uploads\/2024\/11\/RandM-Digital-12000-Puffs-Disposable-Vape-Wholesale.jpg",800,800,false],"2048x2048":["https:\/\/rmvapesale.com\/wp-content\/uploads\/2024\/11\/RandM-Digital-12000-Puffs-Disposable-Vape-Wholesale.jpg",800,800,false],"trp-custom-language-flag":["https:\/\/rmvapesale.com\/wp-content\/uploads\/2024\/11\/RandM-Digital-12000-Puffs-Disposable-Vape-Wholesale.jpg",12,12,false],"woocommerce_thumbnail":["https:\/\/rmvapesale.com\/wp-content\/uploads\/2024\/11\/RandM-Digital-12000-Puffs-Disposable-Vape-Wholesale-300x300.jpg",300,300,true],"woocommerce_single":["https:\/\/rmvapesale.com\/wp-content\/uploads\/2024\/11\/RandM-Digital-12000-Puffs-Disposable-Vape-Wholesale-600x600.jpg",600,600,true],"woocommerce_gallery_thumbnail":["https:\/\/rmvapesale.com\/wp-content\/uploads\/2024\/11\/RandM-Digital-12000-Puffs-Disposable-Vape-Wholesale-100x100.jpg",100,100,true],"wcpr-photo-reviews":["https:\/\/rmvapesale.com\/wp-content\/uploads\/2024\/11\/RandM-Digital-12000-Puffs-Disposable-Vape-Wholesale.jpg",500,500,false]},"uagb_author_info":{"display_name":"AMY","author_link":"https:\/\/rmvapesale.com\/es\/author\/"},"uagb_comment_info":0,"uagb_excerpt":"Fumot RandM 12000 Puffs Digital Box Disposable Vape Fumot 12000 Rechargeable Disposable Vape Wholesale Price RandM Vape Fumot 12000 Low Nicotine Disposable Vape 2% WhatsApp: +86 17776015835 &nbsp;","_links":{"self":[{"href":"https:\/\/rmvapesale.com\/es\/wp-json\/wp\/v2\/product\/2736","targetHints":{"allow":["GET"]}}],"collection":[{"href":"https:\/\/rmvapesale.com\/es\/wp-json\/wp\/v2\/product"}],"about":[{"href":"https:\/\/rmvapesale.com\/es\/wp-json\/wp\/v2\/types\/product"}],"replies":[{"embeddable":true,"href":"https:\/\/rmvapesale.com\/es\/wp-json\/wp\/v2\/comments?post=2736"}],"wp:featuredmedia":[{"embeddable":true,"href":"https:\/\/rmvapesale.com\/es\/wp-json\/wp\/v2\/media\/2732"}],"wp:attachment":[{"href":"https:\/\/rmvapesale.com\/es\/wp-json\/wp\/v2\/media?parent=2736"}],"wp:term":[{"taxonomy":"product_brand","embeddable":true,"href":"https:\/\/rmvapesale.com\/es\/wp-json\/wp\/v2\/product_brand?post=2736"},{"taxonomy":"product_cat","embeddable":true,"href":"https:\/\/rmvapesale.com\/es\/wp-json\/wp\/v2\/product_cat?post=2736"},{"taxonomy":"product_tag","embeddable":true,"href":"https:\/\/rmvapesale.com\/es\/wp-json\/wp\/v2\/product_tag?post=2736"}],"curies":[{"name":"wp","href":"https:\/\/api.w.org\/{rel}","templated":true}]}}