{"id":2738,"date":"2024-11-15T08:19:48","date_gmt":"2024-11-15T08:19:48","guid":{"rendered":"https:\/\/rmvapesale.com\/?post_type=product&#038;p=2738"},"modified":"2024-11-15T08:43:47","modified_gmt":"2024-11-15T08:43:47","slug":"fumot-randm-12000-strawberry-kiwi-flavor-disposable-vape-wholesale-netherlands","status":"publish","type":"product","link":"https:\/\/rmvapesale.com\/es\/product\/fumot-randm-12000-strawberry-kiwi-flavor-disposable-vape-wholesale-netherlands\/","title":{"rendered":"Fumot RandM 12000 Fresa Kiwi Sabor Vape Desechable Venta al por mayor en Espa\u00f1a"},"content":{"rendered":"<div class=\"B2VR9 CJHX3e\">\n<div class=\"wyccme\">\n<h1 class=\"LC20lb MBeuO DKV0Md\">Fumot RandM 12000 Fresa Kiwi Sabor Vape Desechable Venta al por mayor en Espa\u00f1a<\/h1>\n<div class=\"flex-shrink-0 flex flex-col relative items-end\">\n<div class=\"pt-0\">\n<div class=\"gizmo-bot-avatar flex h-8 w-8 items-center justify-center overflow-hidden rounded-full\">\n<div class=\"relative p-1 rounded-sm flex items-center justify-center bg-token-main-surface-primary text-token-text-primary h-8 w-8\">\n<p>&nbsp;<\/p>\n<p>Experimenta la vibrante mezcla de fresa y kiwi con el Vape Desechable Fumot RandM 12000 Sabor a Fresa Kiwi, dise\u00f1ado para ofrecer hasta 12,000 caladas de sabor rico y satisfactorio. Este vape desechable es ideal para mayoristas en Espa\u00f1a, ofreciendo una soluci\u00f3n de vapeo duradera perfecta tanto para usuarios nuevos como experimentados. Con una capacidad de 20ml de e-l\u00edquido y disponibles en concentraciones de nicotina de 0%, 2%, 3% o 5%, este dispositivo se adapta a diversas preferencias, brindando a los usuarios la opci\u00f3n de seleccionar la intensidad que mejor les convenga. La potente bater\u00eda recargable de 850mAh, junto con un puerto de carga Tipo-C, asegura que puedas disfrutar de un vapeo ininterrumpido con un tiempo de inactividad m\u00ednimo.<\/p>\n<p>El Vape Desechable Fumot RandM 12000 Sabor a Fresa Kiwi tambi\u00e9n cuenta con una pantalla digital que proporciona actualizaciones en tiempo real sobre la duraci\u00f3n de la bater\u00eda y los niveles de e-l\u00edquido, para que siempre tengas el control. Dise\u00f1ado con tecnolog\u00eda avanzada de bobina de malla, este vape entrega vapor suave y lleno de sabor, realzando la dulzura natural y el toque \u00e1cido de la mezcla de fresa y kiwi. Pensado para mayor comodidad, cada unidad viene prellenada, y su dise\u00f1o compacto y ergon\u00f3mico facilita su transporte. Ya sea que busques una soluci\u00f3n para llevar contigo o un vapeo sabroso y de alto rendimiento, este dispositivo RandM 12000 Sabor a Fresa Kiwi es perfecto para pedidos al por mayor para satisfacer la demanda de los clientes.<\/p>\n<\/div>\n<\/div>\n<\/div>\n<\/div>\n<\/div>\n<\/div>\n<p><strong>\u00a1Contacta con Amy para obtener la respuesta correcta y un cup\u00f3n de vape!<\/strong><\/p>\n<p><img loading=\"lazy\" decoding=\"async\" class=\"size-full wp-image-1978\" src=\"https:\/\/rmvapesale.com\/wp-content\/uploads\/2024\/09\/Disposable-Vape-Wholesale.jpg\" alt=\"Vape Desechable al por mayor\" width=\"229\" height=\"300\" \/><\/p>\n<h3><a href=\"https:\/\/wa.me\/8617776015835\" target=\"_blank\" rel=\"noopener\"><span style=\"color: #ff0000\"><strong>WhatsApp: +86 17776015835<\/strong><\/span><\/a><\/h3>\n<p>&nbsp;<\/p>\n<h2><\/h2>\n<h2><strong>Caracter\u00edsticas Clave del Randm 12000 Puffs<\/strong><\/h2>\n<ul>\n<li>Hasta 12,000 caladas por dispositivo<\/li>\n<li>La pantalla digital muestra los niveles de bater\u00eda y e-l\u00edquido<\/li>\n<li>Sabor a Fresa Kiwi con capacidad de 20ml de e-l\u00edquido<\/li>\n<li>Bater\u00eda recargable de 850mAh con puerto Tipo-C<\/li>\n<li>Disponible en nicotinas 0%, 2%, 3% y 5%<\/li>\n<\/ul>\n<figure id=\"attachment_2731\" aria-describedby=\"caption-attachment-2731\" style=\"width: 800px\" class=\"wp-caption alignnone\"><img loading=\"lazy\" decoding=\"async\" class=\"wp-image-2731 size-full\" src=\"https:\/\/rmvapesale.com\/wp-content\/uploads\/2024\/11\/RandM-12000-Disposable-Vape-Bulk-Buy.jpg\" alt=\"Vaporizador desechable RandM 12000 Compra al por mayor\" width=\"800\" height=\"800\" srcset=\"https:\/\/rmvapesale.com\/wp-content\/uploads\/2024\/11\/RandM-12000-Disposable-Vape-Bulk-Buy.jpg 800w, https:\/\/rmvapesale.com\/wp-content\/uploads\/2024\/11\/RandM-12000-Disposable-Vape-Bulk-Buy-300x300.jpg 300w, https:\/\/rmvapesale.com\/wp-content\/uploads\/2024\/11\/RandM-12000-Disposable-Vape-Bulk-Buy-150x150.jpg 150w, https:\/\/rmvapesale.com\/wp-content\/uploads\/2024\/11\/RandM-12000-Disposable-Vape-Bulk-Buy-768x768.jpg 768w, https:\/\/rmvapesale.com\/wp-content\/uploads\/2024\/11\/RandM-12000-Disposable-Vape-Bulk-Buy-600x600.jpg 600w, https:\/\/rmvapesale.com\/wp-content\/uploads\/2024\/11\/RandM-12000-Disposable-Vape-Bulk-Buy-100x100.jpg 100w\" sizes=\"auto, (max-width: 800px) 100vw, 800px\" \/><figcaption id=\"caption-attachment-2731\" class=\"wp-caption-text\">Vaporizador desechable RandM 12000 Compra al por mayor<\/figcaption><\/figure>\n<h2><strong>Sabores Principales para Fumot 12000 Puffs<\/strong><\/h2>\n<p>1 Menta Fresca <span style=\"color: #ff0000\"><strong>&gt;&gt;&gt;&gt; \u00a1Popular!<\/strong><\/span><br \/>\n2 Hielo de Sand\u00eda<br \/>\n3 Hielo de Uva<br \/>\n4 Ar\u00e1ndano Frambuesa <span style=\"color: #ff0000\"><strong>&gt;&gt;&gt;&gt; \u00a1Popular!<\/strong><\/span><br \/>\n5 Fresa Sand\u00eda<br \/>\n6 Fresa Pl\u00e1tano<br \/>\n7 Hielo exuberante<br \/>\n8 Cereza<br \/>\n9 Fresa Helada<br \/>\n10 Polo de hielo<br \/>\n11 Limonada rosa <span style=\"color: #ff0000\"><strong>&gt;&gt;&gt;&gt; \u00a1Popular!<\/strong><\/span><br \/>\n12 Mango helado<br \/>\n13 Frutos rojos<br \/>\n14 Donut de fresa<br \/>\n15 Fresa y uva<br \/>\n16 Cola de cereza<br \/>\n17 Dr. azul<br \/>\n18 Ar\u00e1ndano helado <span style=\"color: #ff0000\"><strong>&gt;&gt;&gt;&gt; \u00a1Popular!<\/strong><\/span><br \/>\n19 Kiwi, maracuy\u00e1 y guayaba<br \/>\n20 Fresa y kiwi<br \/>\n21 Melocot\u00f3n y mango<br \/>\n22 Melocot\u00f3n helado<br \/>\n23 Manzana roja helada<br \/>\n24 Chicle de ar\u00e1ndano <span style=\"color: #ff0000\"><strong>&gt;&gt;&gt;&gt; \u00a1Mejor!<\/strong><\/span><br \/>\n25 Limonada de frutos rojos<br \/>\n26 Limonada de frambuesa azul<br \/>\n27 Frambuesa \u00e1cida azul<br \/>\n28 Fresa con bebida energ\u00e9tica<br \/>\n29 Explosi\u00f3n de bayas de manzana<br \/>\n30 Chicle de sand\u00eda<br \/>\n31 Frambuesa sand\u00eda<br \/>\n32 Hielo negro<br \/>\n33 Ar\u00e1ndano cereza ar\u00e1ndano rojo<br \/>\n34 Granada de fresa<br \/>\n35 Vimto<br \/>\n36 Cereza baya<br \/>\n37 Lim\u00f3n<br \/>\n38 Bingo Crush<br \/>\n39 Ar\u00e1ndano Kiwi<br \/>\n40 Manzana Canela<\/p>\n<h3><\/h3>\n<h3><strong>Por qu\u00e9 elegir Rmvapesale para RandM Digital Box 12000 <\/strong><strong>V<\/strong><strong>Vape al por mayor<\/strong><strong>?<\/strong><\/h3>\n<div class=\"flex-shrink-0 flex flex-col relative items-end\">\n<div class=\"pt-0\">\n<div class=\"gizmo-bot-avatar flex h-8 w-8 items-center justify-center overflow-hidden rounded-full\">\n<div class=\"relative p-1 rounded-sm flex items-center justify-center bg-token-main-surface-primary text-token-text-primary h-8 w-8\">\n<p>Bienvenido a Rmvapesale, tu tienda de vapeo de confianza para vapes desechables premium. Con m\u00e1s de 5 a\u00f1os de experiencia, te traemos marcas populares de vapes desechables como Al Fakher, Vapme Vape, <a href=\"https:\/\/rmvapesale.com\/es\/product\/vapme-crystal-7000-puffs-rechargeable-disposable-vape-price\/\">Vapme<\/a>, <a href=\"https:\/\/rmvapesale.com\/es\/product-category\/bang-vapes\/\">Vape Bang<\/a>, Waspe, <a href=\"https:\/\/rmvapesale.com\/es\/product\/wga-crystal-pro-max-extra-15k-puffs-disposable-vape-wholesale\/\">WGA<\/a> Vape y<a href=\"https:\/\/rmvapesale.com\/es\/product-category\/randm-fumot-vape\/\"> RandM Vape<\/a>.<\/p>\n<p>Nuestra gama incluye vapes de gran venta como el <a href=\"https:\/\/rmvapesale.com\/es\/product\/fumot-digital-box-12000-disposable-vape-pink-lemonade-flavor\/\">RandM 12000 Puffs<\/a> y opciones ricas en sabor como el <a href=\"https:\/\/rmvapesale.com\/es\/product\/wga-crystal-pro-max-extra-15k-puffs-disposable-vape-wholesale\/\">WGA 15K<\/a>. Cada producto se elige centr\u00e1ndose en la calidad, el valor y la variedad, lo que garantiza que encuentre la combinaci\u00f3n perfecta para sus necesidades. Descubra un servicio excepcional y una amplia gama de los mejores productos en Rmvapesale.<\/p>\n<\/div>\n<h3><\/h3>\n<div class=\"relative p-1 rounded-sm flex items-center justify-center bg-token-main-surface-primary text-token-text-primary h-8 w-8\">\n<h3><b>Preguntas frecuentes sobre el vape desechable recargable RandM 12000 caladas<\/b><\/h3>\n<div class=\"group\/conversation-turn relative flex w-full min-w-0 flex-col agent-turn\">\n<div class=\"flex-col gap-1 md:gap-3\">\n<div class=\"flex max-w-full flex-col flex-grow\">\n<div class=\"min-h-8 text-message flex w-full flex-col items-end gap-2 whitespace-normal break-words [.text-message+&amp;]:mt-5\" dir=\"auto\" data-message-author-role=\"assistant\" data-message-id=\"00c9b302-bc9c-4550-94ba-5a295efa2be3\" data-message-model-slug=\"gpt-4o\">\n<div class=\"flex w-full flex-col gap-1 empty:hidden first:pt-[3px]\">\n<div class=\"markdown prose w-full break-words dark:prose-invert light\">\n<div class=\"flex-shrink-0 flex flex-col relative items-end\">\n<div>\n<div class=\"pt-0\">\n<div class=\"gizmo-bot-avatar flex h-8 w-8 items-center justify-center overflow-hidden rounded-full\">\n<div class=\"relative p-1 rounded-sm flex items-center justify-center bg-token-main-surface-primary text-token-text-primary h-8 w-8\"><\/div>\n<\/div>\n<\/div>\n<\/div>\n<\/div>\n<div class=\"group\/conversation-turn relative flex w-full min-w-0 flex-col agent-turn\">\n<div class=\"flex-col gap-1 md:gap-3\">\n<div class=\"flex max-w-full flex-col flex-grow\">\n<div class=\"min-h-8 text-message flex w-full flex-col items-end gap-2 whitespace-normal break-words [.text-message+&amp;]:mt-5\" dir=\"auto\" data-message-author-role=\"assistant\" data-message-id=\"a3dc01bd-23b0-4fd7-bb9a-7827522cefd8\" data-message-model-slug=\"gpt-4o\">\n<div class=\"flex w-full flex-col gap-1 empty:hidden first:pt-[3px]\">\n<div class=\"markdown prose w-full break-words dark:prose-invert light\">\n<ul>\n<li><strong>\u00bfCu\u00e1ntas caladas proporciona el Vape Recargable Fumot 12000?<\/strong><br \/>\nEl Vape Recargable Fumot 12000 ofrece hasta <strong>12,000 inhalaciones<\/strong>, ofreciendo una experiencia de vapeo duradera.<\/li>\n<li><strong>\u00bfCu\u00e1les son los sabores populares para el vape digital RandM 12000?<\/strong><br \/>\nLos sabores populares para el Vape Digital RandM 12000 incluyen <strong>Fresa Kiwi<\/strong> y <strong>Fresa Sand\u00eda<\/strong>. Estos sabores son especialmente populares debido a sus perfiles de sabor equilibrados y refrescantes.<\/li>\n<li><strong>\u00bfC\u00f3mo s\u00e9 cu\u00e1ndo mi Fumot Vape 12000 Digital Box est\u00e1 vac\u00edo?<\/strong><br \/>\nEl Vape Digital Fumot 12000 cuenta con una <strong>pantalla digital<\/strong> que muestra los niveles de e-l\u00edquido. Cuando el nivel de e-l\u00edquido es bajo o la producci\u00f3n de vapor disminuye significativamente, es una se\u00f1al de que el dispositivo est\u00e1 casi vac\u00edo.<\/li>\n<li><strong>\u00bfCu\u00e1nta nicotina contienen los Vapes Desechables Fumot 12000?<\/strong><br \/>\nEl Vape Desechable Fumot 12000 ofrece concentraciones de nicotina de <strong>0%, 2%, 3%, y 5%<\/strong>, adapt\u00e1ndose a una amplia gama de preferencias de los usuarios.<\/li>\n<li><strong>\u00bfCu\u00e1nto tiempo tarda en cargarse completamente el vape desechable Fumot 12000?<\/strong><br \/>\nCargar el vape desechable Fumot 12000 generalmente tarda aproximadamente <strong>1 a 1.5 horas<\/strong> usando el puerto Type-C, dependiendo del cargador utilizado.<\/li>\n<li><strong>\u00bfD\u00f3nde comprar los vaporizadores Fumot RandM Digital Box 12000 al precio mayorista?<\/strong><br \/>\nPara precios mayoristas en los vaporizadores Fumot RandM Digital Box 12000, visita <strong>la tienda de vapeo en l\u00ednea Rmvapesale<\/strong> para las mejores ofertas y opciones de compra en volumen.<\/li>\n<li><strong>\u00bfPuedo llevar un vape desechable en un avi\u00f3n?<\/strong><br \/>\nS\u00ed, puedes llevar un vape desechable en un avi\u00f3n. Sin embargo, debe mantenerse en tu <strong>equipaje de mano<\/strong>, ya que la mayor\u00eda de las aerol\u00edneas proh\u00edben los dispositivos de vapeo en el equipaje facturado debido a las regulaciones de seguridad de las bater\u00edas.<\/li>\n<\/ul>\n<\/div>\n<\/div>\n<\/div>\n<\/div>\n<\/div>\n<\/div>\n<\/div>\n<\/div>\n<\/div>\n<\/div>\n<\/div>\n<\/div>\n<\/div>\n<div class=\"mb-2 flex gap-3 empty:hidden -ml-2\"><\/div>\n<p>&nbsp;<\/p>\n<\/div>\n<\/div>\n<\/div>\n<h3>Sobre el env\u00edo<\/h3>\n<div class=\"flex-shrink-0 flex flex-col relative items-end\">\n<div>\n<div class=\"pt-0\">\n<div class=\"gizmo-bot-avatar flex h-8 w-8 items-center justify-center overflow-hidden rounded-full\">\n<div><\/div>\n<div class=\"relative p-1 rounded-sm flex items-center justify-center bg-token-main-surface-primary text-token-text-primary h-8 w-8\"><strong>1. \u00bfQu\u00e9 m\u00e9todos de env\u00edo se utilizan?<\/strong><\/div>\n<\/div>\n<\/div>\n<\/div>\n<\/div>\n<div class=\"group\/conversation-turn relative flex w-full min-w-0 flex-col agent-turn\">\n<div class=\"flex-col gap-1 md:gap-3\">\n<div class=\"flex max-w-full flex-col flex-grow\">\n<div class=\"min-h-[20px] text-message flex w-full flex-col items-end gap-2 whitespace-normal break-words [.text-message+&amp;]:mt-5 overflow-x-auto\" dir=\"auto\" data-message-author-role=\"assistant\" data-message-id=\"22f8283b-3233-46ff-89a5-c7a41b33abda\">\n<div class=\"flex w-full flex-col gap-1 empty:hidden first:pt-[3px]\">\n<div class=\"markdown prose w-full break-words dark:prose-invert light\">\n<p>Trabajamos con UPS, DHL, FedEx, DPD y otros transportistas l\u00edderes. Seleccionaremos el mejor m\u00e9todo de env\u00edo seg\u00fan su lugar de entrega para garantizar que reciba sus productos lo m\u00e1s r\u00e1pido posible.<\/p>\n<\/div>\n<p><strong>2. \u00bfCu\u00e1nto tiempo tarda en llegar?<\/strong><\/p>\n<p>Los paquetes enviados a Espa\u00f1a suelen llegar en 10 d\u00edas laborables. El env\u00edo a pa\u00edses europeos generalmente tarda entre 12 y 15 d\u00edas h\u00e1biles. Proporcionaremos actualizaciones en tiempo real sobre el estado de su env\u00edo.<\/p>\n<\/div>\n<\/div>\n<\/div>\n<\/div>\n<\/div>\n<p>&nbsp;<\/p>\n<p>Encuentra m\u00e1s productos de Vape que te puedan gustar:<strong><em><a href=\"https:\/\/rmvapesale.com\/es\/shop-2\/\">comprar ahora &gt;&gt;&gt;<\/a><\/em><\/strong><\/p>","protected":false},"excerpt":{"rendered":"<p>Vaporizador desechable Fumot Digital Box 12000<br \/>\nCompra al por mayor la caja digital RandM Vape Fumot de 12000 caladas<br \/>\nFumot 12000 Vape desechable de todas las sabores en stock al por mayor<\/p>\n<p><img loading=\"lazy\" decoding=\"async\" class=\"size-full wp-image-2375\" src=\"https:\/\/rmvapesale.com\/wp-content\/uploads\/2024\/10\/image.png\" alt=\"Mejor Vape Desechable\" width=\"229\" height=\"300\" \/><\/p>\n<h3><a href=\"https:\/\/wa.me\/8617776015835\"><span style=\"color: #ff0000\"><strong>WhatsApp: +86 17776015835<\/strong><\/span><\/a><\/h3>\n<p>&nbsp;<\/p>","protected":false},"featured_media":2730,"comment_status":"open","ping_status":"closed","template":"","meta":{"_uag_custom_page_level_css":"","_lmt_disableupdate":"no","_lmt_disable":"","site-sidebar-layout":"default","site-content-layout":"content-boxed-container","ast-site-content-layout":"normal-width-container","site-content-style":"boxed","site-sidebar-style":"unboxed","ast-global-header-display":"","ast-banner-title-visibility":"","ast-main-header-display":"","ast-hfb-above-header-display":"","ast-hfb-below-header-display":"","ast-hfb-mobile-header-display":"","site-post-title":"","ast-breadcrumbs-content":"","ast-featured-img":"","footer-sml-layout":"","ast-disable-related-posts":"","theme-transparent-header-meta":"default","adv-header-id-meta":"","stick-header-meta":"","header-above-stick-meta":"","header-main-stick-meta":"","header-below-stick-meta":"","astra-migrate-meta-layouts":"set","ast-page-background-enabled":"default","ast-page-background-meta":{"desktop":{"background-color":"var(--ast-global-color-4)","background-image":"","background-repeat":"repeat","background-position":"center center","background-size":"auto","background-attachment":"scroll","background-type":"","background-media":"","overlay-type":"","overlay-color":"","overlay-opacity":"","overlay-gradient":""},"tablet":{"background-color":"","background-image":"","background-repeat":"repeat","background-position":"center center","background-size":"auto","background-attachment":"scroll","background-type":"","background-media":"","overlay-type":"","overlay-color":"","overlay-opacity":"","overlay-gradient":""},"mobile":{"background-color":"","background-image":"","background-repeat":"repeat","background-position":"center center","background-size":"auto","background-attachment":"scroll","background-type":"","background-media":"","overlay-type":"","overlay-color":"","overlay-opacity":"","overlay-gradient":""}},"ast-content-background-meta":{"desktop":{"background-color":"var(--ast-global-color-5)","background-image":"","background-repeat":"repeat","background-position":"center center","background-size":"auto","background-attachment":"scroll","background-type":"","background-media":"","overlay-type":"","overlay-color":"","overlay-opacity":"","overlay-gradient":""},"tablet":{"background-color":"var(--ast-global-color-5)","background-image":"","background-repeat":"repeat","background-position":"center center","background-size":"auto","background-attachment":"scroll","background-type":"","background-media":"","overlay-type":"","overlay-color":"","overlay-opacity":"","overlay-gradient":""},"mobile":{"background-color":"var(--ast-global-color-5)","background-image":"","background-repeat":"repeat","background-position":"center center","background-size":"auto","background-attachment":"scroll","background-type":"","background-media":"","overlay-type":"","overlay-color":"","overlay-opacity":"","overlay-gradient":""}},"_joinchat":[]},"product_brand":[],"product_cat":[15,27,51,25,123,30,26,28,31,137,136,135],"product_tag":[212,214,39,213,38],"class_list":{"0":"post-2738","1":"product","2":"type-product","3":"status-publish","4":"has-post-thumbnail","6":"product_cat-new-vape-this-week","7":"product_cat-fance-hot-sale-vape","8":"product_cat-fumot-vape","9":"product_cat-germany-best-selling-vape","10":"product_cat-italy-wholesale-vape","11":"product_cat-minimum-order-quantity-50pcs","12":"product_cat-netherlands-hot-sale-vape","13":"product_cat-poland-hot-sale-vape","14":"product_cat-randm-fumot-vape","15":"product_cat-rechargeable-vapes","16":"product_cat-smart-screen-vapes","17":"product_cat-spain-best-hot-sale-vape","18":"product_tag-fumot-12000","19":"product_tag-fumot-12k","20":"product_tag-fumot-vape","21":"product_tag-randm-12000","22":"product_tag-randm-vape","23":"desktop-align-left","24":"tablet-align-left","25":"mobile-align-left","27":"first","28":"instock","29":"sale","30":"shipping-taxable","31":"purchasable","32":"product-type-simple"},"uagb_featured_image_src":{"full":["https:\/\/rmvapesale.com\/wp-content\/uploads\/2024\/11\/Fumot-12000-Disposable-Vape-Wholesale.jpg",800,800,false],"thumbnail":["https:\/\/rmvapesale.com\/wp-content\/uploads\/2024\/11\/Fumot-12000-Disposable-Vape-Wholesale-150x150.jpg",150,150,true],"medium":["https:\/\/rmvapesale.com\/wp-content\/uploads\/2024\/11\/Fumot-12000-Disposable-Vape-Wholesale-300x300.jpg",300,300,true],"medium_large":["https:\/\/rmvapesale.com\/wp-content\/uploads\/2024\/11\/Fumot-12000-Disposable-Vape-Wholesale-768x768.jpg",768,768,true],"large":["https:\/\/rmvapesale.com\/wp-content\/uploads\/2024\/11\/Fumot-12000-Disposable-Vape-Wholesale.jpg",800,800,false],"1536x1536":["https:\/\/rmvapesale.com\/wp-content\/uploads\/2024\/11\/Fumot-12000-Disposable-Vape-Wholesale.jpg",800,800,false],"2048x2048":["https:\/\/rmvapesale.com\/wp-content\/uploads\/2024\/11\/Fumot-12000-Disposable-Vape-Wholesale.jpg",800,800,false],"trp-custom-language-flag":["https:\/\/rmvapesale.com\/wp-content\/uploads\/2024\/11\/Fumot-12000-Disposable-Vape-Wholesale.jpg",12,12,false],"woocommerce_thumbnail":["https:\/\/rmvapesale.com\/wp-content\/uploads\/2024\/11\/Fumot-12000-Disposable-Vape-Wholesale-300x300.jpg",300,300,true],"woocommerce_single":["https:\/\/rmvapesale.com\/wp-content\/uploads\/2024\/11\/Fumot-12000-Disposable-Vape-Wholesale-600x600.jpg",600,600,true],"woocommerce_gallery_thumbnail":["https:\/\/rmvapesale.com\/wp-content\/uploads\/2024\/11\/Fumot-12000-Disposable-Vape-Wholesale-100x100.jpg",100,100,true],"wcpr-photo-reviews":["https:\/\/rmvapesale.com\/wp-content\/uploads\/2024\/11\/Fumot-12000-Disposable-Vape-Wholesale.jpg",500,500,false]},"uagb_author_info":{"display_name":"AMY","author_link":"https:\/\/rmvapesale.com\/es\/author\/"},"uagb_comment_info":0,"uagb_excerpt":"Fumot Digital Box 12000 Disposable Vape RandM Vape Fumot Digital Box 12000 Puff Bulk Buy Fumot 12000 Disposable Vape All Flavor in Stock Wholesale WhatsApp: +86 17776015835 &nbsp;","_links":{"self":[{"href":"https:\/\/rmvapesale.com\/es\/wp-json\/wp\/v2\/product\/2738","targetHints":{"allow":["GET"]}}],"collection":[{"href":"https:\/\/rmvapesale.com\/es\/wp-json\/wp\/v2\/product"}],"about":[{"href":"https:\/\/rmvapesale.com\/es\/wp-json\/wp\/v2\/types\/product"}],"replies":[{"embeddable":true,"href":"https:\/\/rmvapesale.com\/es\/wp-json\/wp\/v2\/comments?post=2738"}],"wp:featuredmedia":[{"embeddable":true,"href":"https:\/\/rmvapesale.com\/es\/wp-json\/wp\/v2\/media\/2730"}],"wp:attachment":[{"href":"https:\/\/rmvapesale.com\/es\/wp-json\/wp\/v2\/media?parent=2738"}],"wp:term":[{"taxonomy":"product_brand","embeddable":true,"href":"https:\/\/rmvapesale.com\/es\/wp-json\/wp\/v2\/product_brand?post=2738"},{"taxonomy":"product_cat","embeddable":true,"href":"https:\/\/rmvapesale.com\/es\/wp-json\/wp\/v2\/product_cat?post=2738"},{"taxonomy":"product_tag","embeddable":true,"href":"https:\/\/rmvapesale.com\/es\/wp-json\/wp\/v2\/product_tag?post=2738"}],"curies":[{"name":"wp","href":"https:\/\/api.w.org\/{rel}","templated":true}]}}