{"id":2767,"date":"2024-11-21T08:44:14","date_gmt":"2024-11-21T08:44:14","guid":{"rendered":"https:\/\/rmvapesale.com\/?post_type=product&#038;p=2767"},"modified":"2024-11-21T09:11:37","modified_gmt":"2024-11-21T09:11:37","slug":"jnr-alien-10000-puffs-rechargeable-disposable-vape-bulk-price","status":"publish","type":"product","link":"https:\/\/rmvapesale.com\/es\/product\/jnr-alien-10000-puffs-rechargeable-disposable-vape-bulk-price\/","title":{"rendered":"Precio al por mayor JNR Alien 10000 Puffs Vaper desechable recargable"},"content":{"rendered":"<div class=\"B2VR9 CJHX3e\">\n<div class=\"wyccme\">\n<h1 class=\"LC20lb MBeuO DKV0Md\">Precio al por mayor JNR Alien 10000 Puffs Vaper desechable recargable<\/h1>\n<div class=\"flex-shrink-0 flex flex-col relative items-end\">\n<div class=\"pt-0\">\n<div class=\"gizmo-bot-avatar flex h-8 w-8 items-center justify-center overflow-hidden rounded-full\">\n<div class=\"relative p-1 rounded-sm flex items-center justify-center bg-token-main-surface-primary text-token-text-primary h-8 w-8\">\n<p>El <strong>JNR Alien 10000 Caladas Vape Desechable Recargable<\/strong> est\u00e1 dise\u00f1ado para aquellos que priorizan tanto la comodidad como el rendimiento. Con un pre-llenado <strong>capacidad de 20 ml de e-l\u00edquido<\/strong>, este dispositivo ofrece hasta <strong>10,000 caladas<\/strong>, asegurando sesiones de vapeo extendidas sin reemplazos frecuentes. Alimentado por una fiable <strong>bater\u00eda recargable de 850mAh<\/strong>, ofrece una producci\u00f3n de vapor consistente, y el avanzado <strong>tecnolog\u00eda de bobina de malla<\/strong> mejora tanto el sabor como la producci\u00f3n de nubes para una experiencia elevada. Alien JNR 10000 Dise\u00f1ado para <strong>vapeo MTL (boca a pulm\u00f3n)<\/strong>, este dispositivo cuenta con un sencillo <strong>mecanismo activado por aspiraci\u00f3n<\/strong>, lo que lo hace perfecto para los usuarios que prefieren la simplicidad sin comprometer el rendimiento.<\/p>\n<p>Compacto y port\u00e1til, el <strong>Vape Recargable JNR Alien 10000<\/strong> es ideal para vapear sobre la marcha. La bater\u00eda recargable soporta un uso duradero, y el dise\u00f1o ligero hace que sea f\u00e1cil de transportar. Con un <strong>opciones de concentraci\u00f3n de nicotina del 5%<\/strong>, proporciona un golpe satisfactorio que satisface a los usuarios que buscan una experiencia de vapeo fuerte pero suave. Ya sea usted un minorista o un comprador al por mayor, el <strong>JNR Alien 10000 Caladas<\/strong> ofrece un valor excepcional a <strong>precios al por mayor<\/strong>, lo que lo convierte en un producto destacado para las necesidades de venta al por mayor de vapeo.<\/p>\n<\/div>\n<\/div>\n<\/div>\n<\/div>\n<\/div>\n<\/div>\n<p><strong>\u00a1Contacta con Amy para obtener la respuesta correcta y un cup\u00f3n de vape!<\/strong><\/p>\n<p><img loading=\"lazy\" decoding=\"async\" class=\"size-full wp-image-1978\" src=\"https:\/\/rmvapesale.com\/wp-content\/uploads\/2024\/09\/Disposable-Vape-Wholesale.jpg\" alt=\"Vape Desechable al por mayor\" width=\"229\" height=\"300\" \/><\/p>\n<h3><a href=\"https:\/\/wa.me\/8617776015835\" target=\"_blank\" rel=\"noopener\"><span style=\"color: #ff0000\"><strong>WhatsApp: +86 17776015835<\/strong><\/span><\/a><\/h3>\n<p>&nbsp;<\/p>\n<h2><\/h2>\n<h2><strong>Caracter\u00edsticas principales de JNR Alien 10000 Puffs<\/strong><\/h2>\n<ul>\n<li><strong>Ofrece hasta 10,000 inhalaciones por dispositivo<\/strong><\/li>\n<li><strong>20 ml de e-l\u00edquido precargado para menos reemplazos<\/strong><\/li>\n<li><strong>Bater\u00eda recargable de 850 mAh para sesiones prolongadas<\/strong><\/li>\n<li><strong>La tecnolog\u00eda de resistencia de malla mejora el sabor y el vapor<\/strong><\/li>\n<li><strong>Dise\u00f1o compacto activado por extracci\u00f3n para un vapeo sin esfuerzo<\/strong><\/li>\n<\/ul>\n<h2><\/h2>\n<h2><strong>Mejor sabor para JNR Alien 10kPuffs<\/strong><\/h2>\n<p>1. Hielo de Drag\u00f3n Negro<br \/>\n2.Cereza Frambuesa Azul <span style=\"color: #ff0000\"><strong>&gt;&gt;&gt;&gt; \u00a1Popular!<\/strong><\/span><br \/>\n3.Hielo de Frambuesa Azul <span style=\"color: #ff0000\"><strong>&gt;&gt;&gt;&gt; \u00a1Popular!<\/strong><\/span><br \/>\n4. Chicle de Ar\u00e1ndanos<br \/>\n5. Ar\u00e1ndano, Cereza y Ar\u00e1ndano Rojo<br \/>\n6. Ar\u00e1ndano con Hielo<br \/>\n7. Frambuesa Agria de Ar\u00e1ndanos<br \/>\n8. Refresco de Cola con Cereza<br \/>\n9. Hielo de uva<br \/>\n10. Guayaba con Hielo<br \/>\n11. Guayaba, Maracuy\u00e1 y Kiwi<br \/>\n12. Fresa Kiwi<br \/>\n13. Frutos Rojos Mixtos<br \/>\n14. Mr.Blue<br \/>\n15. Fruta de la pasi\u00f3n<br \/>\n16. Baya de durazno<br \/>\n17. Caramelo de durazno y ar\u00e1ndano<br \/>\n18. Hielo de durazno<br \/>\n19. Durazno, mango y pi\u00f1a <span style=\"color: #ff0000\"><strong>&gt;&gt;&gt;&gt; \u00a1Popular!<\/strong><\/span><br \/>\n20. Manzana \u00e1cida<br \/>\n21. Fresa y pl\u00e1tano<br \/>\n22. Hielo de fresa<br \/>\n23. Hielo de fresa, frambuesa y cereza <span style=\"color: #ff0000\"><strong>&gt;&gt;&gt;&gt; \u00a1Mejor!<\/strong><\/span><br \/>\n24. Hielo de fresa y sand\u00eda<br \/>\n25. Limonada de fresa y sand\u00eda<br \/>\n26. Chicle de sand\u00eda<br \/>\n27. Hielo de sand\u00eda<br \/>\n28. Hielo de pl\u00e1tano<br \/>\n29. Ar\u00e1ndano kiwi<br \/>\n30. Cereza baya<br \/>\n31. Hielo de cola<br \/>\n32. Menta fresca<br \/>\n33. Doble manzana<br \/>\n34. Osito de goma<br \/>\n35. Hielo exuberante<br \/>\n36. Frambuesa y sand\u00eda<br \/>\n37. Caramelo de fresa con hielo<br \/>\n38. Pi\u00f1a colada de fresa<br \/>\n39. Fresa y granada<br \/>\n40. Hielo de fresa y frambuesa<br \/>\n41. Ponche tropical<br \/>\n42. Hielo de sand\u00eda Brazz<br \/>\n43. Sand\u00eda y lychee<\/p>\n<p>&nbsp;<\/p>\n<h3><strong>Por qu\u00e9 elegir Rmvapesale para Alien JNR 10000 caladas <\/strong><strong>V<\/strong><strong>Vape al por mayor<\/strong><strong>?<\/strong><\/h3>\n<div class=\"flex-shrink-0 flex flex-col relative items-end\">\n<div class=\"pt-0\">\n<div class=\"gizmo-bot-avatar flex h-8 w-8 items-center justify-center overflow-hidden rounded-full\">\n<div class=\"relative p-1 rounded-sm flex items-center justify-center bg-token-main-surface-primary text-token-text-primary h-8 w-8\">\n<p>Bienvenido a Rmvapesale, tu tienda de vapeo de confianza para vapes desechables premium. Con m\u00e1s de 5 a\u00f1os de experiencia, te traemos marcas populares de vapes desechables como Al Fakher, Vapme Vape, <a href=\"https:\/\/rmvapesale.com\/es\/product-category\/bang-vapes\/\">Vape Bang<\/a>, Waspe, WGA Vape y<a href=\"https:\/\/rmvapesale.com\/es\/product-category\/randm-fumot-vape\/\"> RandM Vape<\/a>.<\/p>\n<p>Nuestra gama incluye vapes de gran venta como el <a href=\"https:\/\/rmvapesale.com\/es\/product\/randm-tornado-15000-puffs-vape-wholesale\/\">RandM Tornado 15000<\/a> y opciones ricas en sabor como el Vapme 70000. Cada producto se elige con un enfoque en la calidad, el valor y la variedad, asegurando que encuentres la combinaci\u00f3n perfecta para tus necesidades. Descubre un servicio excepcional y una amplia gama de productos de primera calidad en Rmvapesale.<\/p>\n<\/div>\n<h3><\/h3>\n<div class=\"relative p-1 rounded-sm flex items-center justify-center bg-token-main-surface-primary text-token-text-primary h-8 w-8\">\n<h3><b> Preguntas Frecuentes Para <\/b><b>Vape Desechable Recargable Alien JNR 10000<\/b><\/h3>\n<div class=\"group\/conversation-turn relative flex w-full min-w-0 flex-col agent-turn\">\n<div class=\"flex-col gap-1 md:gap-3\">\n<div class=\"flex max-w-full flex-col flex-grow\">\n<div class=\"min-h-8 text-message flex w-full flex-col items-end gap-2 whitespace-normal break-words [.text-message+&amp;]:mt-5\" dir=\"auto\" data-message-author-role=\"assistant\" data-message-id=\"00c9b302-bc9c-4550-94ba-5a295efa2be3\" data-message-model-slug=\"gpt-4o\">\n<div class=\"flex w-full flex-col gap-1 empty:hidden first:pt-[3px]\">\n<div class=\"markdown prose w-full break-words dark:prose-invert light\">\n<div class=\"flex-shrink-0 flex flex-col relative items-end\">\n<div>\n<div class=\"pt-0\">\n<div class=\"gizmo-bot-avatar flex h-8 w-8 items-center justify-center overflow-hidden rounded-full\">\n<div class=\"relative p-1 rounded-sm flex items-center justify-center bg-token-main-surface-primary text-token-text-primary h-8 w-8\">\n<div class=\"flex-shrink-0 flex flex-col relative items-end\">\n<div>\n<div class=\"pt-0\">\n<div class=\"gizmo-bot-avatar flex h-8 w-8 items-center justify-center overflow-hidden rounded-full\">\n<div class=\"relative p-1 rounded-sm flex items-center justify-center bg-token-main-surface-primary text-token-text-primary h-8 w-8\">\n<p><strong>1. \u00bfCu\u00e1nta nicotina contiene un Vape Desechable JNR 10000?<\/strong><br \/>\nEl <strong>Vape Desechable JNR Alien 10k<\/strong> contiene <strong>Concentraci\u00f3n de nicotina 5% (50mg)<\/strong>, ofreciendo una experiencia de nicotina potente pero suave.<\/p>\n<p><strong>2. \u00bfD\u00f3nde puedo comprar JNR Alien 10k Puffs a precio mayorista?<\/strong><br \/>\nPuede adquirir los <strong>JNR Alien 10k Puffs<\/strong> at <strong>precios al por mayor<\/strong> a trav\u00e9s de mayoristas, distribuidores o plataformas en l\u00ednea de confianza especializadas en la venta al por mayor de vapes.<\/p>\n<p><strong>3. \u00bfC\u00f3mo s\u00e9 cu\u00e1ndo mi Vape Inteligente JNR 10000 Puffs est\u00e1 vac\u00edo?<\/strong><br \/>\nTu <strong>Vape JNR 10000<\/strong> podr\u00eda estar vac\u00edo si notas un sabor a quemado o desagradable, una producci\u00f3n de vapor reducida o si el dispositivo ya no se activa cuando se usa.<\/p>\n<p><strong>4. \u00bfCu\u00e1nto dura el sabor en el vape desechable JNR 10000?<\/strong><br \/>\nLos sabores en el <strong>JNR Alien 10000<\/strong> siguen siendo consistentes y satisfactorios durante toda su vida \u00fatil <strong>10,000 caladas<\/strong>, asegurando que no haya compromisos en el sabor.<\/p>\n<p><strong>5. \u00bfCu\u00e1les son los sabores populares para el vape desechable JNR Alien 10k Puffs?<\/strong><br \/>\nLos sabores principales para el <strong>JNR Alien 10k Puffs<\/strong> incluyen Mango Ice, Strawberry Watermelon, Blueberry Raspberry y Cool Mint, que satisfacen una variedad de preferencias.<\/p>\n<p><strong>6. \u00bfCu\u00e1ntes caladas proporciona el Vape JNR 10000?<\/strong><br \/>\nEl <strong>Vape JNR Alien 10k<\/strong> ofrece <strong>10,000 caladas<\/strong>, convirti\u00e9ndolo en una opci\u00f3n duradera y conveniente para vapear intensamente o de forma ocasional.<\/p>\n<p><strong>7. \u00bfCu\u00e1nto tiempo tarda en cargar un Vape recargable JNR 10000 Puffs?<\/strong><br \/>\nEl <strong>Vape JNR 10000 Puffs<\/strong> se carga completamente en aproximadamente <strong>1 a 1.5 horas<\/strong>, gracias a su eficiente <strong>con puerto de carga Tipo-C<\/strong>.<\/p>\n<\/div>\n<\/div>\n<\/div>\n<\/div>\n<\/div>\n<\/div>\n<\/div>\n<\/div>\n<\/div>\n<\/div>\n<div class=\"group\/conversation-turn relative flex w-full min-w-0 flex-col agent-turn\">\n<div class=\"flex-col gap-1 md:gap-3\">\n<div class=\"flex max-w-full flex-col flex-grow\">\n<div class=\"min-h-8 text-message flex w-full flex-col items-end gap-2 whitespace-normal break-words [.text-message+&amp;]:mt-5\" dir=\"auto\" data-message-author-role=\"assistant\" data-message-id=\"a3dc01bd-23b0-4fd7-bb9a-7827522cefd8\" data-message-model-slug=\"gpt-4o\">\n<div class=\"flex w-full flex-col gap-1 empty:hidden first:pt-[3px]\"><\/div>\n<\/div>\n<\/div>\n<\/div>\n<\/div>\n<\/div>\n<\/div>\n<\/div>\n<\/div>\n<\/div>\n<\/div>\n<\/div>\n<\/div>\n<\/div>\n<\/div>\n<h3>Sobre el env\u00edo<\/h3>\n<div class=\"flex-shrink-0 flex flex-col relative items-end\">\n<div>\n<div class=\"pt-0\">\n<div class=\"gizmo-bot-avatar flex h-8 w-8 items-center justify-center overflow-hidden rounded-full\">\n<div><\/div>\n<div class=\"relative p-1 rounded-sm flex items-center justify-center bg-token-main-surface-primary text-token-text-primary h-8 w-8\"><strong>1. \u00bfQu\u00e9 m\u00e9todos de env\u00edo se utilizan?<\/strong><\/div>\n<\/div>\n<\/div>\n<\/div>\n<\/div>\n<div class=\"group\/conversation-turn relative flex w-full min-w-0 flex-col agent-turn\">\n<div class=\"flex-col gap-1 md:gap-3\">\n<div class=\"flex max-w-full flex-col flex-grow\">\n<div class=\"min-h-[20px] text-message flex w-full flex-col items-end gap-2 whitespace-normal break-words [.text-message+&amp;]:mt-5 overflow-x-auto\" dir=\"auto\" data-message-author-role=\"assistant\" data-message-id=\"22f8283b-3233-46ff-89a5-c7a41b33abda\">\n<div class=\"flex w-full flex-col gap-1 empty:hidden first:pt-[3px]\">\n<div class=\"markdown prose w-full break-words dark:prose-invert light\">\n<p>Trabajamos con UPS, DHL, FedEx, DPD y otros transportistas l\u00edderes. Seleccionaremos el mejor m\u00e9todo de env\u00edo seg\u00fan su lugar de entrega para garantizar que reciba sus productos lo m\u00e1s r\u00e1pido posible.<\/p>\n<\/div>\n<p><strong>2. \u00bfCu\u00e1nto tiempo tarda en llegar?<\/strong><\/p>\n<p>Los paquetes enviados a Espa\u00f1a suelen llegar en 10 d\u00edas laborables. El env\u00edo a pa\u00edses europeos generalmente tarda entre 12 y 15 d\u00edas h\u00e1biles. Proporcionaremos actualizaciones en tiempo real sobre el estado de su env\u00edo.<\/p>\n<\/div>\n<\/div>\n<\/div>\n<\/div>\n<\/div>\n<p>&nbsp;<\/p>\n<p>Encuentra m\u00e1s productos de Vape que te puedan gustar:<strong><em><a href=\"https:\/\/rmvapesale.com\/es\/shop-2\/\">comprar ahora &gt;&gt;&gt;<\/a><\/em><\/strong><\/p>","protected":false},"excerpt":{"rendered":"<p>El <strong>JNR Alien 10000 Caladas Vape Desechable Recargable<\/strong> est\u00e1 dise\u00f1ado para aquellos que priorizan tanto la comodidad como el rendimiento. Con un pre-llenado <strong>capacidad de 20 ml de e-l\u00edquido<\/strong>, este dispositivo ofrece hasta <strong>10,000 caladas<\/strong>, asegurando sesiones de vapeo extendidas sin reemplazos frecuentes.<\/p>\n<p><img loading=\"lazy\" decoding=\"async\" class=\"size-full wp-image-2375\" src=\"https:\/\/rmvapesale.com\/wp-content\/uploads\/2024\/10\/image.png\" alt=\"Mejor Vape Desechable\" width=\"229\" height=\"300\" \/><\/p>\n<h3><a href=\"https:\/\/wa.me\/8617776015835\"><span style=\"color: #ff0000\"><strong>WhatsApp: +86 17776015835<\/strong><\/span><\/a><\/h3>\n<p>&nbsp;<\/p>","protected":false},"featured_media":2762,"comment_status":"open","ping_status":"closed","template":"","meta":{"_uag_custom_page_level_css":"","_lmt_disableupdate":"no","_lmt_disable":"","site-sidebar-layout":"default","site-content-layout":"content-boxed-container","ast-site-content-layout":"normal-width-container","site-content-style":"boxed","site-sidebar-style":"unboxed","ast-global-header-display":"","ast-banner-title-visibility":"","ast-main-header-display":"","ast-hfb-above-header-display":"","ast-hfb-below-header-display":"","ast-hfb-mobile-header-display":"","site-post-title":"","ast-breadcrumbs-content":"","ast-featured-img":"","footer-sml-layout":"","ast-disable-related-posts":"","theme-transparent-header-meta":"default","adv-header-id-meta":"","stick-header-meta":"","header-above-stick-meta":"","header-main-stick-meta":"","header-below-stick-meta":"","astra-migrate-meta-layouts":"set","ast-page-background-enabled":"default","ast-page-background-meta":{"desktop":{"background-color":"var(--ast-global-color-4)","background-image":"","background-repeat":"repeat","background-position":"center center","background-size":"auto","background-attachment":"scroll","background-type":"","background-media":"","overlay-type":"","overlay-color":"","overlay-opacity":"","overlay-gradient":""},"tablet":{"background-color":"","background-image":"","background-repeat":"repeat","background-position":"center center","background-size":"auto","background-attachment":"scroll","background-type":"","background-media":"","overlay-type":"","overlay-color":"","overlay-opacity":"","overlay-gradient":""},"mobile":{"background-color":"","background-image":"","background-repeat":"repeat","background-position":"center center","background-size":"auto","background-attachment":"scroll","background-type":"","background-media":"","overlay-type":"","overlay-color":"","overlay-opacity":"","overlay-gradient":""}},"ast-content-background-meta":{"desktop":{"background-color":"var(--ast-global-color-5)","background-image":"","background-repeat":"repeat","background-position":"center center","background-size":"auto","background-attachment":"scroll","background-type":"","background-media":"","overlay-type":"","overlay-color":"","overlay-opacity":"","overlay-gradient":""},"tablet":{"background-color":"var(--ast-global-color-5)","background-image":"","background-repeat":"repeat","background-position":"center center","background-size":"auto","background-attachment":"scroll","background-type":"","background-media":"","overlay-type":"","overlay-color":"","overlay-opacity":"","overlay-gradient":""},"mobile":{"background-color":"var(--ast-global-color-5)","background-image":"","background-repeat":"repeat","background-position":"center center","background-size":"auto","background-attachment":"scroll","background-type":"","background-media":"","overlay-type":"","overlay-color":"","overlay-opacity":"","overlay-gradient":""}},"_joinchat":[]},"product_brand":[],"product_cat":[15,27,25,123,30,26,28,137,136,135],"product_tag":[223,224,205],"class_list":{"0":"post-2767","1":"product","2":"type-product","3":"status-publish","4":"has-post-thumbnail","6":"product_cat-new-vape-this-week","7":"product_cat-fance-hot-sale-vape","8":"product_cat-germany-best-selling-vape","9":"product_cat-italy-wholesale-vape","10":"product_cat-minimum-order-quantity-50pcs","11":"product_cat-netherlands-hot-sale-vape","12":"product_cat-poland-hot-sale-vape","13":"product_cat-rechargeable-vapes","14":"product_cat-smart-screen-vapes","15":"product_cat-spain-best-hot-sale-vape","16":"product_tag-jnr","17":"product_tag-jnr-10000","18":"product_tag-jnr-vape","19":"desktop-align-left","20":"tablet-align-left","21":"mobile-align-left","23":"first","24":"instock","25":"sale","26":"shipping-taxable","27":"purchasable","28":"product-type-simple"},"uagb_featured_image_src":{"full":["https:\/\/rmvapesale.com\/wp-content\/uploads\/2024\/11\/JNR-Alien-10000-Puffs-Bulk-Price.png",800,800,false],"thumbnail":["https:\/\/rmvapesale.com\/wp-content\/uploads\/2024\/11\/JNR-Alien-10000-Puffs-Bulk-Price-150x150.png",150,150,true],"medium":["https:\/\/rmvapesale.com\/wp-content\/uploads\/2024\/11\/JNR-Alien-10000-Puffs-Bulk-Price-300x300.png",300,300,true],"medium_large":["https:\/\/rmvapesale.com\/wp-content\/uploads\/2024\/11\/JNR-Alien-10000-Puffs-Bulk-Price-768x768.png",768,768,true],"large":["https:\/\/rmvapesale.com\/wp-content\/uploads\/2024\/11\/JNR-Alien-10000-Puffs-Bulk-Price.png",800,800,false],"1536x1536":["https:\/\/rmvapesale.com\/wp-content\/uploads\/2024\/11\/JNR-Alien-10000-Puffs-Bulk-Price.png",800,800,false],"2048x2048":["https:\/\/rmvapesale.com\/wp-content\/uploads\/2024\/11\/JNR-Alien-10000-Puffs-Bulk-Price.png",800,800,false],"trp-custom-language-flag":["https:\/\/rmvapesale.com\/wp-content\/uploads\/2024\/11\/JNR-Alien-10000-Puffs-Bulk-Price.png",12,12,false],"woocommerce_thumbnail":["https:\/\/rmvapesale.com\/wp-content\/uploads\/2024\/11\/JNR-Alien-10000-Puffs-Bulk-Price-300x300.png",300,300,true],"woocommerce_single":["https:\/\/rmvapesale.com\/wp-content\/uploads\/2024\/11\/JNR-Alien-10000-Puffs-Bulk-Price-600x600.png",600,600,true],"woocommerce_gallery_thumbnail":["https:\/\/rmvapesale.com\/wp-content\/uploads\/2024\/11\/JNR-Alien-10000-Puffs-Bulk-Price-100x100.png",100,100,true],"wcpr-photo-reviews":["https:\/\/rmvapesale.com\/wp-content\/uploads\/2024\/11\/JNR-Alien-10000-Puffs-Bulk-Price.png",500,500,false]},"uagb_author_info":{"display_name":"AMY","author_link":"https:\/\/rmvapesale.com\/es\/author\/"},"uagb_comment_info":0,"uagb_excerpt":"The JNR Alien 10000 Puffs Rechargeable Disposable Vape is engineered for those who prioritize both convenience and performance. With a pre-filled 20ml e-liquid capacity, this device offers up to 10,000 puffs, ensuring extended vaping sessions without frequent replacements. WhatsApp: +86 17776015835 &nbsp;","_links":{"self":[{"href":"https:\/\/rmvapesale.com\/es\/wp-json\/wp\/v2\/product\/2767","targetHints":{"allow":["GET"]}}],"collection":[{"href":"https:\/\/rmvapesale.com\/es\/wp-json\/wp\/v2\/product"}],"about":[{"href":"https:\/\/rmvapesale.com\/es\/wp-json\/wp\/v2\/types\/product"}],"replies":[{"embeddable":true,"href":"https:\/\/rmvapesale.com\/es\/wp-json\/wp\/v2\/comments?post=2767"}],"wp:featuredmedia":[{"embeddable":true,"href":"https:\/\/rmvapesale.com\/es\/wp-json\/wp\/v2\/media\/2762"}],"wp:attachment":[{"href":"https:\/\/rmvapesale.com\/es\/wp-json\/wp\/v2\/media?parent=2767"}],"wp:term":[{"taxonomy":"product_brand","embeddable":true,"href":"https:\/\/rmvapesale.com\/es\/wp-json\/wp\/v2\/product_brand?post=2767"},{"taxonomy":"product_cat","embeddable":true,"href":"https:\/\/rmvapesale.com\/es\/wp-json\/wp\/v2\/product_cat?post=2767"},{"taxonomy":"product_tag","embeddable":true,"href":"https:\/\/rmvapesale.com\/es\/wp-json\/wp\/v2\/product_tag?post=2767"}],"curies":[{"name":"wp","href":"https:\/\/api.w.org\/{rel}","templated":true}]}}