{"id":2799,"date":"2024-11-28T03:16:57","date_gmt":"2024-11-28T03:16:57","guid":{"rendered":"https:\/\/rmvapesale.com\/?post_type=product&#038;p=2799"},"modified":"2024-11-28T03:38:01","modified_gmt":"2024-11-28T03:38:01","slug":"wga-30000-puffs-double-flavors-refillable-disposable-vape-bulk-price","status":"publish","type":"product","link":"https:\/\/rmvapesale.com\/es\/product\/wga-30000-puffs-double-flavors-refillable-disposable-vape-bulk-price\/","title":{"rendered":"WGA 30000 Puffs Doble Sabor Vaporizador Desechable Rellenable Precio al por Mayor"},"content":{"rendered":"<div class=\"B2VR9 CJHX3e\">\n<div class=\"wyccme\">\n<h1 class=\"LC20lb MBeuO DKV0Md\">WGA 30000 Puffs Doble Sabores Vape Desechable Recargable Precio al por mayor<\/h1>\n<div class=\"flex-shrink-0 flex flex-col relative items-end\">\n<div class=\"pt-0\">\n<div class=\"gizmo-bot-avatar flex h-8 w-8 items-center justify-center overflow-hidden rounded-full\">\n<div class=\"relative p-1 rounded-sm flex items-center justify-center bg-token-main-surface-primary text-token-text-primary h-8 w-8\">\n<p>El <strong>WGA 30000 Puffs Doble Sabores Vape Desechable Recargable<\/strong>, un dispositivo revolucionario dise\u00f1ado para vapearistas que buscan versatilidad y rendimiento incomparables. Con una capacidad de <strong>30.000 caladas<\/strong>, este vape ofrece una experiencia incre\u00edblemente duradera, perfecta para uso prolongado o compras al por mayor. El <strong>sistema de doble sabor<\/strong> permite a los usuarios cambiar sin problemas entre dos sabores, proporcionando una experiencia de vapeo din\u00e1mica que nunca es mon\u00f3tona. Cada dispositivo cuenta con una <strong>capacidad de e-l\u00edquido prellenado de 2ml<\/strong> , junto con un compartimento adicional de <strong>20ml recargable<\/strong>, asegurando flexibilidad y mayor control del sabor. Alimentado por una <strong>bater\u00eda recargable de 650mAh con puerto Type-C<\/strong> y equipado con un <strong>bobina de malla<\/strong>, este dispositivo ofrece vapor constante y suave con sabor \u00f3ptimo.<\/p>\n<p>El <strong>El vape WGA 30k<\/strong> est\u00e1 dise\u00f1ado para la comodidad y funcionalidad, con un <strong>Pantalla digital LED<\/strong> que te mantiene informado sobre los niveles de bater\u00eda y e-l\u00edquido. Con un <strong>2% de concentraci\u00f3n de nicotina<\/strong>, satisface a quienes buscan una opci\u00f3n de vapeo con nicotina baja y satisfactoria. Elige entre <strong>15+ sabores premium<\/strong>, cada uno dise\u00f1ado para ofrecer una experiencia de sabor excepcional. Perfecto para compradores al por mayor o usuarios individuales, este wga 30k <strong>vaporizador desechable inteligente<\/strong> combina estilo, innovaci\u00f3n y rendimiento para una experiencia de vapeo elevada.<\/p>\n<\/div>\n<\/div>\n<\/div>\n<\/div>\n<\/div>\n<\/div>\n<p><strong>\u00a1Contacta con Amy para obtener la respuesta correcta y un cup\u00f3n de vape!<\/strong><\/p>\n<p><img loading=\"lazy\" decoding=\"async\" class=\"size-full wp-image-1978\" src=\"https:\/\/rmvapesale.com\/wp-content\/uploads\/2024\/09\/Disposable-Vape-Wholesale.jpg\" alt=\"Vape Desechable al por mayor\" width=\"229\" height=\"300\" \/><\/p>\n<h3><a href=\"https:\/\/wa.me\/8617776015835\" target=\"_blank\" rel=\"noopener\"><span style=\"color: #ff0000\"><strong>WhatsApp: +86 17776015835<\/strong><\/span><\/a><\/h3>\n<p>&nbsp;<\/p>\n<h2><\/h2>\n<h2><strong>Caracter\u00edsticas clave de WGA 30000 caladas<\/strong><\/h2>\n<ul>\n<li>Hasta <strong>30.000 caladas<\/strong> para un uso prolongado<\/li>\n<li><strong>Sistema de doble sabor<\/strong> para una experiencia din\u00e1mica y personalizable<\/li>\n<li><strong>bater\u00eda recargable de 650mAh con puerto Type-C<\/strong> garantiza una recarga r\u00e1pida<\/li>\n<li><strong>pantalla LED<\/strong> muestra los niveles de bater\u00eda y de e-l\u00edquido<\/li>\n<li>Incluye <strong>Capacidad de e-l\u00edquido recargable de 2ml+20ml<\/strong> para mayor flexibilidad<\/li>\n<\/ul>\n<h2><strong>Sabor principal para WGA 30K<\/strong><\/h2>\n<p>1. Menta Glaciar + Triple Mentol<br \/>\n2. Limonada Lima + Granizado de Lim\u00f3n<br \/>\n3. Cereza Fizz + Frambuesa de Cereza <span style=\"color: #ff0000\"><strong>&gt;&gt;&gt;&gt; \u00a1Popular!<\/strong><\/span><br \/>\n4. Sand\u00eda con Hielo + Manzana Doble<br \/>\n5. Pi\u00f1a con Hielo + Mango Jugoso<br \/>\n6. Osito Gominola + Skittles<br \/>\n7. Cereza Blue Razz + Skittles<br \/>\n8. Se\u00f1or Azul + Frambuesa \u00c1cida Azul <span style=\"color: #ff0000\"><strong>&gt;&gt;&gt;&gt; \u00a1Popular!<\/strong><\/span><br \/>\n9. Uva Sakura + Oso de Goma Uva<br \/>\n10. Ar\u00e1ndano Frambuesa Cereza + Ar\u00e1ndano Fresa Cereza<br \/>\n11. Durazno Jugoso + Durazno Mango Sand\u00eda<br \/>\n12. Fresa Frambuesa Hielo + Skittles de Fresa <span style=\"color: #ff0000\"><strong>&gt;&gt;&gt;&gt; \u00a1Mejor!<\/strong><\/span><br \/>\n13. Hielo de Ar\u00e1ndano + Hielo de Fresa<br \/>\n14. Durazno Guayaba Fresa + Durazno Jugoso<br \/>\n15. Granizado Azul + Granizado Rosa<\/p>\n<p>&nbsp;<\/p>\n<h3><strong>Por qu\u00e9 elegir Rmvapesale para WGA 30000 caladas <\/strong><strong>V<\/strong><strong>Vape al por mayor<\/strong><strong>?<\/strong><\/h3>\n<div class=\"flex-shrink-0 flex flex-col relative items-end\">\n<div class=\"pt-0\">\n<div class=\"gizmo-bot-avatar flex h-8 w-8 items-center justify-center overflow-hidden rounded-full\">\n<div class=\"relative p-1 rounded-sm flex items-center justify-center bg-token-main-surface-primary text-token-text-primary h-8 w-8\">\n<p>Bienvenido a Rmvapesale, tu tienda de vapeo de confianza para vapes desechables premium. Con m\u00e1s de 5 a\u00f1os de experiencia, te traemos marcas populares de vapes desechables como Al Fakher, Vapme Vape, <a href=\"https:\/\/rmvapesale.com\/es\/product-category\/bang-vapes\/\">Vape Bang<\/a>, Waspe, WGA Vape y<a href=\"https:\/\/rmvapesale.com\/es\/product-category\/randm-fumot-vape\/\"> RandM Vape<\/a>.<\/p>\n<p>Nuestra gama incluye vapes de gran venta como el <a href=\"https:\/\/rmvapesale.com\/es\/product\/randm-tornado-15000-puffs-vape-wholesale\/\">RandM Tornado 15000<\/a> y opciones ricas en sabor como el Vapme 70000. Cada producto se elige con un enfoque en la calidad, el valor y la variedad, asegurando que encuentres la combinaci\u00f3n perfecta para tus necesidades. Descubre un servicio excepcional y una amplia gama de productos de primera calidad en Rmvapesale.<\/p>\n<\/div>\n<h3><\/h3>\n<div class=\"relative p-1 rounded-sm flex items-center justify-center bg-token-main-surface-primary text-token-text-primary h-8 w-8\">\n<h3><b> Preguntas Frecuentes Para <\/b><b>Vape Descartable Recargable WGA 30K<\/b><\/h3>\n<div class=\"group\/conversation-turn relative flex w-full min-w-0 flex-col agent-turn\">\n<div class=\"flex-col gap-1 md:gap-3\">\n<div class=\"flex max-w-full flex-col flex-grow\">\n<div class=\"min-h-8 text-message flex w-full flex-col items-end gap-2 whitespace-normal break-words [.text-message+&amp;]:mt-5\" dir=\"auto\" data-message-author-role=\"assistant\" data-message-id=\"00c9b302-bc9c-4550-94ba-5a295efa2be3\" data-message-model-slug=\"gpt-4o\">\n<div class=\"flex w-full flex-col gap-1 empty:hidden first:pt-[3px]\">\n<div class=\"markdown prose w-full break-words dark:prose-invert light\">\n<div class=\"flex-shrink-0 flex flex-col relative items-end\">\n<div>\n<div class=\"pt-0\">\n<div class=\"gizmo-bot-avatar flex h-8 w-8 items-center justify-center overflow-hidden rounded-full\">\n<div class=\"relative p-1 rounded-sm flex items-center justify-center bg-token-main-surface-primary text-token-text-primary h-8 w-8\">\n<div class=\"flex-shrink-0 flex flex-col relative items-end\">\n<div>\n<div class=\"pt-0\">\n<div class=\"gizmo-bot-avatar flex h-8 w-8 items-center justify-center overflow-hidden rounded-full\">\n<div class=\"relative p-1 rounded-sm flex items-center justify-center bg-token-main-surface-primary text-token-text-primary h-8 w-8\">\n<ul>\n<li><strong>D\u00f3nde comprar el vape WGA 30k al precio mayorista en Espa\u00f1a<\/strong><br \/>\nPuede adquirir los <strong>El vape WGA 30k<\/strong> a precios mayoristas a trav\u00e9s de minoristas en l\u00ednea confiables y distribuidores de vape que env\u00edan a Espa\u00f1a. Aseg\u00farate de elegir proveedores de confianza especializados en <strong>vape al por mayor<\/strong> para productos aut\u00e9nticos.<\/li>\n<li><strong>\u00bfCu\u00e1ntas caladas proporciona el vape desechable WGA 30k?<\/strong><br \/>\nEl <strong>El vape WGA 30k<\/strong> proporciona unas impresionantes <strong>30.000 caladas<\/strong>, ideal para uso prolongado y compradores al por mayor.<\/li>\n<li><strong>\u00bfCu\u00e1nto tiempo dura el popular bol\u00edgrafo vape desechable WGA 30000?<\/strong><br \/>\nLa vida \u00fatil del <strong>vape WGA 30000<\/strong> depende de los h\u00e1bitos de uso individuales. En promedio, los usuarios habituales pueden encontrar que dura entre <strong>2 a 4 semanas<\/strong>.<\/li>\n<li><strong>\u00bfCu\u00e1les son los sabores populares para la caja de vape desechable WGA 30k Puff?<\/strong><br \/>\nSabores populares para el <strong>El vape WGA 30k<\/strong> incluyen <strong>Hielo de Frambuesa Azul<\/strong>, <strong>Fresa Pl\u00e1tano<\/strong>, <strong>Menta Fresca<\/strong>, y otras opciones disponibles en <strong>15+ sabores premium<\/strong> disponibles.<\/li>\n<li><strong>\u00bfCu\u00e1nto tiempo tarda en cargar un vape recargable WGA LEGEND ULTRA 30K caladas?<\/strong><br \/>\nEl <strong>WGA LEGEND ULTRA 30k<\/strong> el vape cuenta con un <strong>bater\u00eda recargable de 650mAh con puerto Type-C<\/strong>, que generalmente tarda aproximadamente <strong>45 minutos a 1 hora<\/strong> para cargarse completamente.<\/li>\n<li><strong>\u00bfCu\u00e1nta nicotina tiene un cigarrillo desechable WGA LEGEND ULTRA 30000?<\/strong><br \/>\nEl <strong>Vape desechable WGA LEGEND ULTRA 30000<\/strong> contiene <strong>2% de concentraci\u00f3n de nicotina<\/strong>, ofreciendo una experiencia satisfactoria pero con poca nicotina.<\/li>\n<\/ul>\n<\/div>\n<\/div>\n<\/div>\n<\/div>\n<\/div>\n<\/div>\n<\/div>\n<\/div>\n<\/div>\n<\/div>\n<div class=\"group\/conversation-turn relative flex w-full min-w-0 flex-col agent-turn\">\n<div class=\"flex-col gap-1 md:gap-3\">\n<div class=\"flex max-w-full flex-col flex-grow\">\n<div class=\"min-h-8 text-message flex w-full flex-col items-end gap-2 whitespace-normal break-words [.text-message+&amp;]:mt-5\" dir=\"auto\" data-message-author-role=\"assistant\" data-message-id=\"a3dc01bd-23b0-4fd7-bb9a-7827522cefd8\" data-message-model-slug=\"gpt-4o\">\n<div class=\"flex w-full flex-col gap-1 empty:hidden first:pt-[3px]\"><\/div>\n<\/div>\n<\/div>\n<\/div>\n<\/div>\n<\/div>\n<\/div>\n<\/div>\n<\/div>\n<\/div>\n<\/div>\n<\/div>\n<\/div>\n<\/div>\n<\/div>\n<h3>Sobre el env\u00edo<\/h3>\n<div class=\"flex-shrink-0 flex flex-col relative items-end\">\n<div>\n<div class=\"pt-0\">\n<div class=\"gizmo-bot-avatar flex h-8 w-8 items-center justify-center overflow-hidden rounded-full\">\n<div><\/div>\n<div class=\"relative p-1 rounded-sm flex items-center justify-center bg-token-main-surface-primary text-token-text-primary h-8 w-8\"><strong>1. \u00bfQu\u00e9 m\u00e9todos de env\u00edo se utilizan?<\/strong><\/div>\n<\/div>\n<\/div>\n<\/div>\n<\/div>\n<div class=\"group\/conversation-turn relative flex w-full min-w-0 flex-col agent-turn\">\n<div class=\"flex-col gap-1 md:gap-3\">\n<div class=\"flex max-w-full flex-col flex-grow\">\n<div class=\"min-h-[20px] text-message flex w-full flex-col items-end gap-2 whitespace-normal break-words [.text-message+&amp;]:mt-5 overflow-x-auto\" dir=\"auto\" data-message-author-role=\"assistant\" data-message-id=\"22f8283b-3233-46ff-89a5-c7a41b33abda\">\n<div class=\"flex w-full flex-col gap-1 empty:hidden first:pt-[3px]\">\n<div class=\"markdown prose w-full break-words dark:prose-invert light\">\n<p>Trabajamos con UPS, DHL, FedEx, DPD y otros transportistas l\u00edderes. Seleccionaremos el mejor m\u00e9todo de env\u00edo seg\u00fan su lugar de entrega para garantizar que reciba sus productos lo m\u00e1s r\u00e1pido posible.<\/p>\n<\/div>\n<p><strong>2. \u00bfCu\u00e1nto tiempo tarda en llegar?<\/strong><\/p>\n<p>Los paquetes enviados a Espa\u00f1a suelen llegar en 10 d\u00edas laborables. El env\u00edo a pa\u00edses europeos generalmente tarda entre 12 y 15 d\u00edas h\u00e1biles. Proporcionaremos actualizaciones en tiempo real sobre el estado de su env\u00edo.<\/p>\n<\/div>\n<\/div>\n<\/div>\n<\/div>\n<\/div>\n<p>&nbsp;<\/p>\n<p>Encuentra m\u00e1s productos de Vape que te puedan gustar:<strong><em><a href=\"https:\/\/rmvapesale.com\/es\/shop-2\/\">comprar ahora &gt;&gt;&gt;<\/a><\/em><\/strong><\/p>","protected":false},"excerpt":{"rendered":"<p>El <strong>WGA 30000 Puffs Doble Sabores Vape Desechable Recargable<\/strong>, un dispositivo revolucionario dise\u00f1ado para vapearistas que buscan versatilidad y rendimiento incomparables. Con una capacidad de <strong>30.000 caladas.<\/strong><\/p>\n<p><img loading=\"lazy\" decoding=\"async\" class=\"size-full wp-image-2375\" src=\"https:\/\/rmvapesale.com\/wp-content\/uploads\/2024\/10\/image.png\" alt=\"Mejor Vape Desechable\" width=\"229\" height=\"300\" \/><\/p>\n<h3><a href=\"https:\/\/wa.me\/8617776015835\"><span style=\"color: #ff0000\"><strong>WhatsApp: +86 17776015835<\/strong><\/span><\/a><\/h3>\n<p>&nbsp;<\/p>","protected":false},"featured_media":2796,"comment_status":"open","ping_status":"closed","template":"","meta":{"_uag_custom_page_level_css":"","_lmt_disableupdate":"no","_lmt_disable":"","site-sidebar-layout":"default","site-content-layout":"content-boxed-container","ast-site-content-layout":"normal-width-container","site-content-style":"boxed","site-sidebar-style":"unboxed","ast-global-header-display":"","ast-banner-title-visibility":"","ast-main-header-display":"","ast-hfb-above-header-display":"","ast-hfb-below-header-display":"","ast-hfb-mobile-header-display":"","site-post-title":"","ast-breadcrumbs-content":"","ast-featured-img":"","footer-sml-layout":"","theme-transparent-header-meta":"default","adv-header-id-meta":"","stick-header-meta":"","header-above-stick-meta":"","header-main-stick-meta":"","header-below-stick-meta":"","astra-migrate-meta-layouts":"set","ast-page-background-enabled":"default","ast-page-background-meta":{"desktop":{"background-color":"var(--ast-global-color-4)","background-image":"","background-repeat":"repeat","background-position":"center center","background-size":"auto","background-attachment":"scroll","background-type":"","background-media":"","overlay-type":"","overlay-color":"","overlay-opacity":"","overlay-gradient":""},"tablet":{"background-color":"","background-image":"","background-repeat":"repeat","background-position":"center center","background-size":"auto","background-attachment":"scroll","background-type":"","background-media":"","overlay-type":"","overlay-color":"","overlay-opacity":"","overlay-gradient":""},"mobile":{"background-color":"","background-image":"","background-repeat":"repeat","background-position":"center center","background-size":"auto","background-attachment":"scroll","background-type":"","background-media":"","overlay-type":"","overlay-color":"","overlay-opacity":"","overlay-gradient":""}},"ast-content-background-meta":{"desktop":{"background-color":"var(--ast-global-color-5)","background-image":"","background-repeat":"repeat","background-position":"center center","background-size":"auto","background-attachment":"scroll","background-type":"","background-media":"","overlay-type":"","overlay-color":"","overlay-opacity":"","overlay-gradient":""},"tablet":{"background-color":"var(--ast-global-color-5)","background-image":"","background-repeat":"repeat","background-position":"center center","background-size":"auto","background-attachment":"scroll","background-type":"","background-media":"","overlay-type":"","overlay-color":"","overlay-opacity":"","overlay-gradient":""},"mobile":{"background-color":"var(--ast-global-color-5)","background-image":"","background-repeat":"repeat","background-position":"center center","background-size":"auto","background-attachment":"scroll","background-type":"","background-media":"","overlay-type":"","overlay-color":"","overlay-opacity":"","overlay-gradient":""}},"_joinchat":[]},"product_brand":[],"product_cat":[15,25,123,26,28,135,27,137,136,30],"product_tag":[229,232,69],"class_list":{"0":"post-2799","1":"product","2":"type-product","3":"status-publish","4":"has-post-thumbnail","6":"product_cat-new-vape-this-week","7":"product_cat-germany-best-selling-vape","8":"product_cat-italy-wholesale-vape","9":"product_cat-netherlands-hot-sale-vape","10":"product_cat-poland-hot-sale-vape","11":"product_cat-spain-best-hot-sale-vape","12":"product_cat-fance-hot-sale-vape","13":"product_cat-rechargeable-vapes","14":"product_cat-smart-screen-vapes","15":"product_cat-minimum-order-quantity-50pcs","16":"product_tag-smart-disposable-vapes","17":"product_tag-wga-30k","18":"product_tag-wga-vape","19":"desktop-align-left","20":"tablet-align-left","21":"mobile-align-left","23":"first","24":"instock","25":"sale","26":"shipping-taxable","27":"purchasable","28":"product-type-simple"},"uagb_featured_image_src":{"full":["https:\/\/rmvapesale.com\/wp-content\/uploads\/2024\/11\/WGA-Legend-Ultra-30000-Disposable-Vape.jpg",1126,1126,false],"thumbnail":["https:\/\/rmvapesale.com\/wp-content\/uploads\/2024\/11\/WGA-Legend-Ultra-30000-Disposable-Vape-150x150.jpg",150,150,true],"medium":["https:\/\/rmvapesale.com\/wp-content\/uploads\/2024\/11\/WGA-Legend-Ultra-30000-Disposable-Vape-300x300.jpg",300,300,true],"medium_large":["https:\/\/rmvapesale.com\/wp-content\/uploads\/2024\/11\/WGA-Legend-Ultra-30000-Disposable-Vape-768x768.jpg",768,768,true],"large":["https:\/\/rmvapesale.com\/wp-content\/uploads\/2024\/11\/WGA-Legend-Ultra-30000-Disposable-Vape-1024x1024.jpg",1024,1024,true],"1536x1536":["https:\/\/rmvapesale.com\/wp-content\/uploads\/2024\/11\/WGA-Legend-Ultra-30000-Disposable-Vape.jpg",1126,1126,false],"2048x2048":["https:\/\/rmvapesale.com\/wp-content\/uploads\/2024\/11\/WGA-Legend-Ultra-30000-Disposable-Vape.jpg",1126,1126,false],"trp-custom-language-flag":["https:\/\/rmvapesale.com\/wp-content\/uploads\/2024\/11\/WGA-Legend-Ultra-30000-Disposable-Vape.jpg",12,12,false],"woocommerce_thumbnail":["https:\/\/rmvapesale.com\/wp-content\/uploads\/2024\/11\/WGA-Legend-Ultra-30000-Disposable-Vape-300x300.jpg",300,300,true],"woocommerce_single":["https:\/\/rmvapesale.com\/wp-content\/uploads\/2024\/11\/WGA-Legend-Ultra-30000-Disposable-Vape-600x600.jpg",600,600,true],"woocommerce_gallery_thumbnail":["https:\/\/rmvapesale.com\/wp-content\/uploads\/2024\/11\/WGA-Legend-Ultra-30000-Disposable-Vape-100x100.jpg",100,100,true],"wcpr-photo-reviews":["https:\/\/rmvapesale.com\/wp-content\/uploads\/2024\/11\/WGA-Legend-Ultra-30000-Disposable-Vape.jpg",500,500,false]},"uagb_author_info":{"display_name":"AMY","author_link":"https:\/\/rmvapesale.com\/es\/author\/"},"uagb_comment_info":0,"uagb_excerpt":"The WGA 30000 Puffs Double Flavors Refillable Disposable Vape, a revolutionary device designed for vapers seeking unmatched versatility and performance. With a capacity of 30,000 puffs. WhatsApp: +86 17776015835 &nbsp;","_links":{"self":[{"href":"https:\/\/rmvapesale.com\/es\/wp-json\/wp\/v2\/product\/2799","targetHints":{"allow":["GET"]}}],"collection":[{"href":"https:\/\/rmvapesale.com\/es\/wp-json\/wp\/v2\/product"}],"about":[{"href":"https:\/\/rmvapesale.com\/es\/wp-json\/wp\/v2\/types\/product"}],"replies":[{"embeddable":true,"href":"https:\/\/rmvapesale.com\/es\/wp-json\/wp\/v2\/comments?post=2799"}],"wp:featuredmedia":[{"embeddable":true,"href":"https:\/\/rmvapesale.com\/es\/wp-json\/wp\/v2\/media\/2796"}],"wp:attachment":[{"href":"https:\/\/rmvapesale.com\/es\/wp-json\/wp\/v2\/media?parent=2799"}],"wp:term":[{"taxonomy":"product_brand","embeddable":true,"href":"https:\/\/rmvapesale.com\/es\/wp-json\/wp\/v2\/product_brand?post=2799"},{"taxonomy":"product_cat","embeddable":true,"href":"https:\/\/rmvapesale.com\/es\/wp-json\/wp\/v2\/product_cat?post=2799"},{"taxonomy":"product_tag","embeddable":true,"href":"https:\/\/rmvapesale.com\/es\/wp-json\/wp\/v2\/product_tag?post=2799"}],"curies":[{"name":"wp","href":"https:\/\/api.w.org\/{rel}","templated":true}]}}