{"id":2854,"date":"2024-12-09T09:37:36","date_gmt":"2024-12-09T09:37:36","guid":{"rendered":"https:\/\/rmvapesale.com\/?post_type=product&#038;p=2854"},"modified":"2024-12-09T09:52:38","modified_gmt":"2024-12-09T09:52:38","slug":"bang-vape-36000-puffs-rechargeable-disposable-vape-wholesale-price","status":"publish","type":"product","link":"https:\/\/rmvapesale.com\/es\/product\/bang-vape-36000-puffs-rechargeable-disposable-vape-wholesale-price\/","title":{"rendered":"Bang Vape 36000 Puffs Vaper desechable recargable Precio al por mayor"},"content":{"rendered":"<div class=\"B2VR9 CJHX3e\">\n<div class=\"wyccme\">\n<div class=\"flex-shrink-0 flex flex-col relative items-end\">\n<div class=\"pt-0\">\n<div class=\"gizmo-bot-avatar flex h-8 w-8 items-center justify-center overflow-hidden rounded-full\">\n<div class=\"relative p-1 rounded-sm flex items-center justify-center bg-token-main-surface-primary text-token-text-primary h-8 w-8\">\n<div class=\"flex-shrink-0 flex flex-col relative items-end\">\n<div>\n<div class=\"pt-0\">\n<div class=\"gizmo-bot-avatar flex h-8 w-8 items-center justify-center overflow-hidden rounded-full\">\n<h1 class=\"relative p-1 rounded-sm flex items-center justify-center bg-token-main-surface-primary text-token-text-primary h-8 w-8\"><strong style=\"font-size: 1.5em\">Bang Vape 36000 Puffs Vaper desechable recargable Precio al por mayor<\/strong><\/h1>\n<\/div>\n<\/div>\n<\/div>\n<\/div>\n<\/div>\n<\/div>\n<\/div>\n<\/div>\n<div class=\"group\/conversation-turn relative flex w-full min-w-0 flex-col agent-turn\">\n<div class=\"flex-col gap-1 md:gap-3\">\n<div class=\"flex max-w-full flex-col flex-grow\">\n<div class=\"min-h-8 text-message flex w-full flex-col items-end gap-2 whitespace-normal break-words text-start [.text-message+&amp;]:mt-5\" dir=\"auto\" data-message-author-role=\"assistant\" data-message-id=\"80ece0c4-ead1-4ed9-a9f0-ddc22582b4f4\" data-message-model-slug=\"gpt-4o\">\n<div class=\"flex w-full flex-col gap-1 empty:hidden first:pt-[3px]\">\n<div class=\"markdown prose w-full break-words dark:prose-invert light\">\n<h3><\/h3>\n<\/div>\n<\/div>\n<\/div>\n<\/div>\n<\/div>\n<\/div>\n<div class=\"flex-shrink-0 flex flex-col relative items-end\">\n<div class=\"pt-0\">\n<div class=\"gizmo-bot-avatar flex h-8 w-8 items-center justify-center overflow-hidden rounded-full\">\n<div class=\"relative p-1 rounded-sm flex items-center justify-center bg-token-main-surface-primary text-token-text-primary h-8 w-8\">\n<p>El vape desechable recargable Bang Vape 36000 Puffs es un dispositivo de alta gama dise\u00f1ado para ofrecer un rendimiento inigualable, un sabor excepcional y una longevidad sobresaliente. Con 36,000 caladas disponibles, est\u00e1 dise\u00f1ado para usuarios que exigen un uso prolongado y una satisfacci\u00f3n superior sin la molestia de los reemplazos constantes.<\/p>\n<p>El Bang Vape 36000 tambi\u00e9n est\u00e1 equipado con una pantalla LED inteligente que muestra tanto la vida \u00fatil de la bater\u00eda como los niveles de e-l\u00edquido, por lo que siempre sabr\u00e1 exactamente cu\u00e1ndo es el momento de recargar o rellenar. Con opciones de 0 %, 2 %, 3 % y 5 % de nicotina, este dispositivo se puede personalizar para que coincida con su concentraci\u00f3n de nicotina preferida, lo que lo hace perfecto tanto para vapeadores ocasionales como para los m\u00e1s intensos.<\/p>\n<p>A precios mayoristas, el vape desechable recargable Bang Vape 36000 Puffs ofrece un valor incre\u00edble para minoristas y negocios de vapeo. Con su rendimiento duradero, sus vers\u00e1tiles opciones de sabor y sus concentraciones de nicotina personalizables, es un producto ideal para aquellos que buscan vapes desechables de alta calidad a precios mayoristas asequibles.<\/p>\n<p>Ya sea que est\u00e9 abasteciendo su tienda o simplemente buscando una experiencia de vapeo de alto rendimiento, el Bang 36000 cumple en todos los frentes. Disfrute de una experiencia de vapeo superior que dura m\u00e1s, sabe mejor y ofrece m\u00e1s valor: \u00a1obtenga su Bang 36000 Puffs hoy mismo!<\/p>\n<\/div>\n<\/div>\n<\/div>\n<\/div>\n<\/div>\n<\/div>\n<p><strong>\u00a1Contacta con Amy para obtener la respuesta correcta y un cup\u00f3n de vape!<\/strong><\/p>\n<p><img loading=\"lazy\" decoding=\"async\" class=\"size-full wp-image-1978\" src=\"https:\/\/rmvapesale.com\/wp-content\/uploads\/2024\/09\/Disposable-Vape-Wholesale.jpg\" alt=\"Vape Desechable al por mayor\" width=\"229\" height=\"300\" \/><\/p>\n<h3><a href=\"https:\/\/wa.me\/8617776015835\" target=\"_blank\" rel=\"noopener\"><span style=\"color: #ff0000\"><strong>WhatsApp: +86 17776015835<\/strong><\/span><\/a><\/h3>\n<h2><\/h2>\n<h2><strong>Caracter\u00edsticas clave del Bang Vape 36000<\/strong><\/h2>\n<p>Nombre del art\u00edculo: Cigarrillo electr\u00f3nico Bang King Puffs<br \/>\nCaladas: 36000<br \/>\nCapacidad de aceite: 30ml<br \/>\nBobina: Bobina de malla de 0,6 ohmios<br \/>\nNicotina: 0 %, 2 %, 3 %, 5 %<br \/>\nBater\u00eda: Bater\u00eda 650mah Tipo C<br \/>\nCantidad de sabores: 12 sabores<br \/>\nFunci\u00f3n: BOBINA DE MALLA+Flujo de aire ajustable+Energ\u00eda confiable+Indicador LED<\/p>\n<h2><\/h2>\n<h2><strong>\u00a0Lista de sabores de Bang 36000<\/strong><\/h2>\n<p>1. Hielo de frambuesa azul<br \/>\n2. Melocot\u00f3n Jugoso Helado<br \/>\n3. Fresa Sand\u00eda<br \/>\n4. Fresa Kiwi<br \/>\n5. Sand\u00eda Helada<br \/>\n6. Melocot\u00f3n Mango Sand\u00eda<br \/>\n7. Fresa Pl\u00e1tano<br \/>\n8. Kiwi Maracuy\u00e1 Guayaba<br \/>\n9. Fruta Tropical<br \/>\n10. Uva Manzana<br \/>\n11. Triple Baya Helada<br \/>\n12. Sr. Azul<\/p>\n<p>&nbsp;<\/p>\n<p>&nbsp;<\/p>\n<h3><strong>Por qu\u00e9 elegir Rmvapesale para el Bang Vape 36000 Puffs <\/strong><strong>V<\/strong><strong>Vape al por mayor<\/strong><strong>?<\/strong><\/h3>\n<div class=\"flex-shrink-0 flex flex-col relative items-end\">\n<div class=\"pt-0\">\n<div class=\"gizmo-bot-avatar flex h-8 w-8 items-center justify-center overflow-hidden rounded-full\">\n<div class=\"relative p-1 rounded-sm flex items-center justify-center bg-token-main-surface-primary text-token-text-primary h-8 w-8\">\n<p>Bienvenido a Rmvapesale, tu tienda de vapeo de confianza para vapes desechables premium. Con m\u00e1s de 5 a\u00f1os de experiencia, te traemos marcas populares de vapes desechables como Al Fakher, Vapme Vape, <a href=\"https:\/\/rmvapesale.com\/es\/product-category\/bang-vapes\/\">Vape Bang<\/a>, Waspe, WGA Vape y<a href=\"https:\/\/rmvapesale.com\/es\/product-category\/randm-fumot-vape\/\"> RandM Vape<\/a>.<\/p>\n<p>Nuestra gama incluye vapes de gran venta como el <a href=\"https:\/\/rmvapesale.com\/es\/product\/randm-tornado-15000-puffs-vape-wholesale\/\">RandM Tornado 15000<\/a> y opciones ricas en sabor como el Vapme 70000. Cada producto se elige con un enfoque en la calidad, el valor y la variedad, asegurando que encuentres la combinaci\u00f3n perfecta para tus necesidades. Descubre un servicio excepcional y una amplia gama de productos de primera calidad en Rmvapesale.<\/p>\n<\/div>\n<h3><\/h3>\n<div class=\"relative p-1 rounded-sm flex items-center justify-center bg-token-main-surface-primary text-token-text-primary h-8 w-8\">\n<h3><b> Preguntas frecuentes sobre Bang 36000 <\/b><b>Vaporizador desechable recargable<\/b><\/h3>\n<div class=\"group\/conversation-turn relative flex w-full min-w-0 flex-col agent-turn\">\n<div class=\"flex-col gap-1 md:gap-3\">\n<div class=\"flex max-w-full flex-col flex-grow\">\n<div class=\"min-h-8 text-message flex w-full flex-col items-end gap-2 whitespace-normal break-words [.text-message+&amp;]:mt-5\" dir=\"auto\" data-message-author-role=\"assistant\" data-message-id=\"00c9b302-bc9c-4550-94ba-5a295efa2be3\" data-message-model-slug=\"gpt-4o\">\n<div class=\"flex w-full flex-col gap-1 empty:hidden first:pt-[3px]\">\n<div class=\"markdown prose w-full break-words dark:prose-invert light\">\n<div class=\"flex-shrink-0 flex flex-col relative items-end\">\n<div>\n<div class=\"pt-0\">\n<div class=\"gizmo-bot-avatar flex h-8 w-8 items-center justify-center overflow-hidden rounded-full\">\n<div class=\"relative p-1 rounded-sm flex items-center justify-center bg-token-main-surface-primary text-token-text-primary h-8 w-8\">\n<div class=\"flex-shrink-0 flex flex-col relative items-end\">\n<div>\n<div class=\"pt-0\">\n<div class=\"gizmo-bot-avatar flex h-8 w-8 items-center justify-center overflow-hidden rounded-full\">\n<div class=\"relative p-1 rounded-sm flex items-center justify-center bg-token-main-surface-primary text-token-text-primary h-8 w-8\">\n<p>&nbsp;<\/p>\n<p><strong>1. \u00bfCu\u00e1ntas caladas proporciona el Bang Vape 36000 desechable?<\/strong><\/p>\n<p>El <strong>El Bang Vape 36000<\/strong> Desechable ofrece una impresionante cantidad de <strong>36,000 inhalaciones<\/strong> por dispositivo. Esta amplia cantidad de caladas garantiza una experiencia de vapeo duradera, perfecta para el uso diario sin la necesidad de reemplazos frecuentes.<\/p>\n<hr \/>\n<p><strong>2. \u00bfCu\u00e1les son las concentraciones de nicotina disponibles en el Bang Vape 36000?<\/strong><\/p>\n<p>El <strong>El Bang Vape 36000<\/strong> viene con opciones de nicotina personalizables para adaptarse a diferentes preferencias. Puedes elegir entre <strong>0%, 2%, 3%, y 5%<\/strong> concentraci\u00f3n de nicotina, lo que te permite encontrar el nivel ideal para tu experiencia de vapeo.<\/p>\n<hr \/>\n<p><strong>3. \u00bfCu\u00e1nto dura la caja Bang 36000 con una carga completa?<\/strong><\/p>\n<p>Con su <strong>bater\u00eda recargable de 650 mAh<\/strong>, el <strong>Bang box 36000<\/strong> puede durar mucho tiempo antes de necesitar una recarga. El dispositivo se puede cargar c\u00f3modamente a trav\u00e9s del <strong>con puerto de carga Tipo-C<\/strong>, lo que garantiza una carga r\u00e1pida con un tiempo de inactividad m\u00ednimo.<\/p>\n<hr \/>\n<p><strong>4. \u00bfQu\u00e9 sabores est\u00e1n disponibles para el Bang 36000?<\/strong><\/p>\n<p>El <strong>Bang 36000<\/strong> ofrece una variedad de <strong>12 deliciosos sabores<\/strong> para elegir, incluyendo favoritos como <strong>Hielo de melocot\u00f3n jugoso<\/strong>, <strong>Fresa Sand\u00eda<\/strong>, <strong>Hielo de sand\u00eda<\/strong>y <strong>Fruta tropical<\/strong>. Con la funci\u00f3n de <strong>sabor dual<\/strong> , puedes disfrutar de dos sabores distintos en un solo dispositivo.<\/p>\n<hr \/>\n<p><strong>5. \u00bfTiene el Bang Vape 36K un indicador de nivel de bater\u00eda y e-l\u00edquido?<\/strong><\/p>\n<p>S\u00ed, el <strong>Bang Vape 36K<\/strong>\u00a0est\u00e1 equipado con un <strong>pantalla LED inteligente<\/strong> que muestra ambos <strong>duraci\u00f3n de la bater\u00eda<\/strong> y <strong>niveles de e-l\u00edquido<\/strong>, para que siempre sepas cu\u00e1ndo es el momento de recargar o rellenar tu vaper. Esto facilita la monitorizaci\u00f3n y gesti\u00f3n de tu dispositivo para una experiencia de vapeo sin interrupciones.<\/p>\n<\/div>\n<\/div>\n<\/div>\n<\/div>\n<\/div>\n<\/div>\n<\/div>\n<\/div>\n<\/div>\n<\/div>\n<div class=\"group\/conversation-turn relative flex w-full min-w-0 flex-col agent-turn\">\n<div class=\"flex-col gap-1 md:gap-3\">\n<div class=\"flex max-w-full flex-col flex-grow\">\n<div class=\"min-h-8 text-message flex w-full flex-col items-end gap-2 whitespace-normal break-words [.text-message+&amp;]:mt-5\" dir=\"auto\" data-message-author-role=\"assistant\" data-message-id=\"a3dc01bd-23b0-4fd7-bb9a-7827522cefd8\" data-message-model-slug=\"gpt-4o\">\n<div class=\"flex w-full flex-col gap-1 empty:hidden first:pt-[3px]\"><\/div>\n<\/div>\n<\/div>\n<\/div>\n<\/div>\n<\/div>\n<\/div>\n<\/div>\n<\/div>\n<\/div>\n<\/div>\n<\/div>\n<\/div>\n<\/div>\n<\/div>\n<h3>Sobre el env\u00edo<\/h3>\n<div class=\"flex-shrink-0 flex flex-col relative items-end\">\n<div>\n<div class=\"pt-0\">\n<div class=\"gizmo-bot-avatar flex h-8 w-8 items-center justify-center overflow-hidden rounded-full\">\n<div><\/div>\n<div class=\"relative p-1 rounded-sm flex items-center justify-center bg-token-main-surface-primary text-token-text-primary h-8 w-8\"><strong>1. \u00bfQu\u00e9 m\u00e9todos de env\u00edo se utilizan?<\/strong><\/div>\n<\/div>\n<\/div>\n<\/div>\n<\/div>\n<div class=\"group\/conversation-turn relative flex w-full min-w-0 flex-col agent-turn\">\n<div class=\"flex-col gap-1 md:gap-3\">\n<div class=\"flex max-w-full flex-col flex-grow\">\n<div class=\"min-h-[20px] text-message flex w-full flex-col items-end gap-2 whitespace-normal break-words [.text-message+&amp;]:mt-5 overflow-x-auto\" dir=\"auto\" data-message-author-role=\"assistant\" data-message-id=\"22f8283b-3233-46ff-89a5-c7a41b33abda\">\n<div class=\"flex w-full flex-col gap-1 empty:hidden first:pt-[3px]\">\n<div class=\"markdown prose w-full break-words dark:prose-invert light\">\n<p>Trabajamos con UPS, DHL, FedEx, DPD y otros transportistas l\u00edderes. Seleccionaremos el mejor m\u00e9todo de env\u00edo seg\u00fan su lugar de entrega para garantizar que reciba sus productos lo m\u00e1s r\u00e1pido posible.<\/p>\n<\/div>\n<p><strong>2. \u00bfCu\u00e1nto tiempo tarda en llegar?<\/strong><\/p>\n<p>Los paquetes enviados a Espa\u00f1a suelen llegar en 10 d\u00edas laborables. El env\u00edo a pa\u00edses europeos generalmente tarda entre 12 y 15 d\u00edas h\u00e1biles. Proporcionaremos actualizaciones en tiempo real sobre el estado de su env\u00edo.<\/p>\n<\/div>\n<\/div>\n<\/div>\n<\/div>\n<\/div>\n<p>&nbsp;<\/p>\n<p>Encuentra m\u00e1s productos de Vape que te puedan gustar:<strong><em><a href=\"https:\/\/rmvapesale.com\/es\/shop-2\/\">comprar ahora &gt;&gt;&gt;<\/a><\/em><\/strong><\/p>","protected":false},"excerpt":{"rendered":"<p>Vape desechable Spaceman Bang Vape 36000, venta al por mayor<br \/>\nVape desechable recargable Bang Vape 36k Puffs, precio mayorista<br \/>\nPluma de vape desechable de gran venta Bang Vape 36000<\/p>\n<p><strong>\u00a1Contacta con Amy para obtener la respuesta correcta y un cup\u00f3n de vape!<\/strong><\/p>\n<p><img loading=\"lazy\" decoding=\"async\" class=\"size-full wp-image-2375\" src=\"https:\/\/rmvapesale.com\/wp-content\/uploads\/2024\/10\/image.png\" alt=\"Mejor Vape Desechable\" width=\"229\" height=\"300\" \/><\/p>\n<h3><a href=\"https:\/\/wa.me\/8617776015835\"><span style=\"color: #ff0000\"><strong>WhatsApp: +86 17776015835<\/strong><\/span><\/a><\/h3>\n<p>&nbsp;<\/p>","protected":false},"featured_media":2851,"comment_status":"open","ping_status":"closed","template":"","meta":{"_uag_custom_page_level_css":"","_lmt_disableupdate":"no","_lmt_disable":"","site-sidebar-layout":"default","site-content-layout":"content-boxed-container","ast-site-content-layout":"normal-width-container","site-content-style":"boxed","site-sidebar-style":"unboxed","ast-global-header-display":"","ast-banner-title-visibility":"","ast-main-header-display":"","ast-hfb-above-header-display":"","ast-hfb-below-header-display":"","ast-hfb-mobile-header-display":"","site-post-title":"","ast-breadcrumbs-content":"","ast-featured-img":"","footer-sml-layout":"","theme-transparent-header-meta":"default","adv-header-id-meta":"","stick-header-meta":"","header-above-stick-meta":"","header-main-stick-meta":"","header-below-stick-meta":"","astra-migrate-meta-layouts":"set","ast-page-background-enabled":"default","ast-page-background-meta":{"desktop":{"background-color":"var(--ast-global-color-4)","background-image":"","background-repeat":"repeat","background-position":"center center","background-size":"auto","background-attachment":"scroll","background-type":"","background-media":"","overlay-type":"","overlay-color":"","overlay-opacity":"","overlay-gradient":""},"tablet":{"background-color":"","background-image":"","background-repeat":"repeat","background-position":"center center","background-size":"auto","background-attachment":"scroll","background-type":"","background-media":"","overlay-type":"","overlay-color":"","overlay-opacity":"","overlay-gradient":""},"mobile":{"background-color":"","background-image":"","background-repeat":"repeat","background-position":"center center","background-size":"auto","background-attachment":"scroll","background-type":"","background-media":"","overlay-type":"","overlay-color":"","overlay-opacity":"","overlay-gradient":""}},"ast-content-background-meta":{"desktop":{"background-color":"var(--ast-global-color-5)","background-image":"","background-repeat":"repeat","background-position":"center center","background-size":"auto","background-attachment":"scroll","background-type":"","background-media":"","overlay-type":"","overlay-color":"","overlay-opacity":"","overlay-gradient":""},"tablet":{"background-color":"var(--ast-global-color-5)","background-image":"","background-repeat":"repeat","background-position":"center center","background-size":"auto","background-attachment":"scroll","background-type":"","background-media":"","overlay-type":"","overlay-color":"","overlay-opacity":"","overlay-gradient":""},"mobile":{"background-color":"var(--ast-global-color-5)","background-image":"","background-repeat":"repeat","background-position":"center center","background-size":"auto","background-attachment":"scroll","background-type":"","background-media":"","overlay-type":"","overlay-color":"","overlay-opacity":"","overlay-gradient":""}},"_joinchat":[]},"product_brand":[],"product_cat":[15,25,123,26,28,135,27,60,137,136,30],"product_tag":[239,199,111,240,120],"class_list":{"0":"post-2854","1":"product","2":"type-product","3":"status-publish","4":"has-post-thumbnail","6":"product_cat-new-vape-this-week","7":"product_cat-germany-best-selling-vape","8":"product_cat-italy-wholesale-vape","9":"product_cat-netherlands-hot-sale-vape","10":"product_cat-poland-hot-sale-vape","11":"product_cat-spain-best-hot-sale-vape","12":"product_cat-fance-hot-sale-vape","13":"product_cat-bang-vapes","14":"product_cat-rechargeable-vapes","15":"product_cat-smart-screen-vapes","16":"product_cat-minimum-order-quantity-50pcs","17":"product_tag-bang-36000","18":"product_tag-bang-vape","19":"product_tag-low-nicotine-disposable-vape","20":"product_tag-puff-36k","21":"product_tag-vape-wholesale","22":"desktop-align-left","23":"tablet-align-left","24":"mobile-align-left","26":"first","27":"instock","28":"sale","29":"shipping-taxable","30":"purchasable","31":"product-type-simple"},"uagb_featured_image_src":{"full":["https:\/\/rmvapesale.com\/wp-content\/uploads\/2024\/12\/Bang-36000-Disposable-Vape.jpg",1126,1126,false],"thumbnail":["https:\/\/rmvapesale.com\/wp-content\/uploads\/2024\/12\/Bang-36000-Disposable-Vape-150x150.jpg",150,150,true],"medium":["https:\/\/rmvapesale.com\/wp-content\/uploads\/2024\/12\/Bang-36000-Disposable-Vape-300x300.jpg",300,300,true],"medium_large":["https:\/\/rmvapesale.com\/wp-content\/uploads\/2024\/12\/Bang-36000-Disposable-Vape-768x768.jpg",768,768,true],"large":["https:\/\/rmvapesale.com\/wp-content\/uploads\/2024\/12\/Bang-36000-Disposable-Vape-1024x1024.jpg",1024,1024,true],"1536x1536":["https:\/\/rmvapesale.com\/wp-content\/uploads\/2024\/12\/Bang-36000-Disposable-Vape.jpg",1126,1126,false],"2048x2048":["https:\/\/rmvapesale.com\/wp-content\/uploads\/2024\/12\/Bang-36000-Disposable-Vape.jpg",1126,1126,false],"trp-custom-language-flag":["https:\/\/rmvapesale.com\/wp-content\/uploads\/2024\/12\/Bang-36000-Disposable-Vape.jpg",12,12,false],"woocommerce_thumbnail":["https:\/\/rmvapesale.com\/wp-content\/uploads\/2024\/12\/Bang-36000-Disposable-Vape-300x300.jpg",300,300,true],"woocommerce_single":["https:\/\/rmvapesale.com\/wp-content\/uploads\/2024\/12\/Bang-36000-Disposable-Vape-600x600.jpg",600,600,true],"woocommerce_gallery_thumbnail":["https:\/\/rmvapesale.com\/wp-content\/uploads\/2024\/12\/Bang-36000-Disposable-Vape-100x100.jpg",100,100,true],"wcpr-photo-reviews":["https:\/\/rmvapesale.com\/wp-content\/uploads\/2024\/12\/Bang-36000-Disposable-Vape.jpg",500,500,false]},"uagb_author_info":{"display_name":"AMY","author_link":"https:\/\/rmvapesale.com\/es\/author\/"},"uagb_comment_info":0,"uagb_excerpt":"Bang Vape 36000 Spaceman Disposable Vape Wholesale Bang Vape 36k Puffs Rechargeable Disposable Vape Wholesale Price Hot Sell Disposable Vape Pen Bang Vape 36000 Contact Amy to get right reply and vape coupon! WhatsApp: +86 17776015835 &nbsp;","_links":{"self":[{"href":"https:\/\/rmvapesale.com\/es\/wp-json\/wp\/v2\/product\/2854","targetHints":{"allow":["GET"]}}],"collection":[{"href":"https:\/\/rmvapesale.com\/es\/wp-json\/wp\/v2\/product"}],"about":[{"href":"https:\/\/rmvapesale.com\/es\/wp-json\/wp\/v2\/types\/product"}],"replies":[{"embeddable":true,"href":"https:\/\/rmvapesale.com\/es\/wp-json\/wp\/v2\/comments?post=2854"}],"wp:featuredmedia":[{"embeddable":true,"href":"https:\/\/rmvapesale.com\/es\/wp-json\/wp\/v2\/media\/2851"}],"wp:attachment":[{"href":"https:\/\/rmvapesale.com\/es\/wp-json\/wp\/v2\/media?parent=2854"}],"wp:term":[{"taxonomy":"product_brand","embeddable":true,"href":"https:\/\/rmvapesale.com\/es\/wp-json\/wp\/v2\/product_brand?post=2854"},{"taxonomy":"product_cat","embeddable":true,"href":"https:\/\/rmvapesale.com\/es\/wp-json\/wp\/v2\/product_cat?post=2854"},{"taxonomy":"product_tag","embeddable":true,"href":"https:\/\/rmvapesale.com\/es\/wp-json\/wp\/v2\/product_tag?post=2854"}],"curies":[{"name":"wp","href":"https:\/\/api.w.org\/{rel}","templated":true}]}}