{"id":2868,"date":"2024-12-20T07:11:14","date_gmt":"2024-12-20T07:11:14","guid":{"rendered":"https:\/\/rmvapesale.com\/?post_type=product&#038;p=2868"},"modified":"2024-12-20T07:19:31","modified_gmt":"2024-12-20T07:19:31","slug":"aivono-aim-flash-35000-puffs-curved-smart-screen-disposable-vape-wholesale","status":"publish","type":"product","link":"https:\/\/rmvapesale.com\/es\/product\/aivono-aim-flash-35000-puffs-curved-smart-screen-disposable-vape-wholesale\/","title":{"rendered":"Vape desechable al por mayor Aivono Aim Flash 35000 Puffs con pantalla curva inteligente"},"content":{"rendered":"<div class=\"B2VR9 CJHX3e\">\n<div class=\"wyccme\">\n<div class=\"flex-shrink-0 flex flex-col relative items-end\">\n<div class=\"pt-0\">\n<div class=\"gizmo-bot-avatar flex h-8 w-8 items-center justify-center overflow-hidden rounded-full\">\n<div class=\"relative p-1 rounded-sm flex items-center justify-center bg-token-main-surface-primary text-token-text-primary h-8 w-8\">\n<div class=\"flex-shrink-0 flex flex-col relative items-end\">\n<div class=\"pt-0\">\n<div class=\"gizmo-bot-avatar flex h-8 w-8 items-center justify-center overflow-hidden rounded-full\">\n<h1 class=\"relative p-1 rounded-sm flex items-center justify-center bg-token-main-surface-primary text-token-text-primary h-8 w-8\">Vape desechable al por mayor Aivono Aim Flash 35000 Puffs con pantalla curva inteligente<\/h1>\n<\/div>\n<\/div>\n<\/div>\n<\/div>\n<\/div>\n<\/div>\n<\/div>\n<div class=\"group\/conversation-turn relative flex w-full min-w-0 flex-col agent-turn\">\n<div class=\"flex-col gap-1 md:gap-3\">\n<div class=\"flex max-w-full flex-col flex-grow\">\n<div class=\"min-h-8 text-message flex w-full flex-col items-end gap-2 whitespace-normal break-words text-start [.text-message+&amp;]:mt-5\" dir=\"auto\" data-message-author-role=\"assistant\" data-message-id=\"80ece0c4-ead1-4ed9-a9f0-ddc22582b4f4\" data-message-model-slug=\"gpt-4o\">\n<div class=\"flex w-full flex-col gap-1 empty:hidden first:pt-[3px]\">\n<div class=\"markdown prose w-full break-words dark:prose-invert light\">\n<h3><\/h3>\n<\/div>\n<\/div>\n<\/div>\n<\/div>\n<\/div>\n<\/div>\n<div class=\"flex-shrink-0 flex flex-col relative items-end\">\n<div class=\"pt-0\">\n<div class=\"gizmo-bot-avatar flex h-8 w-8 items-center justify-center overflow-hidden rounded-full\">\n<div class=\"relative p-1 rounded-sm flex items-center justify-center bg-token-main-surface-primary text-token-text-primary h-8 w-8\">\n<p>El <strong>AIVONO AIM FLASH 35000 Puffs Vape Desechable<\/strong> con <strong>Pantalla Curva Inteligente<\/strong> redefine la conveniencia, el rendimiento y el estilo en la industria del vapeo. Este dispositivo de vanguardia ofrece hasta <strong>35,000 caladas<\/strong>, lo que lo convierte en una opci\u00f3n ideal para un uso prolongado, manteniendo un sabor y una calidad de vapor superiores.<\/p>\n<p>El dispositivo es alimentado por una confiable <strong>bater\u00eda recargable de cobalto puro de 850mAh<\/strong>, con carga r\u00e1pida Tipo-C para garantizar un vapeo ininterrumpido. La caracter\u00edstica destacada es la <strong>pantalla inteligente curva<\/strong>, que ofrece informaci\u00f3n en tiempo real sobre los <strong>niveles de bater\u00eda<\/strong>, <strong>capacidad de e-l\u00edquido<\/strong>y <strong>estad\u00edsticas de uso<\/strong> para una experiencia de vapeo intuitiva. La personalizaci\u00f3n es clave, con <strong>flujo de aire ajustable<\/strong> y <strong>ajustes de potencia<\/strong> para adaptar el rendimiento a su preferencia. El <strong>la tecnolog\u00eda de doble resistencia de malla<\/strong> mejora tanto la entrega de sabor como la producci\u00f3n de vapor.<\/p>\n<p>Disponible en 15 deliciosos sabores como <strong>Fresa Helada<\/strong> y <strong>Blue Razz<\/strong>, este vaporizador es perfecto para cada paladar. Hay opciones de compra al por mayor y a granel disponibles, lo que lo convierte en una opci\u00f3n econ\u00f3mica para uso personal o reventa al por menor.<\/p>\n<\/div>\n<\/div>\n<\/div>\n<\/div>\n<\/div>\n<\/div>\n<p><strong>\u00a1Contacta con Amy para obtener la respuesta correcta y un cup\u00f3n de vape!<\/strong><\/p>\n<p><img loading=\"lazy\" decoding=\"async\" class=\"size-full wp-image-1978\" src=\"https:\/\/rmvapesale.com\/wp-content\/uploads\/2024\/09\/Disposable-Vape-Wholesale.jpg\" alt=\"Vape Desechable al por mayor\" width=\"229\" height=\"300\" \/><\/p>\n<h3><a href=\"https:\/\/wa.me\/8617776015835\" target=\"_blank\" rel=\"noopener\"><span style=\"color: #ff0000\"><strong>WhatsApp: +86 17776015835<\/strong><\/span><\/a><\/h3>\n<h2><\/h2>\n<h2><strong>Caracter\u00edsticas clave del Aivono Flash 35000<\/strong><\/h2>\n<h3><\/h3>\n<ol>\n<li><strong>35,000 Puffs:<\/strong> Gran cantidad de caladas para una satisfacci\u00f3n duradera.<\/li>\n<li><strong>Pantalla curva inteligente:<\/strong> Muestra actualizaciones en tiempo real sobre la bater\u00eda, las caladas y los niveles de e-l\u00edquido.<\/li>\n<li><strong>Bater\u00eda Recargable:<\/strong> <strong>Bater\u00eda de 850mAh de cobalto puro<\/strong> con carga r\u00e1pida Tipo-C.<\/li>\n<li><strong>Flujo de aire ajustable:<\/strong> Flujo de aire personalizable de dos velocidades para una calada personalizada.<\/li>\n<li><strong>Doble Bobina de Malla:<\/strong> Producci\u00f3n de sabor mejorada y calidad de vapor suave.<\/li>\n<li><strong>Bloqueo de seguridad para ni\u00f1os:<\/strong> Funci\u00f3n de seguridad incorporada para un uso sin preocupaciones.<\/li>\n<li><strong>Variedad de sabores:<\/strong> Elige entre <strong>15 sabores diversos<\/strong> para adaptarse a cualquier preferencia.<\/li>\n<li><strong>Precio al por mayor:<\/strong> Opciones asequibles de compra a granel para uso personal o minorista.<\/li>\n<\/ol>\n<figure id=\"attachment_2865\" aria-describedby=\"caption-attachment-2865\" style=\"width: 800px\" class=\"wp-caption alignnone\"><img loading=\"lazy\" decoding=\"async\" class=\"wp-image-2865 size-full\" src=\"https:\/\/rmvapesale.com\/wp-content\/uploads\/2024\/12\/Aivono-Aim-Flash-35K-Wholesale-Disposable-Price.jpg\" alt=\"Aivono Aim Flash 35K Precio de mayorista desechable\" width=\"800\" height=\"800\" srcset=\"https:\/\/rmvapesale.com\/wp-content\/uploads\/2024\/12\/Aivono-Aim-Flash-35K-Wholesale-Disposable-Price.jpg 800w, https:\/\/rmvapesale.com\/wp-content\/uploads\/2024\/12\/Aivono-Aim-Flash-35K-Wholesale-Disposable-Price-300x300.jpg 300w, https:\/\/rmvapesale.com\/wp-content\/uploads\/2024\/12\/Aivono-Aim-Flash-35K-Wholesale-Disposable-Price-150x150.jpg 150w, https:\/\/rmvapesale.com\/wp-content\/uploads\/2024\/12\/Aivono-Aim-Flash-35K-Wholesale-Disposable-Price-768x768.jpg 768w, https:\/\/rmvapesale.com\/wp-content\/uploads\/2024\/12\/Aivono-Aim-Flash-35K-Wholesale-Disposable-Price-600x600.jpg 600w, https:\/\/rmvapesale.com\/wp-content\/uploads\/2024\/12\/Aivono-Aim-Flash-35K-Wholesale-Disposable-Price-100x100.jpg 100w\" sizes=\"auto, (max-width: 800px) 100vw, 800px\" \/><figcaption id=\"caption-attachment-2865\" class=\"wp-caption-text\">Aivono Aim Flash 35K Precio de mayorista desechable<\/figcaption><\/figure>\n<p><strong style=\"font-size: 1.7em\">Aivono Aim Flash 35000 Lista de sabores<\/strong><\/p>\n<ol>\n<li>Fresa Helada<\/li>\n<li>Fresa Sand\u00eda<\/li>\n<li>Frambuesa Cereza<\/li>\n<li>Blue Razz<\/li>\n<li>Menta Lim\u00f3n<\/li>\n<li>Jugo de Melocot\u00f3n<\/li>\n<li>Uva Ar\u00e1ndano<\/li>\n<li>Hielo de sand\u00eda<\/li>\n<li>Manzana Baya<\/li>\n<li>Mango Pi\u00f1a<\/li>\n<li>Rancho Azul<\/li>\n<li>Helado de fresa<\/li>\n<li>Hielo de Uva<\/li>\n<li>Frutos rojos<\/li>\n<li>Fresa Kiwi<\/li>\n<\/ol>\n<p>&nbsp;<\/p>\n<h3><strong>Por qu\u00e9 elegir Rmvapesale para Aivono Flash 35000 Puffs <\/strong><strong>V<\/strong><strong>Vape al por mayor<\/strong><strong>?<\/strong><\/h3>\n<div class=\"flex-shrink-0 flex flex-col relative items-end\">\n<div class=\"pt-0\">\n<div class=\"gizmo-bot-avatar flex h-8 w-8 items-center justify-center overflow-hidden rounded-full\">\n<div class=\"relative p-1 rounded-sm flex items-center justify-center bg-token-main-surface-primary text-token-text-primary h-8 w-8\">\n<p>Bienvenido a Rmvapesale, tu tienda de vapeo de confianza para vapes desechables premium. Con m\u00e1s de 5 a\u00f1os de experiencia, te traemos marcas populares de vapes desechables como Al Fakher, Vapme Vape, <a href=\"https:\/\/rmvapesale.com\/es\/product-category\/bang-vapes\/\">Vape Bang<\/a>, Waspe, WGA Vape y<a href=\"https:\/\/rmvapesale.com\/es\/product-category\/randm-fumot-vape\/\"> RandM Vape<\/a>.<\/p>\n<p>Nuestra gama incluye vapes de gran venta como el <a href=\"https:\/\/rmvapesale.com\/es\/product\/randm-tornado-15000-puffs-vape-wholesale\/\">RandM Tornado 15000<\/a> y opciones ricas en sabor como el Vapme 70000. Cada producto se elige con un enfoque en la calidad, el valor y la variedad, asegurando que encuentres la combinaci\u00f3n perfecta para tus necesidades. Descubre un servicio excepcional y una amplia gama de productos de primera calidad en Rmvapesale.<\/p>\n<\/div>\n<h3><\/h3>\n<div class=\"relative p-1 rounded-sm flex items-center justify-center bg-token-main-surface-primary text-token-text-primary h-8 w-8\">\n<h3><b> Preguntas frecuentes para Aivono Aim Flash 35000 <\/b><b>Vaporizador desechable recargable<\/b><\/h3>\n<div class=\"group\/conversation-turn relative flex w-full min-w-0 flex-col agent-turn\">\n<div class=\"flex-col gap-1 md:gap-3\">\n<div class=\"flex max-w-full flex-col flex-grow\">\n<div class=\"min-h-8 text-message flex w-full flex-col items-end gap-2 whitespace-normal break-words [.text-message+&amp;]:mt-5\" dir=\"auto\" data-message-author-role=\"assistant\" data-message-id=\"00c9b302-bc9c-4550-94ba-5a295efa2be3\" data-message-model-slug=\"gpt-4o\">\n<div class=\"flex w-full flex-col gap-1 empty:hidden first:pt-[3px]\">\n<div class=\"markdown prose w-full break-words dark:prose-invert light\">\n<div class=\"flex-shrink-0 flex flex-col relative items-end\">\n<div class=\"pt-0\">\n<div class=\"gizmo-bot-avatar flex h-8 w-8 items-center justify-center overflow-hidden rounded-full\">\n<div class=\"relative p-1 rounded-sm flex items-center justify-center bg-token-main-surface-primary text-token-text-primary h-8 w-8\">\n<div class=\"flex-shrink-0 flex flex-col relative items-end\">\n<div class=\"pt-0\">\n<div class=\"gizmo-bot-avatar flex h-8 w-8 items-center justify-center overflow-hidden rounded-full\">\n<div class=\"relative p-1 rounded-sm flex items-center justify-center bg-token-main-surface-primary text-token-text-primary h-8 w-8\">\n<h3><\/h3>\n<ol>\n<li><strong>\u00bfCu\u00e1ntas caladas proporciona el AIVONO AIM FLASH 35000?<\/strong><br \/>\nEste dispositivo proporciona hasta <strong>35,000 caladas<\/strong>, lo que lo convierte en uno de los vapes desechables m\u00e1s duraderos disponibles.<\/li>\n<li><strong>\u00bfQu\u00e9 hace que la pantalla curva inteligente sea \u00fanica?<\/strong><br \/>\nEl <strong>pantalla inteligente curva<\/strong> ofrece datos en tiempo real sobre tus estad\u00edsticas de vapeo, incluyendo la vida \u00fatil de la bater\u00eda y los niveles de e-l\u00edquido, para una experiencia m\u00e1s informada.<\/li>\n<li><strong>\u00bfPuedo recargar el AIVONO AIM FLASH 35000?<\/strong><br \/>\nS\u00ed, cuenta con una <strong>bater\u00eda recargable de 850mAh<\/strong> con <strong>carga r\u00e1pida Tipo-C<\/strong> para un uso sin interrupciones.<\/li>\n<li><strong>\u00bfQu\u00e9 sabores se ofrecen con este dispositivo?<\/strong><br \/>\nHay <strong>15 sabores incre\u00edbles<\/strong>, incluyendo <strong>Blue Razz<\/strong>, <strong>Mango Pi\u00f1a<\/strong>y <strong>Helado de fresa<\/strong>, para satisfacer todos los gustos.<\/li>\n<li><strong>\u00bfD\u00f3nde puedo comprar el AIVONO AIM FLASH 35000 a precios de mayorista?<\/strong><br \/>\nVisita <strong>Tienda de vapeo en l\u00ednea Sigvape<\/strong> para comprar el <strong>AIVONO AIM FLASH 35000<\/strong> a precios imbatibles <strong>precios al por mayor<\/strong>\u2014\u00a1perfecto para uso personal o para negocios de venta al por menor!<\/li>\n<\/ol>\n<\/div>\n<\/div>\n<\/div>\n<\/div>\n<\/div>\n<\/div>\n<\/div>\n<\/div>\n<div class=\"group\/conversation-turn relative flex w-full min-w-0 flex-col agent-turn\">\n<div class=\"flex-col gap-1 md:gap-3\">\n<div class=\"flex max-w-full flex-col flex-grow\">\n<div class=\"min-h-8 text-message flex w-full flex-col items-end gap-2 whitespace-normal break-words [.text-message+&amp;]:mt-5\" dir=\"auto\" data-message-author-role=\"assistant\" data-message-id=\"a3dc01bd-23b0-4fd7-bb9a-7827522cefd8\" data-message-model-slug=\"gpt-4o\">\n<div class=\"flex w-full flex-col gap-1 empty:hidden first:pt-[3px]\"><\/div>\n<\/div>\n<\/div>\n<\/div>\n<\/div>\n<\/div>\n<\/div>\n<\/div>\n<\/div>\n<\/div>\n<\/div>\n<\/div>\n<\/div>\n<\/div>\n<\/div>\n<h3>Sobre el env\u00edo<\/h3>\n<div class=\"flex-shrink-0 flex flex-col relative items-end\">\n<div>\n<div class=\"pt-0\">\n<div class=\"gizmo-bot-avatar flex h-8 w-8 items-center justify-center overflow-hidden rounded-full\">\n<div><\/div>\n<div class=\"relative p-1 rounded-sm flex items-center justify-center bg-token-main-surface-primary text-token-text-primary h-8 w-8\"><strong>1. \u00bfQu\u00e9 m\u00e9todos de env\u00edo se utilizan?<\/strong><\/div>\n<\/div>\n<\/div>\n<\/div>\n<\/div>\n<div class=\"group\/conversation-turn relative flex w-full min-w-0 flex-col agent-turn\">\n<div class=\"flex-col gap-1 md:gap-3\">\n<div class=\"flex max-w-full flex-col flex-grow\">\n<div class=\"min-h-[20px] text-message flex w-full flex-col items-end gap-2 whitespace-normal break-words [.text-message+&amp;]:mt-5 overflow-x-auto\" dir=\"auto\" data-message-author-role=\"assistant\" data-message-id=\"22f8283b-3233-46ff-89a5-c7a41b33abda\">\n<div class=\"flex w-full flex-col gap-1 empty:hidden first:pt-[3px]\">\n<div class=\"markdown prose w-full break-words dark:prose-invert light\">\n<p>Trabajamos con UPS, DHL, FedEx, DPD y otros transportistas l\u00edderes. Seleccionaremos el mejor m\u00e9todo de env\u00edo seg\u00fan su lugar de entrega para garantizar que reciba sus productos lo m\u00e1s r\u00e1pido posible.<\/p>\n<\/div>\n<p><strong>2. \u00bfCu\u00e1nto tiempo tarda en llegar?<\/strong><\/p>\n<p>Los paquetes enviados a Espa\u00f1a suelen llegar en 10 d\u00edas laborables. El env\u00edo a pa\u00edses europeos generalmente tarda entre 12 y 15 d\u00edas h\u00e1biles. Proporcionaremos actualizaciones en tiempo real sobre el estado de su env\u00edo.<\/p>\n<\/div>\n<\/div>\n<\/div>\n<\/div>\n<\/div>\n<p>&nbsp;<\/p>\n<p>Encuentra m\u00e1s productos de Vape que te puedan gustar:<strong><em><a href=\"https:\/\/rmvapesale.com\/es\/shop-2\/\">comprar ahora &gt;&gt;&gt;<\/a><\/em><\/strong><\/p>","protected":false},"excerpt":{"rendered":"<p>Aivono Aim Flash 35000 Puffs Vape Desechable Mayorista<br \/>\nAivono Flash 35000 Vape Desechable Recargable Precio Mayorista<br \/>\nVenta Caliente Pluma Vape Desechable Aivono Flash 35k Compra a Granel Precio Barato<\/p>\n<p><strong>\u00a1Contacta con Amy para obtener la respuesta correcta y un cup\u00f3n de vape!<\/strong><\/p>\n<p><img loading=\"lazy\" decoding=\"async\" class=\"size-full wp-image-2375\" src=\"https:\/\/rmvapesale.com\/wp-content\/uploads\/2024\/10\/image.png\" alt=\"Mejor Vape Desechable\" width=\"229\" height=\"300\" \/><\/p>\n<h3><a href=\"https:\/\/wa.me\/8617776015835\"><span style=\"color: #ff0000\"><strong>WhatsApp: +86 17776015835<\/strong><\/span><\/a><\/h3>\n<p>&nbsp;<\/p>","protected":false},"featured_media":2867,"comment_status":"open","ping_status":"closed","template":"","meta":{"_uag_custom_page_level_css":"","_lmt_disableupdate":"no","_lmt_disable":"","site-sidebar-layout":"default","site-content-layout":"content-boxed-container","ast-site-content-layout":"normal-width-container","site-content-style":"boxed","site-sidebar-style":"unboxed","ast-global-header-display":"","ast-banner-title-visibility":"","ast-main-header-display":"","ast-hfb-above-header-display":"","ast-hfb-below-header-display":"","ast-hfb-mobile-header-display":"","site-post-title":"","ast-breadcrumbs-content":"","ast-featured-img":"","footer-sml-layout":"","theme-transparent-header-meta":"default","adv-header-id-meta":"","stick-header-meta":"","header-above-stick-meta":"","header-main-stick-meta":"","header-below-stick-meta":"","astra-migrate-meta-layouts":"set","ast-page-background-enabled":"default","ast-page-background-meta":{"desktop":{"background-color":"var(--ast-global-color-4)","background-image":"","background-repeat":"repeat","background-position":"center center","background-size":"auto","background-attachment":"scroll","background-type":"","background-media":"","overlay-type":"","overlay-color":"","overlay-opacity":"","overlay-gradient":""},"tablet":{"background-color":"","background-image":"","background-repeat":"repeat","background-position":"center center","background-size":"auto","background-attachment":"scroll","background-type":"","background-media":"","overlay-type":"","overlay-color":"","overlay-opacity":"","overlay-gradient":""},"mobile":{"background-color":"","background-image":"","background-repeat":"repeat","background-position":"center center","background-size":"auto","background-attachment":"scroll","background-type":"","background-media":"","overlay-type":"","overlay-color":"","overlay-opacity":"","overlay-gradient":""}},"ast-content-background-meta":{"desktop":{"background-color":"var(--ast-global-color-5)","background-image":"","background-repeat":"repeat","background-position":"center center","background-size":"auto","background-attachment":"scroll","background-type":"","background-media":"","overlay-type":"","overlay-color":"","overlay-opacity":"","overlay-gradient":""},"tablet":{"background-color":"var(--ast-global-color-5)","background-image":"","background-repeat":"repeat","background-position":"center center","background-size":"auto","background-attachment":"scroll","background-type":"","background-media":"","overlay-type":"","overlay-color":"","overlay-opacity":"","overlay-gradient":""},"mobile":{"background-color":"var(--ast-global-color-5)","background-image":"","background-repeat":"repeat","background-position":"center center","background-size":"auto","background-attachment":"scroll","background-type":"","background-media":"","overlay-type":"","overlay-color":"","overlay-opacity":"","overlay-gradient":""}},"_joinchat":[]},"product_brand":[],"product_cat":[15,25,123,26,28,135,27,137,136,30],"product_tag":[244,245,40,111,243],"class_list":{"0":"post-2868","1":"product","2":"type-product","3":"status-publish","4":"has-post-thumbnail","6":"product_cat-new-vape-this-week","7":"product_cat-germany-best-selling-vape","8":"product_cat-italy-wholesale-vape","9":"product_cat-netherlands-hot-sale-vape","10":"product_cat-poland-hot-sale-vape","11":"product_cat-spain-best-hot-sale-vape","12":"product_cat-fance-hot-sale-vape","13":"product_cat-rechargeable-vapes","14":"product_cat-smart-screen-vapes","15":"product_cat-minimum-order-quantity-50pcs","16":"product_tag-aivono-flash-35000","17":"product_tag-aivono-vape","18":"product_tag-hot-sale-vape","19":"product_tag-low-nicotine-disposable-vape","20":"product_tag-vapsolo","21":"desktop-align-left","22":"tablet-align-left","23":"mobile-align-left","25":"first","26":"instock","27":"sale","28":"shipping-taxable","29":"purchasable","30":"product-type-simple"},"uagb_featured_image_src":{"full":["https:\/\/rmvapesale.com\/wp-content\/uploads\/2024\/12\/Low-Nicotine-Vape-Aivono-Aim-Flash-35000.jpg",800,800,false],"thumbnail":["https:\/\/rmvapesale.com\/wp-content\/uploads\/2024\/12\/Low-Nicotine-Vape-Aivono-Aim-Flash-35000-150x150.jpg",150,150,true],"medium":["https:\/\/rmvapesale.com\/wp-content\/uploads\/2024\/12\/Low-Nicotine-Vape-Aivono-Aim-Flash-35000-300x300.jpg",300,300,true],"medium_large":["https:\/\/rmvapesale.com\/wp-content\/uploads\/2024\/12\/Low-Nicotine-Vape-Aivono-Aim-Flash-35000-768x768.jpg",768,768,true],"large":["https:\/\/rmvapesale.com\/wp-content\/uploads\/2024\/12\/Low-Nicotine-Vape-Aivono-Aim-Flash-35000.jpg",800,800,false],"1536x1536":["https:\/\/rmvapesale.com\/wp-content\/uploads\/2024\/12\/Low-Nicotine-Vape-Aivono-Aim-Flash-35000.jpg",800,800,false],"2048x2048":["https:\/\/rmvapesale.com\/wp-content\/uploads\/2024\/12\/Low-Nicotine-Vape-Aivono-Aim-Flash-35000.jpg",800,800,false],"trp-custom-language-flag":["https:\/\/rmvapesale.com\/wp-content\/uploads\/2024\/12\/Low-Nicotine-Vape-Aivono-Aim-Flash-35000.jpg",12,12,false],"woocommerce_thumbnail":["https:\/\/rmvapesale.com\/wp-content\/uploads\/2024\/12\/Low-Nicotine-Vape-Aivono-Aim-Flash-35000-300x300.jpg",300,300,true],"woocommerce_single":["https:\/\/rmvapesale.com\/wp-content\/uploads\/2024\/12\/Low-Nicotine-Vape-Aivono-Aim-Flash-35000-600x600.jpg",600,600,true],"woocommerce_gallery_thumbnail":["https:\/\/rmvapesale.com\/wp-content\/uploads\/2024\/12\/Low-Nicotine-Vape-Aivono-Aim-Flash-35000-100x100.jpg",100,100,true],"wcpr-photo-reviews":["https:\/\/rmvapesale.com\/wp-content\/uploads\/2024\/12\/Low-Nicotine-Vape-Aivono-Aim-Flash-35000.jpg",500,500,false]},"uagb_author_info":{"display_name":"AMY","author_link":"https:\/\/rmvapesale.com\/es\/author\/"},"uagb_comment_info":0,"uagb_excerpt":"Aivono Aim Flash 35000 Puffs Disposable Vape Wholesale Aivono Flash 35000 Rechargeable Disposable Vape Wholesale Price Hot Sell Disposable Vape Pen Aivono Flash 35k Bulk Buy Cheap Price Contact Amy to get right reply and vape coupon! WhatsApp: +86 17776015835 &nbsp;","_links":{"self":[{"href":"https:\/\/rmvapesale.com\/es\/wp-json\/wp\/v2\/product\/2868","targetHints":{"allow":["GET"]}}],"collection":[{"href":"https:\/\/rmvapesale.com\/es\/wp-json\/wp\/v2\/product"}],"about":[{"href":"https:\/\/rmvapesale.com\/es\/wp-json\/wp\/v2\/types\/product"}],"replies":[{"embeddable":true,"href":"https:\/\/rmvapesale.com\/es\/wp-json\/wp\/v2\/comments?post=2868"}],"wp:featuredmedia":[{"embeddable":true,"href":"https:\/\/rmvapesale.com\/es\/wp-json\/wp\/v2\/media\/2867"}],"wp:attachment":[{"href":"https:\/\/rmvapesale.com\/es\/wp-json\/wp\/v2\/media?parent=2868"}],"wp:term":[{"taxonomy":"product_brand","embeddable":true,"href":"https:\/\/rmvapesale.com\/es\/wp-json\/wp\/v2\/product_brand?post=2868"},{"taxonomy":"product_cat","embeddable":true,"href":"https:\/\/rmvapesale.com\/es\/wp-json\/wp\/v2\/product_cat?post=2868"},{"taxonomy":"product_tag","embeddable":true,"href":"https:\/\/rmvapesale.com\/es\/wp-json\/wp\/v2\/product_tag?post=2868"}],"curies":[{"name":"wp","href":"https:\/\/api.w.org\/{rel}","templated":true}]}}