{"id":2892,"date":"2024-12-28T07:33:48","date_gmt":"2024-12-28T07:33:48","guid":{"rendered":"https:\/\/rmvapesale.com\/?post_type=product&#038;p=2892"},"modified":"2024-12-28T08:06:28","modified_gmt":"2024-12-28T08:06:28","slug":"puff-40k-bang-refillable-disposable-vape-with-digital-display-bulk-buy-price","status":"publish","type":"product","link":"https:\/\/rmvapesale.com\/es\/product\/puff-40k-bang-refillable-disposable-vape-with-digital-display-bulk-buy-price\/","title":{"rendered":"PUFF 40K Bang Vape Desechable Recargable con Pantalla Digital Precio de Compra al por Mayor"},"content":{"rendered":"<div class=\"B2VR9 CJHX3e\">\n<div class=\"wyccme\">\n<div class=\"flex-shrink-0 flex flex-col relative items-end\">\n<div class=\"pt-0\">\n<div class=\"gizmo-bot-avatar flex h-8 w-8 items-center justify-center overflow-hidden rounded-full\">\n<div class=\"relative p-1 rounded-sm flex items-center justify-center bg-token-main-surface-primary text-token-text-primary h-8 w-8\">\n<div class=\"flex-shrink-0 flex flex-col relative items-end\">\n<div class=\"pt-0\">\n<div class=\"gizmo-bot-avatar flex h-8 w-8 items-center justify-center overflow-hidden rounded-full\">\n<h1 class=\"relative p-1 rounded-sm flex items-center justify-center bg-token-main-surface-primary text-token-text-primary h-8 w-8\">PUFF 40K Bang Vape Desechable Recargable con Pantalla Digital Precio de Compra al por Mayor<\/h1>\n<\/div>\n<\/div>\n<\/div>\n<\/div>\n<\/div>\n<\/div>\n<\/div>\n<div class=\"group\/conversation-turn relative flex w-full min-w-0 flex-col agent-turn\">\n<div class=\"flex-col gap-1 md:gap-3\">\n<div class=\"flex max-w-full flex-col flex-grow\">\n<div class=\"min-h-8 text-message flex w-full flex-col items-end gap-2 whitespace-normal break-words text-start [.text-message+&amp;]:mt-5\" dir=\"auto\" data-message-author-role=\"assistant\" data-message-id=\"80ece0c4-ead1-4ed9-a9f0-ddc22582b4f4\" data-message-model-slug=\"gpt-4o\">\n<div class=\"flex w-full flex-col gap-1 empty:hidden first:pt-[3px]\">\n<div class=\"markdown prose w-full break-words dark:prose-invert light\">\n<h3><\/h3>\n<\/div>\n<\/div>\n<\/div>\n<\/div>\n<\/div>\n<\/div>\n<div class=\"flex-shrink-0 flex flex-col relative items-end\">\n<div class=\"pt-0\">\n<div class=\"gizmo-bot-avatar flex h-8 w-8 items-center justify-center overflow-hidden rounded-full\">\n<div class=\"relative p-1 rounded-sm flex items-center justify-center bg-token-main-surface-primary text-token-text-primary h-8 w-8\">\n<p>El <strong>Bang 40K Puff Vape Desechable Refillable<\/strong> lleva la conveniencia, personalizaci\u00f3n y rentabilidad a un nuevo nivel! Dise\u00f1ado para usuarios que exigen alta capacidad y flexibilidad, esto <strong>vape recargable abierto<\/strong> es perfecto para entusiastas del sabor y vapear ecol\u00f3gicos por igual.<\/p>\n<h3>\u00bfPor qu\u00e9 elegir Bang 40K?<\/h3>\n<h4><strong>Gran Cantidad de Caladas<\/strong><\/h4>\n<p>Experimenta hasta <strong>40,000 caladas<\/strong>, ofreciendo una durabilidad inigualable para vapear que quieren que su dispositivo dure sin reemplazos constantes.<\/p>\n<h4><strong>Dise\u00f1o abierto recargable<\/strong><\/h4>\n<p>\u00a1Di adi\u00f3s a las limitaciones de los cartuchos prellenados! El <strong>Bang 40K<\/strong> te permite usar tus l\u00edquidos favoritos, ofreciendo infinitas posibilidades de sabor.<\/p>\n<h4><strong>Tecnolog\u00eda de Doble Bobina de Malla<\/strong><\/h4>\n<p>Disfruta de un sabor m\u00e1s suave, m\u00e1s rico y m\u00e1s consistente con el <strong>resistencia de malla de 1.0 ohm<\/strong>, dise\u00f1ada para una producci\u00f3n de vapor mejorada.<\/p>\n<h4><strong>Pantalla digital<\/strong><\/h4>\n<p>Monitorea el estado de tu vapeo con el <strong>pantalla digital inteligente<\/strong>, mostrando detalles esenciales como la duraci\u00f3n de la bater\u00eda, nivel de e-l\u00edquido y contador de caladas.<\/p>\n<h4><strong>Flujo de aire ajustable y modos de potencia<\/strong><\/h4>\n<p>Personaliza tu experiencia de vapeo con flujo de aire ajustable y <strong>dos modos de potencia<\/strong> (12W para uso regular o 24W para un impulso turbo).<\/p>\n<h4><strong>Ecol\u00f3gico y rentable<\/strong><\/h4>\n<p>Ahorra dinero y reduce residuos con el <strong>dise\u00f1o recargable<\/strong>\u2014una opci\u00f3n inteligente para el medio ambiente y tu bolsillo.<\/p>\n<\/div>\n<\/div>\n<\/div>\n<\/div>\n<\/div>\n<\/div>\n<p><strong>\u00a1Contacta con Amy para obtener la respuesta correcta y un cup\u00f3n de vape!<\/strong><\/p>\n<p><img loading=\"lazy\" decoding=\"async\" class=\"size-full wp-image-1978\" src=\"https:\/\/rmvapesale.com\/wp-content\/uploads\/2024\/09\/Disposable-Vape-Wholesale.jpg\" alt=\"Vape Desechable al por mayor\" width=\"229\" height=\"300\" \/><\/p>\n<h3><a href=\"https:\/\/wa.me\/8617776015835\" target=\"_blank\" rel=\"noopener\"><span style=\"color: #ff0000\"><strong>WhatsApp: +86 17776015835<\/strong><\/span><\/a><\/h3>\n<p>&nbsp;<\/p>\n<p><strong style=\"font-size: 1.7em\">Caracter\u00edsticas clave de Bang Vape 40000<\/strong><\/p>\n<ul>\n<li><strong>40,000 caladas<\/strong>: Duradero para un uso prolongado.<\/li>\n<li><strong>Dise\u00f1o recargable<\/strong>: Usa tu e-l\u00edquido favorito para una personalizaci\u00f3n infinita.<\/li>\n<li><strong>Resistencia de Malla Dual<\/strong>: Sabor superior y producci\u00f3n de vapor suave.<\/li>\n<li><strong>Pantalla digital<\/strong>: Controla la bater\u00eda, las caladas y los niveles de e-l\u00edquido.<\/li>\n<li><strong>Modos de potencia ajustables<\/strong>: Cambia entre regular (12W) y turbo (24W).<\/li>\n<li><strong>Carga tipo C<\/strong>: Carga r\u00e1pida para vapear sin interrupciones.<\/li>\n<li><strong>Funci\u00f3n de bloqueo para ni\u00f1os<\/strong>: Seguridad adicional para tranquilidad.<\/li>\n<\/ul>\n<figure id=\"attachment_2887\" aria-describedby=\"caption-attachment-2887\" style=\"width: 1000px\" class=\"wp-caption alignnone\"><img loading=\"lazy\" decoding=\"async\" class=\"wp-image-2887 size-full\" src=\"https:\/\/rmvapesale.com\/wp-content\/uploads\/2024\/12\/Bang-40000-LED-Display-Disposable-Vape-Bulk-Buy.jpg\" alt=\"Bang 40000 Pantalla LED Vape desechable compra al por mayor\" width=\"1000\" height=\"1000\" srcset=\"https:\/\/rmvapesale.com\/wp-content\/uploads\/2024\/12\/Bang-40000-LED-Display-Disposable-Vape-Bulk-Buy.jpg 1000w, https:\/\/rmvapesale.com\/wp-content\/uploads\/2024\/12\/Bang-40000-LED-Display-Disposable-Vape-Bulk-Buy-300x300.jpg 300w, https:\/\/rmvapesale.com\/wp-content\/uploads\/2024\/12\/Bang-40000-LED-Display-Disposable-Vape-Bulk-Buy-150x150.jpg 150w, https:\/\/rmvapesale.com\/wp-content\/uploads\/2024\/12\/Bang-40000-LED-Display-Disposable-Vape-Bulk-Buy-768x768.jpg 768w, https:\/\/rmvapesale.com\/wp-content\/uploads\/2024\/12\/Bang-40000-LED-Display-Disposable-Vape-Bulk-Buy-600x600.jpg 600w, https:\/\/rmvapesale.com\/wp-content\/uploads\/2024\/12\/Bang-40000-LED-Display-Disposable-Vape-Bulk-Buy-100x100.jpg 100w\" sizes=\"auto, (max-width: 1000px) 100vw, 1000px\" \/><figcaption id=\"caption-attachment-2887\" class=\"wp-caption-text\">Bang 40000 Pantalla LED Vape desechable compra al por mayor<\/figcaption><\/figure>\n<p><strong style=\"font-size: 1.7em\">Sabor m\u00e1s vendido para PUFF 40K Bang Vape desechable recargable<\/strong><\/p>\n<p>Este Vape desechable recargable PUFF 40K Bang ofrece una mezcla vibrante de sabores, que van desde cl\u00e1sicos frutales como Fresa Mango y Uva Ice hasta mezclas refrescantes con hielo como <strong>Hielo de Frambuesa Azul<\/strong> y Ar\u00e1ndano Ice. Encuentra el sabor m\u00e1s vendido para este vape desechable recargable seg\u00fan nuestros datos de ventas y opiniones de clientes.<\/p>\n<p>1.Sand\u00eda Helada <span style=\"color: #ff0000\"><strong>&gt;&gt;&gt;&gt; \u00a1Caliente!<\/strong><\/span><\/p>\n<p>2. Fresa Mango<\/p>\n<p>3. Sand\u00eda y Fresa<\/p>\n<p>4. Hielo de Uva<\/p>\n<p>5. Durazno Mango Sand\u00eda<\/p>\n<p>6. Ar\u00e1ndano Frambuesa <span style=\"color: #ff0000\"><strong>&gt;&gt;&gt;&gt; \u00a1Caliente!<\/strong><\/span><\/p>\n<p>7.Ar\u00e1ndano Helado <span style=\"color: #ff0000\"><strong>&gt;&gt;&gt;&gt; \u00a1Mejor!<\/strong><\/span><\/p>\n<p>8. Fresa Banana<\/p>\n<p>9. Agua de ar\u00e1ndano y sand\u00eda<\/p>\n<p>10. Red Bull<\/p>\n<p>11.Fresa Kiwi<\/p>\n<p>&nbsp;<\/p>\n<h3><strong>Por qu\u00e9 elegir Rmvapesale para Bang 40k Puff\u00a0 <\/strong><strong>V<\/strong><strong>Vape al por mayor<\/strong><strong>?<\/strong><\/h3>\n<div class=\"flex-shrink-0 flex flex-col relative items-end\">\n<div class=\"pt-0\">\n<div class=\"gizmo-bot-avatar flex h-8 w-8 items-center justify-center overflow-hidden rounded-full\">\n<div class=\"relative p-1 rounded-sm flex items-center justify-center bg-token-main-surface-primary text-token-text-primary h-8 w-8\">\n<p>Bienvenido a Rmvapesale, tu tienda de vapeo de confianza para vapes desechables premium. Con m\u00e1s de 5 a\u00f1os de experiencia, te traemos marcas populares de vapes desechables como Al Fakher, Vapme Vape, <a href=\"https:\/\/rmvapesale.com\/es\/product-category\/bang-vapes\/\">Vape Bang<\/a>, Waspe, WGA Vape y<a href=\"https:\/\/rmvapesale.com\/es\/product-category\/randm-fumot-vape\/\"> RandM Vape<\/a>.<\/p>\n<p>Nuestra gama incluye vapes de gran venta como el <a href=\"https:\/\/rmvapesale.com\/es\/product\/randm-tornado-15000-puffs-vape-wholesale\/\">RandM Tornado 15000<\/a> y opciones ricas en sabor como el Vapme 70000. Cada producto se elige con un enfoque en la calidad, el valor y la variedad, asegurando que encuentres la combinaci\u00f3n perfecta para tus necesidades. Descubre un servicio excepcional y una amplia gama de productos de primera calidad en Rmvapesale.<\/p>\n<p>&nbsp;<\/p>\n<p><b style=\"font-size: 1.5em;font-style: inherit\">Preguntas frecuentes sobre PUFF 40K Bang <\/b><b style=\"font-size: 1.5em;font-style: inherit\">Vaporizador desechable recargable<\/b><\/p>\n<\/div>\n<h3><\/h3>\n<ol>\n<li><strong>\u00bfC\u00f3mo recargo el vaporizador Bang 40K?<\/strong><br \/>\nSimplemente abre la tapa de recarga, llena con tu e-l\u00edquido favorito y cierra con seguridad\u2014\u00a1sin desorden, sin complicaciones!<\/li>\n<li><strong>\u00bfQu\u00e9 hace que el Bang 40K sea ecol\u00f3gico?<\/strong><br \/>\nSu <strong>dise\u00f1o recargable<\/strong> reduce los residuos, haciendo que sea una opci\u00f3n m\u00e1s sostenible en comparaci\u00f3n con los vaporizadores desechables tradicionales.<\/li>\n<li><strong>\u00bfPuedo ajustar la potencia de salida?<\/strong><br \/>\n\u00a1S\u00ed! El dispositivo cuenta con <strong>dos modos de potencia<\/strong>\u201412W para uso diario y 24W para una experiencia de vapeo turbo.<\/li>\n<li><strong>\u00bfEl Bang 40K soporta vapeo sin nicotina?<\/strong><br \/>\n\u00a1Por supuesto! Elige tu e-l\u00edquido con <strong>0%, 2%, 3% o 5% de nicotina<\/strong> para una experiencia de vapeo personalizada.<\/li>\n<li><strong>\u00bfD\u00f3nde puedo comprar el Bang 40K a precio mayorista?<\/strong><br \/>\nDir\u00edgete a Rmvaoesale<strong>\u00a0tienda de vapeo online<\/strong> para las mejores <strong>ofertas mayoristas<\/strong> en el <strong>Vape desechable recargable Bang 40K<\/strong>.<\/li>\n<\/ol>\n<\/div>\n<\/div>\n<\/div>\n<h3>Sobre el env\u00edo<\/h3>\n<div class=\"flex-shrink-0 flex flex-col relative items-end\">\n<div>\n<div class=\"pt-0\">\n<div class=\"gizmo-bot-avatar flex h-8 w-8 items-center justify-center overflow-hidden rounded-full\">\n<div><\/div>\n<div class=\"relative p-1 rounded-sm flex items-center justify-center bg-token-main-surface-primary text-token-text-primary h-8 w-8\"><strong>1. \u00bfQu\u00e9 m\u00e9todos de env\u00edo se utilizan?<\/strong><\/div>\n<\/div>\n<\/div>\n<\/div>\n<\/div>\n<div class=\"group\/conversation-turn relative flex w-full min-w-0 flex-col agent-turn\">\n<div class=\"flex-col gap-1 md:gap-3\">\n<div class=\"flex max-w-full flex-col flex-grow\">\n<div class=\"min-h-[20px] text-message flex w-full flex-col items-end gap-2 whitespace-normal break-words [.text-message+&amp;]:mt-5 overflow-x-auto\" dir=\"auto\" data-message-author-role=\"assistant\" data-message-id=\"22f8283b-3233-46ff-89a5-c7a41b33abda\">\n<div class=\"flex w-full flex-col gap-1 empty:hidden first:pt-[3px]\">\n<div class=\"markdown prose w-full break-words dark:prose-invert light\">\n<p>Trabajamos con UPS, DHL, FedEx, DPD y otros transportistas l\u00edderes. Seleccionaremos el mejor m\u00e9todo de env\u00edo seg\u00fan su lugar de entrega para garantizar que reciba sus productos lo m\u00e1s r\u00e1pido posible.<\/p>\n<\/div>\n<p><strong>2. \u00bfCu\u00e1nto tiempo tarda en llegar?<\/strong><\/p>\n<p>Los paquetes enviados a Espa\u00f1a suelen llegar en 10 d\u00edas laborables. El env\u00edo a pa\u00edses europeos generalmente tarda entre 12 y 15 d\u00edas h\u00e1biles. Proporcionaremos actualizaciones en tiempo real sobre el estado de su env\u00edo.<\/p>\n<\/div>\n<\/div>\n<\/div>\n<\/div>\n<\/div>\n<p>&nbsp;<\/p>\n<p>Encuentra m\u00e1s productos de Vape que te puedan gustar:<strong><em><a href=\"https:\/\/rmvapesale.com\/es\/shop-2\/\">comprar ahora &gt;&gt;&gt;<\/a><\/em><\/strong><\/p>","protected":false},"excerpt":{"rendered":"<p>Vape Desechable Refillable Bang 40K Bang al por Mayor<br \/>\nVape Desechable Refillable Bang 40000 Puffs Precio al por Mayor<br \/>\nVape Desechable de Venta Caliente PUFF 40K Bang Vape Desechable al por Mayor Precio Barato<\/p>\n<p><strong>\u00a1Contacta con Amy para obtener la respuesta correcta y un cup\u00f3n de vape!<\/strong><\/p>\n<p><img loading=\"lazy\" decoding=\"async\" class=\"size-full wp-image-2375\" src=\"https:\/\/rmvapesale.com\/wp-content\/uploads\/2024\/10\/image.png\" alt=\"Mejor Vape Desechable\" width=\"229\" height=\"300\" \/><\/p>\n<h3><a href=\"https:\/\/wa.me\/8617776015835\"><span style=\"color: #ff0000\"><strong>WhatsApp: +86 17776015835<\/strong><\/span><\/a><\/h3>\n<p>&nbsp;<\/p>","protected":false},"featured_media":2886,"comment_status":"open","ping_status":"closed","template":"","meta":{"_uag_custom_page_level_css":"","_lmt_disableupdate":"no","_lmt_disable":"","site-sidebar-layout":"default","site-content-layout":"content-boxed-container","ast-site-content-layout":"normal-width-container","site-content-style":"boxed","site-sidebar-style":"unboxed","ast-global-header-display":"","ast-banner-title-visibility":"","ast-main-header-display":"","ast-hfb-above-header-display":"","ast-hfb-below-header-display":"","ast-hfb-mobile-header-display":"","site-post-title":"","ast-breadcrumbs-content":"","ast-featured-img":"","footer-sml-layout":"","theme-transparent-header-meta":"default","adv-header-id-meta":"","stick-header-meta":"","header-above-stick-meta":"","header-main-stick-meta":"","header-below-stick-meta":"","astra-migrate-meta-layouts":"set","ast-page-background-enabled":"default","ast-page-background-meta":{"desktop":{"background-color":"var(--ast-global-color-4)","background-image":"","background-repeat":"repeat","background-position":"center center","background-size":"auto","background-attachment":"scroll","background-type":"","background-media":"","overlay-type":"","overlay-color":"","overlay-opacity":"","overlay-gradient":""},"tablet":{"background-color":"","background-image":"","background-repeat":"repeat","background-position":"center center","background-size":"auto","background-attachment":"scroll","background-type":"","background-media":"","overlay-type":"","overlay-color":"","overlay-opacity":"","overlay-gradient":""},"mobile":{"background-color":"","background-image":"","background-repeat":"repeat","background-position":"center center","background-size":"auto","background-attachment":"scroll","background-type":"","background-media":"","overlay-type":"","overlay-color":"","overlay-opacity":"","overlay-gradient":""}},"ast-content-background-meta":{"desktop":{"background-color":"var(--ast-global-color-5)","background-image":"","background-repeat":"repeat","background-position":"center center","background-size":"auto","background-attachment":"scroll","background-type":"","background-media":"","overlay-type":"","overlay-color":"","overlay-opacity":"","overlay-gradient":""},"tablet":{"background-color":"var(--ast-global-color-5)","background-image":"","background-repeat":"repeat","background-position":"center center","background-size":"auto","background-attachment":"scroll","background-type":"","background-media":"","overlay-type":"","overlay-color":"","overlay-opacity":"","overlay-gradient":""},"mobile":{"background-color":"var(--ast-global-color-5)","background-image":"","background-repeat":"repeat","background-position":"center center","background-size":"auto","background-attachment":"scroll","background-type":"","background-media":"","overlay-type":"","overlay-color":"","overlay-opacity":"","overlay-gradient":""}},"_joinchat":[]},"product_brand":[],"product_cat":[15,25,123,26,28,135,27,60,137,136,30],"product_tag":[199,146,131,40,111,251,252],"class_list":{"0":"post-2892","1":"product","2":"type-product","3":"status-publish","4":"has-post-thumbnail","6":"product_cat-new-vape-this-week","7":"product_cat-germany-best-selling-vape","8":"product_cat-italy-wholesale-vape","9":"product_cat-netherlands-hot-sale-vape","10":"product_cat-poland-hot-sale-vape","11":"product_cat-spain-best-hot-sale-vape","12":"product_cat-fance-hot-sale-vape","13":"product_cat-bang-vapes","14":"product_cat-rechargeable-vapes","15":"product_cat-smart-screen-vapes","16":"product_cat-minimum-order-quantity-50pcs","17":"product_tag-bang-vape","18":"product_tag-best-hot-sale-vape","19":"product_tag-big-puff-vape","20":"product_tag-hot-sale-vape","21":"product_tag-low-nicotine-disposable-vape","22":"product_tag-puff-40k","23":"product_tag-refillable-disposable-vape","24":"desktop-align-left","25":"tablet-align-left","26":"mobile-align-left","28":"first","29":"instock","30":"sale","31":"shipping-taxable","32":"purchasable","33":"product-type-simple"},"uagb_featured_image_src":{"full":["https:\/\/rmvapesale.com\/wp-content\/uploads\/2024\/12\/Bang-40k-Puffs-LED-Display-Disposable-Vape-Wholesale.jpg",1000,1000,false],"thumbnail":["https:\/\/rmvapesale.com\/wp-content\/uploads\/2024\/12\/Bang-40k-Puffs-LED-Display-Disposable-Vape-Wholesale-150x150.jpg",150,150,true],"medium":["https:\/\/rmvapesale.com\/wp-content\/uploads\/2024\/12\/Bang-40k-Puffs-LED-Display-Disposable-Vape-Wholesale-300x300.jpg",300,300,true],"medium_large":["https:\/\/rmvapesale.com\/wp-content\/uploads\/2024\/12\/Bang-40k-Puffs-LED-Display-Disposable-Vape-Wholesale-768x768.jpg",768,768,true],"large":["https:\/\/rmvapesale.com\/wp-content\/uploads\/2024\/12\/Bang-40k-Puffs-LED-Display-Disposable-Vape-Wholesale.jpg",1000,1000,false],"1536x1536":["https:\/\/rmvapesale.com\/wp-content\/uploads\/2024\/12\/Bang-40k-Puffs-LED-Display-Disposable-Vape-Wholesale.jpg",1000,1000,false],"2048x2048":["https:\/\/rmvapesale.com\/wp-content\/uploads\/2024\/12\/Bang-40k-Puffs-LED-Display-Disposable-Vape-Wholesale.jpg",1000,1000,false],"trp-custom-language-flag":["https:\/\/rmvapesale.com\/wp-content\/uploads\/2024\/12\/Bang-40k-Puffs-LED-Display-Disposable-Vape-Wholesale.jpg",12,12,false],"woocommerce_thumbnail":["https:\/\/rmvapesale.com\/wp-content\/uploads\/2024\/12\/Bang-40k-Puffs-LED-Display-Disposable-Vape-Wholesale-300x300.jpg",300,300,true],"woocommerce_single":["https:\/\/rmvapesale.com\/wp-content\/uploads\/2024\/12\/Bang-40k-Puffs-LED-Display-Disposable-Vape-Wholesale-600x600.jpg",600,600,true],"woocommerce_gallery_thumbnail":["https:\/\/rmvapesale.com\/wp-content\/uploads\/2024\/12\/Bang-40k-Puffs-LED-Display-Disposable-Vape-Wholesale-100x100.jpg",100,100,true],"wcpr-photo-reviews":["https:\/\/rmvapesale.com\/wp-content\/uploads\/2024\/12\/Bang-40k-Puffs-LED-Display-Disposable-Vape-Wholesale.jpg",500,500,false]},"uagb_author_info":{"display_name":"AMY","author_link":"https:\/\/rmvapesale.com\/es\/author\/"},"uagb_comment_info":0,"uagb_excerpt":"PUFF 40K Bang Refillable Disposable Vape Wholesale Refillable Disposable Vape Bang 40000 Puffs \u00a0Wholesale Price Hot Sell Disposable Vape Pen PUFF 40K Bang Disposable Vape Bulk Buy Cheap Price Contact Amy to get right reply and vape coupon! WhatsApp: +86 17776015835 &nbsp;","_links":{"self":[{"href":"https:\/\/rmvapesale.com\/es\/wp-json\/wp\/v2\/product\/2892","targetHints":{"allow":["GET"]}}],"collection":[{"href":"https:\/\/rmvapesale.com\/es\/wp-json\/wp\/v2\/product"}],"about":[{"href":"https:\/\/rmvapesale.com\/es\/wp-json\/wp\/v2\/types\/product"}],"replies":[{"embeddable":true,"href":"https:\/\/rmvapesale.com\/es\/wp-json\/wp\/v2\/comments?post=2892"}],"wp:featuredmedia":[{"embeddable":true,"href":"https:\/\/rmvapesale.com\/es\/wp-json\/wp\/v2\/media\/2886"}],"wp:attachment":[{"href":"https:\/\/rmvapesale.com\/es\/wp-json\/wp\/v2\/media?parent=2892"}],"wp:term":[{"taxonomy":"product_brand","embeddable":true,"href":"https:\/\/rmvapesale.com\/es\/wp-json\/wp\/v2\/product_brand?post=2892"},{"taxonomy":"product_cat","embeddable":true,"href":"https:\/\/rmvapesale.com\/es\/wp-json\/wp\/v2\/product_cat?post=2892"},{"taxonomy":"product_tag","embeddable":true,"href":"https:\/\/rmvapesale.com\/es\/wp-json\/wp\/v2\/product_tag?post=2892"}],"curies":[{"name":"wp","href":"https:\/\/api.w.org\/{rel}","templated":true}]}}