{"id":2911,"date":"2025-01-08T08:18:28","date_gmt":"2025-01-08T08:18:28","guid":{"rendered":"https:\/\/rmvapesale.com\/?post_type=product&#038;p=2911"},"modified":"2025-01-08T08:52:15","modified_gmt":"2025-01-08T08:52:15","slug":"jnr-mega-shisha-hookah-100000-100k-puffs-disposable-vape-a-premium-vaping-experience","status":"publish","type":"product","link":"https:\/\/rmvapesale.com\/es\/product\/jnr-mega-shisha-hookah-100000-100k-puffs-disposable-vape-a-premium-vaping-experience\/","title":{"rendered":"JNR Mega Shisha Hookah 100000 100k Puffs Vape Desechable: Una Experiencia de Vapeo Premium"},"content":{"rendered":"<div class=\"B2VR9 CJHX3e\">\n<div class=\"wyccme\">\n<div class=\"flex-shrink-0 flex flex-col relative items-end\">\n<div class=\"pt-0\">\n<div class=\"gizmo-bot-avatar flex h-8 w-8 items-center justify-center overflow-hidden rounded-full\">\n<div class=\"relative p-1 rounded-sm flex items-center justify-center bg-token-main-surface-primary text-token-text-primary h-8 w-8\">\n<div class=\"flex-shrink-0 flex flex-col relative items-end\">\n<div class=\"pt-0\">\n<div class=\"gizmo-bot-avatar flex h-8 w-8 items-center justify-center overflow-hidden rounded-full\">\n<h1 class=\"relative p-1 rounded-sm flex items-center justify-center bg-token-main-surface-primary text-token-text-primary h-8 w-8\">JNR Mega Shisha Hookah 100000 100k Puffs Vape Desechable: Una Experiencia de Vapeo Premium<\/h1>\n<\/div>\n<\/div>\n<\/div>\n<\/div>\n<\/div>\n<\/div>\n<\/div>\n<div class=\"group\/conversation-turn relative flex w-full min-w-0 flex-col agent-turn\">\n<div class=\"flex-col gap-1 md:gap-3\">\n<div class=\"flex max-w-full flex-col flex-grow\">\n<div class=\"min-h-8 text-message flex w-full flex-col items-end gap-2 whitespace-normal break-words text-start [.text-message+&amp;]:mt-5\" dir=\"auto\" data-message-author-role=\"assistant\" data-message-id=\"80ece0c4-ead1-4ed9-a9f0-ddc22582b4f4\" data-message-model-slug=\"gpt-4o\">\n<div class=\"flex w-full flex-col gap-1 empty:hidden first:pt-[3px]\">\n<div class=\"markdown prose w-full break-words dark:prose-invert light\"><\/div>\n<\/div>\n<\/div>\n<\/div>\n<\/div>\n<\/div>\n<div class=\"flex-shrink-0 flex flex-col relative items-end\">\n<div class=\"pt-0\">\n<div class=\"gizmo-bot-avatar flex h-8 w-8 items-center justify-center overflow-hidden rounded-full\">\n<div class=\"relative p-1 rounded-sm flex items-center justify-center bg-token-main-surface-primary text-token-text-primary h-8 w-8\">\n<p>El <strong>JNR Mega Shisha Hookah 100000 Puffs Vape Desechable<\/strong> es un dispositivo innovador dise\u00f1ado para aquellos que exigen una experiencia de vapeo prolongada y premium. Con su impresionante <strong>100,000 inhalaciones<\/strong> de vida \u00fatil, este dispositivo garantiza un disfrute duradero, ofreciendo un vapor consistente y suave con cada calada.<\/p>\n<h2><strong>Caracter\u00edsticas Clave:<\/strong><\/h2>\n<ol>\n<li><strong>Capacidad Masiva de E-L\u00edquido<\/strong><br \/>\nEquipado con un <strong>tanque de e-l\u00edquido de 60mL<\/strong>, el JNR Mega Shisha proporciona un abundante suministro de jugo de vapeo, asegurando que pueda disfrutar de sesiones prolongadas sin necesidad de recargas frecuentes. Combinado con <strong>2% de concentraci\u00f3n de nicotina<\/strong>, este vape ofrece una experiencia satisfactoria que logra un equilibrio perfecto entre sabor y suavidad.<\/li>\n<li><strong>Potente Bater\u00eda Recargable<\/strong><br \/>\nEl <strong>La bater\u00eda recargable de 2200mAh<\/strong> garantiza una amplia potencia para durar largas sesiones. Con <strong>carga r\u00e1pida Tipo-C<\/strong>, pasar\u00e1s menos tiempo esperando a que tu dispositivo se recargue y m\u00e1s tiempo disfrutando de tu vapeador. Esta caracter\u00edstica hace del JNR Mega Shisha una opci\u00f3n fiable y conveniente para aquellos que est\u00e1n en movimiento.<\/li>\n<li><strong>Monitoreo Inteligente de Pantalla<\/strong><br \/>\nA <strong>pantalla inteligente<\/strong> integrada en el dispositivo ofrece informaci\u00f3n en tiempo real sobre los niveles de bater\u00eda y de e-l\u00edquido. Esta caracter\u00edstica te da control total sobre tu experiencia de vapeo, para que puedas rastrear f\u00e1cilmente cu\u00e1ndo es el momento de recargar o rellenar, evitando cualquier interrupci\u00f3n en tu sesi\u00f3n.<\/li>\n<li><strong>Dise\u00f1o de Boquilla Dual<\/strong><br \/>\nEl <strong>dise\u00f1o de boquilla dual<\/strong> es una caracter\u00edstica destacada, que permite una experiencia de vapeo m\u00e1s personalizable. Ya sea que est\u00e9s disfrutando del dispositivo solo o comparti\u00e9ndolo con amigos, este dise\u00f1o ofrece una versatilidad a\u00f1adida. Mejora tu experiencia, haci\u00e9ndola ideal para sesiones sociales o relajaci\u00f3n personal.<\/li>\n<li><strong>Rendimiento Optimizado<\/strong><br \/>\nEl <strong>tiempo m\u00e1ximo de calada de 8 segundos<\/strong> asegura que cada calada ofrezca una producci\u00f3n de vapor \u00f3ptima, mientras que el <strong>sistema de protecci\u00f3n autom\u00e1tica<\/strong> evita el sobrecalentamiento. Esta caracter\u00edstica de seguridad a\u00f1adida garantiza una experiencia de vapeo suave y sin preocupaciones, d\u00e1ndote tranquilidad con cada uso.<\/li>\n<li><strong>Vapeo DTL para un Vapor Rico<\/strong><br \/>\nDise\u00f1ado para <strong>vapeo Directo al Pulm\u00f3n (DTL)<\/strong>, el JNR Mega Shisha produce un vapor suave y denso con cada inhalaci\u00f3n. El dise\u00f1o del dispositivo y el sistema de entrega de vapor est\u00e1n optimizados para aquellos que disfrutan de nubes profundas y satisfactorias que mejoran la experiencia general.<\/li>\n<li><strong>Est\u00e9tica y Funcionalidad Mejoradas<\/strong><br \/>\nCon una elegante <strong>luz de respiraci\u00f3n<\/strong> y <strong>compatibilidad con cachimba de escritorio<\/strong>, la JNR Mega Shisha no solo funciona bien, sino que tambi\u00e9n a\u00f1ade un toque est\u00e9tico a tu configuraci\u00f3n de vapeo. La luz brillante y la compatibilidad con las configuraciones tradicionales de cachimba hacen de este dispositivo una pieza de declaraci\u00f3n, perfecta para cualquiera que aprecie la elegancia y el ritual de la cultura de la cachimba.<\/li>\n<\/ol>\n<h3><strong>\u00bfPor qu\u00e9 elegir el Vape Desechable JNR Mega Shisha de 100000 Caladas?<\/strong><\/h3>\n<p>Si est\u00e1s buscando un <strong>vape desechable de alto rendimiento<\/strong> que combine longevidad, potencia e innovaci\u00f3n, el <strong>JNR Mega Shisha 100k<\/strong>\u00a0es la mejor opci\u00f3n. Su gran capacidad de e-l\u00edquido, bater\u00eda recargable, funciones inteligentes y dise\u00f1o de vapeo DTL lo hacen destacar en el mercado. Tanto si eres un vapeador experimentado como si eres un principiante, este dispositivo ofrece todo lo que necesitas para una experiencia premium, desde un vapor suave hasta sesiones de larga duraci\u00f3n.<\/p>\n<p>Con <strong>12 diversos sabores<\/strong>, opciones personalizables y los beneficios a\u00f1adidos de un <strong>luz de respiraci\u00f3n<\/strong> y <strong>compatibilidad con narguile<\/strong>, el JNR Mega Shisha ofrece m\u00e1s que solo vapor: es una experiencia de vapeo completa y lujosa. Perfecto para aquellos que desean tanto funci\u00f3n como estilo, este dispositivo es una adici\u00f3n esencial a la colecci\u00f3n de cualquier vapeador.<\/p>\n<\/div>\n<p>&nbsp;<\/p>\n<\/div>\n<\/div>\n<\/div>\n<\/div>\n<\/div>\n<p><strong>\u00a1Contacta con Amy para obtener la respuesta correcta y un cup\u00f3n de vape!<\/strong><\/p>\n<p><img loading=\"lazy\" decoding=\"async\" class=\"size-full wp-image-1978\" src=\"https:\/\/rmvapesale.com\/wp-content\/uploads\/2024\/09\/Disposable-Vape-Wholesale.jpg\" alt=\"Vape Desechable al por mayor\" width=\"229\" height=\"300\" \/><\/p>\n<h3><a href=\"https:\/\/wa.me\/8617776015835\" target=\"_blank\" rel=\"noopener\"><span style=\"color: #ff0000\"><strong>WhatsApp: +86 17776015835<\/strong><\/span><\/a><\/h3>\n<p>&nbsp;<\/p>\n<h2><strong style=\"font-size: 1.7em\">Caracter\u00edsticas principales del JNR Mega Shisha Hookah 100000<\/strong><\/h2>\n<ul>\n<li><strong>Concentraci\u00f3n de nicotina:<\/strong>\u00a02%<\/li>\n<li><strong>Caladas:<\/strong>\u00a0Hasta 100000 caladas<\/li>\n<li><strong>Capacidad de E-l\u00edquido:<\/strong>\u00a060 ml<\/li>\n<li><strong>Capacidad de la bater\u00eda:<\/strong>\u00a02200 mAh recargable<\/li>\n<li><strong>M\u00e9todo de carga:<\/strong>\u00a0carga r\u00e1pida Tipo-C<\/li>\n<li><strong>Estilo de vapeo:<\/strong>\u00a0Vapeo DTL (Directo al pulm\u00f3n)<\/li>\n<li><strong>Luz de respiraci\u00f3n:<\/strong>\u00a0Atractivo visual con cada calada<\/li>\n<li><strong>Pantalla inteligente:<\/strong>\u00a0Actualizaciones en tiempo real sobre los niveles de bater\u00eda y e-l\u00edquido<\/li>\n<li><strong>Boquillas:<\/strong>\u00a0Boquilla doble para vapeo compartido o individual<\/li>\n<li><strong>Tiempo m\u00e1ximo de vapeo:<\/strong>\u00a08 segundos por calada<\/li>\n<li><strong>Protecci\u00f3n:<\/strong>\u00a0Protecci\u00f3n autom\u00e1tica contra horas extras<\/li>\n<li><strong>Compatibilidad con cachimbas de escritorio:<\/strong>\u00a0Ideal para vapear al estilo cachimba<\/li>\n<li><strong>Sabores:<\/strong>\u00a012 opciones de sabores para elegir<\/li>\n<\/ul>\n<h2><strong style=\"font-size: 1.7em\">Sabor m\u00e1s vendido para JNR Mega Shisha Hookah 100k<\/strong><\/h2>\n<p>Este Vape Desechable JNR Mega Shisha Hookah 100000 est\u00e1 disponible en <strong>12 emocionantes sabores<\/strong>, ofrece una variedad de opciones para satisfacer diferentes gustos. Desde afrutados hasta mentolados y mezclas ex\u00f3ticas, hay algo para todos. Esta amplia selecci\u00f3n asegura que siempre puedas encontrar un sabor que se adapte a tu estado de \u00e1nimo, convirti\u00e9ndolo en una opci\u00f3n vers\u00e1til para todos los vapeadores. Encuentra el sabor m\u00e1s vendido para este vape desechable recargable seg\u00fan nuestra fecha de ventas y comentarios de los clientes.<\/p>\n<p>1. Dos Manzanas<strong> <span style=\"color: #ff0000\">&gt;&gt;&gt;&gt; \u00a1Mejor!<\/span><\/strong><br \/>\n2. Hielo de ar\u00e1ndanos <span style=\"color: #ff0000\"><strong>&gt;&gt;&gt;&gt; \u00a1Caliente!<\/strong><\/span><br \/>\n3. Menta de Uva<br \/>\n4. Haw\u00e1i<br \/>\n5. Kiwi Maracuy\u00e1 Guayaba<br \/>\n6. Lady Killa <span style=\"color: #ff0000\"><strong>&gt;&gt;&gt;&gt; \u00a1Caliente!<\/strong><\/span><br \/>\n7. Love 66<br \/>\n8. Hielo Exuberante<br \/>\n9. Amor M\u00e1gico<br \/>\n10. Mi Amor <span style=\"color: #ff0000\"><strong>&gt;&gt;&gt;&gt; \u00a1Caliente!<\/strong><\/span><br \/>\n11. Hielo de Melocot\u00f3n<br \/>\n12. Ponche de Fresa<\/p>\n<figure id=\"attachment_2908\" aria-describedby=\"caption-attachment-2908\" style=\"width: 1000px\" class=\"wp-caption alignnone\"><img loading=\"lazy\" decoding=\"async\" class=\"wp-image-2908 size-full\" src=\"https:\/\/rmvapesale.com\/wp-content\/uploads\/2025\/01\/JNR-Mega-Shisha-Hookah-100000-100K-Puffs.webp\" alt=\"JNR Mega Shisha Hookah 100000 100K Caladas\" width=\"1000\" height=\"1000\" srcset=\"https:\/\/rmvapesale.com\/wp-content\/uploads\/2025\/01\/JNR-Mega-Shisha-Hookah-100000-100K-Puffs.webp 1000w, https:\/\/rmvapesale.com\/wp-content\/uploads\/2025\/01\/JNR-Mega-Shisha-Hookah-100000-100K-Puffs-300x300.webp 300w, https:\/\/rmvapesale.com\/wp-content\/uploads\/2025\/01\/JNR-Mega-Shisha-Hookah-100000-100K-Puffs-150x150.webp 150w, https:\/\/rmvapesale.com\/wp-content\/uploads\/2025\/01\/JNR-Mega-Shisha-Hookah-100000-100K-Puffs-768x768.webp 768w, https:\/\/rmvapesale.com\/wp-content\/uploads\/2025\/01\/JNR-Mega-Shisha-Hookah-100000-100K-Puffs-600x600.webp 600w, https:\/\/rmvapesale.com\/wp-content\/uploads\/2025\/01\/JNR-Mega-Shisha-Hookah-100000-100K-Puffs-100x100.webp 100w\" sizes=\"auto, (max-width: 1000px) 100vw, 1000px\" \/><figcaption id=\"caption-attachment-2908\" class=\"wp-caption-text\">JNR Mega Shisha Hookah 100000 100K Caladas<\/figcaption><\/figure>\n<h3>An\u00e1lisis a Fondo de JNR Mega Shisha Hookah 100k<\/h3>\n<h3><\/h3>\n<ol>\n<li><strong>Dos Manzanas<\/strong>: Una mezcla crujiente y refrescante de manzanas dulces y \u00e1cidas.<\/li>\n<li><strong>Amor 66<\/strong>: Una mezcla suave y dulce de bayas con un toque tropical.<\/li>\n<li><strong>Lady Killa<\/strong>: Una fusi\u00f3n audaz de notas frutales y florales, que ofrece un giro \u00fanico.<\/li>\n<li><strong>Ponche de Fresa<\/strong>: Un sabor dulce y \u00e1cido a fresa con un toque de c\u00edtricos.<\/li>\n<li><strong>Hielo Exuberante<\/strong>: Una combinaci\u00f3n fresca y refrescante de sand\u00eda dulce y mentol helado.<\/li>\n<li><strong>Menta de Uva<\/strong>: Una mezcla suave de uvas dulces y jugosas con un refrescante final de menta.<\/li>\n<li><strong>Amor M\u00e1gico<\/strong>: Una mezcla m\u00e1gica de frutas ex\u00f3ticas con un final suave y dulce.<\/li>\n<li><strong>Hielo de Melocot\u00f3n<\/strong>: Un jugoso sabor a melocot\u00f3n combinado con un refrescante toque de mentol.<\/li>\n<li><strong>Hielo de Ar\u00e1ndano<\/strong>: Ar\u00e1ndanos dulces con un regusto fresco y helado de mentol.<\/li>\n<li><strong>Haw\u00e1i<\/strong>: Una mezcla tropical de frutas que captura la esencia de un para\u00edso hawaiano.<\/li>\n<li><strong>Kiwi, Maracuy\u00e1 y Guayaba<\/strong>: Una mezcla \u00e1cida y tropical de kiwi, maracuy\u00e1 y guayaba.<\/li>\n<li><strong>Mi Amor<\/strong>: Una mezcla rom\u00e1ntica de dulzura frutal con un toque de sabores ex\u00f3ticos.<\/li>\n<\/ol>\n<h3><\/h3>\n<h4><strong>Por qu\u00e9 elegir Rmvapesale para JNR Mega Shisha Hookah 100k Puff\u00a0 <\/strong><strong>V<\/strong><strong>Vape al por mayor<\/strong><strong>?<\/strong><\/h4>\n<div class=\"flex-shrink-0 flex flex-col relative items-end\">\n<div class=\"pt-0\">\n<div class=\"gizmo-bot-avatar flex h-8 w-8 items-center justify-center overflow-hidden rounded-full\">\n<div class=\"relative p-1 rounded-sm flex items-center justify-center bg-token-main-surface-primary text-token-text-primary h-8 w-8\">\n<p>Bienvenido a Rmvapesale, tu tienda de vapeo de confianza para vapes desechables premium. Con m\u00e1s de 5 a\u00f1os de experiencia, te traemos marcas populares de vapes desechables como Al Fakher, Vapme Vape, <a href=\"https:\/\/rmvapesale.com\/es\/product-category\/bang-vapes\/\">Vape Bang<\/a>, Waspe, WGA Vape y<a href=\"https:\/\/rmvapesale.com\/es\/product-category\/randm-fumot-vape\/\"> RandM Vape<\/a>.<\/p>\n<p>Nuestra gama incluye vapes de gran venta como el <a href=\"https:\/\/rmvapesale.com\/es\/product\/randm-tornado-15000-puffs-vape-wholesale\/\">RandM Tornado 15000<\/a> y opciones ricas en sabor como el Vapme 70000. Cada producto se elige con un enfoque en la calidad, el valor y la variedad, asegurando que encuentres la combinaci\u00f3n perfecta para tus necesidades. Descubre un servicio excepcional y una amplia gama de productos de primera calidad en Rmvapesale.<\/p>\n<p>&nbsp;<\/p>\n<h3><b style=\"font-size: 1.5em;font-style: inherit\">PREGUNTAS FRECUENTES Para JNR Shisha Hookah 100000 <\/b><b style=\"font-size: 1.5em;font-style: inherit\">Vaporizador desechable recargable<\/b><\/h3>\n<\/div>\n<h3><\/h3>\n<ol>\n<li><strong>\u00bfQu\u00e9 hace que el JNR Mega Shisha 100,000 Puffs sea tan duradero?<\/strong><br \/>\nEl <strong>incre\u00edblemente duradero<\/strong> JNR Mega Shisha ofrece hasta <strong>100,000 inhalaciones<\/strong>, con una gran <strong>Capacidad de 60 ml de e-l\u00edquido<\/strong> y un <strong>La bater\u00eda recargable de 2200mAh<\/strong> que asegura una experiencia de vapeo prolongada.<\/li>\n<li><strong>\u00bfC\u00f3mo funciona la pantalla inteligente en el JNR Shisha 100,000 Puffs?<\/strong><br \/>\nEl <strong>innovador<\/strong> La pantalla inteligente proporciona actualizaciones en tiempo real sobre los niveles de bater\u00eda y de e-l\u00edquido, lo que le brinda un control preciso sobre sus sesiones de vapeo.<\/li>\n<li><strong>\u00bfPuedo compartir el JNR Mega Shisha 100,000 Puffs con otros?<\/strong><br \/>\nS\u00ed, el <strong>vers\u00e1til<\/strong> El dise\u00f1o de doble boquilla lo hace perfecto tanto para el disfrute en solitario como para compartir con amigos, ofreciendo una experiencia de vapeo personalizable.<\/li>\n<li><strong>\u00bfEs el JNR Mega Shisha 100,000 Puffs adecuado para vapear directamente al pulm\u00f3n?<\/strong><br \/>\n\u00a1Absolutamente! El <strong>premium<\/strong> El dise\u00f1o del JNR Mega Shisha est\u00e1 optimizado para <strong>Directo al pulm\u00f3n (DTL)<\/strong> vapear, entregando un vapor rico y suave con cada inhalaci\u00f3n.<\/li>\n<li><strong>\u00bfC\u00f3mo asegura el JNR Mega Shisha 100,000 Puffs un vapeo seguro?<\/strong><br \/>\nEl <strong>seguro y confiable<\/strong> El sistema de protecci\u00f3n autom\u00e1tico evita el sobrecalentamiento, mientras que el <strong>tiempo m\u00e1ximo de calada de 8 segundos<\/strong> garantiza una producci\u00f3n de vapor \u00f3ptima sin comprometer la seguridad.<\/li>\n<\/ol>\n<p>&nbsp;<\/p>\n<\/div>\n<\/div>\n<\/div>\n<h3>Sobre el env\u00edo<\/h3>\n<div class=\"flex-shrink-0 flex flex-col relative items-end\">\n<div>\n<div class=\"pt-0\">\n<div class=\"gizmo-bot-avatar flex h-8 w-8 items-center justify-center overflow-hidden rounded-full\">\n<div><\/div>\n<div class=\"relative p-1 rounded-sm flex items-center justify-center bg-token-main-surface-primary text-token-text-primary h-8 w-8\"><strong>1. \u00bfQu\u00e9 m\u00e9todos de env\u00edo se utilizan?<\/strong><\/div>\n<\/div>\n<\/div>\n<\/div>\n<\/div>\n<div class=\"group\/conversation-turn relative flex w-full min-w-0 flex-col agent-turn\">\n<div class=\"flex-col gap-1 md:gap-3\">\n<div class=\"flex max-w-full flex-col flex-grow\">\n<div class=\"min-h-[20px] text-message flex w-full flex-col items-end gap-2 whitespace-normal break-words [.text-message+&amp;]:mt-5 overflow-x-auto\" dir=\"auto\" data-message-author-role=\"assistant\" data-message-id=\"22f8283b-3233-46ff-89a5-c7a41b33abda\">\n<div class=\"flex w-full flex-col gap-1 empty:hidden first:pt-[3px]\">\n<div class=\"markdown prose w-full break-words dark:prose-invert light\">\n<p>Trabajamos con UPS, DHL, FedEx, DPD y otros transportistas l\u00edderes. Seleccionaremos el mejor m\u00e9todo de env\u00edo seg\u00fan su lugar de entrega para garantizar que reciba sus productos lo m\u00e1s r\u00e1pido posible.<\/p>\n<\/div>\n<p><strong>2. \u00bfCu\u00e1nto tiempo tarda en llegar?<\/strong><\/p>\n<p>Los paquetes enviados a Espa\u00f1a suelen llegar en 10 d\u00edas laborables. El env\u00edo a pa\u00edses europeos generalmente tarda entre 12 y 15 d\u00edas h\u00e1biles. Proporcionaremos actualizaciones en tiempo real sobre el estado de su env\u00edo.<\/p>\n<\/div>\n<\/div>\n<\/div>\n<\/div>\n<\/div>\n<p><strong><span style=\"color: #ff0000\">Otro vaporizador desechable de cachimba Shisha de gran venta: <a href=\"https:\/\/rmvapesale.com\/es\/product\/fihp-shisha-hookah-15000-pro-disposable-vape-wholesale\/\">FIHP Shisha Hookah 15000 Puff<\/a>, <a href=\"https:\/\/rmvapesale.com\/es\/product\/vape-wholesale-lavande-bm-18000-puffs-shisha-hookah-bar\/\">VOPK Shisha Hookah BAR 20000, Lavande BM18000 Puffs Shisha Vape<\/a><\/span><\/strong><\/p>\n<p>&nbsp;<\/p>\n<p>Encuentra m\u00e1s productos de Vape que te puedan gustar:<strong><em><a href=\"https:\/\/rmvapesale.com\/es\/shop-2\/\">comprar ahora &gt;&gt;&gt;<\/a><\/em><\/strong><\/p>","protected":false},"excerpt":{"rendered":"<p>Precio al por mayor de JNR Mega Shisha Hookah 100K Puffs Vape Desechable<br \/>\nJNR Mega Shisha Hookah 100000 100K Puffs Gran Capacidad<br \/>\nJNR Shisha Hookah 100K Vape Desechable 2% Bajo en Nicotina<\/p>\n<p><strong>\u00a1Contacta con Amy para obtener la respuesta correcta y un cup\u00f3n de vape!<\/strong><\/p>\n<p><img loading=\"lazy\" decoding=\"async\" class=\"size-full wp-image-2375\" src=\"https:\/\/rmvapesale.com\/wp-content\/uploads\/2024\/10\/image.png\" alt=\"Mejor Vape Desechable\" width=\"229\" height=\"300\" \/><\/p>\n<h3><a href=\"https:\/\/wa.me\/8617776015835\"><span style=\"color: #ff0000\"><strong>WhatsApp: +86 17776015835<\/strong><\/span><\/a><\/h3>\n<p>&nbsp;<\/p>","protected":false},"featured_media":2910,"comment_status":"open","ping_status":"closed","template":"","meta":{"_uag_custom_page_level_css":"","_lmt_disableupdate":"no","_lmt_disable":"","site-sidebar-layout":"default","site-content-layout":"content-boxed-container","ast-site-content-layout":"normal-width-container","site-content-style":"boxed","site-sidebar-style":"unboxed","ast-global-header-display":"","ast-banner-title-visibility":"","ast-main-header-display":"","ast-hfb-above-header-display":"","ast-hfb-below-header-display":"","ast-hfb-mobile-header-display":"","site-post-title":"","ast-breadcrumbs-content":"","ast-featured-img":"","footer-sml-layout":"","theme-transparent-header-meta":"default","adv-header-id-meta":"","stick-header-meta":"","header-above-stick-meta":"","header-main-stick-meta":"","header-below-stick-meta":"","astra-migrate-meta-layouts":"set","ast-page-background-enabled":"default","ast-page-background-meta":{"desktop":{"background-color":"var(--ast-global-color-4)","background-image":"","background-repeat":"repeat","background-position":"center center","background-size":"auto","background-attachment":"scroll","background-type":"","background-media":"","overlay-type":"","overlay-color":"","overlay-opacity":"","overlay-gradient":""},"tablet":{"background-color":"","background-image":"","background-repeat":"repeat","background-position":"center center","background-size":"auto","background-attachment":"scroll","background-type":"","background-media":"","overlay-type":"","overlay-color":"","overlay-opacity":"","overlay-gradient":""},"mobile":{"background-color":"","background-image":"","background-repeat":"repeat","background-position":"center center","background-size":"auto","background-attachment":"scroll","background-type":"","background-media":"","overlay-type":"","overlay-color":"","overlay-opacity":"","overlay-gradient":""}},"ast-content-background-meta":{"desktop":{"background-color":"var(--ast-global-color-5)","background-image":"","background-repeat":"repeat","background-position":"center center","background-size":"auto","background-attachment":"scroll","background-type":"","background-media":"","overlay-type":"","overlay-color":"","overlay-opacity":"","overlay-gradient":""},"tablet":{"background-color":"var(--ast-global-color-5)","background-image":"","background-repeat":"repeat","background-position":"center center","background-size":"auto","background-attachment":"scroll","background-type":"","background-media":"","overlay-type":"","overlay-color":"","overlay-opacity":"","overlay-gradient":""},"mobile":{"background-color":"var(--ast-global-color-5)","background-image":"","background-repeat":"repeat","background-position":"center center","background-size":"auto","background-attachment":"scroll","background-type":"","background-media":"","overlay-type":"","overlay-color":"","overlay-opacity":"","overlay-gradient":""}},"_joinchat":[]},"product_brand":[],"product_cat":[15,260,25,123,26,28,135,27,137,136,30],"product_tag":[146,131,40,263,111,103],"class_list":{"0":"post-2911","1":"product","2":"type-product","3":"status-publish","4":"has-post-thumbnail","6":"product_cat-new-vape-this-week","7":"product_cat-100k-puff-disposable-vape","8":"product_cat-germany-best-selling-vape","9":"product_cat-italy-wholesale-vape","10":"product_cat-netherlands-hot-sale-vape","11":"product_cat-poland-hot-sale-vape","12":"product_cat-spain-best-hot-sale-vape","13":"product_cat-fance-hot-sale-vape","14":"product_cat-rechargeable-vapes","15":"product_cat-smart-screen-vapes","16":"product_cat-minimum-order-quantity-50pcs","17":"product_tag-best-hot-sale-vape","18":"product_tag-big-puff-vape","19":"product_tag-hot-sale-vape","20":"product_tag-jnr-mega-shisha-hookah-100000","21":"product_tag-low-nicotine-disposable-vape","22":"product_tag-shisha-hookah","23":"desktop-align-left","24":"tablet-align-left","25":"mobile-align-left","27":"first","28":"instock","29":"sale","30":"shipping-taxable","31":"purchasable","32":"product-type-simple"},"uagb_featured_image_src":{"full":["https:\/\/rmvapesale.com\/wp-content\/uploads\/2025\/01\/JNR-Shisha-Hookah-100K-Rechargeable-Disposable-Vape.webp",1000,1000,false],"thumbnail":["https:\/\/rmvapesale.com\/wp-content\/uploads\/2025\/01\/JNR-Shisha-Hookah-100K-Rechargeable-Disposable-Vape-150x150.webp",150,150,true],"medium":["https:\/\/rmvapesale.com\/wp-content\/uploads\/2025\/01\/JNR-Shisha-Hookah-100K-Rechargeable-Disposable-Vape-300x300.webp",300,300,true],"medium_large":["https:\/\/rmvapesale.com\/wp-content\/uploads\/2025\/01\/JNR-Shisha-Hookah-100K-Rechargeable-Disposable-Vape-768x768.webp",768,768,true],"large":["https:\/\/rmvapesale.com\/wp-content\/uploads\/2025\/01\/JNR-Shisha-Hookah-100K-Rechargeable-Disposable-Vape.webp",1000,1000,false],"1536x1536":["https:\/\/rmvapesale.com\/wp-content\/uploads\/2025\/01\/JNR-Shisha-Hookah-100K-Rechargeable-Disposable-Vape.webp",1000,1000,false],"2048x2048":["https:\/\/rmvapesale.com\/wp-content\/uploads\/2025\/01\/JNR-Shisha-Hookah-100K-Rechargeable-Disposable-Vape.webp",1000,1000,false],"trp-custom-language-flag":["https:\/\/rmvapesale.com\/wp-content\/uploads\/2025\/01\/JNR-Shisha-Hookah-100K-Rechargeable-Disposable-Vape.webp",12,12,false],"woocommerce_thumbnail":["https:\/\/rmvapesale.com\/wp-content\/uploads\/2025\/01\/JNR-Shisha-Hookah-100K-Rechargeable-Disposable-Vape-300x300.webp",300,300,true],"woocommerce_single":["https:\/\/rmvapesale.com\/wp-content\/uploads\/2025\/01\/JNR-Shisha-Hookah-100K-Rechargeable-Disposable-Vape-600x600.webp",600,600,true],"woocommerce_gallery_thumbnail":["https:\/\/rmvapesale.com\/wp-content\/uploads\/2025\/01\/JNR-Shisha-Hookah-100K-Rechargeable-Disposable-Vape-100x100.webp",100,100,true],"wcpr-photo-reviews":["https:\/\/rmvapesale.com\/wp-content\/uploads\/2025\/01\/JNR-Shisha-Hookah-100K-Rechargeable-Disposable-Vape.webp",500,500,false]},"uagb_author_info":{"display_name":"AMY","author_link":"https:\/\/rmvapesale.com\/es\/author\/"},"uagb_comment_info":0,"uagb_excerpt":"JNR Mega Shisha Hookah 100K Puffs Disposable Vape Wholesale Price JNR Mega Shisha Hookah 100000 100K Puffs Large Capacity JNR Shisha Hookah 100K Disposable Vape 2% Low Nicotine Contact Amy to get right reply and vape coupon! WhatsApp: +86 17776015835 &nbsp;","_links":{"self":[{"href":"https:\/\/rmvapesale.com\/es\/wp-json\/wp\/v2\/product\/2911","targetHints":{"allow":["GET"]}}],"collection":[{"href":"https:\/\/rmvapesale.com\/es\/wp-json\/wp\/v2\/product"}],"about":[{"href":"https:\/\/rmvapesale.com\/es\/wp-json\/wp\/v2\/types\/product"}],"replies":[{"embeddable":true,"href":"https:\/\/rmvapesale.com\/es\/wp-json\/wp\/v2\/comments?post=2911"}],"wp:featuredmedia":[{"embeddable":true,"href":"https:\/\/rmvapesale.com\/es\/wp-json\/wp\/v2\/media\/2910"}],"wp:attachment":[{"href":"https:\/\/rmvapesale.com\/es\/wp-json\/wp\/v2\/media?parent=2911"}],"wp:term":[{"taxonomy":"product_brand","embeddable":true,"href":"https:\/\/rmvapesale.com\/es\/wp-json\/wp\/v2\/product_brand?post=2911"},{"taxonomy":"product_cat","embeddable":true,"href":"https:\/\/rmvapesale.com\/es\/wp-json\/wp\/v2\/product_cat?post=2911"},{"taxonomy":"product_tag","embeddable":true,"href":"https:\/\/rmvapesale.com\/es\/wp-json\/wp\/v2\/product_tag?post=2911"}],"curies":[{"name":"wp","href":"https:\/\/api.w.org\/{rel}","templated":true}]}}