{"id":2913,"date":"2025-01-08T09:44:46","date_gmt":"2025-01-08T09:44:46","guid":{"rendered":"https:\/\/rmvapesale.com\/?post_type=product&#038;p=2913"},"modified":"2025-01-09T09:05:59","modified_gmt":"2025-01-09T09:05:59","slug":"bang-box-35000-puffs-touch-screen-bulk-buy-price-rechargeable-disposable-vapes","status":"publish","type":"product","link":"https:\/\/rmvapesale.com\/es\/product\/bang-box-35000-puffs-touch-screen-bulk-buy-price-rechargeable-disposable-vapes\/","title":{"rendered":"Bang Box 35000 Puffs Pantalla T\u00e1ctil Precio de Compra al por Mayor Vapes Desechables Recargables"},"content":{"rendered":"<div class=\"B2VR9 CJHX3e\">\n<div class=\"wyccme\">\n<div class=\"flex-shrink-0 flex flex-col relative items-end\">\n<div class=\"pt-0\">\n<div class=\"gizmo-bot-avatar flex h-8 w-8 items-center justify-center overflow-hidden rounded-full\">\n<div class=\"relative p-1 rounded-sm flex items-center justify-center bg-token-main-surface-primary text-token-text-primary h-8 w-8\">\n<div class=\"flex-shrink-0 flex flex-col relative items-end\">\n<div class=\"pt-0\">\n<div class=\"gizmo-bot-avatar flex h-8 w-8 items-center justify-center overflow-hidden rounded-full\">\n<h1 class=\"relative p-1 rounded-sm flex items-center justify-center bg-token-main-surface-primary text-token-text-primary h-8 w-8\">Bang Box 35000 Puffs Pantalla T\u00e1ctil Precio de Compra al por Mayor Vapes Desechables Recargables<\/h1>\n<\/div>\n<\/div>\n<\/div>\n<\/div>\n<\/div>\n<\/div>\n<\/div>\n<div class=\"group\/conversation-turn relative flex w-full min-w-0 flex-col agent-turn\">\n<div class=\"flex-col gap-1 md:gap-3\">\n<div class=\"flex max-w-full flex-col flex-grow\">\n<div class=\"min-h-8 text-message flex w-full flex-col items-end gap-2 whitespace-normal break-words text-start [.text-message+&amp;]:mt-5\" dir=\"auto\" data-message-author-role=\"assistant\" data-message-id=\"80ece0c4-ead1-4ed9-a9f0-ddc22582b4f4\" data-message-model-slug=\"gpt-4o\">\n<div class=\"flex w-full flex-col gap-1 empty:hidden first:pt-[3px]\">\n<div class=\"markdown prose w-full break-words dark:prose-invert light\">\n<p>&nbsp;<\/p>\n<p>El <strong>Caja Bang 35000 Caladas<\/strong>, un vape desechable recargable premium dise\u00f1ado para aquellos que exigen sabor, flexibilidad y conveniencia. Con su <strong>pantalla digital<\/strong>, alto n\u00famero de caladas y caracter\u00edsticas personalizables, este dispositivo es la mejor opci\u00f3n para los vapeadores que buscan calidad a un <strong>precio al por mayor<\/strong>.<\/p>\n<p>Experimente una <strong>enorme cantidad de 35,000 caladas<\/strong> por dispositivo, lo que convierte a BangBox 35k en uno de los vapes desechables m\u00e1s duraderos del mercado. \u00a1D\u00edgale adi\u00f3s a los reemplazos constantes y hola a la satisfacci\u00f3n prolongada del vapeo! La <strong>interfaz de pantalla t\u00e1ctil LED<\/strong> le pone a cargo. Monitoree la <strong>duraci\u00f3n de la bater\u00eda<\/strong>, <strong>niveles de e-l\u00edquido<\/strong>, y ajuste sus <strong>flujo de aire<\/strong> y <strong>modos de potencia<\/strong> con facilidad. Disfrute de un vapeo perfecto con la tecnolog\u00eda al alcance de su mano.<\/p>\n<p>Gracias a <strong>la tecnolog\u00eda de doble resistencia de malla<\/strong>, cada calada ofrece un sabor excepcional y un vapor denso. BangBox 35000, junto con el tanque de e-l\u00edquido de 35 ml, este vape proporciona un rendimiento consistente y sabroso sin recargas frecuentes. Equipado con una <strong>bater\u00eda recargable de 700 mAh<\/strong> y un <strong>con puerto de carga Tipo-C<\/strong>, el Bang Vape 35k garantiza una recarga r\u00e1pida y eficiente. Mant\u00e9ngase con energ\u00eda durante todo el d\u00eda, ya sea en casa o mientras viaja.<\/p>\n<p>El Bang Box 35000 puffs ofrece <strong>tres modos de flujo de aire ajustables<\/strong>, que le brindan control sobre su calada. Ya sea que prefiera un golpe m\u00e1s apretado o m\u00e1s abierto, este dispositivo se adapta a su estilo con solo un clic en la pantalla t\u00e1ctil. <span style=\"font-size: 16px\">Con un peso de solo <\/span><strong style=\"font-size: 16px\">105.5g<\/strong><span style=\"font-size: 16px\">, el Bang Box es ligero y f\u00e1cil de transportar. Perfecto para mayoristas, las <\/span><strong style=\"font-size: 16px\">opciones de embalaje a granel<\/strong><span style=\"font-size: 16px\"> hacen de esta una excelente opci\u00f3n para <\/span><strong style=\"font-size: 16px\">pedidos de compra al por mayor<\/strong><span style=\"font-size: 16px\"> a precios inmejorables.<\/span><\/p>\n<\/div>\n<\/div>\n<\/div>\n<\/div>\n<\/div>\n<\/div>\n<div class=\"flex-shrink-0 flex flex-col relative items-end\">\n<div class=\"pt-0\">\n<div class=\"gizmo-bot-avatar flex h-8 w-8 items-center justify-center overflow-hidden rounded-full\">\n<p>&nbsp;<\/p>\n<\/div>\n<\/div>\n<\/div>\n<\/div>\n<\/div>\n<p><strong>\u00a1Contacta con Amy para obtener la respuesta correcta y un cup\u00f3n de vape!<\/strong><\/p>\n<p><img loading=\"lazy\" decoding=\"async\" class=\"size-full wp-image-1978\" src=\"https:\/\/rmvapesale.com\/wp-content\/uploads\/2024\/09\/Disposable-Vape-Wholesale.jpg\" alt=\"Vape Desechable al por mayor\" width=\"229\" height=\"300\" \/><\/p>\n<h3><a href=\"https:\/\/wa.me\/8617776015835\" target=\"_blank\" rel=\"noopener\"><span style=\"color: #ff0000\"><strong>WhatsApp: +86 17776015835<\/strong><\/span><\/a><\/h3>\n<p>&nbsp;<\/p>\n<h2><strong style=\"font-size: 1.7em\">Caracter\u00edsticas principales de Bang Box 35000<\/strong><\/h2>\n<h3><\/h3>\n<ul>\n<li><strong>Conteo de inhalaciones<\/strong>: Hasta 35,000 para un uso prolongado<\/li>\n<li><strong>Pantalla digital<\/strong>: Monitoreo en tiempo real de la bater\u00eda y el e-l\u00edquido<\/li>\n<li><strong>Capacidad de e-l\u00edquido<\/strong>: Tanque grande precargado de 35 ml<\/li>\n<li><strong>Sistema de resistencia<\/strong>: Resistencia de malla doble para un sabor y vapor mejorados<\/li>\n<li><strong>Bater\u00eda<\/strong>: 700mAh recargable con carga Tipo-C<\/li>\n<li><strong>Flujo de aire<\/strong>: Tres modos personalizables para una experiencia personalizada<\/li>\n<li><strong>Pantalla t\u00e1ctil<\/strong>: Control intuitivo para el flujo de aire y los modos de energ\u00eda<\/li>\n<li><strong>Portabilidad<\/strong>: Dise\u00f1o ligero para vapear sobre la marcha<\/li>\n<li><strong>Listo para la venta al por mayor<\/strong>: Opciones de compra al por mayor para un reabastecimiento rentable&nbsp;\n<p><img loading=\"lazy\" decoding=\"async\" class=\"wp-image-2940 size-full\" src=\"https:\/\/rmvapesale.com\/wp-content\/uploads\/2025\/01\/Bang-Vape-Disposable-Vapes-35000-Bulk-Buy.webp\" alt=\"Compra al por mayor de vapes desechables Bang Vape 35000\" width=\"800\" height=\"496\" srcset=\"https:\/\/rmvapesale.com\/wp-content\/uploads\/2025\/01\/Bang-Vape-Disposable-Vapes-35000-Bulk-Buy.webp 800w, https:\/\/rmvapesale.com\/wp-content\/uploads\/2025\/01\/Bang-Vape-Disposable-Vapes-35000-Bulk-Buy-300x186.webp 300w, https:\/\/rmvapesale.com\/wp-content\/uploads\/2025\/01\/Bang-Vape-Disposable-Vapes-35000-Bulk-Buy-768x476.webp 768w, https:\/\/rmvapesale.com\/wp-content\/uploads\/2025\/01\/Bang-Vape-Disposable-Vapes-35000-Bulk-Buy-600x372.webp 600w\" sizes=\"auto, (max-width: 800px) 100vw, 800px\" \/><\/li>\n<\/ul>\n<h2><strong style=\"font-size: 1.7em\">El sabor m\u00e1s vendido para Bang Box 35k<\/strong><\/h2>\n<p>Este vaporizador desechable recargable con pantalla t\u00e1ctil Bang Box 35000 Puffs disponible en <strong>12 emocionantes sabores<\/strong>, ofrece una variedad de opciones para satisfacer diferentes gustos. \u00bfCu\u00e1l es el mejor sabor para BangBOX 35K? Encuentre el sabor m\u00e1s vendido para este vaporizador desechable recargable seg\u00fan nuestra fecha de ventas y los comentarios de los clientes.<\/p>\n<p>1.FRESA KIWI<br \/>\n2.HIELO DE FRAMBUESA AZUL <span style=\"color: #ff0000\"><strong>&gt;&gt;&gt;&gt; \u00a1Caliente!<\/strong><\/span><br \/>\n3.FRESA SAND\u00cdA<span style=\"color: #ff0000\"><strong>&gt;&gt;&gt;&gt; \u00a1Caliente!<\/strong><\/span><br \/>\n4.MARACUY\u00c1<br \/>\n5.REFRESCO DE COLA DE LIM\u00d3N<br \/>\n6.HIELO DE SAND\u00cdA<br \/>\n7.CHICLE DE SAND\u00cdA<br \/>\n8.GUAYABA DE MARACUY\u00c1 Y KIWI<br \/>\n9.HIELO DE AR\u00c1NDANOS <strong> <span style=\"color: #ff0000\">&gt;&gt;&gt;&gt; \u00a1Mejor!<\/span><\/strong><br \/>\n10.SAND\u00cdA CEREZA<br \/>\n11.RED BULL <span style=\"color: #ff0000\"><strong>&gt;&gt;&gt;&gt; \u00a1Caliente!<\/strong><\/span><br \/>\n12.POMELO DE MENTA <span style=\"color: #ff0000\"><strong>&gt;&gt;&gt;&gt; \u00a1Caliente!<\/strong><\/span><\/p>\n<h3><\/h3>\n<h4><strong>Por qu\u00e9 elegir Rmvapesale para Bang Box 35000 Puff\u00a0 <\/strong><strong>V<\/strong><strong>Vape al por mayor<\/strong><strong>?<\/strong><\/h4>\n<div class=\"flex-shrink-0 flex flex-col relative items-end\">\n<div class=\"pt-0\">\n<div class=\"gizmo-bot-avatar flex h-8 w-8 items-center justify-center overflow-hidden rounded-full\">\n<div class=\"relative p-1 rounded-sm flex items-center justify-center bg-token-main-surface-primary text-token-text-primary h-8 w-8\">\n<p>Bienvenido a Rmvapesale, tu tienda de vapeo de confianza para vapes desechables premium. Con m\u00e1s de 5 a\u00f1os de experiencia, te traemos marcas populares de vapes desechables como Al Fakher, Vapme Vape, <a href=\"https:\/\/rmvapesale.com\/es\/product-category\/bang-vapes\/\">Vape Bang<\/a>, Waspe, WGA Vape y<a href=\"https:\/\/rmvapesale.com\/es\/product-category\/randm-fumot-vape\/\"> RandM Vape<\/a>.<\/p>\n<p>Nuestra gama incluye vapes desechables de gran venta como el <a href=\"https:\/\/rmvapesale.com\/es\/product\/randm-tornado-15000-puffs-vape-wholesale\/\">RandM Tornado 15000<\/a> y opciones ricas en sabor como el <a href=\"https:\/\/rmvapesale.com\/es\/product\/bood-twins-46000-puff-digital-disposable-vape-bulk-buy-wholesale-price\/\">Bood Twins 46000<\/a>. Cada producto se elige centr\u00e1ndose en la calidad, el valor y la variedad, lo que garantiza que encuentre la combinaci\u00f3n perfecta para sus necesidades. Descubra un servicio excepcional y una amplia gama de los mejores productos en Rmvapesale.<\/p>\n<p>&nbsp;<\/p>\n<h3><b style=\"font-size: 1.5em;font-style: inherit\">PREGUNTAS FRECUENTES sobre Bang Box 35000 <\/b><b style=\"font-size: 1.5em;font-style: inherit\">Vaporizador desechable recargable<\/b><\/h3>\n<\/div>\n<h3><\/h3>\n<p><strong>1. \u00bfCu\u00e1ntas caladas proporciona el Bang Box 35000?<\/strong><\/p>\n<p>El Bang Box ofrece hasta <strong>35,000 caladas<\/strong>, lo que lo hace ideal para un uso prolongado sin reemplazos frecuentes.<\/p>\n<p><strong>2. \u00bfPuedo recargar el Bang Box 35000?<\/strong><\/p>\n<p>S\u00ed, cuenta con un <strong>bater\u00eda recargable de 700 mAh<\/strong> con un <strong>puerto tipo C<\/strong> para una carga r\u00e1pida y conveniente.<\/p>\n<p><strong>3. \u00bfCu\u00e1l es la ventaja de la pantalla digital?<\/strong><\/p>\n<p>El <strong>La pantalla t\u00e1ctil LED<\/strong> le permite controlar la duraci\u00f3n de la bater\u00eda, los niveles de e-l\u00edquido y ajustar el flujo de aire y los modos de energ\u00eda sin esfuerzo.<\/p>\n<p><strong>4. \u00bfPuedo personalizar el flujo de aire?<\/strong><\/p>\n<p>\u00a1Absolutamente! El Bang Box viene con <strong>tres modos de flujo de aire ajustables<\/strong>, lo que le brinda control sobre su experiencia de vapeo.<\/p>\n<p><strong>5. \u00bfD\u00f3nde puedo comprar el Bang Box 35000 a precios de mayorista?<\/strong><\/p>\n<p>Puede encontrar el <strong>Caja Bang 35000 Caladas<\/strong> a precios competitivos <strong>precios al por mayor<\/strong> on <a href=\"https:\/\/rmvapesale.com\/es\/\" target=\"_new\" rel=\"noopener\">la tienda de vapeo en l\u00ednea Rmvapesale<\/a>. \u00a1Compre ahora para obtener las mejores ofertas!<\/p>\n<p><img loading=\"lazy\" decoding=\"async\" class=\"wp-image-2941 size-full\" src=\"https:\/\/rmvapesale.com\/wp-content\/uploads\/2025\/01\/Bang-Vape-Screen-Disposable-Vape-35000-Puffs.webp\" alt=\"Vape desechable con pantalla Bang Vape 35000 inhalaciones\" width=\"800\" height=\"558\" srcset=\"https:\/\/rmvapesale.com\/wp-content\/uploads\/2025\/01\/Bang-Vape-Screen-Disposable-Vape-35000-Puffs.webp 800w, https:\/\/rmvapesale.com\/wp-content\/uploads\/2025\/01\/Bang-Vape-Screen-Disposable-Vape-35000-Puffs-300x209.webp 300w, https:\/\/rmvapesale.com\/wp-content\/uploads\/2025\/01\/Bang-Vape-Screen-Disposable-Vape-35000-Puffs-768x536.webp 768w, https:\/\/rmvapesale.com\/wp-content\/uploads\/2025\/01\/Bang-Vape-Screen-Disposable-Vape-35000-Puffs-600x419.webp 600w\" sizes=\"auto, (max-width: 800px) 100vw, 800px\" \/><\/p>\n<\/div>\n<\/div>\n<\/div>\n<h3>Sobre el env\u00edo<\/h3>\n<div class=\"flex-shrink-0 flex flex-col relative items-end\">\n<div>\n<div class=\"pt-0\">\n<div class=\"gizmo-bot-avatar flex h-8 w-8 items-center justify-center overflow-hidden rounded-full\">\n<div><\/div>\n<div class=\"relative p-1 rounded-sm flex items-center justify-center bg-token-main-surface-primary text-token-text-primary h-8 w-8\"><strong>1. \u00bfQu\u00e9 m\u00e9todos de env\u00edo se utilizan?<\/strong><\/div>\n<\/div>\n<\/div>\n<\/div>\n<\/div>\n<div class=\"group\/conversation-turn relative flex w-full min-w-0 flex-col agent-turn\">\n<div class=\"flex-col gap-1 md:gap-3\">\n<div class=\"flex max-w-full flex-col flex-grow\">\n<div class=\"min-h-[20px] text-message flex w-full flex-col items-end gap-2 whitespace-normal break-words [.text-message+&amp;]:mt-5 overflow-x-auto\" dir=\"auto\" data-message-author-role=\"assistant\" data-message-id=\"22f8283b-3233-46ff-89a5-c7a41b33abda\">\n<div class=\"flex w-full flex-col gap-1 empty:hidden first:pt-[3px]\">\n<div class=\"markdown prose w-full break-words dark:prose-invert light\">\n<p>Trabajamos con UPS, DHL, FedEx, DPD y otros transportistas l\u00edderes. Seleccionaremos el mejor m\u00e9todo de env\u00edo seg\u00fan su lugar de entrega para garantizar que reciba sus productos lo m\u00e1s r\u00e1pido posible.<\/p>\n<\/div>\n<p><strong>2. \u00bfCu\u00e1nto tiempo tarda en llegar?<\/strong><\/p>\n<p>Los paquetes enviados a Espa\u00f1a suelen llegar en 10 d\u00edas laborables. El env\u00edo a pa\u00edses europeos generalmente tarda entre 12 y 15 d\u00edas h\u00e1biles. Proporcionaremos actualizaciones en tiempo real sobre el estado de su env\u00edo.<\/p>\n<\/div>\n<\/div>\n<\/div>\n<\/div>\n<\/div>\n<p><strong><span style=\"color: #ff0000\">Otros vaporizadores desechables inteligentes de gran venta: <a href=\"https:\/\/rmvapesale.com\/es\/product\/vopk-ultra-40000-puffs-double-taste-digital-screen-spaceman-disposable-vape-wholesale\/\">VOPK 40000 40K Caladas<\/a>, <a href=\"https:\/\/rmvapesale.com\/es\/product\/bang-vape-36000-puffs-rechargeable-disposable-vape-wholesale-price\/\">Bang Vape 36k,\u00a0<\/a><\/span><\/strong><\/p>\n<p>&nbsp;<\/p>\n<p>Encuentra m\u00e1s productos de Vape que te puedan gustar:<strong><em><a href=\"https:\/\/rmvapesale.com\/es\/shop-2\/\">comprar ahora &gt;&gt;&gt;<\/a><\/em><\/strong><\/p>","protected":false},"excerpt":{"rendered":"<p>Nueva Caja Bang 35k 35000 Caladas Control T\u00e1ctil Dos Modos de Potencia<br \/>\nCaja Bang 35000 Caladas Control T\u00e1ctil Vape Desechable al por Mayor<br \/>\nCaja Bang 35k Caladas Control T\u00e1ctil Vape Compra al por Mayor Precio Barato<\/p>\n<p><strong>\u00a1Contacta con Amy para obtener la respuesta correcta y un cup\u00f3n de vape!<\/strong><\/p>\n<p><img loading=\"lazy\" decoding=\"async\" class=\"size-full wp-image-2375\" src=\"https:\/\/rmvapesale.com\/wp-content\/uploads\/2024\/10\/image.png\" alt=\"Mejor Vape Desechable\" width=\"229\" height=\"300\" \/><\/p>\n<h3><a href=\"https:\/\/wa.me\/8617776015835\"><span style=\"color: #ff0000\"><strong>WhatsApp: +86 17776015835<\/strong><\/span><\/a><\/h3>\n<p>&nbsp;<\/p>","protected":false},"featured_media":2934,"comment_status":"open","ping_status":"closed","template":"","meta":{"_uag_custom_page_level_css":"","_lmt_disableupdate":"no","_lmt_disable":"","site-sidebar-layout":"default","site-content-layout":"content-boxed-container","ast-site-content-layout":"normal-width-container","site-content-style":"boxed","site-sidebar-style":"unboxed","ast-global-header-display":"","ast-banner-title-visibility":"","ast-main-header-display":"","ast-hfb-above-header-display":"","ast-hfb-below-header-display":"","ast-hfb-mobile-header-display":"","site-post-title":"","ast-breadcrumbs-content":"","ast-featured-img":"","footer-sml-layout":"","theme-transparent-header-meta":"default","adv-header-id-meta":"","stick-header-meta":"","header-above-stick-meta":"","header-main-stick-meta":"","header-below-stick-meta":"","astra-migrate-meta-layouts":"set","ast-page-background-enabled":"default","ast-page-background-meta":{"desktop":{"background-color":"var(--ast-global-color-4)","background-image":"","background-repeat":"repeat","background-position":"center center","background-size":"auto","background-attachment":"scroll","background-type":"","background-media":"","overlay-type":"","overlay-color":"","overlay-opacity":"","overlay-gradient":""},"tablet":{"background-color":"","background-image":"","background-repeat":"repeat","background-position":"center center","background-size":"auto","background-attachment":"scroll","background-type":"","background-media":"","overlay-type":"","overlay-color":"","overlay-opacity":"","overlay-gradient":""},"mobile":{"background-color":"","background-image":"","background-repeat":"repeat","background-position":"center center","background-size":"auto","background-attachment":"scroll","background-type":"","background-media":"","overlay-type":"","overlay-color":"","overlay-opacity":"","overlay-gradient":""}},"ast-content-background-meta":{"desktop":{"background-color":"var(--ast-global-color-5)","background-image":"","background-repeat":"repeat","background-position":"center center","background-size":"auto","background-attachment":"scroll","background-type":"","background-media":"","overlay-type":"","overlay-color":"","overlay-opacity":"","overlay-gradient":""},"tablet":{"background-color":"var(--ast-global-color-5)","background-image":"","background-repeat":"repeat","background-position":"center center","background-size":"auto","background-attachment":"scroll","background-type":"","background-media":"","overlay-type":"","overlay-color":"","overlay-opacity":"","overlay-gradient":""},"mobile":{"background-color":"var(--ast-global-color-5)","background-image":"","background-repeat":"repeat","background-position":"center center","background-size":"auto","background-attachment":"scroll","background-type":"","background-media":"","overlay-type":"","overlay-color":"","overlay-opacity":"","overlay-gradient":""}},"_joinchat":[]},"product_brand":[],"product_cat":[15,246,25,123,26,28,135,27,60,137,136,30],"product_tag":[267,199,146,131,40,111,266],"class_list":{"0":"post-2913","1":"product","2":"type-product","3":"status-publish","4":"has-post-thumbnail","6":"product_cat-new-vape-this-week","7":"product_cat-35000-puffs-disposable-vape","8":"product_cat-germany-best-selling-vape","9":"product_cat-italy-wholesale-vape","10":"product_cat-netherlands-hot-sale-vape","11":"product_cat-poland-hot-sale-vape","12":"product_cat-spain-best-hot-sale-vape","13":"product_cat-fance-hot-sale-vape","14":"product_cat-bang-vapes","15":"product_cat-rechargeable-vapes","16":"product_cat-smart-screen-vapes","17":"product_cat-minimum-order-quantity-50pcs","18":"product_tag-bang-box-35k","19":"product_tag-bang-vape","20":"product_tag-best-hot-sale-vape","21":"product_tag-big-puff-vape","22":"product_tag-hot-sale-vape","23":"product_tag-low-nicotine-disposable-vape","24":"product_tag-touch-screen-rechargeable-disposable-vape","25":"desktop-align-left","26":"tablet-align-left","27":"mobile-align-left","29":"first","30":"instock","31":"sale","32":"shipping-taxable","33":"purchasable","34":"product-type-simple"},"uagb_featured_image_src":{"full":["https:\/\/rmvapesale.com\/wp-content\/uploads\/2025\/01\/Bang-Box-Vape-35000-Puffs-Disposable-Vape-Bulk-Buy.webp",800,800,false],"thumbnail":["https:\/\/rmvapesale.com\/wp-content\/uploads\/2025\/01\/Bang-Box-Vape-35000-Puffs-Disposable-Vape-Bulk-Buy-150x150.webp",150,150,true],"medium":["https:\/\/rmvapesale.com\/wp-content\/uploads\/2025\/01\/Bang-Box-Vape-35000-Puffs-Disposable-Vape-Bulk-Buy-300x300.webp",300,300,true],"medium_large":["https:\/\/rmvapesale.com\/wp-content\/uploads\/2025\/01\/Bang-Box-Vape-35000-Puffs-Disposable-Vape-Bulk-Buy-768x768.webp",768,768,true],"large":["https:\/\/rmvapesale.com\/wp-content\/uploads\/2025\/01\/Bang-Box-Vape-35000-Puffs-Disposable-Vape-Bulk-Buy.webp",800,800,false],"1536x1536":["https:\/\/rmvapesale.com\/wp-content\/uploads\/2025\/01\/Bang-Box-Vape-35000-Puffs-Disposable-Vape-Bulk-Buy.webp",800,800,false],"2048x2048":["https:\/\/rmvapesale.com\/wp-content\/uploads\/2025\/01\/Bang-Box-Vape-35000-Puffs-Disposable-Vape-Bulk-Buy.webp",800,800,false],"trp-custom-language-flag":["https:\/\/rmvapesale.com\/wp-content\/uploads\/2025\/01\/Bang-Box-Vape-35000-Puffs-Disposable-Vape-Bulk-Buy.webp",12,12,false],"woocommerce_thumbnail":["https:\/\/rmvapesale.com\/wp-content\/uploads\/2025\/01\/Bang-Box-Vape-35000-Puffs-Disposable-Vape-Bulk-Buy-300x300.webp",300,300,true],"woocommerce_single":["https:\/\/rmvapesale.com\/wp-content\/uploads\/2025\/01\/Bang-Box-Vape-35000-Puffs-Disposable-Vape-Bulk-Buy-600x600.webp",600,600,true],"woocommerce_gallery_thumbnail":["https:\/\/rmvapesale.com\/wp-content\/uploads\/2025\/01\/Bang-Box-Vape-35000-Puffs-Disposable-Vape-Bulk-Buy-100x100.webp",100,100,true],"wcpr-photo-reviews":["https:\/\/rmvapesale.com\/wp-content\/uploads\/2025\/01\/Bang-Box-Vape-35000-Puffs-Disposable-Vape-Bulk-Buy.webp",500,500,false]},"uagb_author_info":{"display_name":"AMY","author_link":"https:\/\/rmvapesale.com\/es\/author\/"},"uagb_comment_info":0,"uagb_excerpt":"New Bang box 35k 35000 Puffs Touch Control Two Power Mode Bang Box 35000 Puffs Touch Control Disposable Vape Wholesale Bang box 35k Puffs Touch Control Vape Bulk Buy Cheap Price Contact Amy to get right reply and vape coupon! WhatsApp: +86 17776015835 &nbsp;","_links":{"self":[{"href":"https:\/\/rmvapesale.com\/es\/wp-json\/wp\/v2\/product\/2913","targetHints":{"allow":["GET"]}}],"collection":[{"href":"https:\/\/rmvapesale.com\/es\/wp-json\/wp\/v2\/product"}],"about":[{"href":"https:\/\/rmvapesale.com\/es\/wp-json\/wp\/v2\/types\/product"}],"replies":[{"embeddable":true,"href":"https:\/\/rmvapesale.com\/es\/wp-json\/wp\/v2\/comments?post=2913"}],"wp:featuredmedia":[{"embeddable":true,"href":"https:\/\/rmvapesale.com\/es\/wp-json\/wp\/v2\/media\/2934"}],"wp:attachment":[{"href":"https:\/\/rmvapesale.com\/es\/wp-json\/wp\/v2\/media?parent=2913"}],"wp:term":[{"taxonomy":"product_brand","embeddable":true,"href":"https:\/\/rmvapesale.com\/es\/wp-json\/wp\/v2\/product_brand?post=2913"},{"taxonomy":"product_cat","embeddable":true,"href":"https:\/\/rmvapesale.com\/es\/wp-json\/wp\/v2\/product_cat?post=2913"},{"taxonomy":"product_tag","embeddable":true,"href":"https:\/\/rmvapesale.com\/es\/wp-json\/wp\/v2\/product_tag?post=2913"}],"curies":[{"name":"wp","href":"https:\/\/api.w.org\/{rel}","templated":true}]}}