{"id":2948,"date":"2025-01-10T08:39:18","date_gmt":"2025-01-10T08:39:18","guid":{"rendered":"https:\/\/rmvapesale.com\/?post_type=product&#038;p=2948"},"modified":"2025-01-10T09:15:27","modified_gmt":"2025-01-10T09:15:27","slug":"crystal-vape-uwin-shisha-hookah-20k-20000-puffs-wholesale-best-price","status":"publish","type":"product","link":"https:\/\/rmvapesale.com\/es\/product\/crystal-vape-uwin-shisha-hookah-20k-20000-puffs-wholesale-best-price\/","title":{"rendered":"Crystal Vape Uwin Shisha Hookah 20K 20000 caladas al por mayor mejor precio"},"content":{"rendered":"<div class=\"B2VR9 CJHX3e\">\n<div class=\"wyccme\">\n<div class=\"flex-shrink-0 flex flex-col relative items-end\">\n<div class=\"pt-0\">\n<div class=\"gizmo-bot-avatar flex h-8 w-8 items-center justify-center overflow-hidden rounded-full\">\n<div class=\"relative p-1 rounded-sm flex items-center justify-center bg-token-main-surface-primary text-token-text-primary h-8 w-8\">\n<div class=\"flex-shrink-0 flex flex-col relative items-end\">\n<div class=\"pt-0\">\n<div class=\"gizmo-bot-avatar flex h-8 w-8 items-center justify-center overflow-hidden rounded-full\">\n<h1 class=\"relative p-1 rounded-sm flex items-center justify-center bg-token-main-surface-primary text-token-text-primary h-8 w-8\">Crystal Vape Uwin Shisha Hookah 20K 20000 caladas al por mayor mejor precio<\/h1>\n<\/div>\n<\/div>\n<\/div>\n<\/div>\n<\/div>\n<\/div>\n<\/div>\n<div class=\"group\/conversation-turn relative flex w-full min-w-0 flex-col agent-turn\">\n<div class=\"flex-col gap-1 md:gap-3\">\n<div class=\"flex max-w-full flex-col flex-grow\">\n<div class=\"min-h-8 text-message flex w-full flex-col items-end gap-2 whitespace-normal break-words text-start [.text-message+&amp;]:mt-5\" dir=\"auto\" data-message-author-role=\"assistant\" data-message-id=\"80ece0c4-ead1-4ed9-a9f0-ddc22582b4f4\" data-message-model-slug=\"gpt-4o\">\n<div class=\"flex w-full flex-col gap-1 empty:hidden first:pt-[3px]\">\n<div class=\"markdown prose w-full break-words dark:prose-invert light\">\n<p>&nbsp;<\/p>\n<p>El <strong>Crystal Vape Uwin Shisha Hookah 20K 20000 caladas<\/strong>, es un dispositivo de vapeo definitivo que combina tecnolog\u00eda de vanguardia, estilo y rendimiento. Con su impresionante <strong>pantalla digital<\/strong>, caracter\u00edsticas personalizables y alto conteo de caladas, est\u00e1 dise\u00f1ado para satisfacer las necesidades tanto de vaporizadores ocasionales como experimentados.<\/p>\n<\/div>\n<p>Con el vape Uwin Crystal 20000, disfrutar\u00e1s de una experiencia de vapeo prolongada de hasta <strong>20.000 puffs<\/strong> por dispositivo. \u00a1Di adi\u00f3s a los reemplazos frecuentes y hola a un disfrute ininterrumpido! La <strong>pantalla digital innovadora<\/strong> te mantiene informado sobre la duraci\u00f3n de la bater\u00eda y el uso, asegurando una experiencia sin complicaciones. Conoce el estado de tu dispositivo de un vistazo. Con configuraciones de flujo de aire personalizables, el Crystal Vape Uwin 20K se adapta a tus preferencias. Ya sea que prefieras caladas m\u00e1s cerradas o m\u00e1s abiertas, este dispositivo lo entrega.<\/p>\n<p>Equipado con un <strong>Bobina de malla de 0.8\u03a9<\/strong>, este vape recargable desechable garantiza una producci\u00f3n de vapor mejorada y un sabor inigualable. Cada calada es suave, rica y satisfactoria. Alimentado por una <strong>bater\u00eda recargable de cobalto de 650mAh<\/strong> y un <strong>con puerto de carga Tipo-C<\/strong>, el Uwin Shisha Hookah siempre est\u00e1 listo para usar. La recarga r\u00e1pida y eficiente significa menos tiempo de inactividad. Ergon\u00f3mico y compacto, el Crystal Vape Uwin presenta un dise\u00f1o elegante que es tanto estilizado como c\u00f3modo de usar. Es tanto una pieza de declaraci\u00f3n como un dispositivo de vapeo. Disponible en <strong>Concentraciones de nicotina de 0%, 2%, 3% y 5%<\/strong>, este vape se adapta a todas las preferencias. Ya sea que desees una calada fuerte o una experiencia m\u00e1s suave, est\u00e1s cubierto.<\/p>\n<\/div>\n<p>Mejora tu experiencia de vapeo con el <strong>Crystal Vape Uwin Shisha Hookah 20000<\/strong>. Con su combinaci\u00f3n de estilo, rendimiento y comodidad, esta es la opci\u00f3n perfecta para vapear en todas partes. No esperes m\u00e1s\u2014\u00a1ordena la tuya hoy!<\/p>\n<\/div>\n<\/div>\n<\/div>\n<\/div>\n<div class=\"flex-shrink-0 flex flex-col relative items-end\">\n<div class=\"pt-0\">\n<div class=\"gizmo-bot-avatar flex h-8 w-8 items-center justify-center overflow-hidden rounded-full\">\n<p>&nbsp;<\/p>\n<\/div>\n<\/div>\n<\/div>\n<\/div>\n<\/div>\n<p><strong>\u00a1Contacta con Amy para obtener la respuesta correcta y un cup\u00f3n de vape!<\/strong><\/p>\n<p><img loading=\"lazy\" decoding=\"async\" class=\"size-full wp-image-1978\" src=\"https:\/\/rmvapesale.com\/wp-content\/uploads\/2024\/09\/Disposable-Vape-Wholesale.jpg\" alt=\"Vape Desechable al por mayor\" width=\"229\" height=\"300\" \/><\/p>\n<h3><a href=\"https:\/\/wa.me\/8617776015835\" target=\"_blank\" rel=\"noopener\"><span style=\"color: #ff0000\"><strong>WhatsApp: +86 17776015835<\/strong><\/span><\/a><\/h3>\n<p>&nbsp;<\/p>\n<h2><strong style=\"font-size: 1.7em\">Crystal Vape Uwin 20000 Caracter\u00edsticas principales<\/strong><\/h2>\n<h3><\/h3>\n<ul>\n<li><strong>Conteo de inhalaciones<\/strong>: Hasta 20,000 para uso prolongado<\/li>\n<li><strong>Pantalla digital<\/strong>: Monitoreo en tiempo real de la duraci\u00f3n de la bater\u00eda y el uso<\/li>\n<li><strong>Capacidad de e-l\u00edquido<\/strong>: Tanque prellenado de 22ml para menos recargas<\/li>\n<li><strong>Bobina de malla<\/strong>: Bobina de 0.8\u03a9 para sabor intenso y vapor denso<\/li>\n<li><strong>Bater\u00eda recargable<\/strong>: Bater\u00eda de cobalto de 650mAh con carga Tipo-C<\/li>\n<li><strong>Niveles de Nicotina<\/strong>: Disponible en 0%, 2%, 3% y 5%<\/li>\n<li><strong>Sabores<\/strong>: 12 opciones deliciosas para elegir<\/li>\n<li><strong>Flujo de Aire Ajustable<\/strong>: Configuraciones personalizables para una experiencia a medida<\/li>\n<li><strong>Dise\u00f1o compacto<\/strong>: Elegante y ergon\u00f3mico para portabilidad y estilo<\/li>\n<\/ul>\n<h2><strong style=\"font-size: 1.7em\">Sabor m\u00e1s vendido para Uwin 20000 <\/strong><strong style=\"font-size: 1.7em\">Vape Cristal<\/strong><\/h2>\n<p>Este cigarrillo electr\u00f3nico desechable est\u00e1 disponible en <strong>12 sabores deliciosos<\/strong>, ofrece una amplia variedad de opciones para satisfacer a diferentes usuarios. \u00bfCu\u00e1l es el mejor sabor para Uwin Crystal 20000? Por favor, encuentra el sabor m\u00e1s vendido adjunto seg\u00fan nuestras ventas y opiniones de clientes.<\/p>\n<ol>\n<li>Sand\u00eda <span style=\"color: #ff0000\"><strong>&gt;&gt;&gt;&gt; \u00a1Caliente!<\/strong><\/span><\/li>\n<li>Mango Helado<\/li>\n<li>Ar\u00e1ndano Frambuesa <span style=\"color: #ff0000\"><strong>&gt;&gt;&gt;&gt; \u00a1Caliente!<\/strong><\/span><\/li>\n<li>Menta de Uva<\/li>\n<li>Fruta de la pasi\u00f3n<\/li>\n<li>Fresa Kiwi<\/li>\n<li>Manzana Doble<\/li>\n<li>Hielo de Melocot\u00f3n<\/li>\n<li>Pi\u00f1a Coco<\/li>\n<li>Bayas Mixtas <strong><span style=\"color: #ff0000\">&gt;&gt;&gt;&gt; \u00a1Mejor!<\/span><\/strong><\/li>\n<li>Menta Lim\u00f3n <span style=\"color: #ff0000\"><strong>&gt;&gt;&gt;&gt; \u00a1Caliente!<\/strong><\/span><\/li>\n<li>Naranja Crush<\/li>\n<\/ol>\n<figure id=\"attachment_2944\" aria-describedby=\"caption-attachment-2944\" style=\"width: 800px\" class=\"wp-caption alignnone\"><img loading=\"lazy\" decoding=\"async\" class=\"wp-image-2944 size-full\" src=\"https:\/\/rmvapesale.com\/wp-content\/uploads\/2025\/01\/Hookah-Shisha-Uwin-Crystal-20000-Puffs-Disposable-Vape.webp\" alt=\"Hookah Shisha Uwin Crystal 20000 Puff Vape desechable\" width=\"800\" height=\"800\" srcset=\"https:\/\/rmvapesale.com\/wp-content\/uploads\/2025\/01\/Hookah-Shisha-Uwin-Crystal-20000-Puffs-Disposable-Vape.webp 800w, https:\/\/rmvapesale.com\/wp-content\/uploads\/2025\/01\/Hookah-Shisha-Uwin-Crystal-20000-Puffs-Disposable-Vape-300x300.webp 300w, https:\/\/rmvapesale.com\/wp-content\/uploads\/2025\/01\/Hookah-Shisha-Uwin-Crystal-20000-Puffs-Disposable-Vape-150x150.webp 150w, https:\/\/rmvapesale.com\/wp-content\/uploads\/2025\/01\/Hookah-Shisha-Uwin-Crystal-20000-Puffs-Disposable-Vape-768x768.webp 768w, https:\/\/rmvapesale.com\/wp-content\/uploads\/2025\/01\/Hookah-Shisha-Uwin-Crystal-20000-Puffs-Disposable-Vape-600x600.webp 600w, https:\/\/rmvapesale.com\/wp-content\/uploads\/2025\/01\/Hookah-Shisha-Uwin-Crystal-20000-Puffs-Disposable-Vape-100x100.webp 100w\" sizes=\"auto, (max-width: 800px) 100vw, 800px\" \/><figcaption id=\"caption-attachment-2944\" class=\"wp-caption-text\">Hookah Shisha Uwin Crystal 20000 Puff Vape desechable<\/figcaption><\/figure>\n<h3><strong>Por qu\u00e9 elegir Rmvapesale para Crystal Vape Uwin 20000 Puff\u00a0 <\/strong><strong>V<\/strong><strong>Vape al por mayor<\/strong><strong>?<\/strong><\/h3>\n<div class=\"flex-shrink-0 flex flex-col relative items-end\">\n<div class=\"pt-0\">\n<div class=\"gizmo-bot-avatar flex h-8 w-8 items-center justify-center overflow-hidden rounded-full\">\n<p class=\"relative p-1 rounded-sm flex items-center justify-center bg-token-main-surface-primary text-token-text-primary h-8 w-8\">Bienvenido a Rmvapesale, tu tienda de vapeo de confianza para vapes desechables premium. Con m\u00e1s de 5 a\u00f1os de experiencia, te traemos marcas populares de vapes desechables como Al Fakher, Vapme Vape, <a href=\"https:\/\/rmvapesale.com\/es\/product-category\/bang-vapes\/\">Vape Bang<\/a>, Waspe, WGA Vape y<a href=\"https:\/\/rmvapesale.com\/es\/product-category\/randm-fumot-vape\/\"> RandM Vape<\/a>. Nuestra gama incluye vaporizadores desechables de gran venta como el <a href=\"https:\/\/rmvapesale.com\/es\/product\/bang-box-35000-puffs-touch-screen-bulk-buy-price-rechargeable-disposable-vapes\/\">Caja Bang 35000 Caladas<\/a> y opciones ricas en sabor como el<a href=\"https:\/\/rmvapesale.com\/es\/product\/bood-pulse-pro-50000-puff-50k-low-nicotine-disposable-vape-wholesale-bulk-buy-price\/\">\u00a0Bood Pulse PRO 50000<\/a>. Cada producto se elige centr\u00e1ndose en la calidad, el valor y la variedad, lo que garantiza que encuentre la combinaci\u00f3n perfecta para sus necesidades. Descubra un servicio excepcional y una amplia gama de los mejores productos en Rmvapesale.<\/p>\n<p>&nbsp;<\/p>\n<p class=\"relative p-1 rounded-sm flex items-center justify-center bg-token-main-surface-primary text-token-text-primary h-8 w-8\"><b style=\"font-size: 1.5em;font-style: inherit\">Preguntas frecuentes sobre Crystal Vape Uwin 20000 <\/b><b style=\"font-size: 1.5em;font-style: inherit\">Vaporizador desechable recargable<\/b><\/p>\n<h3><\/h3>\n<h4><strong>1. \u00bfCu\u00e1ntos caladas ofrece el Crystal Vape Uwin Shisha Hookah 20K?<\/strong><\/h4>\n<p>El dispositivo proporciona hasta <strong>20.000 puffs<\/strong>, lo que lo convierte en una opci\u00f3n duradera para un uso prolongado.<\/p>\n<h4><strong>2. \u00bfEste vape tiene una pantalla digital?<\/strong><\/h4>\n<p>S\u00ed, cuenta con una <strong>pantalla digital f\u00e1cil de leer <\/strong>para monitorear la duraci\u00f3n de la bater\u00eda y el uso sin esfuerzo.<\/p>\n<h4><strong>3. \u00bfPuedo recargar la bater\u00eda?<\/strong><\/h4>\n<p>\u00a1Por supuesto! Viene con un <strong>bater\u00eda recargable de 650 mAh<\/strong> y un <strong>puerto tipo C<\/strong> para una carga r\u00e1pida y conveniente.<\/p>\n<h4><strong>4. \u00bfEs ajustable el flujo de aire?<\/strong><\/h4>\n<p>S\u00ed, la shisha Uwin Hookah 20K ofrece <strong>configuraciones de flujo de aire personalizables<\/strong> para adaptarse a tus preferencias de vapeo.<\/p>\n<h4><strong>5. \u00bfD\u00f3nde puedo comprar la Crystal Vape Uwin Shisha Hookah 20K a precios mayoristas?<\/strong><\/h4>\n<p>Puedes encontrar este producto en la mejor <strong>precios al por mayor<\/strong> on <a href=\"https:\/\/rmvapesale.com\/es\/\" target=\"_new\" rel=\"noopener\">la tienda de vapeo en l\u00ednea Rmvapesale<\/a>. \u00a1Compra ahora para ofertas inigualables!<\/p>\n<p>&nbsp;<\/p>\n<\/div>\n<\/div>\n<\/div>\n<h3>Sobre el env\u00edo<\/h3>\n<div class=\"flex-shrink-0 flex flex-col relative items-end\">\n<div>\n<div class=\"pt-0\">\n<div class=\"gizmo-bot-avatar flex h-8 w-8 items-center justify-center overflow-hidden rounded-full\">\n<div><\/div>\n<div class=\"relative p-1 rounded-sm flex items-center justify-center bg-token-main-surface-primary text-token-text-primary h-8 w-8\"><strong>1. \u00bfQu\u00e9 m\u00e9todos de env\u00edo se utilizan?<\/strong><\/div>\n<\/div>\n<\/div>\n<\/div>\n<\/div>\n<div class=\"group\/conversation-turn relative flex w-full min-w-0 flex-col agent-turn\">\n<div class=\"flex-col gap-1 md:gap-3\">\n<div class=\"flex max-w-full flex-col flex-grow\">\n<div class=\"min-h-[20px] text-message flex w-full flex-col items-end gap-2 whitespace-normal break-words [.text-message+&amp;]:mt-5 overflow-x-auto\" dir=\"auto\" data-message-author-role=\"assistant\" data-message-id=\"22f8283b-3233-46ff-89a5-c7a41b33abda\">\n<div class=\"flex w-full flex-col gap-1 empty:hidden first:pt-[3px]\">\n<div class=\"markdown prose w-full break-words dark:prose-invert light\">\n<p>Trabajamos con UPS, DHL, FedEx, DPD y otros transportistas l\u00edderes. Seleccionaremos el mejor m\u00e9todo de env\u00edo seg\u00fan su lugar de entrega para garantizar que reciba sus productos lo m\u00e1s r\u00e1pido posible.<\/p>\n<\/div>\n<p><strong>2. \u00bfCu\u00e1nto tiempo tarda en llegar?<\/strong><\/p>\n<p>Los paquetes enviados a Espa\u00f1a suelen llegar en 10 d\u00edas laborables. El env\u00edo a pa\u00edses europeos generalmente tarda entre 12 y 15 d\u00edas h\u00e1biles. Proporcionaremos actualizaciones en tiempo real sobre el estado de su env\u00edo.<\/p>\n<\/div>\n<\/div>\n<\/div>\n<\/div>\n<\/div>\n<p>&nbsp;<\/p>\n<p>Encuentra m\u00e1s productos de Vape que te puedan gustar:<strong><em><a href=\"https:\/\/rmvapesale.com\/es\/shop-2\/\">comprar ahora &gt;&gt;&gt;<\/a><\/em><\/strong><\/p>","protected":false},"excerpt":{"rendered":"<p>Uwin Shisha Hookah Cristal 20000 Caladas Compra al por mayor<br \/>\nUwin Crystal 20000 Caladas Vape Descartable E Shisha Hookah<br \/>\nMejor Precio Mayorista Uwin Shisha Hookah Cristal 20K 20000 Caladas<\/p>\n<p><strong>\u00a1Contacta con Amy para obtener la respuesta correcta y un cup\u00f3n de vape!<\/strong><\/p>\n<p><img loading=\"lazy\" decoding=\"async\" class=\"size-full wp-image-2375\" src=\"https:\/\/rmvapesale.com\/wp-content\/uploads\/2024\/10\/image.png\" alt=\"Mejor Vape Desechable\" width=\"229\" height=\"300\" \/><\/p>\n<h3><a href=\"https:\/\/wa.me\/8617776015835\"><span style=\"color: #ff0000\"><strong>WhatsApp: +86 17776015835<\/strong><\/span><\/a><\/h3>\n<p>&nbsp;<\/p>","protected":false},"featured_media":2943,"comment_status":"open","ping_status":"closed","template":"","meta":{"_uag_custom_page_level_css":"","_lmt_disableupdate":"no","_lmt_disable":"","site-sidebar-layout":"default","site-content-layout":"content-boxed-container","ast-site-content-layout":"normal-width-container","site-content-style":"boxed","site-sidebar-style":"unboxed","ast-global-header-display":"","ast-banner-title-visibility":"","ast-main-header-display":"","ast-hfb-above-header-display":"","ast-hfb-below-header-display":"","ast-hfb-mobile-header-display":"","site-post-title":"","ast-breadcrumbs-content":"","ast-featured-img":"","footer-sml-layout":"","theme-transparent-header-meta":"default","adv-header-id-meta":"","stick-header-meta":"","header-above-stick-meta":"","header-main-stick-meta":"","header-below-stick-meta":"","astra-migrate-meta-layouts":"set","ast-page-background-enabled":"default","ast-page-background-meta":{"desktop":{"background-color":"var(--ast-global-color-4)","background-image":"","background-repeat":"repeat","background-position":"center center","background-size":"auto","background-attachment":"scroll","background-type":"","background-media":"","overlay-type":"","overlay-color":"","overlay-opacity":"","overlay-gradient":""},"tablet":{"background-color":"","background-image":"","background-repeat":"repeat","background-position":"center center","background-size":"auto","background-attachment":"scroll","background-type":"","background-media":"","overlay-type":"","overlay-color":"","overlay-opacity":"","overlay-gradient":""},"mobile":{"background-color":"","background-image":"","background-repeat":"repeat","background-position":"center center","background-size":"auto","background-attachment":"scroll","background-type":"","background-media":"","overlay-type":"","overlay-color":"","overlay-opacity":"","overlay-gradient":""}},"ast-content-background-meta":{"desktop":{"background-color":"var(--ast-global-color-5)","background-image":"","background-repeat":"repeat","background-position":"center center","background-size":"auto","background-attachment":"scroll","background-type":"","background-media":"","overlay-type":"","overlay-color":"","overlay-opacity":"","overlay-gradient":""},"tablet":{"background-color":"var(--ast-global-color-5)","background-image":"","background-repeat":"repeat","background-position":"center center","background-size":"auto","background-attachment":"scroll","background-type":"","background-media":"","overlay-type":"","overlay-color":"","overlay-opacity":"","overlay-gradient":""},"mobile":{"background-color":"var(--ast-global-color-5)","background-image":"","background-repeat":"repeat","background-position":"center center","background-size":"auto","background-attachment":"scroll","background-type":"","background-media":"","overlay-type":"","overlay-color":"","overlay-opacity":"","overlay-gradient":""}},"_joinchat":[]},"product_brand":[],"product_cat":[15,255,25,123,26,28,135,27,60,137,136,30],"product_tag":[146,40,111,103,269,268],"class_list":{"0":"post-2948","1":"product","2":"type-product","3":"status-publish","4":"has-post-thumbnail","6":"product_cat-new-vape-this-week","7":"product_cat-20000-puff-disposable-vape","8":"product_cat-germany-best-selling-vape","9":"product_cat-italy-wholesale-vape","10":"product_cat-netherlands-hot-sale-vape","11":"product_cat-poland-hot-sale-vape","12":"product_cat-spain-best-hot-sale-vape","13":"product_cat-fance-hot-sale-vape","14":"product_cat-bang-vapes","15":"product_cat-rechargeable-vapes","16":"product_cat-smart-screen-vapes","17":"product_cat-minimum-order-quantity-50pcs","18":"product_tag-best-hot-sale-vape","19":"product_tag-hot-sale-vape","20":"product_tag-low-nicotine-disposable-vape","21":"product_tag-shisha-hookah","22":"product_tag-uwin-crystal-20000","23":"product_tag-uwin-shisha-hookah-20k","24":"desktop-align-left","25":"tablet-align-left","26":"mobile-align-left","28":"first","29":"instock","30":"sale","31":"shipping-taxable","32":"purchasable","33":"product-type-simple"},"uagb_featured_image_src":{"full":["https:\/\/rmvapesale.com\/wp-content\/uploads\/2025\/01\/Hookah-Shisha-Uwin-Crystal-20000-Puffs-Disposable-Vape-Bulk-Buy.webp",800,800,false],"thumbnail":["https:\/\/rmvapesale.com\/wp-content\/uploads\/2025\/01\/Hookah-Shisha-Uwin-Crystal-20000-Puffs-Disposable-Vape-Bulk-Buy-150x150.webp",150,150,true],"medium":["https:\/\/rmvapesale.com\/wp-content\/uploads\/2025\/01\/Hookah-Shisha-Uwin-Crystal-20000-Puffs-Disposable-Vape-Bulk-Buy-300x300.webp",300,300,true],"medium_large":["https:\/\/rmvapesale.com\/wp-content\/uploads\/2025\/01\/Hookah-Shisha-Uwin-Crystal-20000-Puffs-Disposable-Vape-Bulk-Buy-768x768.webp",768,768,true],"large":["https:\/\/rmvapesale.com\/wp-content\/uploads\/2025\/01\/Hookah-Shisha-Uwin-Crystal-20000-Puffs-Disposable-Vape-Bulk-Buy.webp",800,800,false],"1536x1536":["https:\/\/rmvapesale.com\/wp-content\/uploads\/2025\/01\/Hookah-Shisha-Uwin-Crystal-20000-Puffs-Disposable-Vape-Bulk-Buy.webp",800,800,false],"2048x2048":["https:\/\/rmvapesale.com\/wp-content\/uploads\/2025\/01\/Hookah-Shisha-Uwin-Crystal-20000-Puffs-Disposable-Vape-Bulk-Buy.webp",800,800,false],"trp-custom-language-flag":["https:\/\/rmvapesale.com\/wp-content\/uploads\/2025\/01\/Hookah-Shisha-Uwin-Crystal-20000-Puffs-Disposable-Vape-Bulk-Buy.webp",12,12,false],"woocommerce_thumbnail":["https:\/\/rmvapesale.com\/wp-content\/uploads\/2025\/01\/Hookah-Shisha-Uwin-Crystal-20000-Puffs-Disposable-Vape-Bulk-Buy-300x300.webp",300,300,true],"woocommerce_single":["https:\/\/rmvapesale.com\/wp-content\/uploads\/2025\/01\/Hookah-Shisha-Uwin-Crystal-20000-Puffs-Disposable-Vape-Bulk-Buy-600x600.webp",600,600,true],"woocommerce_gallery_thumbnail":["https:\/\/rmvapesale.com\/wp-content\/uploads\/2025\/01\/Hookah-Shisha-Uwin-Crystal-20000-Puffs-Disposable-Vape-Bulk-Buy-100x100.webp",100,100,true],"wcpr-photo-reviews":["https:\/\/rmvapesale.com\/wp-content\/uploads\/2025\/01\/Hookah-Shisha-Uwin-Crystal-20000-Puffs-Disposable-Vape-Bulk-Buy.webp",500,500,false]},"uagb_author_info":{"display_name":"AMY","author_link":"https:\/\/rmvapesale.com\/es\/author\/"},"uagb_comment_info":0,"uagb_excerpt":"Uwin Shisha Hookah Crystal 20000 Puff Bulk Uwin Crystal 20000 Puffs Disposable Vape E Shisha Hookah Best Wholesale Price Uwin Shisha Hookah Crystal 20K 20000 Puffs Contact Amy to get right reply and vape coupon! WhatsApp: +86 17776015835 &nbsp;","_links":{"self":[{"href":"https:\/\/rmvapesale.com\/es\/wp-json\/wp\/v2\/product\/2948","targetHints":{"allow":["GET"]}}],"collection":[{"href":"https:\/\/rmvapesale.com\/es\/wp-json\/wp\/v2\/product"}],"about":[{"href":"https:\/\/rmvapesale.com\/es\/wp-json\/wp\/v2\/types\/product"}],"replies":[{"embeddable":true,"href":"https:\/\/rmvapesale.com\/es\/wp-json\/wp\/v2\/comments?post=2948"}],"wp:featuredmedia":[{"embeddable":true,"href":"https:\/\/rmvapesale.com\/es\/wp-json\/wp\/v2\/media\/2943"}],"wp:attachment":[{"href":"https:\/\/rmvapesale.com\/es\/wp-json\/wp\/v2\/media?parent=2948"}],"wp:term":[{"taxonomy":"product_brand","embeddable":true,"href":"https:\/\/rmvapesale.com\/es\/wp-json\/wp\/v2\/product_brand?post=2948"},{"taxonomy":"product_cat","embeddable":true,"href":"https:\/\/rmvapesale.com\/es\/wp-json\/wp\/v2\/product_cat?post=2948"},{"taxonomy":"product_tag","embeddable":true,"href":"https:\/\/rmvapesale.com\/es\/wp-json\/wp\/v2\/product_tag?post=2948"}],"curies":[{"name":"wp","href":"https:\/\/api.w.org\/{rel}","templated":true}]}}