{"id":2955,"date":"2025-01-13T06:29:57","date_gmt":"2025-01-13T06:29:57","guid":{"rendered":"https:\/\/rmvapesale.com\/?post_type=product&#038;p=2955"},"modified":"2025-01-13T07:21:49","modified_gmt":"2025-01-13T07:21:49","slug":"bangking-35000-puffs-double-flavour-disposable-vape-wholesale-cheap-price","status":"publish","type":"product","link":"https:\/\/rmvapesale.com\/es\/product\/bangking-35000-puffs-double-flavour-disposable-vape-wholesale-cheap-price\/","title":{"rendered":"Bangking 35000 Caladas Vape Desechable Doble Sabor Venta al por Mayor Precio Barato"},"content":{"rendered":"<div class=\"B2VR9 CJHX3e\">\n<div class=\"wyccme\">\n<div class=\"flex-shrink-0 flex flex-col relative items-end\">\n<div class=\"pt-0\">\n<div class=\"gizmo-bot-avatar flex h-8 w-8 items-center justify-center overflow-hidden rounded-full\">\n<div class=\"relative p-1 rounded-sm flex items-center justify-center bg-token-main-surface-primary text-token-text-primary h-8 w-8\">\n<div class=\"flex-shrink-0 flex flex-col relative items-end\">\n<div class=\"pt-0\">\n<div class=\"gizmo-bot-avatar flex h-8 w-8 items-center justify-center overflow-hidden rounded-full\">\n<h1 class=\"relative p-1 rounded-sm flex items-center justify-center bg-token-main-surface-primary text-token-text-primary h-8 w-8\">Bangking 35000 Caladas Vape Desechable Doble Sabor Venta al por Mayor Precio Barato<\/h1>\n<\/div>\n<\/div>\n<\/div>\n<\/div>\n<\/div>\n<\/div>\n<\/div>\n<div class=\"group\/conversation-turn relative flex w-full min-w-0 flex-col agent-turn\">\n<div class=\"flex-col gap-1 md:gap-3\">\n<div class=\"flex max-w-full flex-col flex-grow\">\n<div class=\"min-h-8 text-message flex w-full flex-col items-end gap-2 whitespace-normal break-words text-start [.text-message+&amp;]:mt-5\" dir=\"auto\" data-message-author-role=\"assistant\" data-message-id=\"80ece0c4-ead1-4ed9-a9f0-ddc22582b4f4\" data-message-model-slug=\"gpt-4o\">\n<p>\u00bfBuscas un vape que siga el ritmo de tu estilo de vida? Dale la bienvenida al <strong>Bangking 35000 Caladas Vape Desechable Doble Sabor<\/strong>\u2014\u00a1un cambio de juego en el mundo de los vapes desechables! Este dispositivo est\u00e1 aqu\u00ed para darte <strong>caladas masivas<\/strong>, <strong>dos sabores incre\u00edbles en uno<\/strong>y <strong>niveles de nicotina personalizables<\/strong>. \u00a1Todo a un precio que no arruinar\u00e1 tu bolsillo!<\/p>\n<h2><strong>\u00bfPor qu\u00e9 elegir Bangking 35000 Caladas?<\/strong><\/h2>\n<ul>\n<li><strong>Doble el sabor, doble la diversi\u00f3n<\/strong><br \/>\n\u00bfCansado de ce\u00f1irte a un solo sabor? Con <strong>tecnolog\u00eda de sabor 2 en 1<\/strong>, puedes cambiar entre dos opciones deliciosas en un solo dispositivo. \u00a1Es como tener dos vapes en tu bolsillo!<\/li>\n<li><strong>Conteo de caladas inigualable<\/strong><br \/>\nCon <strong>35,000 caladas<\/strong>, este vape est\u00e1 construido para durar. Eso no es solo una gran cantidad de caladas, \u00a1es un gran valor!<\/li>\n<li><strong>Conveniencia recargable<\/strong><br \/>\nIntegrado <strong>bater\u00eda de 650mAh<\/strong> y <strong>con puerto de carga Tipo-C<\/strong> significa que nunca te quedar\u00e1s tirado. \u00a1C\u00e1rgalo r\u00e1pido y sigue vapeando!<\/li>\n<li><strong>Nicotina a Tu Manera<\/strong><br \/>\nTanto si te gusta fuerte como si prefieres un toque m\u00e1s ligero, el Bangking ofrece <strong>opciones de nicotina 0%, 2% y 5%<\/strong>. Se trata de tu elecci\u00f3n.<\/li>\n<li><strong>Sabores Que Destacan<\/strong><br \/>\nDesde fusiones frutales hasta refrescantes explosiones de menta, hay <strong>12 sabores incre\u00edbles<\/strong> para explorar. \u00a1Aqu\u00ed no hay opciones aburridas!<\/li>\n<\/ul>\n<\/div>\n<\/div>\n<\/div>\n<\/div>\n<div class=\"flex-shrink-0 flex flex-col relative items-end\">\n<div class=\"pt-0\">\n<div class=\"gizmo-bot-avatar flex h-8 w-8 items-center justify-center overflow-hidden rounded-full\">\n<p>&nbsp;<\/p>\n<\/div>\n<\/div>\n<\/div>\n<\/div>\n<\/div>\n<p><strong>\u00a1Contacta con Amy para obtener la respuesta correcta y un cup\u00f3n de vape!<\/strong><\/p>\n<p><img loading=\"lazy\" decoding=\"async\" class=\"size-full wp-image-1978\" src=\"https:\/\/rmvapesale.com\/wp-content\/uploads\/2024\/09\/Disposable-Vape-Wholesale.jpg\" alt=\"Vape Desechable al por mayor\" width=\"229\" height=\"300\" \/><\/p>\n<h3><a href=\"https:\/\/wa.me\/8617776015835\" target=\"_blank\" rel=\"noopener\"><span style=\"color: #ff0000\"><strong>WhatsApp: +86 17776015835<\/strong><\/span><\/a><\/h3>\n<p>&nbsp;<\/p>\n<h3><strong style=\"font-size: 1.7em\">Caracter\u00edsticas Clave del Producto Bangking 35000 Puffs<\/strong><\/h3>\n<ul>\n<li><strong>Dise\u00f1o de Sabor 2 en 1:<\/strong> Disfruta de sabores dobles en un solo dispositivo.<\/li>\n<li><strong>35,000 Puffs:<\/strong> \u00a1Vapes que duran y duran!<\/li>\n<li><strong>Niveles de Nicotina Personalizados:<\/strong> Elige entre 0%, 2% o 5%.<\/li>\n<li><strong>Bater\u00eda Recargable:<\/strong> Carga tipo C para m\u00e1xima comodidad.<\/li>\n<li><strong>Precio al por Mayor Asequible:<\/strong> Ideal para uso personal o compras al por mayor.<\/li>\n<\/ul>\n<h3><strong style=\"font-size: 1.7em\">El sabor m\u00e1s vendido para Bangking 35000 Puffs<\/strong><strong style=\"font-size: 1.7em\">\u00a0Vapeador<\/strong><\/h3>\n<p>El <strong>Vape Desechable de Doble Sabor Bangking 35000 Puffs<\/strong> ofrece una gama audaz y emocionante de combinaciones de sabores, permiti\u00e9ndote disfrutar de dos sabores incre\u00edbles en un solo dispositivo. Desde favoritos afrutados hasta mezclas heladas, \u00a1hay algo para todos! <strong>\u00bfQu\u00e9 Hace Que Estos Sabores Sean Especiales? <\/strong><strong>Doble Diversi\u00f3n<\/strong>: Disfruta de dos sabores distintos en un solo dispositivo. <strong>Sabores Populares y M\u00e1s Vendidos<\/strong>: Combinaciones como <strong>Bomba de Cereza + Hielo de Uva<\/strong> y <strong>Red Bull + Melocot\u00f3n y Bayas<\/strong> \u00a1son las favoritas de los fans por una raz\u00f3n!<\/p>\n<p>1. Blue Razz Ice + Durazno Jugoso Ice<br \/>\n2. Fresa Sand\u00eda + Sand\u00eda Ice <span style=\"color: #ff0000\"><strong>&gt;&gt;&gt;&gt; \u00a1Caliente!<\/strong><\/span><br \/>\n3. Fresa Banana + Doble Manzana<br \/>\n4. Triple Berries Ice + Fruta Tropical<br \/>\n5. Bomba de Cereza + Uva Ice<span style=\"color: #ff0000\"><strong>&gt;&gt;&gt;&gt; \u00a1Caliente!<\/strong><\/span><br \/>\n6. Durazno Mango + Fresa Mango<br \/>\n7. Mango Lima + Menta Refrescante<br \/>\n8. Pop de Cereza + Se\u00f1or Azul<br \/>\n9. Drag\u00f3n Negro Ice + Fresa Kiwi<br \/>\n10. Red Bull + Durazno Baya <span style=\"color: #ff0000\"><strong>&gt;&gt;&gt;&gt; \u00a1Mejor!<\/strong><\/span><br \/>\n11. Lim\u00f3n Rosa + Se\u00f1or Azul<br \/>\n12. Kiwi Fruta de la Pasi\u00f3n Guayaba + Cereza Azul Lim\u00f3n<\/p>\n<p>&nbsp;<\/p>\n<h3><strong>Por qu\u00e9 elegir Rmvapesale para la banca de 35000 caladas Puff\u00a0 <\/strong><strong>V<\/strong><strong>Vape al por mayor<\/strong><strong>?<\/strong><\/h3>\n<div class=\"flex-shrink-0 flex flex-col relative items-end\">\n<div class=\"pt-0\">\n<div class=\"gizmo-bot-avatar flex h-8 w-8 items-center justify-center overflow-hidden rounded-full\">\n<p>A medida que se intensifica la competencia en el mercado de los cigarrillos electr\u00f3nicos desechables, Rmvapesale, un l\u00edder mundial en soluciones mayoristas de vaporizadores desechables, ha lanzado el vaporizador desechable con pantalla inteligente Bang King 35000. Este producto pionero llama la atenci\u00f3n por su est\u00e9tica \u00fanica y su dise\u00f1o moderno. Con una amplia gama de opciones de sabores afrutados, satisface un amplio espectro de gustos de los consumidores al tiempo que enfatiza la innovaci\u00f3n y la versatilidad.<\/p>\n<p class=\"relative p-1 rounded-sm flex items-center justify-center bg-token-main-surface-primary text-token-text-primary h-8 w-8\">Rmvapesale es su tienda de vapeo de confianza para vaporizadores desechables de primera calidad. Con m\u00e1s de 5 a\u00f1os de experiencia, le traemos marcas populares de vaporizadores desechables como Al Fakher, JNR Vape, Vapsolo Vape, Vapme Vape, <a href=\"https:\/\/rmvapesale.com\/es\/product-category\/bang-vapes\/\">Vape Bang<\/a>, Waspe Vape, WGA Vape y<a href=\"https:\/\/rmvapesale.com\/es\/product-category\/randm-fumot-vape\/\"> RandM Vape<\/a>. Nuestra gama incluye vaporizadores desechables de gran venta como el <a href=\"https:\/\/rmvapesale.com\/es\/product\/aivono-aim-flash-35000-puffs-curved-smart-screen-disposable-vape-wholesale\/\">AIVONO Flash 35000 Puffs<\/a> y opciones ricas en sabor como el<a href=\"https:\/\/rmvapesale.com\/es\/product\/crystal-vape-uwin-shisha-hookah-20k-20000-puffs-wholesale-best-price\/\"> UWIN Shisha Hoohak 20000<\/a>. Cada producto se elige centr\u00e1ndose en la calidad, el valor y la variedad, lo que garantiza que encuentre la combinaci\u00f3n perfecta para sus necesidades. Descubra un servicio excepcional y una amplia gama de los mejores productos en Rmvapesale.<\/p>\n<p>&nbsp;<\/p>\n<p class=\"relative p-1 rounded-sm flex items-center justify-center bg-token-main-surface-primary text-token-text-primary h-8 w-8\"><b style=\"font-size: 1.5em;font-style: inherit\">Preguntas frecuentes sobre la banca de 35000 caladas Puff <\/b><b style=\"font-size: 1.5em;font-style: inherit\">Vaporizador desechable recargable<\/b><\/p>\n<ol>\n<li><strong>\u00bfPuedes llevar vaporizadores desechables en un avi\u00f3n?<\/strong><br \/>\n\u00a1S\u00ed! Empaca tu vaporizador en tu maleta de mano. Solo aseg\u00farate de revisar las reglas de la aerol\u00ednea.<\/li>\n<li><strong>\u00bfC\u00f3mo cambiar entre sabores?<\/strong><br \/>\nHay un interruptor sencillo en el dispositivo\u2014g\u00edralo, \u00a1y listo, nuevo sabor!<\/li>\n<li><strong>\u00bfC\u00f3mo saber cu\u00e1ndo el vaporizador Bang King 35000 est\u00e1 vac\u00edo?<\/strong><br \/>\nNotar\u00e1s menos vapor o sabor. Si un cartucho se acaba, cambia al segundo sabor!<\/li>\n<li><strong>\u00bfC\u00f3mo cargar el Bang King 35K?<\/strong><br \/>\nUsa el cable incluido <strong>Cable Tipo-C<\/strong> para recargar la bater\u00eda de 650mAh. \u00a1Es r\u00e1pido y f\u00e1cil!<\/li>\n<li><strong>\u00bfD\u00f3nde comprar vapes desechables al por mayor a precio barato?<\/strong><br \/>\nConsigue el tuyo en tu tienda local o visita Rmvapesale<strong>\u00a0tienda de vapeo online<\/strong> para los mejores precios al por mayor.<\/li>\n<li><strong>\u00bfQu\u00e9 niveles de nicotina est\u00e1n disponibles para el Bang King 35000 Puff?<\/strong><br \/>\nElige tu concentraci\u00f3n preferida\u2014<strong>0%, 2% o 5%<\/strong>\u2014cuando compres tu dispositivo.<\/li>\n<\/ol>\n<\/div>\n<\/div>\n<\/div>\n<h3>Sobre el env\u00edo<\/h3>\n<div class=\"flex-shrink-0 flex flex-col relative items-end\">\n<div>\n<div class=\"pt-0\">\n<div class=\"gizmo-bot-avatar flex h-8 w-8 items-center justify-center overflow-hidden rounded-full\">\n<div><\/div>\n<div class=\"relative p-1 rounded-sm flex items-center justify-center bg-token-main-surface-primary text-token-text-primary h-8 w-8\"><strong>1. \u00bfQu\u00e9 m\u00e9todos de env\u00edo se utilizan?<\/strong><\/div>\n<\/div>\n<\/div>\n<\/div>\n<\/div>\n<div class=\"group\/conversation-turn relative flex w-full min-w-0 flex-col agent-turn\">\n<div class=\"flex-col gap-1 md:gap-3\">\n<div class=\"flex max-w-full flex-col flex-grow\">\n<div class=\"min-h-[20px] text-message flex w-full flex-col items-end gap-2 whitespace-normal break-words [.text-message+&amp;]:mt-5 overflow-x-auto\" dir=\"auto\" data-message-author-role=\"assistant\" data-message-id=\"22f8283b-3233-46ff-89a5-c7a41b33abda\">\n<div class=\"flex w-full flex-col gap-1 empty:hidden first:pt-[3px]\">\n<div class=\"markdown prose w-full break-words dark:prose-invert light\">\n<p>Trabajamos con UPS, DHL, FedEx, DPD y otros transportistas l\u00edderes. Seleccionaremos el mejor m\u00e9todo de env\u00edo seg\u00fan su lugar de entrega para garantizar que reciba sus productos lo m\u00e1s r\u00e1pido posible.<\/p>\n<\/div>\n<p><strong>2. \u00bfCu\u00e1nto tiempo tarda en llegar?<\/strong><\/p>\n<p>Los paquetes enviados a Espa\u00f1a suelen llegar en 10 d\u00edas laborables. El env\u00edo a pa\u00edses europeos generalmente tarda entre 12 y 15 d\u00edas h\u00e1biles. Proporcionaremos actualizaciones en tiempo real sobre el estado de su env\u00edo.<\/p>\n<\/div>\n<\/div>\n<\/div>\n<\/div>\n<\/div>\n<p>&nbsp;<\/p>\n<p>Encuentra m\u00e1s productos de Vape que te puedan gustar:<strong><em><a href=\"https:\/\/rmvapesale.com\/es\/shop-2\/\">comprar ahora &gt;&gt;&gt;<\/a><\/em><\/strong><\/p>","protected":false},"excerpt":{"rendered":"<p>El \u00faltimo Bang King 35K Caladas Vape Desechable Recargable<br \/>\nBang King 35000 Sabores Duales Vape Desechable Compra al por Mayor<br \/>\nBang King 35000 Caladas Pantalla Inteligente Desechable al por Mayor<\/p>\n<p><strong>\u00a1Contacta con Amy para obtener la respuesta correcta y un cup\u00f3n de vape!<\/strong><\/p>\n<p><img loading=\"lazy\" decoding=\"async\" class=\"size-full wp-image-2375\" src=\"https:\/\/rmvapesale.com\/wp-content\/uploads\/2024\/10\/image.png\" alt=\"Mejor Vape Desechable\" width=\"229\" height=\"300\" \/><\/p>\n<h3><a href=\"https:\/\/wa.me\/8617776015835\"><span style=\"color: #ff0000\"><strong>WhatsApp: +86 17776015835<\/strong><\/span><\/a><\/h3>\n<p>&nbsp;<\/p>","protected":false},"featured_media":2952,"comment_status":"open","ping_status":"closed","template":"","meta":{"_uag_custom_page_level_css":"","_lmt_disableupdate":"no","_lmt_disable":"","site-sidebar-layout":"default","site-content-layout":"content-boxed-container","ast-site-content-layout":"normal-width-container","site-content-style":"boxed","site-sidebar-style":"unboxed","ast-global-header-display":"","ast-banner-title-visibility":"","ast-main-header-display":"","ast-hfb-above-header-display":"","ast-hfb-below-header-display":"","ast-hfb-mobile-header-display":"","site-post-title":"","ast-breadcrumbs-content":"","ast-featured-img":"","footer-sml-layout":"","theme-transparent-header-meta":"default","adv-header-id-meta":"","stick-header-meta":"","header-above-stick-meta":"","header-main-stick-meta":"","header-below-stick-meta":"","astra-migrate-meta-layouts":"set","ast-page-background-enabled":"default","ast-page-background-meta":{"desktop":{"background-color":"var(--ast-global-color-4)","background-image":"","background-repeat":"repeat","background-position":"center center","background-size":"auto","background-attachment":"scroll","background-type":"","background-media":"","overlay-type":"","overlay-color":"","overlay-opacity":"","overlay-gradient":""},"tablet":{"background-color":"","background-image":"","background-repeat":"repeat","background-position":"center center","background-size":"auto","background-attachment":"scroll","background-type":"","background-media":"","overlay-type":"","overlay-color":"","overlay-opacity":"","overlay-gradient":""},"mobile":{"background-color":"","background-image":"","background-repeat":"repeat","background-position":"center center","background-size":"auto","background-attachment":"scroll","background-type":"","background-media":"","overlay-type":"","overlay-color":"","overlay-opacity":"","overlay-gradient":""}},"ast-content-background-meta":{"desktop":{"background-color":"var(--ast-global-color-5)","background-image":"","background-repeat":"repeat","background-position":"center center","background-size":"auto","background-attachment":"scroll","background-type":"","background-media":"","overlay-type":"","overlay-color":"","overlay-opacity":"","overlay-gradient":""},"tablet":{"background-color":"var(--ast-global-color-5)","background-image":"","background-repeat":"repeat","background-position":"center center","background-size":"auto","background-attachment":"scroll","background-type":"","background-media":"","overlay-type":"","overlay-color":"","overlay-opacity":"","overlay-gradient":""},"mobile":{"background-color":"var(--ast-global-color-5)","background-image":"","background-repeat":"repeat","background-position":"center center","background-size":"auto","background-attachment":"scroll","background-type":"","background-media":"","overlay-type":"","overlay-color":"","overlay-opacity":"","overlay-gradient":""}},"_joinchat":[]},"product_brand":[],"product_cat":[15,246,25,123,26,28,135,27,60,137,136,30],"product_tag":[199,270,146,222,64,40,111],"class_list":{"0":"post-2955","1":"product","2":"type-product","3":"status-publish","4":"has-post-thumbnail","6":"product_cat-new-vape-this-week","7":"product_cat-35000-puffs-disposable-vape","8":"product_cat-germany-best-selling-vape","9":"product_cat-italy-wholesale-vape","10":"product_cat-netherlands-hot-sale-vape","11":"product_cat-poland-hot-sale-vape","12":"product_cat-spain-best-hot-sale-vape","13":"product_cat-fance-hot-sale-vape","14":"product_cat-bang-vapes","15":"product_cat-rechargeable-vapes","16":"product_cat-smart-screen-vapes","17":"product_cat-minimum-order-quantity-50pcs","18":"product_tag-bang-vape","19":"product_tag-bangking-35000-puffs","20":"product_tag-best-hot-sale-vape","21":"product_tag-double-flavor-vape","22":"product_tag-dual-flavour-vape","23":"product_tag-hot-sale-vape","24":"product_tag-low-nicotine-disposable-vape","25":"desktop-align-left","26":"tablet-align-left","27":"mobile-align-left","29":"first","30":"instock","31":"sale","32":"shipping-taxable","33":"purchasable","34":"product-type-simple"},"uagb_featured_image_src":{"full":["https:\/\/rmvapesale.com\/wp-content\/uploads\/2025\/01\/Bang-Swich-Duo-Disposable-Vape-36000.webp",800,800,false],"thumbnail":["https:\/\/rmvapesale.com\/wp-content\/uploads\/2025\/01\/Bang-Swich-Duo-Disposable-Vape-36000-150x150.webp",150,150,true],"medium":["https:\/\/rmvapesale.com\/wp-content\/uploads\/2025\/01\/Bang-Swich-Duo-Disposable-Vape-36000-300x300.webp",300,300,true],"medium_large":["https:\/\/rmvapesale.com\/wp-content\/uploads\/2025\/01\/Bang-Swich-Duo-Disposable-Vape-36000-768x768.webp",768,768,true],"large":["https:\/\/rmvapesale.com\/wp-content\/uploads\/2025\/01\/Bang-Swich-Duo-Disposable-Vape-36000.webp",800,800,false],"1536x1536":["https:\/\/rmvapesale.com\/wp-content\/uploads\/2025\/01\/Bang-Swich-Duo-Disposable-Vape-36000.webp",800,800,false],"2048x2048":["https:\/\/rmvapesale.com\/wp-content\/uploads\/2025\/01\/Bang-Swich-Duo-Disposable-Vape-36000.webp",800,800,false],"trp-custom-language-flag":["https:\/\/rmvapesale.com\/wp-content\/uploads\/2025\/01\/Bang-Swich-Duo-Disposable-Vape-36000.webp",12,12,false],"woocommerce_thumbnail":["https:\/\/rmvapesale.com\/wp-content\/uploads\/2025\/01\/Bang-Swich-Duo-Disposable-Vape-36000-300x300.webp",300,300,true],"woocommerce_single":["https:\/\/rmvapesale.com\/wp-content\/uploads\/2025\/01\/Bang-Swich-Duo-Disposable-Vape-36000-600x600.webp",600,600,true],"woocommerce_gallery_thumbnail":["https:\/\/rmvapesale.com\/wp-content\/uploads\/2025\/01\/Bang-Swich-Duo-Disposable-Vape-36000-100x100.webp",100,100,true],"wcpr-photo-reviews":["https:\/\/rmvapesale.com\/wp-content\/uploads\/2025\/01\/Bang-Swich-Duo-Disposable-Vape-36000.webp",500,500,false]},"uagb_author_info":{"display_name":"AMY","author_link":"https:\/\/rmvapesale.com\/es\/author\/"},"uagb_comment_info":0,"uagb_excerpt":"Latest Bang King 35K Puff Rechargeable Disposable Vape Bang King 35000 Dual Flavors Disposable Vape Bulk Buy Bang King 35000 Puffs Smart Screen Wholesale Disposable Contact Amy to get right reply and vape coupon! WhatsApp: +86 17776015835 &nbsp;","_links":{"self":[{"href":"https:\/\/rmvapesale.com\/es\/wp-json\/wp\/v2\/product\/2955","targetHints":{"allow":["GET"]}}],"collection":[{"href":"https:\/\/rmvapesale.com\/es\/wp-json\/wp\/v2\/product"}],"about":[{"href":"https:\/\/rmvapesale.com\/es\/wp-json\/wp\/v2\/types\/product"}],"replies":[{"embeddable":true,"href":"https:\/\/rmvapesale.com\/es\/wp-json\/wp\/v2\/comments?post=2955"}],"wp:featuredmedia":[{"embeddable":true,"href":"https:\/\/rmvapesale.com\/es\/wp-json\/wp\/v2\/media\/2952"}],"wp:attachment":[{"href":"https:\/\/rmvapesale.com\/es\/wp-json\/wp\/v2\/media?parent=2955"}],"wp:term":[{"taxonomy":"product_brand","embeddable":true,"href":"https:\/\/rmvapesale.com\/es\/wp-json\/wp\/v2\/product_brand?post=2955"},{"taxonomy":"product_cat","embeddable":true,"href":"https:\/\/rmvapesale.com\/es\/wp-json\/wp\/v2\/product_cat?post=2955"},{"taxonomy":"product_tag","embeddable":true,"href":"https:\/\/rmvapesale.com\/es\/wp-json\/wp\/v2\/product_tag?post=2955"}],"curies":[{"name":"wp","href":"https:\/\/api.w.org\/{rel}","templated":true}]}}