{"id":3014,"date":"2025-01-30T07:39:46","date_gmt":"2025-01-30T07:39:46","guid":{"rendered":"https:\/\/rmvapesale.com\/?post_type=product&#038;p=3014"},"modified":"2025-01-23T08:01:17","modified_gmt":"2025-01-23T08:01:17","slug":"bang-box-30000-30k-puffs-double-taste-rechargeable-disposable-vape-0-2-5-nicotine-led-display-factory-price","status":"publish","type":"product","link":"https:\/\/rmvapesale.com\/es\/product\/bang-box-30000-30k-puffs-double-taste-rechargeable-disposable-vape-0-2-5-nicotine-led-display-factory-price\/","title":{"rendered":"Bang Box 30000 30k Puffs Vaporizador Desechable Recargable de Doble Sabor 0% 2% 5% Nicotina Pantalla LED Precio de F\u00e1brica"},"content":{"rendered":"<div class=\"B2VR9 CJHX3e\">\n<div class=\"wyccme\">\n<div class=\"flex-shrink-0 flex flex-col relative items-end\">\n<div class=\"pt-0\">\n<div class=\"gizmo-bot-avatar flex h-8 w-8 items-center justify-center overflow-hidden rounded-full\">\n<div class=\"relative p-1 rounded-sm flex items-center justify-center bg-token-main-surface-primary text-token-text-primary h-8 w-8\">\n<div class=\"flex-shrink-0 flex flex-col relative items-end\">\n<div class=\"pt-0\">\n<div class=\"gizmo-bot-avatar flex h-8 w-8 items-center justify-center overflow-hidden rounded-full\">\n<div class=\"flex-shrink-0 flex flex-col relative items-end\">\n<div class=\"pt-0\">\n<div class=\"gizmo-bot-avatar flex h-8 w-8 items-center justify-center overflow-hidden rounded-full\">\n<h1 class=\"relative p-1 rounded-sm flex items-center justify-center bg-token-main-surface-primary text-token-text-primary h-8 w-8\">Bang Box 30000 30k Puffs Vaporizador Desechable Recargable de Doble Sabor 0% 2% 5% Nicotina Pantalla LED Precio de F\u00e1brica<\/h1>\n<\/div>\n<\/div>\n<\/div>\n<\/div>\n<\/div>\n<\/div>\n<\/div>\n<\/div>\n<\/div>\n<\/div>\n<div class=\"group\/conversation-turn relative flex w-full min-w-0 flex-col agent-turn\">\n<div class=\"flex-col gap-1 md:gap-3\">\n<div class=\"flex max-w-full flex-col flex-grow\">\n<div class=\"min-h-8 text-message flex w-full flex-col items-end gap-2 whitespace-normal break-words text-start [.text-message+&amp;]:mt-5\" dir=\"auto\" data-message-author-role=\"assistant\" data-message-id=\"80ece0c4-ead1-4ed9-a9f0-ddc22582b4f4\" data-message-model-slug=\"gpt-4o\">\n<p>El <strong>Bang Box 30000 Puffes Doble Sabor Vape Descartable Recargable<\/strong> es la opci\u00f3n definitiva para los vapear que buscan <strong>rendimiento duradero, funciones personalizables y un precio mayorista inmejorable<\/strong>. Dise\u00f1ado para proporcionar hasta <strong>30.000 caladas<\/strong>, este <strong>vape recargable<\/strong> ofrece una experiencia de vapeo prolongada con una innovaci\u00f3n <strong>Sabor doble<\/strong> funci\u00f3n, permiti\u00e9ndote disfrutar de <strong>dos sabores en un dispositivo<\/strong>.<\/p>\n<p>Prellenado con una cantidad enorme de <strong>36ml de l\u00edquido electr\u00f3nico<\/strong>, el Bang 30K garantiza un disfrute continuo sin la molestia de rellenar con frecuencia. Ya seas fan de <strong>vapers de baja nicotina<\/strong> o prefieras una inhalaci\u00f3n m\u00e1s fuerte, este dispositivo ofrece una vers\u00e1til <strong>opciones de concentraci\u00f3n de nicotina<\/strong>, disponibles en <strong>0%, 2%, 3%, y 5%<\/strong>, adapt\u00e1ndose a cada preferencia.<\/p>\n<p>Equipado con un <strong>Resistencia de malla de 1.0\u03a9<\/strong>, el vapeo proporciona vapor suave y sabroso en cada calada. El <strong>flujo de aire ajustable<\/strong> sistema te permite personalizar tu inhalaci\u00f3n, ofreciendo ya sea una inhalaci\u00f3n apretada e intensa o una experiencia m\u00e1s suelta y llena de nubes.<\/p>\n<p>El sistema inteligente <strong>pantalla de visualizaci\u00f3n LED<\/strong> te mantiene informado sobre los niveles de bater\u00eda y e-l\u00edquido, asegurando que siempre tengas el control. Con un <strong>bater\u00eda recargable de 550mAh<\/strong> y un <strong>con puerto de carga Tipo-C<\/strong>, disfrutar\u00e1s de una recarga r\u00e1pida y eficiente para mantener tu vape listo cuando lo necesites.<\/p>\n<p>Perfecto para <strong>compradores de vapes desechables al por mayor<\/strong>, este dispositivo est\u00e1 disponible a un <strong>precio de f\u00e1brica<\/strong>, convirti\u00e9ndolo en una excelente opci\u00f3n tanto para minoristas como para vapearos individuales que buscan <strong>comprar al por mayor<\/strong>.<\/p>\n<\/div>\n<\/div>\n<\/div>\n<\/div>\n<div class=\"flex-shrink-0 flex flex-col relative items-end\">\n<div class=\"pt-0\">\n<div class=\"gizmo-bot-avatar flex h-8 w-8 items-center justify-center overflow-hidden rounded-full\">\n<p>&nbsp;<\/p>\n<\/div>\n<\/div>\n<\/div>\n<\/div>\n<\/div>\n<p><strong>\u00a1Contacta con Amy para obtener la respuesta correcta y un cup\u00f3n de vape!<\/strong><\/p>\n<p><img loading=\"lazy\" decoding=\"async\" class=\"size-full wp-image-1978\" src=\"https:\/\/rmvapesale.com\/wp-content\/uploads\/2024\/09\/Disposable-Vape-Wholesale.jpg\" alt=\"Vape Desechable al por mayor\" width=\"229\" height=\"300\" \/><\/p>\n<h3><a href=\"https:\/\/wa.me\/8617776015835\" target=\"_blank\" rel=\"noopener\"><span style=\"color: #ff0000\"><strong>WhatsApp: +86 17776015835<\/strong><\/span><\/a><\/h3>\n<h3><\/h3>\n<h3><strong style=\"font-size: 1.7em\">Caracter\u00edsticas principales del producto clave de Bang Box 30000 30k Puffs<\/strong><\/h3>\n<ul>\n<li><strong>Capacidad de 30,000 caladas:<\/strong> Disfruta de una vaporizaci\u00f3n duradera sin reemplazos constantes.<\/li>\n<li><strong>E-L\u00edquido prellenado de 36ml:<\/strong> Capacidad generosa para una experiencia de vaporizaci\u00f3n ininterrumpida.<\/li>\n<li><strong>Funci\u00f3n de doble sabor:<\/strong> Cambia entre dos sabores distintos para variedad en cada calada.<\/li>\n<li><strong>Opciones de nicotina:<\/strong> Disponible en fortalezas 0%, 2%, 3% y 5% para adaptarse a diferentes preferencias.<\/li>\n<li><strong>Bater\u00eda Recargable:<\/strong> Bater\u00eda de 550mAh con carga r\u00e1pida Type-C para mayor comodidad.<\/li>\n<li><strong>Pantalla LED inteligente:<\/strong> Monitorea f\u00e1cilmente la duraci\u00f3n de la bater\u00eda y los niveles de e-l\u00edquido.<\/li>\n<li><strong>Flujo de aire ajustable:<\/strong> Personaliza tu inhalaci\u00f3n con diferentes configuraciones de flujo de aire<\/li>\n<\/ul>\n<p><img loading=\"lazy\" decoding=\"async\" class=\"wp-image-2984 size-full\" src=\"https:\/\/rmvapesale.com\/wp-content\/uploads\/2025\/01\/Bang-Box-30000-Puffs-Disposable-Vape-Bulk-Buy.webp\" alt=\"Compra al por mayor el vape desechable Bang Box 30000 Puffs\" width=\"1000\" height=\"1000\" srcset=\"https:\/\/rmvapesale.com\/wp-content\/uploads\/2025\/01\/Bang-Box-30000-Puffs-Disposable-Vape-Bulk-Buy.webp 1000w, https:\/\/rmvapesale.com\/wp-content\/uploads\/2025\/01\/Bang-Box-30000-Puffs-Disposable-Vape-Bulk-Buy-300x300.webp 300w, https:\/\/rmvapesale.com\/wp-content\/uploads\/2025\/01\/Bang-Box-30000-Puffs-Disposable-Vape-Bulk-Buy-150x150.webp 150w, https:\/\/rmvapesale.com\/wp-content\/uploads\/2025\/01\/Bang-Box-30000-Puffs-Disposable-Vape-Bulk-Buy-768x768.webp 768w, https:\/\/rmvapesale.com\/wp-content\/uploads\/2025\/01\/Bang-Box-30000-Puffs-Disposable-Vape-Bulk-Buy-600x600.webp 600w, https:\/\/rmvapesale.com\/wp-content\/uploads\/2025\/01\/Bang-Box-30000-Puffs-Disposable-Vape-Bulk-Buy-100x100.webp 100w\" sizes=\"auto, (max-width: 1000px) 100vw, 1000px\" \/><\/p>\n<h3><strong style=\"font-size: 1.7em\">Sabor m\u00e1s vendido para Bang Box 30000 30k Puff<\/strong><strong style=\"font-size: 1.7em\">\u00a0Vapeador<\/strong><\/h3>\n<p>1. Fresa kiwi \/ Hielo sand\u00eda<br \/>\n2. Fresa kiwi \/ Sand\u00eda con fresa <span style=\"color: #ff0000\"><strong>&gt;&gt;&gt;&gt; \u00a1Caliente!<\/strong><\/span><br \/>\n3. Jugo de durazno \/ Hielo ar\u00e1ndano<br \/>\n4. Hielo ar\u00e1ndano \/ Guayaba Passion Fruta KiWi<br \/>\n5. Frambuesa \u00e1cida con ar\u00e1ndano \/ Fruta mixta <span style=\"color: #ff0000\"><strong>&gt;&gt;&gt;&gt; \u00a1Caliente!<\/strong><\/span><br \/>\n6. Triple baya hielo \/ Mango con fresa<br \/>\n7. Chicle de sand\u00eda \/ Sand\u00eda con fresa<br \/>\n8. Hielo de ar\u00e1ndano\/Hielo de sand\u00eda<br \/>\n9. Fresa Sand\u00eda\/Kiwi Pasi\u00f3n Fruta Guayaba<br \/>\n10. Hielo de Drag\u00f3n Negro\/Mango Durazno Sand\u00eda<br \/>\n11. Hielo de Razz Azul\/Doble Uva<br \/>\n12. Hielo de Razz Azul\/Fresa Mango <span style=\"color: #ff0000\"><strong>&gt;&gt;&gt;&gt; \u00a1Mejor!<\/strong><\/span><\/p>\n<h3><strong>Por qu\u00e9 elegir Rmvapesale para Bang Box 30k Puffs <\/strong><strong>V<\/strong><strong>Vape al por mayor<\/strong><strong>?<\/strong><\/h3>\n<div class=\"flex-shrink-0 flex flex-col relative items-end\">\n<div class=\"pt-0\">\n<div class=\"gizmo-bot-avatar flex h-8 w-8 items-center justify-center overflow-hidden rounded-full\">\n<p>A medida que se intensifica la competencia en el mercado de los cigarrillos electr\u00f3nicos desechables, Rmvapesale, un l\u00edder mundial en soluciones mayoristas de vaporizadores desechables, ha lanzado el vaporizador desechable con pantalla inteligente Bang King 35000. Este producto pionero llama la atenci\u00f3n por su est\u00e9tica \u00fanica y su dise\u00f1o moderno. Con una amplia gama de opciones de sabores afrutados, satisface un amplio espectro de gustos de los consumidores al tiempo que enfatiza la innovaci\u00f3n y la versatilidad.<\/p>\n<p class=\"relative p-1 rounded-sm flex items-center justify-center bg-token-main-surface-primary text-token-text-primary h-8 w-8\">Rmvapesale es su tienda de vapeo de confianza para vaporizadores desechables de primera calidad. Con m\u00e1s de 5 a\u00f1os de experiencia, le traemos marcas populares de vaporizadores desechables como Al Fakher, JNR Vape, Vapsolo Vape, Vapme Vape, <a href=\"https:\/\/rmvapesale.com\/es\/product-category\/bang-vapes\/\">Vape Bang<\/a>, Waspe Vape, WGA Vape y<a href=\"https:\/\/rmvapesale.com\/es\/product-category\/randm-fumot-vape\/\"> RandM Vape<\/a>. Nuestra gama incluye vaporizadores desechables de gran venta como el <a href=\"https:\/\/rmvapesale.com\/es\/product\/vopk-tornado-15000-puffs-disposable-vape-led-display\/\">VOPK Tornado 15000 Puffs<\/a> y opciones ricas en sabor como el<a href=\"https:\/\/rmvapesale.com\/es\/product\/waspe-15000-puffs-digital-box-original-wholesale\/\"> WASPE 15000 PUFFS<\/a>. Cada producto se elige centr\u00e1ndose en la calidad, el valor y la variedad, lo que garantiza que encuentre la combinaci\u00f3n perfecta para sus necesidades. Descubra un servicio excepcional y una amplia gama de los mejores productos en Rmvapesale.<\/p>\n<p class=\"relative p-1 rounded-sm flex items-center justify-center bg-token-main-surface-primary text-token-text-primary h-8 w-8\"><b style=\"font-size: 1.5em;font-style: inherit\">Preguntas frecuentes para BangBox 30000 30k Puffs <\/b><b style=\"font-size: 1.5em;font-style: inherit\">Vaporizador desechable recargable<\/b><\/p>\n<ol>\n<li><strong>\u00bfD\u00f3nde puedo comprar el vape desechable Bang 30000 Puffs a precios mayoristas?<\/strong>\n<ul>\n<li>Puedes adquirirlo a precios de f\u00e1brica en <a href=\"https:\/\/rmvapesale.com\/es\/\" target=\"_new\" rel=\"noopener\">Rmvapesale<\/a>, ofreciendo las mejores ofertas al por mayor para minoristas y distribuidores.<\/li>\n<\/ul>\n<\/li>\n<li><strong>\u00bfC\u00f3mo funciona la funci\u00f3n Doble Sabor?<\/strong>\n<ul>\n<li>El dispositivo te permite cambiar entre dos sabores, proporcionando una experiencia de vapeo \u00fanica y din\u00e1mica.<\/li>\n<\/ul>\n<\/li>\n<li><strong>\u00bfQu\u00e9 niveles de nicotina est\u00e1n disponibles en este vape desechable?<\/strong>\n<ul>\n<li>El Bang 30K viene en concentraciones de nicotina 0%, 2%, 3% y 5%, adapt\u00e1ndose a diferentes preferencias de vapeo.<\/li>\n<\/ul>\n<\/li>\n<li><strong>\u00bfEl vape Bang 30000 Puffs es recargable?<\/strong>\n<ul>\n<li>S\u00ed, cuenta con una bater\u00eda recargable de 550mAh y un puerto de carga Tipo-C para recargas r\u00e1pidas y eficientes.<\/li>\n<\/ul>\n<\/li>\n<li><strong>\u00bfEl dispositivo tiene una funci\u00f3n de ajuste de flujo de aire?<\/strong>\n<ul>\n<li>S\u00ed, el control de flujo de aire ajustable te permite personalizar tu estilo de vapeo, desde caladas apretadas hasta nubes aireadas.<\/li>\n<\/ul>\n<\/li>\n<\/ol>\n<\/div>\n<\/div>\n<\/div>\n<h2>\u00bfC\u00f3mo hacer un pedido?<\/h2>\n<div class=\"flex-shrink-0 flex flex-col relative items-end\">\n<div class=\"pt-0\">\n<div class=\"gizmo-bot-avatar flex h-8 w-8 items-center justify-center overflow-hidden rounded-full\">\n<div>\n<p><strong>1. \u00bfQu\u00e9 m\u00e9todos de pago aceptan?<\/strong><br \/>\n<span class=\"selectable-text copyable-text false\">Para el pago ofrecemos transferencia bancaria y Western Union. La mayor\u00eda de nuestros clientes de Espa\u00f1a eligen la transferencia bancaria; tenemos una cuenta bancaria local a la que puedes pagar a nuestra cuenta IBAN sin comisiones de gesti\u00f3n. <\/span>.<\/p>\n<p><strong>2. \u00bfC\u00f3mo puedo rastrear mi pedido?<\/strong><br \/>\nDespu\u00e9s de que se env\u00ede el paquete, <span class=\"selectable-text copyable-text false\">ofreceremos un n\u00famero de seguimiento como referencia y tambi\u00e9n mantendremos el estado actualizado hasta que recibas la mercanc\u00eda.<\/span>.<\/p>\n<p><strong>3. \u00bfCu\u00e1nto tiempo tarda en llegar?<\/strong><\/p>\n<ul>\n<li>Env\u00edo desde <strong>almacenes de China<\/strong> tarda aproximadamente <strong>7-14 d\u00edas laborables<\/strong>.<\/li>\n<li>Env\u00edo desde <strong>almacenes europeos<\/strong> suele tardar <strong>3-6 d\u00edas laborables<\/strong>.<\/li>\n<\/ul>\n<p><strong>4. \u00bfC\u00f3mo puedo conseguir una entrega m\u00e1s r\u00e1pida?<\/strong><br \/>\nPara una entrega m\u00e1s r\u00e1pida, recomendamos hacer su pedido desde nuestro <strong>almac\u00e9n europeo<\/strong>, que ofrece tiempos de env\u00edo m\u00e1s r\u00e1pidos.<\/p>\n<p><strong>5. \u00bfQu\u00e9 pasa si recibo un producto da\u00f1ado o defectuoso?<\/strong><br \/>\nSi su art\u00edculo est\u00e1 da\u00f1ado o defectuoso, p\u00f3ngase en contacto con el servicio de atenci\u00f3n al cliente para un <strong>reemplazo o reembolso<\/strong>.<\/p>\n<p><strong>6. \u00bfC\u00f3mo puedo contactar con el servicio de atenci\u00f3n al cliente?<\/strong><br \/>\nPuede contactarnos a trav\u00e9s de<strong>\u00a0WhatsApp, o chat en vivo<\/strong> en nuestro sitio web para cualquier asistencia.<\/p>\n<\/div>\n<div class=\"relative p-1 rounded-sm flex items-center justify-center bg-token-main-surface-primary text-token-text-primary h-8 w-8\"><strong>7. \u00bfQu\u00e9 m\u00e9todos de env\u00edo se utilizan?<\/strong><\/div>\n<\/div>\n<\/div>\n<\/div>\n<div class=\"group\/conversation-turn relative flex w-full min-w-0 flex-col agent-turn\">\n<div class=\"flex-col gap-1 md:gap-3\">\n<div class=\"flex max-w-full flex-col flex-grow\">\n<div class=\"min-h-[20px] text-message flex w-full flex-col items-end gap-2 whitespace-normal break-words [.text-message+&amp;]:mt-5 overflow-x-auto\" dir=\"auto\" data-message-author-role=\"assistant\" data-message-id=\"22f8283b-3233-46ff-89a5-c7a41b33abda\">\n<div class=\"flex w-full flex-col gap-1 empty:hidden first:pt-[3px]\">\n<div class=\"markdown prose w-full break-words dark:prose-invert light\">\n<p>Trabajamos con UPS, DHL, FedEx, DPD y otros transportistas l\u00edderes. Seleccionaremos el mejor m\u00e9todo de env\u00edo seg\u00fan su lugar de entrega para garantizar que reciba sus productos lo m\u00e1s r\u00e1pido posible.<\/p>\n<\/div>\n<\/div>\n<\/div>\n<\/div>\n<\/div>\n<\/div>\n<p>Encuentra m\u00e1s productos de Vape que te puedan gustar:<strong><em><a href=\"https:\/\/rmvapesale.com\/es\/shop-2\/\">comprar ahora &gt;&gt;&gt;<\/a><\/em><\/strong><\/p>","protected":false},"excerpt":{"rendered":"<p>Bang Box 30000 30k caladas Bar de vape desechable recargable Precio barato<br \/>\nBang Box 30000 30k caladas Vape desechable de venta caliente para comprar al por mayor<br \/>\nBangBox 30000 caladas Pantalla inteligente LED Vape desechable al por mayor<\/p>\n<p><strong>\u00a1Contacta con Amy para obtener la respuesta correcta y un cup\u00f3n de vape!<\/strong><\/p>\n<p><img loading=\"lazy\" decoding=\"async\" class=\"size-full wp-image-2375\" src=\"https:\/\/rmvapesale.com\/wp-content\/uploads\/2024\/10\/image.png\" alt=\"Mejor Vape Desechable\" width=\"229\" height=\"300\" \/><\/p>\n<h3><a href=\"https:\/\/wa.me\/8617776015835\"><span style=\"color: #ff0000\"><strong>WhatsApp: +86 17776015835<\/strong><\/span><\/a><\/h3>\n<p>&nbsp;<\/p>","protected":false},"featured_media":2983,"comment_status":"open","ping_status":"closed","template":"","meta":{"_uag_custom_page_level_css":"","_lmt_disableupdate":"no","_lmt_disable":"","site-sidebar-layout":"default","site-content-layout":"content-boxed-container","ast-site-content-layout":"normal-width-container","site-content-style":"boxed","site-sidebar-style":"unboxed","ast-global-header-display":"","ast-banner-title-visibility":"","ast-main-header-display":"","ast-hfb-above-header-display":"","ast-hfb-below-header-display":"","ast-hfb-mobile-header-display":"","site-post-title":"","ast-breadcrumbs-content":"","ast-featured-img":"","footer-sml-layout":"","theme-transparent-header-meta":"default","adv-header-id-meta":"","stick-header-meta":"","header-above-stick-meta":"","header-main-stick-meta":"","header-below-stick-meta":"","astra-migrate-meta-layouts":"set","ast-page-background-enabled":"default","ast-page-background-meta":{"desktop":{"background-color":"var(--ast-global-color-4)","background-image":"","background-repeat":"repeat","background-position":"center center","background-size":"auto","background-attachment":"scroll","background-type":"","background-media":"","overlay-type":"","overlay-color":"","overlay-opacity":"","overlay-gradient":""},"tablet":{"background-color":"","background-image":"","background-repeat":"repeat","background-position":"center center","background-size":"auto","background-attachment":"scroll","background-type":"","background-media":"","overlay-type":"","overlay-color":"","overlay-opacity":"","overlay-gradient":""},"mobile":{"background-color":"","background-image":"","background-repeat":"repeat","background-position":"center center","background-size":"auto","background-attachment":"scroll","background-type":"","background-media":"","overlay-type":"","overlay-color":"","overlay-opacity":"","overlay-gradient":""}},"ast-content-background-meta":{"desktop":{"background-color":"var(--ast-global-color-5)","background-image":"","background-repeat":"repeat","background-position":"center center","background-size":"auto","background-attachment":"scroll","background-type":"","background-media":"","overlay-type":"","overlay-color":"","overlay-opacity":"","overlay-gradient":""},"tablet":{"background-color":"var(--ast-global-color-5)","background-image":"","background-repeat":"repeat","background-position":"center center","background-size":"auto","background-attachment":"scroll","background-type":"","background-media":"","overlay-type":"","overlay-color":"","overlay-opacity":"","overlay-gradient":""},"mobile":{"background-color":"var(--ast-global-color-5)","background-image":"","background-repeat":"repeat","background-position":"center center","background-size":"auto","background-attachment":"scroll","background-type":"","background-media":"","overlay-type":"","overlay-color":"","overlay-opacity":"","overlay-gradient":""}},"_joinchat":[]},"product_brand":[],"product_cat":[15,289,290,291,292,293,295,299,273,253,25,123,26,28,135,27,60,137,136,30],"product_tag":[307,146,222,64,40,111,306],"class_list":{"0":"post-3014","1":"product","2":"type-product","3":"status-publish","4":"has-post-thumbnail","6":"product_cat-new-vape-this-week","7":"product_cat-big-puffs-disposable-vapes","8":"product_cat-crystal-disposable-vapes","9":"product_cat-dual-mesh-disposable-vapes","10":"product_cat-digital-disposable-vapes","11":"product_cat-low-nicotine-disposable-vapes","12":"product_cat-rechargeable-disposable-vapes","13":"product_cat-smart-screen-disposable-vapes","14":"product_cat-bang-box-vape","15":"product_cat-15000-puff-disposable-vape","16":"product_cat-germany-best-selling-vape","17":"product_cat-italy-wholesale-vape","18":"product_cat-netherlands-hot-sale-vape","19":"product_cat-poland-hot-sale-vape","20":"product_cat-spain-best-hot-sale-vape","21":"product_cat-fance-hot-sale-vape","22":"product_cat-bang-vapes","23":"product_cat-rechargeable-vapes","24":"product_cat-smart-screen-vapes","25":"product_cat-minimum-order-quantity-50pcs","26":"product_tag-bang-box-30000","27":"product_tag-best-hot-sale-vape","28":"product_tag-double-flavor-vape","29":"product_tag-dual-flavour-vape","30":"product_tag-hot-sale-vape","31":"product_tag-low-nicotine-disposable-vape","32":"product_tag-puff-bar","33":"desktop-align-left","34":"tablet-align-left","35":"mobile-align-left","37":"first","38":"instock","39":"sale","40":"shipping-taxable","41":"purchasable","42":"product-type-simple"},"uagb_featured_image_src":{"full":["https:\/\/rmvapesale.com\/wp-content\/uploads\/2025\/01\/Bang-Box-30000-30k-Puffs-Double-Rechargeable-Disposable-Vape-Wholesale.webp",1000,1000,false],"thumbnail":["https:\/\/rmvapesale.com\/wp-content\/uploads\/2025\/01\/Bang-Box-30000-30k-Puffs-Double-Rechargeable-Disposable-Vape-Wholesale-150x150.webp",150,150,true],"medium":["https:\/\/rmvapesale.com\/wp-content\/uploads\/2025\/01\/Bang-Box-30000-30k-Puffs-Double-Rechargeable-Disposable-Vape-Wholesale-300x300.webp",300,300,true],"medium_large":["https:\/\/rmvapesale.com\/wp-content\/uploads\/2025\/01\/Bang-Box-30000-30k-Puffs-Double-Rechargeable-Disposable-Vape-Wholesale-768x768.webp",768,768,true],"large":["https:\/\/rmvapesale.com\/wp-content\/uploads\/2025\/01\/Bang-Box-30000-30k-Puffs-Double-Rechargeable-Disposable-Vape-Wholesale.webp",1000,1000,false],"1536x1536":["https:\/\/rmvapesale.com\/wp-content\/uploads\/2025\/01\/Bang-Box-30000-30k-Puffs-Double-Rechargeable-Disposable-Vape-Wholesale.webp",1000,1000,false],"2048x2048":["https:\/\/rmvapesale.com\/wp-content\/uploads\/2025\/01\/Bang-Box-30000-30k-Puffs-Double-Rechargeable-Disposable-Vape-Wholesale.webp",1000,1000,false],"trp-custom-language-flag":["https:\/\/rmvapesale.com\/wp-content\/uploads\/2025\/01\/Bang-Box-30000-30k-Puffs-Double-Rechargeable-Disposable-Vape-Wholesale.webp",12,12,false],"woocommerce_thumbnail":["https:\/\/rmvapesale.com\/wp-content\/uploads\/2025\/01\/Bang-Box-30000-30k-Puffs-Double-Rechargeable-Disposable-Vape-Wholesale-300x300.webp",300,300,true],"woocommerce_single":["https:\/\/rmvapesale.com\/wp-content\/uploads\/2025\/01\/Bang-Box-30000-30k-Puffs-Double-Rechargeable-Disposable-Vape-Wholesale-600x600.webp",600,600,true],"woocommerce_gallery_thumbnail":["https:\/\/rmvapesale.com\/wp-content\/uploads\/2025\/01\/Bang-Box-30000-30k-Puffs-Double-Rechargeable-Disposable-Vape-Wholesale-100x100.webp",100,100,true],"wcpr-photo-reviews":["https:\/\/rmvapesale.com\/wp-content\/uploads\/2025\/01\/Bang-Box-30000-30k-Puffs-Double-Rechargeable-Disposable-Vape-Wholesale.webp",500,500,false]},"uagb_author_info":{"display_name":"AMY","author_link":"https:\/\/rmvapesale.com\/es\/author\/"},"uagb_comment_info":0,"uagb_excerpt":"Bang Box 30000 30k Puff\u00a0 Bar Rechargeable Disposable Vape Cheap Price Bang Box 30000 30k Puffs Hot Sale Disposable Vape Pen Bulk Buy BangBox 30000 Puffs\u00a0 LED Display Smart Screen Disposable Vape Wholesale Contact Amy to get right reply and vape coupon! WhatsApp: +86 17776015835 &nbsp;","_links":{"self":[{"href":"https:\/\/rmvapesale.com\/es\/wp-json\/wp\/v2\/product\/3014","targetHints":{"allow":["GET"]}}],"collection":[{"href":"https:\/\/rmvapesale.com\/es\/wp-json\/wp\/v2\/product"}],"about":[{"href":"https:\/\/rmvapesale.com\/es\/wp-json\/wp\/v2\/types\/product"}],"replies":[{"embeddable":true,"href":"https:\/\/rmvapesale.com\/es\/wp-json\/wp\/v2\/comments?post=3014"}],"wp:featuredmedia":[{"embeddable":true,"href":"https:\/\/rmvapesale.com\/es\/wp-json\/wp\/v2\/media\/2983"}],"wp:attachment":[{"href":"https:\/\/rmvapesale.com\/es\/wp-json\/wp\/v2\/media?parent=3014"}],"wp:term":[{"taxonomy":"product_brand","embeddable":true,"href":"https:\/\/rmvapesale.com\/es\/wp-json\/wp\/v2\/product_brand?post=3014"},{"taxonomy":"product_cat","embeddable":true,"href":"https:\/\/rmvapesale.com\/es\/wp-json\/wp\/v2\/product_cat?post=3014"},{"taxonomy":"product_tag","embeddable":true,"href":"https:\/\/rmvapesale.com\/es\/wp-json\/wp\/v2\/product_tag?post=3014"}],"curies":[{"name":"wp","href":"https:\/\/api.w.org\/{rel}","templated":true}]}}