{"id":3015,"date":"2025-02-02T08:01:52","date_gmt":"2025-02-02T08:01:52","guid":{"rendered":"https:\/\/rmvapesale.com\/?post_type=product&#038;p=3015"},"modified":"2025-01-23T08:19:44","modified_gmt":"2025-01-23T08:19:44","slug":"smart-screen-disposable-vape-bang-king-35000-puff-35k-rechargeable-disposable-vape-0-2-5-nicotine-factory-price","status":"publish","type":"product","link":"https:\/\/rmvapesale.com\/es\/product\/smart-screen-disposable-vape-bang-king-35000-puff-35k-rechargeable-disposable-vape-0-2-5-nicotine-factory-price\/","title":{"rendered":"Vapeador desechable Bang King 35000 Puff 35k con pantalla inteligente, recargable, 0% 2% 5% de nicotina, precio de f\u00e1brica"},"content":{"rendered":"<div class=\"B2VR9 CJHX3e\">\n<div class=\"wyccme\">\n<div class=\"flex-shrink-0 flex flex-col relative items-end\">\n<div class=\"pt-0\">\n<div class=\"gizmo-bot-avatar flex h-8 w-8 items-center justify-center overflow-hidden rounded-full\">\n<div class=\"relative p-1 rounded-sm flex items-center justify-center bg-token-main-surface-primary text-token-text-primary h-8 w-8\">\n<div class=\"flex-shrink-0 flex flex-col relative items-end\">\n<div class=\"pt-0\">\n<div class=\"gizmo-bot-avatar flex h-8 w-8 items-center justify-center overflow-hidden rounded-full\">\n<div class=\"flex-shrink-0 flex flex-col relative items-end\">\n<div class=\"pt-0\">\n<div class=\"gizmo-bot-avatar flex h-8 w-8 items-center justify-center overflow-hidden rounded-full\">\n<h1 class=\"relative p-1 rounded-sm flex items-center justify-center bg-token-main-surface-primary text-token-text-primary h-8 w-8\">Vapeador desechable Bang King 35000 Puff 35k con pantalla inteligente, recargable, 0% 2% 5% de nicotina, precio de f\u00e1brica<\/h1>\n<\/div>\n<\/div>\n<\/div>\n<\/div>\n<\/div>\n<\/div>\n<\/div>\n<\/div>\n<\/div>\n<\/div>\n<div class=\"group\/conversation-turn relative flex w-full min-w-0 flex-col agent-turn\">\n<div class=\"flex-col gap-1 md:gap-3\">\n<div class=\"flex max-w-full flex-col flex-grow\">\n<div class=\"min-h-8 text-message flex w-full flex-col items-end gap-2 whitespace-normal break-words text-start [.text-message+&amp;]:mt-5\" dir=\"auto\" data-message-author-role=\"assistant\" data-message-id=\"80ece0c4-ead1-4ed9-a9f0-ddc22582b4f4\" data-message-model-slug=\"gpt-4o\">\n<p>Buscando un <strong>vape desechable recargable de alta calada<\/strong> con funciones inteligentes? El <strong>Vape Desechable con Pantalla Inteligente Bang King 35000 Puffs<\/strong> es la elecci\u00f3n perfecta para vapeadores que exigen <strong>gran capacidad de caladas, flujo de aire ajustable y m\u00faltiples niveles de nicotina<\/strong>, todo a un <strong>bajo precio al por mayor<\/strong>. Con una incre\u00edble <strong>capacidad de 35,000 caladas<\/strong>, este vape ofrece un disfrute duradero, convirti\u00e9ndolo en uno de los <strong>vapeadores desechables m\u00e1s populares<\/strong> del mercado.<\/p>\n<p>Precargado con <strong>23ml de e-l\u00edquido<\/strong>, el Bang King garantiza una experiencia de vapeo sabrosa y sin complicaciones sin recargas frecuentes. La avanzada <strong>bobina de resistencia de 0.6\u03a9<\/strong> proporciona una producci\u00f3n de vapor suave y satisfactoria, mientras que la innovadora <strong>pantalla inteligente<\/strong> te mantiene informado con actualizaciones en tiempo real sobre los niveles de e-l\u00edquido y bater\u00eda.<\/p>\n<p>Dise\u00f1ado para la comodidad, la <strong>bater\u00eda recargable de 850mAh<\/strong> admite <strong>carga r\u00e1pida Tipo-C<\/strong>, lo que te permite volver a vapear r\u00e1pidamente. Ya sea que prefieras un <strong>vape de baja nicotina<\/strong> o una calada m\u00e1s fuerte, el Bang King ofrece m\u00faltiples concentraciones de nicotina, incluyendo <strong>0%, 2%, 3%, y 5%<\/strong>, adapt\u00e1ndose a todas las preferencias.<\/p>\n<p>Con <strong>flujo de aire ajustable<\/strong>, puedes ajustar tu experiencia de vapeo para obtener una calada m\u00e1s apretada o una calada m\u00e1s suave y aireada. Adem\u00e1s, con <strong>12 deliciosos sabores<\/strong> para elegir, hay algo para satisfacer todos los gustos.<\/p>\n<p>Ideal para <strong>compradores al por mayor y distribuidores de vapeo<\/strong>, este dispositivo viene a un <strong>precio directo de f\u00e1brica<\/strong>, lo que lo convierte en una excelente opci\u00f3n para aquellos que buscan <strong>comprar vapeadores desechables al por mayor<\/strong>.<\/p>\n<\/div>\n<\/div>\n<\/div>\n<\/div>\n<div class=\"flex-shrink-0 flex flex-col relative items-end\">\n<div class=\"pt-0\">\n<div class=\"gizmo-bot-avatar flex h-8 w-8 items-center justify-center overflow-hidden rounded-full\">\n<p>&nbsp;<\/p>\n<\/div>\n<\/div>\n<\/div>\n<\/div>\n<\/div>\n<p><strong>\u00a1Contacta con Amy para obtener la respuesta correcta y un cup\u00f3n de vape!<\/strong><\/p>\n<p><img loading=\"lazy\" decoding=\"async\" class=\"size-full wp-image-1978\" src=\"https:\/\/rmvapesale.com\/wp-content\/uploads\/2024\/09\/Disposable-Vape-Wholesale.jpg\" alt=\"Vape Desechable al por mayor\" width=\"229\" height=\"300\" \/><\/p>\n<h3><a href=\"https:\/\/wa.me\/8617776015835\" target=\"_blank\" rel=\"noopener\"><span style=\"color: #ff0000\"><strong>WhatsApp: +86 17776015835<\/strong><\/span><\/a><\/h3>\n<h3><\/h3>\n<h3><strong style=\"font-size: 1.7em\">Caracter\u00edsticas clave del producto Bang King 35000 Puff<\/strong><\/h3>\n<ul>\n<li><strong>Masivas 35.000 caladas:<\/strong> Disfruta de un vapeo prolongado sin reemplazos frecuentes.<\/li>\n<li><strong>Capacidad de 23 ml de e-l\u00edquido:<\/strong> Proporciona un disfrute duradero sin necesidad de recargas.<\/li>\n<li><strong>Pantalla inteligente:<\/strong> Realiza un seguimiento del recuento de caladas y el nivel de bater\u00eda en tiempo real.<\/li>\n<li><strong>Opciones de nicotina:<\/strong> Disponible en 0%, 2%, 3% y 5% para adaptarse a todos los usuarios.<\/li>\n<li><strong>Bater\u00eda recargable de 850 mAh:<\/strong> Rendimiento duradero con carga r\u00e1pida Tipo-C.<\/li>\n<li><strong>Control de flujo de aire ajustable:<\/strong> Personaliza tu calada para el golpe perfecto.<\/li>\n<li><strong>Protecci\u00f3n anti-quemado en seco:<\/strong> Garantiza una experiencia de vapeo suave y consistente.<\/li>\n<li><strong>12 opciones de sabor:<\/strong> Amplia gama de sabores para satisfacer todos los paladares.<\/li>\n<\/ul>\n<figure id=\"attachment_2996\" aria-describedby=\"caption-attachment-2996\" style=\"width: 800px\" class=\"wp-caption alignnone\"><img loading=\"lazy\" decoding=\"async\" class=\"wp-image-2996 size-full\" src=\"https:\/\/rmvapesale.com\/wp-content\/uploads\/2025\/01\/Bang-King-Vape-35000-Puffs-Disposable-Vapes-Bulk-Buy.webp\" alt=\"Bang King Vape 35000 Puffs Vapes desechables Compra a granel\" width=\"800\" height=\"800\" srcset=\"https:\/\/rmvapesale.com\/wp-content\/uploads\/2025\/01\/Bang-King-Vape-35000-Puffs-Disposable-Vapes-Bulk-Buy.webp 800w, https:\/\/rmvapesale.com\/wp-content\/uploads\/2025\/01\/Bang-King-Vape-35000-Puffs-Disposable-Vapes-Bulk-Buy-300x300.webp 300w, https:\/\/rmvapesale.com\/wp-content\/uploads\/2025\/01\/Bang-King-Vape-35000-Puffs-Disposable-Vapes-Bulk-Buy-150x150.webp 150w, https:\/\/rmvapesale.com\/wp-content\/uploads\/2025\/01\/Bang-King-Vape-35000-Puffs-Disposable-Vapes-Bulk-Buy-768x768.webp 768w, https:\/\/rmvapesale.com\/wp-content\/uploads\/2025\/01\/Bang-King-Vape-35000-Puffs-Disposable-Vapes-Bulk-Buy-600x600.webp 600w, https:\/\/rmvapesale.com\/wp-content\/uploads\/2025\/01\/Bang-King-Vape-35000-Puffs-Disposable-Vapes-Bulk-Buy-100x100.webp 100w\" sizes=\"auto, (max-width: 800px) 100vw, 800px\" \/><figcaption id=\"caption-attachment-2996\" class=\"wp-caption-text\">Bang King Vape 35000 Puffs Vapes desechables Compra a granel<\/figcaption><\/figure>\n<h3><strong style=\"font-size: 1.7em\">Sabor top ventas para Bang King 35000 Puff<\/strong><strong style=\"font-size: 1.7em\">\u00a0Vapeador<\/strong><\/h3>\n<p>El <strong>Bang King 35000 Puffs Vape Desechable Recargable<\/strong> ofrece una <strong>experiencia de vapeo premium<\/strong> con <strong>tecnolog\u00eda inteligente<\/strong>, lo que lo convierte en una excelente opci\u00f3n tanto para uso personal como para la distribuci\u00f3n mayorista. \u00a1Pide ahora y disfruta de lo \u00faltimo en vapeo desechable!<\/p>\n<ol>\n<li>Fresa Mango<\/li>\n<li>Love66<\/li>\n<li>Hielo de Frambuesa Azul<\/li>\n<li>Fresa Sand\u00eda<\/li>\n<li>Menta Lim\u00f3n<\/li>\n<li>Manzana Doble<\/li>\n<li>Bebida Energ\u00e9tica<\/li>\n<li>Hielo de Melocot\u00f3n<\/li>\n<li>Fresa Kiwi<\/li>\n<li>Hielo de Uva<\/li>\n<li>Hielo de Ar\u00e1ndano<\/li>\n<li>Sand\u00eda<\/li>\n<\/ol>\n<h3><strong>Por qu\u00e9 elegir Rmvapesale para el Vape al por mayor Bang King 35000 Puffs\u00a0 <\/strong><strong>V<\/strong><strong>Vape al por mayor<\/strong><strong>?<\/strong><\/h3>\n<div class=\"flex-shrink-0 flex flex-col relative items-end\">\n<div class=\"pt-0\">\n<div class=\"gizmo-bot-avatar flex h-8 w-8 items-center justify-center overflow-hidden rounded-full\">\n<p>A medida que se intensifica la competencia en el mercado de los cigarrillos electr\u00f3nicos desechables, Rmvapesale, un l\u00edder mundial en soluciones mayoristas de vaporizadores desechables, ha lanzado el vaporizador desechable con pantalla inteligente Bang King 35000. Este producto pionero llama la atenci\u00f3n por su est\u00e9tica \u00fanica y su dise\u00f1o moderno. Con una amplia gama de opciones de sabores afrutados, satisface un amplio espectro de gustos de los consumidores al tiempo que enfatiza la innovaci\u00f3n y la versatilidad.<\/p>\n<p class=\"relative p-1 rounded-sm flex items-center justify-center bg-token-main-surface-primary text-token-text-primary h-8 w-8\">Rmvapesale es su tienda de vapeo de confianza para vaporizadores desechables de primera calidad. Con m\u00e1s de 5 a\u00f1os de experiencia, le traemos marcas populares de vaporizadores desechables como Al Fakher, JNR Vape, Vapsolo Vape, Vapme Vape, <a href=\"https:\/\/rmvapesale.com\/es\/product-category\/bang-vapes\/\">Vape Bang<\/a>, Waspe Vape, WGA Vape y<a href=\"https:\/\/rmvapesale.com\/es\/product-category\/randm-fumot-vape\/\"> RandM Vape<\/a>. Nuestra gama incluye vaporizadores desechables de gran venta como el <a href=\"https:\/\/rmvapesale.com\/es\/product\/vopk-tornado-15000-puffs-disposable-vape-led-display\/\">VOPK Tornado 15000 Puffs<\/a> y opciones ricas en sabor como el<a href=\"https:\/\/rmvapesale.com\/es\/product\/elf-box-ls15000-puffs-shisha-hookah-disposable-vape\/\"> ELF BOX shisha Hooka 15000 PUFFS<\/a>. Cada producto se elige centr\u00e1ndose en la calidad, el valor y la variedad, lo que garantiza que encuentre la combinaci\u00f3n perfecta para sus necesidades. Descubra un servicio excepcional y una amplia gama de los mejores productos en Rmvapesale.<\/p>\n<p class=\"relative p-1 rounded-sm flex items-center justify-center bg-token-main-surface-primary text-token-text-primary h-8 w-8\"><b style=\"font-size: 1.5em;font-style: inherit\">Preguntas frecuentes sobre el Bang King 35000 Puffs <\/b><b style=\"font-size: 1.5em;font-style: inherit\">Vaporizador desechable recargable<\/b><\/p>\n<ol>\n<li><strong>\u00bfD\u00f3nde puedo comprar el vaporizador desechable Bang King 35000 Puffs a precios de mayorista?<\/strong>\n<ul>\n<li>Puede obtener los mejores precios directamente de f\u00e1brica en <a href=\"https:\/\/rmvapesale.com\/es\/\" target=\"_new\" rel=\"noopener\">Rmvapesale<\/a>, su fuente de confianza para vaporizadores desechables al por mayor.<\/li>\n<\/ul>\n<\/li>\n<li><strong>\u00bfEl vaporizador Bang King 35000 es recargable?<\/strong>\n<ul>\n<li>S\u00ed, viene con una bater\u00eda recargable de 850 mAh y admite carga r\u00e1pida tipo C.<\/li>\n<\/ul>\n<\/li>\n<li><strong>\u00bfQu\u00e9 concentraciones de nicotina est\u00e1n disponibles?<\/strong>\n<ul>\n<li>Este vaporizador est\u00e1 disponible en niveles de nicotina del 0 %, 2 %, 3 % y 5 % para adaptarse a varias preferencias.<\/li>\n<\/ul>\n<\/li>\n<li><strong>\u00bfC\u00f3mo funciona la pantalla inteligente?<\/strong>\n<ul>\n<li>La pantalla proporciona informaci\u00f3n en tiempo real sobre la vida \u00fatil de la bater\u00eda y los niveles de l\u00edquido, asegurando que siempre est\u00e9s informado.<\/li>\n<\/ul>\n<\/li>\n<li><strong>\u00bfEl Bang King 35K ofrece flujo de aire ajustable?<\/strong>\n<ul>\n<li>S\u00ed, la funci\u00f3n de flujo de aire ajustable te permite personalizar tu estilo de vapeo para una calada m\u00e1s ajustada o m\u00e1s suelta.<\/li>\n<\/ul>\n<\/li>\n<\/ol>\n<\/div>\n<\/div>\n<\/div>\n<h2>\u00bfC\u00f3mo hacer un pedido?<\/h2>\n<div class=\"flex-shrink-0 flex flex-col relative items-end\">\n<div class=\"pt-0\">\n<div class=\"gizmo-bot-avatar flex h-8 w-8 items-center justify-center overflow-hidden rounded-full\">\n<div>\n<p><strong>1. \u00bfQu\u00e9 m\u00e9todos de pago aceptan?<\/strong><br \/>\n<span class=\"selectable-text copyable-text false\">Para el pago ofrecemos transferencia bancaria y Western Union. La mayor\u00eda de nuestros clientes de Espa\u00f1a eligen la transferencia bancaria; tenemos una cuenta bancaria local a la que puedes pagar a nuestra cuenta IBAN sin comisiones de gesti\u00f3n. <\/span>.<\/p>\n<p><strong>2. \u00bfC\u00f3mo puedo rastrear mi pedido?<\/strong><br \/>\nDespu\u00e9s de que se env\u00ede el paquete, <span class=\"selectable-text copyable-text false\">ofreceremos un n\u00famero de seguimiento como referencia y tambi\u00e9n mantendremos el estado actualizado hasta que recibas la mercanc\u00eda.<\/span>.<\/p>\n<p><strong>3. \u00bfCu\u00e1nto tiempo tarda en llegar?<\/strong><\/p>\n<ul>\n<li>Env\u00edo desde <strong>almacenes de China<\/strong> tarda aproximadamente <strong>7-14 d\u00edas laborables<\/strong>.<\/li>\n<li>Env\u00edo desde <strong>almacenes europeos<\/strong> suele tardar <strong>3-6 d\u00edas laborables<\/strong>.<\/li>\n<\/ul>\n<p><strong>4. \u00bfC\u00f3mo puedo conseguir una entrega m\u00e1s r\u00e1pida?<\/strong><br \/>\nPara una entrega m\u00e1s r\u00e1pida, recomendamos hacer su pedido desde nuestro <strong>almac\u00e9n europeo<\/strong>, que ofrece tiempos de env\u00edo m\u00e1s r\u00e1pidos.<\/p>\n<p><strong>5. \u00bfQu\u00e9 pasa si recibo un producto da\u00f1ado o defectuoso?<\/strong><br \/>\nSi su art\u00edculo est\u00e1 da\u00f1ado o defectuoso, p\u00f3ngase en contacto con el servicio de atenci\u00f3n al cliente para un <strong>reemplazo o reembolso<\/strong>.<\/p>\n<p><strong>6. \u00bfC\u00f3mo puedo contactar con el servicio de atenci\u00f3n al cliente?<\/strong><br \/>\nPuede contactarnos a trav\u00e9s de<strong>\u00a0WhatsApp, o chat en vivo<\/strong> en nuestro sitio web para cualquier asistencia.<\/p>\n<\/div>\n<div class=\"relative p-1 rounded-sm flex items-center justify-center bg-token-main-surface-primary text-token-text-primary h-8 w-8\"><strong>7. \u00bfQu\u00e9 m\u00e9todos de env\u00edo se utilizan?<\/strong><\/div>\n<\/div>\n<\/div>\n<\/div>\n<div class=\"group\/conversation-turn relative flex w-full min-w-0 flex-col agent-turn\">\n<div class=\"flex-col gap-1 md:gap-3\">\n<div class=\"flex max-w-full flex-col flex-grow\">\n<div class=\"min-h-[20px] text-message flex w-full flex-col items-end gap-2 whitespace-normal break-words [.text-message+&amp;]:mt-5 overflow-x-auto\" dir=\"auto\" data-message-author-role=\"assistant\" data-message-id=\"22f8283b-3233-46ff-89a5-c7a41b33abda\">\n<div class=\"flex w-full flex-col gap-1 empty:hidden first:pt-[3px]\">\n<div class=\"markdown prose w-full break-words dark:prose-invert light\">\n<p>Trabajamos con UPS, DHL, FedEx, DPD y otros transportistas l\u00edderes. Seleccionaremos el mejor m\u00e9todo de env\u00edo seg\u00fan su lugar de entrega para garantizar que reciba sus productos lo m\u00e1s r\u00e1pido posible.<\/p>\n<\/div>\n<\/div>\n<\/div>\n<\/div>\n<\/div>\n<\/div>\n<p>Encuentra m\u00e1s productos de Vape que te puedan gustar:<strong><em><a href=\"https:\/\/rmvapesale.com\/es\/shop-2\/\">comprar ahora &gt;&gt;&gt;<\/a><\/em><\/strong><\/p>","protected":false},"excerpt":{"rendered":"<p>Bang King 35000 Puff Bar Vape Desechable Recargable Precio Barato<br \/>\nBang King 35k Puff Popular Vape Desechable Compra a Granel<br \/>\nBangKing 35000 Puff Pantalla LED Vape Desechable con Pantalla Inteligente Venta al por Mayor<\/p>\n<p><strong>\u00a1Contacta con Amy para obtener la respuesta correcta y un cup\u00f3n de vape!<\/strong><\/p>\n<p><img loading=\"lazy\" decoding=\"async\" class=\"size-full wp-image-2375\" src=\"https:\/\/rmvapesale.com\/wp-content\/uploads\/2024\/10\/image.png\" alt=\"Mejor Vape Desechable\" width=\"229\" height=\"300\" \/><\/p>\n<h3><a href=\"https:\/\/wa.me\/8617776015835\"><span style=\"color: #ff0000\"><strong>WhatsApp: +86 17776015835<\/strong><\/span><\/a><\/h3>\n<p>&nbsp;<\/p>","protected":false},"featured_media":2995,"comment_status":"open","ping_status":"closed","template":"","meta":{"_uag_custom_page_level_css":"","_lmt_disableupdate":"no","_lmt_disable":"","site-sidebar-layout":"default","site-content-layout":"content-boxed-container","ast-site-content-layout":"normal-width-container","site-content-style":"boxed","site-sidebar-style":"unboxed","ast-global-header-display":"","ast-banner-title-visibility":"","ast-main-header-display":"","ast-hfb-above-header-display":"","ast-hfb-below-header-display":"","ast-hfb-mobile-header-display":"","site-post-title":"","ast-breadcrumbs-content":"","ast-featured-img":"","footer-sml-layout":"","theme-transparent-header-meta":"default","adv-header-id-meta":"","stick-header-meta":"","header-above-stick-meta":"","header-main-stick-meta":"","header-below-stick-meta":"","astra-migrate-meta-layouts":"set","ast-page-background-enabled":"default","ast-page-background-meta":{"desktop":{"background-color":"var(--ast-global-color-4)","background-image":"","background-repeat":"repeat","background-position":"center center","background-size":"auto","background-attachment":"scroll","background-type":"","background-media":"","overlay-type":"","overlay-color":"","overlay-opacity":"","overlay-gradient":""},"tablet":{"background-color":"","background-image":"","background-repeat":"repeat","background-position":"center center","background-size":"auto","background-attachment":"scroll","background-type":"","background-media":"","overlay-type":"","overlay-color":"","overlay-opacity":"","overlay-gradient":""},"mobile":{"background-color":"","background-image":"","background-repeat":"repeat","background-position":"center center","background-size":"auto","background-attachment":"scroll","background-type":"","background-media":"","overlay-type":"","overlay-color":"","overlay-opacity":"","overlay-gradient":""}},"ast-content-background-meta":{"desktop":{"background-color":"var(--ast-global-color-5)","background-image":"","background-repeat":"repeat","background-position":"center center","background-size":"auto","background-attachment":"scroll","background-type":"","background-media":"","overlay-type":"","overlay-color":"","overlay-opacity":"","overlay-gradient":""},"tablet":{"background-color":"var(--ast-global-color-5)","background-image":"","background-repeat":"repeat","background-position":"center center","background-size":"auto","background-attachment":"scroll","background-type":"","background-media":"","overlay-type":"","overlay-color":"","overlay-opacity":"","overlay-gradient":""},"mobile":{"background-color":"var(--ast-global-color-5)","background-image":"","background-repeat":"repeat","background-position":"center center","background-size":"auto","background-attachment":"scroll","background-type":"","background-media":"","overlay-type":"","overlay-color":"","overlay-opacity":"","overlay-gradient":""}},"_joinchat":[]},"product_brand":[],"product_cat":[15,289,291,292,293,295,299,279,246,25,123,26,28,135,27,60,137,136,30],"product_tag":[308,76,199,146,64,40,111,306],"class_list":{"0":"post-3015","1":"product","2":"type-product","3":"status-publish","4":"has-post-thumbnail","6":"product_cat-new-vape-this-week","7":"product_cat-big-puffs-disposable-vapes","8":"product_cat-dual-mesh-disposable-vapes","9":"product_cat-digital-disposable-vapes","10":"product_cat-low-nicotine-disposable-vapes","11":"product_cat-rechargeable-disposable-vapes","12":"product_cat-smart-screen-disposable-vapes","13":"product_cat-bang-king-vape","14":"product_cat-35000-puffs-disposable-vape","15":"product_cat-germany-best-selling-vape","16":"product_cat-italy-wholesale-vape","17":"product_cat-netherlands-hot-sale-vape","18":"product_cat-poland-hot-sale-vape","19":"product_cat-spain-best-hot-sale-vape","20":"product_cat-fance-hot-sale-vape","21":"product_cat-bang-vapes","22":"product_cat-rechargeable-vapes","23":"product_cat-smart-screen-vapes","24":"product_cat-minimum-order-quantity-50pcs","25":"product_tag-bang-king-35000","26":"product_tag-bang-king-vape","27":"product_tag-bang-vape","28":"product_tag-best-hot-sale-vape","29":"product_tag-dual-flavour-vape","30":"product_tag-hot-sale-vape","31":"product_tag-low-nicotine-disposable-vape","32":"product_tag-puff-bar","33":"desktop-align-left","34":"tablet-align-left","35":"mobile-align-left","37":"first","38":"instock","39":"sale","40":"shipping-taxable","41":"purchasable","42":"product-type-simple"},"uagb_featured_image_src":{"full":["https:\/\/rmvapesale.com\/wp-content\/uploads\/2025\/01\/Bang-King-35k-Puffs-Disposable-Vapes-Wholesale.webp",800,800,false],"thumbnail":["https:\/\/rmvapesale.com\/wp-content\/uploads\/2025\/01\/Bang-King-35k-Puffs-Disposable-Vapes-Wholesale-150x150.webp",150,150,true],"medium":["https:\/\/rmvapesale.com\/wp-content\/uploads\/2025\/01\/Bang-King-35k-Puffs-Disposable-Vapes-Wholesale-300x300.webp",300,300,true],"medium_large":["https:\/\/rmvapesale.com\/wp-content\/uploads\/2025\/01\/Bang-King-35k-Puffs-Disposable-Vapes-Wholesale-768x768.webp",768,768,true],"large":["https:\/\/rmvapesale.com\/wp-content\/uploads\/2025\/01\/Bang-King-35k-Puffs-Disposable-Vapes-Wholesale.webp",800,800,false],"1536x1536":["https:\/\/rmvapesale.com\/wp-content\/uploads\/2025\/01\/Bang-King-35k-Puffs-Disposable-Vapes-Wholesale.webp",800,800,false],"2048x2048":["https:\/\/rmvapesale.com\/wp-content\/uploads\/2025\/01\/Bang-King-35k-Puffs-Disposable-Vapes-Wholesale.webp",800,800,false],"trp-custom-language-flag":["https:\/\/rmvapesale.com\/wp-content\/uploads\/2025\/01\/Bang-King-35k-Puffs-Disposable-Vapes-Wholesale.webp",12,12,false],"woocommerce_thumbnail":["https:\/\/rmvapesale.com\/wp-content\/uploads\/2025\/01\/Bang-King-35k-Puffs-Disposable-Vapes-Wholesale-300x300.webp",300,300,true],"woocommerce_single":["https:\/\/rmvapesale.com\/wp-content\/uploads\/2025\/01\/Bang-King-35k-Puffs-Disposable-Vapes-Wholesale-600x600.webp",600,600,true],"woocommerce_gallery_thumbnail":["https:\/\/rmvapesale.com\/wp-content\/uploads\/2025\/01\/Bang-King-35k-Puffs-Disposable-Vapes-Wholesale-100x100.webp",100,100,true],"wcpr-photo-reviews":["https:\/\/rmvapesale.com\/wp-content\/uploads\/2025\/01\/Bang-King-35k-Puffs-Disposable-Vapes-Wholesale.webp",500,500,false]},"uagb_author_info":{"display_name":"AMY","author_link":"https:\/\/rmvapesale.com\/es\/author\/"},"uagb_comment_info":0,"uagb_excerpt":"Bang King 35000 Puff\u00a0 Bar Rechargeable Disposable Vape Cheap Price Bang King 35k Puff Popular Disposable Vape Pen Bulk Buy BangKing 35000 Puff LED Display Smart Screen Disposable Vape Wholesale Contact Amy to get right reply and vape coupon! WhatsApp: +86 17776015835 &nbsp;","_links":{"self":[{"href":"https:\/\/rmvapesale.com\/es\/wp-json\/wp\/v2\/product\/3015","targetHints":{"allow":["GET"]}}],"collection":[{"href":"https:\/\/rmvapesale.com\/es\/wp-json\/wp\/v2\/product"}],"about":[{"href":"https:\/\/rmvapesale.com\/es\/wp-json\/wp\/v2\/types\/product"}],"replies":[{"embeddable":true,"href":"https:\/\/rmvapesale.com\/es\/wp-json\/wp\/v2\/comments?post=3015"}],"wp:featuredmedia":[{"embeddable":true,"href":"https:\/\/rmvapesale.com\/es\/wp-json\/wp\/v2\/media\/2995"}],"wp:attachment":[{"href":"https:\/\/rmvapesale.com\/es\/wp-json\/wp\/v2\/media?parent=3015"}],"wp:term":[{"taxonomy":"product_brand","embeddable":true,"href":"https:\/\/rmvapesale.com\/es\/wp-json\/wp\/v2\/product_brand?post=3015"},{"taxonomy":"product_cat","embeddable":true,"href":"https:\/\/rmvapesale.com\/es\/wp-json\/wp\/v2\/product_cat?post=3015"},{"taxonomy":"product_tag","embeddable":true,"href":"https:\/\/rmvapesale.com\/es\/wp-json\/wp\/v2\/product_tag?post=3015"}],"curies":[{"name":"wp","href":"https:\/\/api.w.org\/{rel}","templated":true}]}}