{"id":370,"date":"2021-08-20T11:50:58","date_gmt":"2021-08-20T11:50:58","guid":{"rendered":"https:\/\/rmvapesale.com\/product\/hybrid-cleansing-balm\/"},"modified":"2025-01-20T03:10:16","modified_gmt":"2025-01-20T03:10:16","slug":"randm-vape-al-fakher-10000-puffs-vape-wholesale","status":"publish","type":"product","link":"https:\/\/rmvapesale.com\/es\/product\/randm-vape-al-fakher-10000-puffs-vape-wholesale\/","title":{"rendered":"Randm Vape Al Fakher 10000 caladas VAPE precio al por mayor Fumot SHISHA 10K"},"content":{"rendered":"<h1><strong>Randm Vape Al Fakher 10000 caladas VAPE precio al por mayor Fumot SHISHA 10K<\/strong><\/h1>\n<p>El Randm Vape Al Fakher 10000 es un Vape DTL (Directo al Pulm\u00f3n) recargable y revolucionario que redefine la excelencia en el vapeo. Con un indicador LED, proporciona actualizaciones en tiempo real sobre los niveles de e-l\u00edquido y la energ\u00eda, asegurando que siempre tengas el control. Con un conveniente puerto Tipo-C ubicado en su base, cargar este vape es f\u00e1cil y r\u00e1pido.<\/p>\n<p>Pre-cargado con 18 ml de e-l\u00edquido, la barra Shisha 10000 ofrece una concentraci\u00f3n de nicotina de 0.5%, ofreciendo hasta la asombrosa cantidad de 10,000 inhalaciones en un entorno de prueba. Pero no se trata solo de cantidad: este vape cuenta con la tecnolog\u00eda Mesh Coil, que integra una bobina de 0.6ohm de baja resistencia para una m\u00e1xima superficie de calentamiento. Desp\u00eddase de los golpes secos y la distribuci\u00f3n desigual del sabor; el dise\u00f1o Mesh Coil asegura un calentamiento consistente, resultando en caladas m\u00e1s suaves y una producci\u00f3n de vapor m\u00e1s rica.<\/p>\n<p>Ahora este vape Randm Vape Al Fakher es una venta caliente en la mayor\u00eda de los pa\u00edses de Europa como Alemania, Pa\u00edses Bajos, Francia, Italia, Suiza, Suecia, Espa\u00f1a, Polonia, B\u00e9lgica, Austria, Noruega, Dinamarca, etc., por lo que es una buena opci\u00f3n para los minoristas que buscan un vape desechable rentable con precio al por mayor de compra a granel.<\/p>\n<p><strong>A\u00f1ade la gerente de ventas AMY whatsapp <a href=\"https:\/\/wa.me\/8617776015835\" target=\"_blank\" rel=\"noopener\">+86-17776015835<\/a> \u00a1obt\u00e9n m\u00e1s descuento!<\/strong><\/p>\n<p><img loading=\"lazy\" decoding=\"async\" class=\"size-medium wp-image-1814\" src=\"https:\/\/rmvapesale.com\/wp-content\/uploads\/2024\/04\/whatsapp-amy-229x300.jpg\" alt=\"whatsapp amy\" width=\"229\" height=\"300\" srcset=\"https:\/\/rmvapesale.com\/wp-content\/uploads\/2024\/04\/whatsapp-amy-229x300.jpg 229w, https:\/\/rmvapesale.com\/wp-content\/uploads\/2024\/04\/whatsapp-amy-783x1024.jpg 783w, https:\/\/rmvapesale.com\/wp-content\/uploads\/2024\/04\/whatsapp-amy-768x1005.jpg 768w, https:\/\/rmvapesale.com\/wp-content\/uploads\/2024\/04\/whatsapp-amy-600x785.jpg 600w, https:\/\/rmvapesale.com\/wp-content\/uploads\/2024\/04\/whatsapp-amy.jpg 990w\" sizes=\"auto, (max-width: 229px) 100vw, 229px\" \/><\/p>\n<h2>Randm Vape Al Fakher 10000 puff FAQS<\/h2>\n<p><strong>1. \u00bfQu\u00e9 se incluye en el paquete Randm Vape Al Fakher 10000 PUFFS VAPE &amp; Fumot SHISHA 10K?<\/strong><\/p>\n<ul>\n<li>Cada paquete incluye un dispositivo Vape DTL (Directo al Pulm\u00f3n) recargable, pre-cargado con 18 ml de e-l\u00edquido y con un indicador LED. Adem\u00e1s, el paquete contiene un cable de carga Tipo-C para una carga conveniente.<\/li>\n<\/ul>\n<p><strong>2. \u00bfCu\u00e1ntas inhalaciones puedo esperar del Fumot Vape Shisha 10000 Puff?<\/strong><\/p>\n<ul>\n<li>El Shisha 10000 cuenta con unas impresionantes 10,000 inhalaciones (en un entorno de prueba), proporcionando un uso prolongado y una satisfacci\u00f3n duradera.<\/li>\n<\/ul>\n<p><strong>3. \u00bfQu\u00e9 concentraci\u00f3n de nicotina ofrece el Randm Shisha 10000 puffs?<\/strong><\/p>\n<ul>\n<li>El Shisha 10000 viene pre-cargado con e-l\u00edquido en una concentraci\u00f3n de nicotina de 0.5%, ofreciendo una experiencia de vapeo equilibrada.<\/li>\n<\/ul>\n<p><strong>4. \u00bfPuedo elegir mi sabor preferido con el Shisha 10k vape Fumot?<\/strong><\/p>\n<ul>\n<li>\u00a1S\u00ed, absolutamente! El Shisha 10000 ofrece una selecci\u00f3n de 34 sabores para satisfacer diversas preferencias, asegurando que haya algo para todos.<\/li>\n<\/ul>\n<p><strong>3. \u00bfC\u00f3mo mejora la tecnolog\u00eda de bobina de malla la experiencia de vapeo?<\/strong><\/p>\n<ul>\n<li>La tecnolog\u00eda Mesh Coil integrada en el Randm Vape Fumot Shisha 10000 cuenta con una bobina de 0.6ohm de baja resistencia, maximizando la superficie de calentamiento para caladas m\u00e1s suaves y una producci\u00f3n de vapor m\u00e1s rica. Esta tecnolog\u00eda asegura un calentamiento consistente y uniforme del e-l\u00edquido, entregando una experiencia de sabor impecable.<\/li>\n<\/ul>\n<p><strong>6. \u00bfEs el Fumot AI FAKHER <\/strong><strong>Shisha 10000 PUFFS f\u00e1cil de cargar?<\/strong><\/p>\n<ul>\n<li>S\u00ed, el RANDM Shisha 10000 PUFFS cuenta con un puerto Tipo-C en su base para una carga r\u00e1pida y conveniente. Simplemente conecte el cable de carga Tipo-C proporcionado a una fuente de alimentaci\u00f3n para una r\u00e1pida recarga de la bater\u00eda.<\/li>\n<\/ul>\n<p><strong>7. \u00bfPuedo controlar el flujo de aire con el FUMOT VAPE Shisha 10K PUFFS AL POR MAYOR?<\/strong><\/p>\n<ul>\n<li>S\u00ed, la Shisha 10000 est\u00e1 equipada con control de flujo de aire, permitiendo a los usuarios ajustar el flujo seg\u00fan su preferencia para una experiencia de vapeo personalizada.<\/li>\n<\/ul>\n<p><strong>8. \u00bfEs adecuado el FUMOT RANDM VAPE Shisha 10000 AL POR MAYOR tanto para principiantes como para vapeadores experimentados?<\/strong><\/p>\n<ul>\n<li>\u00a1Por supuesto! La Shisha 10000 est\u00e1 dise\u00f1ada para atender las necesidades tanto de principiantes como de vapeadores experimentados, ofreciendo facilidad de uso, funciones avanzadas y un rendimiento excepcional para todos.<\/li>\n<\/ul>\n<p><strong>9. \u00bfQu\u00e9 debo hacer si tengo m\u00e1s preguntas o necesito ayuda?<\/strong><\/p>\n<ul>\n<li>Si tiene alguna pregunta adicional o necesita asistencia con el Randm Vape Al Fakher 10000 PUFFS VAPE y Fumot SHISHA 10K, no dude en ponerse en contacto con nuestro equipo de atenci\u00f3n al cliente. Estamos aqu\u00ed para ayudarle y garantizar que su experiencia de vapeo sea excepcional.<\/li>\n<\/ul>\n<p>Encuentra m\u00e1s productos de Vape que te puedan gustar:<em><a href=\"https:\/\/rmvapesale.com\/es\/shop-2\/\">comprar ahora\u00a0<\/a><\/em><\/p>\n<p>otros vapes de gran venta que te pueden gustar:<\/p>","protected":false},"excerpt":{"rendered":"<p class=\"LC20lb MBeuO DKV0Md\">Fumot Shisha 10000 Vape Desechable DTL<br \/>\nRANDM SHISHA 10000 PUFF Vape AI FAKHER<br \/>\nFumot Crown Bar 10k Vape Recargable al por Mayor<br \/>\n<strong>Contacta con Amy para M\u00e1s Descuentos y Venta al por Mayor de Vaper con MOQ m\u00e1s bajo<\/strong><\/p>\n<p><img loading=\"lazy\" decoding=\"async\" class=\"size-medium wp-image-1814\" src=\"https:\/\/rmvapesale.com\/wp-content\/uploads\/2024\/04\/whatsapp-amy-229x300.jpg\" alt=\"whatsapp amy\" width=\"229\" height=\"300\" srcset=\"https:\/\/rmvapesale.com\/wp-content\/uploads\/2024\/04\/whatsapp-amy-229x300.jpg 229w, https:\/\/rmvapesale.com\/wp-content\/uploads\/2024\/04\/whatsapp-amy-783x1024.jpg 783w, https:\/\/rmvapesale.com\/wp-content\/uploads\/2024\/04\/whatsapp-amy-768x1005.jpg 768w, https:\/\/rmvapesale.com\/wp-content\/uploads\/2024\/04\/whatsapp-amy-600x785.jpg 600w, https:\/\/rmvapesale.com\/wp-content\/uploads\/2024\/04\/whatsapp-amy.jpg 990w\" sizes=\"auto, (max-width: 229px) 100vw, 229px\" \/><\/p>\n<h3><span style=\"color: #ff0000\"><strong>WhatsApp: +86 17776015835<\/strong><\/span><\/h3>","protected":false},"featured_media":1852,"comment_status":"open","ping_status":"closed","template":"","meta":{"_uag_custom_page_level_css":"","_lmt_disableupdate":"no","_lmt_disable":"","site-sidebar-layout":"default","site-content-layout":"content-boxed-container","ast-site-content-layout":"normal-width-container","site-content-style":"boxed","site-sidebar-style":"unboxed","ast-global-header-display":"","ast-banner-title-visibility":"","ast-main-header-display":"","ast-hfb-above-header-display":"","ast-hfb-below-header-display":"","ast-hfb-mobile-header-display":"","site-post-title":"","ast-breadcrumbs-content":"","ast-featured-img":"","footer-sml-layout":"","ast-disable-related-posts":"","theme-transparent-header-meta":"default","adv-header-id-meta":"","stick-header-meta":"","header-above-stick-meta":"","header-main-stick-meta":"","header-below-stick-meta":"","astra-migrate-meta-layouts":"set","ast-page-background-enabled":"default","ast-page-background-meta":{"desktop":{"background-color":"var(--ast-global-color-4)","background-image":"","background-repeat":"repeat","background-position":"center center","background-size":"auto","background-attachment":"scroll","background-type":"","background-media":"","overlay-type":"","overlay-color":"","overlay-opacity":"","overlay-gradient":""},"tablet":{"background-color":"","background-image":"","background-repeat":"repeat","background-position":"center center","background-size":"auto","background-attachment":"scroll","background-type":"","background-media":"","overlay-type":"","overlay-color":"","overlay-opacity":"","overlay-gradient":""},"mobile":{"background-color":"","background-image":"","background-repeat":"repeat","background-position":"center center","background-size":"auto","background-attachment":"scroll","background-type":"","background-media":"","overlay-type":"","overlay-color":"","overlay-opacity":"","overlay-gradient":""}},"ast-content-background-meta":{"desktop":{"background-color":"var(--ast-global-color-5)","background-image":"","background-repeat":"repeat","background-position":"center center","background-size":"auto","background-attachment":"scroll","background-type":"","background-media":"","overlay-type":"","overlay-color":"","overlay-opacity":"","overlay-gradient":""},"tablet":{"background-color":"var(--ast-global-color-5)","background-image":"","background-repeat":"repeat","background-position":"center center","background-size":"auto","background-attachment":"scroll","background-type":"","background-media":"","overlay-type":"","overlay-color":"","overlay-opacity":"","overlay-gradient":""},"mobile":{"background-color":"var(--ast-global-color-5)","background-image":"","background-repeat":"repeat","background-position":"center center","background-size":"auto","background-attachment":"scroll","background-type":"","background-media":"","overlay-type":"","overlay-color":"","overlay-opacity":"","overlay-gradient":""}},"_joinchat":[]},"product_brand":[],"product_cat":[25,271,289,27,51,123,293,30,26,15,28,31,295,137,299,136,135],"product_tag":[39,40,41,38,37],"class_list":{"0":"post-370","1":"product","2":"type-product","3":"status-publish","4":"has-post-thumbnail","6":"product_cat-germany-best-selling-vape","7":"product_cat-10000-puff-disposable-vape","8":"product_cat-big-puffs-disposable-vapes","9":"product_cat-fance-hot-sale-vape","10":"product_cat-fumot-vape","11":"product_cat-italy-wholesale-vape","12":"product_cat-low-nicotine-disposable-vapes","13":"product_cat-minimum-order-quantity-50pcs","14":"product_cat-netherlands-hot-sale-vape","15":"product_cat-new-vape-this-week","16":"product_cat-poland-hot-sale-vape","17":"product_cat-randm-fumot-vape","18":"product_cat-rechargeable-disposable-vapes","19":"product_cat-rechargeable-vapes","20":"product_cat-smart-screen-disposable-vapes","21":"product_cat-smart-screen-vapes","22":"product_cat-spain-best-hot-sale-vape","23":"product_tag-fumot-vape","24":"product_tag-hot-sale-vape","25":"product_tag-original-factory-vape","26":"product_tag-randm-vape","27":"product_tag-wholesale-vape-price","28":"desktop-align-left","29":"tablet-align-left","30":"mobile-align-left","32":"first","33":"instock","34":"sale","35":"shipping-taxable","36":"purchasable","37":"product-type-simple"},"uagb_featured_image_src":{"full":["https:\/\/rmvapesale.com\/wp-content\/uploads\/2024\/04\/FUMOT-VAPE-SHISHA-AL-FAKHER-10K-PUFFS-VAPE.jpg",375,666,false],"thumbnail":["https:\/\/rmvapesale.com\/wp-content\/uploads\/2024\/04\/FUMOT-VAPE-SHISHA-AL-FAKHER-10K-PUFFS-VAPE-150x150.jpg",150,150,true],"medium":["https:\/\/rmvapesale.com\/wp-content\/uploads\/2024\/04\/FUMOT-VAPE-SHISHA-AL-FAKHER-10K-PUFFS-VAPE-169x300.jpg",169,300,true],"medium_large":["https:\/\/rmvapesale.com\/wp-content\/uploads\/2024\/04\/FUMOT-VAPE-SHISHA-AL-FAKHER-10K-PUFFS-VAPE.jpg",375,666,false],"large":["https:\/\/rmvapesale.com\/wp-content\/uploads\/2024\/04\/FUMOT-VAPE-SHISHA-AL-FAKHER-10K-PUFFS-VAPE.jpg",375,666,false],"1536x1536":["https:\/\/rmvapesale.com\/wp-content\/uploads\/2024\/04\/FUMOT-VAPE-SHISHA-AL-FAKHER-10K-PUFFS-VAPE.jpg",375,666,false],"2048x2048":["https:\/\/rmvapesale.com\/wp-content\/uploads\/2024\/04\/FUMOT-VAPE-SHISHA-AL-FAKHER-10K-PUFFS-VAPE.jpg",375,666,false],"trp-custom-language-flag":["https:\/\/rmvapesale.com\/wp-content\/uploads\/2024\/04\/FUMOT-VAPE-SHISHA-AL-FAKHER-10K-PUFFS-VAPE.jpg",7,12,false],"woocommerce_thumbnail":["https:\/\/rmvapesale.com\/wp-content\/uploads\/2024\/04\/FUMOT-VAPE-SHISHA-AL-FAKHER-10K-PUFFS-VAPE-300x300.jpg",300,300,true],"woocommerce_single":["https:\/\/rmvapesale.com\/wp-content\/uploads\/2024\/04\/FUMOT-VAPE-SHISHA-AL-FAKHER-10K-PUFFS-VAPE.jpg",375,666,false],"woocommerce_gallery_thumbnail":["https:\/\/rmvapesale.com\/wp-content\/uploads\/2024\/04\/FUMOT-VAPE-SHISHA-AL-FAKHER-10K-PUFFS-VAPE-100x100.jpg",100,100,true],"wcpr-photo-reviews":["https:\/\/rmvapesale.com\/wp-content\/uploads\/2024\/04\/FUMOT-VAPE-SHISHA-AL-FAKHER-10K-PUFFS-VAPE.jpg",282,500,false]},"uagb_author_info":{"display_name":"yannazhan","author_link":"https:\/\/rmvapesale.com\/es\/author\/"},"uagb_comment_info":0,"uagb_excerpt":"Fumot Shisha 10000 DTL Disposable Vape RANDM SHISHA 10000 PUFF Vape AI FAKHER Fumot Crown Bar 10k Wholesale Vape Rechargeable Contact Amy For More Discount And Lower MOQ Vape WhatsApp: +86 17776015835","_links":{"self":[{"href":"https:\/\/rmvapesale.com\/es\/wp-json\/wp\/v2\/product\/370","targetHints":{"allow":["GET"]}}],"collection":[{"href":"https:\/\/rmvapesale.com\/es\/wp-json\/wp\/v2\/product"}],"about":[{"href":"https:\/\/rmvapesale.com\/es\/wp-json\/wp\/v2\/types\/product"}],"replies":[{"embeddable":true,"href":"https:\/\/rmvapesale.com\/es\/wp-json\/wp\/v2\/comments?post=370"}],"wp:featuredmedia":[{"embeddable":true,"href":"https:\/\/rmvapesale.com\/es\/wp-json\/wp\/v2\/media\/1852"}],"wp:attachment":[{"href":"https:\/\/rmvapesale.com\/es\/wp-json\/wp\/v2\/media?parent=370"}],"wp:term":[{"taxonomy":"product_brand","embeddable":true,"href":"https:\/\/rmvapesale.com\/es\/wp-json\/wp\/v2\/product_brand?post=370"},{"taxonomy":"product_cat","embeddable":true,"href":"https:\/\/rmvapesale.com\/es\/wp-json\/wp\/v2\/product_cat?post=370"},{"taxonomy":"product_tag","embeddable":true,"href":"https:\/\/rmvapesale.com\/es\/wp-json\/wp\/v2\/product_tag?post=370"}],"curies":[{"name":"wp","href":"https:\/\/api.w.org\/{rel}","templated":true}]}}