{"id":1869,"date":"2024-04-29T08:45:44","date_gmt":"2024-04-29T08:45:44","guid":{"rendered":"https:\/\/rmvapesale.com\/?post_type=product&#038;p=1869"},"modified":"2025-01-20T03:11:06","modified_gmt":"2025-01-20T03:11:06","slug":"jnr-shisha-vape-15000-puffs-wholesale-price-with-screen-vape","status":"publish","type":"product","link":"https:\/\/rmvapesale.com\/fr\/product\/jnr-shisha-vape-15000-puffs-wholesale-price-with-screen-vape\/","title":{"rendered":"VOPK CHICHA VAPE 15000 BOUFF\u00c9ES PRIX DE GROS JNR AVEC \u00c9CRAN VAPE"},"content":{"rendered":"<h1>VOPK CHICHA VAPE 15000 BOUFF\u00c9ES PRIX DE GROS JNR AVEC \u00c9CRAN VAPE<\/h1>\n<p>Le VOPK SHISHA VAPE 15000 PUFFS JNR est un stylo \u00e0 vape jetable haut de gamme con\u00e7u sp\u00e9cifiquement pour les amateurs de Direct-to-Lung (DTL). Avec une capacit\u00e9 impressionnante de 15 000 bouff\u00e9es, cet appareil garantit une exp\u00e9rience de vapotage prolong\u00e9e et satisfaisante. La structure interne comprend une bobine en mesh de 0,6 ohm qui offre une production de vapeur sup\u00e9rieure et des saveurs riches, le rendant id\u00e9al pour ceux qui appr\u00e9cient les inhalations profondes. L'appareil est \u00e9quip\u00e9 de 20 ml d'e-liquide, permettant des sessions de vapotage prolong\u00e9es.<\/p>\n<p>Les utilisateurs peuvent choisir parmi diff\u00e9rentes concentrations de nicotine, incluant 0 %, 2 %, 3 % ou 5 %, pour s'adapter \u00e0 diverses pr\u00e9f\u00e9rences. La vape rechargeable VOPK Shisha Hookah est aliment\u00e9e par une batterie fiable de 600 mAh, assurant une performance constante tout au long de sa dur\u00e9e de vie, et dispose d'un port de charge Type-C pour une recharge rapide.<\/p>\n<p>VOPK Shisha bar 15000 Disponible en dix saveurs d\u00e9licieuses telles que Double Apple et Watermelon Ice, ce stylo \u00e0 vape combine style, fonctionnalit\u00e9 et polyvalence, ce qui en fait un choix de premier ordre pour les vapoteurs recherchant une exp\u00e9rience de haute qualit\u00e9.<\/p>\n<p><strong>Ajoutez la responsable des ventes AMY pour obtenir un bon de r\u00e9duction pour la vape !<\/strong><\/p>\n<p><img loading=\"lazy\" decoding=\"async\" class=\"size-medium wp-image-1814\" src=\"https:\/\/rmvapesale.com\/wp-content\/uploads\/2024\/04\/whatsapp-amy-229x300.jpg\" alt=\"whatsapp amy\" width=\"229\" height=\"300\" srcset=\"https:\/\/rmvapesale.com\/wp-content\/uploads\/2024\/04\/whatsapp-amy-229x300.jpg 229w, https:\/\/rmvapesale.com\/wp-content\/uploads\/2024\/04\/whatsapp-amy-783x1024.jpg 783w, https:\/\/rmvapesale.com\/wp-content\/uploads\/2024\/04\/whatsapp-amy-768x1005.jpg 768w, https:\/\/rmvapesale.com\/wp-content\/uploads\/2024\/04\/whatsapp-amy-600x785.jpg 600w, https:\/\/rmvapesale.com\/wp-content\/uploads\/2024\/04\/whatsapp-amy.jpg 990w\" sizes=\"auto, (max-width: 229px) 100vw, 229px\" \/><\/p>\n<p><span style=\"color: #ff0000\"><strong>WhatsApp <a style=\"color: #ff0000\" href=\"https:\/\/wa.me\/8617776015835\" target=\"_blank\" rel=\"noopener\">+86-17776015835<\/a><\/strong><\/span><\/p>\n<h2>Liste de saveurs VOPK Shisha Hookah 15000 15K Puffs :<\/h2>\n<p>1. Double Pomme<br \/>\n2. Double Melon Menthe<br \/>\n3. Raisin Menthe<br \/>\n4. P\u00eache Juteuse<br \/>\n5. Lady Killa<br \/>\n6. Baies Mixtes Glac\u00e9es<br \/>\n7. Ananas Coco<br \/>\n8. Granit\u00e9 de Baies Rouges<br \/>\n9. Past\u00e8que Glac\u00e9e<br \/>\n10. Mamba Blanc<\/p>\n<h2>VOPK JNR SHISHA VAPE 15000 PUFFS : Prix de gros avec \u00e9cran \u2013 FAQ du produit<\/h2>\n<p>1. Quelle est la particularit\u00e9 du VOPK JNR SHISHA VAPE 15000 Puffs?<\/p>\n<p>Le VOPK JNR SHISHA VAPE 15K PUFFS<span style=\"font-size: 16px\">\u00a0se distingue par sa grande capacit\u00e9, offrant jusqu'\u00e0 15000 bouff\u00e9es par appareil, garantissant un plaisir prolong\u00e9.<\/span><\/p>\n<p>2. Quel type de conception pr\u00e9sente l'appareil VOPK JNR SHISHA VAPE 15K PUFFS?<\/p>\n<p>L'appareil VOPK VAPE SHISHA 15000 PUFFs arbore un design bicolore compl\u00e9t\u00e9 par une impression UV, offrant une apparence visuellement saisissante et une fabrication m\u00e9ticuleuse.<br \/>\n3. Quel type de r\u00e9sistance et de bobine l'appareil VOPK VAPE SHISHA 15000 Puffs utilise-t-il?<\/p>\n<p>VOPK VAPE SHISHA 15K PUFFS utilise la technologie de bobine mesh avec une r\u00e9sistance de 0,6 ohm\/m, assurant des performances stables et une exp\u00e9rience de vapotage fluide.<br \/>\n4. Quelle quantit\u00e9 d'e-liquide peut contenir l'atomiseur VOPK JNR SHISHA 15000 PUFFs?<\/p>\n<p>L'atomiseur VOPK JNR SHISHA 15000 Puffs a une capacit\u00e9 de 20 ml, ce qui permet de longues sessions de vapotage sans recharges fr\u00e9quentes.<br \/>\n5. De quel mat\u00e9riau est faite la bobine du VOPK JNR SHISHA 15K PUFFS?<\/p>\n<p>La bobine VOPK JNR SHISHA 15K PUFFS est fabriqu\u00e9e \u00e0 partir d'un mat\u00e9riau de bobine mesh de haute qualit\u00e9, assurant une excellente vaporisation et une restitution pure des saveurs.<br \/>\n6. Quelle est la capacit\u00e9 de la batterie de l'appareil VOPK JNR VAPE 15000 PUFFs?<\/p>\n<p>VOPK JNR VAPE 15000 Puffs est dot\u00e9 d'une puissante batterie de 600 mAh, offrant une puissance fiable et durable pour des sessions de vapotage ininterrompues.<br \/>\n7. Quel type de batterie VOPK JNR VAPE 15K PUFFs utilise-t-il?<\/p>\n<p>L'appareil VOPK JNR VAPE 15K PUFFS utilise le mod\u00e8le de batterie 18250, reconnu pour sa durabilit\u00e9 et sa long\u00e9vit\u00e9.<br \/>\n8. Combien de temps dois-je charger mon VOPK JNR SHISHA VAPE 15000 PUFFS?<\/p>\n<p>Le VOPK VAPE SHISHA 15000 PUFFS est \u00e9quip\u00e9 d'un port de charge pratique de Type-C, permettant une charge rapide et efficace, garantissant un temps d'arr\u00eat minimal.<br \/>\n9. \u00c0 quel style de vapotage VOPK JNR SHISHA VAPE 15000 PUFFS s'adresse-t-il?<\/p>\n<p>Le VOPK SHISHA VAPE 15000 PUFFS est adapt\u00e9 au vapotage Direct-To-Lung (DTL), offrant une exp\u00e9rience de vapotage riche et satisfaisante.<br \/>\n10. Comment la VOPK JNR VAPE 15000 PUFFS assure-t-elle la commodit\u00e9 de l'utilisateur ?<\/p>\n<p>Avec sa grande capacit\u00e9 de bouff\u00e9es, son design attrayant et sa technologie de bobine avanc\u00e9e, la VOPK SHISHA VAPE 15000 PUFFS donne la priorit\u00e9 \u00e0 la satisfaction et \u00e0 la commodit\u00e9 de l'utilisateur, ce qui en fait un choix id\u00e9al pour les vapoteurs novices et exp\u00e9riment\u00e9s.<\/p>\n<p>&nbsp;<\/p>\n<p>Trouvez plus de produits de vape que vous pourriez aimer :<em><a href=\"https:\/\/rmvapesale.com\/fr\/shop-2\/\">acheter maintenant\u00a0<\/a><\/em><\/p>\n<p>autres cigarettes \u00e9lectroniques populaires que vous pourriez aimer :<\/p>","protected":false},"excerpt":{"rendered":"<p class=\"LC20lb MBeuO DKV0Md\">VAPE JNR 15K PUFFS VOPK Prix de Gros<br \/>\nJNR SHISHA 15K PUFFS VOPK Prix d'Usine<br \/>\nVAPE SHISHA 15K PUFFS VOPK Prix R\u00e9duit<br \/>\n<strong>Contactez Amy pour plus de r\u00e9duction et un MOQ de vape plus bas<\/strong><\/p>\n<p><img loading=\"lazy\" decoding=\"async\" class=\"size-medium wp-image-1814\" src=\"https:\/\/rmvapesale.com\/wp-content\/uploads\/2024\/04\/whatsapp-amy-229x300.jpg\" alt=\"whatsapp amy\" width=\"229\" height=\"300\" srcset=\"https:\/\/rmvapesale.com\/wp-content\/uploads\/2024\/04\/whatsapp-amy-229x300.jpg 229w, https:\/\/rmvapesale.com\/wp-content\/uploads\/2024\/04\/whatsapp-amy-783x1024.jpg 783w, https:\/\/rmvapesale.com\/wp-content\/uploads\/2024\/04\/whatsapp-amy-768x1005.jpg 768w, https:\/\/rmvapesale.com\/wp-content\/uploads\/2024\/04\/whatsapp-amy-600x785.jpg 600w, https:\/\/rmvapesale.com\/wp-content\/uploads\/2024\/04\/whatsapp-amy.jpg 990w\" sizes=\"auto, (max-width: 229px) 100vw, 229px\" \/><\/p>\n<h3><span style=\"color: #ff0000\"><strong>WhatsApp: +86 17776015835<\/strong><\/span><\/h3>","protected":false},"featured_media":1864,"comment_status":"open","ping_status":"closed","template":"","meta":{"_uag_custom_page_level_css":"","_lmt_disableupdate":"no","_lmt_disable":"","site-sidebar-layout":"default","site-content-layout":"content-boxed-container","ast-site-content-layout":"normal-width-container","site-content-style":"boxed","site-sidebar-style":"unboxed","ast-global-header-display":"","ast-banner-title-visibility":"","ast-main-header-display":"","ast-hfb-above-header-display":"","ast-hfb-below-header-display":"","ast-hfb-mobile-header-display":"","site-post-title":"","ast-breadcrumbs-content":"","ast-featured-img":"","footer-sml-layout":"","ast-disable-related-posts":"","theme-transparent-header-meta":"default","adv-header-id-meta":"","stick-header-meta":"","header-above-stick-meta":"","header-main-stick-meta":"","header-below-stick-meta":"","astra-migrate-meta-layouts":"set","ast-page-background-enabled":"default","ast-page-background-meta":{"desktop":{"background-color":"var(--ast-global-color-4)","background-image":"","background-repeat":"repeat","background-position":"center center","background-size":"auto","background-attachment":"scroll","background-type":"","background-media":"","overlay-type":"","overlay-color":"","overlay-opacity":"","overlay-gradient":""},"tablet":{"background-color":"","background-image":"","background-repeat":"repeat","background-position":"center center","background-size":"auto","background-attachment":"scroll","background-type":"","background-media":"","overlay-type":"","overlay-color":"","overlay-opacity":"","overlay-gradient":""},"mobile":{"background-color":"","background-image":"","background-repeat":"repeat","background-position":"center center","background-size":"auto","background-attachment":"scroll","background-type":"","background-media":"","overlay-type":"","overlay-color":"","overlay-opacity":"","overlay-gradient":""}},"ast-content-background-meta":{"desktop":{"background-color":"var(--ast-global-color-5)","background-image":"","background-repeat":"repeat","background-position":"center center","background-size":"auto","background-attachment":"scroll","background-type":"","background-media":"","overlay-type":"","overlay-color":"","overlay-opacity":"","overlay-gradient":""},"tablet":{"background-color":"var(--ast-global-color-5)","background-image":"","background-repeat":"repeat","background-position":"center center","background-size":"auto","background-attachment":"scroll","background-type":"","background-media":"","overlay-type":"","overlay-color":"","overlay-opacity":"","overlay-gradient":""},"mobile":{"background-color":"var(--ast-global-color-5)","background-image":"","background-repeat":"repeat","background-position":"center center","background-size":"auto","background-attachment":"scroll","background-type":"","background-media":"","overlay-type":"","overlay-color":"","overlay-opacity":"","overlay-gradient":""}},"_joinchat":[]},"product_brand":[],"product_cat":[25,61,289,27,293,30,26,15,28,31,295,137,296,136,280],"product_tag":[44,40,41,43,42,37],"class_list":{"0":"post-1869","1":"product","2":"type-product","3":"status-publish","4":"has-post-thumbnail","6":"product_cat-germany-best-selling-vape","7":"product_cat-15000-puffs-disposable-vapes","8":"product_cat-big-puffs-disposable-vapes","9":"product_cat-fance-hot-sale-vape","10":"product_cat-low-nicotine-disposable-vapes","11":"product_cat-minimum-order-quantity-50pcs","12":"product_cat-netherlands-hot-sale-vape","13":"product_cat-new-vape-this-week","14":"product_cat-poland-hot-sale-vape","15":"product_cat-randm-fumot-vape","16":"product_cat-rechargeable-disposable-vapes","17":"product_cat-rechargeable-vapes","18":"product_cat-shisha-hookah-disposable-vapes","19":"product_cat-smart-screen-vapes","20":"product_cat-vopk-vape","21":"product_tag-15k-puffs-15000-vape-wholesale","22":"product_tag-hot-sale-vape","23":"product_tag-original-factory-vape","24":"product_tag-shisha-vape","25":"product_tag-vopk-vape","26":"product_tag-wholesale-vape-price","27":"desktop-align-left","28":"tablet-align-left","29":"mobile-align-left","31":"first","32":"instock","33":"sale","34":"shipping-taxable","35":"purchasable","36":"product-type-simple"},"uagb_featured_image_src":{"full":["https:\/\/rmvapesale.com\/wp-content\/uploads\/2024\/04\/VOPK-SHISHA-VAPE-15K-PUFFS-PRICE.jpg",500,500,false],"thumbnail":["https:\/\/rmvapesale.com\/wp-content\/uploads\/2024\/04\/VOPK-SHISHA-VAPE-15K-PUFFS-PRICE-150x150.jpg",150,150,true],"medium":["https:\/\/rmvapesale.com\/wp-content\/uploads\/2024\/04\/VOPK-SHISHA-VAPE-15K-PUFFS-PRICE-300x300.jpg",300,300,true],"medium_large":["https:\/\/rmvapesale.com\/wp-content\/uploads\/2024\/04\/VOPK-SHISHA-VAPE-15K-PUFFS-PRICE.jpg",500,500,false],"large":["https:\/\/rmvapesale.com\/wp-content\/uploads\/2024\/04\/VOPK-SHISHA-VAPE-15K-PUFFS-PRICE.jpg",500,500,false],"1536x1536":["https:\/\/rmvapesale.com\/wp-content\/uploads\/2024\/04\/VOPK-SHISHA-VAPE-15K-PUFFS-PRICE.jpg",500,500,false],"2048x2048":["https:\/\/rmvapesale.com\/wp-content\/uploads\/2024\/04\/VOPK-SHISHA-VAPE-15K-PUFFS-PRICE.jpg",500,500,false],"trp-custom-language-flag":["https:\/\/rmvapesale.com\/wp-content\/uploads\/2024\/04\/VOPK-SHISHA-VAPE-15K-PUFFS-PRICE.jpg",12,12,false],"woocommerce_thumbnail":["https:\/\/rmvapesale.com\/wp-content\/uploads\/2024\/04\/VOPK-SHISHA-VAPE-15K-PUFFS-PRICE-300x300.jpg",300,300,true],"woocommerce_single":["https:\/\/rmvapesale.com\/wp-content\/uploads\/2024\/04\/VOPK-SHISHA-VAPE-15K-PUFFS-PRICE.jpg",500,500,false],"woocommerce_gallery_thumbnail":["https:\/\/rmvapesale.com\/wp-content\/uploads\/2024\/04\/VOPK-SHISHA-VAPE-15K-PUFFS-PRICE-100x100.jpg",100,100,true],"wcpr-photo-reviews":["https:\/\/rmvapesale.com\/wp-content\/uploads\/2024\/04\/VOPK-SHISHA-VAPE-15K-PUFFS-PRICE.jpg",500,500,false]},"uagb_author_info":{"display_name":"yannazhan","author_link":"https:\/\/rmvapesale.com\/fr\/author\/"},"uagb_comment_info":0,"uagb_excerpt":"15K PUFFS JNR VAPE VOPK Wholesale Price 15K PUFFS JNR SHISHA VOPK Factory Price 15K PUFFS VAPE SHISHA VOPK Discount Price Contact Amy For More Discount And Lower MOQ Vape WhatsApp: +86 17776015835","_links":{"self":[{"href":"https:\/\/rmvapesale.com\/fr\/wp-json\/wp\/v2\/product\/1869","targetHints":{"allow":["GET"]}}],"collection":[{"href":"https:\/\/rmvapesale.com\/fr\/wp-json\/wp\/v2\/product"}],"about":[{"href":"https:\/\/rmvapesale.com\/fr\/wp-json\/wp\/v2\/types\/product"}],"replies":[{"embeddable":true,"href":"https:\/\/rmvapesale.com\/fr\/wp-json\/wp\/v2\/comments?post=1869"}],"wp:featuredmedia":[{"embeddable":true,"href":"https:\/\/rmvapesale.com\/fr\/wp-json\/wp\/v2\/media\/1864"}],"wp:attachment":[{"href":"https:\/\/rmvapesale.com\/fr\/wp-json\/wp\/v2\/media?parent=1869"}],"wp:term":[{"taxonomy":"product_brand","embeddable":true,"href":"https:\/\/rmvapesale.com\/fr\/wp-json\/wp\/v2\/product_brand?post=1869"},{"taxonomy":"product_cat","embeddable":true,"href":"https:\/\/rmvapesale.com\/fr\/wp-json\/wp\/v2\/product_cat?post=1869"},{"taxonomy":"product_tag","embeddable":true,"href":"https:\/\/rmvapesale.com\/fr\/wp-json\/wp\/v2\/product_tag?post=1869"}],"curies":[{"name":"wp","href":"https:\/\/api.w.org\/{rel}","templated":true}]}}