{"id":1874,"date":"2024-05-09T07:00:52","date_gmt":"2024-05-09T07:00:52","guid":{"rendered":"https:\/\/rmvapesale.com\/?post_type=product&#038;p=1874"},"modified":"2024-10-21T08:04:35","modified_gmt":"2024-10-21T08:04:35","slug":"randm-tornado-15000-puffs-15k-vape-recharge-fumot-original-vape-factory-price","status":"publish","type":"product","link":"https:\/\/rmvapesale.com\/fr\/product\/randm-tornado-15000-puffs-15k-vape-recharge-fumot-original-vape-factory-price\/","title":{"rendered":"RANDM TORNADO 15000 PUFFS 15K VAPE RECHARGE FUMOT ORIGINAL PRIX USINE DE VAPE"},"content":{"rendered":"<h1>RANDM TORNADO 15000 PUFFS 15K VAPE RECHARGE FUMOT ORIGINAL PRIX USINE DE VAPE<\/h1>\n<p>La vape rechargeable RANDM TORNADO VAPE 15000 PUFFS est d\u00e9sormais populaire dans la plupart des pays europ\u00e9ens, comme l'Allemagne, les Pays-Bas, la France, l'Italie, l'Espagne, la Suisse, la Su\u00e8de, la Pologne, etc. Comment acheter des vapes Randm Tornado 15k ? Qu'est-ce que la vape Fumot tornado 15k ? Dites bonjour \u00e0 la RANDM Tornado 15K Vape, une cr\u00e9ation de premier ordre de Fumot. Ce petit bijou a du punch avec sa capacit\u00e9 de 15 000 bouff\u00e9es, pla\u00e7ant la barre tr\u00e8s haut dans le monde de la vape. Con\u00e7ue par les magiciens de Shenzhen Fumot Technology, cette vape est non seulement cool, mais elle tient aussi ses promesses.<\/p>\n<p>Avec des options de teneur en nicotine allant de 0 % \u00e0 5 % et pr\u00e9-remplie de 25 ml de e-liquide, elle a des saveurs pour tous les jours. Aliment\u00e9e par une batterie rechargeable de 850 mAh et dot\u00e9e d'une bobine de maille de 0,9 \u03a9, elle garantit des bouff\u00e9es douces \u00e0 chaque fois. Gardez un \u0153il sur les niveaux de votre jus et de votre batterie gr\u00e2ce \u00e0 l'indicateur LED, c'est un jeu d'enfant. Pr\u00e9parez-vous \u00e0 vivre l'exp\u00e9rience de vapotage ultime avec la RANDM Tornado 15K Vape.<\/p>\n<p>&nbsp;<\/p>\n<p><strong>Ajouter le WhatsApp de la responsable commerciale Amy <a href=\"https:\/\/wa.me\/8617776015835\" target=\"_blank\" rel=\"noopener\">+86-17776015835<\/a> Obtenez plus de r\u00e9ductions!<\/strong><\/p>\n<p><img loading=\"lazy\" decoding=\"async\" class=\"size-medium wp-image-1814\" src=\"https:\/\/rmvapesale.com\/wp-content\/uploads\/2024\/04\/whatsapp-amy-229x300.jpg\" alt=\"whatsapp amy\" width=\"229\" height=\"300\" srcset=\"https:\/\/rmvapesale.com\/wp-content\/uploads\/2024\/04\/whatsapp-amy-229x300.jpg 229w, https:\/\/rmvapesale.com\/wp-content\/uploads\/2024\/04\/whatsapp-amy-783x1024.jpg 783w, https:\/\/rmvapesale.com\/wp-content\/uploads\/2024\/04\/whatsapp-amy-768x1005.jpg 768w, https:\/\/rmvapesale.com\/wp-content\/uploads\/2024\/04\/whatsapp-amy-600x785.jpg 600w, https:\/\/rmvapesale.com\/wp-content\/uploads\/2024\/04\/whatsapp-amy.jpg 990w\" sizes=\"auto, (max-width: 229px) 100vw, 229px\" \/><\/p>\n<h2>Sp\u00e9cifications de la vape jetable FUMOT TORNADO 15000 :<\/h2>\n<p>Options de teneur en nicotine : 0%, 2%, 3% et 5%<br \/>\nJusqu'\u00e0 15 000 bouff\u00e9es<br \/>\nPr\u00e9-rempli avec 25 ml de e-liquide<br \/>\nbatterie rechargeable de 850 mAh<br \/>\nBobine maill\u00e9e 0.9\u03a9<br \/>\n41 saveurs disponibles<\/p>\n<h2>Meilleure saveur Randm 15000 bouff\u00e9es<\/h2>\n<p>1 Limonade \u00e0 la framboise bleue<br \/>\n2 P\u00eache glac\u00e9e<br \/>\n3 Pomme acidul\u00e9e<br \/>\n4 Past\u00e8que glac\u00e9e<br \/>\n5 Myrtille sur glace<br \/>\n6 Myrtille Framboise<br \/>\n7 Ananas glac\u00e9<br \/>\n8 Cerise<br \/>\n9 Fraise Glac\u00e9e<br \/>\n10 Vimto\u00a0 <span style=\"color: #ff0000\"><strong>&gt;&gt;&gt;&gt; Chaud!<\/strong><\/span><br \/>\n11 Raisin glac\u00e9<br \/>\n12 Cola glac\u00e9<br \/>\n13 Fraise Past\u00e8que<br \/>\n14 Limonade rose <span style=\"color: #ff0000\"><strong>&gt;&gt;&gt;&gt; Le meilleur !<\/strong><\/span><br \/>\n15 Baies m\u00e9lang\u00e9es <span style=\"color: #ff0000\"><strong>&gt;&gt;&gt;&gt; Chaud!<\/strong><\/span><br \/>\n16 P\u00eache Mangue<br \/>\n17 Fruit du dragon<br \/>\n18 Fraise Raisin<br \/>\n19 Monsieur bleu <span style=\"color: #ff0000\"><strong>&gt;&gt;&gt;&gt; Chaud!<\/strong><\/span><br \/>\n20 Glace luxuriante<br \/>\n21 Sucette glac\u00e9e<br \/>\n22 Fraise Kiwi<br \/>\n23 Kiwi fruit de la passion goyave<br \/>\n24 Triple baie <span style=\"color: #ff0000\"><strong>&gt;&gt;&gt;&gt; Chaud!<\/strong><\/span><br \/>\n25 Banane glac\u00e9e<br \/>\n26 Bonbon p\u00eache myrtille<br \/>\n27 Pomme P\u00eache Poire<br \/>\n28 Limonade aux baies<br \/>\n29 Cerise framboise bleue<br \/>\n30 Chewing-gum myrtille<br \/>\n31.Myrtille Cerise Canneberge<br \/>\n32.Myrtille Grenade<br \/>\n33.Framboise Bleue Acide<br \/>\n34.Cola Cerise<br \/>\n35.Ours Gommeux<br \/>\n36.Citron<br \/>\n37.Mangue Glac\u00e9e<br \/>\n38.Boisson \u00c9nergisante Glac\u00e9e<br \/>\n39.Fraise Banane<br \/>\n40.Fraise Boisson \u00c9nergisante<br \/>\n41.Limonade fraise past\u00e8que<\/p>\n<p>&nbsp;<\/p>\n<h2>FAQ sur le Randm Tornado 15000<\/h2>\n<p>1.Qu'est-ce que le RANDM VAPE 15K TORNADO Original ?<br \/>\nLe RANDM VAPE 15K TORNADO Original est un appareil de vape jetable tr\u00e8s appr\u00e9ci\u00e9, fabriqu\u00e9 par Fumot Vape Tech. Il est nomm\u00e9 pour son impressionnante capacit\u00e9 de 15 000 bouff\u00e9es.<\/p>\n<p>2.Qui fabrique le RANDM VAPE 15K TORNADO Authentique ?<br \/>\nLe RANDM VAPE 15K TORNADO Authentique est fabriqu\u00e9 par Shenzhen Fumot Technology, une entreprise leader dans l'industrie de la vape, reconnue pour ses produits innovants.<\/p>\n<p>3.Qu'est-ce qui rend le RANDM VAPE 15K TORNADO Authentique unique ?<\/p>\n<p>Avec sa capacit\u00e9 de 15 000 bouff\u00e9es, le RANDM VAPE 15K TORNADO Authentique se distingue comme l'un des vapes jetables de plus haute capacit\u00e9 sur le march\u00e9. C'est un bon choix pour ceux qui d\u00e9sirent des appareils plus durables.<\/p>\n<p>4.Quelles saveurs sont disponibles pour le RANDM VAPE 15K TORNADO Authentique ?<br \/>\nLe RANDM VAPE 15K TORNADO Authentique est disponible dans une vari\u00e9t\u00e9 de saveurs, y compris Pomme P\u00eache Poire, Glace \u00e0 la banane, Limonade aux baies, Cerise myrtille et bien d'autres. Avec 41 saveurs au choix, il y en a pour tous les palais.<\/p>\n<p>5.Combien de temps dure la batterie du RANDM VAPE 15K TORNADO Authentique ?<br \/>\nLe RANDM VAPE 15K TORNADO Authentique dispose d'une batterie int\u00e9gr\u00e9e d'une capacit\u00e9 de 850mAh, offrant une utilisation prolong\u00e9e sur une seule charge. L'autonomie exacte de la batterie d\u00e9pend des habitudes d'utilisation individuelles.<\/p>\n<p>6.Le RANDM VAPE 15000 TORNADO Original est-il rechargeable ?<br \/>\nNon, le RANDM VAPE 15000 TORNADO Original est un appareil de vape jetable et n'est pas rechargeable. Une fois la batterie d\u00e9charg\u00e9e ou l'e-liquide \u00e9puis\u00e9, l'appareil est destin\u00e9 \u00e0 \u00eatre jet\u00e9 de mani\u00e8re responsable.<\/p>\n<p>7.Comment puis-je acheter le RANDM VAPE 15000 Authentique ?<br \/>\nLe RANDM VAPE 15000 Authentique est disponible \u00e0 l'achat chez des distributeurs agr\u00e9\u00e9s. Pour les demandes de renseignements en gros, les distributeurs peuvent <a href=\"https:\/\/wa.me\/8617776015835\" target=\"_blank\" rel=\"noopener\">contacter<\/a> directement. Les clients particuliers peuvent trouver le produit chez certains d\u00e9taillants ou dans des magasins en ligne.<\/p>\n<p>&nbsp;<\/p>\n<p>Trouvez plus de produits de vape que vous pourriez aimer :<em><a href=\"https:\/\/rmvapesale.com\/fr\/shop-2\/\">acheter maintenant\u00a0<\/a><\/em><\/p>\n<p>autres cigarettes \u00e9lectroniques populaires que vous pourriez aimer :<\/p>\n<p><a href=\"https:\/\/rmvapesale.com\/fr\/product\/jnr-shisha-vape-15000-puffs-wholesale-price-with-screen-vape\/\">VOPK CHICHA 15K<\/a><\/p>\n<p><a href=\"https:\/\/rmvapesale.com\/fr\/product\/randm-vape-al-fakher-10000-puffs-vape-wholesale\/\">randm vape AI FAKHER 15k vape<\/a><\/p>","protected":false},"excerpt":{"rendered":"<p class=\"LC20lb MBeuO DKV0Md\">15K PUFFS FUMOT VAPE RANDM Prix de gros<br \/>\n15K PUFFS FUMOT ORIGINAL RANDM Prix d'usine<br \/>\n15K PUFFS V\u00e9ritable FUMOT VAPE TORNADO RANDM Prix r\u00e9duit<br \/>\n<strong>Contactez Amy pour plus de r\u00e9duction et un MOQ de vape plus bas<\/strong><\/p>\n<p><img loading=\"lazy\" decoding=\"async\" class=\"size-medium wp-image-1814\" src=\"https:\/\/rmvapesale.com\/wp-content\/uploads\/2024\/04\/whatsapp-amy-229x300.jpg\" alt=\"whatsapp amy\" width=\"229\" height=\"300\" srcset=\"https:\/\/rmvapesale.com\/wp-content\/uploads\/2024\/04\/whatsapp-amy-229x300.jpg 229w, https:\/\/rmvapesale.com\/wp-content\/uploads\/2024\/04\/whatsapp-amy-783x1024.jpg 783w, https:\/\/rmvapesale.com\/wp-content\/uploads\/2024\/04\/whatsapp-amy-768x1005.jpg 768w, https:\/\/rmvapesale.com\/wp-content\/uploads\/2024\/04\/whatsapp-amy-600x785.jpg 600w, https:\/\/rmvapesale.com\/wp-content\/uploads\/2024\/04\/whatsapp-amy.jpg 990w\" sizes=\"auto, (max-width: 229px) 100vw, 229px\" \/><\/p>\n<h3><span style=\"color: #ff0000\"><strong>WhatsApp: +86 17776015835<\/strong><\/span><\/h3>","protected":false},"featured_media":1877,"comment_status":"open","ping_status":"closed","template":"","meta":{"_uag_custom_page_level_css":"","_lmt_disableupdate":"no","_lmt_disable":"","site-sidebar-layout":"default","site-content-layout":"content-boxed-container","ast-site-content-layout":"normal-width-container","site-content-style":"boxed","site-sidebar-style":"unboxed","ast-global-header-display":"","ast-banner-title-visibility":"","ast-main-header-display":"","ast-hfb-above-header-display":"","ast-hfb-below-header-display":"","ast-hfb-mobile-header-display":"","site-post-title":"","ast-breadcrumbs-content":"","ast-featured-img":"","footer-sml-layout":"","theme-transparent-header-meta":"default","adv-header-id-meta":"","stick-header-meta":"","header-above-stick-meta":"","header-main-stick-meta":"","header-below-stick-meta":"","astra-migrate-meta-layouts":"set","ast-page-background-enabled":"default","ast-page-background-meta":{"desktop":{"background-color":"var(--ast-global-color-4)","background-image":"","background-repeat":"repeat","background-position":"center center","background-size":"auto","background-attachment":"scroll","background-type":"","background-media":"","overlay-type":"","overlay-color":"","overlay-opacity":"","overlay-gradient":""},"tablet":{"background-color":"","background-image":"","background-repeat":"repeat","background-position":"center center","background-size":"auto","background-attachment":"scroll","background-type":"","background-media":"","overlay-type":"","overlay-color":"","overlay-opacity":"","overlay-gradient":""},"mobile":{"background-color":"","background-image":"","background-repeat":"repeat","background-position":"center center","background-size":"auto","background-attachment":"scroll","background-type":"","background-media":"","overlay-type":"","overlay-color":"","overlay-opacity":"","overlay-gradient":""}},"ast-content-background-meta":{"desktop":{"background-color":"var(--ast-global-color-5)","background-image":"","background-repeat":"repeat","background-position":"center center","background-size":"auto","background-attachment":"scroll","background-type":"","background-media":"","overlay-type":"","overlay-color":"","overlay-opacity":"","overlay-gradient":""},"tablet":{"background-color":"var(--ast-global-color-5)","background-image":"","background-repeat":"repeat","background-position":"center center","background-size":"auto","background-attachment":"scroll","background-type":"","background-media":"","overlay-type":"","overlay-color":"","overlay-opacity":"","overlay-gradient":""},"mobile":{"background-color":"var(--ast-global-color-5)","background-image":"","background-repeat":"repeat","background-position":"center center","background-size":"auto","background-attachment":"scroll","background-type":"","background-media":"","overlay-type":"","overlay-color":"","overlay-opacity":"","overlay-gradient":""}},"_joinchat":[]},"product_brand":[],"product_cat":[25,51,123,26,28,135,27,31,61,137,15,30],"product_tag":[44,39,40,41,171,38,37],"class_list":{"0":"post-1874","1":"product","2":"type-product","3":"status-publish","4":"has-post-thumbnail","6":"product_cat-germany-best-selling-vape","7":"product_cat-fumot-vape","8":"product_cat-italy-wholesale-vape","9":"product_cat-netherlands-hot-sale-vape","10":"product_cat-poland-hot-sale-vape","11":"product_cat-spain-best-hot-sale-vape","12":"product_cat-fance-hot-sale-vape","13":"product_cat-randm-fumot-vape","14":"product_cat-15000-puffs-disposable-vapes","15":"product_cat-rechargeable-vapes","16":"product_cat-new-vape-this-week","17":"product_cat-minimum-order-quantity-50pcs","18":"product_tag-15k-puffs-15000-vape-wholesale","19":"product_tag-fumot-vape","20":"product_tag-hot-sale-vape","21":"product_tag-original-factory-vape","22":"product_tag-randm-15000","23":"product_tag-randm-vape","24":"product_tag-wholesale-vape-price","25":"desktop-align-left","26":"tablet-align-left","27":"mobile-align-left","29":"first","30":"instock","31":"sale","32":"shipping-taxable","33":"purchasable","34":"product-type-simple"},"uagb_featured_image_src":{"full":["https:\/\/rmvapesale.com\/wp-content\/uploads\/2024\/05\/randm-vape-tornado-15k-fumot.jpg",424,589,false],"thumbnail":["https:\/\/rmvapesale.com\/wp-content\/uploads\/2024\/05\/randm-vape-tornado-15k-fumot-150x150.jpg",150,150,true],"medium":["https:\/\/rmvapesale.com\/wp-content\/uploads\/2024\/05\/randm-vape-tornado-15k-fumot-216x300.jpg",216,300,true],"medium_large":["https:\/\/rmvapesale.com\/wp-content\/uploads\/2024\/05\/randm-vape-tornado-15k-fumot.jpg",424,589,false],"large":["https:\/\/rmvapesale.com\/wp-content\/uploads\/2024\/05\/randm-vape-tornado-15k-fumot.jpg",424,589,false],"1536x1536":["https:\/\/rmvapesale.com\/wp-content\/uploads\/2024\/05\/randm-vape-tornado-15k-fumot.jpg",424,589,false],"2048x2048":["https:\/\/rmvapesale.com\/wp-content\/uploads\/2024\/05\/randm-vape-tornado-15k-fumot.jpg",424,589,false],"trp-custom-language-flag":["https:\/\/rmvapesale.com\/wp-content\/uploads\/2024\/05\/randm-vape-tornado-15k-fumot.jpg",9,12,false],"woocommerce_thumbnail":["https:\/\/rmvapesale.com\/wp-content\/uploads\/2024\/05\/randm-vape-tornado-15k-fumot-300x300.jpg",300,300,true],"woocommerce_single":["https:\/\/rmvapesale.com\/wp-content\/uploads\/2024\/05\/randm-vape-tornado-15k-fumot.jpg",424,589,false],"woocommerce_gallery_thumbnail":["https:\/\/rmvapesale.com\/wp-content\/uploads\/2024\/05\/randm-vape-tornado-15k-fumot-100x100.jpg",100,100,true],"wcpr-photo-reviews":["https:\/\/rmvapesale.com\/wp-content\/uploads\/2024\/05\/randm-vape-tornado-15k-fumot.jpg",360,500,false]},"uagb_author_info":{"display_name":"yannazhan","author_link":"https:\/\/rmvapesale.com\/fr\/author\/"},"uagb_comment_info":0,"uagb_excerpt":"15K PUFFS FUMOT VAPE RANDM Wholesale Price 15K PUFFS FUMOT ORIGINAL RANDM\u00a0 Factory Price 15K PUFFS Genuine FUMOT VAPE TORNADO RANDM Discount Price Contact Amy For More Discount And Lower MOQ Vape WhatsApp: +86 17776015835","_links":{"self":[{"href":"https:\/\/rmvapesale.com\/fr\/wp-json\/wp\/v2\/product\/1874","targetHints":{"allow":["GET"]}}],"collection":[{"href":"https:\/\/rmvapesale.com\/fr\/wp-json\/wp\/v2\/product"}],"about":[{"href":"https:\/\/rmvapesale.com\/fr\/wp-json\/wp\/v2\/types\/product"}],"replies":[{"embeddable":true,"href":"https:\/\/rmvapesale.com\/fr\/wp-json\/wp\/v2\/comments?post=1874"}],"wp:featuredmedia":[{"embeddable":true,"href":"https:\/\/rmvapesale.com\/fr\/wp-json\/wp\/v2\/media\/1877"}],"wp:attachment":[{"href":"https:\/\/rmvapesale.com\/fr\/wp-json\/wp\/v2\/media?parent=1874"}],"wp:term":[{"taxonomy":"product_brand","embeddable":true,"href":"https:\/\/rmvapesale.com\/fr\/wp-json\/wp\/v2\/product_brand?post=1874"},{"taxonomy":"product_cat","embeddable":true,"href":"https:\/\/rmvapesale.com\/fr\/wp-json\/wp\/v2\/product_cat?post=1874"},{"taxonomy":"product_tag","embeddable":true,"href":"https:\/\/rmvapesale.com\/fr\/wp-json\/wp\/v2\/product_tag?post=1874"}],"curies":[{"name":"wp","href":"https:\/\/api.w.org\/{rel}","templated":true}]}}