{"id":1886,"date":"2024-05-15T08:46:17","date_gmt":"2024-05-15T08:46:17","guid":{"rendered":"https:\/\/rmvapesale.com\/?post_type=product&#038;p=1886"},"modified":"2024-10-21T08:52:11","modified_gmt":"2024-10-21T08:52:11","slug":"original-randm-vape-digital-puff-12000-fumot-factory-price","status":"publish","type":"product","link":"https:\/\/rmvapesale.com\/fr\/product\/original-randm-vape-digital-puff-12000-fumot-factory-price\/","title":{"rendered":"Original Randm Vape Digital Puff 12000 FUMOT Prix usine"},"content":{"rendered":"<h1>Original Randm Vape Digital Puff 12000 FUMOT Prix usine<\/h1>\n<p>Le dernier <strong>Randm Vape Digital Puff 12000 Original<\/strong>, le choix parfait pour l'expansion de votre march\u00e9 en Europe comme l'Allemagne, les Pays-Bas, la France, l'Italie, l'Espagne, la Suisse, la Su\u00e8de, la Pologne, etc. Cet appareil de vapotage avanc\u00e9 offre non seulement d'excellentes performances, mais aussi une vari\u00e9t\u00e9 de saveurs pour r\u00e9pondre aux diff\u00e9rentes pr\u00e9f\u00e9rences des consommateurs.<\/p>\n<p>L' <strong>Cigarette \u00c9lectronique Jetable Fumot Digital Box 12000<\/strong> est \u00e9quip\u00e9 d'une capacit\u00e9 d'e-liquide de 20ml, offrant jusqu'\u00e0 12 000 bouff\u00e9es par appareil, assurant un plaisir de longue dur\u00e9e pour les utilisateurs. Il dispose d'une batterie rechargeable int\u00e9gr\u00e9e de 850mAh avec un affichage pratique de la batterie et de l'e-liquide, permettant aux utilisateurs de surveiller facilement les niveaux de puissance et d'e-liquide restants pour une exp\u00e9rience de vapotage sans tracas.<\/p>\n<p>Nous proposons une large gamme de saveurs, y compris Cool Mint, Watermelon Ice, Grape Ice, Blueberry Raspberry, Strawberry Watermelon, et bien d'autres, totalisant 24 options uniques. Par exemple, Cool Mint procure une sensation rafra\u00eechissante et fra\u00eeche, tandis que Watermelon Ice combine des notes sucr\u00e9es et glac\u00e9es pour une exp\u00e9rience d\u00e9licieuse, parfaite pour les chaudes journ\u00e9es d'\u00e9t\u00e9.<\/p>\n<p>De plus, le <strong>Vape Jetable Fumot Digital Randm 12000<\/strong> utilise une technologie avanc\u00e9e de sel de nicotine, disponible en concentrations de nicotine de 0%, 2%, 3%, et 5%, permettant aux utilisateurs de choisir le niveau qui correspond le mieux \u00e0 leurs besoins.<\/p>\n<p>En tant que grossiste en VAPE, vous pouvez b\u00e9n\u00e9ficier de nos prix directs d'usine, assurant une efficacit\u00e9 de co\u00fbt maximale. Notre quantit\u00e9 minimale de commande n'est que de 50 pi\u00e8ces, id\u00e9ale pour les grossistes important des e-cigarettes de Chine pour la premi\u00e8re fois. Nous offrons \u00e9galement un support client 24h et g\u00e9rons toutes les questions de d\u00e9douanement, rendant votre processus d'achat fluide et sans souci.<\/p>\n<p><strong>Ajouter le WhatsApp de la responsable commerciale Amy <a href=\"https:\/\/wa.me\/8617776015835\" target=\"_blank\" rel=\"noopener\">+86-17776015835<\/a> Obtenez plus de r\u00e9ductions!<\/strong><\/p>\n<p><img loading=\"lazy\" decoding=\"async\" class=\"size-medium wp-image-1814\" src=\"https:\/\/rmvapesale.com\/wp-content\/uploads\/2024\/04\/whatsapp-amy-229x300.jpg\" alt=\"whatsapp amy\" width=\"229\" height=\"300\" srcset=\"https:\/\/rmvapesale.com\/wp-content\/uploads\/2024\/04\/whatsapp-amy-229x300.jpg 229w, https:\/\/rmvapesale.com\/wp-content\/uploads\/2024\/04\/whatsapp-amy-783x1024.jpg 783w, https:\/\/rmvapesale.com\/wp-content\/uploads\/2024\/04\/whatsapp-amy-768x1005.jpg 768w, https:\/\/rmvapesale.com\/wp-content\/uploads\/2024\/04\/whatsapp-amy-600x785.jpg 600w, https:\/\/rmvapesale.com\/wp-content\/uploads\/2024\/04\/whatsapp-amy.jpg 990w\" sizes=\"auto, (max-width: 229px) 100vw, 229px\" \/><\/p>\n<h2>Sp\u00e9cifications de la Vape Jetable FUMOT PUFF 12000:<\/h2>\n<p>Options de teneur en nicotine : 0%, 2%, 3% et 5%<br \/>\nJusqu'\u00e0 12000 bouff\u00e9es<br \/>\nPr\u00e9-rempli avec 20ml d'e-liquide<br \/>\nbatterie rechargeable de 850 mAh<br \/>\nBobine maill\u00e9e 0.9\u03a9<br \/>\n40 saveurs disponibles<\/p>\n<h2>Saveur Populaire pour randm vape Digital 12000 Bouff\u00e9es<\/h2>\n<p>1 Menthe Fra\u00eeche<br \/>\n2 Past\u00e8que Glac\u00e9e<br \/>\n3 Raisin Glac\u00e9<br \/>\n4 Myrtille Framboise <strong><span style=\"color: #ff0000\">&gt;&gt;&gt;Chaud !<\/span><\/strong><br \/>\n5 Fraise Past\u00e8que<br \/>\n6 Fraise Banane<br \/>\n7 Lush Glac\u00e9<br \/>\n8 Cerise<br \/>\n9 Fraise Glac\u00e9e<br \/>\n10 Glace \u00e0 l'eau<br \/>\n11 Limonade Rose <strong><span style=\"color: #ff0000\">&gt;&gt;&gt;Meilleur !<\/span><\/strong><br \/>\n12 Mangue Glac\u00e9e<br \/>\n13 Baies m\u00e9lang\u00e9es<br \/>\n14 Beignet \u00e0 la fraise<br \/>\n15 Fraise raisin<br \/>\n16 Cerise cola<br \/>\n17 Dr. bleu<br \/>\n18 Myrtille glac\u00e9e<br \/>\n19 Kiwi fruit de la passion goyave<br \/>\n20 Fraise kiwi<br \/>\n21 P\u00eache mangue<br \/>\n22 P\u00eache glac\u00e9e<br \/>\n23 Pomme rouge glac\u00e9e<br \/>\n24 Myrtille bubblegum<br \/>\n25 Limonade aux baies<br \/>\n26 Limonade framboise bleue<br \/>\n27 Framboise bleue acidul\u00e9e <strong><span style=\"color: #ff0000\">&gt;&gt;&gt;Chaud !<\/span><\/strong><br \/>\n28 Fraise Red bull<br \/>\n29 Explosion de baies de pomme<br \/>\n30 Bubblegum \u00e0 la past\u00e8que<br \/>\n31 Framboise past\u00e8que<br \/>\n32 Glace noire<br \/>\n33 Myrtille cerise canneberge <strong><span style=\"color: #ff0000\">&gt;&gt;&gt;Chaud !<\/span><\/strong><br \/>\n34 Fraise grenade<br \/>\n35 Vimto <strong><span style=\"color: #ff0000\">&gt;&gt;&gt;Chaud !<\/span><\/strong><br \/>\n36 Baie de cerise<br \/>\n37 Citron<br \/>\n38 Bingo Crush<br \/>\n39 Myrtille kiwi<br \/>\n40 Pomme cannelle<\/p>\n<figure id=\"attachment_2480\" aria-describedby=\"caption-attachment-2480\" style=\"width: 600px\" class=\"wp-caption alignnone\"><img loading=\"lazy\" decoding=\"async\" class=\"wp-image-2480 size-full\" src=\"https:\/\/rmvapesale.com\/wp-content\/uploads\/2024\/10\/Fumot-Digital-Box-12000-Disposable-Vape.jpg\" alt=\"Cigarette \u00c9lectronique Jetable Fumot Digital Box 12000\" width=\"600\" height=\"600\" srcset=\"https:\/\/rmvapesale.com\/wp-content\/uploads\/2024\/10\/Fumot-Digital-Box-12000-Disposable-Vape.jpg 600w, https:\/\/rmvapesale.com\/wp-content\/uploads\/2024\/10\/Fumot-Digital-Box-12000-Disposable-Vape-300x300.jpg 300w, https:\/\/rmvapesale.com\/wp-content\/uploads\/2024\/10\/Fumot-Digital-Box-12000-Disposable-Vape-150x150.jpg 150w, https:\/\/rmvapesale.com\/wp-content\/uploads\/2024\/10\/Fumot-Digital-Box-12000-Disposable-Vape-100x100.jpg 100w\" sizes=\"auto, (max-width: 600px) 100vw, 600px\" \/><figcaption id=\"caption-attachment-2480\" class=\"wp-caption-text\">Cigarette \u00c9lectronique Jetable Fumot Digital Box 12000<\/figcaption><\/figure>\n<h2>Ce qu'il faut savoir sur la Puff Fumot Digital 12000 avant d'acheter en gros.<\/h2>\n<p><strong>Q1 : Quelles sont les options de nicotine disponibles pour la vape Fumot Randm Digital 12000 Puffs ?<\/strong><\/p>\n<ul>\n<li>L' <strong>Fumot Vape Digital 12000 Puffs Original<\/strong> offre des concentrations de sel de nicotine de 0%, 2%, 3% et 5%.<\/li>\n<\/ul>\n<p><strong>Q2 : Combien de saveurs sont disponibles pour ce produit ?<\/strong><\/p>\n<ul>\n<li>L' <strong>Randm Digital Vape 12k Puffs Original<\/strong> est disponible en 24 saveurs diff\u00e9rentes, incluant Cool Mint, Watermelon Ice, Grape Ice, et plus encore.<\/li>\n<\/ul>\n<p><strong>Q3 : Quelle est la capacit\u00e9 d'e-liquide et le nombre de bouff\u00e9es de cet appareil ?<\/strong><\/p>\n<ul>\n<li>L' <strong>Randm Vape Digital Puffs 12000 Original<\/strong> est dot\u00e9 d'une capacit\u00e9 d'e-liquide de 20ml et offre jusqu'\u00e0 12 000 bouff\u00e9es par appareil.<\/li>\n<\/ul>\n<p><strong>Q4 : La batterie est-elle rechargeable et comment puis-je surveiller son \u00e9tat ?<\/strong><\/p>\n<ul>\n<li>Oui, <strong>Randm Digital Vape 12k Puffs Original<\/strong> est dot\u00e9e d'une batterie rechargeable int\u00e9gr\u00e9e de 850mAh avec un \u00e9cran pour surveiller les niveaux de batterie et d'e-liquide.<\/li>\n<\/ul>\n<p><strong>Q5 : Quelle est la quantit\u00e9 minimale de commande et quel soutien offrez-vous aux nouveaux importateurs ?<\/strong><\/p>\n<ul>\n<li>Notre quantit\u00e9 minimale de commande est de 50 pi\u00e8ces. Nous offrons un support client 24\/7 et g\u00e9rons tous les probl\u00e8mes de d\u00e9douanement, ce qui est id\u00e9al pour les nouveaux importateurs en France.<\/li>\n<\/ul>\n<p><strong>Q6 : Comment le produit est-il emball\u00e9 pour la vente en gros ?<\/strong><\/p>\n<ul>\n<li>L' <strong>Fumot Digital Vape 12k Puffs Original<\/strong> est emball\u00e9 par 10 pi\u00e8ces dans une bo\u00eete de pr\u00e9sentation et 200 pi\u00e8ces dans un carton.<\/li>\n<\/ul>\n<p><strong>Q7: Y a-t-il des options de prix d'usine disponibles pour les achats en gros?<\/strong><\/p>\n<ul>\n<li>Oui, nous offrons <strong>Prix d'usine original pour les vapes Fumot Digital 12k Puffs<\/strong> des options pour les achats en gros afin de vous assurer le meilleur rapport qualit\u00e9-prix.<\/li>\n<\/ul>\n<p><strong>Q8: Puis-je obtenir des prix comp\u00e9titifs pour les commandes importantes?<\/strong><\/p>\n<ul>\n<li>Absolument, nous fournissons <strong>Prix de gros original pour les vapes Randm Digital 12k Puffs<\/strong> pour vous aider \u00e0 maximiser vos marges de profit dans le commerce de la vape.<\/li>\n<\/ul>\n<p>Trouvez plus de produits de vape que vous pourriez aimer :<em><a href=\"https:\/\/rmvapesale.com\/fr\/shop-2\/\">acheter maintenant\u00a0<\/a><\/em><\/p>\n<p>autres cigarettes \u00e9lectroniques populaires que vous pourriez aimer :<\/p>\n<p><a href=\"https:\/\/rmvapesale.com\/fr\/product\/jnr-shisha-vape-15000-puffs-wholesale-price-with-screen-vape\/\">VOPK CHICHA 15K<\/a><\/p>\n<p><a href=\"https:\/\/rmvapesale.com\/fr\/product\/randm-vape-al-fakher-10000-puffs-vape-wholesale\/\">randm vape AI FAKHER 15k vape<\/a><\/p>\n<p><a href=\"https:\/\/rmvapesale.com\/fr\/product\/randm-tornado-15000-puffs-15k-vape-recharge-fumot-original-vape-factory-price\/\">Fumot digital box Puff 12000<\/a><\/p>","protected":false},"excerpt":{"rendered":"<p class=\"LC20lb MBeuO DKV0Md\">Prix d'usine Original Fumot Vape Digital 12ooo Bouff\u00e9es<br \/>\nPrix d'achat en gros Original Fumot Vape Digital 12k Bouff\u00e9es<br \/>\nPrix pas cher Fumot Vape RandM Digital 12000<br \/>\n<strong>Contactez Amy pour plus de r\u00e9duction et un MOQ de vape plus bas<\/strong><\/p>\n<p><img loading=\"lazy\" decoding=\"async\" class=\"size-medium wp-image-1814\" src=\"https:\/\/rmvapesale.com\/wp-content\/uploads\/2024\/04\/whatsapp-amy-229x300.jpg\" alt=\"whatsapp amy\" width=\"229\" height=\"300\" srcset=\"https:\/\/rmvapesale.com\/wp-content\/uploads\/2024\/04\/whatsapp-amy-229x300.jpg 229w, https:\/\/rmvapesale.com\/wp-content\/uploads\/2024\/04\/whatsapp-amy-783x1024.jpg 783w, https:\/\/rmvapesale.com\/wp-content\/uploads\/2024\/04\/whatsapp-amy-768x1005.jpg 768w, https:\/\/rmvapesale.com\/wp-content\/uploads\/2024\/04\/whatsapp-amy-600x785.jpg 600w, https:\/\/rmvapesale.com\/wp-content\/uploads\/2024\/04\/whatsapp-amy.jpg 990w\" sizes=\"auto, (max-width: 229px) 100vw, 229px\" \/><\/p>\n<h3><span style=\"color: #ff0000\"><strong>WhatsApp: +86 17776015835<\/strong><\/span><\/h3>","protected":false},"featured_media":2485,"comment_status":"open","ping_status":"closed","template":"","meta":{"_uag_custom_page_level_css":"","_lmt_disableupdate":"no","_lmt_disable":"","site-sidebar-layout":"default","site-content-layout":"content-boxed-container","ast-site-content-layout":"normal-width-container","site-content-style":"boxed","site-sidebar-style":"unboxed","ast-global-header-display":"","ast-banner-title-visibility":"","ast-main-header-display":"","ast-hfb-above-header-display":"","ast-hfb-below-header-display":"","ast-hfb-mobile-header-display":"","site-post-title":"","ast-breadcrumbs-content":"","ast-featured-img":"","footer-sml-layout":"","theme-transparent-header-meta":"default","adv-header-id-meta":"","stick-header-meta":"","header-above-stick-meta":"","header-main-stick-meta":"","header-below-stick-meta":"","astra-migrate-meta-layouts":"set","ast-page-background-enabled":"default","ast-page-background-meta":{"desktop":{"background-color":"var(--ast-global-color-4)","background-image":"","background-repeat":"repeat","background-position":"center center","background-size":"auto","background-attachment":"scroll","background-type":"","background-media":"","overlay-type":"","overlay-color":"","overlay-opacity":"","overlay-gradient":""},"tablet":{"background-color":"","background-image":"","background-repeat":"repeat","background-position":"center center","background-size":"auto","background-attachment":"scroll","background-type":"","background-media":"","overlay-type":"","overlay-color":"","overlay-opacity":"","overlay-gradient":""},"mobile":{"background-color":"","background-image":"","background-repeat":"repeat","background-position":"center center","background-size":"auto","background-attachment":"scroll","background-type":"","background-media":"","overlay-type":"","overlay-color":"","overlay-opacity":"","overlay-gradient":""}},"ast-content-background-meta":{"desktop":{"background-color":"var(--ast-global-color-5)","background-image":"","background-repeat":"repeat","background-position":"center center","background-size":"auto","background-attachment":"scroll","background-type":"","background-media":"","overlay-type":"","overlay-color":"","overlay-opacity":"","overlay-gradient":""},"tablet":{"background-color":"var(--ast-global-color-5)","background-image":"","background-repeat":"repeat","background-position":"center center","background-size":"auto","background-attachment":"scroll","background-type":"","background-media":"","overlay-type":"","overlay-color":"","overlay-opacity":"","overlay-gradient":""},"mobile":{"background-color":"var(--ast-global-color-5)","background-image":"","background-repeat":"repeat","background-position":"center center","background-size":"auto","background-attachment":"scroll","background-type":"","background-media":"","overlay-type":"","overlay-color":"","overlay-opacity":"","overlay-gradient":""}},"_joinchat":[]},"product_brand":[],"product_cat":[25,26,28,27,31,15,30],"product_tag":[45,46,39,40,111,41,38,165,37],"class_list":{"0":"post-1886","1":"product","2":"type-product","3":"status-publish","4":"has-post-thumbnail","6":"product_cat-germany-best-selling-vape","7":"product_cat-netherlands-hot-sale-vape","8":"product_cat-poland-hot-sale-vape","9":"product_cat-fance-hot-sale-vape","10":"product_cat-randm-fumot-vape","11":"product_cat-new-vape-this-week","12":"product_cat-minimum-order-quantity-50pcs","13":"product_tag-12k-vape-puff-12000","14":"product_tag-digital-box-12000-puff-original","15":"product_tag-fumot-vape","16":"product_tag-hot-sale-vape","17":"product_tag-low-nicotine-disposable-vape","18":"product_tag-original-factory-vape","19":"product_tag-randm-vape","20":"product_tag-rechargeable-vapes","21":"product_tag-wholesale-vape-price","22":"desktop-align-left","23":"tablet-align-left","24":"mobile-align-left","26":"first","27":"instock","28":"sale","29":"shipping-taxable","30":"purchasable","31":"product-type-simple"},"uagb_featured_image_src":{"full":["https:\/\/rmvapesale.com\/wp-content\/uploads\/2024\/10\/Randm-Vape-12000-Puffs.jpg",600,600,false],"thumbnail":["https:\/\/rmvapesale.com\/wp-content\/uploads\/2024\/10\/Randm-Vape-12000-Puffs-150x150.jpg",150,150,true],"medium":["https:\/\/rmvapesale.com\/wp-content\/uploads\/2024\/10\/Randm-Vape-12000-Puffs-300x300.jpg",300,300,true],"medium_large":["https:\/\/rmvapesale.com\/wp-content\/uploads\/2024\/10\/Randm-Vape-12000-Puffs.jpg",600,600,false],"large":["https:\/\/rmvapesale.com\/wp-content\/uploads\/2024\/10\/Randm-Vape-12000-Puffs.jpg",600,600,false],"1536x1536":["https:\/\/rmvapesale.com\/wp-content\/uploads\/2024\/10\/Randm-Vape-12000-Puffs.jpg",600,600,false],"2048x2048":["https:\/\/rmvapesale.com\/wp-content\/uploads\/2024\/10\/Randm-Vape-12000-Puffs.jpg",600,600,false],"trp-custom-language-flag":["https:\/\/rmvapesale.com\/wp-content\/uploads\/2024\/10\/Randm-Vape-12000-Puffs.jpg",12,12,false],"woocommerce_thumbnail":["https:\/\/rmvapesale.com\/wp-content\/uploads\/2024\/10\/Randm-Vape-12000-Puffs-300x300.jpg",300,300,true],"woocommerce_single":["https:\/\/rmvapesale.com\/wp-content\/uploads\/2024\/10\/Randm-Vape-12000-Puffs.jpg",600,600,false],"woocommerce_gallery_thumbnail":["https:\/\/rmvapesale.com\/wp-content\/uploads\/2024\/10\/Randm-Vape-12000-Puffs-100x100.jpg",100,100,true],"wcpr-photo-reviews":["https:\/\/rmvapesale.com\/wp-content\/uploads\/2024\/10\/Randm-Vape-12000-Puffs.jpg",500,500,false]},"uagb_author_info":{"display_name":"yannazhan","author_link":"https:\/\/rmvapesale.com\/fr\/author\/"},"uagb_comment_info":0,"uagb_excerpt":"Original Fumot Vape Digital 12ooo Puffs Factory Price Original Fumot Vape Digital 12k Puffs Price Bulk Buy Fumot Vape RandM Digital 12000 Price Cheap Contact Amy For More Discount And Lower MOQ Vape WhatsApp: +86 17776015835","_links":{"self":[{"href":"https:\/\/rmvapesale.com\/fr\/wp-json\/wp\/v2\/product\/1886","targetHints":{"allow":["GET"]}}],"collection":[{"href":"https:\/\/rmvapesale.com\/fr\/wp-json\/wp\/v2\/product"}],"about":[{"href":"https:\/\/rmvapesale.com\/fr\/wp-json\/wp\/v2\/types\/product"}],"replies":[{"embeddable":true,"href":"https:\/\/rmvapesale.com\/fr\/wp-json\/wp\/v2\/comments?post=1886"}],"wp:featuredmedia":[{"embeddable":true,"href":"https:\/\/rmvapesale.com\/fr\/wp-json\/wp\/v2\/media\/2485"}],"wp:attachment":[{"href":"https:\/\/rmvapesale.com\/fr\/wp-json\/wp\/v2\/media?parent=1886"}],"wp:term":[{"taxonomy":"product_brand","embeddable":true,"href":"https:\/\/rmvapesale.com\/fr\/wp-json\/wp\/v2\/product_brand?post=1886"},{"taxonomy":"product_cat","embeddable":true,"href":"https:\/\/rmvapesale.com\/fr\/wp-json\/wp\/v2\/product_cat?post=1886"},{"taxonomy":"product_tag","embeddable":true,"href":"https:\/\/rmvapesale.com\/fr\/wp-json\/wp\/v2\/product_tag?post=1886"}],"curies":[{"name":"wp","href":"https:\/\/api.w.org\/{rel}","templated":true}]}}