{"id":1892,"date":"2024-05-15T09:27:34","date_gmt":"2024-05-15T09:27:34","guid":{"rendered":"https:\/\/rmvapesale.com\/?post_type=product&#038;p=1892"},"modified":"2024-10-22T08:17:31","modified_gmt":"2024-10-22T08:17:31","slug":"original-randm-tornado-9000-puffs-vape-fumot-factory-price-cheap","status":"publish","type":"product","link":"https:\/\/rmvapesale.com\/fr\/product\/original-randm-tornado-9000-puffs-vape-fumot-factory-price-cheap\/","title":{"rendered":"RANDM TORNADO 9000 Bouff\u00e9es Vape Fumot Original Prix Usine Pas Cher"},"content":{"rendered":"<h1>RANDM TORNADO 9000 Bouff\u00e9es Vape Fumot Original Prix Usine Pas Cher<\/h1>\n<p>La Vape Fumot RANDM TORNADO 9000 Bouff\u00e9es, un dispositif de vape jetable de pointe con\u00e7u pour r\u00e9pondre aux besoins des grossistes europ\u00e9ens exigeants. Con\u00e7u avec pr\u00e9cision et innovation, cet appareil promet une exp\u00e9rience de vapotage exceptionnelle alliant haute performance et une large s\u00e9lection de saveurs.<\/p>\n<p>Avec ses fonctionnalit\u00e9s avanc\u00e9es, la vape Fumot 9000 se distingue de ses concurrents. \u00c9quip\u00e9e d'une r\u00e9sistance en mesh et d'une batterie rechargeable int\u00e9gr\u00e9e de 850mAh, elle garantit une production de vapeur fluide et constante pour un plaisir prolong\u00e9. L'appareil offre un choix de concentrations de sels de nicotine allant de 0% \u00e0 5%, r\u00e9pondant \u00e0 diverses pr\u00e9f\u00e9rences.<\/p>\n<p>Mais ce qui distingue vraiment le RANDM TORNADO 9000, c'est sa gamme \u00e9tendue de saveurs. Avec 43 options all\u00e9chantes, comprenant des classiques comme Lush Ice et Strawberry Lemonade, ainsi que des m\u00e9langes uniques comme Honeydew Ice Cream et Pina Colada, il y en a pour tous les go\u00fbts.<\/p>\n<p>Si vous \u00eates un vendeur Vape Randm et recherchez des produits de vape de haute qualit\u00e9 \u00e0 des prix comp\u00e9titifs.<\/p>\n<p><strong>Ajouter le WhatsApp de la responsable commerciale Amy <a href=\"https:\/\/wa.me\/8617776015835\" target=\"_blank\" rel=\"noopener\">+86-17776015835<\/a> Obtenez plus de r\u00e9ductions!<\/strong><\/p>\n<p><img loading=\"lazy\" decoding=\"async\" class=\"size-medium wp-image-1814\" src=\"https:\/\/rmvapesale.com\/wp-content\/uploads\/2024\/04\/whatsapp-amy-229x300.jpg\" alt=\"whatsapp amy\" width=\"229\" height=\"300\" srcset=\"https:\/\/rmvapesale.com\/wp-content\/uploads\/2024\/04\/whatsapp-amy-229x300.jpg 229w, https:\/\/rmvapesale.com\/wp-content\/uploads\/2024\/04\/whatsapp-amy-783x1024.jpg 783w, https:\/\/rmvapesale.com\/wp-content\/uploads\/2024\/04\/whatsapp-amy-768x1005.jpg 768w, https:\/\/rmvapesale.com\/wp-content\/uploads\/2024\/04\/whatsapp-amy-600x785.jpg 600w, https:\/\/rmvapesale.com\/wp-content\/uploads\/2024\/04\/whatsapp-amy.jpg 990w\" sizes=\"auto, (max-width: 229px) 100vw, 229px\" \/><\/p>\n<h3>Sp\u00e9cifications de la cigarette \u00e9lectronique jetable FUMOT PUFF 9000 :<\/h3>\n<p>Options de teneur en nicotine : 0%, 2%, 3% et 5%<br \/>\nJusqu'\u00e0 9000 bouff\u00e9es<br \/>\nPr\u00e9-rempli avec 18ml d'e-liquide<br \/>\nbatterie rechargeable de 850 mAh<br \/>\nBobine maill\u00e9e 0.9\u03a9<br \/>\n43 saveurs disponibles en stock<\/p>\n<figure id=\"attachment_1930\" aria-describedby=\"caption-attachment-1930\" style=\"width: 800px\" class=\"wp-caption alignnone\"><img loading=\"lazy\" decoding=\"async\" class=\"wp-image-1930 size-full\" src=\"https:\/\/rmvapesale.com\/wp-content\/uploads\/2024\/08\/Fumot-Randm-Tornado-9000-Disposable-Vape-Gummy-Bear.png\" alt=\"Fumot Randm Tornado 9000 Vape Jetable Gummy Bear\" width=\"800\" height=\"800\" srcset=\"https:\/\/rmvapesale.com\/wp-content\/uploads\/2024\/08\/Fumot-Randm-Tornado-9000-Disposable-Vape-Gummy-Bear.png 800w, https:\/\/rmvapesale.com\/wp-content\/uploads\/2024\/08\/Fumot-Randm-Tornado-9000-Disposable-Vape-Gummy-Bear-300x300.png 300w, https:\/\/rmvapesale.com\/wp-content\/uploads\/2024\/08\/Fumot-Randm-Tornado-9000-Disposable-Vape-Gummy-Bear-150x150.png 150w, https:\/\/rmvapesale.com\/wp-content\/uploads\/2024\/08\/Fumot-Randm-Tornado-9000-Disposable-Vape-Gummy-Bear-768x768.png 768w, https:\/\/rmvapesale.com\/wp-content\/uploads\/2024\/08\/Fumot-Randm-Tornado-9000-Disposable-Vape-Gummy-Bear-600x600.png 600w, https:\/\/rmvapesale.com\/wp-content\/uploads\/2024\/08\/Fumot-Randm-Tornado-9000-Disposable-Vape-Gummy-Bear-100x100.png 100w\" sizes=\"auto, (max-width: 800px) 100vw, 800px\" \/><figcaption id=\"caption-attachment-1930\" class=\"wp-caption-text\">Fumot Randm Tornado 9000 Vape Jetable Gummy Bear<\/figcaption><\/figure>\n<h2>RANDM TORNADO 9000 Saveur Bouff\u00e9es<\/h2>\n<p>1 Aloe Raisin<br \/>\n2 Cr\u00e8me \u00e0 la Banane<br \/>\n3 Dragon Noir Glac\u00e9<br \/>\n4 Glace Noire<br \/>\n5 Blue Razz Glac\u00e9<br \/>\n6 Kush Blue Razz<br \/>\n7 Cerise Myrtille Cranberry<br \/>\n8 Myrtille Framboise<br \/>\n9 Framboise Acide Myrtille<br \/>\n10 Glacial D\u00e9lice<br \/>\n11 Cerise<br \/>\n12 Citronnade Cerise P\u00eache<br \/>\n13 Menthe Fra\u00eeche<br \/>\n14 Cerise P\u00e9tillante<br \/>\n15 Raisin<br \/>\n16 Ours Gummy<br \/>\n17 Goyave Glac\u00e9e<br \/>\n18 Glace \u00e0 l'eau<br \/>\n19 Kiwi Fruit de la Passion Goyave<br \/>\n20 Citron &amp; Lime<br \/>\n21 Glace Luxuriante<br \/>\n22 Baies M\u00e9lang\u00e9es<br \/>\n23 M. Bleu<br \/>\n24 Soda \u00e0 l'Orange<br \/>\n25 P\u00eache Framboise<br \/>\n26 P\u00eache Citronnade<br \/>\n27 Mangue P\u00eache Ananas<br \/>\n28 Ananas<br \/>\n29 Citronnade Rose<br \/>\n30 Bonbon Arc-en-ciel<br \/>\n31 Eau de Framboise Past\u00e8que<br \/>\n32 Skittles<br \/>\n33 Bonbon Acidul\u00e9<br \/>\n34 Fraise Banane<br \/>\n35 Cr\u00e8me de Fraise<br \/>\n36 Glace \u00e0 la Fraise<br \/>\n37 Limonade \u00e0 la Fraise<br \/>\n38 Glace \u00e0 la Fraise Framboise Cerise<br \/>\n39 Fraise Past\u00e8que<br \/>\n40 Triple Mangue<br \/>\n41 Vimto<br \/>\n42 Watermelon Brazz Glace<\/p>\n<p>Choses que vous pourriez vouloir savoir sur la cigarette \u00e9lectronique Randm 9000 bouff\u00e9es avant de l'acheter en gros.<\/p>\n<h4>FAQ :<\/h4>\n<p><strong>Q: Quelles sont les options de prix pour le Fumot RANDM TORNADO 9000?<\/strong><\/p>\n<p>R: Nous proposons des prix d'usine comp\u00e9titifs pour l'appareil de vape original Randm 9000 Puffs, aussi bien pour les unit\u00e9s individuelles que pour les commandes en gros.<\/p>\n<p><strong>Q: Existe-t-il des options de prix de gros disponibles pour le Fumot RANDM TORNADO 9000?<\/strong><\/p>\n<p>R: Oui, nous proposons des options de prix de gros pour le kit de vape original Randm 9000 Puffs, destin\u00e9es aux grossistes qui cherchent \u00e0 acheter en plus grandes quantit\u00e9s.<\/p>\n<p><strong>Q: Quelles sont les tranches de prix pour les commandes en gros du Fumot RANDM TORNADO 9000?<\/strong><\/p>\n<p>R: Nous proposons des prix de gros attractifs pour le pod de vape original Randm 9000 Puffs, garantissant des \u00e9conomies pour les grossistes qui ach\u00e8tent en plus grands volumes.<\/p>\n<p><strong>Q: Proposez-vous des prix sp\u00e9ciaux pour les primo-importateurs?<\/strong><\/p>\n<p>R: Oui, nous offrons des prix comp\u00e9titifs pour le Fumot RANDM TORNADO 9000, ce qui en fait un choix id\u00e9al pour les primo-importateurs de cigarettes \u00e9lectroniques en France.<\/p>\n<p>Trouvez plus de produits de vape que vous pourriez aimer :<em><a href=\"https:\/\/rmvapesale.com\/fr\/shop-2\/\">acheter maintenant\u00a0<\/a><\/em><\/p>\n<p>autres cigarettes \u00e9lectroniques populaires que vous pourriez aimer :<\/p>\n<p><a href=\"https:\/\/rmvapesale.com\/fr\/product\/jnr-shisha-vape-15000-puffs-wholesale-price-with-screen-vape\/\">VOPK SHISHA 15K\/ <\/a><a href=\"https:\/\/rmvapesale.com\/fr\/product\/randm-vape-al-fakher-10000-puffs-vape-wholesale\/\">randm vape AI FAKHER 15k vape\/<\/a><a href=\"https:\/\/rmvapesale.com\/fr\/product\/randm-tornado-15000-puffs-15k-vape-recharge-fumot-original-vape-factory-price\/\">Fumot digital box Puff 12000<\/a><\/p>","protected":false},"excerpt":{"rendered":"<p class=\"LC20lb MBeuO DKV0Md\">Prix Abordable 9000 Bouff\u00e9es Dispositif de Vape Original Fumot<br \/>\nAchat en Gros 9000 Bouff\u00e9es Dispositif de Vape Original Randm<br \/>\nPrix de Gros Kit de Vape 9000 Bouff\u00e9es Original Fumot<br \/>\n<strong>Contactez Amy pour plus de r\u00e9duction et un MOQ de vape plus bas<\/strong><\/p>\n<p><img loading=\"lazy\" decoding=\"async\" class=\"size-medium wp-image-1814\" src=\"https:\/\/rmvapesale.com\/wp-content\/uploads\/2024\/04\/whatsapp-amy-229x300.jpg\" alt=\"whatsapp amy\" width=\"229\" height=\"300\" srcset=\"https:\/\/rmvapesale.com\/wp-content\/uploads\/2024\/04\/whatsapp-amy-229x300.jpg 229w, https:\/\/rmvapesale.com\/wp-content\/uploads\/2024\/04\/whatsapp-amy-783x1024.jpg 783w, https:\/\/rmvapesale.com\/wp-content\/uploads\/2024\/04\/whatsapp-amy-768x1005.jpg 768w, https:\/\/rmvapesale.com\/wp-content\/uploads\/2024\/04\/whatsapp-amy-600x785.jpg 600w, https:\/\/rmvapesale.com\/wp-content\/uploads\/2024\/04\/whatsapp-amy.jpg 990w\" sizes=\"auto, (max-width: 229px) 100vw, 229px\" \/><\/p>\n<h3><span style=\"color: #ff0000\"><strong>WhatsApp: +86 17776015835<\/strong><\/span><\/h3>","protected":false},"featured_media":1887,"comment_status":"open","ping_status":"closed","template":"","meta":{"_uag_custom_page_level_css":"","_lmt_disableupdate":"no","_lmt_disable":"","site-sidebar-layout":"default","site-content-layout":"content-boxed-container","ast-site-content-layout":"normal-width-container","site-content-style":"boxed","site-sidebar-style":"unboxed","ast-global-header-display":"","ast-banner-title-visibility":"","ast-main-header-display":"","ast-hfb-above-header-display":"","ast-hfb-below-header-display":"","ast-hfb-mobile-header-display":"","site-post-title":"","ast-breadcrumbs-content":"","ast-featured-img":"","footer-sml-layout":"","theme-transparent-header-meta":"default","adv-header-id-meta":"","stick-header-meta":"","header-above-stick-meta":"","header-main-stick-meta":"","header-below-stick-meta":"","astra-migrate-meta-layouts":"set","ast-page-background-enabled":"default","ast-page-background-meta":{"desktop":{"background-color":"var(--ast-global-color-4)","background-image":"","background-repeat":"repeat","background-position":"center center","background-size":"auto","background-attachment":"scroll","background-type":"","background-media":"","overlay-type":"","overlay-color":"","overlay-opacity":"","overlay-gradient":""},"tablet":{"background-color":"","background-image":"","background-repeat":"repeat","background-position":"center center","background-size":"auto","background-attachment":"scroll","background-type":"","background-media":"","overlay-type":"","overlay-color":"","overlay-opacity":"","overlay-gradient":""},"mobile":{"background-color":"","background-image":"","background-repeat":"repeat","background-position":"center center","background-size":"auto","background-attachment":"scroll","background-type":"","background-media":"","overlay-type":"","overlay-color":"","overlay-opacity":"","overlay-gradient":""}},"ast-content-background-meta":{"desktop":{"background-color":"var(--ast-global-color-5)","background-image":"","background-repeat":"repeat","background-position":"center center","background-size":"auto","background-attachment":"scroll","background-type":"","background-media":"","overlay-type":"","overlay-color":"","overlay-opacity":"","overlay-gradient":""},"tablet":{"background-color":"var(--ast-global-color-5)","background-image":"","background-repeat":"repeat","background-position":"center center","background-size":"auto","background-attachment":"scroll","background-type":"","background-media":"","overlay-type":"","overlay-color":"","overlay-opacity":"","overlay-gradient":""},"mobile":{"background-color":"var(--ast-global-color-5)","background-image":"","background-repeat":"repeat","background-position":"center center","background-size":"auto","background-attachment":"scroll","background-type":"","background-media":"","overlay-type":"","overlay-color":"","overlay-opacity":"","overlay-gradient":""}},"_joinchat":[]},"product_brand":[],"product_cat":[25,52,51,123,26,28,135,27,31,137,15,30],"product_tag":[47,39,40,41,181,38,37],"class_list":{"0":"post-1892","1":"product","2":"type-product","3":"status-publish","4":"has-post-thumbnail","6":"product_cat-germany-best-selling-vape","7":"product_cat-9000-puffs-disposable-vapes","8":"product_cat-fumot-vape","9":"product_cat-italy-wholesale-vape","10":"product_cat-netherlands-hot-sale-vape","11":"product_cat-poland-hot-sale-vape","12":"product_cat-spain-best-hot-sale-vape","13":"product_cat-fance-hot-sale-vape","14":"product_cat-randm-fumot-vape","15":"product_cat-rechargeable-vapes","16":"product_cat-new-vape-this-week","17":"product_cat-minimum-order-quantity-50pcs","18":"product_tag-9000-puffs-vape","19":"product_tag-fumot-vape","20":"product_tag-hot-sale-vape","21":"product_tag-original-factory-vape","22":"product_tag-randm-tornado-9000","23":"product_tag-randm-vape","24":"product_tag-wholesale-vape-price","25":"desktop-align-left","26":"tablet-align-left","27":"mobile-align-left","29":"first","30":"instock","31":"sale","32":"shipping-taxable","33":"purchasable","34":"product-type-simple"},"uagb_featured_image_src":{"full":["https:\/\/rmvapesale.com\/wp-content\/uploads\/2024\/05\/RM-TORNADO-VAPE-DISPOSABEL-9000-PUFFS.png",600,600,false],"thumbnail":["https:\/\/rmvapesale.com\/wp-content\/uploads\/2024\/05\/RM-TORNADO-VAPE-DISPOSABEL-9000-PUFFS-150x150.png",150,150,true],"medium":["https:\/\/rmvapesale.com\/wp-content\/uploads\/2024\/05\/RM-TORNADO-VAPE-DISPOSABEL-9000-PUFFS-300x300.png",300,300,true],"medium_large":["https:\/\/rmvapesale.com\/wp-content\/uploads\/2024\/05\/RM-TORNADO-VAPE-DISPOSABEL-9000-PUFFS.png",600,600,false],"large":["https:\/\/rmvapesale.com\/wp-content\/uploads\/2024\/05\/RM-TORNADO-VAPE-DISPOSABEL-9000-PUFFS.png",600,600,false],"1536x1536":["https:\/\/rmvapesale.com\/wp-content\/uploads\/2024\/05\/RM-TORNADO-VAPE-DISPOSABEL-9000-PUFFS.png",600,600,false],"2048x2048":["https:\/\/rmvapesale.com\/wp-content\/uploads\/2024\/05\/RM-TORNADO-VAPE-DISPOSABEL-9000-PUFFS.png",600,600,false],"trp-custom-language-flag":["https:\/\/rmvapesale.com\/wp-content\/uploads\/2024\/05\/RM-TORNADO-VAPE-DISPOSABEL-9000-PUFFS.png",12,12,false],"woocommerce_thumbnail":["https:\/\/rmvapesale.com\/wp-content\/uploads\/2024\/05\/RM-TORNADO-VAPE-DISPOSABEL-9000-PUFFS-300x300.png",300,300,true],"woocommerce_single":["https:\/\/rmvapesale.com\/wp-content\/uploads\/2024\/05\/RM-TORNADO-VAPE-DISPOSABEL-9000-PUFFS.png",600,600,false],"woocommerce_gallery_thumbnail":["https:\/\/rmvapesale.com\/wp-content\/uploads\/2024\/05\/RM-TORNADO-VAPE-DISPOSABEL-9000-PUFFS-100x100.png",100,100,true],"wcpr-photo-reviews":["https:\/\/rmvapesale.com\/wp-content\/uploads\/2024\/05\/RM-TORNADO-VAPE-DISPOSABEL-9000-PUFFS.png",500,500,false]},"uagb_author_info":{"display_name":"yannazhan","author_link":"https:\/\/rmvapesale.com\/fr\/author\/"},"uagb_comment_info":0,"uagb_excerpt":"Cheap Price 9ooo Puffs Vape Device Original Fumot Bulk Buy 9ooo Puffs Vape Device Original Randm Wholesale Price 9ooo Puffs Vape Kit Original Fumot Contact Amy For More Discount And Lower MOQ Vape WhatsApp: +86 17776015835","_links":{"self":[{"href":"https:\/\/rmvapesale.com\/fr\/wp-json\/wp\/v2\/product\/1892","targetHints":{"allow":["GET"]}}],"collection":[{"href":"https:\/\/rmvapesale.com\/fr\/wp-json\/wp\/v2\/product"}],"about":[{"href":"https:\/\/rmvapesale.com\/fr\/wp-json\/wp\/v2\/types\/product"}],"replies":[{"embeddable":true,"href":"https:\/\/rmvapesale.com\/fr\/wp-json\/wp\/v2\/comments?post=1892"}],"wp:featuredmedia":[{"embeddable":true,"href":"https:\/\/rmvapesale.com\/fr\/wp-json\/wp\/v2\/media\/1887"}],"wp:attachment":[{"href":"https:\/\/rmvapesale.com\/fr\/wp-json\/wp\/v2\/media?parent=1892"}],"wp:term":[{"taxonomy":"product_brand","embeddable":true,"href":"https:\/\/rmvapesale.com\/fr\/wp-json\/wp\/v2\/product_brand?post=1892"},{"taxonomy":"product_cat","embeddable":true,"href":"https:\/\/rmvapesale.com\/fr\/wp-json\/wp\/v2\/product_cat?post=1892"},{"taxonomy":"product_tag","embeddable":true,"href":"https:\/\/rmvapesale.com\/fr\/wp-json\/wp\/v2\/product_tag?post=1892"}],"curies":[{"name":"wp","href":"https:\/\/api.w.org\/{rel}","templated":true}]}}