{"id":1940,"date":"2024-08-27T07:55:11","date_gmt":"2024-08-27T07:55:11","guid":{"rendered":"https:\/\/rmvapesale.com\/?post_type=product&#038;p=1940"},"modified":"2024-11-04T09:58:31","modified_gmt":"2024-11-04T09:58:31","slug":"randm-tornado-15000-puffs-vape-wholesale","status":"publish","type":"product","link":"https:\/\/rmvapesale.com\/fr\/product\/randm-tornado-15000-puffs-vape-wholesale\/","title":{"rendered":"RandM Tornado 15000 Puffs Vape Vente en gros"},"content":{"rendered":"<h1>RandM Tornado 15000 Puffs Vape Vente en gros<\/h1>\n<p>La cigarette \u00e9lectronique jetable devient populaire gr\u00e2ce \u00e0 sa large gamme de saveurs et sa facilit\u00e9 d'utilisation. Vous cherchez le meilleur prix pour une cigarette \u00e9lectronique jetable ? La RandM Tornado 15000 bouff\u00e9es est fortement recommand\u00e9e pour ses caract\u00e9ristiques impressionnantes. Con\u00e7ue avec une batterie rechargeable de 850mAh qui d\u00e9livre jusqu'\u00e0 15000 bouff\u00e9es. Ici dans notre boutique, vous pouvez acheter la vape RandM Tornado 15000 bouff\u00e9es \u00e0 prix de gros.<\/p>\n<p>La Tornado 15000 pr\u00e9sente un nouveau design avec une batterie rechargeable de 850mAh qui se charge rapidement via un port USB-C, permettant une recharge efficace. La cigarette \u00e9lectronique jetable RandM Tornado 15000 est \u00e9quip\u00e9e de la technologie de coil en mesh, offrant ainsi une exp\u00e9rience de vapotage plus douce et plus agr\u00e9able \u00e0 travers sa gamme de saveurs.<\/p>\n<p>Avant tout, la RM 15000 est vraiment une vape \u00e9conomique que vous m\u00e9ritez d'essayer !<\/p>\n<p><strong>Contactez Amy pour obtenir une r\u00e9ponse rapide et un prix de gros !<\/strong><\/p>\n<p><img loading=\"lazy\" decoding=\"async\" class=\"size-medium wp-image-1814\" src=\"https:\/\/rmvapesale.com\/wp-content\/uploads\/2024\/04\/whatsapp-amy-229x300.jpg\" alt=\"whatsapp amy\" width=\"229\" height=\"300\" srcset=\"https:\/\/rmvapesale.com\/wp-content\/uploads\/2024\/04\/whatsapp-amy-229x300.jpg 229w, https:\/\/rmvapesale.com\/wp-content\/uploads\/2024\/04\/whatsapp-amy-783x1024.jpg 783w, https:\/\/rmvapesale.com\/wp-content\/uploads\/2024\/04\/whatsapp-amy-768x1005.jpg 768w, https:\/\/rmvapesale.com\/wp-content\/uploads\/2024\/04\/whatsapp-amy-600x785.jpg 600w, https:\/\/rmvapesale.com\/wp-content\/uploads\/2024\/04\/whatsapp-amy.jpg 990w\" sizes=\"auto, (max-width: 229px) 100vw, 229px\" \/><\/p>\n<h2><strong>Qu'est-ce qui rend la FUMOT RandM Tornado 15000 unique parmi les cigarettes \u00e9lectroniques jetables ?<\/strong><\/h2>\n<p>Avec ses sp\u00e9cifications exceptionnelles, la RANDM VAPE 15K TORNADO authentique se distingue comme l'une des cigarettes \u00e9lectroniques jetables \u00e0 la plus grande capacit\u00e9 sur le march\u00e9.<\/p>\n<p>Options de teneur en nicotine : 0%, 2%, 3% et 5%<br \/>\nJusqu'\u00e0 15 000 bouff\u00e9es<br \/>\nPr\u00e9-rempli avec 25 ml de e-liquide<br \/>\nbatterie rechargeable de 850 mAh<br \/>\nBobine maill\u00e9e 0.9\u03a9<br \/>\n41 saveurs disponibles<\/p>\n<h2><strong>Quelle est la meilleure saveur pour la vape RandM Tornado 15k bouff\u00e9es ?<\/strong><\/h2>\n<p>Mr blue est sans aucun doute la saveur la plus populaire pour la RandM Tornado 15000, vous devriez l'essayer !<\/p>\n<p>La RandM Tornado 15000 offre un total de 41 saveurs disponibles pour votre choix, il y en a pour tous les go\u00fbts.<\/p>\n<p>1 Limonade \u00e0 la framboise bleue<br \/>\n2 P\u00eache glac\u00e9e<br \/>\n3 Pomme acidul\u00e9e<br \/>\n4 Past\u00e8que glac\u00e9e<br \/>\n5 Myrtille sur glace<br \/>\n6 Myrtille Framboise<br \/>\n7 Ananas glac\u00e9<br \/>\n8 Cerise<br \/>\n9 Fraise Glac\u00e9e<br \/>\n10 Vimto<br \/>\n11 Raisin glac\u00e9<br \/>\n12 Cola glac\u00e9<br \/>\n13 Fraise Past\u00e8que<br \/>\n14 Limonade rose<br \/>\n15 Baies m\u00e9lang\u00e9es<br \/>\n16 P\u00eache Mangue<br \/>\n17 Fruit du dragon<br \/>\n18 Fraise Raisin<br \/>\n19 Monsieur bleu<br \/>\n20 Glace luxuriante<br \/>\n21 Sucette glac\u00e9e<br \/>\n22 Fraise Kiwi<br \/>\n23 Kiwi fruit de la passion goyave<br \/>\n24 Triple baie<br \/>\n25 Banane glac\u00e9e<br \/>\n26 Bonbon p\u00eache myrtille<br \/>\n27 Pomme P\u00eache Poire<br \/>\n28 Limonade aux baies<br \/>\n29 Cerise framboise bleue<br \/>\n30 Chewing-gum myrtille<br \/>\n31.Myrtille Cerise Canneberge<br \/>\n32.Myrtille Grenade<br \/>\n33.Framboise Bleue Acide<br \/>\n34.Cola Cerise<br \/>\n35.Ours Gommeux<br \/>\n36.Citron<br \/>\n37.Mangue Glac\u00e9e<br \/>\n38.Boisson \u00c9nergisante Glac\u00e9e<br \/>\n39.Fraise Banane<br \/>\n40.Fraise Boisson \u00c9nergisante<br \/>\n41.Limonade fraise past\u00e8que<\/p>\n<h2><strong>Questions que vous pourriez vouloir conna\u00eetre sur la vape RandM Tornado 15000 bouff\u00e9es<\/strong><\/h2>\n<p>&nbsp;<\/p>\n<h3>Q1. Qu'est-ce que la vape originale RM Tornado 15000 bouff\u00e9es ?<\/h3>\n<p>R : La RANDM VAPE 15K TORNADO originale est un dispositif de vape jetable con\u00e7u pour des sessions prolong\u00e9es. Elle doit son nom \u00e0 sa capacit\u00e9 impressionnante de 15 000 bouff\u00e9es.<\/p>\n<h3>Q2. Qui fabrique la vape RandM Tornado 15k bouff\u00e9es authentique ?<\/h3>\n<p>Le RANDM VAPE 15K TORNADO Authentique est fabriqu\u00e9 par Shenzhen Fumot Technology, une entreprise leader dans l'industrie de la vape, reconnue pour ses produits innovants.<\/p>\n<h3>Q3. Combien de temps dure la vape RandM Tornado 15K authentique ?<\/h3>\n<p>Le RANDM VAPE 15K TORNADO Authentique dispose d'une batterie int\u00e9gr\u00e9e d'une capacit\u00e9 de 850mAh, offrant une utilisation prolong\u00e9e sur une seule charge. L'autonomie exacte de la batterie d\u00e9pend des habitudes d'utilisation individuelles.<\/p>\n<h3>Q4. La Fumot RandM Tornado 15000 bouff\u00e9es est-elle rechargeable ?<\/h3>\n<p><span style=\"font-size: 16px\">R : Non, la RANDM VAPE 15K TORNADO originale est \u00e9quip\u00e9e d'une batterie rechargeable, ce qui la rend rechargeable.<\/span><\/p>\n<h3>Q5. Comment puis-je acheter la vape Fumot RandM Tornado 15000 bouff\u00e9es authentique ?<\/h3>\n<p>A : Le RANDM VAPE 15K TORNADO Genuine est disponible \u00e0 l'achat aupr\u00e8s de distributeurs agr\u00e9\u00e9s. Pour les demandes en gros, les distributeurs peuvent <a href=\"https:\/\/wa.me\/8617776015835\" target=\"_blank\" rel=\"noopener\">contacter<\/a> directement. Les clients particuliers peuvent trouver le produit chez certains d\u00e9taillants ou dans des magasins en ligne.<\/p>\n<p><strong>D\u00e9tails de l'exp\u00e9dition :<\/strong><br \/>\nD\u00e9lai de production : 5-10 jours ouvrables<br \/>\nD\u00e9lai de livraison : 8-14 jours ouvrables<\/p>\n<p>Tous les produits de notre boutique sont 100% originaux et authentiques, donc la politique de notre boutique est une compensation dix fois pour les produits contrefaits. Nous utilisons des canaux logistiques tels que UPS\/DHL\/FEDEX\/DPD pour vous livrer les marchandises.<\/p>\n<p>Pour les colis exp\u00e9di\u00e9s en France, il faut g\u00e9n\u00e9ralement 10 jours ouvrables pour arriver. La livraison vers les pays europ\u00e9ens prend g\u00e9n\u00e9ralement environ 12-15 jours ouvrables. Nous mettrons \u00e0 jour les informations logistiques en temps r\u00e9el.<\/p>\n<p>Trouvez plus de produits de vape que vous pourriez aimer :<em><a href=\"https:\/\/rmvapesale.com\/fr\/shop-2\/\">acheter maintenant\u00a0<\/a><\/em><\/p>\n<p>autres cigarettes \u00e9lectroniques populaires que vous pourriez aimer :<\/p>\n<p><a href=\"https:\/\/rmvapesale.com\/fr\/product\/randm-vape-al-fakher-10000-puffs-vape-wholesale\/\">randm vape AI FAKHER 15k vape<\/a><\/p>\n<p><a href=\"https:\/\/rmvapesale.com\/fr\/product\/original-randm-tornado-9000-puffs-disposable-vape-factory-price\/\">RandM Tornado 9000<\/a><\/p>","protected":false},"excerpt":{"rendered":"<p>Fumot Tornado 15000 Prix de Gros pour Vape<br \/>\nOriginal RandM Tornado 15000 en Stock en Gros en Usine<br \/>\nVape Authentique RANDM Vape FUMOT TORNADO 15000 Prix de Remise<\/p>\n<p><strong>Contactez Amy pour plus de r\u00e9duction et un MOQ de vape plus bas<\/strong><\/p>\n<p><img loading=\"lazy\" decoding=\"async\" class=\"size-medium wp-image-1814\" src=\"https:\/\/rmvapesale.com\/wp-content\/uploads\/2024\/04\/whatsapp-amy-229x300.jpg\" alt=\"whatsapp amy\" width=\"229\" height=\"300\" srcset=\"https:\/\/rmvapesale.com\/wp-content\/uploads\/2024\/04\/whatsapp-amy-229x300.jpg 229w, https:\/\/rmvapesale.com\/wp-content\/uploads\/2024\/04\/whatsapp-amy-783x1024.jpg 783w, https:\/\/rmvapesale.com\/wp-content\/uploads\/2024\/04\/whatsapp-amy-768x1005.jpg 768w, https:\/\/rmvapesale.com\/wp-content\/uploads\/2024\/04\/whatsapp-amy-600x785.jpg 600w, https:\/\/rmvapesale.com\/wp-content\/uploads\/2024\/04\/whatsapp-amy.jpg 990w\" sizes=\"auto, (max-width: 229px) 100vw, 229px\" \/><\/p>\n<h3><span style=\"color: #ff0000\"><strong>WhatsApp: +86 17776015835<\/strong><\/span><\/h3>","protected":false},"featured_media":1937,"comment_status":"open","ping_status":"closed","template":"","meta":{"_uag_custom_page_level_css":"","_lmt_disableupdate":"no","_lmt_disable":"","site-sidebar-layout":"default","site-content-layout":"content-boxed-container","ast-site-content-layout":"normal-width-container","site-content-style":"boxed","site-sidebar-style":"unboxed","ast-global-header-display":"","ast-banner-title-visibility":"","ast-main-header-display":"","ast-hfb-above-header-display":"","ast-hfb-below-header-display":"","ast-hfb-mobile-header-display":"","site-post-title":"","ast-breadcrumbs-content":"","ast-featured-img":"","footer-sml-layout":"","ast-disable-related-posts":"","theme-transparent-header-meta":"default","adv-header-id-meta":"","stick-header-meta":"","header-above-stick-meta":"","header-main-stick-meta":"","header-below-stick-meta":"","astra-migrate-meta-layouts":"set","ast-page-background-enabled":"default","ast-page-background-meta":{"desktop":{"background-color":"var(--ast-global-color-4)","background-image":"","background-repeat":"repeat","background-position":"center center","background-size":"auto","background-attachment":"scroll","background-type":"","background-media":"","overlay-type":"","overlay-color":"","overlay-opacity":"","overlay-gradient":""},"tablet":{"background-color":"","background-image":"","background-repeat":"repeat","background-position":"center center","background-size":"auto","background-attachment":"scroll","background-type":"","background-media":"","overlay-type":"","overlay-color":"","overlay-opacity":"","overlay-gradient":""},"mobile":{"background-color":"","background-image":"","background-repeat":"repeat","background-position":"center center","background-size":"auto","background-attachment":"scroll","background-type":"","background-media":"","overlay-type":"","overlay-color":"","overlay-opacity":"","overlay-gradient":""}},"ast-content-background-meta":{"desktop":{"background-color":"var(--ast-global-color-5)","background-image":"","background-repeat":"repeat","background-position":"center center","background-size":"auto","background-attachment":"scroll","background-type":"","background-media":"","overlay-type":"","overlay-color":"","overlay-opacity":"","overlay-gradient":""},"tablet":{"background-color":"var(--ast-global-color-5)","background-image":"","background-repeat":"repeat","background-position":"center center","background-size":"auto","background-attachment":"scroll","background-type":"","background-media":"","overlay-type":"","overlay-color":"","overlay-opacity":"","overlay-gradient":""},"mobile":{"background-color":"var(--ast-global-color-5)","background-image":"","background-repeat":"repeat","background-position":"center center","background-size":"auto","background-attachment":"scroll","background-type":"","background-media":"","overlay-type":"","overlay-color":"","overlay-opacity":"","overlay-gradient":""}},"_joinchat":[]},"product_brand":[],"product_cat":[25,27,51,195,30,26,15,28,31,137,136],"product_tag":[44,39,40,41,38,37],"class_list":{"0":"post-1940","1":"product","2":"type-product","3":"status-publish","4":"has-post-thumbnail","6":"product_cat-germany-best-selling-vape","7":"product_cat-fance-hot-sale-vape","8":"product_cat-fumot-vape","9":"product_cat-germany-warehouse","10":"product_cat-minimum-order-quantity-50pcs","11":"product_cat-netherlands-hot-sale-vape","12":"product_cat-new-vape-this-week","13":"product_cat-poland-hot-sale-vape","14":"product_cat-randm-fumot-vape","15":"product_cat-rechargeable-vapes","16":"product_cat-smart-screen-vapes","17":"product_tag-15k-puffs-15000-vape-wholesale","18":"product_tag-fumot-vape","19":"product_tag-hot-sale-vape","20":"product_tag-original-factory-vape","21":"product_tag-randm-vape","22":"product_tag-wholesale-vape-price","23":"desktop-align-left","24":"tablet-align-left","25":"mobile-align-left","27":"first","28":"instock","29":"sale","30":"shipping-taxable","31":"purchasable","32":"product-type-simple"},"uagb_featured_image_src":{"full":["https:\/\/rmvapesale.com\/wp-content\/uploads\/2024\/08\/RandM-Tornado-15000-Wholesale-Blue-Razz-Lemonade.jpg",800,800,false],"thumbnail":["https:\/\/rmvapesale.com\/wp-content\/uploads\/2024\/08\/RandM-Tornado-15000-Wholesale-Blue-Razz-Lemonade-150x150.jpg",150,150,true],"medium":["https:\/\/rmvapesale.com\/wp-content\/uploads\/2024\/08\/RandM-Tornado-15000-Wholesale-Blue-Razz-Lemonade-300x300.jpg",300,300,true],"medium_large":["https:\/\/rmvapesale.com\/wp-content\/uploads\/2024\/08\/RandM-Tornado-15000-Wholesale-Blue-Razz-Lemonade-768x768.jpg",768,768,true],"large":["https:\/\/rmvapesale.com\/wp-content\/uploads\/2024\/08\/RandM-Tornado-15000-Wholesale-Blue-Razz-Lemonade.jpg",800,800,false],"1536x1536":["https:\/\/rmvapesale.com\/wp-content\/uploads\/2024\/08\/RandM-Tornado-15000-Wholesale-Blue-Razz-Lemonade.jpg",800,800,false],"2048x2048":["https:\/\/rmvapesale.com\/wp-content\/uploads\/2024\/08\/RandM-Tornado-15000-Wholesale-Blue-Razz-Lemonade.jpg",800,800,false],"trp-custom-language-flag":["https:\/\/rmvapesale.com\/wp-content\/uploads\/2024\/08\/RandM-Tornado-15000-Wholesale-Blue-Razz-Lemonade.jpg",12,12,false],"woocommerce_thumbnail":["https:\/\/rmvapesale.com\/wp-content\/uploads\/2024\/08\/RandM-Tornado-15000-Wholesale-Blue-Razz-Lemonade-300x300.jpg",300,300,true],"woocommerce_single":["https:\/\/rmvapesale.com\/wp-content\/uploads\/2024\/08\/RandM-Tornado-15000-Wholesale-Blue-Razz-Lemonade-600x600.jpg",600,600,true],"woocommerce_gallery_thumbnail":["https:\/\/rmvapesale.com\/wp-content\/uploads\/2024\/08\/RandM-Tornado-15000-Wholesale-Blue-Razz-Lemonade-100x100.jpg",100,100,true],"wcpr-photo-reviews":["https:\/\/rmvapesale.com\/wp-content\/uploads\/2024\/08\/RandM-Tornado-15000-Wholesale-Blue-Razz-Lemonade.jpg",500,500,false]},"uagb_author_info":{"display_name":"AMY","author_link":"https:\/\/rmvapesale.com\/fr\/author\/"},"uagb_comment_info":0,"uagb_excerpt":"Fumot Tornado 15000 VAPE Wholesale Price ORIGINAL RandM Tornado 15000 Factory Wholesale in Stock Genuine RANDM Vape FUMOT TORNADO 15000 Discount Price Contact Amy For More Discount And Lower MOQ Vape WhatsApp: +86 17776015835","_links":{"self":[{"href":"https:\/\/rmvapesale.com\/fr\/wp-json\/wp\/v2\/product\/1940","targetHints":{"allow":["GET"]}}],"collection":[{"href":"https:\/\/rmvapesale.com\/fr\/wp-json\/wp\/v2\/product"}],"about":[{"href":"https:\/\/rmvapesale.com\/fr\/wp-json\/wp\/v2\/types\/product"}],"replies":[{"embeddable":true,"href":"https:\/\/rmvapesale.com\/fr\/wp-json\/wp\/v2\/comments?post=1940"}],"wp:featuredmedia":[{"embeddable":true,"href":"https:\/\/rmvapesale.com\/fr\/wp-json\/wp\/v2\/media\/1937"}],"wp:attachment":[{"href":"https:\/\/rmvapesale.com\/fr\/wp-json\/wp\/v2\/media?parent=1940"}],"wp:term":[{"taxonomy":"product_brand","embeddable":true,"href":"https:\/\/rmvapesale.com\/fr\/wp-json\/wp\/v2\/product_brand?post=1940"},{"taxonomy":"product_cat","embeddable":true,"href":"https:\/\/rmvapesale.com\/fr\/wp-json\/wp\/v2\/product_cat?post=1940"},{"taxonomy":"product_tag","embeddable":true,"href":"https:\/\/rmvapesale.com\/fr\/wp-json\/wp\/v2\/product_tag?post=1940"}],"curies":[{"name":"wp","href":"https:\/\/api.w.org\/{rel}","templated":true}]}}