{"id":1942,"date":"2024-09-05T05:47:08","date_gmt":"2024-09-05T05:47:08","guid":{"rendered":"https:\/\/rmvapesale.com\/?post_type=product&#038;p=1942"},"modified":"2025-01-20T03:42:22","modified_gmt":"2025-01-20T03:42:22","slug":"vapme-crystal-7000-puffs-rechargeable-disposable-vape-price","status":"publish","type":"product","link":"https:\/\/rmvapesale.com\/fr\/product\/vapme-crystal-7000-puffs-rechargeable-disposable-vape-price\/","title":{"rendered":"Prix du kit de cigarette \u00e9lectronique jetable rechargeable Vapme Crystal 7000 Puffs"},"content":{"rendered":"<h1>Prix du kit de cigarette \u00e9lectronique jetable rechargeable Vapme Crystal 7000 Puffs<\/h1>\n<p>Voici le Vapme Crystal 7000 Puffs, une cigarette \u00e9lectronique jetable rechargeable, \u00e9dition originale - un appareil de premi\u00e8re qualit\u00e9 con\u00e7u pour une exp\u00e9rience de vapotage sup\u00e9rieure. Cette cigarette \u00e9lectronique jetable rechargeable offre une vaste gamme de saveurs et des taux de nicotine personnalisables. Choisissez parmi 30 saveurs attrayantes pour adapter votre exp\u00e9rience de vapotage \u00e0 vos pr\u00e9f\u00e9rences gustatives. Dans notre boutique, vous obtiendrez un prix de gros pour la cigarette \u00e9lectronique jetable rechargeable Vapme Crystal 7000 Puffs.<\/p>\n<p>Disponible avec des taux de nicotine de 0 %, 2 % et 5 %, cette cigarette \u00e9lectronique vous permet d'ajuster votre exp\u00e9rience \u00e0 vos besoins.<\/p>\n<p>La barre de cigarette \u00e9lectronique VAPME Crystal est aliment\u00e9e par une robuste batterie au cobalt de 650 mAh et dispose d'un port pratique de type C pour une alimentation fiable et une recharge sans effort.<\/p>\n<p>Avec une capacit\u00e9 de 14 ml de e-liquide et une r\u00e9sistance en maille de 1,0 ohm, cette cigarette \u00e9lectronique assure une vapeur douce et savoureuse \u00e0 chaque bouff\u00e9e.<\/p>\n<p>Profitez jusqu'\u00e0 7000 bouff\u00e9es de satisfaction avec cette cigarette \u00e9lectronique jetable rechargeable, parfaite pour ceux qui appr\u00e9cient \u00e0 la fois la commodit\u00e9 et la qualit\u00e9 dans leur exp\u00e9rience de vapotage.<\/p>\n<p>&nbsp;<\/p>\n<p><strong>Contactez Amy pour obtenir une r\u00e9ponse rapide et un prix de gros !<\/strong><\/p>\n<p><img loading=\"lazy\" decoding=\"async\" class=\"size-medium wp-image-1814\" src=\"https:\/\/rmvapesale.com\/wp-content\/uploads\/2024\/04\/whatsapp-amy-229x300.jpg\" alt=\"whatsapp amy\" width=\"229\" height=\"300\" srcset=\"https:\/\/rmvapesale.com\/wp-content\/uploads\/2024\/04\/whatsapp-amy-229x300.jpg 229w, https:\/\/rmvapesale.com\/wp-content\/uploads\/2024\/04\/whatsapp-amy-783x1024.jpg 783w, https:\/\/rmvapesale.com\/wp-content\/uploads\/2024\/04\/whatsapp-amy-768x1005.jpg 768w, https:\/\/rmvapesale.com\/wp-content\/uploads\/2024\/04\/whatsapp-amy-600x785.jpg 600w, https:\/\/rmvapesale.com\/wp-content\/uploads\/2024\/04\/whatsapp-amy.jpg 990w\" sizes=\"auto, (max-width: 229px) 100vw, 229px\" \/><\/p>\n<h2><\/h2>\n<h2><strong>Qu'est-ce qui fait de la <\/strong><strong>PUFF <\/strong><strong>7000 <\/strong><strong>VAPME Crystal <\/strong><strong>une cigarette \u00e9lectronique jetable<\/strong>\u00a0<strong>populaire ?<\/strong><\/h2>\n<p>Options de teneur en nicotine : 0%, 2%, 3% et 5%<br \/>\nJusqu'\u00e0 7000 bouff\u00e9es<br \/>\nPr\u00e9-rempli avec 14ml de e-liquide<br \/>\nbatterie rechargeable de 650 mAh<br \/>\nR\u00e9sistance en maille de 1,0 \u03a9<br \/>\n30 saveurs disponibles<\/p>\n<h2><strong>Quelle est la saveur populaire de la cigarette \u00e9lectronique VAPME Crystal 7000 ?<\/strong><\/h2>\n<p>La VAPME Crystal 7000 Puffs offre un total de 30 saveurs disponibles pour votre choix, il y en a pour tous les palais.<\/p>\n<p>1.Myrtille Framboise<br \/>\n2. Raisin-baie<br \/>\n3.Gomme \u00e0 bulles fraise past\u00e8que<br \/>\n4.Bonbon fraise framboise<br \/>\n5.Fraise banane<br \/>\n6.Mangue fraise<br \/>\n7.Ananas mangue p\u00eache<br \/>\n8. Past\u00e8que glac\u00e9e<br \/>\n9.Mangue triple<br \/>\n10.Cerise glac\u00e9e<br \/>\n11.Glace fruit de la passion melon<br \/>\n12.Goyave fruit de la passion kiwi<br \/>\n13.Glace \u00e0 la fraise<br \/>\n14.Glace \u00e0 la p\u00eache<br \/>\n15.Limonade au razz bleu<br \/>\n16.Fraise kiwi<br \/>\n17.Boisson \u00e9nergisante<br \/>\n18.Cola cerise<br \/>\n19.Glace aux fruits rouges m\u00e9lang\u00e9s<br \/>\n20.Citron<br \/>\n21.Fraise raisin<br \/>\n22.Glace au cassis<br \/>\n23.Myrtille canneberge cerise<br \/>\n24.Glace past\u00e8que kiwi<br \/>\n25.cerise baie<br \/>\n26.menthe<br \/>\n27.punch aux fruits tropicaux<br \/>\n28.Mr blue<br \/>\n29.Pomme double<br \/>\n30.banane glac\u00e9e<\/p>\n<figure id=\"attachment_1945\" aria-describedby=\"caption-attachment-1945\" style=\"width: 500px\" class=\"wp-caption alignnone\"><img loading=\"lazy\" decoding=\"async\" class=\"wp-image-1945 size-full\" src=\"https:\/\/rmvapesale.com\/wp-content\/uploads\/2024\/09\/Vapme-Crystal-7000-Puffs-Disposable-Vape-Wholesale.jpg\" alt=\"Vapoteuse jetable en gros Vapme Crystal 7000 bouff\u00e9es\" width=\"500\" height=\"500\" srcset=\"https:\/\/rmvapesale.com\/wp-content\/uploads\/2024\/09\/Vapme-Crystal-7000-Puffs-Disposable-Vape-Wholesale.jpg 500w, https:\/\/rmvapesale.com\/wp-content\/uploads\/2024\/09\/Vapme-Crystal-7000-Puffs-Disposable-Vape-Wholesale-300x300.jpg 300w, https:\/\/rmvapesale.com\/wp-content\/uploads\/2024\/09\/Vapme-Crystal-7000-Puffs-Disposable-Vape-Wholesale-150x150.jpg 150w, https:\/\/rmvapesale.com\/wp-content\/uploads\/2024\/09\/Vapme-Crystal-7000-Puffs-Disposable-Vape-Wholesale-100x100.jpg 100w\" sizes=\"auto, (max-width: 500px) 100vw, 500px\" \/><figcaption id=\"caption-attachment-1945\" class=\"wp-caption-text\">Vapoteuse jetable en gros Vapme Crystal 7000 bouff\u00e9es<\/figcaption><\/figure>\n<h2><strong>Questions que vous voudriez peut-\u00eatre savoir sur la vapoteuse VAPME Crystal 7000<\/strong><\/h2>\n<p>&nbsp;<\/p>\n<h3>Q 1. Qu'est-ce que le VAPME Crystal 7000 Puffs Vape Original ?<\/h3>\n<p>R : Le <span style=\"font-size: 16px\">VAPME Crystal 7000 Bouff\u00e9es<\/span> est un appareil de vape jetable rechargeable, con\u00e7u pour des sessions de vapotage prolong\u00e9es. Il tire son nom de son impressionnante capacit\u00e9 de 7000 bouff\u00e9es et de ses lumi\u00e8res multicolores qui rappellent un cristal illumin\u00e9.<\/p>\n<h3>Q 2. Quelle est la dur\u00e9e de vie du VAPME Crystal 7000 authentique ?<\/h3>\n<p>R : L'authentique <span style=\"font-size: 16px\">VAPME Crystal 7000 Bouff\u00e9es <\/span>dispose d'une batterie int\u00e9gr\u00e9e d'une capacit\u00e9 de 850 mAh, offrant une utilisation prolong\u00e9e sur une seule charge. Mais l'autonomie exacte de la batterie d\u00e9pend des habitudes d'utilisation de chacun.<\/p>\n<h3>Q 3. Le PUFF 7000 VAPME Crystal Original est-il rechargeable ?<\/h3>\n<p><span style=\"font-size: 16px\">R : Oui, le VAPME Crystal 7000 Puffs Original est livr\u00e9 avec une batterie rechargeable, il est donc rechargeable. Vous pouvez en profiter jusqu'\u00e0 la derni\u00e8re goutte.<\/span><\/p>\n<h3>Q 4. O\u00f9 puis-je obtenir le prix de gros pour la vape jetable rechargeable Vapme Crystal 7000 puffs ?<\/h3>\n<p>R : Le <span style=\"font-size: 16px\">VAPME Crystal 7000 Bouff\u00e9es <\/span>est disponible \u00e0 l'achat aupr\u00e8s des distributeurs agr\u00e9\u00e9s. Pour les demandes de gros, les distributeurs peuvent <a href=\"https:\/\/wa.me\/8617776015835\" target=\"_blank\" rel=\"noopener\">contacter<\/a> directement. Les clients particuliers peuvent trouver le produit chez certains d\u00e9taillants ou dans des magasins en ligne.<\/p>\n<p>Trouvez plus de produits de vape que vous pourriez aimer :<em><a href=\"https:\/\/rmvapesale.com\/fr\/shop-2\/\">acheter maintenant\u00a0<\/a><\/em><\/p>\n<p>autres cigarettes \u00e9lectroniques populaires que vous pourriez aimer :<\/p>\n<p><a href=\"https:\/\/rmvapesale.com\/fr\/product\/randm-vape-al-fakher-10000-puffs-vape-wholesale\/\">randm vape AI FAKHER 15k vape<\/a><\/p>\n<p><a href=\"https:\/\/rmvapesale.com\/fr\/product\/original-randm-tornado-9000-puffs-disposable-vape-factory-price\/\">RandM Tornado 9000<\/a><\/p>","protected":false},"excerpt":{"rendered":"<p>Vapme Crystal 7000 Puffs Cigarette \u00e9lectronique jetable rechargeable Prix d'achat en gros<\/p>\n<p>Puff 7000 Vapme Crystal Cigarette \u00e9lectronique jetable originale Meilleure saveur<\/p>\n<p>VAPME CRYSTAL 7000 Puffs 2% Nicotine<\/p>\n<p><strong>Contactez Amy pour plus de r\u00e9duction et un MOQ de vape plus bas<\/strong><\/p>\n<p><img loading=\"lazy\" decoding=\"async\" class=\"size-medium wp-image-1814\" src=\"https:\/\/rmvapesale.com\/wp-content\/uploads\/2024\/04\/whatsapp-amy-229x300.jpg\" alt=\"whatsapp amy\" width=\"229\" height=\"300\" srcset=\"https:\/\/rmvapesale.com\/wp-content\/uploads\/2024\/04\/whatsapp-amy-229x300.jpg 229w, https:\/\/rmvapesale.com\/wp-content\/uploads\/2024\/04\/whatsapp-amy-783x1024.jpg 783w, https:\/\/rmvapesale.com\/wp-content\/uploads\/2024\/04\/whatsapp-amy-768x1005.jpg 768w, https:\/\/rmvapesale.com\/wp-content\/uploads\/2024\/04\/whatsapp-amy-600x785.jpg 600w, https:\/\/rmvapesale.com\/wp-content\/uploads\/2024\/04\/whatsapp-amy.jpg 990w\" sizes=\"auto, (max-width: 229px) 100vw, 229px\" \/><\/p>\n<h3><span style=\"color: #ff0000\"><strong>WhatsApp: +86 17776015835<\/strong><\/span><\/h3>","protected":false},"featured_media":2671,"comment_status":"open","ping_status":"closed","template":"","meta":{"_uag_custom_page_level_css":"","_lmt_disableupdate":"no","_lmt_disable":"","site-sidebar-layout":"default","site-content-layout":"content-boxed-container","ast-site-content-layout":"normal-width-container","site-content-style":"boxed","site-sidebar-style":"unboxed","ast-global-header-display":"","ast-banner-title-visibility":"","ast-main-header-display":"","ast-hfb-above-header-display":"","ast-hfb-below-header-display":"","ast-hfb-mobile-header-display":"","site-post-title":"","ast-breadcrumbs-content":"","ast-featured-img":"","footer-sml-layout":"","theme-transparent-header-meta":"default","adv-header-id-meta":"","stick-header-meta":"","header-above-stick-meta":"","header-main-stick-meta":"","header-below-stick-meta":"","astra-migrate-meta-layouts":"set","ast-page-background-enabled":"default","ast-page-background-meta":{"desktop":{"background-color":"var(--ast-global-color-4)","background-image":"","background-repeat":"repeat","background-position":"center center","background-size":"auto","background-attachment":"scroll","background-type":"","background-media":"","overlay-type":"","overlay-color":"","overlay-opacity":"","overlay-gradient":""},"tablet":{"background-color":"","background-image":"","background-repeat":"repeat","background-position":"center center","background-size":"auto","background-attachment":"scroll","background-type":"","background-media":"","overlay-type":"","overlay-color":"","overlay-opacity":"","overlay-gradient":""},"mobile":{"background-color":"","background-image":"","background-repeat":"repeat","background-position":"center center","background-size":"auto","background-attachment":"scroll","background-type":"","background-media":"","overlay-type":"","overlay-color":"","overlay-opacity":"","overlay-gradient":""}},"ast-content-background-meta":{"desktop":{"background-color":"var(--ast-global-color-5)","background-image":"","background-repeat":"repeat","background-position":"center center","background-size":"auto","background-attachment":"scroll","background-type":"","background-media":"","overlay-type":"","overlay-color":"","overlay-opacity":"","overlay-gradient":""},"tablet":{"background-color":"var(--ast-global-color-5)","background-image":"","background-repeat":"repeat","background-position":"center center","background-size":"auto","background-attachment":"scroll","background-type":"","background-media":"","overlay-type":"","overlay-color":"","overlay-opacity":"","overlay-gradient":""},"mobile":{"background-color":"var(--ast-global-color-5)","background-image":"","background-repeat":"repeat","background-position":"center center","background-size":"auto","background-attachment":"scroll","background-type":"","background-media":"","overlay-type":"","overlay-color":"","overlay-opacity":"","overlay-gradient":""}},"_joinchat":[]},"product_brand":[],"product_cat":[25,290,293,295,281,272,123,26,28,135,27,137,136,15,30],"product_tag":[48,40,41,54,53,37],"class_list":{"0":"post-1942","1":"product","2":"type-product","3":"status-publish","4":"has-post-thumbnail","6":"product_cat-germany-best-selling-vape","7":"product_cat-crystal-disposable-vapes","8":"product_cat-low-nicotine-disposable-vapes","9":"product_cat-rechargeable-disposable-vapes","10":"product_cat-vapme-vape","11":"product_cat-7000-puff-disposable-vape","12":"product_cat-italy-wholesale-vape","13":"product_cat-netherlands-hot-sale-vape","14":"product_cat-poland-hot-sale-vape","15":"product_cat-spain-best-hot-sale-vape","16":"product_cat-fance-hot-sale-vape","17":"product_cat-rechargeable-vapes","18":"product_cat-smart-screen-vapes","19":"product_cat-new-vape-this-week","20":"product_cat-minimum-order-quantity-50pcs","21":"product_tag-7000-puffs-vape","22":"product_tag-hot-sale-vape","23":"product_tag-original-factory-vape","24":"product_tag-rechargeable-disposable-vape","25":"product_tag-vapme-vape","26":"product_tag-wholesale-vape-price","27":"desktop-align-left","28":"tablet-align-left","29":"mobile-align-left","31":"first","32":"instock","33":"sale","34":"shipping-taxable","35":"purchasable","36":"product-type-simple"},"uagb_featured_image_src":{"full":["https:\/\/rmvapesale.com\/wp-content\/uploads\/2024\/11\/Vapme-Crystal-Rechareable-Vape-Wholesale.jpg",800,800,false],"thumbnail":["https:\/\/rmvapesale.com\/wp-content\/uploads\/2024\/11\/Vapme-Crystal-Rechareable-Vape-Wholesale-150x150.jpg",150,150,true],"medium":["https:\/\/rmvapesale.com\/wp-content\/uploads\/2024\/11\/Vapme-Crystal-Rechareable-Vape-Wholesale-300x300.jpg",300,300,true],"medium_large":["https:\/\/rmvapesale.com\/wp-content\/uploads\/2024\/11\/Vapme-Crystal-Rechareable-Vape-Wholesale-768x768.jpg",768,768,true],"large":["https:\/\/rmvapesale.com\/wp-content\/uploads\/2024\/11\/Vapme-Crystal-Rechareable-Vape-Wholesale.jpg",800,800,false],"1536x1536":["https:\/\/rmvapesale.com\/wp-content\/uploads\/2024\/11\/Vapme-Crystal-Rechareable-Vape-Wholesale.jpg",800,800,false],"2048x2048":["https:\/\/rmvapesale.com\/wp-content\/uploads\/2024\/11\/Vapme-Crystal-Rechareable-Vape-Wholesale.jpg",800,800,false],"trp-custom-language-flag":["https:\/\/rmvapesale.com\/wp-content\/uploads\/2024\/11\/Vapme-Crystal-Rechareable-Vape-Wholesale.jpg",12,12,false],"woocommerce_thumbnail":["https:\/\/rmvapesale.com\/wp-content\/uploads\/2024\/11\/Vapme-Crystal-Rechareable-Vape-Wholesale-300x300.jpg",300,300,true],"woocommerce_single":["https:\/\/rmvapesale.com\/wp-content\/uploads\/2024\/11\/Vapme-Crystal-Rechareable-Vape-Wholesale-600x600.jpg",600,600,true],"woocommerce_gallery_thumbnail":["https:\/\/rmvapesale.com\/wp-content\/uploads\/2024\/11\/Vapme-Crystal-Rechareable-Vape-Wholesale-100x100.jpg",100,100,true],"wcpr-photo-reviews":["https:\/\/rmvapesale.com\/wp-content\/uploads\/2024\/11\/Vapme-Crystal-Rechareable-Vape-Wholesale.jpg",500,500,false]},"uagb_author_info":{"display_name":"AMY","author_link":"https:\/\/rmvapesale.com\/fr\/author\/"},"uagb_comment_info":0,"uagb_excerpt":"Vapme Crystal 7000 Puffs Rechargeable Disposable Vape Bulk Buy Price Puff 7000 Vapme Crystal Original Disposable Vape Best Flavor VAPME CRYSTAL 7000 Puffs 2% Nicotine Contact Amy For More Discount And Lower MOQ Vape WhatsApp: +86 17776015835","_links":{"self":[{"href":"https:\/\/rmvapesale.com\/fr\/wp-json\/wp\/v2\/product\/1942","targetHints":{"allow":["GET"]}}],"collection":[{"href":"https:\/\/rmvapesale.com\/fr\/wp-json\/wp\/v2\/product"}],"about":[{"href":"https:\/\/rmvapesale.com\/fr\/wp-json\/wp\/v2\/types\/product"}],"replies":[{"embeddable":true,"href":"https:\/\/rmvapesale.com\/fr\/wp-json\/wp\/v2\/comments?post=1942"}],"wp:featuredmedia":[{"embeddable":true,"href":"https:\/\/rmvapesale.com\/fr\/wp-json\/wp\/v2\/media\/2671"}],"wp:attachment":[{"href":"https:\/\/rmvapesale.com\/fr\/wp-json\/wp\/v2\/media?parent=1942"}],"wp:term":[{"taxonomy":"product_brand","embeddable":true,"href":"https:\/\/rmvapesale.com\/fr\/wp-json\/wp\/v2\/product_brand?post=1942"},{"taxonomy":"product_cat","embeddable":true,"href":"https:\/\/rmvapesale.com\/fr\/wp-json\/wp\/v2\/product_cat?post=1942"},{"taxonomy":"product_tag","embeddable":true,"href":"https:\/\/rmvapesale.com\/fr\/wp-json\/wp\/v2\/product_tag?post=1942"}],"curies":[{"name":"wp","href":"https:\/\/api.w.org\/{rel}","templated":true}]}}