{"id":1950,"date":"2024-09-05T08:27:17","date_gmt":"2024-09-05T08:27:17","guid":{"rendered":"https:\/\/rmvapesale.com\/?post_type=product&#038;p=1950"},"modified":"2025-01-20T03:43:06","modified_gmt":"2025-01-20T03:43:06","slug":"bang-30k-puffs-disposable-vape-double-taste-wholesale-italy","status":"publish","type":"product","link":"https:\/\/rmvapesale.com\/fr\/product\/bang-30k-puffs-disposable-vape-double-taste-wholesale-italy\/","title":{"rendered":"Bang 30k Puffs Vape jetable double saveur Vente en gros France"},"content":{"rendered":"<h1>Bang 30k Puffs Vape jetable double saveur Vente en gros France<\/h1>\n<p>La Bang 30000 30k Bouff\u00e9es Vape Jetable Double Saveur est un appareil de premier ordre con\u00e7u pour une exp\u00e9rience de vapotage exceptionnelle. Avec une impressionnante capacit\u00e9 de 30 000 bouff\u00e9es, elle offre une long\u00e9vit\u00e9 et une commodit\u00e9 in\u00e9gal\u00e9es. Dot\u00e9e d'une r\u00e9sistance en mesh de 1,0 ohm, elle d\u00e9livre une vapeur douce et constante, am\u00e9liorant la saveur \u00e0 chaque bouff\u00e9e. Sa capacit\u00e9 de 36 ml de e-liquide garantit une utilisation prolong\u00e9e sans recharges fr\u00e9quentes. Choisissez parmi les niveaux de nicotine 0%, 2%, 3% ou 5% selon vos pr\u00e9f\u00e9rences.<\/p>\n<p>La batterie de 550mAh offre une performance fiable, tandis que la fonction de charge Type-C permet des recharges rapides et efficaces. L'\u00e9cran LCD avanc\u00e9 vous tient inform\u00e9 de la dur\u00e9e de vie de la batterie et du niveau de e-liquide, assurant une exp\u00e9rience sans interruption.<\/p>\n<p>La Bang 30000 bouff\u00e9es poss\u00e8de \u00e9galement la fonctionnalit\u00e9 Double Saveur, vous permettant de passer entre deux saveurs distinctes pour une session de vapotage polyvalente. Id\u00e9ale pour les d\u00e9butants comme pour les vapoteurs exp\u00e9riment\u00e9s, elle combine grande capacit\u00e9, facilit\u00e9 d'utilisation et technologie de pointe pour une exp\u00e9rience de vapotage haut de gamme.<\/p>\n<p><strong>Contactez Amy pour obtenir une r\u00e9ponse rapide et un prix de gros !<\/strong><\/p>\n<p><img loading=\"lazy\" decoding=\"async\" class=\"size-medium wp-image-1814\" src=\"https:\/\/rmvapesale.com\/wp-content\/uploads\/2024\/04\/whatsapp-amy-229x300.jpg\" alt=\"whatsapp amy\" width=\"229\" height=\"300\" srcset=\"https:\/\/rmvapesale.com\/wp-content\/uploads\/2024\/04\/whatsapp-amy-229x300.jpg 229w, https:\/\/rmvapesale.com\/wp-content\/uploads\/2024\/04\/whatsapp-amy-783x1024.jpg 783w, https:\/\/rmvapesale.com\/wp-content\/uploads\/2024\/04\/whatsapp-amy-768x1005.jpg 768w, https:\/\/rmvapesale.com\/wp-content\/uploads\/2024\/04\/whatsapp-amy-600x785.jpg 600w, https:\/\/rmvapesale.com\/wp-content\/uploads\/2024\/04\/whatsapp-amy.jpg 990w\" sizes=\"auto, (max-width: 229px) 100vw, 229px\" \/><\/p>\n<h2><strong>Qu'est-ce qui fait de Bang 30000 Bouff\u00e9es le<\/strong><strong>\u00a0vape jetable la plus vendue ?<\/strong><\/h2>\n<p>Dot\u00e9e de sp\u00e9cifications exceptionnelles, la Vape Jetable Double Saveur Bang 30000 Bouff\u00e9es authentique se distingue comme l'une des vape jetables \u00e0 la plus grande capacit\u00e9 sur le march\u00e9.<\/p>\n<p>Bouff\u00e9es : 30000bouff\u00e9es<br \/>\nNoyau : R\u00e9sistance en mesh 1,0 ohm<br \/>\nE-liquide : 36ml<br \/>\nNicotine : 0%\/2%\/3%\/5%<br \/>\nBatterie : 550mAh<br \/>\nRechargeable : Type-C<br \/>\n\u00c9cran num\u00e9rique LCD<br \/>\nDouble Saveur<\/p>\n<h2><strong>Quelle est la meilleure saveur pour <\/strong><strong>Bang 30k <\/strong><strong>vape bouff\u00e9es ?<\/strong><\/h2>\n<p>m\u00fbre myrtille &amp; p\u00eache mangue past\u00e8que n'est pas la saveur double la plus populaire pour La Bang 30000 Bouff\u00e9es Vape Jetable Double Saveur, vous devriez l'essayer !<\/p>\n<p>Cette Bang 30000 Vape offre un total de 12 saveurs disponibles pour votre choix, il y en a pour tous les go\u00fbts.<\/p>\n<p>1.glace de past\u00e8que et myrtille \u00e0 la menthe<br \/>\n2.glace de past\u00e8que et fraise avec mangue<br \/>\n3.fraise, past\u00e8que et kiwi, fruit de la passion, goyave<br \/>\n4.fraise et past\u00e8que, glace au raisin<br \/>\n5.glace de myrtille et dragon noir<br \/>\n6.glace de myrtille et fraise avec banane<br \/>\n7.Red Bull et past\u00e8que \u00e0 la myrtille<br \/>\n8.Red Bull et bonbons \u00e0 la bulle de past\u00e8que<br \/>\n9.fraise et framboise, p\u00eache, mangue, past\u00e8que<br \/>\n10.frambroise et myrtille, fruits m\u00e9lang\u00e9s moisis<br \/>\n11.fraise et kiwi, glace \u00e0 la p\u00eache<br \/>\n12.fraise et kiwi, pomme acide, framboise<\/p>\n<h2><strong>Questions que vous pourriez vouloir conna\u00eetre sur la cigarette \u00e9lectronique jetable Bang 30000<\/strong><\/h2>\n<h3>Q1. Qu'est-ce que la cigarette \u00e9lectronique jetable Bang30k Puffs ?<\/h3>\n<p>R : La Bang 30k Puffs Original est un dispositif de vapotage jetable con\u00e7u pour des sessions prolong\u00e9es. Elle doit son nom \u00e0 sa capacit\u00e9 impressionnante de 15 000 bouff\u00e9es.<\/p>\n<h3>Q2. Combien de temps dure la cigarette \u00e9lectronique BangKing 30000 Puffs 15K authentique ?<\/h3>\n<p>R : La Bang 30k Puffs authentique poss\u00e8de une batterie int\u00e9gr\u00e9e de 550mAh, offrant une utilisation prolong\u00e9e avec une seule charge. Mais la dur\u00e9e exacte de la batterie d\u00e9pend des habitudes d'utilisation individuelles.<\/p>\n<h3>Q3. La cigarette \u00e9lectronique Bang 30000 Puffs Original est-elle rechargeable ?<\/h3>\n<p><span style=\"font-size: 16px\">R : Oui, la Bang 30k Puffs Original est \u00e9quip\u00e9e d'une batterie rechargeable, vous pouvez en profiter jusqu'\u00e0 la derni\u00e8re goutte.<\/span><\/p>\n<h3>Q4. O\u00f9 puis-je acheter la cigarette \u00e9lectronique Bang 30000 Puffs authentique ?<\/h3>\n<p>A : Le Bang 30k Puffs Genuine est disponible \u00e0 l'achat aupr\u00e8s de distributeurs agr\u00e9\u00e9s. Pour les demandes en gros, les distributeurs peuvent <a href=\"https:\/\/wa.me\/8617776015835\" target=\"_blank\" rel=\"noopener\">contacter<\/a> directement. Les clients particuliers peuvent trouver le produit chez certains d\u00e9taillants ou boutiques en ligne. Tous les produits de notre magasin sont 100% originaux et authentiques, donc une compensation dix fois sup\u00e9rieure pour les contrefa\u00e7ons est la politique de notre boutique.<\/p>\n<p>&nbsp;<\/p>\n<p><strong>D\u00e9tails de l'exp\u00e9dition :<\/strong><\/p>\n<div class=\"flex-shrink-0 flex flex-col relative items-end\">\n<div>\n<div class=\"pt-0\">\n<div class=\"gizmo-bot-avatar flex h-8 w-8 items-center justify-center overflow-hidden rounded-full\">\n<div class=\"relative p-1 rounded-sm flex items-center justify-center bg-token-main-surface-primary text-token-text-primary h-8 w-8\"><strong>Quelles m\u00e9thodes d'exp\u00e9dition sont utilis\u00e9es ?<\/strong><\/div>\n<\/div>\n<\/div>\n<\/div>\n<\/div>\n<div class=\"group\/conversation-turn relative flex w-full min-w-0 flex-col agent-turn\">\n<div class=\"flex-col gap-1 md:gap-3\">\n<div class=\"flex max-w-full flex-col flex-grow\">\n<div class=\"min-h-[20px] text-message flex w-full flex-col items-end gap-2 whitespace-normal break-words [.text-message+&amp;]:mt-5 overflow-x-auto\" dir=\"auto\" data-message-author-role=\"assistant\" data-message-id=\"22f8283b-3233-46ff-89a5-c7a41b33abda\">\n<div class=\"flex w-full flex-col gap-1 empty:hidden first:pt-[3px]\">\n<div class=\"markdown prose w-full break-words dark:prose-invert light\">\n<p>Nous travaillons en partenariat avec UPS, DHL, FedEx, DPD et d'autres transporteurs de premier plan. Nous s\u00e9lectionnerons la meilleure m\u00e9thode d'exp\u00e9dition en fonction de votre lieu de livraison pour que vous receviez vos produits le plus rapidement possible.<\/p>\n<\/div>\n<p><strong>Combien de temps faut-il pour arriver ?<\/strong><\/p>\n<p>Les colis exp\u00e9di\u00e9s en France arrivent g\u00e9n\u00e9ralement sous 10 jours ouvrables. L'exp\u00e9dition vers les pays europ\u00e9ens prend g\u00e9n\u00e9ralement environ 12 \u00e0 15 jours ouvrables. Nous vous fournirons des mises \u00e0 jour en temps r\u00e9el sur l'\u00e9tat de votre envoi.<\/p>\n<p>&nbsp;<\/p>\n<\/div>\n<\/div>\n<\/div>\n<\/div>\n<\/div>\n<p>Trouvez plus de produits de vape que vous pourriez aimer :<em><a href=\"https:\/\/rmvapesale.com\/fr\/shop-2\/\">acheter maintenant\u00a0<\/a><\/em><\/p>\n<p>autres cigarettes \u00e9lectroniques populaires que vous pourriez aimer :<\/p>\n<p><a href=\"https:\/\/rmvapesale.com\/fr\/product\/randm-vape-al-fakher-10000-puffs-vape-wholesale\/\">randm vape AI FAKHER 15k vape<\/a><\/p>\n<p><a href=\"https:\/\/rmvapesale.com\/fr\/product\/original-randm-tornado-9000-puffs-disposable-vape-factory-price\/\">RandM Tornado 9000<\/a><\/p>","protected":false},"excerpt":{"rendered":"<p>Bang 30000 30k Bouff\u00e9es Vape Jetable Double Saveur Prix de Gros<br \/>\nORIGINAL Bang 30000 Bouff\u00e9es Vape Jetable en Stock \u00e0 l'Usine en Gros<br \/>\nBANG 30000 saveur double 30K Vape Jetable Prix de R\u00e9duction<\/p>\n<p><strong>Contactez Amy pour plus de r\u00e9duction et un MOQ de vape plus bas<\/strong><\/p>\n<p><img loading=\"lazy\" decoding=\"async\" class=\"size-medium wp-image-1814\" src=\"https:\/\/rmvapesale.com\/wp-content\/uploads\/2024\/04\/whatsapp-amy-229x300.jpg\" alt=\"whatsapp amy\" width=\"229\" height=\"300\" srcset=\"https:\/\/rmvapesale.com\/wp-content\/uploads\/2024\/04\/whatsapp-amy-229x300.jpg 229w, https:\/\/rmvapesale.com\/wp-content\/uploads\/2024\/04\/whatsapp-amy-783x1024.jpg 783w, https:\/\/rmvapesale.com\/wp-content\/uploads\/2024\/04\/whatsapp-amy-768x1005.jpg 768w, https:\/\/rmvapesale.com\/wp-content\/uploads\/2024\/04\/whatsapp-amy-600x785.jpg 600w, https:\/\/rmvapesale.com\/wp-content\/uploads\/2024\/04\/whatsapp-amy.jpg 990w\" sizes=\"auto, (max-width: 229px) 100vw, 229px\" \/><\/p>\n<h3><span style=\"color: #ff0000\"><strong>WhatsApp: +86 17776015835<\/strong><\/span><\/h3>","protected":false},"featured_media":1951,"comment_status":"open","ping_status":"closed","template":"","meta":{"_uag_custom_page_level_css":"","_lmt_disableupdate":"no","_lmt_disable":"","site-sidebar-layout":"default","site-content-layout":"content-boxed-container","ast-site-content-layout":"normal-width-container","site-content-style":"boxed","site-sidebar-style":"unboxed","ast-global-header-display":"","ast-banner-title-visibility":"","ast-main-header-display":"","ast-hfb-above-header-display":"","ast-hfb-below-header-display":"","ast-hfb-mobile-header-display":"","site-post-title":"","ast-breadcrumbs-content":"","ast-featured-img":"","footer-sml-layout":"","theme-transparent-header-meta":"default","adv-header-id-meta":"","stick-header-meta":"","header-above-stick-meta":"","header-main-stick-meta":"","header-below-stick-meta":"","astra-migrate-meta-layouts":"set","ast-page-background-enabled":"default","ast-page-background-meta":{"desktop":{"background-color":"var(--ast-global-color-4)","background-image":"","background-repeat":"repeat","background-position":"center center","background-size":"auto","background-attachment":"scroll","background-type":"","background-media":"","overlay-type":"","overlay-color":"","overlay-opacity":"","overlay-gradient":""},"tablet":{"background-color":"","background-image":"","background-repeat":"repeat","background-position":"center center","background-size":"auto","background-attachment":"scroll","background-type":"","background-media":"","overlay-type":"","overlay-color":"","overlay-opacity":"","overlay-gradient":""},"mobile":{"background-color":"","background-image":"","background-repeat":"repeat","background-position":"center center","background-size":"auto","background-attachment":"scroll","background-type":"","background-media":"","overlay-type":"","overlay-color":"","overlay-opacity":"","overlay-gradient":""}},"ast-content-background-meta":{"desktop":{"background-color":"var(--ast-global-color-5)","background-image":"","background-repeat":"repeat","background-position":"center center","background-size":"auto","background-attachment":"scroll","background-type":"","background-media":"","overlay-type":"","overlay-color":"","overlay-opacity":"","overlay-gradient":""},"tablet":{"background-color":"var(--ast-global-color-5)","background-image":"","background-repeat":"repeat","background-position":"center center","background-size":"auto","background-attachment":"scroll","background-type":"","background-media":"","overlay-type":"","overlay-color":"","overlay-opacity":"","overlay-gradient":""},"mobile":{"background-color":"var(--ast-global-color-5)","background-image":"","background-repeat":"repeat","background-position":"center center","background-size":"auto","background-attachment":"scroll","background-type":"","background-media":"","overlay-type":"","overlay-color":"","overlay-opacity":"","overlay-gradient":""}},"_joinchat":[]},"product_brand":[],"product_cat":[25,289,291,292,298,293,295,299,279,253,123,26,28,135,27,60,137,136,15,30],"product_tag":[55,56,57,58,40,41,59,37],"class_list":{"0":"post-1950","1":"product","2":"type-product","3":"status-publish","4":"has-post-thumbnail","6":"product_cat-germany-best-selling-vape","7":"product_cat-big-puffs-disposable-vapes","8":"product_cat-dual-mesh-disposable-vapes","9":"product_cat-digital-disposable-vapes","10":"product_cat-double-flavor-disposable-vapes","11":"product_cat-low-nicotine-disposable-vapes","12":"product_cat-rechargeable-disposable-vapes","13":"product_cat-smart-screen-disposable-vapes","14":"product_cat-bang-king-vape","15":"product_cat-15000-puff-disposable-vape","16":"product_cat-italy-wholesale-vape","17":"product_cat-netherlands-hot-sale-vape","18":"product_cat-poland-hot-sale-vape","19":"product_cat-spain-best-hot-sale-vape","20":"product_cat-fance-hot-sale-vape","21":"product_cat-bang-vapes","22":"product_cat-rechargeable-vapes","23":"product_cat-smart-screen-vapes","24":"product_cat-new-vape-this-week","25":"product_cat-minimum-order-quantity-50pcs","26":"product_tag-buy-vape-pods","27":"product_tag-disposable-vape-wholesale-near-me","28":"product_tag-disposable-vape-wholesale-supplier","29":"product_tag-electric-cigarettes","30":"product_tag-hot-sale-vape","31":"product_tag-original-factory-vape","32":"product_tag-puffs-vape","33":"product_tag-wholesale-vape-price","34":"desktop-align-left","35":"tablet-align-left","36":"mobile-align-left","38":"first","39":"instock","40":"sale","41":"shipping-taxable","42":"purchasable","43":"product-type-simple"},"uagb_featured_image_src":{"full":["https:\/\/rmvapesale.com\/wp-content\/uploads\/2024\/09\/Bang-30000-Disposable-Vape.jpg",800,800,false],"thumbnail":["https:\/\/rmvapesale.com\/wp-content\/uploads\/2024\/09\/Bang-30000-Disposable-Vape-150x150.jpg",150,150,true],"medium":["https:\/\/rmvapesale.com\/wp-content\/uploads\/2024\/09\/Bang-30000-Disposable-Vape-300x300.jpg",300,300,true],"medium_large":["https:\/\/rmvapesale.com\/wp-content\/uploads\/2024\/09\/Bang-30000-Disposable-Vape-768x768.jpg",768,768,true],"large":["https:\/\/rmvapesale.com\/wp-content\/uploads\/2024\/09\/Bang-30000-Disposable-Vape.jpg",800,800,false],"1536x1536":["https:\/\/rmvapesale.com\/wp-content\/uploads\/2024\/09\/Bang-30000-Disposable-Vape.jpg",800,800,false],"2048x2048":["https:\/\/rmvapesale.com\/wp-content\/uploads\/2024\/09\/Bang-30000-Disposable-Vape.jpg",800,800,false],"trp-custom-language-flag":["https:\/\/rmvapesale.com\/wp-content\/uploads\/2024\/09\/Bang-30000-Disposable-Vape.jpg",12,12,false],"woocommerce_thumbnail":["https:\/\/rmvapesale.com\/wp-content\/uploads\/2024\/09\/Bang-30000-Disposable-Vape-300x300.jpg",300,300,true],"woocommerce_single":["https:\/\/rmvapesale.com\/wp-content\/uploads\/2024\/09\/Bang-30000-Disposable-Vape-600x600.jpg",600,600,true],"woocommerce_gallery_thumbnail":["https:\/\/rmvapesale.com\/wp-content\/uploads\/2024\/09\/Bang-30000-Disposable-Vape-100x100.jpg",100,100,true],"wcpr-photo-reviews":["https:\/\/rmvapesale.com\/wp-content\/uploads\/2024\/09\/Bang-30000-Disposable-Vape.jpg",500,500,false]},"uagb_author_info":{"display_name":"AMY","author_link":"https:\/\/rmvapesale.com\/fr\/author\/"},"uagb_comment_info":0,"uagb_excerpt":"Bang 30000 30k Puffs Double Taste Disposable Vape Wholesale Price ORIGINAL Bang 30000 Puffs Disposable Vape Factory Wholesale in Stock BANG 30000 double flavor 30K Disposable Vape Discount Price Contact Amy For More Discount And Lower MOQ Vape WhatsApp: +86 17776015835","_links":{"self":[{"href":"https:\/\/rmvapesale.com\/fr\/wp-json\/wp\/v2\/product\/1950","targetHints":{"allow":["GET"]}}],"collection":[{"href":"https:\/\/rmvapesale.com\/fr\/wp-json\/wp\/v2\/product"}],"about":[{"href":"https:\/\/rmvapesale.com\/fr\/wp-json\/wp\/v2\/types\/product"}],"replies":[{"embeddable":true,"href":"https:\/\/rmvapesale.com\/fr\/wp-json\/wp\/v2\/comments?post=1950"}],"wp:featuredmedia":[{"embeddable":true,"href":"https:\/\/rmvapesale.com\/fr\/wp-json\/wp\/v2\/media\/1951"}],"wp:attachment":[{"href":"https:\/\/rmvapesale.com\/fr\/wp-json\/wp\/v2\/media?parent=1950"}],"wp:term":[{"taxonomy":"product_brand","embeddable":true,"href":"https:\/\/rmvapesale.com\/fr\/wp-json\/wp\/v2\/product_brand?post=1950"},{"taxonomy":"product_cat","embeddable":true,"href":"https:\/\/rmvapesale.com\/fr\/wp-json\/wp\/v2\/product_cat?post=1950"},{"taxonomy":"product_tag","embeddable":true,"href":"https:\/\/rmvapesale.com\/fr\/wp-json\/wp\/v2\/product_tag?post=1950"}],"curies":[{"name":"wp","href":"https:\/\/api.w.org\/{rel}","templated":true}]}}