{"id":1963,"date":"2024-09-11T02:04:13","date_gmt":"2024-09-11T02:04:13","guid":{"rendered":"https:\/\/rmvapesale.com\/?post_type=product&#038;p=1963"},"modified":"2025-01-20T03:46:36","modified_gmt":"2025-01-20T03:46:36","slug":"fihp-shisha-hookah-15000-pro-disposable-vape-wholesale","status":"publish","type":"product","link":"https:\/\/rmvapesale.com\/fr\/product\/fihp-shisha-hookah-15000-pro-disposable-vape-wholesale\/","title":{"rendered":"FIHP Chicha Narguil\u00e9 15000 Pro Vape Jetable Vente en Gros"},"content":{"rendered":"<h1>FIHP Chicha Narguil\u00e9 15000 Pro Vape Jetable Vente en Gros<\/h1>\n<p>Am\u00e9liorez votre exp\u00e9rience de vapotage avec le FIHP Shisha Hookah 15000 Pro Vape Jetable. Avec une impressionnante capacit\u00e9 de 15000 bouff\u00e9es, cet appareil garantit un vapotage durable et satisfaisant sans besoin de remplacements fr\u00e9quents.<\/p>\n<p>\u00c9quip\u00e9 d'une r\u00e9sistance en mesh de pointe avec une r\u00e9sistance de 0,6 ohm, le FIHP Shisha 15000 offre une saveur exceptionnelle et une exp\u00e9rience de vapotage douce et constante. Il est pr\u00e9-rempli avec 22 ml de e-liquide de qualit\u00e9 sup\u00e9rieure, savamment m\u00e9lang\u00e9 pour offrir des saveurs riches et vibrantes qui vous feront revenir.<\/p>\n<p>Avec une teneur en nicotine modeste de 6 mg, ce vapoteur procure une sensation douce et douce. La batterie robuste de 650 mAh offre une utilisation prolong\u00e9e entre deux charges, et le port Type-C permet une recharge rapide et pratique.<\/p>\n<p>De plus, l'appareil dispose d'un \u00e9cran LED pour vous tenir inform\u00e9 de la dur\u00e9e de vie de la batterie et de l'utilisation. Adoptez le niveau sup\u00e9rieur de vapotage avec le FIHP 15 000 Bouff\u00e9es Vape, et profitez d'une combinaison de long\u00e9vit\u00e9, de saveur et de commodit\u00e9.<\/p>\n<p>Commandez en gros pour b\u00e9n\u00e9ficier du meilleur prix de gros du FIHP Shisha Hookah 15000 avec livraison rapide.<\/p>\n<p><strong>Contactez Amy pour obtenir la bonne r\u00e9ponse et plus de r\u00e9duction !<\/strong><\/p>\n<p><img loading=\"lazy\" decoding=\"async\" class=\"size-medium wp-image-1814\" src=\"https:\/\/rmvapesale.com\/wp-content\/uploads\/2024\/04\/whatsapp-amy-229x300.jpg\" alt=\"whatsapp amy\" width=\"229\" height=\"300\" srcset=\"https:\/\/rmvapesale.com\/wp-content\/uploads\/2024\/04\/whatsapp-amy-229x300.jpg 229w, https:\/\/rmvapesale.com\/wp-content\/uploads\/2024\/04\/whatsapp-amy-783x1024.jpg 783w, https:\/\/rmvapesale.com\/wp-content\/uploads\/2024\/04\/whatsapp-amy-768x1005.jpg 768w, https:\/\/rmvapesale.com\/wp-content\/uploads\/2024\/04\/whatsapp-amy-600x785.jpg 600w, https:\/\/rmvapesale.com\/wp-content\/uploads\/2024\/04\/whatsapp-amy.jpg 990w\" sizes=\"auto, (max-width: 229px) 100vw, 229px\" \/><\/p>\n<h3><span style=\"color: #ff0000\"><strong>WhatsApp: +86 17776015835<\/strong><\/span><\/h3>\n<p>&nbsp;<\/p>\n<h2><strong>Caract\u00e9ristiques du FIHP 15000 Bouff\u00e9es Shisha<\/strong><\/h2>\n<p>Nicotine : 6%<br \/>\nBouff\u00e9es : 15000<br \/>\nCapacit\u00e9 : 22 ml<br \/>\nBatterie de 650 mAh (Rechargeable via Type-C)<br \/>\n\u00c9cran intelligent<br \/>\nBobine maill\u00e9e<\/p>\n<h2><strong>Quelle est la meilleure saveur pour FIHP Shisha Hookah 15000 Bouff\u00e9es<\/strong><strong>?<\/strong><\/h2>\n<p>Ces vapoteurs \u00e0 \u00e9cran intelligent FIHP Shisha Hookah 15000 Bouff\u00e9es offrent un total de 10 saveurs disponibles pour votre choix, il y en a pour tous les go\u00fbts.<\/p>\n<p>1. Past\u00e8que Glac\u00e9e<br \/>\n2. Raisin Glac\u00e9<br \/>\n3. Myrtille Framboise<br \/>\n4. Fraise Kiwi<br \/>\n5. Baies M\u00e9lang\u00e9es<br \/>\n6. Fraise Past\u00e8que<br \/>\n7. Bubblegum Past\u00e8que<br \/>\n8. Mangue P\u00eache Ananas<br \/>\n9. Kiwi Fruit de la Passion Goyave<br \/>\n10. Fraise Framboise Cerise<\/p>\n<h2><strong>Questions que vous pourriez vouloir conna\u00eetre sur FIHP Shisha Hookah 15k Puffs<\/strong><\/h2>\n<p>&nbsp;<\/p>\n<h3><strong>1. Combien de bouff\u00e9es puis-je attendre du FIHP Shisha Hookah 15k Puffs ?<\/strong><\/h3>\n<p>Le FIHP Shisha Hookah 15k Puffs affiche une impressionnante capacit\u00e9 de 15000 bouff\u00e9es (en environnement de test), offrant une utilisation prolong\u00e9e et une satisfaction durable.<\/p>\n<h3><strong>2. Quelle est la force de nicotine propos\u00e9e par le FIHP Shisha Hookah 15k Puffs ?<\/strong><\/h3>\n<p>Le FIHP Shisha Hookah 15k Puffs est pr\u00e9-rempli avec du e-liquide \u00e0 une concentration de nicotine 6%, offrant une exp\u00e9rience de vapotage \u00e9quilibr\u00e9e.<\/p>\n<h3><strong>3. Comment la technologie Mesh Coil am\u00e9liore-t-elle l'exp\u00e9rience de vapotage?<\/strong><\/h3>\n<p>La technologie de coil en mesh int\u00e9gr\u00e9e dans le FIHP Shisha Hookah 15k Smart Screen Vapes utilise une r\u00e9sistance faible de 0,6 ohm. Ce design maximise la surface de chauffage, ce qui permet des inhalations plus douces et une production de vapeur am\u00e9lior\u00e9e. La technologie garantit un chauffage uniforme et constant du e-liquide, offrant une exp\u00e9rience de saveur sup\u00e9rieure.<\/p>\n<h3><strong>4. O\u00f9 puis-je acheter le FIHP Shisha Hookah 15k Puffs authentique ?<\/strong><\/h3>\n<p>Le FIHP Shisha Hookah 15k Puffs authentique est disponible \u00e0 l'achat aupr\u00e8s de distributeurs agr\u00e9\u00e9s. Pour les demandes en gros, les distributeurs peuvent <a href=\"https:\/\/wa.me\/8617776015835\" target=\"_blank\" rel=\"noopener\">contacter<\/a> directement. Les clients particuliers peuvent trouver le produit chez certains d\u00e9taillants ou boutiques en ligne. Tous les produits de notre magasin sont 100% originaux et authentiques, donc une compensation dix fois sup\u00e9rieure pour les contrefa\u00e7ons est la politique de notre boutique.<\/p>\n<p>&nbsp;<\/p>\n<p><strong>D\u00e9tails de l'exp\u00e9dition :<\/strong><\/p>\n<div class=\"flex-shrink-0 flex flex-col relative items-end\">\n<div>\n<div class=\"pt-0\">\n<div class=\"gizmo-bot-avatar flex h-8 w-8 items-center justify-center overflow-hidden rounded-full\">\n<div class=\"relative p-1 rounded-sm flex items-center justify-center bg-token-main-surface-primary text-token-text-primary h-8 w-8\"><strong>Quelles m\u00e9thodes d'exp\u00e9dition sont utilis\u00e9es ?<\/strong><\/div>\n<\/div>\n<\/div>\n<\/div>\n<\/div>\n<div class=\"group\/conversation-turn relative flex w-full min-w-0 flex-col agent-turn\">\n<div class=\"flex-col gap-1 md:gap-3\">\n<div class=\"flex max-w-full flex-col flex-grow\">\n<div class=\"min-h-[20px] text-message flex w-full flex-col items-end gap-2 whitespace-normal break-words [.text-message+&amp;]:mt-5 overflow-x-auto\" dir=\"auto\" data-message-author-role=\"assistant\" data-message-id=\"22f8283b-3233-46ff-89a5-c7a41b33abda\">\n<div class=\"flex w-full flex-col gap-1 empty:hidden first:pt-[3px]\">\n<div class=\"markdown prose w-full break-words dark:prose-invert light\">\n<p>Nous travaillons en partenariat avec UPS, DHL, FedEx, DPD et d'autres transporteurs de premier plan. Nous s\u00e9lectionnerons la meilleure m\u00e9thode d'exp\u00e9dition en fonction de votre lieu de livraison pour que vous receviez vos produits le plus rapidement possible.<\/p>\n<\/div>\n<p><strong>Combien de temps faut-il pour arriver ?<\/strong><\/p>\n<p>Les colis exp\u00e9di\u00e9s en France arrivent g\u00e9n\u00e9ralement sous 10 jours ouvrables. L'exp\u00e9dition vers les pays europ\u00e9ens prend g\u00e9n\u00e9ralement environ 12 \u00e0 15 jours ouvrables. Nous vous fournirons des mises \u00e0 jour en temps r\u00e9el sur l'\u00e9tat de votre envoi.<\/p>\n<p>&nbsp;<\/p>\n<\/div>\n<\/div>\n<\/div>\n<\/div>\n<\/div>\n<p>Trouvez plus de produits de vape que vous pourriez aimer :<em><a href=\"https:\/\/rmvapesale.com\/fr\/shop-2\/\">acheter maintenant\u00a0<\/a><\/em><\/p>\n<p>autres cigarettes \u00e9lectroniques populaires que vous pourriez aimer :<\/p>\n<p><a href=\"https:\/\/rmvapesale.com\/fr\/product\/randm-vape-al-fakher-10000-puffs-vape-wholesale\/\">randm vape AI FAKHER 15k vape<\/a><\/p>\n<p><a href=\"https:\/\/rmvapesale.com\/fr\/product\/original-randm-tornado-9000-puffs-disposable-vape-factory-price\/\">RandM Tornado 9000<\/a><\/p>\n<p><a href=\"https:\/\/rmvapesale.com\/fr\/product\/bang-30k-puffs-disposable-vape-double-taste-wholesale-italy\/\">Bang 30k Bouff\u00e9es<\/a><\/p>\n<p><a href=\"https:\/\/rmvapesale.com\/fr\/product\/bang-beach-22000-puffs-smart-screen-vapes-factory-price\/\">Bang 22000 Bouff\u00e9es<\/a><\/p>","protected":false},"excerpt":{"rendered":"<p>FIHP Shisha Hookah 15000 Bouff\u00e9es Prix de Gros en Usine<br \/>\nMeilleur go\u00fbt de FIHP 15000 Bouff\u00e9es Shisha Hookah en Stock<br \/>\nAchat en gros de FIHP 15000 Bouff\u00e9es Vape avec MOQ Faible<\/p>\n<p><strong>Contactez Amy pour plus de r\u00e9duction et un MOQ de vape plus bas<\/strong><\/p>\n<p><img loading=\"lazy\" decoding=\"async\" class=\"size-medium wp-image-1814\" src=\"https:\/\/rmvapesale.com\/wp-content\/uploads\/2024\/04\/whatsapp-amy-229x300.jpg\" alt=\"whatsapp amy\" width=\"229\" height=\"300\" srcset=\"https:\/\/rmvapesale.com\/wp-content\/uploads\/2024\/04\/whatsapp-amy-229x300.jpg 229w, https:\/\/rmvapesale.com\/wp-content\/uploads\/2024\/04\/whatsapp-amy-783x1024.jpg 783w, https:\/\/rmvapesale.com\/wp-content\/uploads\/2024\/04\/whatsapp-amy-768x1005.jpg 768w, https:\/\/rmvapesale.com\/wp-content\/uploads\/2024\/04\/whatsapp-amy-600x785.jpg 600w, https:\/\/rmvapesale.com\/wp-content\/uploads\/2024\/04\/whatsapp-amy.jpg 990w\" sizes=\"auto, (max-width: 229px) 100vw, 229px\" \/><\/p>\n<h3><span style=\"color: #ff0000\"><strong>WhatsApp: +86 17776015835<\/strong><\/span><\/h3>","protected":false},"featured_media":1964,"comment_status":"open","ping_status":"closed","template":"","meta":{"_uag_custom_page_level_css":"","_lmt_disableupdate":"no","_lmt_disable":"","site-sidebar-layout":"default","site-content-layout":"content-boxed-container","ast-site-content-layout":"normal-width-container","site-content-style":"boxed","site-sidebar-style":"unboxed","ast-global-header-display":"","ast-banner-title-visibility":"","ast-main-header-display":"","ast-hfb-above-header-display":"","ast-hfb-below-header-display":"","ast-hfb-mobile-header-display":"","site-post-title":"","ast-breadcrumbs-content":"","ast-featured-img":"","footer-sml-layout":"","theme-transparent-header-meta":"default","adv-header-id-meta":"","stick-header-meta":"","header-above-stick-meta":"","header-main-stick-meta":"","header-below-stick-meta":"","astra-migrate-meta-layouts":"set","ast-page-background-enabled":"default","ast-page-background-meta":{"desktop":{"background-color":"var(--ast-global-color-4)","background-image":"","background-repeat":"repeat","background-position":"center center","background-size":"auto","background-attachment":"scroll","background-type":"","background-media":"","overlay-type":"","overlay-color":"","overlay-opacity":"","overlay-gradient":""},"tablet":{"background-color":"","background-image":"","background-repeat":"repeat","background-position":"center center","background-size":"auto","background-attachment":"scroll","background-type":"","background-media":"","overlay-type":"","overlay-color":"","overlay-opacity":"","overlay-gradient":""},"mobile":{"background-color":"","background-image":"","background-repeat":"repeat","background-position":"center center","background-size":"auto","background-attachment":"scroll","background-type":"","background-media":"","overlay-type":"","overlay-color":"","overlay-opacity":"","overlay-gradient":""}},"ast-content-background-meta":{"desktop":{"background-color":"var(--ast-global-color-5)","background-image":"","background-repeat":"repeat","background-position":"center center","background-size":"auto","background-attachment":"scroll","background-type":"","background-media":"","overlay-type":"","overlay-color":"","overlay-opacity":"","overlay-gradient":""},"tablet":{"background-color":"var(--ast-global-color-5)","background-image":"","background-repeat":"repeat","background-position":"center center","background-size":"auto","background-attachment":"scroll","background-type":"","background-media":"","overlay-type":"","overlay-color":"","overlay-opacity":"","overlay-gradient":""},"mobile":{"background-color":"var(--ast-global-color-5)","background-image":"","background-repeat":"repeat","background-position":"center center","background-size":"auto","background-attachment":"scroll","background-type":"","background-media":"","overlay-type":"","overlay-color":"","overlay-opacity":"","overlay-gradient":""}},"_joinchat":[]},"product_brand":[],"product_cat":[25,292,293,295,296,299,274,123,26,28,135,27,61,138,137,136,15,30],"product_tag":[55,56,57,58,40,62,59,180,37],"class_list":{"0":"post-1963","1":"product","2":"type-product","3":"status-publish","4":"has-post-thumbnail","6":"product_cat-germany-best-selling-vape","7":"product_cat-digital-disposable-vapes","8":"product_cat-low-nicotine-disposable-vapes","9":"product_cat-rechargeable-disposable-vapes","10":"product_cat-shisha-hookah-disposable-vapes","11":"product_cat-smart-screen-disposable-vapes","12":"product_cat-waspe-fihp-vape","13":"product_cat-italy-wholesale-vape","14":"product_cat-netherlands-hot-sale-vape","15":"product_cat-poland-hot-sale-vape","16":"product_cat-spain-best-hot-sale-vape","17":"product_cat-fance-hot-sale-vape","18":"product_cat-15000-puffs-disposable-vapes","19":"product_cat-fihp-disposable-vapes","20":"product_cat-rechargeable-vapes","21":"product_cat-smart-screen-vapes","22":"product_cat-new-vape-this-week","23":"product_cat-minimum-order-quantity-50pcs","24":"product_tag-buy-vape-pods","25":"product_tag-disposable-vape-wholesale-near-me","26":"product_tag-disposable-vape-wholesale-supplier","27":"product_tag-electric-cigarettes","28":"product_tag-hot-sale-vape","29":"product_tag-puff-15000","30":"product_tag-puffs-vape","31":"product_tag-shisha-bar","32":"product_tag-wholesale-vape-price","33":"desktop-align-left","34":"tablet-align-left","35":"mobile-align-left","37":"first","38":"instock","39":"sale","40":"shipping-taxable","41":"purchasable","42":"product-type-simple"},"uagb_featured_image_src":{"full":["https:\/\/rmvapesale.com\/wp-content\/uploads\/2024\/09\/FIHP-15000-Wholesale.jpg",800,800,false],"thumbnail":["https:\/\/rmvapesale.com\/wp-content\/uploads\/2024\/09\/FIHP-15000-Wholesale-150x150.jpg",150,150,true],"medium":["https:\/\/rmvapesale.com\/wp-content\/uploads\/2024\/09\/FIHP-15000-Wholesale-300x300.jpg",300,300,true],"medium_large":["https:\/\/rmvapesale.com\/wp-content\/uploads\/2024\/09\/FIHP-15000-Wholesale-768x768.jpg",768,768,true],"large":["https:\/\/rmvapesale.com\/wp-content\/uploads\/2024\/09\/FIHP-15000-Wholesale.jpg",800,800,false],"1536x1536":["https:\/\/rmvapesale.com\/wp-content\/uploads\/2024\/09\/FIHP-15000-Wholesale.jpg",800,800,false],"2048x2048":["https:\/\/rmvapesale.com\/wp-content\/uploads\/2024\/09\/FIHP-15000-Wholesale.jpg",800,800,false],"trp-custom-language-flag":["https:\/\/rmvapesale.com\/wp-content\/uploads\/2024\/09\/FIHP-15000-Wholesale.jpg",12,12,false],"woocommerce_thumbnail":["https:\/\/rmvapesale.com\/wp-content\/uploads\/2024\/09\/FIHP-15000-Wholesale-300x300.jpg",300,300,true],"woocommerce_single":["https:\/\/rmvapesale.com\/wp-content\/uploads\/2024\/09\/FIHP-15000-Wholesale-600x600.jpg",600,600,true],"woocommerce_gallery_thumbnail":["https:\/\/rmvapesale.com\/wp-content\/uploads\/2024\/09\/FIHP-15000-Wholesale-100x100.jpg",100,100,true],"wcpr-photo-reviews":["https:\/\/rmvapesale.com\/wp-content\/uploads\/2024\/09\/FIHP-15000-Wholesale.jpg",500,500,false]},"uagb_author_info":{"display_name":"AMY","author_link":"https:\/\/rmvapesale.com\/fr\/author\/"},"uagb_comment_info":0,"uagb_excerpt":"FIHP Shisha Hookah 15000 Puff Factory Wholesale Price Best FIHP 15000 Puffs Shisha Hookah Flavor in Stock Bulk Buy FIHP 15000 Puffs Vape with Low MOQ Contact Amy For More Discount And Lower MOQ Vape WhatsApp: +86 17776015835","_links":{"self":[{"href":"https:\/\/rmvapesale.com\/fr\/wp-json\/wp\/v2\/product\/1963","targetHints":{"allow":["GET"]}}],"collection":[{"href":"https:\/\/rmvapesale.com\/fr\/wp-json\/wp\/v2\/product"}],"about":[{"href":"https:\/\/rmvapesale.com\/fr\/wp-json\/wp\/v2\/types\/product"}],"replies":[{"embeddable":true,"href":"https:\/\/rmvapesale.com\/fr\/wp-json\/wp\/v2\/comments?post=1963"}],"wp:featuredmedia":[{"embeddable":true,"href":"https:\/\/rmvapesale.com\/fr\/wp-json\/wp\/v2\/media\/1964"}],"wp:attachment":[{"href":"https:\/\/rmvapesale.com\/fr\/wp-json\/wp\/v2\/media?parent=1963"}],"wp:term":[{"taxonomy":"product_brand","embeddable":true,"href":"https:\/\/rmvapesale.com\/fr\/wp-json\/wp\/v2\/product_brand?post=1963"},{"taxonomy":"product_cat","embeddable":true,"href":"https:\/\/rmvapesale.com\/fr\/wp-json\/wp\/v2\/product_cat?post=1963"},{"taxonomy":"product_tag","embeddable":true,"href":"https:\/\/rmvapesale.com\/fr\/wp-json\/wp\/v2\/product_tag?post=1963"}],"curies":[{"name":"wp","href":"https:\/\/api.w.org\/{rel}","templated":true}]}}