{"id":1985,"date":"2024-09-12T07:42:12","date_gmt":"2024-09-12T07:42:12","guid":{"rendered":"https:\/\/rmvapesale.com\/?post_type=product&#038;p=1985"},"modified":"2025-01-20T03:52:04","modified_gmt":"2025-01-20T03:52:04","slug":"bang-vape-tornado-12000-puffs-disposable-pod-factory-price","status":"publish","type":"product","link":"https:\/\/rmvapesale.com\/fr\/product\/bang-vape-tornado-12000-puffs-disposable-pod-factory-price\/","title":{"rendered":"Bang Vape Tornado 12000 Puffs Pod Jetable Prix usine"},"content":{"rendered":"<h1>Bang Vape Tornado 12000 Puffs Pod Jetable Prix usine<\/h1>\n<p>Le Bang Vape Tornado 12000 Bouff\u00e9es est un appareil pod jetable puissant et de haute performance. Il contient 20 ml d'e-liquide et est disponible en concentrations de nicotine de 0%, 2%, 3% et 5%, offrant jusqu'\u00e0 12 000 bouff\u00e9es. L'appareil comprend un port rechargeable en bas, vous assurant de pouvoir utiliser chaque derni\u00e8re goutte de liquide. Bang Tornado 12000 \u00e9quip\u00e9 de la technologie de bobine en maille, il am\u00e9liore consid\u00e9rablement la saveur et les performances. De plus, une gamme de saveurs est disponible pour correspondre \u00e0 vos pr\u00e9f\u00e9rences<\/p>\n<p>Dans l'ensemble, le Bang Tornado 12000 Bouff\u00e9es offre une exp\u00e9rience de vapotage pratique et durable, id\u00e9ale pour une utilisation en d\u00e9placement et les sessions prolong\u00e9es.<\/p>\n<p><strong>Contactez Amy pour obtenir la bonne r\u00e9ponse et plus de r\u00e9duction !<\/strong><\/p>\n<p><img loading=\"lazy\" decoding=\"async\" class=\"size-medium wp-image-1814\" src=\"https:\/\/rmvapesale.com\/wp-content\/uploads\/2024\/04\/whatsapp-amy-229x300.jpg\" alt=\"whatsapp amy\" width=\"229\" height=\"300\" srcset=\"https:\/\/rmvapesale.com\/wp-content\/uploads\/2024\/04\/whatsapp-amy-229x300.jpg 229w, https:\/\/rmvapesale.com\/wp-content\/uploads\/2024\/04\/whatsapp-amy-783x1024.jpg 783w, https:\/\/rmvapesale.com\/wp-content\/uploads\/2024\/04\/whatsapp-amy-768x1005.jpg 768w, https:\/\/rmvapesale.com\/wp-content\/uploads\/2024\/04\/whatsapp-amy-600x785.jpg 600w, https:\/\/rmvapesale.com\/wp-content\/uploads\/2024\/04\/whatsapp-amy.jpg 990w\" sizes=\"auto, (max-width: 229px) 100vw, 229px\" \/><\/p>\n<h3><span style=\"color: #ff0000\"><strong>WhatsApp: +86 17776015835<\/strong><\/span><\/h3>\n<p>&nbsp;<\/p>\n<h2><strong>Bang Vape Tornado 12000 Bouff\u00e9es Caract\u00e9ristiques Principales<\/strong><\/h2>\n<p>Nicotine: 0% 2% 3% 5%<br \/>\nBouff\u00e9es: 12000<br \/>\nCapacit\u00e9: 20ml<br \/>\n16 saveurs disponibles<br \/>\n650 mah Rechargeable<br \/>\nBobine maill\u00e9e<\/p>\n<h2><strong>Quelle est la meilleure saveur pour Bang Tornado 12k Bouff\u00e9es<\/strong><strong>?<\/strong><\/h2>\n<p>Ce Bang Vape Tornado 12000 Bouff\u00e9es Pod Jetable offre au total plus de 20 saveurs disponibles pour votre choix, il y a quelque chose de mieux pour vous.<\/p>\n<p>1.Framboise Past\u00e8que<br \/>\n2.Fraise Past\u00e8que Melon<br \/>\n3.Jus de Fraise<br \/>\n4.Glace Dragon Noir<br \/>\n5. P\u00eache Glace<br \/>\n6.Myrtille Cerise Canneberge<br \/>\n7.Fruits M\u00e9lang\u00e9s<br \/>\n8.Cerise P\u00eache Limonade<br \/>\n9. Mangue Fraise<br \/>\n10. Glace Framboise Fraise<br \/>\n11. Am\u00e9ricano<br \/>\n12. Goyave Fruit de la Passion Kiwi<br \/>\n13.Fraise Kiwi<br \/>\n14. Glace Razz Bleue<br \/>\n15. Framboise Pomme Sure<br \/>\n16. Chewing-gum Past\u00e8que<br \/>\n17. Cr\u00e8me Glac\u00e9e \u00e0 la Fraise<br \/>\n18. Past\u00e8que Fraise<br \/>\n19. Glace Past\u00e8que<br \/>\n20. Glace Myrtille<br \/>\n21. Past\u00e8que Mangue P\u00eache<br \/>\n22. Raisin Royal<\/p>\n<h2><strong>Questions que vous pourriez avoir sur Bang Tornado 12000<\/strong><\/h2>\n<p>&nbsp;<\/p>\n<p><strong>1. Combien de bouff\u00e9es puis-je attendre du Bang Tornado 12000 ?<\/strong><\/p>\n<p>Le Bang King Tornado 12000 Bouff\u00e9es offre un nombre impressionnant de 20000 bouff\u00e9es (dans un environnement de test), offrant une utilisation prolong\u00e9e et une satisfaction durable.<\/p>\n<p><strong>2. Quelle est la concentration de nicotine offerte par le Bang Tornado 12000 Bouff\u00e9es ?<\/strong><\/p>\n<p>Le Bang Bang Tornado 12000 Bouff\u00e9es est pr\u00e9-rempli d'e-liquide avec une concentration de nicotine de 0%, 2%, 3%, 5%, offrant une exp\u00e9rience de vapotage \u00e9quilibr\u00e9e.<\/p>\n<p><strong>3. Comment la technologie Mesh Coil am\u00e9liore-t-elle l'exp\u00e9rience de vapotage?<\/strong><\/p>\n<p>La technologie Mesh Coil int\u00e9gr\u00e9e aux Vapes Bang Beach 22000 Puffs Smart Screen est dot\u00e9e d'une r\u00e9sistance de 0,8 ohm \u00e0 faible r\u00e9sistance. Cette conception maximise la surface de chauffe, ce qui se traduit par des tirages plus doux et une production de vapeur am\u00e9lior\u00e9e. La technologie garantit un chauffage uniforme et constant de l'e-liquide, offrant une exp\u00e9rience de saveur sup\u00e9rieure.<\/p>\n<p><strong>4. Pourquoi choisir Bang Tornado 12000 Bouff\u00e9es ?<\/strong><\/p>\n<p>Savourez le plaisir de nuages savoureux \u00e0 chaque bouff\u00e9e. Le Bang Tornado 12000 est con\u00e7u pour am\u00e9liorer votre exp\u00e9rience de vapotage, offrant une satisfaction \u00e0 chaque inhalation.<\/p>\n<h3><strong>5. O\u00f9 puis-je acheter le Bang Tornado 12000 Puffs authentique ?<\/strong><\/h3>\n<p>Le Bang Tornado 12000 Puffs authentique est disponible \u00e0 l'achat aupr\u00e8s de distributeurs agr\u00e9\u00e9s. Pour les demandes de renseignements en gros, les distributeurs peuvent <a href=\"https:\/\/wa.me\/8617776015835\" target=\"_blank\" rel=\"noopener\">contacter<\/a> directement. Les clients particuliers peuvent trouver le produit chez certains d\u00e9taillants ou boutiques en ligne. Tous les produits de notre magasin sont 100% originaux et authentiques, donc une compensation dix fois sup\u00e9rieure pour les contrefa\u00e7ons est la politique de notre boutique.<\/p>\n<p>&nbsp;<\/p>\n<p><strong>D\u00e9tails de l'exp\u00e9dition :<\/strong><\/p>\n<div class=\"flex-shrink-0 flex flex-col relative items-end\">\n<div>\n<div class=\"pt-0\">\n<div class=\"gizmo-bot-avatar flex h-8 w-8 items-center justify-center overflow-hidden rounded-full\">\n<div class=\"relative p-1 rounded-sm flex items-center justify-center bg-token-main-surface-primary text-token-text-primary h-8 w-8\"><strong>Quelles m\u00e9thodes d'exp\u00e9dition sont utilis\u00e9es ?<\/strong><\/div>\n<\/div>\n<\/div>\n<\/div>\n<\/div>\n<div class=\"group\/conversation-turn relative flex w-full min-w-0 flex-col agent-turn\">\n<div class=\"flex-col gap-1 md:gap-3\">\n<div class=\"flex max-w-full flex-col flex-grow\">\n<div class=\"min-h-[20px] text-message flex w-full flex-col items-end gap-2 whitespace-normal break-words [.text-message+&amp;]:mt-5 overflow-x-auto\" dir=\"auto\" data-message-author-role=\"assistant\" data-message-id=\"22f8283b-3233-46ff-89a5-c7a41b33abda\">\n<div class=\"flex w-full flex-col gap-1 empty:hidden first:pt-[3px]\">\n<div class=\"markdown prose w-full break-words dark:prose-invert light\">\n<p>Nous travaillons en partenariat avec UPS, DHL, FedEx, DPD et d'autres transporteurs de premier plan. Nous s\u00e9lectionnerons la meilleure m\u00e9thode d'exp\u00e9dition en fonction de votre lieu de livraison pour que vous receviez vos produits le plus rapidement possible.<\/p>\n<\/div>\n<p><strong>Combien de temps faut-il pour arriver ?<\/strong><\/p>\n<p>Les colis exp\u00e9di\u00e9s en France arrivent g\u00e9n\u00e9ralement sous 10 jours ouvrables. L'exp\u00e9dition vers les pays europ\u00e9ens prend g\u00e9n\u00e9ralement environ 12 \u00e0 15 jours ouvrables. Nous vous fournirons des mises \u00e0 jour en temps r\u00e9el sur l'\u00e9tat de votre envoi.<\/p>\n<p>&nbsp;<\/p>\n<\/div>\n<\/div>\n<\/div>\n<\/div>\n<\/div>\n<p>Trouvez plus de produits de vape que vous pourriez aimer :<em><a href=\"https:\/\/rmvapesale.com\/fr\/shop-2\/\">acheter maintenant\u00a0<\/a><\/em><\/p>\n<p>autres cigarettes \u00e9lectroniques populaires que vous pourriez aimer :<\/p>\n<p><a href=\"https:\/\/rmvapesale.com\/fr\/product\/bang-30k-puffs-disposable-vape-double-taste-wholesale-italy\/\">Bang 30k Bouff\u00e9es<\/a><\/p>\n<p><a href=\"https:\/\/rmvapesale.com\/fr\/product\/bang-beach-22000-puffs-smart-screen-vapes-factory-price\/\">Bang Beach 22000 Bouff\u00e9es<\/a><\/p>\n<p><a href=\"https:\/\/rmvapesale.com\/fr\/product\/randm-tornado-15000-puffs-vape-wholesale\/\">RandM Tornado 15000 Puffs<\/a><\/p>\n<p><a href=\"https:\/\/rmvapesale.com\/fr\/product\/bang-20000-puffs-disposable-vape-wholesale-supplier\/\">Bang 20000 Puffs<\/a><\/p>","protected":false},"excerpt":{"rendered":"<p>Vape Bang Box Tornado Vente en Gros Bang 12000 Bouff\u00e9es Meilleur Go\u00fbt<\/p>\n<p>BANG Tornado 12000 Bouff\u00e9es Vape Pod Jetable Prix de Gros<\/p>\n<p>Bang tornado 12000 Bouff\u00e9es 0% 2% 3% 5% Nicotine en stock<\/p>\n<p><strong>Contactez Amy pour plus de r\u00e9duction et un MOQ de vape plus bas<\/strong><\/p>\n<p><img loading=\"lazy\" decoding=\"async\" class=\"size-medium wp-image-1814\" src=\"https:\/\/rmvapesale.com\/wp-content\/uploads\/2024\/04\/whatsapp-amy-229x300.jpg\" alt=\"whatsapp amy\" width=\"229\" height=\"300\" srcset=\"https:\/\/rmvapesale.com\/wp-content\/uploads\/2024\/04\/whatsapp-amy-229x300.jpg 229w, https:\/\/rmvapesale.com\/wp-content\/uploads\/2024\/04\/whatsapp-amy-783x1024.jpg 783w, https:\/\/rmvapesale.com\/wp-content\/uploads\/2024\/04\/whatsapp-amy-768x1005.jpg 768w, https:\/\/rmvapesale.com\/wp-content\/uploads\/2024\/04\/whatsapp-amy-600x785.jpg 600w, https:\/\/rmvapesale.com\/wp-content\/uploads\/2024\/04\/whatsapp-amy.jpg 990w\" sizes=\"auto, (max-width: 229px) 100vw, 229px\" \/><\/p>\n<h3><span style=\"color: #ff0000\"><strong>WhatsApp: +86 17776015835<\/strong><\/span><\/h3>","protected":false},"featured_media":1981,"comment_status":"open","ping_status":"closed","template":"","meta":{"_uag_custom_page_level_css":"","_lmt_disableupdate":"no","_lmt_disable":"","site-sidebar-layout":"default","site-content-layout":"content-boxed-container","ast-site-content-layout":"normal-width-container","site-content-style":"boxed","site-sidebar-style":"unboxed","ast-global-header-display":"","ast-banner-title-visibility":"","ast-main-header-display":"","ast-hfb-above-header-display":"","ast-hfb-below-header-display":"","ast-hfb-mobile-header-display":"","site-post-title":"","ast-breadcrumbs-content":"","ast-featured-img":"","footer-sml-layout":"","theme-transparent-header-meta":"default","adv-header-id-meta":"","stick-header-meta":"","header-above-stick-meta":"","header-main-stick-meta":"","header-below-stick-meta":"","astra-migrate-meta-layouts":"set","ast-page-background-enabled":"default","ast-page-background-meta":{"desktop":{"background-color":"var(--ast-global-color-4)","background-image":"","background-repeat":"repeat","background-position":"center center","background-size":"auto","background-attachment":"scroll","background-type":"","background-media":"","overlay-type":"","overlay-color":"","overlay-opacity":"","overlay-gradient":""},"tablet":{"background-color":"","background-image":"","background-repeat":"repeat","background-position":"center center","background-size":"auto","background-attachment":"scroll","background-type":"","background-media":"","overlay-type":"","overlay-color":"","overlay-opacity":"","overlay-gradient":""},"mobile":{"background-color":"","background-image":"","background-repeat":"repeat","background-position":"center center","background-size":"auto","background-attachment":"scroll","background-type":"","background-media":"","overlay-type":"","overlay-color":"","overlay-opacity":"","overlay-gradient":""}},"ast-content-background-meta":{"desktop":{"background-color":"var(--ast-global-color-5)","background-image":"","background-repeat":"repeat","background-position":"center center","background-size":"auto","background-attachment":"scroll","background-type":"","background-media":"","overlay-type":"","overlay-color":"","overlay-opacity":"","overlay-gradient":""},"tablet":{"background-color":"var(--ast-global-color-5)","background-image":"","background-repeat":"repeat","background-position":"center center","background-size":"auto","background-attachment":"scroll","background-type":"","background-media":"","overlay-type":"","overlay-color":"","overlay-opacity":"","overlay-gradient":""},"mobile":{"background-color":"var(--ast-global-color-5)","background-image":"","background-repeat":"repeat","background-position":"center center","background-size":"auto","background-attachment":"scroll","background-type":"","background-media":"","overlay-type":"","overlay-color":"","overlay-opacity":"","overlay-gradient":""}},"_joinchat":[]},"product_brand":[],"product_cat":[60,293,295,297,273,279,254,25,123,26,28,135,27,137,136,15,30],"product_tag":[63,56,57,58,40,41,37],"class_list":{"0":"post-1985","1":"product","2":"type-product","3":"status-publish","4":"has-post-thumbnail","6":"product_cat-bang-vapes","7":"product_cat-low-nicotine-disposable-vapes","8":"product_cat-rechargeable-disposable-vapes","9":"product_cat-tornado-disposable-vapes","10":"product_cat-bang-box-vape","11":"product_cat-bang-king-vape","12":"product_cat-12000-puff-disposable-vape","13":"product_cat-germany-best-selling-vape","14":"product_cat-italy-wholesale-vape","15":"product_cat-netherlands-hot-sale-vape","16":"product_cat-poland-hot-sale-vape","17":"product_cat-spain-best-hot-sale-vape","18":"product_cat-fance-hot-sale-vape","19":"product_cat-rechargeable-vapes","20":"product_cat-smart-screen-vapes","21":"product_cat-new-vape-this-week","22":"product_cat-minimum-order-quantity-50pcs","23":"product_tag-bang-vapes","24":"product_tag-disposable-vape-wholesale-near-me","25":"product_tag-disposable-vape-wholesale-supplier","26":"product_tag-electric-cigarettes","27":"product_tag-hot-sale-vape","28":"product_tag-original-factory-vape","29":"product_tag-wholesale-vape-price","30":"desktop-align-left","31":"tablet-align-left","32":"mobile-align-left","34":"first","35":"instock","36":"sale","37":"shipping-taxable","38":"purchasable","39":"product-type-simple"},"uagb_featured_image_src":{"full":["https:\/\/rmvapesale.com\/wp-content\/uploads\/2024\/09\/Bang-Tornado-12000-Puffs-Disposable-Vape.jpg",800,800,false],"thumbnail":["https:\/\/rmvapesale.com\/wp-content\/uploads\/2024\/09\/Bang-Tornado-12000-Puffs-Disposable-Vape-150x150.jpg",150,150,true],"medium":["https:\/\/rmvapesale.com\/wp-content\/uploads\/2024\/09\/Bang-Tornado-12000-Puffs-Disposable-Vape-300x300.jpg",300,300,true],"medium_large":["https:\/\/rmvapesale.com\/wp-content\/uploads\/2024\/09\/Bang-Tornado-12000-Puffs-Disposable-Vape-768x768.jpg",768,768,true],"large":["https:\/\/rmvapesale.com\/wp-content\/uploads\/2024\/09\/Bang-Tornado-12000-Puffs-Disposable-Vape.jpg",800,800,false],"1536x1536":["https:\/\/rmvapesale.com\/wp-content\/uploads\/2024\/09\/Bang-Tornado-12000-Puffs-Disposable-Vape.jpg",800,800,false],"2048x2048":["https:\/\/rmvapesale.com\/wp-content\/uploads\/2024\/09\/Bang-Tornado-12000-Puffs-Disposable-Vape.jpg",800,800,false],"trp-custom-language-flag":["https:\/\/rmvapesale.com\/wp-content\/uploads\/2024\/09\/Bang-Tornado-12000-Puffs-Disposable-Vape.jpg",12,12,false],"woocommerce_thumbnail":["https:\/\/rmvapesale.com\/wp-content\/uploads\/2024\/09\/Bang-Tornado-12000-Puffs-Disposable-Vape-300x300.jpg",300,300,true],"woocommerce_single":["https:\/\/rmvapesale.com\/wp-content\/uploads\/2024\/09\/Bang-Tornado-12000-Puffs-Disposable-Vape-600x600.jpg",600,600,true],"woocommerce_gallery_thumbnail":["https:\/\/rmvapesale.com\/wp-content\/uploads\/2024\/09\/Bang-Tornado-12000-Puffs-Disposable-Vape-100x100.jpg",100,100,true],"wcpr-photo-reviews":["https:\/\/rmvapesale.com\/wp-content\/uploads\/2024\/09\/Bang-Tornado-12000-Puffs-Disposable-Vape.jpg",500,500,false]},"uagb_author_info":{"display_name":"AMY","author_link":"https:\/\/rmvapesale.com\/fr\/author\/"},"uagb_comment_info":0,"uagb_excerpt":"Vape Bang Box Tornado Wholesale Bang 12000 Puffs Best Flavor BANG Tornado 12000 Puffs Disposable Vape Pod Wholesale Price Bang tornado 12000 Puffs 0% 2% 3% 5% Nicotine in stock Contact Amy For More Discount And Lower MOQ Vape WhatsApp: +86 17776015835","_links":{"self":[{"href":"https:\/\/rmvapesale.com\/fr\/wp-json\/wp\/v2\/product\/1985","targetHints":{"allow":["GET"]}}],"collection":[{"href":"https:\/\/rmvapesale.com\/fr\/wp-json\/wp\/v2\/product"}],"about":[{"href":"https:\/\/rmvapesale.com\/fr\/wp-json\/wp\/v2\/types\/product"}],"replies":[{"embeddable":true,"href":"https:\/\/rmvapesale.com\/fr\/wp-json\/wp\/v2\/comments?post=1985"}],"wp:featuredmedia":[{"embeddable":true,"href":"https:\/\/rmvapesale.com\/fr\/wp-json\/wp\/v2\/media\/1981"}],"wp:attachment":[{"href":"https:\/\/rmvapesale.com\/fr\/wp-json\/wp\/v2\/media?parent=1985"}],"wp:term":[{"taxonomy":"product_brand","embeddable":true,"href":"https:\/\/rmvapesale.com\/fr\/wp-json\/wp\/v2\/product_brand?post=1985"},{"taxonomy":"product_cat","embeddable":true,"href":"https:\/\/rmvapesale.com\/fr\/wp-json\/wp\/v2\/product_cat?post=1985"},{"taxonomy":"product_tag","embeddable":true,"href":"https:\/\/rmvapesale.com\/fr\/wp-json\/wp\/v2\/product_tag?post=1985"}],"curies":[{"name":"wp","href":"https:\/\/api.w.org\/{rel}","templated":true}]}}