{"id":1994,"date":"2024-09-13T03:39:06","date_gmt":"2024-09-13T03:39:06","guid":{"rendered":"https:\/\/rmvapesale.com\/?post_type=product&#038;p=1994"},"modified":"2025-01-20T03:52:56","modified_gmt":"2025-01-20T03:52:56","slug":"bang-digital-box-15000-puffs-original-factory-wholesale","status":"publish","type":"product","link":"https:\/\/rmvapesale.com\/fr\/product\/bang-digital-box-15000-puffs-original-factory-wholesale\/","title":{"rendered":"Bang Digital Box 15000 Puffs Vente en gros usine d'origine"},"content":{"rendered":"<h1>Bang Digital Box 15000 Puffs Vente en gros usine d'origine<\/h1>\n<p>Pr\u00e9sentation du Bang Digital Box 15000 Bouff\u00e9es, une cigarette \u00e9lectronique jetable de pointe qui allie style, fonctionnalit\u00e9 et long\u00e9vit\u00e9 exceptionnelle. Con\u00e7ue avec un corps en alliage d'aluminium \u00e9l\u00e9gant et PETG, cet appareil offre \u00e0 la fois une durabilit\u00e9 impressionnante et un look contemporain.<\/p>\n<p>Avec une large gamme de saveurs et de forces de nicotine disponibles, le Bang Digital 15000 Bouff\u00e9es est un choix polyvalent pour les vapoteurs adultes. Con\u00e7u pour la commodit\u00e9, il s'int\u00e8gre facilement \u00e0 votre mode de vie, offrant une exp\u00e9rience de vapotage fiable, savoureuse et conviviale.<\/p>\n<p>Pourquoi ne pas d\u00e9couvrir le summum du vapotage jetable avec le Bang Digital 15000 Bouff\u00e9es d\u00e8s maintenant ?<\/p>\n<p><strong>Contactez Amy pour obtenir une r\u00e9ponse rapide et plus de vid\u00e9os de produits !<\/strong><\/p>\n<p><img loading=\"lazy\" decoding=\"async\" class=\"size-medium wp-image-1814\" src=\"https:\/\/rmvapesale.com\/wp-content\/uploads\/2024\/04\/whatsapp-amy-229x300.jpg\" alt=\"whatsapp amy\" width=\"229\" height=\"300\" srcset=\"https:\/\/rmvapesale.com\/wp-content\/uploads\/2024\/04\/whatsapp-amy-229x300.jpg 229w, https:\/\/rmvapesale.com\/wp-content\/uploads\/2024\/04\/whatsapp-amy-783x1024.jpg 783w, https:\/\/rmvapesale.com\/wp-content\/uploads\/2024\/04\/whatsapp-amy-768x1005.jpg 768w, https:\/\/rmvapesale.com\/wp-content\/uploads\/2024\/04\/whatsapp-amy-600x785.jpg 600w, https:\/\/rmvapesale.com\/wp-content\/uploads\/2024\/04\/whatsapp-amy.jpg 990w\" sizes=\"auto, (max-width: 229px) 100vw, 229px\" \/><\/p>\n<h3><span style=\"color: #ff0000\"><strong>WhatsApp: +86 17776015835<\/strong><\/span><\/h3>\n<p>&nbsp;<\/p>\n<h2><strong>Caract\u00e9ristiques principales du Bang Digital 15000 Bouff\u00e9es<\/strong><\/h2>\n<p>Nicotine: 0% 2% 3% 5%<br \/>\nBouff\u00e9es: 15000<br \/>\nCapacit\u00e9 : 23 ml<br \/>\n12 saveurs disponibles<br \/>\nRechargeable 500mah<br \/>\nBobine maill\u00e9e<\/p>\n<h2><strong>Meilleure saveur pour Bang Digital 15000<\/strong><\/h2>\n<p>Ce pod jetable Bang Digital Box 15000 Bouff\u00e9es, proposant 12 saveurs soigneusement \u00e9labor\u00e9es, chacune con\u00e7ue pour offrir une exp\u00e9rience gustative distinctive et satisfaisante, il y en a pour tous les go\u00fbts.<\/p>\n<p>1. Freeze Bleu<br \/>\n2. Explosion de Baies &gt;&gt;Chaud !<br \/>\n3. Citron Cerise Bleue<br \/>\n4. Freeze P\u00eache<br \/>\n5. Freeze Raisin<br \/>\n6. P\u00eache Baie<br \/>\n7. Pomme Acide Razberry<br \/>\n8. Triple Fruit<br \/>\n9. Past\u00e8que Glac\u00e9e &gt;&gt;Chaud !<br \/>\n10.Fraise Past\u00e8que &gt;&gt;Meilleur!<br \/>\n11.Menthe Fra\u00eeche<br \/>\n12.Fraise Litchi &gt;&gt;Chaud!<\/p>\n<h2><strong>Questions que vous pourriez vouloir conna\u00eetre sur Bang Digital 15000 Bouff\u00e9es<\/strong><\/h2>\n<p>&nbsp;<\/p>\n<p><strong>1. Comment utiliser le Bang Digital 15000 Bouff\u00e9es si je suis novice en vapotage?<\/strong><br \/>\nLe Bang Digital 15000 Bouff\u00e9es est con\u00e7u pour \u00eatre facile \u00e0 utiliser. Il suffit de d\u00e9baller l'appareil et de commencer \u00e0 inhaler pour profiter de la saveur choisie. Il n'y a pas de r\u00e9glages compliqu\u00e9s ni d'entretien requis, ce qui en fait un choix parfait pour les d\u00e9butants.<\/p>\n<p><strong>2. Le Bang Digital 15000 Bouff\u00e9es est-il respectueux de l'environnement?<\/strong><br \/>\nOui, Vapes Europe s'engage en faveur de la durabilit\u00e9. Bien que le Bang Digital 15000 Bouff\u00e9es soit un dispositif jetable, nous encourageons une \u00e9limination responsable. Veuillez utiliser les centres de recyclage des d\u00e9chets \u00e9lectroniques d\u00e9sign\u00e9s pour minimiser l'impact environnemental et assurer une gestion appropri\u00e9e des composants de l'appareil.<\/p>\n<p><strong>3. Comment \u00e9liminer en toute s\u00e9curit\u00e9 le Bang Digital 15000 Bouff\u00e9es?<\/strong><br \/>\nPour \u00e9liminer le Bang Digital 15000 Bouff\u00e9es, assurez d'abord qu'il est compl\u00e8tement vid\u00e9. Ensuite, suivez les r\u00e9glementations locales pour la gestion des d\u00e9chets \u00e9lectroniques ou les centres de recyclage. De nombreuses collectivit\u00e9s offrent des points de d\u00e9p\u00f4t sp\u00e9cifiques pour les appareils \u00e9lectroniques afin d'assurer une \u00e9limination appropri\u00e9e et de r\u00e9duire l'impact environnemental.<\/p>\n<p><strong>4. Le Bang Digital Box 15000 est-il s\u00fbr pour l'utilisation et l'\u00e9limination?<\/strong><br \/>\nAbsolument. Le Bang 25000 Puffs est con\u00e7u dans un souci de s\u00e9curit\u00e9 et respecte les normes de l'industrie. Sa nature jetable \u00e9limine les soucis d'entretien et, lorsqu'il est \u00e9limin\u00e9 de mani\u00e8re responsable, il a un impact minimal sur l'environnement. Suivez toujours les consignes de s\u00e9curit\u00e9 et n'h\u00e9sitez pas \u00e0 contacter notre \u00e9quipe de service client pour toute question sp\u00e9cifique.<\/p>\n<p>&nbsp;<\/p>\n<h3><b>FAQs<\/b><\/h3>\n<div class=\"flex-shrink-0 flex flex-col relative items-end\">\n<div>\n<div class=\"pt-0\">\n<div class=\"gizmo-bot-avatar flex h-8 w-8 items-center justify-center overflow-hidden rounded-full\">\n<div class=\"relative p-1 rounded-sm flex items-center justify-center bg-token-main-surface-primary text-token-text-primary h-8 w-8\"><strong>Quelles m\u00e9thodes d'exp\u00e9dition sont utilis\u00e9es ?<\/strong><\/div>\n<\/div>\n<\/div>\n<\/div>\n<\/div>\n<div class=\"group\/conversation-turn relative flex w-full min-w-0 flex-col agent-turn\">\n<div class=\"flex-col gap-1 md:gap-3\">\n<div class=\"flex max-w-full flex-col flex-grow\">\n<div class=\"min-h-[20px] text-message flex w-full flex-col items-end gap-2 whitespace-normal break-words [.text-message+&amp;]:mt-5 overflow-x-auto\" dir=\"auto\" data-message-author-role=\"assistant\" data-message-id=\"22f8283b-3233-46ff-89a5-c7a41b33abda\">\n<div class=\"flex w-full flex-col gap-1 empty:hidden first:pt-[3px]\">\n<div class=\"markdown prose w-full break-words dark:prose-invert light\">\n<p>Nous travaillons en partenariat avec UPS, DHL, FedEx, DPD et d'autres transporteurs de premier plan. Nous s\u00e9lectionnerons la meilleure m\u00e9thode d'exp\u00e9dition en fonction de votre lieu de livraison pour que vous receviez vos produits le plus rapidement possible.<\/p>\n<\/div>\n<p><strong>Combien de temps faut-il pour arriver ?<\/strong><\/p>\n<p>Les colis exp\u00e9di\u00e9s en France arrivent g\u00e9n\u00e9ralement sous 10 jours ouvrables. L'exp\u00e9dition vers les pays europ\u00e9ens prend g\u00e9n\u00e9ralement environ 12 \u00e0 15 jours ouvrables. Nous vous fournirons des mises \u00e0 jour en temps r\u00e9el sur l'\u00e9tat de votre envoi.<\/p>\n<p>&nbsp;<\/p>\n<\/div>\n<\/div>\n<\/div>\n<\/div>\n<\/div>\n<p>Trouvez plus de produits de vape que vous pourriez aimer :<em><a href=\"https:\/\/rmvapesale.com\/fr\/shop-2\/\">acheter maintenant\u00a0<\/a><\/em><\/p>\n<p>autres cigarettes \u00e9lectroniques populaires que vous pourriez aimer :<\/p>\n<p><a href=\"https:\/\/rmvapesale.com\/fr\/product\/bang-30k-puffs-disposable-vape-double-taste-wholesale-italy\/\">Bang 30k Bouff\u00e9es<\/a><\/p>\n<p><a href=\"https:\/\/rmvapesale.com\/fr\/product\/bang-beach-22000-puffs-smart-screen-vapes-factory-price\/\">Bang Beach 22000 Bouff\u00e9es<\/a><\/p>\n<p><a href=\"https:\/\/rmvapesale.com\/fr\/product\/randm-tornado-15000-puffs-vape-wholesale\/\">RandM Tornado 15000 Puffs<\/a><\/p>\n<p><a href=\"https:\/\/rmvapesale.com\/fr\/product\/bang-20000-puffs-disposable-vape-wholesale-supplier\/\">Bang 20000 Puffs<\/a><\/p>","protected":false},"excerpt":{"rendered":"<p class=\"LC20lb MBeuO DKV0Md\">Bang Box Recharge Vape Jetable 15000 Bouff\u00e9es<\/p>\n<p>Bang Digital Box 15000 Bouff\u00e9es Vape Originale Pod Prix de Gros<\/p>\n<p>Bang Digital Puff 15k 15000 Bouff\u00e9es Cigarettes \u00c9lectroniques Jetables 0% 2% 3% 5% Nicotine<\/p>\n<p><strong>Contactez Amy pour plus de r\u00e9duction et un MOQ de vape plus bas<\/strong><\/p>\n<p><img loading=\"lazy\" decoding=\"async\" class=\"size-medium wp-image-1814\" src=\"https:\/\/rmvapesale.com\/wp-content\/uploads\/2024\/04\/whatsapp-amy-229x300.jpg\" alt=\"whatsapp amy\" width=\"229\" height=\"300\" srcset=\"https:\/\/rmvapesale.com\/wp-content\/uploads\/2024\/04\/whatsapp-amy-229x300.jpg 229w, https:\/\/rmvapesale.com\/wp-content\/uploads\/2024\/04\/whatsapp-amy-783x1024.jpg 783w, https:\/\/rmvapesale.com\/wp-content\/uploads\/2024\/04\/whatsapp-amy-768x1005.jpg 768w, https:\/\/rmvapesale.com\/wp-content\/uploads\/2024\/04\/whatsapp-amy-600x785.jpg 600w, https:\/\/rmvapesale.com\/wp-content\/uploads\/2024\/04\/whatsapp-amy.jpg 990w\" sizes=\"auto, (max-width: 229px) 100vw, 229px\" \/><\/p>\n<h3><span style=\"color: #ff0000\"><strong>WhatsApp: +86 17776015835<\/strong><\/span><\/h3>","protected":false},"featured_media":1993,"comment_status":"open","ping_status":"closed","template":"","meta":{"_uag_custom_page_level_css":"","_lmt_disableupdate":"no","_lmt_disable":"","site-sidebar-layout":"default","site-content-layout":"content-boxed-container","ast-site-content-layout":"normal-width-container","site-content-style":"boxed","site-sidebar-style":"unboxed","ast-global-header-display":"","ast-banner-title-visibility":"","ast-main-header-display":"","ast-hfb-above-header-display":"","ast-hfb-below-header-display":"","ast-hfb-mobile-header-display":"","site-post-title":"","ast-breadcrumbs-content":"","ast-featured-img":"","footer-sml-layout":"","theme-transparent-header-meta":"default","adv-header-id-meta":"","stick-header-meta":"","header-above-stick-meta":"","header-main-stick-meta":"","header-below-stick-meta":"","astra-migrate-meta-layouts":"set","ast-page-background-enabled":"default","ast-page-background-meta":{"desktop":{"background-color":"var(--ast-global-color-4)","background-image":"","background-repeat":"repeat","background-position":"center center","background-size":"auto","background-attachment":"scroll","background-type":"","background-media":"","overlay-type":"","overlay-color":"","overlay-opacity":"","overlay-gradient":""},"tablet":{"background-color":"","background-image":"","background-repeat":"repeat","background-position":"center center","background-size":"auto","background-attachment":"scroll","background-type":"","background-media":"","overlay-type":"","overlay-color":"","overlay-opacity":"","overlay-gradient":""},"mobile":{"background-color":"","background-image":"","background-repeat":"repeat","background-position":"center center","background-size":"auto","background-attachment":"scroll","background-type":"","background-media":"","overlay-type":"","overlay-color":"","overlay-opacity":"","overlay-gradient":""}},"ast-content-background-meta":{"desktop":{"background-color":"var(--ast-global-color-5)","background-image":"","background-repeat":"repeat","background-position":"center center","background-size":"auto","background-attachment":"scroll","background-type":"","background-media":"","overlay-type":"","overlay-color":"","overlay-opacity":"","overlay-gradient":""},"tablet":{"background-color":"var(--ast-global-color-5)","background-image":"","background-repeat":"repeat","background-position":"center center","background-size":"auto","background-attachment":"scroll","background-type":"","background-media":"","overlay-type":"","overlay-color":"","overlay-opacity":"","overlay-gradient":""},"mobile":{"background-color":"var(--ast-global-color-5)","background-image":"","background-repeat":"repeat","background-position":"center center","background-size":"auto","background-attachment":"scroll","background-type":"","background-media":"","overlay-type":"","overlay-color":"","overlay-opacity":"","overlay-gradient":""}},"_joinchat":[]},"product_brand":[],"product_cat":[60,292,293,295,299,273,279,25,123,26,28,135,27,61,137,136,15,30],"product_tag":[63,56,57,58,40,41,37],"class_list":{"0":"post-1994","1":"product","2":"type-product","3":"status-publish","4":"has-post-thumbnail","6":"product_cat-bang-vapes","7":"product_cat-digital-disposable-vapes","8":"product_cat-low-nicotine-disposable-vapes","9":"product_cat-rechargeable-disposable-vapes","10":"product_cat-smart-screen-disposable-vapes","11":"product_cat-bang-box-vape","12":"product_cat-bang-king-vape","13":"product_cat-germany-best-selling-vape","14":"product_cat-italy-wholesale-vape","15":"product_cat-netherlands-hot-sale-vape","16":"product_cat-poland-hot-sale-vape","17":"product_cat-spain-best-hot-sale-vape","18":"product_cat-fance-hot-sale-vape","19":"product_cat-15000-puffs-disposable-vapes","20":"product_cat-rechargeable-vapes","21":"product_cat-smart-screen-vapes","22":"product_cat-new-vape-this-week","23":"product_cat-minimum-order-quantity-50pcs","24":"product_tag-bang-vapes","25":"product_tag-disposable-vape-wholesale-near-me","26":"product_tag-disposable-vape-wholesale-supplier","27":"product_tag-electric-cigarettes","28":"product_tag-hot-sale-vape","29":"product_tag-original-factory-vape","30":"product_tag-wholesale-vape-price","31":"desktop-align-left","32":"tablet-align-left","33":"mobile-align-left","35":"first","36":"instock","37":"sale","38":"shipping-taxable","39":"purchasable","40":"product-type-simple"},"uagb_featured_image_src":{"full":["https:\/\/rmvapesale.com\/wp-content\/uploads\/2024\/09\/Bang-Digital-Puff15000-Puffs-Disposable-E-Cigarettes.jpg",800,800,false],"thumbnail":["https:\/\/rmvapesale.com\/wp-content\/uploads\/2024\/09\/Bang-Digital-Puff15000-Puffs-Disposable-E-Cigarettes-150x150.jpg",150,150,true],"medium":["https:\/\/rmvapesale.com\/wp-content\/uploads\/2024\/09\/Bang-Digital-Puff15000-Puffs-Disposable-E-Cigarettes-300x300.jpg",300,300,true],"medium_large":["https:\/\/rmvapesale.com\/wp-content\/uploads\/2024\/09\/Bang-Digital-Puff15000-Puffs-Disposable-E-Cigarettes-768x768.jpg",768,768,true],"large":["https:\/\/rmvapesale.com\/wp-content\/uploads\/2024\/09\/Bang-Digital-Puff15000-Puffs-Disposable-E-Cigarettes.jpg",800,800,false],"1536x1536":["https:\/\/rmvapesale.com\/wp-content\/uploads\/2024\/09\/Bang-Digital-Puff15000-Puffs-Disposable-E-Cigarettes.jpg",800,800,false],"2048x2048":["https:\/\/rmvapesale.com\/wp-content\/uploads\/2024\/09\/Bang-Digital-Puff15000-Puffs-Disposable-E-Cigarettes.jpg",800,800,false],"trp-custom-language-flag":["https:\/\/rmvapesale.com\/wp-content\/uploads\/2024\/09\/Bang-Digital-Puff15000-Puffs-Disposable-E-Cigarettes.jpg",12,12,false],"woocommerce_thumbnail":["https:\/\/rmvapesale.com\/wp-content\/uploads\/2024\/09\/Bang-Digital-Puff15000-Puffs-Disposable-E-Cigarettes-300x300.jpg",300,300,true],"woocommerce_single":["https:\/\/rmvapesale.com\/wp-content\/uploads\/2024\/09\/Bang-Digital-Puff15000-Puffs-Disposable-E-Cigarettes-600x600.jpg",600,600,true],"woocommerce_gallery_thumbnail":["https:\/\/rmvapesale.com\/wp-content\/uploads\/2024\/09\/Bang-Digital-Puff15000-Puffs-Disposable-E-Cigarettes-100x100.jpg",100,100,true],"wcpr-photo-reviews":["https:\/\/rmvapesale.com\/wp-content\/uploads\/2024\/09\/Bang-Digital-Puff15000-Puffs-Disposable-E-Cigarettes.jpg",500,500,false]},"uagb_author_info":{"display_name":"AMY","author_link":"https:\/\/rmvapesale.com\/fr\/author\/"},"uagb_comment_info":0,"uagb_excerpt":"Bang Box\u00a0 Recharge Disposable Vape 15000 Puffs Bang Digital Box 15000 Puffs Original Vape Pod Wholesale Price Bang Digital Puff 15k 15000 Puffs Disposable E Cigarettes\u00a0 0% 2% 3% 5% Nicotine Contact Amy For More Discount And Lower MOQ Vape WhatsApp: +86 17776015835","_links":{"self":[{"href":"https:\/\/rmvapesale.com\/fr\/wp-json\/wp\/v2\/product\/1994","targetHints":{"allow":["GET"]}}],"collection":[{"href":"https:\/\/rmvapesale.com\/fr\/wp-json\/wp\/v2\/product"}],"about":[{"href":"https:\/\/rmvapesale.com\/fr\/wp-json\/wp\/v2\/types\/product"}],"replies":[{"embeddable":true,"href":"https:\/\/rmvapesale.com\/fr\/wp-json\/wp\/v2\/comments?post=1994"}],"wp:featuredmedia":[{"embeddable":true,"href":"https:\/\/rmvapesale.com\/fr\/wp-json\/wp\/v2\/media\/1993"}],"wp:attachment":[{"href":"https:\/\/rmvapesale.com\/fr\/wp-json\/wp\/v2\/media?parent=1994"}],"wp:term":[{"taxonomy":"product_brand","embeddable":true,"href":"https:\/\/rmvapesale.com\/fr\/wp-json\/wp\/v2\/product_brand?post=1994"},{"taxonomy":"product_cat","embeddable":true,"href":"https:\/\/rmvapesale.com\/fr\/wp-json\/wp\/v2\/product_cat?post=1994"},{"taxonomy":"product_tag","embeddable":true,"href":"https:\/\/rmvapesale.com\/fr\/wp-json\/wp\/v2\/product_tag?post=1994"}],"curies":[{"name":"wp","href":"https:\/\/api.w.org\/{rel}","templated":true}]}}