{"id":2054,"date":"2024-09-20T02:34:42","date_gmt":"2024-09-20T02:34:42","guid":{"rendered":"https:\/\/rmvapesale.com\/?post_type=product&#038;p=2054"},"modified":"2025-01-21T09:14:46","modified_gmt":"2025-01-21T09:14:46","slug":"wga-crystal-plus-smart-16000-disposable-vape","status":"publish","type":"product","link":"https:\/\/rmvapesale.com\/fr\/product\/wga-crystal-plus-smart-16000-disposable-vape\/","title":{"rendered":"WGA Crystal Plus Smart 16000 Vape Jetable"},"content":{"rendered":"<h3 class=\"LC20lb MBeuO DKV0Md\">WGA Crystal Plus Smart 16000 Vape Jetable<\/h3>\n<p>Am\u00e9liorez votre exp\u00e9rience de vapotage avec le Pod Vape Jetable WGA Crystal Plus Smart 16000, maintenant disponible. Con\u00e7u pour le vapoteur exigeant, ce dispositif de vapotage innovant offre 16 000 bouff\u00e9es de satisfaction ininterrompue.<\/p>\n<p>Ce qui distingue le Crystal Plus Smart sur un march\u00e9 encombr\u00e9 est sa combinaison de technologie avanc\u00e9e et de design \u00e9l\u00e9gant. Dot\u00e9 d'un syst\u00e8me de bobine en maille de pointe, il offre une production de vapeur douce et constante \u00e0 chaque bouff\u00e9e. Profitez de saveurs riches et de nuages denses, gr\u00e2ce \u00e0 un flux d'air optimis\u00e9 et une technologie de bobine sup\u00e9rieure.<\/p>\n<p>Pr\u00e9-rempli d'e-liquide de premi\u00e8re qualit\u00e9, le Crystal Plus Smart offre une vaste gamme de saveurs d\u00e9licieuses pour plaire \u00e0 tous les palais, que vous ayez envie d'options fruit\u00e9es, menthol\u00e9es ou inspir\u00e9es de desserts, il y en a pour tout le monde.<\/p>\n<p>Adoptez l'avenir du vapotage avec le Pod Vape Jetable WGA Crystal Plus Smart, disponible d\u00e8s maintenant, o\u00f9 la qualit\u00e9 rencontre la commodit\u00e9.<\/p>\n<p><strong>Ajoutez AMY sur whatsapp pour obtenir plus de r\u00e9duction !<\/strong><\/p>\n<p><img loading=\"lazy\" decoding=\"async\" class=\"size-full wp-image-1978\" src=\"https:\/\/rmvapesale.com\/wp-content\/uploads\/2024\/09\/Disposable-Vape-Wholesale.jpg\" alt=\"Vente en gros de vapes jetables\" width=\"229\" height=\"300\" \/><\/p>\n<h3><span style=\"color: #ff0000\"><strong>WhatsApp: +86 17776015835<\/strong><\/span><\/h3>\n<p>&nbsp;<\/p>\n<h2>Sp\u00e9cifications du WGA Crystal Plus Smart 16000<\/h2>\n<p>Bouff\u00e9es : 20000 bouff\u00e9es<br \/>\nBatterie : 650mAh<br \/>\nE-Liquide : 15ml*2<br \/>\nTaux de Nicotine : 2% 5%<br \/>\nRechargeable Type C<\/p>\n<h2><\/h2>\n<p>&nbsp;<\/p>\n<h2>Liste des saveurs du WGA Crystal Smart 16000<\/h2>\n<p>&nbsp;<\/p>\n<p>1.Glace \u00e0 la Banane<br \/>\n2.Cerise Blue Razz<br \/>\n3.Glace Blue Razz<br \/>\n4.Myrtille Cerise Canneberge<br \/>\n5. Myrtille Framboise<br \/>\n6.Myrtille Framboise Acide<br \/>\n7.Glace \u00e0 la Cerise<br \/>\n8.Cerise P\u00e9tillante<br \/>\n9.Menthe Fra\u00eeche<br \/>\n10.Ours Gommeux<br \/>\n11.Hubba Bubba<br \/>\n12.P\u00eache Juteuse<br \/>\n13.Citron<br \/>\n14.Monsieur Bleu<br \/>\n15.Glace \u00e0 la Pomme Rouge<br \/>\n16.Skittles<br \/>\n17.Fraise Framboise Cerise<br \/>\n18.R\u00eave d'\u00c9t\u00e9<br \/>\n19.Vimto Bull<br \/>\n20.Glace \u00e0 la Past\u00e8que<\/p>\n<div class=\"mceTemp\"><\/div>\n<h4><\/h4>\n<h4>FAQ :<\/h4>\n<p>&nbsp;<\/p>\n<p><strong>1. Combien de temps dure un appareil WGA Crystal Plus Smart 16k ?<\/strong><br \/>\nAvec une utilisation appropri\u00e9e, chaque appareil peut d\u00e9livrer environ 16 000 bouff\u00e9es, ce qui dure plusieurs semaines pour la plupart des utilisateurs.<\/p>\n<p><strong>2. Puis-je recharger le WGA Crystal Smart 16000 ?<\/strong><br \/>\nOui, ce vape jetable est livr\u00e9 avec une batterie rechargeable, que vous pouvez recharger lorsqu'elle est vide.<\/p>\n<p><strong>3. Le WGA Crystal Smart 16000 est-il adapt\u00e9 aux d\u00e9butants ?<\/strong><br \/>\nAbsolument ! Sa conception conviviale le rend parfait pour les vapoteurs d\u00e9butants comme pour les plus exp\u00e9riment\u00e9s.<\/p>\n<p>&nbsp;<\/p>\n<p>Autres vapes en vente que vous pourriez aimer :<\/p>\n<p><a href=\"https:\/\/rmvapesale.com\/fr\/product\/waspe-12000-puffs-disposable-vape-pen\/\"><strong>WGA Crystal Pro Max Extra 15000<\/strong><\/a><em><a href=\"https:\/\/rmvapesale.com\/fr\/product\/wga-crystal-pro-max-extra-15k-puffs-disposable-vape-wholesale\/\"><strong> &gt;&gt;&gt;Boutique<\/strong><\/a><\/em><\/p>\n<p><strong><a href=\"https:\/\/rmvapesale.com\/fr\/product\/wga-crystal-plus-20000-puff-dual-flavour-disposable-vape\/\">WGA Crystal Plus 20000<\/a><\/strong><em><strong><a href=\"https:\/\/rmvapesale.com\/fr\/product\/wga-crystal-plus-20000-puff-dual-flavour-disposable-vape\/\">\u00a0 &gt;&gt;&gt;Boutique<\/a><\/strong><\/em><\/p>\n<p><a href=\"https:\/\/rmvapesale.com\/fr\/product\/fihp-shisha-hookah-15000-pro-disposable-vape-wholesale\/\"><strong>FIHP 15000 Puffs <\/strong><\/a><strong><em><a href=\"https:\/\/rmvapesale.com\/fr\/product\/waspe-12000-puffs-disposable-vape-pen\/\">&gt;&gt;&gt;Boutique<\/a><\/em><\/strong><\/p>\n<p>&nbsp;<\/p>\n<p>&nbsp;<\/p>\n<p>Trouvez plus de produits de vape que vous pourriez aimer :<em><a href=\"https:\/\/rmvapesale.com\/fr\/shop-2\/\">acheter maintenant\u00a0<\/a><\/em><\/p>\n<p>&nbsp;<\/p>","protected":false},"excerpt":{"rendered":"<p class=\"LC20lb MBeuO DKV0Md\">WGA Crystal Plus Smart 16000 Puffs Pod Vape Jetable<br \/>\nVente en gros de WGA Crystal Plus Smart 16000 Vape Jetable<br \/>\nWGA Crystal Plus Smart 16K Puffs Prix d'usine<\/p>\n<p class=\"LC20lb MBeuO DKV0Md\"><strong>Contactez Amy pour plus de r\u00e9duction et un MOQ de vape plus bas<\/strong><\/p>\n<p><img loading=\"lazy\" decoding=\"async\" class=\"size-medium wp-image-1814\" src=\"https:\/\/rmvapesale.com\/wp-content\/uploads\/2024\/04\/whatsapp-amy-229x300.jpg\" alt=\"whatsapp amy\" width=\"229\" height=\"300\" srcset=\"https:\/\/rmvapesale.com\/wp-content\/uploads\/2024\/04\/whatsapp-amy-229x300.jpg 229w, https:\/\/rmvapesale.com\/wp-content\/uploads\/2024\/04\/whatsapp-amy-783x1024.jpg 783w, https:\/\/rmvapesale.com\/wp-content\/uploads\/2024\/04\/whatsapp-amy-768x1005.jpg 768w, https:\/\/rmvapesale.com\/wp-content\/uploads\/2024\/04\/whatsapp-amy-600x785.jpg 600w, https:\/\/rmvapesale.com\/wp-content\/uploads\/2024\/04\/whatsapp-amy.jpg 990w\" sizes=\"auto, (max-width: 229px) 100vw, 229px\" \/><\/p>\n<h3><span style=\"color: #ff0000\"><strong>WhatsApp: +86 17776015835<\/strong><\/span><\/h3>","protected":false},"featured_media":2062,"comment_status":"open","ping_status":"closed","template":"","meta":{"_uag_custom_page_level_css":"","_lmt_disableupdate":"no","_lmt_disable":"","site-sidebar-layout":"default","site-content-layout":"content-boxed-container","ast-site-content-layout":"normal-width-container","site-content-style":"boxed","site-sidebar-style":"unboxed","ast-global-header-display":"","ast-banner-title-visibility":"","ast-main-header-display":"","ast-hfb-above-header-display":"","ast-hfb-below-header-display":"","ast-hfb-mobile-header-display":"","site-post-title":"","ast-breadcrumbs-content":"","ast-featured-img":"","footer-sml-layout":"","theme-transparent-header-meta":"default","adv-header-id-meta":"","stick-header-meta":"","header-above-stick-meta":"","header-main-stick-meta":"","header-below-stick-meta":"","astra-migrate-meta-layouts":"set","ast-page-background-enabled":"default","ast-page-background-meta":{"desktop":{"background-color":"var(--ast-global-color-4)","background-image":"","background-repeat":"repeat","background-position":"center center","background-size":"auto","background-attachment":"scroll","background-type":"","background-media":"","overlay-type":"","overlay-color":"","overlay-opacity":"","overlay-gradient":""},"tablet":{"background-color":"","background-image":"","background-repeat":"repeat","background-position":"center center","background-size":"auto","background-attachment":"scroll","background-type":"","background-media":"","overlay-type":"","overlay-color":"","overlay-opacity":"","overlay-gradient":""},"mobile":{"background-color":"","background-image":"","background-repeat":"repeat","background-position":"center center","background-size":"auto","background-attachment":"scroll","background-type":"","background-media":"","overlay-type":"","overlay-color":"","overlay-opacity":"","overlay-gradient":""}},"ast-content-background-meta":{"desktop":{"background-color":"var(--ast-global-color-5)","background-image":"","background-repeat":"repeat","background-position":"center center","background-size":"auto","background-attachment":"scroll","background-type":"","background-media":"","overlay-type":"","overlay-color":"","overlay-opacity":"","overlay-gradient":""},"tablet":{"background-color":"var(--ast-global-color-5)","background-image":"","background-repeat":"repeat","background-position":"center center","background-size":"auto","background-attachment":"scroll","background-type":"","background-media":"","overlay-type":"","overlay-color":"","overlay-opacity":"","overlay-gradient":""},"mobile":{"background-color":"var(--ast-global-color-5)","background-image":"","background-repeat":"repeat","background-position":"center center","background-size":"auto","background-attachment":"scroll","background-type":"","background-media":"","overlay-type":"","overlay-color":"","overlay-opacity":"","overlay-gradient":""}},"_joinchat":[]},"product_brand":[],"product_cat":[25,289,290,291,292,293,295,296,299,283,123,26,28,135,27,137,136,15,30],"product_tag":[66,40,41,75,74,69,37],"class_list":{"0":"post-2054","1":"product","2":"type-product","3":"status-publish","4":"has-post-thumbnail","6":"product_cat-germany-best-selling-vape","7":"product_cat-big-puffs-disposable-vapes","8":"product_cat-crystal-disposable-vapes","9":"product_cat-dual-mesh-disposable-vapes","10":"product_cat-digital-disposable-vapes","11":"product_cat-low-nicotine-disposable-vapes","12":"product_cat-rechargeable-disposable-vapes","13":"product_cat-shisha-hookah-disposable-vapes","14":"product_cat-smart-screen-disposable-vapes","15":"product_cat-wga-vape","16":"product_cat-italy-wholesale-vape","17":"product_cat-netherlands-hot-sale-vape","18":"product_cat-poland-hot-sale-vape","19":"product_cat-spain-best-hot-sale-vape","20":"product_cat-fance-hot-sale-vape","21":"product_cat-rechargeable-vapes","22":"product_cat-smart-screen-vapes","23":"product_cat-new-vape-this-week","24":"product_cat-minimum-order-quantity-50pcs","25":"product_tag-disposable-vape","26":"product_tag-hot-sale-vape","27":"product_tag-original-factory-vape","28":"product_tag-wga-crystal-plus-smart-16000","29":"product_tag-wga-crystal-plus-smart-16k","30":"product_tag-wga-vape","31":"product_tag-wholesale-vape-price","32":"desktop-align-left","33":"tablet-align-left","34":"mobile-align-left","36":"first","37":"instock","38":"sale","39":"shipping-taxable","40":"purchasable","41":"product-type-simple"},"uagb_featured_image_src":{"full":["https:\/\/rmvapesale.com\/wp-content\/uploads\/2024\/09\/WGA-Crystal-Plus-Smart-16000-Watermelon-Ice.png",800,800,false],"thumbnail":["https:\/\/rmvapesale.com\/wp-content\/uploads\/2024\/09\/WGA-Crystal-Plus-Smart-16000-Watermelon-Ice-150x150.png",150,150,true],"medium":["https:\/\/rmvapesale.com\/wp-content\/uploads\/2024\/09\/WGA-Crystal-Plus-Smart-16000-Watermelon-Ice-300x300.png",300,300,true],"medium_large":["https:\/\/rmvapesale.com\/wp-content\/uploads\/2024\/09\/WGA-Crystal-Plus-Smart-16000-Watermelon-Ice-768x768.png",768,768,true],"large":["https:\/\/rmvapesale.com\/wp-content\/uploads\/2024\/09\/WGA-Crystal-Plus-Smart-16000-Watermelon-Ice.png",800,800,false],"1536x1536":["https:\/\/rmvapesale.com\/wp-content\/uploads\/2024\/09\/WGA-Crystal-Plus-Smart-16000-Watermelon-Ice.png",800,800,false],"2048x2048":["https:\/\/rmvapesale.com\/wp-content\/uploads\/2024\/09\/WGA-Crystal-Plus-Smart-16000-Watermelon-Ice.png",800,800,false],"trp-custom-language-flag":["https:\/\/rmvapesale.com\/wp-content\/uploads\/2024\/09\/WGA-Crystal-Plus-Smart-16000-Watermelon-Ice.png",12,12,false],"woocommerce_thumbnail":["https:\/\/rmvapesale.com\/wp-content\/uploads\/2024\/09\/WGA-Crystal-Plus-Smart-16000-Watermelon-Ice-300x300.png",300,300,true],"woocommerce_single":["https:\/\/rmvapesale.com\/wp-content\/uploads\/2024\/09\/WGA-Crystal-Plus-Smart-16000-Watermelon-Ice-600x600.png",600,600,true],"woocommerce_gallery_thumbnail":["https:\/\/rmvapesale.com\/wp-content\/uploads\/2024\/09\/WGA-Crystal-Plus-Smart-16000-Watermelon-Ice-100x100.png",100,100,true],"wcpr-photo-reviews":["https:\/\/rmvapesale.com\/wp-content\/uploads\/2024\/09\/WGA-Crystal-Plus-Smart-16000-Watermelon-Ice.png",500,500,false]},"uagb_author_info":{"display_name":"AMY","author_link":"https:\/\/rmvapesale.com\/fr\/author\/"},"uagb_comment_info":0,"uagb_excerpt":"WGA Crystal Plus Smart 16000 Puffs Disposable Vape Pod WGA Crystal Plus Smart 16000 Disposable Vape Wholesale WGA Crystal Plus Smart 16K Puffs Facotory Price Contact Amy For More Discount And Lower MOQ Vape WhatsApp: +86 17776015835","_links":{"self":[{"href":"https:\/\/rmvapesale.com\/fr\/wp-json\/wp\/v2\/product\/2054","targetHints":{"allow":["GET"]}}],"collection":[{"href":"https:\/\/rmvapesale.com\/fr\/wp-json\/wp\/v2\/product"}],"about":[{"href":"https:\/\/rmvapesale.com\/fr\/wp-json\/wp\/v2\/types\/product"}],"replies":[{"embeddable":true,"href":"https:\/\/rmvapesale.com\/fr\/wp-json\/wp\/v2\/comments?post=2054"}],"wp:featuredmedia":[{"embeddable":true,"href":"https:\/\/rmvapesale.com\/fr\/wp-json\/wp\/v2\/media\/2062"}],"wp:attachment":[{"href":"https:\/\/rmvapesale.com\/fr\/wp-json\/wp\/v2\/media?parent=2054"}],"wp:term":[{"taxonomy":"product_brand","embeddable":true,"href":"https:\/\/rmvapesale.com\/fr\/wp-json\/wp\/v2\/product_brand?post=2054"},{"taxonomy":"product_cat","embeddable":true,"href":"https:\/\/rmvapesale.com\/fr\/wp-json\/wp\/v2\/product_cat?post=2054"},{"taxonomy":"product_tag","embeddable":true,"href":"https:\/\/rmvapesale.com\/fr\/wp-json\/wp\/v2\/product_tag?post=2054"}],"curies":[{"name":"wp","href":"https:\/\/api.w.org\/{rel}","templated":true}]}}