{"id":2107,"date":"2024-09-23T05:28:49","date_gmt":"2024-09-23T05:28:49","guid":{"rendered":"https:\/\/rmvapesale.com\/?post_type=product&#038;p=2107"},"modified":"2025-01-21T09:18:50","modified_gmt":"2025-01-21T09:18:50","slug":"bang-25000-puffs-0-2-3-5-nicotine-led-display-vape-pod","status":"publish","type":"product","link":"https:\/\/rmvapesale.com\/fr\/product\/bang-25000-puffs-0-2-3-5-nicotine-led-display-vape-pod\/","title":{"rendered":"Pod de vape Bang 25000 bouff\u00e9es 0% 2% 3% 5% Nicotine avec affichage LED"},"content":{"rendered":"<h1><strong>Pod de vape Bang 25000 bouff\u00e9es 0% 2% 3% 5% Nicotine avec affichage LED<\/strong><\/h1>\n<p>La cigarette \u00e9lectronique originale Bang 25000 Puffs offre un impressionnant 25 000 bouff\u00e9es par appareil, \u00e9liminant le besoin de recharges ou de remplacements fr\u00e9quents, ce qui la rend parfaite pour les vapoteurs r\u00e9guliers. Avec une g\u00e9n\u00e9reuse capacit\u00e9 d'e-liquide de 30 ml, cette vape assure une exp\u00e9rience durable et agr\u00e9able sans remplissage constant. Elle r\u00e9pond \u00e0 vos pr\u00e9f\u00e9rences en mati\u00e8re de nicotine avec des options de concentrations de 0%, 2%, 3% et 5%, vous permettant de choisir le niveau qui vous convient le mieux.<\/p>\n<p>Aliment\u00e9 par une batterie de 650 mAh, le Bang 25000 assure des performances durables, et la fonction rechargeable de type C permet une recharge rapide. Restez inform\u00e9 gr\u00e2ce \u00e0 l'affichage de l'e-liquide et de la batterie, pour que vous sachiez toujours quand il est temps de recharger ou de remplir. La r\u00e9sistance en maille de 1,0\u03a9 am\u00e9liore la saveur et la production de vapeur, offrant une exp\u00e9rience de vapotage douce et constante.<\/p>\n<p><strong>Contactez Amy pour obtenir une r\u00e9ponse rapide et plus de vid\u00e9os de produits !<\/strong><\/p>\n<p><img loading=\"lazy\" decoding=\"async\" class=\"size-medium wp-image-1814\" src=\"https:\/\/rmvapesale.com\/wp-content\/uploads\/2024\/04\/whatsapp-amy-229x300.jpg\" alt=\"whatsapp amy\" width=\"229\" height=\"300\" srcset=\"https:\/\/rmvapesale.com\/wp-content\/uploads\/2024\/04\/whatsapp-amy-229x300.jpg 229w, https:\/\/rmvapesale.com\/wp-content\/uploads\/2024\/04\/whatsapp-amy-783x1024.jpg 783w, https:\/\/rmvapesale.com\/wp-content\/uploads\/2024\/04\/whatsapp-amy-768x1005.jpg 768w, https:\/\/rmvapesale.com\/wp-content\/uploads\/2024\/04\/whatsapp-amy-600x785.jpg 600w, https:\/\/rmvapesale.com\/wp-content\/uploads\/2024\/04\/whatsapp-amy.jpg 990w\" sizes=\"auto, (max-width: 229px) 100vw, 229px\" \/><\/p>\n<h3><span style=\"color: #ff0000\"><strong>WhatsApp: +86 17776015835<\/strong><\/span><\/h3>\n<p>&nbsp;<\/p>\n<h2><strong>Bang 25000 Puffs Vape Caract\u00e9ristiques Cl\u00e9s<\/strong><\/h2>\n<p>Nicotine: 0% 2% 3% 5%<br \/>\nBouff\u00e9es: 25000<br \/>\nCapacit\u00e9 : 30ml<br \/>\n12 saveurs disponibles<br \/>\n650 mah Rechargeable<br \/>\nBobine maill\u00e9e<\/p>\n<figure id=\"attachment_2101\" aria-describedby=\"caption-attachment-2101\" style=\"width: 300px\" class=\"wp-caption alignnone\"><img loading=\"lazy\" decoding=\"async\" class=\"size-medium wp-image-2101\" src=\"https:\/\/rmvapesale.com\/wp-content\/uploads\/2024\/09\/Bang-25000-25k-Puffs-Vape-Original-300x300.png\" alt=\"Bang 25000 25k Puffs Vape Original\" width=\"300\" height=\"300\" srcset=\"https:\/\/rmvapesale.com\/wp-content\/uploads\/2024\/09\/Bang-25000-25k-Puffs-Vape-Original-300x300.png 300w, https:\/\/rmvapesale.com\/wp-content\/uploads\/2024\/09\/Bang-25000-25k-Puffs-Vape-Original-150x150.png 150w, https:\/\/rmvapesale.com\/wp-content\/uploads\/2024\/09\/Bang-25000-25k-Puffs-Vape-Original-768x768.png 768w, https:\/\/rmvapesale.com\/wp-content\/uploads\/2024\/09\/Bang-25000-25k-Puffs-Vape-Original-600x600.png 600w, https:\/\/rmvapesale.com\/wp-content\/uploads\/2024\/09\/Bang-25000-25k-Puffs-Vape-Original-100x100.png 100w, https:\/\/rmvapesale.com\/wp-content\/uploads\/2024\/09\/Bang-25000-25k-Puffs-Vape-Original.png 788w\" sizes=\"auto, (max-width: 300px) 100vw, 300px\" \/><figcaption id=\"caption-attachment-2101\" class=\"wp-caption-text\">Bang 25000 25k Puffs Vape Original<\/figcaption><\/figure>\n<h2><strong>Meilleures saveurs pour le Bang 25000 Puffs<\/strong><\/h2>\n<p>Ce pod jetable Bang 25000 Puffs se vante de saveurs riches, choisissez parmi 12 d\u00e9licieuses saveurs, allant des fruit\u00e9es aux menthol\u00e9es et au tabac classique, assurant qu'il y en a pour tous les go\u00fbts. Veuillez trouver ci-joint les saveurs les plus vendues selon nos donn\u00e9es de vente.<\/p>\n<p>1.Glace \u00e0 la past\u00e8que <span style=\"color: #ff0000\"><strong>&gt;&gt;&gt;&gt;Le meilleur !<\/strong><\/span><br \/>\n2. Fraise kiwi<br \/>\n3. Fraise glac\u00e9e<br \/>\n4. Mangue p\u00eache<br \/>\n5. Myrtille framboise<span style=\"color: #ff0000\"><strong>&gt;&gt;&gt;&gt;Chaud !<\/strong><\/span><br \/>\n6. Myrtille menthe<br \/>\n7. Fruits m\u00e9lang\u00e9s<br \/>\n8. Fraise past\u00e8que<br \/>\n9. Raisin glac\u00e9<br \/>\n10. Bubble Gum \u00e0 la Past\u00e8que<br \/>\n11.Myrtille glac\u00e9e<br \/>\n12. Sang de Tigre<span style=\"color: #ff0000\"><strong>&gt;&gt;&gt;&gt;Chaud !<\/strong><\/span><\/p>\n<p>&nbsp;<\/p>\n<h2><strong>Questions que vous pourriez vous poser sur le Bang 25000 Puffs<\/strong><\/h2>\n<p>&nbsp;<\/p>\n<p><strong>1. Comment utiliser le Bang 25000 Puffs si je d\u00e9bute dans le vapotage ?<\/strong><br \/>\nLe Bang 25000 Puffs est con\u00e7u pour \u00eatre facile \u00e0 utiliser. Il suffit de d\u00e9baller l'appareil et de commencer \u00e0 inhaler pour profiter de la saveur choisie. Il n'y a pas de r\u00e9glages compliqu\u00e9s ni d'entretien requis, ce qui en fait un choix parfait pour les d\u00e9butants.<\/p>\n<p><strong>2. Le Bang 25000<\/strong> <strong>Puffs est-il respectueux de l'environnement ?<\/strong><br \/>\nOui, Vapes Europe s'engage en faveur de la durabilit\u00e9. Bien que le Bang 25000 Puffs soit un appareil jetable, nous encourageons une \u00e9limination responsable. Veuillez utiliser les installations de recyclage de d\u00e9chets \u00e9lectroniques d\u00e9sign\u00e9es pour minimiser l'impact environnemental et garantir une manipulation appropri\u00e9e des composants de l'appareil.<\/p>\n<p><strong>3. Comment dois-je jeter le Bang 25000 Puffs en toute s\u00e9curit\u00e9 ?<\/strong><br \/>\nPour vous d\u00e9barrasser du Bang 25000 Puffs, assurez-vous d'abord qu'il est compl\u00e8tement \u00e9puis\u00e9. Ensuite, suivez les r\u00e9glementations locales pour l'\u00e9limination des d\u00e9chets \u00e9lectroniques ou les centres de recyclage. De nombreuses collectivit\u00e9s proposent des points de d\u00e9p\u00f4t sp\u00e9cifiques pour les appareils \u00e9lectroniques afin d'assurer une \u00e9limination appropri\u00e9e et de r\u00e9duire l'impact environnemental.<\/p>\n<p><strong>4. L'utilisation et l'\u00e9limination du Bang 25000 Puffs sont-elles s\u00fbres ?<\/strong><br \/>\nAbsolument. Le Bang 25000 Puffs est con\u00e7u dans un souci de s\u00e9curit\u00e9 et respecte les normes de l'industrie. Sa nature jetable \u00e9limine les soucis d'entretien et, lorsqu'il est \u00e9limin\u00e9 de mani\u00e8re responsable, il a un impact minimal sur l'environnement. Suivez toujours les consignes de s\u00e9curit\u00e9 et n'h\u00e9sitez pas \u00e0 contacter notre \u00e9quipe de service client pour toute question sp\u00e9cifique.<\/p>\n<p>&nbsp;<\/p>\n<h3><b>FAQs<\/b><\/h3>\n<div class=\"flex-shrink-0 flex flex-col relative items-end\">\n<div>\n<div class=\"pt-0\">\n<div class=\"gizmo-bot-avatar flex h-8 w-8 items-center justify-center overflow-hidden rounded-full\">\n<div class=\"relative p-1 rounded-sm flex items-center justify-center bg-token-main-surface-primary text-token-text-primary h-8 w-8\"><strong>Quelles m\u00e9thodes d'exp\u00e9dition sont utilis\u00e9es ?<\/strong><\/div>\n<\/div>\n<\/div>\n<\/div>\n<\/div>\n<div class=\"group\/conversation-turn relative flex w-full min-w-0 flex-col agent-turn\">\n<div class=\"flex-col gap-1 md:gap-3\">\n<div class=\"flex max-w-full flex-col flex-grow\">\n<div class=\"min-h-[20px] text-message flex w-full flex-col items-end gap-2 whitespace-normal break-words [.text-message+&amp;]:mt-5 overflow-x-auto\" dir=\"auto\" data-message-author-role=\"assistant\" data-message-id=\"22f8283b-3233-46ff-89a5-c7a41b33abda\">\n<div class=\"flex w-full flex-col gap-1 empty:hidden first:pt-[3px]\">\n<div class=\"markdown prose w-full break-words dark:prose-invert light\">\n<p>Nous travaillons en partenariat avec UPS, DHL, FedEx, DPD et d'autres transporteurs de premier plan. Nous s\u00e9lectionnerons la meilleure m\u00e9thode d'exp\u00e9dition en fonction de votre lieu de livraison pour que vous receviez vos produits le plus rapidement possible.<\/p>\n<\/div>\n<p><strong>Combien de temps faut-il pour arriver ?<\/strong><\/p>\n<p>Les colis exp\u00e9di\u00e9s en France arrivent g\u00e9n\u00e9ralement sous 10 jours ouvrables. L'exp\u00e9dition vers les pays europ\u00e9ens prend g\u00e9n\u00e9ralement environ 12 \u00e0 15 jours ouvrables. Nous vous fournirons des mises \u00e0 jour en temps r\u00e9el sur l'\u00e9tat de votre envoi.<\/p>\n<\/div>\n<\/div>\n<\/div>\n<\/div>\n<\/div>\n<p>&nbsp;<\/p>\n<p>autres cigarettes \u00e9lectroniques populaires que vous pourriez aimer :<\/p>\n<p><a href=\"https:\/\/rmvapesale.com\/fr\/product\/bang-30k-puffs-disposable-vape-double-taste-wholesale-italy\/\">Bang 30k Bouff\u00e9es<\/a><\/p>\n<p><a href=\"https:\/\/rmvapesale.com\/fr\/product\/bang-beach-22000-puffs-smart-screen-vapes-factory-price\/\">Bang Beach 22000 Bouff\u00e9es<\/a><\/p>\n<p><a href=\"https:\/\/rmvapesale.com\/fr\/product\/randm-tornado-15000-puffs-vape-wholesale\/\">RandM Tornado 15000 Puffs<\/a><\/p>\n<p><a href=\"https:\/\/rmvapesale.com\/fr\/product\/bang-20000-puffs-disposable-vape-wholesale-supplier\/\">Bang 20000 Puffs<\/a><\/p>\n<p>&nbsp;<\/p>\n<p>Trouvez plus de produits de vape que vous pourriez aimer :<em><a href=\"https:\/\/rmvapesale.com\/fr\/shop-2\/\">acheter maintenant\u00a0<\/a><\/em><\/p>","protected":false},"excerpt":{"rendered":"<p class=\"LC20lb MBeuO DKV0Md\">Bang 25000 Puffs 0% 2% 3% 5% Faible Teneur en Nicotine Achat en Gros<br \/>\nBang 25000 25k Puffs Vape Cigarette \u00c9lectronique Originale<br \/>\nBang 25000 Bouff\u00e9es Double Pods Vente en Gros<\/p>\n<p><strong>Contactez Amy pour plus de r\u00e9duction et un MOQ de vape plus bas<\/strong><\/p>\n<p><img loading=\"lazy\" decoding=\"async\" class=\"size-medium wp-image-1814\" src=\"https:\/\/rmvapesale.com\/wp-content\/uploads\/2024\/04\/whatsapp-amy-229x300.jpg\" alt=\"whatsapp amy\" width=\"229\" height=\"300\" srcset=\"https:\/\/rmvapesale.com\/wp-content\/uploads\/2024\/04\/whatsapp-amy-229x300.jpg 229w, https:\/\/rmvapesale.com\/wp-content\/uploads\/2024\/04\/whatsapp-amy-783x1024.jpg 783w, https:\/\/rmvapesale.com\/wp-content\/uploads\/2024\/04\/whatsapp-amy-768x1005.jpg 768w, https:\/\/rmvapesale.com\/wp-content\/uploads\/2024\/04\/whatsapp-amy-600x785.jpg 600w, https:\/\/rmvapesale.com\/wp-content\/uploads\/2024\/04\/whatsapp-amy.jpg 990w\" sizes=\"auto, (max-width: 229px) 100vw, 229px\" \/><\/p>\n<h3><span style=\"color: #ff0000\"><strong>WhatsApp: +86 17776015835<\/strong><\/span><\/h3>","protected":false},"featured_media":2105,"comment_status":"open","ping_status":"closed","template":"","meta":{"_uag_custom_page_level_css":"","_lmt_disableupdate":"no","_lmt_disable":"","site-sidebar-layout":"default","site-content-layout":"content-boxed-container","ast-site-content-layout":"normal-width-container","site-content-style":"boxed","site-sidebar-style":"unboxed","ast-global-header-display":"","ast-banner-title-visibility":"","ast-main-header-display":"","ast-hfb-above-header-display":"","ast-hfb-below-header-display":"","ast-hfb-mobile-header-display":"","site-post-title":"","ast-breadcrumbs-content":"","ast-featured-img":"","footer-sml-layout":"","theme-transparent-header-meta":"default","adv-header-id-meta":"","stick-header-meta":"","header-above-stick-meta":"","header-main-stick-meta":"","header-below-stick-meta":"","astra-migrate-meta-layouts":"set","ast-page-background-enabled":"default","ast-page-background-meta":{"desktop":{"background-color":"var(--ast-global-color-4)","background-image":"","background-repeat":"repeat","background-position":"center center","background-size":"auto","background-attachment":"scroll","background-type":"","background-media":"","overlay-type":"","overlay-color":"","overlay-opacity":"","overlay-gradient":""},"tablet":{"background-color":"","background-image":"","background-repeat":"repeat","background-position":"center center","background-size":"auto","background-attachment":"scroll","background-type":"","background-media":"","overlay-type":"","overlay-color":"","overlay-opacity":"","overlay-gradient":""},"mobile":{"background-color":"","background-image":"","background-repeat":"repeat","background-position":"center center","background-size":"auto","background-attachment":"scroll","background-type":"","background-media":"","overlay-type":"","overlay-color":"","overlay-opacity":"","overlay-gradient":""}},"ast-content-background-meta":{"desktop":{"background-color":"var(--ast-global-color-5)","background-image":"","background-repeat":"repeat","background-position":"center center","background-size":"auto","background-attachment":"scroll","background-type":"","background-media":"","overlay-type":"","overlay-color":"","overlay-opacity":"","overlay-gradient":""},"tablet":{"background-color":"var(--ast-global-color-5)","background-image":"","background-repeat":"repeat","background-position":"center center","background-size":"auto","background-attachment":"scroll","background-type":"","background-media":"","overlay-type":"","overlay-color":"","overlay-opacity":"","overlay-gradient":""},"mobile":{"background-color":"var(--ast-global-color-5)","background-image":"","background-repeat":"repeat","background-position":"center center","background-size":"auto","background-attachment":"scroll","background-type":"","background-media":"","overlay-type":"","overlay-color":"","overlay-opacity":"","overlay-gradient":""}},"_joinchat":[]},"product_brand":[],"product_cat":[60,289,291,292,293,295,299,273,279,256,25,123,26,28,135,27,137,136,15,30],"product_tag":[83,63,58,41,84,85,37],"class_list":{"0":"post-2107","1":"product","2":"type-product","3":"status-publish","4":"has-post-thumbnail","6":"product_cat-bang-vapes","7":"product_cat-big-puffs-disposable-vapes","8":"product_cat-dual-mesh-disposable-vapes","9":"product_cat-digital-disposable-vapes","10":"product_cat-low-nicotine-disposable-vapes","11":"product_cat-rechargeable-disposable-vapes","12":"product_cat-smart-screen-disposable-vapes","13":"product_cat-bang-box-vape","14":"product_cat-bang-king-vape","15":"product_cat-25000-puff-disposable-vape","16":"product_cat-germany-best-selling-vape","17":"product_cat-italy-wholesale-vape","18":"product_cat-netherlands-hot-sale-vape","19":"product_cat-poland-hot-sale-vape","20":"product_cat-spain-best-hot-sale-vape","21":"product_cat-fance-hot-sale-vape","22":"product_cat-rechargeable-vapes","23":"product_cat-smart-screen-vapes","24":"product_cat-new-vape-this-week","25":"product_cat-minimum-order-quantity-50pcs","26":"product_tag-bang-25000-puffs","27":"product_tag-bang-vapes","28":"product_tag-electric-cigarettes","29":"product_tag-original-factory-vape","30":"product_tag-rechargeable-disposable-vapes","31":"product_tag-smart-disposable-vape","32":"product_tag-wholesale-vape-price","33":"desktop-align-left","34":"tablet-align-left","35":"mobile-align-left","37":"first","38":"instock","39":"sale","40":"shipping-taxable","41":"purchasable","42":"product-type-simple"},"uagb_featured_image_src":{"full":["https:\/\/rmvapesale.com\/wp-content\/uploads\/2024\/09\/Bang-25000-Vape.png",788,788,false],"thumbnail":["https:\/\/rmvapesale.com\/wp-content\/uploads\/2024\/09\/Bang-25000-Vape-150x150.png",150,150,true],"medium":["https:\/\/rmvapesale.com\/wp-content\/uploads\/2024\/09\/Bang-25000-Vape-300x300.png",300,300,true],"medium_large":["https:\/\/rmvapesale.com\/wp-content\/uploads\/2024\/09\/Bang-25000-Vape-768x768.png",768,768,true],"large":["https:\/\/rmvapesale.com\/wp-content\/uploads\/2024\/09\/Bang-25000-Vape.png",788,788,false],"1536x1536":["https:\/\/rmvapesale.com\/wp-content\/uploads\/2024\/09\/Bang-25000-Vape.png",788,788,false],"2048x2048":["https:\/\/rmvapesale.com\/wp-content\/uploads\/2024\/09\/Bang-25000-Vape.png",788,788,false],"trp-custom-language-flag":["https:\/\/rmvapesale.com\/wp-content\/uploads\/2024\/09\/Bang-25000-Vape.png",12,12,false],"woocommerce_thumbnail":["https:\/\/rmvapesale.com\/wp-content\/uploads\/2024\/09\/Bang-25000-Vape-300x300.png",300,300,true],"woocommerce_single":["https:\/\/rmvapesale.com\/wp-content\/uploads\/2024\/09\/Bang-25000-Vape-600x600.png",600,600,true],"woocommerce_gallery_thumbnail":["https:\/\/rmvapesale.com\/wp-content\/uploads\/2024\/09\/Bang-25000-Vape-100x100.png",100,100,true],"wcpr-photo-reviews":["https:\/\/rmvapesale.com\/wp-content\/uploads\/2024\/09\/Bang-25000-Vape.png",500,500,false]},"uagb_author_info":{"display_name":"AMY","author_link":"https:\/\/rmvapesale.com\/fr\/author\/"},"uagb_comment_info":0,"uagb_excerpt":"Bang 25000 Puffs 0% 2% 3% 5% Low Nicotine Bulk Buy Bang 25000 25k Puffs Vape Original E-Cigarette Bang 25000 Hits Dual Pods Wholesale Contact Amy For More Discount And Lower MOQ Vape WhatsApp: +86 17776015835","_links":{"self":[{"href":"https:\/\/rmvapesale.com\/fr\/wp-json\/wp\/v2\/product\/2107","targetHints":{"allow":["GET"]}}],"collection":[{"href":"https:\/\/rmvapesale.com\/fr\/wp-json\/wp\/v2\/product"}],"about":[{"href":"https:\/\/rmvapesale.com\/fr\/wp-json\/wp\/v2\/types\/product"}],"replies":[{"embeddable":true,"href":"https:\/\/rmvapesale.com\/fr\/wp-json\/wp\/v2\/comments?post=2107"}],"wp:featuredmedia":[{"embeddable":true,"href":"https:\/\/rmvapesale.com\/fr\/wp-json\/wp\/v2\/media\/2105"}],"wp:attachment":[{"href":"https:\/\/rmvapesale.com\/fr\/wp-json\/wp\/v2\/media?parent=2107"}],"wp:term":[{"taxonomy":"product_brand","embeddable":true,"href":"https:\/\/rmvapesale.com\/fr\/wp-json\/wp\/v2\/product_brand?post=2107"},{"taxonomy":"product_cat","embeddable":true,"href":"https:\/\/rmvapesale.com\/fr\/wp-json\/wp\/v2\/product_cat?post=2107"},{"taxonomy":"product_tag","embeddable":true,"href":"https:\/\/rmvapesale.com\/fr\/wp-json\/wp\/v2\/product_tag?post=2107"}],"curies":[{"name":"wp","href":"https:\/\/api.w.org\/{rel}","templated":true}]}}