{"id":2161,"date":"2024-09-25T08:29:45","date_gmt":"2024-09-25T08:29:45","guid":{"rendered":"https:\/\/rmvapesale.com\/?post_type=product&#038;p=2161"},"modified":"2025-01-21T09:30:39","modified_gmt":"2025-01-21T09:30:39","slug":"vozol-gear-power-20000-puff-disposable-vape","status":"publish","type":"product","link":"https:\/\/rmvapesale.com\/fr\/product\/vozol-gear-power-20000-puff-disposable-vape\/","title":{"rendered":"Vozol Gear Power 20000 Bouff\u00e9es Vape Jetable"},"content":{"rendered":"<div class=\"B2VR9 CJHX3e\">\n<div class=\"wyccme\">\n<h3 class=\"LC20lb MBeuO DKV0Md\"><strong>Vozol Gear Power 20000 Bouff\u00e9es Vape Jetable<\/strong><\/h3>\n<p>Le Vozol Gear Power 20000 est con\u00e7u pour am\u00e9liorer votre exp\u00e9rience de vapotage gr\u00e2ce \u00e0 ses fonctionnalit\u00e9s innovantes et son design \u00e9l\u00e9gant. Ce vaporisateur jetable a une capacit\u00e9 g\u00e9n\u00e9reuse de 20 ml et est \u00e9quip\u00e9 d'une double bobine en maille S.i.L.C avanc\u00e9e pour des bouff\u00e9es douces et r\u00e9guli\u00e8res. Avec environ 20 000 bouff\u00e9es disponibles, vous pouvez profiter d'une satisfaction durable sans craindre de manquer de batterie.<\/p>\n<\/div>\n<div class=\"wyccme\">\n<p>&nbsp;<\/p>\n<\/div>\n<\/div>\n<p><strong>Contactez Amy pour obtenir une r\u00e9ponse rapide et plus de vid\u00e9os de produits !<\/strong><\/p>\n<p><img loading=\"lazy\" decoding=\"async\" class=\"size-full wp-image-1978\" src=\"https:\/\/rmvapesale.com\/wp-content\/uploads\/2024\/09\/Disposable-Vape-Wholesale.jpg\" alt=\"Vente en gros de vapes jetables\" width=\"229\" height=\"300\" \/><\/p>\n<h3><span style=\"color: #ff0000\"><strong>WhatsApp: +86 17776015835<\/strong><\/span><\/h3>\n<p>&nbsp;<\/p>\n<h2><\/h2>\n<h2><strong>Vozol Gear Power 20000 bouff\u00e9es Caract\u00e9ristiques principales<\/strong><\/h2>\n<p>Affichage plein \u00e9cran<br \/>\nAffichage du niveau de la batterie et du liquide<br \/>\nPlus de 20 000 bouff\u00e9es<br \/>\nDouble mode de puissance ECO\/POWER<br \/>\nContr\u00f4le du d\u00e9bit d'air<br \/>\nDouble bobine en maille S.i.L.C. Tech<br \/>\nActivation par inhalation<br \/>\nVape MTL<br \/>\nId\u00e9al pour les d\u00e9butants<\/p>\n<h2><\/h2>\n<h2><strong>Saveur principale pour le Vape Jetable Vozol Gear Power 20000<\/strong><\/h2>\n<p>Le Vape jetable Vozol Gear Power 20000 bouff\u00e9es propose 20 saveurs, chacune con\u00e7ue pour offrir une exp\u00e9rience de vapotage distinctive et satisfaisante, il y a quelque chose de meilleur pour vous !<\/p>\n<p>1. Glace \u00e0 la past\u00e8que<br \/>\n2.Glac\u00e9e au raisin<br \/>\n3.Mangue Glac\u00e9e<br \/>\n4.Double Pomme Glac\u00e9e<br \/>\n5. Citron Menthe<span style=\"color: #ff0000\"><strong>&gt;&gt;&gt;&gt;Chaud !<\/strong><\/span><br \/>\n6. Tabac<br \/>\n7.P\u00eache Glac\u00e9e<br \/>\n8. Fraise past\u00e8que<br \/>\n9. Fraise Kiwi<br \/>\n10. Framboise Past\u00e8que<br \/>\n11. Myrtille Givr\u00e9e<span style=\"color: #ff0000\"><strong>&gt;&gt;&gt;&gt;Chaud !<\/strong><\/span><br \/>\n12. Fraise Mangue<br \/>\n13. Citron Citron Vert<br \/>\n14. Limonade Cerise<br \/>\n15. Baies M\u00e9lang\u00e9es<span style=\"color: #ff0000\"><strong>&gt;&gt;&gt;&gt;Le meilleur !<\/strong><\/span><br \/>\n16. Fruit du Dragon Banane Cerise<br \/>\n17. LavaFire<br \/>\n18. Temp\u00eate de Myrtilles<br \/>\n19. Mojito Bleu<span style=\"color: #ff0000\"><strong>&gt;&gt;&gt;&gt;Chaud !<\/strong><\/span><br \/>\n20. Mangue Ananas Pamplemousse<\/p>\n<figure id=\"attachment_2162\" aria-describedby=\"caption-attachment-2162\" style=\"width: 699px\" class=\"wp-caption alignnone\"><img loading=\"lazy\" decoding=\"async\" class=\"wp-image-2162 size-full\" src=\"https:\/\/rmvapesale.com\/wp-content\/uploads\/2024\/09\/Vozol-Gear-Power-20000-Flavor.png\" alt=\"Saveur Vozol Gear Power 20000\" width=\"699\" height=\"772\" srcset=\"https:\/\/rmvapesale.com\/wp-content\/uploads\/2024\/09\/Vozol-Gear-Power-20000-Flavor.png 699w, https:\/\/rmvapesale.com\/wp-content\/uploads\/2024\/09\/Vozol-Gear-Power-20000-Flavor-272x300.png 272w, https:\/\/rmvapesale.com\/wp-content\/uploads\/2024\/09\/Vozol-Gear-Power-20000-Flavor-600x663.png 600w\" sizes=\"auto, (max-width: 699px) 100vw, 699px\" \/><figcaption id=\"caption-attachment-2162\" class=\"wp-caption-text\">Saveur Vozol Gear Power 20000<\/figcaption><\/figure>\n<h2><strong>Questions que vous pourriez vous poser sur le Vozol Gear Power 20000<\/strong><\/h2>\n<p>&nbsp;<\/p>\n<p><strong>1. Quel chargeur utilise une e-cigarette Vozol Gear Power 20000 ?<\/strong><br \/>\nVous pouvez recharger la vape jetable Vozol Gear Power 20000 Puffs avec un c\u00e2ble de charge USB-C standard et un adaptateur ou un port de charge de 1A.<\/p>\n<p><strong>2. Combien de nicotine contient le Vozol Gear Power 20000 ?<\/strong><br \/>\nLe e-liquide VOZOL contient de la nicotine, mais la quantit\u00e9 sp\u00e9cifique peut varier selon le produit.<\/p>\n<p><strong>3. Le vaporisateur Vozol Gear Power 20000 est-il bon ?<\/strong><br \/>\nUn vaporisateur jetable Vozol Gear Power 20000 est parfait pour les d\u00e9butants et une sauvegarde fiable pour les utilisateurs exp\u00e9riment\u00e9s, offrant un look impressionnant et un excellent go\u00fbt.<\/p>\n<p><strong>4. Le Vozol Gear Power 20000 peut-il \u00eatre recharg\u00e9 ?<\/strong><br \/>\nLe vaporisateur Vozol Gear 20000 est rechargeable, mais une fois que l'e-liquide est \u00e9puis\u00e9, il doit \u00eatre \u00e9limin\u00e9 correctement, car les vaporisateurs jetables contiennent des piles qui ne devraient pas aller dans la poubelle ordinaire.<\/p>\n<p>&nbsp;<\/p>\n<h3><b>FAQs<\/b><\/h3>\n<p>&nbsp;<\/p>\n<div class=\"flex-shrink-0 flex flex-col relative items-end\">\n<div>\n<div class=\"pt-0\">\n<div class=\"gizmo-bot-avatar flex h-8 w-8 items-center justify-center overflow-hidden rounded-full\">\n<div class=\"relative p-1 rounded-sm flex items-center justify-center bg-token-main-surface-primary text-token-text-primary h-8 w-8\"><strong>Quelles m\u00e9thodes d'exp\u00e9dition sont utilis\u00e9es ?<\/strong><\/div>\n<\/div>\n<\/div>\n<\/div>\n<\/div>\n<div class=\"group\/conversation-turn relative flex w-full min-w-0 flex-col agent-turn\">\n<div class=\"flex-col gap-1 md:gap-3\">\n<div class=\"flex max-w-full flex-col flex-grow\">\n<div class=\"min-h-[20px] text-message flex w-full flex-col items-end gap-2 whitespace-normal break-words [.text-message+&amp;]:mt-5 overflow-x-auto\" dir=\"auto\" data-message-author-role=\"assistant\" data-message-id=\"22f8283b-3233-46ff-89a5-c7a41b33abda\">\n<div class=\"flex w-full flex-col gap-1 empty:hidden first:pt-[3px]\">\n<div class=\"markdown prose w-full break-words dark:prose-invert light\">\n<p>Nous travaillons en partenariat avec UPS, DHL, FedEx, DPD et d'autres transporteurs de premier plan. Nous s\u00e9lectionnerons la meilleure m\u00e9thode d'exp\u00e9dition en fonction de votre lieu de livraison pour que vous receviez vos produits le plus rapidement possible.<\/p>\n<\/div>\n<p><strong>Combien de temps faut-il pour arriver ?<\/strong><\/p>\n<p>Les colis exp\u00e9di\u00e9s en France arrivent g\u00e9n\u00e9ralement sous 10 jours ouvrables. L'exp\u00e9dition vers les pays europ\u00e9ens prend g\u00e9n\u00e9ralement environ 12 \u00e0 15 jours ouvrables. Nous vous fournirons des mises \u00e0 jour en temps r\u00e9el sur l'\u00e9tat de votre envoi.<\/p>\n<\/div>\n<p><strong>Garantie<\/strong><\/p>\n<p><span style=\"color: #ff0000\"><strong>Tous les produits de notre magasin sont garantis 100% originaux et authentiques. Nous offrons 10 fois le montant en compensation pour les produits contrefaits !<\/strong><\/span><\/p>\n<div class=\"flex w-full flex-col gap-1 empty:hidden first:pt-[3px]\">\n<p>&nbsp;<\/p>\n<\/div>\n<\/div>\n<\/div>\n<\/div>\n<\/div>\n<p>&nbsp;<\/p>\n<p>Autres vapes en vente que vous pourriez aimer :<\/p>\n<p>&nbsp;<\/p>\n<p><a href=\"https:\/\/rmvapesale.com\/fr\/product\/bang-20000-puffs-disposable-vape-wholesale-supplier\/\"><strong>WGA Crystal Pro Max Extra 15000<\/strong><\/a><\/p>\n<p><strong><a href=\"https:\/\/rmvapesale.com\/fr\/product\/vozol-vista-20000-puffs-smart-disposable-vape\/\">Vozol Vista 20000 bouff\u00e9es\u00a0<\/a><\/strong><\/p>\n<p><a href=\"https:\/\/rmvapesale.com\/fr\/product\/wga-crystal-pro-max-10000-puffs-disposable-vape\/\"><strong>WGA Crystal Pro Max 10000 bouff\u00e9es<\/strong><\/a><\/p>\n<p><a href=\"https:\/\/rmvapesale.com\/fr\/product\/wga-crystal-plus-smart-16000-disposable-vape\/\"><strong>WGA Crystal Plus Smart 16000 Puffs\u00a0<\/strong><\/a><\/p>\n<p>&nbsp;<\/p>\n<p>&nbsp;<\/p>\n<p>Trouvez plus de produits de vape que vous pourriez aimer :<strong><em><a href=\"https:\/\/rmvapesale.com\/fr\/shop-2\/\">Achetez maintenant &gt;&gt;&gt;<\/a><\/em><\/strong><\/p>","protected":false},"excerpt":{"rendered":"<p>Vozol Gear Power 20000 Vape Rechargeable<br \/>\nVente en gros de Vapes Jetables VOZOL Gear 20000 Bouff\u00e9es<br \/>\nVozol Gear Power 20000 Bouff\u00e9es Vape Jetable France<\/p>\n<p><strong>Contactez Amy pour plus de r\u00e9duction et un MOQ de vape plus bas<\/strong><\/p>\n<p><img loading=\"lazy\" decoding=\"async\" class=\"size-full wp-image-1978\" src=\"https:\/\/rmvapesale.com\/wp-content\/uploads\/2024\/09\/Disposable-Vape-Wholesale.jpg\" alt=\"Vente en gros de vapes jetables\" width=\"229\" height=\"300\" \/><\/p>\n<h3><span style=\"color: #ff0000\"><strong>WhatsApp: +86 17776015835<\/strong><\/span><\/h3>","protected":false},"featured_media":2155,"comment_status":"open","ping_status":"closed","template":"","meta":{"_uag_custom_page_level_css":"","_lmt_disableupdate":"no","_lmt_disable":"","site-sidebar-layout":"default","site-content-layout":"content-boxed-container","ast-site-content-layout":"normal-width-container","site-content-style":"boxed","site-sidebar-style":"unboxed","ast-global-header-display":"","ast-banner-title-visibility":"","ast-main-header-display":"","ast-hfb-above-header-display":"","ast-hfb-below-header-display":"","ast-hfb-mobile-header-display":"","site-post-title":"","ast-breadcrumbs-content":"","ast-featured-img":"","footer-sml-layout":"","theme-transparent-header-meta":"default","adv-header-id-meta":"","stick-header-meta":"","header-above-stick-meta":"","header-main-stick-meta":"","header-below-stick-meta":"","astra-migrate-meta-layouts":"set","ast-page-background-enabled":"default","ast-page-background-meta":{"desktop":{"background-color":"var(--ast-global-color-4)","background-image":"","background-repeat":"repeat","background-position":"center center","background-size":"auto","background-attachment":"scroll","background-type":"","background-media":"","overlay-type":"","overlay-color":"","overlay-opacity":"","overlay-gradient":""},"tablet":{"background-color":"","background-image":"","background-repeat":"repeat","background-position":"center center","background-size":"auto","background-attachment":"scroll","background-type":"","background-media":"","overlay-type":"","overlay-color":"","overlay-opacity":"","overlay-gradient":""},"mobile":{"background-color":"","background-image":"","background-repeat":"repeat","background-position":"center center","background-size":"auto","background-attachment":"scroll","background-type":"","background-media":"","overlay-type":"","overlay-color":"","overlay-opacity":"","overlay-gradient":""}},"ast-content-background-meta":{"desktop":{"background-color":"var(--ast-global-color-5)","background-image":"","background-repeat":"repeat","background-position":"center center","background-size":"auto","background-attachment":"scroll","background-type":"","background-media":"","overlay-type":"","overlay-color":"","overlay-opacity":"","overlay-gradient":""},"tablet":{"background-color":"var(--ast-global-color-5)","background-image":"","background-repeat":"repeat","background-position":"center center","background-size":"auto","background-attachment":"scroll","background-type":"","background-media":"","overlay-type":"","overlay-color":"","overlay-opacity":"","overlay-gradient":""},"mobile":{"background-color":"var(--ast-global-color-5)","background-image":"","background-repeat":"repeat","background-position":"center center","background-size":"auto","background-attachment":"scroll","background-type":"","background-media":"","overlay-type":"","overlay-color":"","overlay-opacity":"","overlay-gradient":""}},"_joinchat":[]},"product_brand":[],"product_cat":[15,289,291,292,293,295,299,284,255,25,123,26,28,135,27,137,136,30],"product_tag":[94,63,96,54,95],"class_list":{"0":"post-2161","1":"product","2":"type-product","3":"status-publish","4":"has-post-thumbnail","6":"product_cat-new-vape-this-week","7":"product_cat-big-puffs-disposable-vapes","8":"product_cat-dual-mesh-disposable-vapes","9":"product_cat-digital-disposable-vapes","10":"product_cat-low-nicotine-disposable-vapes","11":"product_cat-rechargeable-disposable-vapes","12":"product_cat-smart-screen-disposable-vapes","13":"product_cat-vozol-vape","14":"product_cat-20000-puff-disposable-vape","15":"product_cat-germany-best-selling-vape","16":"product_cat-italy-wholesale-vape","17":"product_cat-netherlands-hot-sale-vape","18":"product_cat-poland-hot-sale-vape","19":"product_cat-spain-best-hot-sale-vape","20":"product_cat-fance-hot-sale-vape","21":"product_cat-rechargeable-vapes","22":"product_cat-smart-screen-vapes","23":"product_cat-minimum-order-quantity-50pcs","24":"product_tag-20000-puffs-disposable-vape","25":"product_tag-bang-vapes","26":"product_tag-disposable-vape-wholesale-uk","27":"product_tag-rechargeable-disposable-vape","28":"product_tag-vozol-gear-power-20000","29":"desktop-align-left","30":"tablet-align-left","31":"mobile-align-left","33":"first","34":"instock","35":"sale","36":"shipping-taxable","37":"purchasable","38":"product-type-simple"},"uagb_featured_image_src":{"full":["https:\/\/rmvapesale.com\/wp-content\/uploads\/2024\/09\/Vozol-Gear-20000.jpg",788,788,false],"thumbnail":["https:\/\/rmvapesale.com\/wp-content\/uploads\/2024\/09\/Vozol-Gear-20000-150x150.jpg",150,150,true],"medium":["https:\/\/rmvapesale.com\/wp-content\/uploads\/2024\/09\/Vozol-Gear-20000-300x300.jpg",300,300,true],"medium_large":["https:\/\/rmvapesale.com\/wp-content\/uploads\/2024\/09\/Vozol-Gear-20000-768x768.jpg",768,768,true],"large":["https:\/\/rmvapesale.com\/wp-content\/uploads\/2024\/09\/Vozol-Gear-20000.jpg",788,788,false],"1536x1536":["https:\/\/rmvapesale.com\/wp-content\/uploads\/2024\/09\/Vozol-Gear-20000.jpg",788,788,false],"2048x2048":["https:\/\/rmvapesale.com\/wp-content\/uploads\/2024\/09\/Vozol-Gear-20000.jpg",788,788,false],"trp-custom-language-flag":["https:\/\/rmvapesale.com\/wp-content\/uploads\/2024\/09\/Vozol-Gear-20000.jpg",12,12,false],"woocommerce_thumbnail":["https:\/\/rmvapesale.com\/wp-content\/uploads\/2024\/09\/Vozol-Gear-20000-300x300.jpg",300,300,true],"woocommerce_single":["https:\/\/rmvapesale.com\/wp-content\/uploads\/2024\/09\/Vozol-Gear-20000-600x600.jpg",600,600,true],"woocommerce_gallery_thumbnail":["https:\/\/rmvapesale.com\/wp-content\/uploads\/2024\/09\/Vozol-Gear-20000-100x100.jpg",100,100,true],"wcpr-photo-reviews":["https:\/\/rmvapesale.com\/wp-content\/uploads\/2024\/09\/Vozol-Gear-20000.jpg",500,500,false]},"uagb_author_info":{"display_name":"AMY","author_link":"https:\/\/rmvapesale.com\/fr\/author\/"},"uagb_comment_info":0,"uagb_excerpt":"Vozol Gear Power 20000 Vape Rechargeable Vape VOZOL Gear 20000 Puffs Disposable Vape Wholesale Vozol Gear Power 20000 Puff Disposable Vape UK Contact Amy For More Discount And Lower MOQ Vape WhatsApp: +86 17776015835","_links":{"self":[{"href":"https:\/\/rmvapesale.com\/fr\/wp-json\/wp\/v2\/product\/2161","targetHints":{"allow":["GET"]}}],"collection":[{"href":"https:\/\/rmvapesale.com\/fr\/wp-json\/wp\/v2\/product"}],"about":[{"href":"https:\/\/rmvapesale.com\/fr\/wp-json\/wp\/v2\/types\/product"}],"replies":[{"embeddable":true,"href":"https:\/\/rmvapesale.com\/fr\/wp-json\/wp\/v2\/comments?post=2161"}],"wp:featuredmedia":[{"embeddable":true,"href":"https:\/\/rmvapesale.com\/fr\/wp-json\/wp\/v2\/media\/2155"}],"wp:attachment":[{"href":"https:\/\/rmvapesale.com\/fr\/wp-json\/wp\/v2\/media?parent=2161"}],"wp:term":[{"taxonomy":"product_brand","embeddable":true,"href":"https:\/\/rmvapesale.com\/fr\/wp-json\/wp\/v2\/product_brand?post=2161"},{"taxonomy":"product_cat","embeddable":true,"href":"https:\/\/rmvapesale.com\/fr\/wp-json\/wp\/v2\/product_cat?post=2161"},{"taxonomy":"product_tag","embeddable":true,"href":"https:\/\/rmvapesale.com\/fr\/wp-json\/wp\/v2\/product_tag?post=2161"}],"curies":[{"name":"wp","href":"https:\/\/api.w.org\/{rel}","templated":true}]}}