{"id":2188,"date":"2024-09-27T01:19:46","date_gmt":"2024-09-27T01:19:46","guid":{"rendered":"https:\/\/rmvapesale.com\/?post_type=product&#038;p=2188"},"modified":"2025-01-21T09:37:52","modified_gmt":"2025-01-21T09:37:52","slug":"waspe-25000-puffs-disposable-vape-rechargeable-hot-sale","status":"publish","type":"product","link":"https:\/\/rmvapesale.com\/fr\/product\/waspe-25000-puffs-disposable-vape-rechargeable-hot-sale\/","title":{"rendered":"WASPE 25000 Bouff\u00e9es Vape Jetable Rechargeable Vente Chaude"},"content":{"rendered":"<div class=\"B2VR9 CJHX3e\">\n<div class=\"wyccme\">\n<h3 class=\"LC20lb MBeuO DKV0Md\">WASPE 25000 Bouff\u00e9es Vape Jetable Rechargeable Vente Chaude<\/h3>\n<p>Le vape jetable WASPE 25000 Puffs offre une incroyable capacit\u00e9 de 25 000 bouff\u00e9es avec un r\u00e9servoir spacieux de 25 ml de e-liquide, assurant un plaisir de longue dur\u00e9e. Dot\u00e9 de deux r\u00e9sistances mesh et de deux modes de vapotage distincts, ECO et Boost, il offre une saveur riche et constante \u00e0 chaque bouff\u00e9e. L'\u00e9cran num\u00e9rique vous informe sur l'autonomie de la batterie, les niveaux de e-liquide et les modes de vapotage, pour une exp\u00e9rience fluide. Ce vape jetable rechargeable est \u00e9quip\u00e9 d'un verrouillage enfant int\u00e9gr\u00e9 pour plus de s\u00e9curit\u00e9. Si vous recherchez la commodit\u00e9, la durabilit\u00e9, une saveur sup\u00e9rieure et des fonctionnalit\u00e9s de pointe, le WASPE 25000 est le choix id\u00e9al.<\/p>\n<p>\u00c9levez votre exp\u00e9rience de vapotage d\u00e8s aujourd'hui !<\/p>\n<\/div>\n<\/div>\n<p><strong>Contactez Amy pour obtenir une r\u00e9ponse rapide et plus de vid\u00e9os de produits !<\/strong><\/p>\n<p><img loading=\"lazy\" decoding=\"async\" class=\"size-full wp-image-1978\" src=\"https:\/\/rmvapesale.com\/wp-content\/uploads\/2024\/09\/Disposable-Vape-Wholesale.jpg\" alt=\"Vente en gros de vapes jetables\" width=\"229\" height=\"300\" \/><\/p>\n<h3><span style=\"color: #ff0000\"><strong>WhatsApp: +86 17776015835<\/strong><\/span><\/h3>\n<p>&nbsp;<\/p>\n<h2><\/h2>\n<h2><strong>Caract\u00e9ristiques principales du WASPE 25000 Puffs<\/strong><\/h2>\n<p>Batterie : 650mAh Rechargeable<br \/>\nCapacit\u00e9 de e-liquide : 25ml de e-liquide pr\u00e9-rempli<br \/>\nNombre de bouff\u00e9es : Jusqu'\u00e0 25000 bouff\u00e9es<br \/>\nNicotine: 0% 2% 3% 5%<br \/>\nActivation par inhalation<br \/>\nVerrouillage enfant<br \/>\nConception \u00e0 double r\u00e9sistance mesh pour 2 modes de vapotage : Mode ECO\/Boost<br \/>\nPoint de charge : Chargement USB Type-C (Non inclus)<br \/>\n\u00c9cran num\u00e9rique pour les modes de vapotage, l'autonomie de la batterie et le niveau de e-liquide<\/p>\n<h2><\/h2>\n<h2><strong>Meilleures saveurs pour WASPE 25000 Puffs<\/strong><\/h2>\n<p>Choisissez parmi une vari\u00e9t\u00e9 de saveurs all\u00e9chantes, des Baies m\u00e9lang\u00e9es rafra\u00eechissantes \u00e0 la Glace \u00e0 la past\u00e8que, il y en a pour tous les go\u00fbts.<\/p>\n<p>1.Fraise Kiwi<br \/>\n2.Baies m\u00e9lang\u00e9es<span style=\"color: #ff0000\"><strong>&gt;&gt;&gt;&gt;Chaud !<\/strong><\/span><br \/>\n3.Myrtille Glac\u00e9e<br \/>\n4. Glace au raisin<br \/>\n5.Cerise Glac\u00e9e<br \/>\n6.Limonade Myrtille Framboise<span style=\"color: #ff0000\"><strong>&gt;&gt;&gt;&gt;Le meilleur !<\/strong><\/span><br \/>\n7.P\u00eache Glac\u00e9e<br \/>\n8. Fraise past\u00e8que<br \/>\n9.P\u00eache Mangue Past\u00e8que<br \/>\n10.Glace Past\u00e8que<\/p>\n<figure id=\"attachment_2181\" aria-describedby=\"caption-attachment-2181\" style=\"width: 788px\" class=\"wp-caption alignnone\"><img loading=\"lazy\" decoding=\"async\" class=\"wp-image-2181 size-full\" src=\"https:\/\/rmvapesale.com\/wp-content\/uploads\/2024\/09\/Waspe-25000-Disposable-Vape-Flavor.jpg\" alt=\"Saveur de Vape Jetable Waspe 25000\" width=\"788\" height=\"788\" srcset=\"https:\/\/rmvapesale.com\/wp-content\/uploads\/2024\/09\/Waspe-25000-Disposable-Vape-Flavor.jpg 788w, https:\/\/rmvapesale.com\/wp-content\/uploads\/2024\/09\/Waspe-25000-Disposable-Vape-Flavor-300x300.jpg 300w, https:\/\/rmvapesale.com\/wp-content\/uploads\/2024\/09\/Waspe-25000-Disposable-Vape-Flavor-150x150.jpg 150w, https:\/\/rmvapesale.com\/wp-content\/uploads\/2024\/09\/Waspe-25000-Disposable-Vape-Flavor-768x768.jpg 768w, https:\/\/rmvapesale.com\/wp-content\/uploads\/2024\/09\/Waspe-25000-Disposable-Vape-Flavor-600x600.jpg 600w, https:\/\/rmvapesale.com\/wp-content\/uploads\/2024\/09\/Waspe-25000-Disposable-Vape-Flavor-100x100.jpg 100w\" sizes=\"auto, (max-width: 788px) 100vw, 788px\" \/><figcaption id=\"caption-attachment-2181\" class=\"wp-caption-text\">Saveur de Vape Jetable Waspe 25000<\/figcaption><\/figure>\n<h2><strong>Questions que vous pourriez vous poser sur le WASPE 25000<\/strong><\/h2>\n<p>&nbsp;<\/p>\n<div class=\"flex-shrink-0 flex flex-col relative items-end\">\n<div>\n<div class=\"pt-0\">\n<div class=\"gizmo-bot-avatar flex h-8 w-8 items-center justify-center overflow-hidden rounded-full\">\n<div class=\"relative p-1 rounded-sm flex items-center justify-center bg-token-main-surface-primary text-token-text-primary h-8 w-8\"><\/div>\n<\/div>\n<\/div>\n<\/div>\n<\/div>\n<div class=\"group\/conversation-turn relative flex w-full min-w-0 flex-col agent-turn\">\n<div class=\"flex-col gap-1 md:gap-3\">\n<div class=\"flex max-w-full flex-col flex-grow\">\n<div class=\"min-h-8 text-message flex w-full flex-col items-end gap-2 whitespace-normal break-words [.text-message+&amp;]:mt-5\" dir=\"auto\" data-message-author-role=\"assistant\" data-message-id=\"f226d3fc-81f3-46d5-8c46-31787fff0357\">\n<div class=\"flex w-full flex-col gap-1 empty:hidden first:pt-[3px]\">\n<div class=\"markdown prose w-full break-words dark:prose-invert light\">\n<p><strong>1.Combien de bouff\u00e9es la vape jetable WASPE 25000 fournit-elle ?<\/strong><br \/>\nLa WASPE 20000 offre jusqu'\u00e0 20000 bouff\u00e9es, d\u00e9passant largement la capacit\u00e9 des cigarettes \u00e9lectroniques jetables typiques.<\/p>\n<p><strong>2.Quelles saveurs sont disponibles pour la vape jetable WASPE 25000 ?<\/strong><br \/>\nLes saveurs populaires incluent Myrtille Glac\u00e9e, Mangue Glac\u00e9e, Fraise Past\u00e8que, Limonade P\u00eache, et Raisin Glac\u00e9.<\/p>\n<p><strong>3.Le WASPE 25000 est-il adapt\u00e9 aux d\u00e9butants ?<\/strong><br \/>\nOui, le WASPE 25000 est parfait pour les d\u00e9butants avec son design simple et sans bouton \u2013 il suffit d'inhaler pour commencer \u00e0 vapoter.<\/p>\n<p><strong>4.Comment dois-je conserver ma vape jetable WASPE 25000 ?<\/strong><br \/>\nConservez votre appareil dans un endroit frais et sec, \u00e0 l'abri de la lumi\u00e8re directe du soleil et hors de port\u00e9e des enfants et des animaux domestiques.<\/p>\n<p><strong>5.Combien de temps dure le WASPE 25000 ?<\/strong><br \/>\nAvec une capacit\u00e9 de 20 000 bouff\u00e9es, le WASPE 20000 peut durer plusieurs semaines, selon l'utilisation.<\/p>\n<\/div>\n<\/div>\n<\/div>\n<\/div>\n<\/div>\n<\/div>\n<p>&nbsp;<\/p>\n<h3><b>FAQs<\/b><\/h3>\n<p>&nbsp;<\/p>\n<div class=\"flex-shrink-0 flex flex-col relative items-end\">\n<div>\n<div class=\"pt-0\">\n<div class=\"gizmo-bot-avatar flex h-8 w-8 items-center justify-center overflow-hidden rounded-full\">\n<div class=\"relative p-1 rounded-sm flex items-center justify-center bg-token-main-surface-primary text-token-text-primary h-8 w-8\"><strong>Quelles m\u00e9thodes d'exp\u00e9dition sont utilis\u00e9es ?<\/strong><\/div>\n<\/div>\n<\/div>\n<\/div>\n<\/div>\n<div class=\"group\/conversation-turn relative flex w-full min-w-0 flex-col agent-turn\">\n<div class=\"flex-col gap-1 md:gap-3\">\n<div class=\"flex max-w-full flex-col flex-grow\">\n<div class=\"min-h-[20px] text-message flex w-full flex-col items-end gap-2 whitespace-normal break-words [.text-message+&amp;]:mt-5 overflow-x-auto\" dir=\"auto\" data-message-author-role=\"assistant\" data-message-id=\"22f8283b-3233-46ff-89a5-c7a41b33abda\">\n<div class=\"flex w-full flex-col gap-1 empty:hidden first:pt-[3px]\">\n<div class=\"markdown prose w-full break-words dark:prose-invert light\">\n<p>Nous travaillons en partenariat avec UPS, DHL, FedEx, DPD et d'autres transporteurs de premier plan. Nous s\u00e9lectionnerons la meilleure m\u00e9thode d'exp\u00e9dition en fonction de votre lieu de livraison pour que vous receviez vos produits le plus rapidement possible.<\/p>\n<\/div>\n<p><strong>Combien de temps faut-il pour arriver ?<\/strong><\/p>\n<p>Les colis exp\u00e9di\u00e9s en France arrivent g\u00e9n\u00e9ralement sous 10 jours ouvrables. L'exp\u00e9dition vers les pays europ\u00e9ens prend g\u00e9n\u00e9ralement environ 12 \u00e0 15 jours ouvrables. Nous vous fournirons des mises \u00e0 jour en temps r\u00e9el sur l'\u00e9tat de votre envoi.<\/p>\n<\/div>\n<p><strong>Garantie<\/strong><\/p>\n<p><span style=\"color: #ff0000\"><strong>Tous les produits de notre magasin sont garantis 100% originaux et authentiques. Nous offrons 10 fois le montant en compensation pour les produits contrefaits !<\/strong><\/span><\/p>\n<div class=\"flex w-full flex-col gap-1 empty:hidden first:pt-[3px]\">\n<p>&nbsp;<\/p>\n<\/div>\n<\/div>\n<\/div>\n<\/div>\n<\/div>\n<p>&nbsp;<\/p>\n<p>Autres vapes en vente que vous pourriez aimer :<\/p>\n<p>&nbsp;<\/p>\n<p><a href=\"https:\/\/rmvapesale.com\/fr\/product\/original-randm-vape-digital-puff-12000-fumot-factory-price\/\"><strong>Randm Digital 12000 Puffs<\/strong><\/a><\/p>\n<p><strong><a href=\"https:\/\/rmvapesale.com\/fr\/product\/vozol-vista-20000-puffs-smart-disposable-vape\/\">Vozol Vista 20000 bouff\u00e9es\u00a0<\/a><\/strong><\/p>\n<p><a href=\"https:\/\/rmvapesale.com\/fr\/product\/waspe-12000-puffs-disposable-vape-pen\/\"><strong>WASPE 12000 bouff\u00e9es\u00a0<\/strong><\/a><\/p>\n<p><a href=\"https:\/\/rmvapesale.com\/fr\/product\/randm-tornado-20000-puffs-original-fumot-vape-wholesale\/\"><strong>RandM Tornado 20000 Bouff\u00e9es<\/strong><\/a><\/p>\n<p>&nbsp;<\/p>\n<p>&nbsp;<\/p>\n<p>Trouvez plus de produits de vape que vous pourriez aimer :<strong><em><a href=\"https:\/\/rmvapesale.com\/fr\/shop-2\/\">Achetez maintenant &gt;&gt;&gt;<\/a><\/em><\/strong><\/p>","protected":false},"excerpt":{"rendered":"<p>Vape jetable sans nicotine WASPE 25000 en vente en ligne<br \/>\nVape jetable Waspe 25000 Puffs 25k en gros<br \/>\nWASPE 25000 PUFFS Dual Mesh Vape Box 0% 2% 3% 5% Nicotine<\/p>\n<p><strong>Contactez Amy pour plus de r\u00e9ductions et une bonne r\u00e9ponse<\/strong><\/p>\n<p><img loading=\"lazy\" decoding=\"async\" class=\"size-full wp-image-1978\" src=\"https:\/\/rmvapesale.com\/wp-content\/uploads\/2024\/09\/Disposable-Vape-Wholesale.jpg\" alt=\"Vente en gros de vapes jetables\" width=\"229\" height=\"300\" \/><\/p>\n<h3><span style=\"color: #ff0000\"><strong>WhatsApp: +86 17776015835<\/strong><\/span><\/h3>","protected":false},"featured_media":2185,"comment_status":"open","ping_status":"closed","template":"","meta":{"_uag_custom_page_level_css":"","_lmt_disableupdate":"no","_lmt_disable":"","site-sidebar-layout":"default","site-content-layout":"content-boxed-container","ast-site-content-layout":"normal-width-container","site-content-style":"boxed","site-sidebar-style":"unboxed","ast-global-header-display":"","ast-banner-title-visibility":"","ast-main-header-display":"","ast-hfb-above-header-display":"","ast-hfb-below-header-display":"","ast-hfb-mobile-header-display":"","site-post-title":"","ast-breadcrumbs-content":"","ast-featured-img":"","footer-sml-layout":"","theme-transparent-header-meta":"default","adv-header-id-meta":"","stick-header-meta":"","header-above-stick-meta":"","header-main-stick-meta":"","header-below-stick-meta":"","astra-migrate-meta-layouts":"set","ast-page-background-enabled":"default","ast-page-background-meta":{"desktop":{"background-color":"var(--ast-global-color-4)","background-image":"","background-repeat":"repeat","background-position":"center center","background-size":"auto","background-attachment":"scroll","background-type":"","background-media":"","overlay-type":"","overlay-color":"","overlay-opacity":"","overlay-gradient":""},"tablet":{"background-color":"","background-image":"","background-repeat":"repeat","background-position":"center center","background-size":"auto","background-attachment":"scroll","background-type":"","background-media":"","overlay-type":"","overlay-color":"","overlay-opacity":"","overlay-gradient":""},"mobile":{"background-color":"","background-image":"","background-repeat":"repeat","background-position":"center center","background-size":"auto","background-attachment":"scroll","background-type":"","background-media":"","overlay-type":"","overlay-color":"","overlay-opacity":"","overlay-gradient":""}},"ast-content-background-meta":{"desktop":{"background-color":"var(--ast-global-color-5)","background-image":"","background-repeat":"repeat","background-position":"center center","background-size":"auto","background-attachment":"scroll","background-type":"","background-media":"","overlay-type":"","overlay-color":"","overlay-opacity":"","overlay-gradient":""},"tablet":{"background-color":"var(--ast-global-color-5)","background-image":"","background-repeat":"repeat","background-position":"center center","background-size":"auto","background-attachment":"scroll","background-type":"","background-media":"","overlay-type":"","overlay-color":"","overlay-opacity":"","overlay-gradient":""},"mobile":{"background-color":"var(--ast-global-color-5)","background-image":"","background-repeat":"repeat","background-position":"center center","background-size":"auto","background-attachment":"scroll","background-type":"","background-media":"","overlay-type":"","overlay-color":"","overlay-opacity":"","overlay-gradient":""}},"_joinchat":[]},"product_brand":[],"product_cat":[15,289,292,293,295,299,274,256,25,123,26,28,135,27,137,136,30],"product_tag":[99,101,105,54,104],"class_list":{"0":"post-2188","1":"product","2":"type-product","3":"status-publish","4":"has-post-thumbnail","6":"product_cat-new-vape-this-week","7":"product_cat-big-puffs-disposable-vapes","8":"product_cat-digital-disposable-vapes","9":"product_cat-low-nicotine-disposable-vapes","10":"product_cat-rechargeable-disposable-vapes","11":"product_cat-smart-screen-disposable-vapes","12":"product_cat-waspe-fihp-vape","13":"product_cat-25000-puff-disposable-vape","14":"product_cat-germany-best-selling-vape","15":"product_cat-italy-wholesale-vape","16":"product_cat-netherlands-hot-sale-vape","17":"product_cat-poland-hot-sale-vape","18":"product_cat-spain-best-hot-sale-vape","19":"product_cat-fance-hot-sale-vape","20":"product_cat-rechargeable-vapes","21":"product_cat-smart-screen-vapes","22":"product_cat-minimum-order-quantity-50pcs","23":"product_tag-disposable-vape-wholesale","24":"product_tag-led-display-vape","25":"product_tag-nicotine-free-disposable-vape","26":"product_tag-rechargeable-disposable-vape","27":"product_tag-waspe-25000","28":"desktop-align-left","29":"tablet-align-left","30":"mobile-align-left","32":"first","33":"instock","34":"sale","35":"shipping-taxable","36":"purchasable","37":"product-type-simple"},"uagb_featured_image_src":{"full":["https:\/\/rmvapesale.com\/wp-content\/uploads\/2024\/09\/Waspe-25000-Puffs-Vape.jpg",788,788,false],"thumbnail":["https:\/\/rmvapesale.com\/wp-content\/uploads\/2024\/09\/Waspe-25000-Puffs-Vape-150x150.jpg",150,150,true],"medium":["https:\/\/rmvapesale.com\/wp-content\/uploads\/2024\/09\/Waspe-25000-Puffs-Vape-300x300.jpg",300,300,true],"medium_large":["https:\/\/rmvapesale.com\/wp-content\/uploads\/2024\/09\/Waspe-25000-Puffs-Vape-768x768.jpg",768,768,true],"large":["https:\/\/rmvapesale.com\/wp-content\/uploads\/2024\/09\/Waspe-25000-Puffs-Vape.jpg",788,788,false],"1536x1536":["https:\/\/rmvapesale.com\/wp-content\/uploads\/2024\/09\/Waspe-25000-Puffs-Vape.jpg",788,788,false],"2048x2048":["https:\/\/rmvapesale.com\/wp-content\/uploads\/2024\/09\/Waspe-25000-Puffs-Vape.jpg",788,788,false],"trp-custom-language-flag":["https:\/\/rmvapesale.com\/wp-content\/uploads\/2024\/09\/Waspe-25000-Puffs-Vape.jpg",12,12,false],"woocommerce_thumbnail":["https:\/\/rmvapesale.com\/wp-content\/uploads\/2024\/09\/Waspe-25000-Puffs-Vape-300x300.jpg",300,300,true],"woocommerce_single":["https:\/\/rmvapesale.com\/wp-content\/uploads\/2024\/09\/Waspe-25000-Puffs-Vape-600x600.jpg",600,600,true],"woocommerce_gallery_thumbnail":["https:\/\/rmvapesale.com\/wp-content\/uploads\/2024\/09\/Waspe-25000-Puffs-Vape-100x100.jpg",100,100,true],"wcpr-photo-reviews":["https:\/\/rmvapesale.com\/wp-content\/uploads\/2024\/09\/Waspe-25000-Puffs-Vape.jpg",500,500,false]},"uagb_author_info":{"display_name":"AMY","author_link":"https:\/\/rmvapesale.com\/fr\/author\/"},"uagb_comment_info":0,"uagb_excerpt":"WASPE 25000 Nicotine Free Disposable Vape Sale Online Waspe 25000 Puffs 25k Disposable Vape Wholesale WASPE 25000 PUFFS Dual Mesh Vape Box 0% 2% 3% 5% Nicotine Contact Amy For More Discount And Right Reply WhatsApp: +86 17776015835","_links":{"self":[{"href":"https:\/\/rmvapesale.com\/fr\/wp-json\/wp\/v2\/product\/2188","targetHints":{"allow":["GET"]}}],"collection":[{"href":"https:\/\/rmvapesale.com\/fr\/wp-json\/wp\/v2\/product"}],"about":[{"href":"https:\/\/rmvapesale.com\/fr\/wp-json\/wp\/v2\/types\/product"}],"replies":[{"embeddable":true,"href":"https:\/\/rmvapesale.com\/fr\/wp-json\/wp\/v2\/comments?post=2188"}],"wp:featuredmedia":[{"embeddable":true,"href":"https:\/\/rmvapesale.com\/fr\/wp-json\/wp\/v2\/media\/2185"}],"wp:attachment":[{"href":"https:\/\/rmvapesale.com\/fr\/wp-json\/wp\/v2\/media?parent=2188"}],"wp:term":[{"taxonomy":"product_brand","embeddable":true,"href":"https:\/\/rmvapesale.com\/fr\/wp-json\/wp\/v2\/product_brand?post=2188"},{"taxonomy":"product_cat","embeddable":true,"href":"https:\/\/rmvapesale.com\/fr\/wp-json\/wp\/v2\/product_cat?post=2188"},{"taxonomy":"product_tag","embeddable":true,"href":"https:\/\/rmvapesale.com\/fr\/wp-json\/wp\/v2\/product_tag?post=2188"}],"curies":[{"name":"wp","href":"https:\/\/api.w.org\/{rel}","templated":true}]}}