{"id":2211,"date":"2024-09-29T02:51:53","date_gmt":"2024-09-29T02:51:53","guid":{"rendered":"https:\/\/rmvapesale.com\/?post_type=product&#038;p=2211"},"modified":"2025-01-21T09:43:04","modified_gmt":"2025-01-21T09:43:04","slug":"waspe-15000-puffs-digital-box-original-wholesale","status":"publish","type":"product","link":"https:\/\/rmvapesale.com\/fr\/product\/waspe-15000-puffs-digital-box-original-wholesale\/","title":{"rendered":"WASPE 15000 Bouff\u00e9es Bo\u00eete Num\u00e9rique Vente en Gros Originale"},"content":{"rendered":"<div class=\"B2VR9 CJHX3e\">\n<div class=\"wyccme\">\n<h1 class=\"LC20lb MBeuO DKV0Md\"><strong>WASPE 15000 Bouff\u00e9es Bo\u00eete Num\u00e9rique Vente en Gros Originale<\/strong><\/h1>\n<p>Offrez-vous l'exp\u00e9rience de vapotage ultime avec la vape jetable WASPE 15000 PUFFS Digital Box, disponible en gros chez rmvapesale. Ce dispositif haut de gamme offre un nombre impressionnant de 15 000 bouff\u00e9es, offrant une satisfaction et des performances prolong\u00e9es aux amateurs de vape exigeants.<\/p>\n<p>Con\u00e7ue avec pr\u00e9cision, la bo\u00eete num\u00e9rique WASPE est disponible en diff\u00e9rents niveaux de nicotine, notamment 0 %, 2 %, 3 % et 5 %, garantissant une aspiration douce et savoureuse qui \u00e9quilibre le go\u00fbt et la sensation de gorge. Sa qualit\u00e9 de sortie d'usine et sa conception conviviale en font le m\u00e9lange parfait de commodit\u00e9 et de technologie de pointe.<\/p>\n<\/div>\n<\/div>\n<p><strong>Contactez Amy pour obtenir une r\u00e9ponse rapide et plus de vid\u00e9os de produits !<\/strong><\/p>\n<p><img loading=\"lazy\" decoding=\"async\" class=\"size-full wp-image-1978\" src=\"https:\/\/rmvapesale.com\/wp-content\/uploads\/2024\/09\/Disposable-Vape-Wholesale.jpg\" alt=\"Vente en gros de vapes jetables\" width=\"229\" height=\"300\" \/><\/p>\n<h3><span style=\"color: #ff0000\"><strong>WhatsApp: +86 17776015835<\/strong><\/span><\/h3>\n<p>&nbsp;<\/p>\n<h2><\/h2>\n<h2><strong>\u00a0WASPE 15000 PUFFS Vape jetable : principales caract\u00e9ristiques<\/strong><\/h2>\n<p>Niveau de nicotine : 0 % 2 % 3 % 5 %<br \/>\nBouff\u00e9es : 15000<br \/>\nCapacit\u00e9 : 22 ml<br \/>\nSaveurs : 10 saveurs disponibles<br \/>\nType de charge : port Type-C<br \/>\nCapacit\u00e9 de la batterie : 650 mAh rechargeable<br \/>\nR\u00e9sistance : Bobine maill\u00e9e 0.8\u03a9<\/p>\n<h2><\/h2>\n<h2><strong>Meilleure saveur pour la vape jetable WASPE 15000 PUFFS<\/strong><\/h2>\n<p>Le Vape Pod jetable AIVONO Fatman 15000 Bouff\u00e9es offre 10 saveurs d\u00e9licieuses, choisissez parmi une vari\u00e9t\u00e9 de saveurs, y compris le tabac classique, la menthe fra\u00eeche rafra\u00eechissante et la douceur exotique du raisin, chacune promettant un voyage riche et satisfaisant \u00e0 chaque bouff\u00e9e.<\/p>\n<p>&nbsp;<\/p>\n<p>01. Past\u00e8que glac\u00e9e<span style=\"color: #ff0000\"><strong>&gt;&gt;&gt;&gt;Chaud !<\/strong><\/span><br \/>\n02. Myrtille glac\u00e9e<br \/>\n03. Guimauve de raisin<br \/>\n04. Fraise Framboise Cerise<span style=\"color: #ff0000\"><strong>&gt;&gt;&gt;&gt;Le meilleur !<\/strong><\/span><br \/>\n05. Baies m\u00e9lang\u00e9es<br \/>\n06. Fraise Past\u00e8que<br \/>\n07. Fraise Kiwi<br \/>\n08.Mangue P\u00eache Ananas<br \/>\n09.Jus de Framboise Grenade<span style=\"color: #ff0000\"><strong>&gt;&gt;&gt;&gt;Chaud !<\/strong><\/span><br \/>\n10.Pomme Verte Past\u00e8que Glac\u00e9e<\/p>\n<figure id=\"attachment_2210\" aria-describedby=\"caption-attachment-2210\" style=\"width: 808px\" class=\"wp-caption alignnone\"><img loading=\"lazy\" decoding=\"async\" class=\"wp-image-2210 size-full\" src=\"https:\/\/rmvapesale.com\/wp-content\/uploads\/2024\/09\/Waspe-Digital-Box-15000.jpg\" alt=\"Waspe Digital Box 15000\" width=\"808\" height=\"808\" srcset=\"https:\/\/rmvapesale.com\/wp-content\/uploads\/2024\/09\/Waspe-Digital-Box-15000.jpg 808w, https:\/\/rmvapesale.com\/wp-content\/uploads\/2024\/09\/Waspe-Digital-Box-15000-300x300.jpg 300w, https:\/\/rmvapesale.com\/wp-content\/uploads\/2024\/09\/Waspe-Digital-Box-15000-150x150.jpg 150w, https:\/\/rmvapesale.com\/wp-content\/uploads\/2024\/09\/Waspe-Digital-Box-15000-768x768.jpg 768w, https:\/\/rmvapesale.com\/wp-content\/uploads\/2024\/09\/Waspe-Digital-Box-15000-600x600.jpg 600w, https:\/\/rmvapesale.com\/wp-content\/uploads\/2024\/09\/Waspe-Digital-Box-15000-100x100.jpg 100w\" sizes=\"auto, (max-width: 808px) 100vw, 808px\" \/><figcaption id=\"caption-attachment-2210\" class=\"wp-caption-text\">Waspe Digital Box 15000<\/figcaption><\/figure>\n<h2><strong>Questions que vous pourriez vouloir conna\u00eetre sur le WASPE 15000 Digital Box<\/strong><\/h2>\n<p>&nbsp;<\/p>\n<div class=\"flex-shrink-0 flex flex-col relative items-end\">\n<div>\n<div class=\"pt-0\">\n<div class=\"gizmo-bot-avatar flex h-8 w-8 items-center justify-center overflow-hidden rounded-full\">\n<div class=\"relative p-1 rounded-sm flex items-center justify-center bg-token-main-surface-primary text-token-text-primary h-8 w-8\"><\/div>\n<\/div>\n<\/div>\n<\/div>\n<\/div>\n<div class=\"group\/conversation-turn relative flex w-full min-w-0 flex-col agent-turn\">\n<div class=\"flex-col gap-1 md:gap-3\">\n<div class=\"flex max-w-full flex-col flex-grow\">\n<div class=\"min-h-8 text-message flex w-full flex-col items-end gap-2 whitespace-normal break-words [.text-message+&amp;]:mt-5\" dir=\"auto\" data-message-author-role=\"assistant\" data-message-id=\"f226d3fc-81f3-46d5-8c46-31787fff0357\">\n<div class=\"flex w-full flex-col gap-1 empty:hidden first:pt-[3px]\">\n<div class=\"markdown prose w-full break-words dark:prose-invert light\">\n<p><strong>1.Combien de bouff\u00e9es la vape jetable WASPE 15000 PUFFS Digital Box offre-t-elle?<\/strong><br \/>\nLe WASPE 15000 Digital Box offre jusqu'\u00e0 15000 bouff\u00e9es, d\u00e9passant de loin la capacit\u00e9 des vapes jetables typiques.<\/p>\n<p><strong>2.Quels ar\u00f4mes sont disponibles dans la vape jetable WASPE 15000 Digital Box?<\/strong><br \/>\nLes saveurs populaires incluent Past\u00e8que glac\u00e9e, Myrtille glac\u00e9e, Fraise Framboise Cerise, Baies m\u00e9lang\u00e9es, etc.<\/p>\n<p><strong>3.Le WASPE 15000 Digital Box est-il adapt\u00e9 aux d\u00e9butants?<\/strong><br \/>\nOui, le WASPE 15000 Digital Box est parfait pour les d\u00e9butants gr\u00e2ce \u00e0 son design simple et sans bouton : il suffit d'inhaler pour commencer \u00e0 vapoter.<\/p>\n<p><strong>4.Comment dois-je stocker ma vape jetable WASPE 15000 Digital Box?<\/strong><br \/>\nConservez votre appareil dans un endroit frais et sec, \u00e0 l'abri de la lumi\u00e8re directe du soleil et hors de port\u00e9e des enfants et des animaux domestiques.<\/p>\n<p><strong>5.Combien de temps dure le WASPE 15000 Digital Box?<\/strong><br \/>\nAvec une capacit\u00e9 de 15 000 bouff\u00e9es, le WASPE 15000 Digital Box peut durer plusieurs semaines, selon l'utilisation.<\/p>\n<\/div>\n<\/div>\n<\/div>\n<\/div>\n<\/div>\n<\/div>\n<p>&nbsp;<\/p>\n<h3><b>FAQs<\/b><\/h3>\n<p>&nbsp;<\/p>\n<div class=\"flex-shrink-0 flex flex-col relative items-end\">\n<div>\n<div class=\"pt-0\">\n<div class=\"gizmo-bot-avatar flex h-8 w-8 items-center justify-center overflow-hidden rounded-full\">\n<div class=\"relative p-1 rounded-sm flex items-center justify-center bg-token-main-surface-primary text-token-text-primary h-8 w-8\"><strong>Quelles m\u00e9thodes d'exp\u00e9dition sont utilis\u00e9es ?<\/strong><\/div>\n<\/div>\n<\/div>\n<\/div>\n<\/div>\n<div class=\"group\/conversation-turn relative flex w-full min-w-0 flex-col agent-turn\">\n<div class=\"flex-col gap-1 md:gap-3\">\n<div class=\"flex max-w-full flex-col flex-grow\">\n<div class=\"min-h-[20px] text-message flex w-full flex-col items-end gap-2 whitespace-normal break-words [.text-message+&amp;]:mt-5 overflow-x-auto\" dir=\"auto\" data-message-author-role=\"assistant\" data-message-id=\"22f8283b-3233-46ff-89a5-c7a41b33abda\">\n<div class=\"flex w-full flex-col gap-1 empty:hidden first:pt-[3px]\">\n<div class=\"markdown prose w-full break-words dark:prose-invert light\">\n<p>Nous travaillons en partenariat avec UPS, DHL, FedEx, DPD et d'autres transporteurs de premier plan. Nous s\u00e9lectionnerons la meilleure m\u00e9thode d'exp\u00e9dition en fonction de votre lieu de livraison pour que vous receviez vos produits le plus rapidement possible.<\/p>\n<\/div>\n<p><strong>Combien de temps faut-il pour arriver ?<\/strong><\/p>\n<p>Les colis exp\u00e9di\u00e9s en France arrivent g\u00e9n\u00e9ralement sous 10 jours ouvrables. L'exp\u00e9dition vers les pays europ\u00e9ens prend g\u00e9n\u00e9ralement environ 12 \u00e0 15 jours ouvrables. Nous vous fournirons des mises \u00e0 jour en temps r\u00e9el sur l'\u00e9tat de votre envoi.<\/p>\n<\/div>\n<p><strong>Garantie<\/strong><\/p>\n<p><span style=\"color: #ff0000\"><strong>Tous les produits de notre magasin sont garantis 100% originaux et authentiques. Nous offrons 10 fois le montant en compensation pour les produits contrefaits !<\/strong><\/span><\/p>\n<div class=\"flex w-full flex-col gap-1 empty:hidden first:pt-[3px]\">\n<p>&nbsp;<\/p>\n<\/div>\n<\/div>\n<\/div>\n<\/div>\n<\/div>\n<p>&nbsp;<\/p>\n<p>Autres vapes en vente que vous pourriez aimer :<\/p>\n<p>&nbsp;<\/p>\n<p><a href=\"https:\/\/rmvapesale.com\/fr\/product\/original-randm-vape-digital-puff-12000-fumot-factory-price\/\"><strong>Randm Digital 12000 Puffs<\/strong><\/a><\/p>\n<p><strong><a href=\"https:\/\/rmvapesale.com\/fr\/product\/waspe-25000-puffs-disposable-vape-rechargeable-hot-sale\/\">Waspe 25000 bouff\u00e9es <\/a><\/strong><\/p>\n<p><a href=\"https:\/\/rmvapesale.com\/fr\/product\/waspe-12000-puffs-disposable-vape-pen\/\"><strong>WASPE 12000 bouff\u00e9es\u00a0<\/strong><\/a><\/p>\n<p><a href=\"https:\/\/rmvapesale.com\/fr\/product\/vapme-crystal-7000-puffs-rechargeable-disposable-vape-price\/\"><strong>Vapme Crystal 7000 bouff\u00e9es<\/strong><\/a><\/p>\n<p>&nbsp;<\/p>\n<p>&nbsp;<\/p>\n<p>Trouvez plus de produits de vape que vous pourriez aimer :<strong><em><a href=\"https:\/\/rmvapesale.com\/fr\/shop-2\/\">Achetez maintenant &gt;&gt;&gt;<\/a><\/em><\/strong><\/p>","protected":false},"excerpt":{"rendered":"<p>La bo\u00eete num\u00e9rique WASPE 15000 offre jusqu'\u00e0 15000 bouff\u00e9es, tandis que l'\u00e9cran intelligent permet de suivre facilement les informations sur la batterie. Aliment\u00e9 par une batterie rechargeable et durable, ce dispositif de vape jetable offre des saveurs riches et vibrantes et une production de vapeur douce \u00e0 chaque bouff\u00e9e.<\/p>\n<p><strong>Contactez Amy pour plus de r\u00e9ductions et une bonne r\u00e9ponse<\/strong><\/p>\n<p><img loading=\"lazy\" decoding=\"async\" class=\"size-full wp-image-1978\" src=\"https:\/\/rmvapesale.com\/wp-content\/uploads\/2024\/09\/Disposable-Vape-Wholesale.jpg\" alt=\"Vente en gros de vapes jetables\" width=\"229\" height=\"300\" \/><\/p>\n<h3><span style=\"color: #ff0000\"><strong>WhatsApp: +86 17776015835<\/strong><\/span><\/h3>","protected":false},"featured_media":2209,"comment_status":"open","ping_status":"closed","template":"","meta":{"_uag_custom_page_level_css":"","_lmt_disableupdate":"no","_lmt_disable":"","site-sidebar-layout":"default","site-content-layout":"content-boxed-container","ast-site-content-layout":"normal-width-container","site-content-style":"boxed","site-sidebar-style":"unboxed","ast-global-header-display":"","ast-banner-title-visibility":"","ast-main-header-display":"","ast-hfb-above-header-display":"","ast-hfb-below-header-display":"","ast-hfb-mobile-header-display":"","site-post-title":"","ast-breadcrumbs-content":"","ast-featured-img":"","footer-sml-layout":"","theme-transparent-header-meta":"default","adv-header-id-meta":"","stick-header-meta":"","header-above-stick-meta":"","header-main-stick-meta":"","header-below-stick-meta":"","astra-migrate-meta-layouts":"set","ast-page-background-enabled":"default","ast-page-background-meta":{"desktop":{"background-color":"var(--ast-global-color-4)","background-image":"","background-repeat":"repeat","background-position":"center center","background-size":"auto","background-attachment":"scroll","background-type":"","background-media":"","overlay-type":"","overlay-color":"","overlay-opacity":"","overlay-gradient":""},"tablet":{"background-color":"","background-image":"","background-repeat":"repeat","background-position":"center center","background-size":"auto","background-attachment":"scroll","background-type":"","background-media":"","overlay-type":"","overlay-color":"","overlay-opacity":"","overlay-gradient":""},"mobile":{"background-color":"","background-image":"","background-repeat":"repeat","background-position":"center center","background-size":"auto","background-attachment":"scroll","background-type":"","background-media":"","overlay-type":"","overlay-color":"","overlay-opacity":"","overlay-gradient":""}},"ast-content-background-meta":{"desktop":{"background-color":"var(--ast-global-color-5)","background-image":"","background-repeat":"repeat","background-position":"center center","background-size":"auto","background-attachment":"scroll","background-type":"","background-media":"","overlay-type":"","overlay-color":"","overlay-opacity":"","overlay-gradient":""},"tablet":{"background-color":"var(--ast-global-color-5)","background-image":"","background-repeat":"repeat","background-position":"center center","background-size":"auto","background-attachment":"scroll","background-type":"","background-media":"","overlay-type":"","overlay-color":"","overlay-opacity":"","overlay-gradient":""},"mobile":{"background-color":"var(--ast-global-color-5)","background-image":"","background-repeat":"repeat","background-position":"center center","background-size":"auto","background-attachment":"scroll","background-type":"","background-media":"","overlay-type":"","overlay-color":"","overlay-opacity":"","overlay-gradient":""}},"_joinchat":[]},"product_brand":[],"product_cat":[15,289,291,292,293,295,296,299,274,25,123,26,28,135,27,61,137,136,30],"product_tag":[108,99,101,105,54,109,107],"class_list":{"0":"post-2211","1":"product","2":"type-product","3":"status-publish","4":"has-post-thumbnail","6":"product_cat-new-vape-this-week","7":"product_cat-big-puffs-disposable-vapes","8":"product_cat-dual-mesh-disposable-vapes","9":"product_cat-digital-disposable-vapes","10":"product_cat-low-nicotine-disposable-vapes","11":"product_cat-rechargeable-disposable-vapes","12":"product_cat-shisha-hookah-disposable-vapes","13":"product_cat-smart-screen-disposable-vapes","14":"product_cat-waspe-fihp-vape","15":"product_cat-germany-best-selling-vape","16":"product_cat-italy-wholesale-vape","17":"product_cat-netherlands-hot-sale-vape","18":"product_cat-poland-hot-sale-vape","19":"product_cat-spain-best-hot-sale-vape","20":"product_cat-fance-hot-sale-vape","21":"product_cat-15000-puffs-disposable-vapes","22":"product_cat-rechargeable-vapes","23":"product_cat-smart-screen-vapes","24":"product_cat-minimum-order-quantity-50pcs","25":"product_tag-digital-disposable-vape","26":"product_tag-disposable-vape-wholesale","27":"product_tag-led-display-vape","28":"product_tag-nicotine-free-disposable-vape","29":"product_tag-rechargeable-disposable-vape","30":"product_tag-smart-screen-vape","31":"product_tag-waspe-15000-puffs-digital","32":"desktop-align-left","33":"tablet-align-left","34":"mobile-align-left","36":"first","37":"instock","38":"sale","39":"shipping-taxable","40":"purchasable","41":"product-type-simple"},"uagb_featured_image_src":{"full":["https:\/\/rmvapesale.com\/wp-content\/uploads\/2024\/09\/WASPE-Digital-Box-15000-Puffs-Vape.jpg",808,808,false],"thumbnail":["https:\/\/rmvapesale.com\/wp-content\/uploads\/2024\/09\/WASPE-Digital-Box-15000-Puffs-Vape-150x150.jpg",150,150,true],"medium":["https:\/\/rmvapesale.com\/wp-content\/uploads\/2024\/09\/WASPE-Digital-Box-15000-Puffs-Vape-300x300.jpg",300,300,true],"medium_large":["https:\/\/rmvapesale.com\/wp-content\/uploads\/2024\/09\/WASPE-Digital-Box-15000-Puffs-Vape-768x768.jpg",768,768,true],"large":["https:\/\/rmvapesale.com\/wp-content\/uploads\/2024\/09\/WASPE-Digital-Box-15000-Puffs-Vape.jpg",808,808,false],"1536x1536":["https:\/\/rmvapesale.com\/wp-content\/uploads\/2024\/09\/WASPE-Digital-Box-15000-Puffs-Vape.jpg",808,808,false],"2048x2048":["https:\/\/rmvapesale.com\/wp-content\/uploads\/2024\/09\/WASPE-Digital-Box-15000-Puffs-Vape.jpg",808,808,false],"trp-custom-language-flag":["https:\/\/rmvapesale.com\/wp-content\/uploads\/2024\/09\/WASPE-Digital-Box-15000-Puffs-Vape.jpg",12,12,false],"woocommerce_thumbnail":["https:\/\/rmvapesale.com\/wp-content\/uploads\/2024\/09\/WASPE-Digital-Box-15000-Puffs-Vape-300x300.jpg",300,300,true],"woocommerce_single":["https:\/\/rmvapesale.com\/wp-content\/uploads\/2024\/09\/WASPE-Digital-Box-15000-Puffs-Vape-600x600.jpg",600,600,true],"woocommerce_gallery_thumbnail":["https:\/\/rmvapesale.com\/wp-content\/uploads\/2024\/09\/WASPE-Digital-Box-15000-Puffs-Vape-100x100.jpg",100,100,true],"wcpr-photo-reviews":["https:\/\/rmvapesale.com\/wp-content\/uploads\/2024\/09\/WASPE-Digital-Box-15000-Puffs-Vape.jpg",500,500,false]},"uagb_author_info":{"display_name":"AMY","author_link":"https:\/\/rmvapesale.com\/fr\/author\/"},"uagb_comment_info":0,"uagb_excerpt":"The WASPE Digital 15000 Box offers up to 15000 puffs vaping, while the smart display allows easy tracking of battery info. Powered by a rechargeable, long-lasting battery, this disposable vape device delivers rich, vibrant flavors and smooth vapor production with every puff. Contact Amy For More Discount And Right Reply WhatsApp: +86 17776015835","_links":{"self":[{"href":"https:\/\/rmvapesale.com\/fr\/wp-json\/wp\/v2\/product\/2211","targetHints":{"allow":["GET"]}}],"collection":[{"href":"https:\/\/rmvapesale.com\/fr\/wp-json\/wp\/v2\/product"}],"about":[{"href":"https:\/\/rmvapesale.com\/fr\/wp-json\/wp\/v2\/types\/product"}],"replies":[{"embeddable":true,"href":"https:\/\/rmvapesale.com\/fr\/wp-json\/wp\/v2\/comments?post=2211"}],"wp:featuredmedia":[{"embeddable":true,"href":"https:\/\/rmvapesale.com\/fr\/wp-json\/wp\/v2\/media\/2209"}],"wp:attachment":[{"href":"https:\/\/rmvapesale.com\/fr\/wp-json\/wp\/v2\/media?parent=2211"}],"wp:term":[{"taxonomy":"product_brand","embeddable":true,"href":"https:\/\/rmvapesale.com\/fr\/wp-json\/wp\/v2\/product_brand?post=2211"},{"taxonomy":"product_cat","embeddable":true,"href":"https:\/\/rmvapesale.com\/fr\/wp-json\/wp\/v2\/product_cat?post=2211"},{"taxonomy":"product_tag","embeddable":true,"href":"https:\/\/rmvapesale.com\/fr\/wp-json\/wp\/v2\/product_tag?post=2211"}],"curies":[{"name":"wp","href":"https:\/\/api.w.org\/{rel}","templated":true}]}}