{"id":2225,"date":"2024-09-29T06:12:42","date_gmt":"2024-09-29T06:12:42","guid":{"rendered":"https:\/\/rmvapesale.com\/?post_type=product&#038;p=2225"},"modified":"2025-01-21T09:51:23","modified_gmt":"2025-01-21T09:51:23","slug":"uzy-crystal-pro-max-10k-puffs-disposable-vape-pen-wholesale","status":"publish","type":"product","link":"https:\/\/rmvapesale.com\/fr\/product\/uzy-crystal-pro-max-10k-puffs-disposable-vape-pen-wholesale\/","title":{"rendered":"UZY Crystal Pro Max 10k Bouff\u00e9es Stylo Vape jetable Vente en gros"},"content":{"rendered":"<div class=\"B2VR9 CJHX3e\">\n<div class=\"wyccme\">\n<h1 class=\"LC20lb MBeuO DKV0Md\">UZY Crystal Pro Max 10k Bouff\u00e9es Stylo Vape jetable Vente en gros<\/h1>\n<p>Voici le UZY Crystal Pro Max 10k Puffs, un pod jetable rechargeable offrant une capacit\u00e9 impressionnante de 10 000 bouff\u00e9es. Disponible en concentrations de nicotine de 0%, 2%, 3% et 5%, il r\u00e9pond \u00e0 un large \u00e9ventail de pr\u00e9f\u00e9rences. Le design rechargeable du UZY Crystal Pro Max offre une exp\u00e9rience de vapotage prolong\u00e9e avant d'\u00eatre jet\u00e9, alliant commodit\u00e9 et fiabilit\u00e9. Que vous recherchiez une option sans nicotine ou une dose plus forte, cet appareil polyvalent garantit une satisfaction \u00e0 chaque bouff\u00e9e.<\/p>\n<p>D\u00e9couvrez un monde de luxe, de commodit\u00e9 et de saveurs d\u00e9licieuses avec les vapes jetables UZY Crystal Pro Max 10000. Pour les demandes de renseignements en gros, contactez notre \u00e9quipe pour d\u00e9bloquer des tarifs exclusifs et red\u00e9finir votre exp\u00e9rience de vapotage avec sophistication et abordabilit\u00e9.<\/p>\n<\/div>\n<\/div>\n<p><strong>Contactez Amy pour obtenir une r\u00e9ponse rapide et plus de vid\u00e9os de produits !<\/strong><\/p>\n<p><img loading=\"lazy\" decoding=\"async\" class=\"size-full wp-image-1978\" src=\"https:\/\/rmvapesale.com\/wp-content\/uploads\/2024\/09\/Disposable-Vape-Wholesale.jpg\" alt=\"Vente en gros de vapes jetables\" width=\"229\" height=\"300\" \/><\/p>\n<h3><span style=\"color: #ff0000\"><strong>WhatsApp: +86 17776015835<\/strong><\/span><\/h3>\n<p>&nbsp;<\/p>\n<h2><\/h2>\n<h2><strong>Principales caract\u00e9ristiques du UZY Crystal 10k Puffs<\/strong><\/h2>\n<p>&nbsp;<\/p>\n<p>Bouff\u00e9es : 15000 bouff\u00e9es<br \/>\nLiquide: 15,0ML<br \/>\nBatterie: 600mAh<br \/>\nUSB: TYPE-C<br \/>\nSel de nicotine: 0% 2% 3% 5% (facultatif)<\/p>\n<h2><\/h2>\n<h2><strong>Saveur sup\u00e9rieure pour le UZY Crystal Pro Max 10k Puffs<\/strong><\/h2>\n<p>Le vaporisateur jetable UZY Crystal Pro Max 10k Puffs propose 12 saveurs d\u00e9lectables. Choisissez parmi une vari\u00e9t\u00e9 de saveurs, y compris le tabac classique, la menthe fra\u00eeche rafra\u00eechissante et la douceur exotique de la mangue, chacune promettant un voyage riche et satisfaisant \u00e0 chaque bouff\u00e9e.<\/p>\n<p>1. P\u00eache Mangue Ananas<span style=\"color: #ff0000\"><strong>&gt;&gt;&gt;&gt;Chaud !<\/strong><\/span><br \/>\n2. Fraise Past\u00e8que<br \/>\n3. Glace \u00c9nergie Rouge<span style=\"color: #ff0000\"><strong>&gt;&gt;&gt;&gt;Chaud !<\/strong><\/span><br \/>\n4. Fraise Mangue<br \/>\n5. Myrtille Framboise<span style=\"color: #ff0000\"><strong>&gt;&gt;&gt;&gt;Le meilleur !<\/strong><\/span><br \/>\n6. Glace Triple Baies<br \/>\n7. Glace Past\u00e8que<br \/>\n8. Glace Triple Raisin<br \/>\n9.Glace Myrtille<br \/>\n10.P\u00eache glac\u00e9e<br \/>\n11.Skittles<br \/>\n12. Past\u00e8que Chewing-gum<\/p>\n<div class=\"mceTemp\"><\/div>\n<figure id=\"attachment_2219\" aria-describedby=\"caption-attachment-2219\" style=\"width: 300px\" class=\"wp-caption alignnone\"><img loading=\"lazy\" decoding=\"async\" class=\"size-medium wp-image-2219\" src=\"https:\/\/rmvapesale.com\/wp-content\/uploads\/2024\/09\/UZY-Crystal-10k-300x300.png\" alt=\"UZY Crystal 10k\" width=\"300\" height=\"300\" srcset=\"https:\/\/rmvapesale.com\/wp-content\/uploads\/2024\/09\/UZY-Crystal-10k-300x300.png 300w, https:\/\/rmvapesale.com\/wp-content\/uploads\/2024\/09\/UZY-Crystal-10k-150x150.png 150w, https:\/\/rmvapesale.com\/wp-content\/uploads\/2024\/09\/UZY-Crystal-10k-768x768.png 768w, https:\/\/rmvapesale.com\/wp-content\/uploads\/2024\/09\/UZY-Crystal-10k-600x600.png 600w, https:\/\/rmvapesale.com\/wp-content\/uploads\/2024\/09\/UZY-Crystal-10k-100x100.png 100w, https:\/\/rmvapesale.com\/wp-content\/uploads\/2024\/09\/UZY-Crystal-10k.png 808w\" sizes=\"auto, (max-width: 300px) 100vw, 300px\" \/><figcaption id=\"caption-attachment-2219\" class=\"wp-caption-text\">UZY Crystal 10k<\/figcaption><\/figure>\n<p>&nbsp;<\/p>\n<h2><strong>Questions que vous voudriez peut-\u00eatre savoir sur l'Uzy Crystal Pro Max 10000<\/strong><\/h2>\n<p>&nbsp;<\/p>\n<div class=\"flex-shrink-0 flex flex-col relative items-end\">\n<div>\n<div class=\"pt-0\">\n<div class=\"gizmo-bot-avatar flex h-8 w-8 items-center justify-center overflow-hidden rounded-full\">\n<div class=\"relative p-1 rounded-sm flex items-center justify-center bg-token-main-surface-primary text-token-text-primary h-8 w-8\"><\/div>\n<\/div>\n<\/div>\n<\/div>\n<\/div>\n<div class=\"group\/conversation-turn relative flex w-full min-w-0 flex-col agent-turn\">\n<div class=\"flex-col gap-1 md:gap-3\">\n<div class=\"flex max-w-full flex-col flex-grow\">\n<div class=\"min-h-8 text-message flex w-full flex-col items-end gap-2 whitespace-normal break-words [.text-message+&amp;]:mt-5\" dir=\"auto\" data-message-author-role=\"assistant\" data-message-id=\"f226d3fc-81f3-46d5-8c46-31787fff0357\">\n<div class=\"flex w-full flex-col gap-1 empty:hidden first:pt-[3px]\">\n<div class=\"markdown prose w-full break-words dark:prose-invert light\">\n<p><strong>1.Combien de bouff\u00e9es la cigarette \u00e9lectronique jetable Uzy Crystal Pro Max 10000 <\/strong><strong>Puffs Digital offre-t-elle?<\/strong><br \/>\nL'Uzy Crystal Pro Max 10000 offre jusqu'\u00e0 10000 bouff\u00e9es, d\u00e9passant de loin la capacit\u00e9 des cigarettes \u00e9lectroniques jetables typiques.<\/p>\n<p><strong>2.Quelles saveurs sont disponibles dans la cigarette \u00e9lectronique jetable?<\/strong><br \/>\nLes saveurs populaires incluent Past\u00e8que glac\u00e9e, Myrtille glac\u00e9e, Fraise Framboise Cerise, Baies m\u00e9lang\u00e9es, etc.<\/p>\n<p><strong>3.Convient-il aux d\u00e9butants?<\/strong><br \/>\nOui, il est parfait pour les d\u00e9butants avec sa conception simple et sans bouton : il suffit d'inspirer pour commencer \u00e0 vapoter.<\/p>\n<p><strong>4. Comment dois-je stocker ma vape jetable ?<\/strong><br \/>\nConservez votre appareil dans un endroit frais et sec, \u00e0 l'abri de la lumi\u00e8re directe du soleil et hors de port\u00e9e des enfants et des animaux domestiques.<\/p>\n<p><strong>5.Combien de temps dure le V?<\/strong><br \/>\nAvec une capacit\u00e9 de 10 000 bouff\u00e9es, l'Uzy Crystal Pro Max 10000 peut durer plusieurs semaines, selon l'utilisation.<\/p>\n<\/div>\n<\/div>\n<\/div>\n<\/div>\n<\/div>\n<\/div>\n<p>&nbsp;<\/p>\n<h3><b>FAQs<\/b><\/h3>\n<p>&nbsp;<\/p>\n<div class=\"flex-shrink-0 flex flex-col relative items-end\">\n<div>\n<div class=\"pt-0\">\n<div class=\"gizmo-bot-avatar flex h-8 w-8 items-center justify-center overflow-hidden rounded-full\">\n<div class=\"relative p-1 rounded-sm flex items-center justify-center bg-token-main-surface-primary text-token-text-primary h-8 w-8\"><strong>Quelles m\u00e9thodes d'exp\u00e9dition sont utilis\u00e9es ?<\/strong><\/div>\n<\/div>\n<\/div>\n<\/div>\n<\/div>\n<div class=\"group\/conversation-turn relative flex w-full min-w-0 flex-col agent-turn\">\n<div class=\"flex-col gap-1 md:gap-3\">\n<div class=\"flex max-w-full flex-col flex-grow\">\n<div class=\"min-h-[20px] text-message flex w-full flex-col items-end gap-2 whitespace-normal break-words [.text-message+&amp;]:mt-5 overflow-x-auto\" dir=\"auto\" data-message-author-role=\"assistant\" data-message-id=\"22f8283b-3233-46ff-89a5-c7a41b33abda\">\n<div class=\"flex w-full flex-col gap-1 empty:hidden first:pt-[3px]\">\n<div class=\"markdown prose w-full break-words dark:prose-invert light\">\n<p>Nous travaillons en partenariat avec UPS, DHL, FedEx, DPD et d'autres transporteurs de premier plan. Nous s\u00e9lectionnerons la meilleure m\u00e9thode d'exp\u00e9dition en fonction de votre lieu de livraison pour que vous receviez vos produits le plus rapidement possible.<\/p>\n<\/div>\n<p><strong>Combien de temps faut-il pour arriver ?<\/strong><\/p>\n<p>Les colis exp\u00e9di\u00e9s en France arrivent g\u00e9n\u00e9ralement sous 10 jours ouvrables. L'exp\u00e9dition vers les pays europ\u00e9ens prend g\u00e9n\u00e9ralement environ 12 \u00e0 15 jours ouvrables. Nous vous fournirons des mises \u00e0 jour en temps r\u00e9el sur l'\u00e9tat de votre envoi.<\/p>\n<\/div>\n<p><strong>Garantie<\/strong><\/p>\n<p><span style=\"color: #ff0000\"><strong>Tous les produits de notre magasin sont garantis 100% originaux et authentiques. Nous offrons 10 fois le montant en compensation pour les produits contrefaits !<\/strong><\/span><\/p>\n<div class=\"flex w-full flex-col gap-1 empty:hidden first:pt-[3px]\">\n<p>&nbsp;<\/p>\n<\/div>\n<\/div>\n<\/div>\n<\/div>\n<\/div>\n<p>&nbsp;<\/p>\n<p>Autres vapes en vente que vous pourriez aimer :<\/p>\n<p>&nbsp;<\/p>\n<p><a href=\"https:\/\/rmvapesale.com\/fr\/product\/original-randm-vape-digital-puff-12000-fumot-factory-price\/\"><strong>VOZOL Gear 20000 Puffs<\/strong><\/a><\/p>\n<p><strong><a href=\"https:\/\/rmvapesale.com\/fr\/product\/randm-tornado-15000-puffs-15k-vape-recharge-fumot-original-vape-factory-price\/\">VOPK Tornado 15000 Bouff\u00e9es <\/a><\/strong><\/p>\n<p><a href=\"https:\/\/rmvapesale.com\/fr\/product\/vapme-crystal-7000-puffs-rechargeable-disposable-vape-price\/\"><strong>Vapme Crystal 7000 bouff\u00e9es<\/strong><\/a><\/p>\n<p>&nbsp;<\/p>\n<p>&nbsp;<\/p>\n<p>Trouvez plus de produits de vape que vous pourriez aimer :<strong><em><a href=\"https:\/\/rmvapesale.com\/fr\/shop-2\/\">Achetez maintenant &gt;&gt;&gt;<\/a><\/em><\/strong><\/p>","protected":false},"excerpt":{"rendered":"<p>UZY Crystal Pro Max 10k Puffs saveur sup\u00e9rieure en stock<br \/>\nAuthentique UZY Crystal Pro Max 10000 en gros<br \/>\nUZY Crystal Pro Max 10k Puffs 0% 2% 3% 5% Nicotine<\/p>\n<p><strong>Contactez Amy pour plus de r\u00e9ductions et une bonne r\u00e9ponse<\/strong><\/p>\n<p><img loading=\"lazy\" decoding=\"async\" class=\"size-full wp-image-1978\" src=\"https:\/\/rmvapesale.com\/wp-content\/uploads\/2024\/09\/Disposable-Vape-Wholesale.jpg\" alt=\"Vente en gros de vapes jetables\" width=\"229\" height=\"300\" \/><\/p>\n<h3><span style=\"color: #ff0000\"><strong>WhatsApp: +86 17776015835<\/strong><\/span><\/h3>","protected":false},"featured_media":2221,"comment_status":"open","ping_status":"closed","template":"","meta":{"_uag_custom_page_level_css":"","_lmt_disableupdate":"no","_lmt_disable":"","site-sidebar-layout":"default","site-content-layout":"content-boxed-container","ast-site-content-layout":"normal-width-container","site-content-style":"boxed","site-sidebar-style":"unboxed","ast-global-header-display":"","ast-banner-title-visibility":"","ast-main-header-display":"","ast-hfb-above-header-display":"","ast-hfb-below-header-display":"","ast-hfb-mobile-header-display":"","site-post-title":"","ast-breadcrumbs-content":"","ast-featured-img":"","footer-sml-layout":"","theme-transparent-header-meta":"default","adv-header-id-meta":"","stick-header-meta":"","header-above-stick-meta":"","header-main-stick-meta":"","header-below-stick-meta":"","astra-migrate-meta-layouts":"set","ast-page-background-enabled":"default","ast-page-background-meta":{"desktop":{"background-color":"var(--ast-global-color-4)","background-image":"","background-repeat":"repeat","background-position":"center center","background-size":"auto","background-attachment":"scroll","background-type":"","background-media":"","overlay-type":"","overlay-color":"","overlay-opacity":"","overlay-gradient":""},"tablet":{"background-color":"","background-image":"","background-repeat":"repeat","background-position":"center center","background-size":"auto","background-attachment":"scroll","background-type":"","background-media":"","overlay-type":"","overlay-color":"","overlay-opacity":"","overlay-gradient":""},"mobile":{"background-color":"","background-image":"","background-repeat":"repeat","background-position":"center center","background-size":"auto","background-attachment":"scroll","background-type":"","background-media":"","overlay-type":"","overlay-color":"","overlay-opacity":"","overlay-gradient":""}},"ast-content-background-meta":{"desktop":{"background-color":"var(--ast-global-color-5)","background-image":"","background-repeat":"repeat","background-position":"center center","background-size":"auto","background-attachment":"scroll","background-type":"","background-media":"","overlay-type":"","overlay-color":"","overlay-opacity":"","overlay-gradient":""},"tablet":{"background-color":"var(--ast-global-color-5)","background-image":"","background-repeat":"repeat","background-position":"center center","background-size":"auto","background-attachment":"scroll","background-type":"","background-media":"","overlay-type":"","overlay-color":"","overlay-opacity":"","overlay-gradient":""},"mobile":{"background-color":"var(--ast-global-color-5)","background-image":"","background-repeat":"repeat","background-position":"center center","background-size":"auto","background-attachment":"scroll","background-type":"","background-media":"","overlay-type":"","overlay-color":"","overlay-opacity":"","overlay-gradient":""}},"_joinchat":[]},"product_brand":[],"product_cat":[15,290,291,293,295,299,287,271,25,123,26,28,135,27,61,137,136,30],"product_tag":[112,99,111,105,54],"class_list":{"0":"post-2225","1":"product","2":"type-product","3":"status-publish","4":"has-post-thumbnail","6":"product_cat-new-vape-this-week","7":"product_cat-crystal-disposable-vapes","8":"product_cat-dual-mesh-disposable-vapes","9":"product_cat-low-nicotine-disposable-vapes","10":"product_cat-rechargeable-disposable-vapes","11":"product_cat-smart-screen-disposable-vapes","12":"product_cat-uzy-vape","13":"product_cat-10000-puff-disposable-vape","14":"product_cat-germany-best-selling-vape","15":"product_cat-italy-wholesale-vape","16":"product_cat-netherlands-hot-sale-vape","17":"product_cat-poland-hot-sale-vape","18":"product_cat-spain-best-hot-sale-vape","19":"product_cat-fance-hot-sale-vape","20":"product_cat-15000-puffs-disposable-vapes","21":"product_cat-rechargeable-vapes","22":"product_cat-smart-screen-vapes","23":"product_cat-minimum-order-quantity-50pcs","24":"product_tag-crystal-pro-max","25":"product_tag-disposable-vape-wholesale","26":"product_tag-low-nicotine-disposable-vape","27":"product_tag-nicotine-free-disposable-vape","28":"product_tag-rechargeable-disposable-vape","29":"desktop-align-left","30":"tablet-align-left","31":"mobile-align-left","33":"first","34":"instock","35":"sale","36":"shipping-taxable","37":"purchasable","38":"product-type-simple"},"uagb_featured_image_src":{"full":["https:\/\/rmvapesale.com\/wp-content\/uploads\/2024\/09\/UZY-Crystal-Pro-Max-10k-puffs-Disposable-Vape.jpg",800,800,false],"thumbnail":["https:\/\/rmvapesale.com\/wp-content\/uploads\/2024\/09\/UZY-Crystal-Pro-Max-10k-puffs-Disposable-Vape-150x150.jpg",150,150,true],"medium":["https:\/\/rmvapesale.com\/wp-content\/uploads\/2024\/09\/UZY-Crystal-Pro-Max-10k-puffs-Disposable-Vape-300x300.jpg",300,300,true],"medium_large":["https:\/\/rmvapesale.com\/wp-content\/uploads\/2024\/09\/UZY-Crystal-Pro-Max-10k-puffs-Disposable-Vape-768x768.jpg",768,768,true],"large":["https:\/\/rmvapesale.com\/wp-content\/uploads\/2024\/09\/UZY-Crystal-Pro-Max-10k-puffs-Disposable-Vape.jpg",800,800,false],"1536x1536":["https:\/\/rmvapesale.com\/wp-content\/uploads\/2024\/09\/UZY-Crystal-Pro-Max-10k-puffs-Disposable-Vape.jpg",800,800,false],"2048x2048":["https:\/\/rmvapesale.com\/wp-content\/uploads\/2024\/09\/UZY-Crystal-Pro-Max-10k-puffs-Disposable-Vape.jpg",800,800,false],"trp-custom-language-flag":["https:\/\/rmvapesale.com\/wp-content\/uploads\/2024\/09\/UZY-Crystal-Pro-Max-10k-puffs-Disposable-Vape.jpg",12,12,false],"woocommerce_thumbnail":["https:\/\/rmvapesale.com\/wp-content\/uploads\/2024\/09\/UZY-Crystal-Pro-Max-10k-puffs-Disposable-Vape-300x300.jpg",300,300,true],"woocommerce_single":["https:\/\/rmvapesale.com\/wp-content\/uploads\/2024\/09\/UZY-Crystal-Pro-Max-10k-puffs-Disposable-Vape-600x600.jpg",600,600,true],"woocommerce_gallery_thumbnail":["https:\/\/rmvapesale.com\/wp-content\/uploads\/2024\/09\/UZY-Crystal-Pro-Max-10k-puffs-Disposable-Vape-100x100.jpg",100,100,true],"wcpr-photo-reviews":["https:\/\/rmvapesale.com\/wp-content\/uploads\/2024\/09\/UZY-Crystal-Pro-Max-10k-puffs-Disposable-Vape.jpg",500,500,false]},"uagb_author_info":{"display_name":"AMY","author_link":"https:\/\/rmvapesale.com\/fr\/author\/"},"uagb_comment_info":0,"uagb_excerpt":"UZY Crystal Pro Max 10k Puffs Top Flavour in Stock Authentic UZY Crystal Pro Max 10000 Wholesale UZY Crystal Pro Max 10k Puffs 0% 2% 3% 5% Nicotine Contact Amy For More Discount And Right Reply WhatsApp: +86 17776015835","_links":{"self":[{"href":"https:\/\/rmvapesale.com\/fr\/wp-json\/wp\/v2\/product\/2225","targetHints":{"allow":["GET"]}}],"collection":[{"href":"https:\/\/rmvapesale.com\/fr\/wp-json\/wp\/v2\/product"}],"about":[{"href":"https:\/\/rmvapesale.com\/fr\/wp-json\/wp\/v2\/types\/product"}],"replies":[{"embeddable":true,"href":"https:\/\/rmvapesale.com\/fr\/wp-json\/wp\/v2\/comments?post=2225"}],"wp:featuredmedia":[{"embeddable":true,"href":"https:\/\/rmvapesale.com\/fr\/wp-json\/wp\/v2\/media\/2221"}],"wp:attachment":[{"href":"https:\/\/rmvapesale.com\/fr\/wp-json\/wp\/v2\/media?parent=2225"}],"wp:term":[{"taxonomy":"product_brand","embeddable":true,"href":"https:\/\/rmvapesale.com\/fr\/wp-json\/wp\/v2\/product_brand?post=2225"},{"taxonomy":"product_cat","embeddable":true,"href":"https:\/\/rmvapesale.com\/fr\/wp-json\/wp\/v2\/product_cat?post=2225"},{"taxonomy":"product_tag","embeddable":true,"href":"https:\/\/rmvapesale.com\/fr\/wp-json\/wp\/v2\/product_tag?post=2225"}],"curies":[{"name":"wp","href":"https:\/\/api.w.org\/{rel}","templated":true}]}}