{"id":2246,"date":"2024-09-30T01:30:54","date_gmt":"2024-09-30T01:30:54","guid":{"rendered":"https:\/\/rmvapesale.com\/?post_type=product&#038;p=2246"},"modified":"2025-01-21T09:55:50","modified_gmt":"2025-01-21T09:55:50","slug":"mesii-visual-box-16000-puffs-disposable-vape-full-screen","status":"publish","type":"product","link":"https:\/\/rmvapesale.com\/fr\/product\/mesii-visual-box-16000-puffs-disposable-vape-full-screen\/","title":{"rendered":"MESii Visual Box 16000 Bouff\u00e9es Vape jetable Plein \u00e9cran"},"content":{"rendered":"<div class=\"B2VR9 CJHX3e\">\n<div class=\"wyccme\">\n<h1 class=\"LC20lb MBeuO DKV0Md\">MESii Visual Box 16000 Bouff\u00e9es Vape jetable Plein \u00e9cran<\/h1>\n<p>Pr\u00e9sentation du MESii Visual Box 16000 Bouff\u00e9es Cigarette \u00c9lectronique Jetable \u00c9cran Complet \u2014 un appareil \u00e0 la pointe de la technologie con\u00e7u pour une exp\u00e9rience de vapotage prolong\u00e9e et haute performance. Dot\u00e9 de 16 000 bouff\u00e9es impressionnantes et d'une capacit\u00e9 de e-liquide de 20ML, cette cigarette \u00e9lectronique jetable offre long\u00e9vit\u00e9 et praticit\u00e9. Aliment\u00e9e par une batterie rechargeable de 600mAh avec charge rapide USB-C en 45 minutes.<\/p>\n<p>La double r\u00e9sistance en mesh garantit une vapeur lisse et constante, tandis que l'\u00e9cran complet fournit les informations cl\u00e9s en un coup d'\u0153il, notamment un indicateur de niveau d'huile num\u00e9rique, un indicateur de puissance intelligent, et un minuteur de vapotage intelligent. Personnalisez votre exp\u00e9rience avec un flux d'air r\u00e9glable, quatre modes de chauffage, et un verrou de s\u00e9curit\u00e9 pour plus de s\u00e9curit\u00e9.<\/p>\n<p>\u00c9levez votre exp\u00e9rience de vapotage avec le MESii Visual Box \u2014 o\u00f9 technologie, praticit\u00e9 et s\u00e9curit\u00e9 se combinent pour une exp\u00e9rience de vapotage ultime.<\/p>\n<\/div>\n<\/div>\n<p><strong>Contactez Amy pour obtenir une r\u00e9ponse rapide et plus de vid\u00e9os de produits !<\/strong><\/p>\n<p><img loading=\"lazy\" decoding=\"async\" class=\"size-full wp-image-1978\" src=\"https:\/\/rmvapesale.com\/wp-content\/uploads\/2024\/09\/Disposable-Vape-Wholesale.jpg\" alt=\"Vente en gros de vapes jetables\" width=\"229\" height=\"300\" \/><\/p>\n<h3><span style=\"color: #ff0000\"><strong>WhatsApp: +86 17776015835<\/strong><\/span><\/h3>\n<p>&nbsp;<\/p>\n<h2><\/h2>\n<h2><strong>Caract\u00e9ristiques principales du MESii Visual Box 16000 Bouff\u00e9es<\/strong><\/h2>\n<p>16000 Bouff\u00e9es<br \/>\n20ML de e-liquide<br \/>\nRechargeable 600mAh<br \/>\nDouble bobine en maille<br \/>\nAffichage plein \u00e9cran<br \/>\nFlux d'air r\u00e9glable<br \/>\nVerrou de s\u00e9curit\u00e9 pour enfants<br \/>\nIndicateur de puissance intelligent<br \/>\nQuatre modes de chauffage<br \/>\nMinuteur de vapotage intelligent<br \/>\nIndicateur de niveau d'huile num\u00e9rique<br \/>\nCharge rapide USB-C en 45 minutes<\/p>\n<h2><\/h2>\n<h2><strong>Meilleur parfum pour MESii Visual Box 16000 Bouff\u00e9es<\/strong><\/h2>\n<p>Le pod de vapotage jetable MESii Visual Box 16000 Puffs propose 15 saveurs d\u00e9licieuses, choisissez parmi une vari\u00e9t\u00e9 de saveurs, y compris le tabac classique, la menthe fra\u00eeche et rafra\u00eechissante, et la douceur exotique de la mangue, chacune promettant un voyage riche et satisfaisant \u00e0 chaque bouff\u00e9e.<\/p>\n<p>1. Temp\u00eate de Myrtilles<br \/>\n2. Razz Bleu Glac\u00e9<span style=\"color: #ff0000\"><strong>&gt;&gt;&gt;&gt;Chaud !<\/strong><\/span><br \/>\n3. Menthe de Miami<br \/>\n4. P\u00eache Glac\u00e9e<br \/>\n5. Past\u00e8que Glac\u00e9e<br \/>\n6. Fruit du Dragon Banane Cerise<br \/>\n7. Baies M\u00e9lang\u00e9es<span style=\"color: #ff0000\"><strong>&gt;&gt;&gt;&gt;Chaud !<\/strong><\/span><br \/>\n8. Pomme Acidul\u00e9e Glac\u00e9e<br \/>\n9. Ananas Noix de Coco<br \/>\n10. Framboise Past\u00e8que<br \/>\n11.Bubblegum Past\u00e8que<br \/>\n12. Fraise Past\u00e8que<br \/>\n13. Fraise Framboise Cerise<span style=\"color: #ff0000\"><strong>&gt;&gt;&gt;&gt;Le meilleur !<\/strong><\/span><br \/>\n14. Raisin Glac\u00e9<br \/>\n15. Fraise Kiwi<span style=\"color: #ff0000\"><strong>&gt;&gt;&gt;&gt;Chaud !<\/strong><\/span><\/p>\n<figure id=\"attachment_2241\" aria-describedby=\"caption-attachment-2241\" style=\"width: 300px\" class=\"wp-caption alignnone\"><img loading=\"lazy\" decoding=\"async\" class=\"size-medium wp-image-2241\" src=\"https:\/\/rmvapesale.com\/wp-content\/uploads\/2024\/09\/Mesii-16000-Puffs-Dispsoable-Vape-Flavour-300x300.png\" alt=\"Saveur de vapotage jetable MESii 16000 Puffs\" width=\"300\" height=\"300\" srcset=\"https:\/\/rmvapesale.com\/wp-content\/uploads\/2024\/09\/Mesii-16000-Puffs-Dispsoable-Vape-Flavour-300x300.png 300w, https:\/\/rmvapesale.com\/wp-content\/uploads\/2024\/09\/Mesii-16000-Puffs-Dispsoable-Vape-Flavour-150x150.png 150w, https:\/\/rmvapesale.com\/wp-content\/uploads\/2024\/09\/Mesii-16000-Puffs-Dispsoable-Vape-Flavour-768x768.png 768w, https:\/\/rmvapesale.com\/wp-content\/uploads\/2024\/09\/Mesii-16000-Puffs-Dispsoable-Vape-Flavour-600x600.png 600w, https:\/\/rmvapesale.com\/wp-content\/uploads\/2024\/09\/Mesii-16000-Puffs-Dispsoable-Vape-Flavour-100x100.png 100w, https:\/\/rmvapesale.com\/wp-content\/uploads\/2024\/09\/Mesii-16000-Puffs-Dispsoable-Vape-Flavour.png 788w\" sizes=\"auto, (max-width: 300px) 100vw, 300px\" \/><figcaption id=\"caption-attachment-2241\" class=\"wp-caption-text\">Saveur de vapotage jetable MESii 16000 Puffs<\/figcaption><\/figure>\n<h2><strong>Questions que vous pourriez vous poser sur le MESii Visual Box 16000 Puffs<\/strong><\/h2>\n<p>&nbsp;<\/p>\n<div class=\"flex-shrink-0 flex flex-col relative items-end\">\n<div>\n<div class=\"pt-0\">\n<div class=\"gizmo-bot-avatar flex h-8 w-8 items-center justify-center overflow-hidden rounded-full\">\n<div class=\"relative p-1 rounded-sm flex items-center justify-center bg-token-main-surface-primary text-token-text-primary h-8 w-8\"><\/div>\n<\/div>\n<\/div>\n<\/div>\n<\/div>\n<div class=\"group\/conversation-turn relative flex w-full min-w-0 flex-col agent-turn\">\n<div class=\"flex-col gap-1 md:gap-3\">\n<div class=\"flex max-w-full flex-col flex-grow\">\n<div class=\"min-h-8 text-message flex w-full flex-col items-end gap-2 whitespace-normal break-words [.text-message+&amp;]:mt-5\" dir=\"auto\" data-message-author-role=\"assistant\" data-message-id=\"f226d3fc-81f3-46d5-8c46-31787fff0357\">\n<div class=\"flex w-full flex-col gap-1 empty:hidden first:pt-[3px]\">\n<div class=\"markdown prose w-full break-words dark:prose-invert light\">\n<p><strong>1. Combien de bouff\u00e9es le MESii Visual Box 16000 Puffs peut-il fournir ?<\/strong><strong>\u00a0La cigarette \u00e9lectronique jetable UZY Vaper 9000 offre jusqu'\u00e0 12000 bouff\u00e9es, d\u00e9passant largement la capacit\u00e9 des cigarettes \u00e9lectroniques jetables typiques.<\/strong><br \/>\nLe MESii Visual Box 16000 Puffs offre jusqu'\u00e0 16000 bouff\u00e9es, d\u00e9passant largement la capacit\u00e9 des vapoteuses jetables classiques.<\/p>\n<p><strong>2. Quelles saveurs sont disponibles dans le stylo de vapotage jetable MESii Visual Box 16000 Puffs ?<\/strong><br \/>\nLes saveurs populaires incluent Temp\u00eate de Myrtilles, Razz Bleu Glac\u00e9, Menthe de Miami, Baies M\u00e9lang\u00e9es, Pomme Acidul\u00e9e Glac\u00e9e, Fraise Framboise Cerise, etc.<\/p>\n<p><strong>3. Le MESii Visual Box 16000 Puffs est-il adapt\u00e9 aux d\u00e9butants ?<\/strong><br \/>\nOui, il est parfait pour les d\u00e9butants avec sa conception simple et sans bouton : il suffit d'inspirer pour commencer \u00e0 vapoter.<\/p>\n<p><strong>4. Comment dois-je stocker ma vape jetable ?<\/strong><br \/>\nConservez votre appareil dans un endroit frais et sec, \u00e0 l'abri de la lumi\u00e8re directe du soleil et hors de port\u00e9e des enfants et des animaux domestiques.<\/p>\n<p><strong>Combien de temps dure la MESii Visual Box 16000 Puffs ?<\/strong><br \/>\nAvec une capacit\u00e9 de 16 000 bouff\u00e9es, la MESii Visual Box 16000 Puffs peut durer plusieurs semaines, selon l'utilisation.<\/p>\n<\/div>\n<\/div>\n<\/div>\n<\/div>\n<\/div>\n<\/div>\n<p>&nbsp;<\/p>\n<h3><b>FAQs<\/b><\/h3>\n<p>&nbsp;<\/p>\n<div class=\"flex-shrink-0 flex flex-col relative items-end\">\n<div>\n<div class=\"pt-0\">\n<div class=\"gizmo-bot-avatar flex h-8 w-8 items-center justify-center overflow-hidden rounded-full\">\n<div class=\"relative p-1 rounded-sm flex items-center justify-center bg-token-main-surface-primary text-token-text-primary h-8 w-8\"><strong>Quelles m\u00e9thodes d'exp\u00e9dition sont utilis\u00e9es ?<\/strong><\/div>\n<\/div>\n<\/div>\n<\/div>\n<\/div>\n<div class=\"group\/conversation-turn relative flex w-full min-w-0 flex-col agent-turn\">\n<div class=\"flex-col gap-1 md:gap-3\">\n<div class=\"flex max-w-full flex-col flex-grow\">\n<div class=\"min-h-[20px] text-message flex w-full flex-col items-end gap-2 whitespace-normal break-words [.text-message+&amp;]:mt-5 overflow-x-auto\" dir=\"auto\" data-message-author-role=\"assistant\" data-message-id=\"22f8283b-3233-46ff-89a5-c7a41b33abda\">\n<div class=\"flex w-full flex-col gap-1 empty:hidden first:pt-[3px]\">\n<div class=\"markdown prose w-full break-words dark:prose-invert light\">\n<p>Nous travaillons en partenariat avec UPS, DHL, FedEx, DPD et d'autres transporteurs de premier plan. Nous s\u00e9lectionnerons la meilleure m\u00e9thode d'exp\u00e9dition en fonction de votre lieu de livraison pour que vous receviez vos produits le plus rapidement possible.<\/p>\n<\/div>\n<p><strong>Combien de temps faut-il pour arriver ?<\/strong><\/p>\n<p>Les colis exp\u00e9di\u00e9s en France arrivent g\u00e9n\u00e9ralement sous 10 jours ouvrables. L'exp\u00e9dition vers les pays europ\u00e9ens prend g\u00e9n\u00e9ralement environ 12 \u00e0 15 jours ouvrables. Nous vous fournirons des mises \u00e0 jour en temps r\u00e9el sur l'\u00e9tat de votre envoi.<\/p>\n<\/div>\n<p><strong>Garantie<\/strong><\/p>\n<p><span style=\"color: #ff0000\"><strong>Tous les produits de notre magasin sont garantis 100% originaux et authentiques. Nous offrons 10 fois le montant en compensation pour les produits contrefaits !<\/strong><\/span><\/p>\n<div class=\"flex w-full flex-col gap-1 empty:hidden first:pt-[3px]\">\n<p>&nbsp;<\/p>\n<\/div>\n<\/div>\n<\/div>\n<\/div>\n<\/div>\n<p>&nbsp;<\/p>\n<p>Autres vapes en vente que vous pourriez aimer :<\/p>\n<p>&nbsp;<\/p>\n<p><a href=\"https:\/\/rmvapesale.com\/fr\/product\/original-randm-vape-digital-puff-12000-fumot-factory-price\/\"><strong>VOZOL Gear 20000 Puffs<span style=\"color: #ff0000\">&gt;&gt;&gt;&gt;allez!<\/span><\/strong><\/a><\/p>\n<p><strong><a href=\"https:\/\/rmvapesale.com\/fr\/product\/randm-tornado-15000-puffs-15k-vape-recharge-fumot-original-vape-factory-price\/\">VOPK Tornado 15000 Bouff\u00e9es<\/a><a href=\"https:\/\/rmvapesale.com\/fr\/product\/original-randm-vape-digital-puff-12000-fumot-factory-price\/\"><span style=\"color: #ff0000\">&gt;&gt;&gt;&gt;allez!<\/span><\/a><\/strong><\/p>\n<p><a href=\"https:\/\/rmvapesale.com\/fr\/product\/vapme-crystal-7000-puffs-rechargeable-disposable-vape-price\/\"><strong>Vapme Crystal 7000 bouff\u00e9es<a href=\"https:\/\/rmvapesale.com\/fr\/product\/original-randm-vape-digital-puff-12000-fumot-factory-price\/\"><span style=\"color: #ff0000\">&gt;&gt;&gt;&gt;allez!<\/span><\/a><\/strong><\/a><\/p>\n<p><a href=\"https:\/\/rmvapesale.com\/fr\/product\/uzy-crystal-pro-max-10k-puffs-disposable-vape-pen-wholesale\/\"><strong>UZY Crystal Pro Max 10k Bouff\u00e9es<a href=\"https:\/\/rmvapesale.com\/fr\/product\/original-randm-vape-digital-puff-12000-fumot-factory-price\/\"><span style=\"color: #ff0000\">&gt;&gt;&gt;&gt;allez!<\/span><\/a><\/strong><\/a><\/p>\n<p>&nbsp;<\/p>\n<p>&nbsp;<\/p>\n<p>Trouvez plus de produits de vape que vous pourriez aimer :<strong><em><a href=\"https:\/\/rmvapesale.com\/fr\/shop-2\/\">Achetez maintenant &gt;&gt;&gt;<\/a><\/em><\/strong><\/p>","protected":false},"excerpt":{"rendered":"<p>MESii Visual Boxx 16K 16000 Bouff\u00e9es Cigarette \u00c9lectronique Jetable<br \/>\nMESii Visual Box 16000 Bouff\u00e9es Cigarette \u00c9lectronique Jetable Pod<br \/>\nMesii Visual Box 16000 Bouff\u00e9es 0%2%3%5% Cigarette \u00c9lectronique \u00e0 Nicotine<\/p>\n<p><strong>Contactez Amy pour plus de r\u00e9ductions et une bonne r\u00e9ponse<\/strong><\/p>\n<p><img loading=\"lazy\" decoding=\"async\" class=\"size-full wp-image-1978\" src=\"https:\/\/rmvapesale.com\/wp-content\/uploads\/2024\/09\/Disposable-Vape-Wholesale.jpg\" alt=\"Vente en gros de vapes jetables\" width=\"229\" height=\"300\" \/><\/p>\n<h3><span style=\"color: #ff0000\"><strong>WhatsApp: +86 17776015835<\/strong><\/span><\/h3>","protected":false},"featured_media":2239,"comment_status":"open","ping_status":"closed","template":"","meta":{"_uag_custom_page_level_css":"","_lmt_disableupdate":"no","_lmt_disable":"","site-sidebar-layout":"default","site-content-layout":"content-boxed-container","ast-site-content-layout":"normal-width-container","site-content-style":"boxed","site-sidebar-style":"unboxed","ast-global-header-display":"","ast-banner-title-visibility":"","ast-main-header-display":"","ast-hfb-above-header-display":"","ast-hfb-below-header-display":"","ast-hfb-mobile-header-display":"","site-post-title":"","ast-breadcrumbs-content":"","ast-featured-img":"","footer-sml-layout":"","theme-transparent-header-meta":"default","adv-header-id-meta":"","stick-header-meta":"","header-above-stick-meta":"","header-main-stick-meta":"","header-below-stick-meta":"","astra-migrate-meta-layouts":"set","ast-page-background-enabled":"default","ast-page-background-meta":{"desktop":{"background-color":"var(--ast-global-color-4)","background-image":"","background-repeat":"repeat","background-position":"center center","background-size":"auto","background-attachment":"scroll","background-type":"","background-media":"","overlay-type":"","overlay-color":"","overlay-opacity":"","overlay-gradient":""},"tablet":{"background-color":"","background-image":"","background-repeat":"repeat","background-position":"center center","background-size":"auto","background-attachment":"scroll","background-type":"","background-media":"","overlay-type":"","overlay-color":"","overlay-opacity":"","overlay-gradient":""},"mobile":{"background-color":"","background-image":"","background-repeat":"repeat","background-position":"center center","background-size":"auto","background-attachment":"scroll","background-type":"","background-media":"","overlay-type":"","overlay-color":"","overlay-opacity":"","overlay-gradient":""}},"ast-content-background-meta":{"desktop":{"background-color":"var(--ast-global-color-5)","background-image":"","background-repeat":"repeat","background-position":"center center","background-size":"auto","background-attachment":"scroll","background-type":"","background-media":"","overlay-type":"","overlay-color":"","overlay-opacity":"","overlay-gradient":""},"tablet":{"background-color":"var(--ast-global-color-5)","background-image":"","background-repeat":"repeat","background-position":"center center","background-size":"auto","background-attachment":"scroll","background-type":"","background-media":"","overlay-type":"","overlay-color":"","overlay-opacity":"","overlay-gradient":""},"mobile":{"background-color":"var(--ast-global-color-5)","background-image":"","background-repeat":"repeat","background-position":"center center","background-size":"auto","background-attachment":"scroll","background-type":"","background-media":"","overlay-type":"","overlay-color":"","overlay-opacity":"","overlay-gradient":""}},"_joinchat":[]},"product_brand":[],"product_cat":[15,292,293,295,299,25,123,26,28,135,27,31,61,137,136],"product_tag":[114,99,111,105,54,115],"class_list":{"0":"post-2246","1":"product","2":"type-product","3":"status-publish","4":"has-post-thumbnail","6":"product_cat-new-vape-this-week","7":"product_cat-digital-disposable-vapes","8":"product_cat-low-nicotine-disposable-vapes","9":"product_cat-rechargeable-disposable-vapes","10":"product_cat-smart-screen-disposable-vapes","11":"product_cat-germany-best-selling-vape","12":"product_cat-italy-wholesale-vape","13":"product_cat-netherlands-hot-sale-vape","14":"product_cat-poland-hot-sale-vape","15":"product_cat-spain-best-hot-sale-vape","16":"product_cat-fance-hot-sale-vape","17":"product_cat-randm-fumot-vape","18":"product_cat-15000-puffs-disposable-vapes","19":"product_cat-rechargeable-vapes","20":"product_cat-smart-screen-vapes","21":"product_tag-disposable-vape-pod","22":"product_tag-disposable-vape-wholesale","23":"product_tag-low-nicotine-disposable-vape","24":"product_tag-nicotine-free-disposable-vape","25":"product_tag-rechargeable-disposable-vape","26":"product_tag-smart-screen-disposable-vape","27":"desktop-align-left","28":"tablet-align-left","29":"mobile-align-left","31":"first","32":"instock","33":"sale","34":"shipping-taxable","35":"purchasable","36":"product-type-simple"},"uagb_featured_image_src":{"full":["https:\/\/rmvapesale.com\/wp-content\/uploads\/2024\/09\/Mesii-16000-Dispsoable-Vape.png",788,788,false],"thumbnail":["https:\/\/rmvapesale.com\/wp-content\/uploads\/2024\/09\/Mesii-16000-Dispsoable-Vape-150x150.png",150,150,true],"medium":["https:\/\/rmvapesale.com\/wp-content\/uploads\/2024\/09\/Mesii-16000-Dispsoable-Vape-300x300.png",300,300,true],"medium_large":["https:\/\/rmvapesale.com\/wp-content\/uploads\/2024\/09\/Mesii-16000-Dispsoable-Vape-768x768.png",768,768,true],"large":["https:\/\/rmvapesale.com\/wp-content\/uploads\/2024\/09\/Mesii-16000-Dispsoable-Vape.png",788,788,false],"1536x1536":["https:\/\/rmvapesale.com\/wp-content\/uploads\/2024\/09\/Mesii-16000-Dispsoable-Vape.png",788,788,false],"2048x2048":["https:\/\/rmvapesale.com\/wp-content\/uploads\/2024\/09\/Mesii-16000-Dispsoable-Vape.png",788,788,false],"trp-custom-language-flag":["https:\/\/rmvapesale.com\/wp-content\/uploads\/2024\/09\/Mesii-16000-Dispsoable-Vape.png",12,12,false],"woocommerce_thumbnail":["https:\/\/rmvapesale.com\/wp-content\/uploads\/2024\/09\/Mesii-16000-Dispsoable-Vape-300x300.png",300,300,true],"woocommerce_single":["https:\/\/rmvapesale.com\/wp-content\/uploads\/2024\/09\/Mesii-16000-Dispsoable-Vape-600x600.png",600,600,true],"woocommerce_gallery_thumbnail":["https:\/\/rmvapesale.com\/wp-content\/uploads\/2024\/09\/Mesii-16000-Dispsoable-Vape-100x100.png",100,100,true],"wcpr-photo-reviews":["https:\/\/rmvapesale.com\/wp-content\/uploads\/2024\/09\/Mesii-16000-Dispsoable-Vape.png",500,500,false]},"uagb_author_info":{"display_name":"AMY","author_link":"https:\/\/rmvapesale.com\/fr\/author\/"},"uagb_comment_info":0,"uagb_excerpt":"MESii Visual Boxx 16K 16000 Puffs Disposable Vape MESii Visual Box 16000 Puffs Disposable Vape Pod Mesii Visual Box 16000 Puffs 0%2%3%5% Nicotine E-cigarette Contact Amy For More Discount And Right Reply WhatsApp: +86 17776015835","_links":{"self":[{"href":"https:\/\/rmvapesale.com\/fr\/wp-json\/wp\/v2\/product\/2246","targetHints":{"allow":["GET"]}}],"collection":[{"href":"https:\/\/rmvapesale.com\/fr\/wp-json\/wp\/v2\/product"}],"about":[{"href":"https:\/\/rmvapesale.com\/fr\/wp-json\/wp\/v2\/types\/product"}],"replies":[{"embeddable":true,"href":"https:\/\/rmvapesale.com\/fr\/wp-json\/wp\/v2\/comments?post=2246"}],"wp:featuredmedia":[{"embeddable":true,"href":"https:\/\/rmvapesale.com\/fr\/wp-json\/wp\/v2\/media\/2239"}],"wp:attachment":[{"href":"https:\/\/rmvapesale.com\/fr\/wp-json\/wp\/v2\/media?parent=2246"}],"wp:term":[{"taxonomy":"product_brand","embeddable":true,"href":"https:\/\/rmvapesale.com\/fr\/wp-json\/wp\/v2\/product_brand?post=2246"},{"taxonomy":"product_cat","embeddable":true,"href":"https:\/\/rmvapesale.com\/fr\/wp-json\/wp\/v2\/product_cat?post=2246"},{"taxonomy":"product_tag","embeddable":true,"href":"https:\/\/rmvapesale.com\/fr\/wp-json\/wp\/v2\/product_tag?post=2246"}],"curies":[{"name":"wp","href":"https:\/\/api.w.org\/{rel}","templated":true}]}}