{"id":2253,"date":"2024-09-30T03:05:21","date_gmt":"2024-09-30T03:05:21","guid":{"rendered":"https:\/\/rmvapesale.com\/?post_type=product&#038;p=2253"},"modified":"2025-01-21T09:56:32","modified_gmt":"2025-01-21T09:56:32","slug":"uzy-vaper-9000-puffs-disposable-vape-pod-wholesale","status":"publish","type":"product","link":"https:\/\/rmvapesale.com\/fr\/product\/uzy-vaper-9000-puffs-disposable-vape-pod-wholesale\/","title":{"rendered":"Vente en gros de pods de vape jetables UZY Vaper 9000 Puffs"},"content":{"rendered":"<div class=\"B2VR9 CJHX3e\">\n<div class=\"wyccme\">\n<h1 class=\"LC20lb MBeuO DKV0Md\">Vente en gros de pods de vape jetables UZY Vaper 9000 Puffs<\/h1>\n<p>Pr\u00e9sentation du <strong>Pod de vape jetable UZY Vaper 9000 Puffs<\/strong>, un appareil rechargeable de grande capacit\u00e9 offrant jusqu'\u00e0 <strong>9000 bouff\u00e9es<\/strong>. Disponible en diff\u00e9rentes <strong>0%<\/strong>, <strong>2%<\/strong>, <strong>3%<\/strong>, et <strong>5 % de nicotine<\/strong> concentrations, il r\u00e9pond \u00e0 diverses pr\u00e9f\u00e9rences. Con\u00e7u pour la commodit\u00e9 et la durabilit\u00e9, le <strong>UZY Vaper 9000<\/strong> offre une exp\u00e9rience de vapotage douce et savoureuse avec une gamme de <strong>d\u00e9licieuses saveurs<\/strong>, des fruits exotiques \u00e0 la menthe rafra\u00eechissante. Sa fonction rechargeable assure une utilisation prolong\u00e9e, ce qui en fait un \u00e9quilibre parfait entre innovation et facilit\u00e9. \u00c9levez votre exp\u00e9rience de vapotage avec le <strong>UZY Vaper 9000<\/strong>\u2014o\u00f9 la polyvalence rencontre la satisfaction.<\/p>\n<\/div>\n<\/div>\n<p><strong>Contactez Amy pour obtenir une r\u00e9ponse rapide et plus de vid\u00e9os de produits !<\/strong><\/p>\n<p><img loading=\"lazy\" decoding=\"async\" class=\"size-full wp-image-1978\" src=\"https:\/\/rmvapesale.com\/wp-content\/uploads\/2024\/09\/Disposable-Vape-Wholesale.jpg\" alt=\"Vente en gros de vapes jetables\" width=\"229\" height=\"300\" \/><\/p>\n<h3><span style=\"color: #ff0000\"><strong>WhatsApp: +86 17776015835<\/strong><\/span><\/h3>\n<p>&nbsp;<\/p>\n<h2><\/h2>\n<h2>Caract\u00e9ristiques principales de la cigarette \u00e9lectronique jetable UZY Vaper 9000 Puffs<\/h2>\n<p>Batterie int\u00e9gr\u00e9e de 850mAh<br \/>\nRechargeable<br \/>\nDistribution de puissance efficace et constante<br \/>\nE-liquide pr\u00e9-rempli de 18ml<br \/>\nNiveau de nicotine 0% 2% 3% 5%<br \/>\nSatisfait pr\u00e8s de 9000 bouff\u00e9es<br \/>\nD\u00e9bit d'air r\u00e9glable<br \/>\nLumi\u00e8re RVB<\/p>\n<figure id=\"attachment_2250\" aria-describedby=\"caption-attachment-2250\" style=\"width: 800px\" class=\"wp-caption alignnone\"><img loading=\"lazy\" decoding=\"async\" class=\"wp-image-2250 size-full\" src=\"https:\/\/rmvapesale.com\/wp-content\/uploads\/2024\/09\/UZY-Vaper-9000-Puffs-Disposable-Vape-Wholesale.jpg\" alt=\"Vente en gros de la cigarette \u00e9lectronique jetable UZY Vaper 9000 Puffs\" width=\"800\" height=\"800\" srcset=\"https:\/\/rmvapesale.com\/wp-content\/uploads\/2024\/09\/UZY-Vaper-9000-Puffs-Disposable-Vape-Wholesale.jpg 800w, https:\/\/rmvapesale.com\/wp-content\/uploads\/2024\/09\/UZY-Vaper-9000-Puffs-Disposable-Vape-Wholesale-300x300.jpg 300w, https:\/\/rmvapesale.com\/wp-content\/uploads\/2024\/09\/UZY-Vaper-9000-Puffs-Disposable-Vape-Wholesale-150x150.jpg 150w, https:\/\/rmvapesale.com\/wp-content\/uploads\/2024\/09\/UZY-Vaper-9000-Puffs-Disposable-Vape-Wholesale-768x768.jpg 768w, https:\/\/rmvapesale.com\/wp-content\/uploads\/2024\/09\/UZY-Vaper-9000-Puffs-Disposable-Vape-Wholesale-600x600.jpg 600w, https:\/\/rmvapesale.com\/wp-content\/uploads\/2024\/09\/UZY-Vaper-9000-Puffs-Disposable-Vape-Wholesale-100x100.jpg 100w\" sizes=\"auto, (max-width: 800px) 100vw, 800px\" \/><figcaption id=\"caption-attachment-2250\" class=\"wp-caption-text\">Vente en gros de la cigarette \u00e9lectronique jetable UZY Vaper 9000 Puffs<\/figcaption><\/figure>\n<h2><strong>Meilleure saveur pour UZY Vaper 9000 Puffs<\/strong><\/h2>\n<p>Le Pod Vape Jetable UZY QUTE 800 Puffs propose 20 saveurs d\u00e9licieuses. Choisissez parmi une vari\u00e9t\u00e9 de saveurs, notamment le tabac classique, la menthe rafra\u00eechissante et la douceur exotique du raisin, chacune promettant un voyage riche et satisfaisant \u00e0 chaque bouff\u00e9e.<\/p>\n<p>01. Myrtille Framboise<span style=\"color: #ff0000\"><strong>&gt;&gt;&gt;&gt;Chaud !<\/strong><\/span><br \/>\n02. Monsieur Bleu<span style=\"color: #ff0000\"><strong>&gt;&gt;&gt;&gt;Le meilleur !<\/strong><\/span><br \/>\n03. Fraise Past\u00e8que<br \/>\n04. P\u00eache Mangue Ananas<br \/>\n05. Kiwi Fruit de la passion Goyave<span style=\"color: #ff0000\"><strong>&gt;&gt;&gt;&gt;Chaud !<\/strong><\/span><br \/>\n06. Cerise Glac\u00e9e<br \/>\n07. Fraise Glac\u00e9e<br \/>\n08. Past\u00e8que Glac\u00e9e<br \/>\n09. Raisin Glac\u00e9<br \/>\n10. Myrtille Glac\u00e9e<br \/>\n11. Baies M\u00e9lang\u00e9es<span style=\"color: #ff0000\"><strong>&gt;&gt;&gt;&gt;Chaud !<\/strong><\/span><br \/>\n12. P\u00eache Glac\u00e9e<br \/>\n13. P\u00eache Baie<br \/>\n14. Fraise Framboise Cerise Glac\u00e9e<br \/>\n15. Fraise Banane<span style=\"color: #ff0000\"><strong>&gt;&gt;&gt;&gt;Chaud !<\/strong><\/span><\/p>\n<p>&nbsp;<\/p>\n<h2><strong>Questions que vous pourriez vous poser sur la cigarette \u00e9lectronique jetable UZY Vaper 9000<\/strong><\/h2>\n<p>&nbsp;<\/p>\n<div class=\"flex-shrink-0 flex flex-col relative items-end\">\n<div>\n<div class=\"pt-0\">\n<div class=\"gizmo-bot-avatar flex h-8 w-8 items-center justify-center overflow-hidden rounded-full\">\n<div class=\"relative p-1 rounded-sm flex items-center justify-center bg-token-main-surface-primary text-token-text-primary h-8 w-8\"><\/div>\n<\/div>\n<\/div>\n<\/div>\n<\/div>\n<div class=\"group\/conversation-turn relative flex w-full min-w-0 flex-col agent-turn\">\n<div class=\"flex-col gap-1 md:gap-3\">\n<div class=\"flex max-w-full flex-col flex-grow\">\n<div class=\"min-h-8 text-message flex w-full flex-col items-end gap-2 whitespace-normal break-words [.text-message+&amp;]:mt-5\" dir=\"auto\" data-message-author-role=\"assistant\" data-message-id=\"f226d3fc-81f3-46d5-8c46-31787fff0357\">\n<div class=\"flex w-full flex-col gap-1 empty:hidden first:pt-[3px]\">\n<div class=\"markdown prose w-full break-words dark:prose-invert light\">\n<p><strong>1. Combien de bouff\u00e9es la cigarette \u00e9lectronique jetable UZY Vaper 9000 offre-t-elle ?<\/strong><strong>\u00a0La cigarette \u00e9lectronique jetable UZY Vaper 9000 offre jusqu'\u00e0 12000 bouff\u00e9es, d\u00e9passant largement la capacit\u00e9 des cigarettes \u00e9lectroniques jetables typiques.<\/strong><br \/>\n2. Quels sont les ar\u00f4mes disponibles dans le stylo de cigarette \u00e9lectronique jetable Vaper 9000 ?<\/p>\n<p><strong>La cigarette \u00e9lectronique jetable UZY Vaper 9000 offre une large gamme d'ar\u00f4mes, y compris des fruits populaires comme la myrtille, la fraise, la past\u00e8que, la p\u00eache, la mangue, l'ananas, le kiwi, le fruit de la passion et la goyave, ainsi que des saveurs rafra\u00eechissantes comme la menthe glac\u00e9e et des m\u00e9langes de baies.<\/strong><br \/>\nLes saveurs populaires incluent la past\u00e8que glac\u00e9e, Mr Blue, la triple mangue, la fraise glac\u00e9e, la boisson \u00e9nergisante, les baies m\u00e9lang\u00e9es, etc.<\/p>\n<p><strong>3. Le Vaper 9000 est-il adapt\u00e9 aux d\u00e9butants ?<\/strong><br \/>\nOui, il est parfait pour les d\u00e9butants avec sa conception simple et sans bouton : il suffit d'inspirer pour commencer \u00e0 vapoter.<\/p>\n<p><strong>4. Comment dois-je stocker ma vape jetable ?<\/strong><br \/>\nConservez votre appareil dans un endroit frais et sec, \u00e0 l'abri de la lumi\u00e8re directe du soleil et hors de port\u00e9e des enfants et des animaux domestiques.<\/p>\n<p><strong>5. Combien de temps dure le Vaper 9000 ?<\/strong><br \/>\nAvec une capacit\u00e9 de 9 000 bouff\u00e9es, l'UZY Vaper 9000 peut durer plusieurs semaines, selon l'utilisation.<\/p>\n<\/div>\n<\/div>\n<\/div>\n<\/div>\n<\/div>\n<\/div>\n<p>&nbsp;<\/p>\n<h3><b>FAQs<\/b><\/h3>\n<p>&nbsp;<\/p>\n<div class=\"flex-shrink-0 flex flex-col relative items-end\">\n<div>\n<div class=\"pt-0\">\n<div class=\"gizmo-bot-avatar flex h-8 w-8 items-center justify-center overflow-hidden rounded-full\">\n<div class=\"relative p-1 rounded-sm flex items-center justify-center bg-token-main-surface-primary text-token-text-primary h-8 w-8\"><strong>Quelles m\u00e9thodes d'exp\u00e9dition sont utilis\u00e9es ?<\/strong><\/div>\n<\/div>\n<\/div>\n<\/div>\n<\/div>\n<div class=\"group\/conversation-turn relative flex w-full min-w-0 flex-col agent-turn\">\n<div class=\"flex-col gap-1 md:gap-3\">\n<div class=\"flex max-w-full flex-col flex-grow\">\n<div class=\"min-h-[20px] text-message flex w-full flex-col items-end gap-2 whitespace-normal break-words [.text-message+&amp;]:mt-5 overflow-x-auto\" dir=\"auto\" data-message-author-role=\"assistant\" data-message-id=\"22f8283b-3233-46ff-89a5-c7a41b33abda\">\n<div class=\"flex w-full flex-col gap-1 empty:hidden first:pt-[3px]\">\n<div class=\"markdown prose w-full break-words dark:prose-invert light\">\n<p>Nous travaillons en partenariat avec UPS, DHL, FedEx, DPD et d'autres transporteurs de premier plan. Nous s\u00e9lectionnerons la meilleure m\u00e9thode d'exp\u00e9dition en fonction de votre lieu de livraison pour que vous receviez vos produits le plus rapidement possible.<\/p>\n<\/div>\n<p><strong>Combien de temps faut-il pour arriver ?<\/strong><\/p>\n<p>Les colis exp\u00e9di\u00e9s en France arrivent g\u00e9n\u00e9ralement sous 10 jours ouvrables. L'exp\u00e9dition vers les pays europ\u00e9ens prend g\u00e9n\u00e9ralement environ 12 \u00e0 15 jours ouvrables. Nous vous fournirons des mises \u00e0 jour en temps r\u00e9el sur l'\u00e9tat de votre envoi.<\/p>\n<\/div>\n<p><strong>Garantie<\/strong><\/p>\n<p><span style=\"color: #ff0000\"><strong>Tous les produits de notre magasin sont garantis 100% originaux et authentiques. Nous offrons 10 fois le montant en compensation pour les produits contrefaits !<\/strong><\/span><\/p>\n<div class=\"flex w-full flex-col gap-1 empty:hidden first:pt-[3px]\">\n<p>&nbsp;<\/p>\n<\/div>\n<\/div>\n<\/div>\n<\/div>\n<\/div>\n<p>&nbsp;<\/p>\n<p>Autres vapes en vente que vous pourriez aimer :<\/p>\n<p>&nbsp;<\/p>\n<p><a href=\"https:\/\/rmvapesale.com\/fr\/product\/original-randm-vape-digital-puff-12000-fumot-factory-price\/\"><strong>VOZOL Gear 20000 Puffs\u00a0 <span style=\"color: #ff0000\">&gt;&gt;&gt;&gt;allez!<\/span><\/strong><\/a><\/p>\n<p><strong><a href=\"https:\/\/rmvapesale.com\/fr\/product\/uzy-bang-king-12000-puffs-disposable-vape-20-flavors\/\">UZY Bang King 12000 Puffs <span style=\"color: #ff0000\">&gt;&gt;&gt;&gt;allez!<\/span><\/a>\u00a0<\/strong><\/p>\n<p><a href=\"https:\/\/rmvapesale.com\/fr\/product\/vapme-crystal-7000-puffs-rechargeable-disposable-vape-price\/\"><strong>Vapme Crystal 7000 bouff\u00e9es <span style=\"color: #ff0000\">&gt;&gt;&gt;&gt;allez!<\/span><\/strong><\/a><\/p>\n<p>&nbsp;<\/p>\n<p>&nbsp;<\/p>\n<p>Trouvez plus de produits de vape que vous pourriez aimer :<strong><em><a href=\"https:\/\/rmvapesale.com\/fr\/shop-2\/\">Achetez maintenant &gt;&gt;&gt;<\/a><\/em><\/strong><\/p>","protected":false},"excerpt":{"rendered":"<p>UZY Vaper 9000 Puffs Cigarette \u00e9lectronique jetable 15 saveurs en stock<br \/>\nUZY Vaper 9000 Puffs 0% 2% 3% 5% de nicotine rechargeable<br \/>\nVente en gros en usine UZY Vaper 9000 Puffs Cigarette \u00e9lectronique<\/p>\n<p><strong>Contactez Amy pour plus de r\u00e9ductions et une bonne r\u00e9ponse<\/strong><\/p>\n<p><img loading=\"lazy\" decoding=\"async\" class=\"size-full wp-image-1978\" src=\"https:\/\/rmvapesale.com\/wp-content\/uploads\/2024\/09\/Disposable-Vape-Wholesale.jpg\" alt=\"Vente en gros de vapes jetables\" width=\"229\" height=\"300\" \/><\/p>\n<h3><span style=\"color: #ff0000\"><strong>WhatsApp: +86 17776015835<\/strong><\/span><\/h3>","protected":false},"featured_media":2248,"comment_status":"open","ping_status":"closed","template":"","meta":{"_uag_custom_page_level_css":"","_lmt_disableupdate":"no","_lmt_disable":"","site-sidebar-layout":"default","site-content-layout":"content-boxed-container","ast-site-content-layout":"normal-width-container","site-content-style":"boxed","site-sidebar-style":"unboxed","ast-global-header-display":"","ast-banner-title-visibility":"","ast-main-header-display":"","ast-hfb-above-header-display":"","ast-hfb-below-header-display":"","ast-hfb-mobile-header-display":"","site-post-title":"","ast-breadcrumbs-content":"","ast-featured-img":"","footer-sml-layout":"","ast-disable-related-posts":"","theme-transparent-header-meta":"default","adv-header-id-meta":"","stick-header-meta":"","header-above-stick-meta":"","header-main-stick-meta":"","header-below-stick-meta":"","astra-migrate-meta-layouts":"set","ast-page-background-enabled":"default","ast-page-background-meta":{"desktop":{"background-color":"var(--ast-global-color-4)","background-image":"","background-repeat":"repeat","background-position":"center center","background-size":"auto","background-attachment":"scroll","background-type":"","background-media":"","overlay-type":"","overlay-color":"","overlay-opacity":"","overlay-gradient":""},"tablet":{"background-color":"","background-image":"","background-repeat":"repeat","background-position":"center center","background-size":"auto","background-attachment":"scroll","background-type":"","background-media":"","overlay-type":"","overlay-color":"","overlay-opacity":"","overlay-gradient":""},"mobile":{"background-color":"","background-image":"","background-repeat":"repeat","background-position":"center center","background-size":"auto","background-attachment":"scroll","background-type":"","background-media":"","overlay-type":"","overlay-color":"","overlay-opacity":"","overlay-gradient":""}},"ast-content-background-meta":{"desktop":{"background-color":"var(--ast-global-color-5)","background-image":"","background-repeat":"repeat","background-position":"center center","background-size":"auto","background-attachment":"scroll","background-type":"","background-media":"","overlay-type":"","overlay-color":"","overlay-opacity":"","overlay-gradient":""},"tablet":{"background-color":"var(--ast-global-color-5)","background-image":"","background-repeat":"repeat","background-position":"center center","background-size":"auto","background-attachment":"scroll","background-type":"","background-media":"","overlay-type":"","overlay-color":"","overlay-opacity":"","overlay-gradient":""},"mobile":{"background-color":"var(--ast-global-color-5)","background-image":"","background-repeat":"repeat","background-position":"center center","background-size":"auto","background-attachment":"scroll","background-type":"","background-media":"","overlay-type":"","overlay-color":"","overlay-opacity":"","overlay-gradient":""}},"_joinchat":[]},"product_brand":[],"product_cat":[15,52,27,25,123,293,30,26,28,295,137,136,135,287],"product_tag":[99,111,105,117,116],"class_list":{"0":"post-2253","1":"product","2":"type-product","3":"status-publish","4":"has-post-thumbnail","6":"product_cat-new-vape-this-week","7":"product_cat-9000-puffs-disposable-vapes","8":"product_cat-fance-hot-sale-vape","9":"product_cat-germany-best-selling-vape","10":"product_cat-italy-wholesale-vape","11":"product_cat-low-nicotine-disposable-vapes","12":"product_cat-minimum-order-quantity-50pcs","13":"product_cat-netherlands-hot-sale-vape","14":"product_cat-poland-hot-sale-vape","15":"product_cat-rechargeable-disposable-vapes","16":"product_cat-rechargeable-vapes","17":"product_cat-smart-screen-vapes","18":"product_cat-spain-best-hot-sale-vape","19":"product_cat-uzy-vape","20":"product_tag-disposable-vape-wholesale","21":"product_tag-low-nicotine-disposable-vape","22":"product_tag-nicotine-free-disposable-vape","23":"product_tag-uzy-vape","24":"product_tag-vapes","25":"desktop-align-left","26":"tablet-align-left","27":"mobile-align-left","29":"first","30":"instock","31":"sale","32":"shipping-taxable","33":"purchasable","34":"product-type-simple"},"uagb_featured_image_src":{"full":["https:\/\/rmvapesale.com\/wp-content\/uploads\/2024\/09\/UZY-Vaper-9000-Puffs-Disposable-Vape-Pod.jpg",800,800,false],"thumbnail":["https:\/\/rmvapesale.com\/wp-content\/uploads\/2024\/09\/UZY-Vaper-9000-Puffs-Disposable-Vape-Pod-150x150.jpg",150,150,true],"medium":["https:\/\/rmvapesale.com\/wp-content\/uploads\/2024\/09\/UZY-Vaper-9000-Puffs-Disposable-Vape-Pod-300x300.jpg",300,300,true],"medium_large":["https:\/\/rmvapesale.com\/wp-content\/uploads\/2024\/09\/UZY-Vaper-9000-Puffs-Disposable-Vape-Pod-768x768.jpg",768,768,true],"large":["https:\/\/rmvapesale.com\/wp-content\/uploads\/2024\/09\/UZY-Vaper-9000-Puffs-Disposable-Vape-Pod.jpg",800,800,false],"1536x1536":["https:\/\/rmvapesale.com\/wp-content\/uploads\/2024\/09\/UZY-Vaper-9000-Puffs-Disposable-Vape-Pod.jpg",800,800,false],"2048x2048":["https:\/\/rmvapesale.com\/wp-content\/uploads\/2024\/09\/UZY-Vaper-9000-Puffs-Disposable-Vape-Pod.jpg",800,800,false],"trp-custom-language-flag":["https:\/\/rmvapesale.com\/wp-content\/uploads\/2024\/09\/UZY-Vaper-9000-Puffs-Disposable-Vape-Pod.jpg",12,12,false],"woocommerce_thumbnail":["https:\/\/rmvapesale.com\/wp-content\/uploads\/2024\/09\/UZY-Vaper-9000-Puffs-Disposable-Vape-Pod-300x300.jpg",300,300,true],"woocommerce_single":["https:\/\/rmvapesale.com\/wp-content\/uploads\/2024\/09\/UZY-Vaper-9000-Puffs-Disposable-Vape-Pod-600x600.jpg",600,600,true],"woocommerce_gallery_thumbnail":["https:\/\/rmvapesale.com\/wp-content\/uploads\/2024\/09\/UZY-Vaper-9000-Puffs-Disposable-Vape-Pod-100x100.jpg",100,100,true],"wcpr-photo-reviews":["https:\/\/rmvapesale.com\/wp-content\/uploads\/2024\/09\/UZY-Vaper-9000-Puffs-Disposable-Vape-Pod.jpg",500,500,false]},"uagb_author_info":{"display_name":"AMY","author_link":"https:\/\/rmvapesale.com\/fr\/author\/"},"uagb_comment_info":0,"uagb_excerpt":"UZY Vaper 9000 Puffs Disposable Vape 15 Flavors in Stock UZY Vaper 9000 Puffs 0% 2% 3% 5% Nicotine Rechargeable Factory Wholesale UZY Vaper 9000 Puffs Vape Pod Contact Amy For More Discount And Right Reply WhatsApp: +86 17776015835","_links":{"self":[{"href":"https:\/\/rmvapesale.com\/fr\/wp-json\/wp\/v2\/product\/2253","targetHints":{"allow":["GET"]}}],"collection":[{"href":"https:\/\/rmvapesale.com\/fr\/wp-json\/wp\/v2\/product"}],"about":[{"href":"https:\/\/rmvapesale.com\/fr\/wp-json\/wp\/v2\/types\/product"}],"replies":[{"embeddable":true,"href":"https:\/\/rmvapesale.com\/fr\/wp-json\/wp\/v2\/comments?post=2253"}],"wp:featuredmedia":[{"embeddable":true,"href":"https:\/\/rmvapesale.com\/fr\/wp-json\/wp\/v2\/media\/2248"}],"wp:attachment":[{"href":"https:\/\/rmvapesale.com\/fr\/wp-json\/wp\/v2\/media?parent=2253"}],"wp:term":[{"taxonomy":"product_brand","embeddable":true,"href":"https:\/\/rmvapesale.com\/fr\/wp-json\/wp\/v2\/product_brand?post=2253"},{"taxonomy":"product_cat","embeddable":true,"href":"https:\/\/rmvapesale.com\/fr\/wp-json\/wp\/v2\/product_cat?post=2253"},{"taxonomy":"product_tag","embeddable":true,"href":"https:\/\/rmvapesale.com\/fr\/wp-json\/wp\/v2\/product_tag?post=2253"}],"curies":[{"name":"wp","href":"https:\/\/api.w.org\/{rel}","templated":true}]}}