{"id":2276,"date":"2024-10-06T07:06:42","date_gmt":"2024-10-06T07:06:42","guid":{"rendered":"https:\/\/rmvapesale.com\/?post_type=product&#038;p=2276"},"modified":"2025-01-21T09:59:29","modified_gmt":"2025-01-21T09:59:29","slug":"aivono-aim-boom-25000-puffs-smart-screen-disposable-vape","status":"publish","type":"product","link":"https:\/\/rmvapesale.com\/fr\/product\/aivono-aim-boom-25000-puffs-smart-screen-disposable-vape\/","title":{"rendered":"Vape jetable Aivono Aim Boom 25000 bouff\u00e9es \u00e0 \u00e9cran intelligent"},"content":{"rendered":"<div class=\"B2VR9 CJHX3e\">\n<div class=\"wyccme\">\n<h1 class=\"LC20lb MBeuO DKV0Md\">Aivono Aim Boom 25000 Bouff\u00e9es Vape Jetable \u00c9cran Intelligent<\/h1>\n<div class=\"flex-shrink-0 flex flex-col relative items-end\">\n<div>\n<div class=\"pt-0\">\n<div class=\"gizmo-bot-avatar flex h-8 w-8 items-center justify-center overflow-hidden rounded-full\">\n<div class=\"relative p-1 rounded-sm flex items-center justify-center bg-token-main-surface-primary text-token-text-primary h-8 w-8\"><\/div>\n<\/div>\n<\/div>\n<\/div>\n<\/div>\n<div class=\"group\/conversation-turn relative flex w-full min-w-0 flex-col agent-turn\">\n<div class=\"flex-col gap-1 md:gap-3\">\n<div class=\"flex max-w-full flex-col flex-grow\">\n<div class=\"min-h-8 text-message flex w-full flex-col items-end gap-2 whitespace-normal break-words [.text-message+&amp;]:mt-5\" dir=\"auto\" data-message-author-role=\"assistant\" data-message-id=\"871c1362-82be-4876-894c-d28f37ffd3d3\">\n<div class=\"flex w-full flex-col gap-1 empty:hidden first:pt-[3px]\">\n<div class=\"markdown prose w-full break-words dark:prose-invert light\">\n<p>Pr\u00e9sentation du <strong>Vape jetable Aivono Aim Boom 25000 bouff\u00e9es \u00e0 \u00e9cran intelligent<\/strong>, un appareil de pointe con\u00e7u pour la performance, le style et la commodit\u00e9. Aliment\u00e9 par un <strong>batterie rechargeable de 650 mAh<\/strong> \u00e0 <strong>charge rapide Type-C<\/strong>, il garantit une utilisation longue dur\u00e9e avec un temps d'arr\u00eat minimal. Son <strong>d\u00e9bit d'air r\u00e9glable<\/strong> syst\u00e8me vous permet de personnaliser chaque inhalation pour une exp\u00e9rience de vapotage personnalis\u00e9e.<\/p>\n<p>L' <strong>cURL Too many subrequests.<\/strong> offre un affichage clair et convivial pour surveiller la dur\u00e9e de vie de la batterie et l'utilisation, tandis que le <strong>\u00e9cran incurv\u00e9 en 3D<\/strong> am\u00e9liore \u00e0 la fois l'esth\u00e9tique et la praticit\u00e9, offrant un look moderne et \u00e9l\u00e9gant. Avec jusqu'\u00e0 <strong>25 000 bouff\u00e9es<\/strong>, le Aivono Aim Boom est parfait pour ceux qui recherchent un appareil de vapotage \u00e0 haute capacit\u00e9 et \u00e9l\u00e9gant.<\/p>\n<p>&nbsp;<\/p>\n<\/div>\n<\/div>\n<\/div>\n<\/div>\n<\/div>\n<\/div>\n<\/div>\n<\/div>\n<p><strong>Contactez Amy pour obtenir une r\u00e9ponse rapide et plus de vid\u00e9os de produits !<\/strong><\/p>\n<p><img loading=\"lazy\" decoding=\"async\" class=\"size-full wp-image-1978\" src=\"https:\/\/rmvapesale.com\/wp-content\/uploads\/2024\/09\/Disposable-Vape-Wholesale.jpg\" alt=\"Vente en gros de vapes jetables\" width=\"229\" height=\"300\" \/><\/p>\n<h3><span style=\"color: #ff0000\"><strong>WhatsApp: +86 17776015835<\/strong><\/span><\/h3>\n<p>&nbsp;<\/p>\n<h2><\/h2>\n<h2><strong>Caract\u00e9ristiques principales du Aivono Aim Boom 25000 Bouff\u00e9es<\/strong><\/h2>\n<p>Bouff\u00e9es maximales : 25000<br \/>\nMode R\u00e9gulier 25000<br \/>\nMode Puls\u00e9 15000<br \/>\nBatterie rechargeable<br \/>\nCapacit\u00e9 de e-liquide : 28ml<br \/>\nPremier \u00e9cran incurv\u00e9 en 3D au monde<br \/>\nPort de charge USB Type-C<br \/>\nE-liquide \u00e0 base de sel de nicotine 0\/2%\/3%\/5%<br \/>\n10 Saveurs D\u00e9licieuses<br \/>\nDouble bobine en maille<\/p>\n<h2><\/h2>\n<h2><strong>Meilleure saveur pour Aivono Aim Boom 25000 Bouff\u00e9es<\/strong><\/h2>\n<p>La Vape Jetable Aivono Aim Boom 25000 Bouff\u00e9es \u00e0 \u00c9cran Intelligent offre 10 saveurs d\u00e9lectables, choisissez parmi une vari\u00e9t\u00e9 de saveurs, y compris le tabac classique, la menthe fra\u00eeche rafra\u00eechissante et la douceur exotique du raisin, chacune promettant un voyage riche et satisfaisant \u00e0 chaque bouff\u00e9e.<\/p>\n<p>&nbsp;<\/p>\n<p>1. Blue Rancher<span style=\"color: #ff0000\"><strong>&gt;&gt;&gt;&gt; Chaud!<\/strong><\/span><br \/>\n2. Glace aux Framboises Bleues<span style=\"color: #ff0000\"><strong>&gt;&gt;&gt;&gt; Chaud!<\/strong><\/span><br \/>\n3. Green Apple Grape<br \/>\n4. Iced Watermelon Cherry<br \/>\n5. Melon Lemon<br \/>\n6. Miami Mint<br \/>\n7. Raspberry Peach Lime<br \/>\n8. Sour Mango Pineapple<br \/>\n9. Strawberry B-Pop<span style=\"color: #ff0000\"><strong>&gt;&gt;&gt;&gt; Le meilleur !<\/strong><\/span><br \/>\n10. Watermelon Ice<\/p>\n<figure id=\"attachment_2277\" aria-describedby=\"caption-attachment-2277\" style=\"width: 808px\" class=\"wp-caption alignnone\"><img loading=\"lazy\" decoding=\"async\" class=\"wp-image-2277 size-full\" src=\"https:\/\/rmvapesale.com\/wp-content\/uploads\/2024\/09\/Aivono-Aim-Boom-25000-Puffs-Flavour.png\" alt=\"Saveur Aivono Aim Boom 25000 Bouff\u00e9es\" width=\"808\" height=\"808\" srcset=\"https:\/\/rmvapesale.com\/wp-content\/uploads\/2024\/09\/Aivono-Aim-Boom-25000-Puffs-Flavour.png 808w, https:\/\/rmvapesale.com\/wp-content\/uploads\/2024\/09\/Aivono-Aim-Boom-25000-Puffs-Flavour-300x300.png 300w, https:\/\/rmvapesale.com\/wp-content\/uploads\/2024\/09\/Aivono-Aim-Boom-25000-Puffs-Flavour-150x150.png 150w, https:\/\/rmvapesale.com\/wp-content\/uploads\/2024\/09\/Aivono-Aim-Boom-25000-Puffs-Flavour-768x768.png 768w, https:\/\/rmvapesale.com\/wp-content\/uploads\/2024\/09\/Aivono-Aim-Boom-25000-Puffs-Flavour-600x600.png 600w, https:\/\/rmvapesale.com\/wp-content\/uploads\/2024\/09\/Aivono-Aim-Boom-25000-Puffs-Flavour-100x100.png 100w\" sizes=\"auto, (max-width: 808px) 100vw, 808px\" \/><figcaption id=\"caption-attachment-2277\" class=\"wp-caption-text\">Saveur Aivono Aim Boom 25000 Bouff\u00e9es<\/figcaption><\/figure>\n<h2><strong>Questions que vous pourriez vous poser sur la Vape Aivono Aim Boom 25000 Bouff\u00e9es<\/strong><\/h2>\n<p>&nbsp;<\/p>\n<div class=\"flex-shrink-0 flex flex-col relative items-end\">\n<div>\n<div class=\"pt-0\">\n<div class=\"gizmo-bot-avatar flex h-8 w-8 items-center justify-center overflow-hidden rounded-full\">\n<div class=\"relative p-1 rounded-sm flex items-center justify-center bg-token-main-surface-primary text-token-text-primary h-8 w-8\"><\/div>\n<\/div>\n<\/div>\n<\/div>\n<\/div>\n<div class=\"group\/conversation-turn relative flex w-full min-w-0 flex-col agent-turn\">\n<div class=\"flex-col gap-1 md:gap-3\">\n<div class=\"flex max-w-full flex-col flex-grow\">\n<div class=\"min-h-8 text-message flex w-full flex-col items-end gap-2 whitespace-normal break-words [.text-message+&amp;]:mt-5\" dir=\"auto\" data-message-author-role=\"assistant\" data-message-id=\"f226d3fc-81f3-46d5-8c46-31787fff0357\">\n<div class=\"flex w-full flex-col gap-1 empty:hidden first:pt-[3px]\">\n<div class=\"markdown prose w-full break-words dark:prose-invert light\">\n<p><strong>1.Combien de bouff\u00e9es offre la Vape Aivono Aim Boom 25000 Bouff\u00e9es<\/strong><strong>\u00a0fournit-il ?<\/strong><br \/>\nLa Vape Aivono Aim Boom 25000 Bouff\u00e9es offre jusqu'\u00e0 2500 bouff\u00e9es, d\u00e9passant de loin la capacit\u00e9 des vapes jetables typiques.<\/p>\n<p><strong>2.Quelles saveurs sont disponibles dans le stylo \u00e0 vape Aivono Aim Boom 25000 Bouff\u00e9es ?<\/strong><br \/>\nLes saveurs populaires incluent Blue Razz Ice, Miami Mint, Raspberry Peach Lime, Sour Mango Pineapple, Watermelon Ice, etc.<\/p>\n<p><strong>3.La Vape Aivono Aim Boom 25000 Bouff\u00e9es convient-elle aux d\u00e9butants ?<\/strong><br \/>\nOui, il est parfait pour les d\u00e9butants avec sa conception simple et sans bouton : il suffit d'inspirer pour commencer \u00e0 vapoter.<\/p>\n<p><strong>4. Comment dois-je stocker ma vape jetable ?<\/strong><br \/>\nConservez votre appareil dans un endroit frais et sec, \u00e0 l'abri de la lumi\u00e8re directe du soleil et hors de port\u00e9e des enfants et des animaux domestiques.<\/p>\n<p><strong>Combien de temps dure la cigarette \u00e9lectronique Aivono Aim Boom 25000 Puffs ?<\/strong><br \/>\nAvec une capacit\u00e9 de 25000 bouff\u00e9es, la cigarette \u00e9lectronique Aivono Aim Boom 25000 Puffs peut durer plusieurs jours, selon l'utilisation.<\/p>\n<\/div>\n<\/div>\n<\/div>\n<\/div>\n<\/div>\n<\/div>\n<p>&nbsp;<\/p>\n<h3><b>FAQs<\/b><\/h3>\n<p>&nbsp;<\/p>\n<div class=\"flex-shrink-0 flex flex-col relative items-end\">\n<div>\n<div class=\"pt-0\">\n<div class=\"gizmo-bot-avatar flex h-8 w-8 items-center justify-center overflow-hidden rounded-full\">\n<div class=\"relative p-1 rounded-sm flex items-center justify-center bg-token-main-surface-primary text-token-text-primary h-8 w-8\"><strong>Quelles m\u00e9thodes d'exp\u00e9dition sont utilis\u00e9es ?<\/strong><\/div>\n<\/div>\n<\/div>\n<\/div>\n<\/div>\n<div class=\"group\/conversation-turn relative flex w-full min-w-0 flex-col agent-turn\">\n<div class=\"flex-col gap-1 md:gap-3\">\n<div class=\"flex max-w-full flex-col flex-grow\">\n<div class=\"min-h-[20px] text-message flex w-full flex-col items-end gap-2 whitespace-normal break-words [.text-message+&amp;]:mt-5 overflow-x-auto\" dir=\"auto\" data-message-author-role=\"assistant\" data-message-id=\"22f8283b-3233-46ff-89a5-c7a41b33abda\">\n<div class=\"flex w-full flex-col gap-1 empty:hidden first:pt-[3px]\">\n<div class=\"markdown prose w-full break-words dark:prose-invert light\">\n<p>Nous travaillons en partenariat avec UPS, DHL, FedEx, DPD et d'autres transporteurs de premier plan. Nous s\u00e9lectionnerons la meilleure m\u00e9thode d'exp\u00e9dition en fonction de votre lieu de livraison pour que vous receviez vos produits le plus rapidement possible.<\/p>\n<\/div>\n<p><strong>Combien de temps faut-il pour arriver ?<\/strong><\/p>\n<p>Les colis exp\u00e9di\u00e9s en France arrivent g\u00e9n\u00e9ralement sous 10 jours ouvrables. L'exp\u00e9dition vers les pays europ\u00e9ens prend g\u00e9n\u00e9ralement environ 12 \u00e0 15 jours ouvrables. Nous vous fournirons des mises \u00e0 jour en temps r\u00e9el sur l'\u00e9tat de votre envoi.<\/p>\n<\/div>\n<p><strong>Garantie<\/strong><\/p>\n<p><span style=\"color: #ff0000\"><strong>Tous les produits de notre magasin sont garantis 100% originaux et authentiques. Nous offrons 10 fois le montant en compensation pour les produits contrefaits !<\/strong><\/span><\/p>\n<div class=\"flex w-full flex-col gap-1 empty:hidden first:pt-[3px]\">\n<p>&nbsp;<\/p>\n<\/div>\n<\/div>\n<\/div>\n<\/div>\n<\/div>\n<p>&nbsp;<\/p>\n<p>Autres vapes en vente que vous pourriez aimer :<\/p>\n<p>&nbsp;<\/p>\n<p><a href=\"https:\/\/rmvapesale.com\/fr\/product\/mesii-visual-box-16000-puffs-disposable-vape-full-screen\/\"><strong>MESii Visual Box 16000 Puffs\u00a0 <span style=\"color: #ff0000\">&gt;&gt;&gt;&gt; C'est parti !<\/span><\/strong><\/a><\/p>\n<p><strong><a href=\"https:\/\/rmvapesale.com\/fr\/product\/uzy-qute-800-puffs-disposable-vape-original-wholesale\/\">UZY QUTE 800 Puffs <span style=\"color: #ff0000\">&gt;&gt;&gt;&gt; C'est parti !<\/span><\/a>\u00a0<\/strong><\/p>\n<p><a href=\"https:\/\/rmvapesale.com\/fr\/product\/vapme-crystal-7000-puffs-rechargeable-disposable-vape-price\/\"><strong>Vapme Crystal 7000 bouff\u00e9es <span style=\"color: #ff0000\">&gt;&gt;&gt;&gt; C'est parti !<\/span><\/strong><\/a><\/p>\n<p>&nbsp;<\/p>\n<p>&nbsp;<\/p>\n<p>Trouvez plus de produits de vape que vous pourriez aimer :<strong><em><a href=\"https:\/\/rmvapesale.com\/fr\/shop-2\/\">Achetez maintenant &gt;&gt;&gt;<\/a><\/em><\/strong><\/p>","protected":false},"excerpt":{"rendered":"<p>Aivono Aim Boom 25000 Bouff\u00e9es Cigarettes \u00c9lectroniques \u00e0 \u00c9cran Intelligent<br \/>\nAim Boom 25000 Bouff\u00e9es Vape Jetable \u00c9cran Intelligent Vente en Gros<br \/>\nAivono Aim Boom 25000 Bouff\u00e9es Vape Jetable \u00c9cran Intelligent Saveur<\/p>\n<p><img loading=\"lazy\" decoding=\"async\" class=\"size-full wp-image-1978\" src=\"https:\/\/rmvapesale.com\/wp-content\/uploads\/2024\/09\/Disposable-Vape-Wholesale.jpg\" alt=\"Vente en gros de vapes jetables\" width=\"229\" height=\"300\" \/><\/p>\n<h3><span style=\"color: #ff0000\"><strong>WhatsApp: +86 17776015835<\/strong><\/span><\/h3>\n<p>&nbsp;<\/p>","protected":false},"featured_media":2279,"comment_status":"open","ping_status":"closed","template":"","meta":{"_uag_custom_page_level_css":"","_lmt_disableupdate":"no","_lmt_disable":"","site-sidebar-layout":"default","site-content-layout":"content-boxed-container","ast-site-content-layout":"normal-width-container","site-content-style":"boxed","site-sidebar-style":"unboxed","ast-global-header-display":"","ast-banner-title-visibility":"","ast-main-header-display":"","ast-hfb-above-header-display":"","ast-hfb-below-header-display":"","ast-hfb-mobile-header-display":"","site-post-title":"","ast-breadcrumbs-content":"","ast-featured-img":"","footer-sml-layout":"","theme-transparent-header-meta":"default","adv-header-id-meta":"","stick-header-meta":"","header-above-stick-meta":"","header-main-stick-meta":"","header-below-stick-meta":"","astra-migrate-meta-layouts":"set","ast-page-background-enabled":"default","ast-page-background-meta":{"desktop":{"background-color":"var(--ast-global-color-4)","background-image":"","background-repeat":"repeat","background-position":"center center","background-size":"auto","background-attachment":"scroll","background-type":"","background-media":"","overlay-type":"","overlay-color":"","overlay-opacity":"","overlay-gradient":""},"tablet":{"background-color":"","background-image":"","background-repeat":"repeat","background-position":"center center","background-size":"auto","background-attachment":"scroll","background-type":"","background-media":"","overlay-type":"","overlay-color":"","overlay-opacity":"","overlay-gradient":""},"mobile":{"background-color":"","background-image":"","background-repeat":"repeat","background-position":"center center","background-size":"auto","background-attachment":"scroll","background-type":"","background-media":"","overlay-type":"","overlay-color":"","overlay-opacity":"","overlay-gradient":""}},"ast-content-background-meta":{"desktop":{"background-color":"var(--ast-global-color-5)","background-image":"","background-repeat":"repeat","background-position":"center center","background-size":"auto","background-attachment":"scroll","background-type":"","background-media":"","overlay-type":"","overlay-color":"","overlay-opacity":"","overlay-gradient":""},"tablet":{"background-color":"var(--ast-global-color-5)","background-image":"","background-repeat":"repeat","background-position":"center center","background-size":"auto","background-attachment":"scroll","background-type":"","background-media":"","overlay-type":"","overlay-color":"","overlay-opacity":"","overlay-gradient":""},"mobile":{"background-color":"var(--ast-global-color-5)","background-image":"","background-repeat":"repeat","background-position":"center center","background-size":"auto","background-attachment":"scroll","background-type":"","background-media":"","overlay-type":"","overlay-color":"","overlay-opacity":"","overlay-gradient":""}},"_joinchat":[]},"product_brand":[],"product_cat":[15,289,292,293,295,299,276,256,25,123,26,28,135,27,137,136,30],"product_tag":[66,99,87,115,120,116],"class_list":{"0":"post-2276","1":"product","2":"type-product","3":"status-publish","4":"has-post-thumbnail","6":"product_cat-new-vape-this-week","7":"product_cat-big-puffs-disposable-vapes","8":"product_cat-digital-disposable-vapes","9":"product_cat-low-nicotine-disposable-vapes","10":"product_cat-rechargeable-disposable-vapes","11":"product_cat-smart-screen-disposable-vapes","12":"product_cat-aivono-vape","13":"product_cat-25000-puff-disposable-vape","14":"product_cat-germany-best-selling-vape","15":"product_cat-italy-wholesale-vape","16":"product_cat-netherlands-hot-sale-vape","17":"product_cat-poland-hot-sale-vape","18":"product_cat-spain-best-hot-sale-vape","19":"product_cat-fance-hot-sale-vape","20":"product_cat-rechargeable-vapes","21":"product_cat-smart-screen-vapes","22":"product_cat-minimum-order-quantity-50pcs","23":"product_tag-disposable-vape","24":"product_tag-disposable-vape-wholesale","25":"product_tag-puff-25k","26":"product_tag-smart-screen-disposable-vape","27":"product_tag-vape-wholesale","28":"product_tag-vapes","29":"desktop-align-left","30":"tablet-align-left","31":"mobile-align-left","33":"first","34":"instock","35":"sale","36":"shipping-taxable","37":"purchasable","38":"product-type-simple"},"uagb_featured_image_src":{"full":["https:\/\/rmvapesale.com\/wp-content\/uploads\/2024\/09\/Aivono-Aim-Boom-25000-Puffs-Star-Flexible-Screen-Vape.png",808,808,false],"thumbnail":["https:\/\/rmvapesale.com\/wp-content\/uploads\/2024\/09\/Aivono-Aim-Boom-25000-Puffs-Star-Flexible-Screen-Vape-150x150.png",150,150,true],"medium":["https:\/\/rmvapesale.com\/wp-content\/uploads\/2024\/09\/Aivono-Aim-Boom-25000-Puffs-Star-Flexible-Screen-Vape-300x300.png",300,300,true],"medium_large":["https:\/\/rmvapesale.com\/wp-content\/uploads\/2024\/09\/Aivono-Aim-Boom-25000-Puffs-Star-Flexible-Screen-Vape-768x768.png",768,768,true],"large":["https:\/\/rmvapesale.com\/wp-content\/uploads\/2024\/09\/Aivono-Aim-Boom-25000-Puffs-Star-Flexible-Screen-Vape.png",808,808,false],"1536x1536":["https:\/\/rmvapesale.com\/wp-content\/uploads\/2024\/09\/Aivono-Aim-Boom-25000-Puffs-Star-Flexible-Screen-Vape.png",808,808,false],"2048x2048":["https:\/\/rmvapesale.com\/wp-content\/uploads\/2024\/09\/Aivono-Aim-Boom-25000-Puffs-Star-Flexible-Screen-Vape.png",808,808,false],"trp-custom-language-flag":["https:\/\/rmvapesale.com\/wp-content\/uploads\/2024\/09\/Aivono-Aim-Boom-25000-Puffs-Star-Flexible-Screen-Vape.png",12,12,false],"woocommerce_thumbnail":["https:\/\/rmvapesale.com\/wp-content\/uploads\/2024\/09\/Aivono-Aim-Boom-25000-Puffs-Star-Flexible-Screen-Vape-300x300.png",300,300,true],"woocommerce_single":["https:\/\/rmvapesale.com\/wp-content\/uploads\/2024\/09\/Aivono-Aim-Boom-25000-Puffs-Star-Flexible-Screen-Vape-600x600.png",600,600,true],"woocommerce_gallery_thumbnail":["https:\/\/rmvapesale.com\/wp-content\/uploads\/2024\/09\/Aivono-Aim-Boom-25000-Puffs-Star-Flexible-Screen-Vape-100x100.png",100,100,true],"wcpr-photo-reviews":["https:\/\/rmvapesale.com\/wp-content\/uploads\/2024\/09\/Aivono-Aim-Boom-25000-Puffs-Star-Flexible-Screen-Vape.png",500,500,false]},"uagb_author_info":{"display_name":"AMY","author_link":"https:\/\/rmvapesale.com\/fr\/author\/"},"uagb_comment_info":0,"uagb_excerpt":"Aivono Aim Boom 25000 Puffs Smart Screen E Cigarettes Aim Boom 25000 Puffs Smart Screen Disposable Vape Wholesale Aivono Aim Boom 25000 Smart Screen Disposalbe Vape Flavour WhatsApp: +86 17776015835 &nbsp;","_links":{"self":[{"href":"https:\/\/rmvapesale.com\/fr\/wp-json\/wp\/v2\/product\/2276","targetHints":{"allow":["GET"]}}],"collection":[{"href":"https:\/\/rmvapesale.com\/fr\/wp-json\/wp\/v2\/product"}],"about":[{"href":"https:\/\/rmvapesale.com\/fr\/wp-json\/wp\/v2\/types\/product"}],"replies":[{"embeddable":true,"href":"https:\/\/rmvapesale.com\/fr\/wp-json\/wp\/v2\/comments?post=2276"}],"wp:featuredmedia":[{"embeddable":true,"href":"https:\/\/rmvapesale.com\/fr\/wp-json\/wp\/v2\/media\/2279"}],"wp:attachment":[{"href":"https:\/\/rmvapesale.com\/fr\/wp-json\/wp\/v2\/media?parent=2276"}],"wp:term":[{"taxonomy":"product_brand","embeddable":true,"href":"https:\/\/rmvapesale.com\/fr\/wp-json\/wp\/v2\/product_brand?post=2276"},{"taxonomy":"product_cat","embeddable":true,"href":"https:\/\/rmvapesale.com\/fr\/wp-json\/wp\/v2\/product_cat?post=2276"},{"taxonomy":"product_tag","embeddable":true,"href":"https:\/\/rmvapesale.com\/fr\/wp-json\/wp\/v2\/product_tag?post=2276"}],"curies":[{"name":"wp","href":"https:\/\/api.w.org\/{rel}","templated":true}]}}