{"id":2298,"date":"2024-10-08T08:30:16","date_gmt":"2024-10-08T08:30:16","guid":{"rendered":"https:\/\/rmvapesale.com\/?post_type=product&#038;p=2298"},"modified":"2025-01-14T09:46:47","modified_gmt":"2025-01-14T09:46:47","slug":"uwin-crystal-10000-puff-disposable-vape-wholesale-price","status":"publish","type":"product","link":"https:\/\/rmvapesale.com\/fr\/product\/uwin-crystal-10000-puff-disposable-vape-wholesale-price\/","title":{"rendered":"UWIN CRYSTAL 10000 Bouff\u00e9es Vape Jetable Prix de Gros"},"content":{"rendered":"<div class=\"B2VR9 CJHX3e\">\n<div class=\"wyccme\">\n<h1 class=\"LC20lb MBeuO DKV0Md\">UWIN CRYSTAL 10000 Bouff\u00e9es Vape Jetable Prix de Gros<\/h1>\n<div class=\"flex-shrink-0 flex flex-col relative items-end\">\n<div>\n<div class=\"pt-0\">\n<div class=\"gizmo-bot-avatar flex h-8 w-8 items-center justify-center overflow-hidden rounded-full\">\n<div class=\"relative p-1 rounded-sm flex items-center justify-center bg-token-main-surface-primary text-token-text-primary h-8 w-8\"><\/div>\n<\/div>\n<\/div>\n<\/div>\n<\/div>\n<div class=\"group\/conversation-turn relative flex w-full min-w-0 flex-col agent-turn\">\n<div class=\"flex-col gap-1 md:gap-3\">\n<div class=\"flex max-w-full flex-col flex-grow\">\n<div class=\"min-h-8 text-message flex w-full flex-col items-end gap-2 whitespace-normal break-words [.text-message+&amp;]:mt-5\" dir=\"auto\" data-message-author-role=\"assistant\" data-message-id=\"871c1362-82be-4876-894c-d28f37ffd3d3\">\n<div class=\"flex w-full flex-col gap-1 empty:hidden first:pt-[3px]\">\n<div class=\"markdown prose w-full break-words dark:prose-invert light\">\n<p>Le UWIN CRYSTAL 10000 Puff Vape Jetable disponible en Gros sur rmvapesale maintenant ! Ce pod vape est votre choix ultime pour une exp\u00e9rience de vapotage haut de gamme ! Avec des options de nicotine 0%, 2%, 3% ou 5%, cet appareil s'adapte \u00e0 une vari\u00e9t\u00e9 de pr\u00e9f\u00e9rences. Chaque unit\u00e9 offre une impressionnante capacit\u00e9 de 10 000 bouff\u00e9es et une capacit\u00e9 g\u00e9n\u00e9reuse de 18 ml, garantissant un plaisir durable.<\/p>\n<p>Con\u00e7u pour la commodit\u00e9, le UWIN CRYSTAL 10K dispose d'une batterie rechargeable de 650 mAh avec un port type-C cobalt, et une r\u00e9sistance en mesh de 0,8 ohm pour une livraison optimale de saveur. Id\u00e9al pour les acheteurs en gros. Les lumi\u00e8res RGB vibrantes ajoutent une touche de style, tandis que les 15 saveurs disponibles r\u00e9pondent \u00e0 tous les go\u00fbts.<\/p>\n<p>\u00c9levez votre niveau de vapotage avec le prix de gros du UWIN CRYSTAL 10000 Puff Vape Jetable aujourd'hui !<\/p>\n<p>&nbsp;<\/p>\n<\/div>\n<\/div>\n<\/div>\n<\/div>\n<\/div>\n<\/div>\n<\/div>\n<\/div>\n<p><strong>Contactez Amy pour obtenir une r\u00e9ponse rapide et plus de vid\u00e9os de produits !<\/strong><\/p>\n<p><img loading=\"lazy\" decoding=\"async\" class=\"size-full wp-image-1978\" src=\"https:\/\/rmvapesale.com\/wp-content\/uploads\/2024\/09\/Disposable-Vape-Wholesale.jpg\" alt=\"Vente en gros de vapes jetables\" width=\"229\" height=\"300\" \/><\/p>\n<h3><a href=\"https:\/\/wa.me\/8617776015835\" target=\"_blank\" rel=\"noopener\"><span style=\"color: #ff0000\"><strong>WhatsApp: +86 17776015835<\/strong><\/span><\/a><\/h3>\n<p>&nbsp;<\/p>\n<h2><\/h2>\n<h2><strong>Caract\u00e9ristiques principales du UWIN CRYSTAL 10000 Puff Vape Jetable<\/strong><\/h2>\n<p>0% 2% 3% 5% Nicotine<br \/>\nBouff\u00e9es:10000<br \/>\nCapacit\u00e9 : 18 ml<br \/>\n200 pcs \/Carton<br \/>\n10 pcs \/Bo\u00eete<br \/>\n15 saveurs disponibles<br \/>\nPort rechargeable de 650 mAh de type-C cobalt<br \/>\nR\u00e9sistance : r\u00e9sistance en mesh de 0,8 ohm<br \/>\nChaque carton : 17,3 kg<br \/>\nTaille du carton : 36,5*36,7*31,5 CM<br \/>\nLUMI\u00c8RES RGB<\/p>\n<p><img loading=\"lazy\" decoding=\"async\" class=\"wp-image-2958 size-full\" src=\"https:\/\/rmvapesale.com\/wp-content\/uploads\/2025\/01\/Uwin-Crystal-10000-Disposable-Vape-Bulk-Buy.webp\" alt=\"Achat en gros de 10 000 cigarettes \u00e9lectroniques jetables Uwin Crystal\" width=\"1000\" height=\"1000\" srcset=\"https:\/\/rmvapesale.com\/wp-content\/uploads\/2025\/01\/Uwin-Crystal-10000-Disposable-Vape-Bulk-Buy.webp 1000w, https:\/\/rmvapesale.com\/wp-content\/uploads\/2025\/01\/Uwin-Crystal-10000-Disposable-Vape-Bulk-Buy-300x300.webp 300w, https:\/\/rmvapesale.com\/wp-content\/uploads\/2025\/01\/Uwin-Crystal-10000-Disposable-Vape-Bulk-Buy-150x150.webp 150w, https:\/\/rmvapesale.com\/wp-content\/uploads\/2025\/01\/Uwin-Crystal-10000-Disposable-Vape-Bulk-Buy-768x768.webp 768w, https:\/\/rmvapesale.com\/wp-content\/uploads\/2025\/01\/Uwin-Crystal-10000-Disposable-Vape-Bulk-Buy-600x600.webp 600w, https:\/\/rmvapesale.com\/wp-content\/uploads\/2025\/01\/Uwin-Crystal-10000-Disposable-Vape-Bulk-Buy-100x100.webp 100w\" sizes=\"auto, (max-width: 1000px) 100vw, 1000px\" \/><\/p>\n<h2><\/h2>\n<h2><strong>Meilleure saveur pour le UWIN CRYSTAL 10000 Puff<\/strong><\/h2>\n<p>Le UWIN CRYSTAL 10000 Puff Vape Jetable offre 15 saveurs d\u00e9licieuses, choisissez parmi une vari\u00e9t\u00e9 de saveurs, y compris la menthe rafra\u00eechissante classique, et la douceur exotique du raisin, chacune promettant un voyage riche et satisfaisant \u00e0 chaque bouff\u00e9e.<\/p>\n<p>1.Myrtille Framboise<br \/>\n2. Gla\u00e7on au raisin<span style=\"color: #ff0000\"><strong>&gt;&gt;&gt;&gt; Chaud!<\/strong><\/span><br \/>\n3. Fraise Past\u00e8que<br \/>\n4. Myrtille sur glace<br \/>\n5. Past\u00e8que glac\u00e9e<span style=\"color: #ff0000\"><strong>&gt;&gt;&gt;&gt; Chaud!<\/strong><\/span><br \/>\n6. Cerise glac\u00e9e<br \/>\n7. Fraise framboise cerise<br \/>\n8. Kiwi Fruit de la passion goyave<br \/>\n9. Fraise glac\u00e9e<br \/>\n10. P\u00eache glac\u00e9e<br \/>\n11. Fraise kiwi<br \/>\n12. P\u00eache baie<br \/>\n13. Cola cerise<br \/>\n14. Baie m\u00e9lang\u00e9e<br \/>\n15. M. bleu<span style=\"color: #ff0000\"><strong>&gt;&gt;&gt;&gt; Le meilleur !<\/strong><\/span><\/p>\n<p>&nbsp;<\/p>\n<div class=\"flex-shrink-0 flex flex-col relative items-end\">\n<div>\n<div class=\"pt-0\">\n<div class=\"gizmo-bot-avatar flex h-8 w-8 items-center justify-center overflow-hidden rounded-full\">\n<div class=\"relative p-1 rounded-sm flex items-center justify-center bg-token-main-surface-primary text-token-text-primary h-8 w-8\">\n<h3><b>FAQs<\/b><\/h3>\n<p>&nbsp;<\/p>\n<\/div>\n<\/div>\n<\/div>\n<\/div>\n<\/div>\n<div class=\"group\/conversation-turn relative flex w-full min-w-0 flex-col agent-turn\">\n<div class=\"flex-col gap-1 md:gap-3\">\n<div class=\"flex max-w-full flex-col flex-grow\">\n<div class=\"min-h-8 text-message flex w-full flex-col items-end gap-2 whitespace-normal break-words [.text-message+&amp;]:mt-5\" dir=\"auto\" data-message-author-role=\"assistant\" data-message-id=\"f226d3fc-81f3-46d5-8c46-31787fff0357\">\n<div class=\"flex w-full flex-col gap-1 empty:hidden first:pt-[3px]\">\n<div class=\"markdown prose w-full break-words dark:prose-invert light\">\n<p><strong>Q1 : Quelles sont les forces de nicotine disponibles pour la cigarette \u00e9lectronique jetable UWIN CRYSTAL 10000 bouff\u00e9es ?<\/strong><br \/>\nR1 : La UWIN CRYSTAL propose des options de nicotine de 0%, 2%, 3% et 5%, vous permettant de choisir le niveau qui vous convient le mieux.<\/p>\n<p><strong>Q2 : Combien de bouff\u00e9es puis-je attendre de la cigarette \u00e9lectronique jetable UWIN CRYSTAL 10000 bouff\u00e9es ?<\/strong><br \/>\nR2 : Chaque dispositif offre une impressionnante capacit\u00e9 de 10 000 bouff\u00e9es, ce qui en fait une option durable pour les vapoteurs.<\/p>\n<p><strong>Q3 : Quelle est la capacit\u00e9 de la cigarette \u00e9lectronique UWIN CRYSTAL ?<\/strong><br \/>\nR3 : La UWIN CRYSTAL a une capacit\u00e9 de 18 ml, assurant une quantit\u00e9 suffisante de e-liquide pour une utilisation prolong\u00e9e.<\/p>\n<p><strong>Q4 : Combien de saveurs sont disponibles pour la UWIN CRYSTAL ?<\/strong><br \/>\nR4 : Il y a 15 saveurs passionnantes parmi lesquelles choisir, y compris Myrtille Framboise, Groseille Glac\u00e9e, Fraise Past\u00e8que, et bien d'autres.<\/p>\n<p><strong>Q5 : Le UWIN CRYSTAL est-il rechargeable ?<\/strong><br \/>\nA5 : Oui ! Le UWIN CRYSTAL dispose d'une batterie rechargeable de 650 mAh avec un port Cobalt type-C pratique.<\/p>\n<p><strong>Q6 : Quel type de coil utilise le UWIN CRYSTAL ?<\/strong><br \/>\nA6 : Ce vapoteur utilise une coil en mesh de 0,8 ohm, garantissant une exp\u00e9rience de vapotage fluide et savoureuse.<\/p>\n<p><strong>Q7 : Quelle est la configuration d'emballage pour les commandes en gros ?<\/strong><br \/>\nA7 : Le UWIN CRYSTAL est livr\u00e9 en cartons de 200 pi\u00e8ces, avec 10 vapoteurs par bo\u00eete, id\u00e9al pour les acheteurs en gros.<\/p>\n<p><strong>Q8 : Quel est le prix du vapoteur jetable UWIN CRYSTAL 10000 bouff\u00e9es ?<\/strong><br \/>\nA8 : Pour toute demande de prix, veuillez nous contacter directement pour le prix du vapoteur jetable UWIN CRYSTAL 10000 bouff\u00e9es.<\/p>\n<p><strong>Q9 : Puis-je acheter en gros les pods de vapoteur UWIN CRYSTAL 10000 bouff\u00e9es ?<\/strong><br \/>\nA9 : Absolument ! Nous proposons des prix de gros pour le pod de vapoteur UWIN Crystal 10000 bouff\u00e9es. Pour plus de d\u00e9tails, contactez-nous.<\/p>\n<\/div>\n<\/div>\n<\/div>\n<\/div>\n<\/div>\n<\/div>\n<p>&nbsp;<\/p>\n<h3><\/h3>\n<h3>\u00c0 propos de l'exp\u00e9dition<\/h3>\n<div class=\"flex-shrink-0 flex flex-col relative items-end\">\n<div>\n<div class=\"pt-0\">\n<div class=\"gizmo-bot-avatar flex h-8 w-8 items-center justify-center overflow-hidden rounded-full\">\n<div><\/div>\n<div class=\"relative p-1 rounded-sm flex items-center justify-center bg-token-main-surface-primary text-token-text-primary h-8 w-8\"><strong>1. Quelles m\u00e9thodes d'exp\u00e9dition sont utilis\u00e9es ?<\/strong><\/div>\n<\/div>\n<\/div>\n<\/div>\n<\/div>\n<div class=\"group\/conversation-turn relative flex w-full min-w-0 flex-col agent-turn\">\n<div class=\"flex-col gap-1 md:gap-3\">\n<div class=\"flex max-w-full flex-col flex-grow\">\n<div class=\"min-h-[20px] text-message flex w-full flex-col items-end gap-2 whitespace-normal break-words [.text-message+&amp;]:mt-5 overflow-x-auto\" dir=\"auto\" data-message-author-role=\"assistant\" data-message-id=\"22f8283b-3233-46ff-89a5-c7a41b33abda\">\n<div class=\"flex w-full flex-col gap-1 empty:hidden first:pt-[3px]\">\n<div class=\"markdown prose w-full break-words dark:prose-invert light\">\n<p>Nous travaillons en partenariat avec UPS, DHL, FedEx, DPD et d'autres transporteurs de premier plan. Nous s\u00e9lectionnerons la meilleure m\u00e9thode d'exp\u00e9dition en fonction de votre lieu de livraison pour que vous receviez vos produits le plus rapidement possible.<\/p>\n<\/div>\n<p><strong>2. Combien de temps faut-il pour que cela arrive ?<\/strong><\/p>\n<p>Les colis exp\u00e9di\u00e9s en France arrivent g\u00e9n\u00e9ralement sous 10 jours ouvrables. L'exp\u00e9dition vers les pays europ\u00e9ens prend g\u00e9n\u00e9ralement environ 12 \u00e0 15 jours ouvrables. Nous vous fournirons des mises \u00e0 jour en temps r\u00e9el sur l'\u00e9tat de votre envoi.<\/p>\n<\/div>\n<p><strong>3. Garantie<\/strong><\/p>\n<p><span style=\"color: #ff0000\"><strong>Tous les produits de notre magasin sont garantis 100% originaux et authentiques. Nous offrons 10 fois le montant en compensation pour les produits contrefaits !<\/strong><\/span><\/p>\n<div class=\"flex w-full flex-col gap-1 empty:hidden first:pt-[3px]\">\n<p>&nbsp;<\/p>\n<\/div>\n<\/div>\n<\/div>\n<\/div>\n<\/div>\n<p>&nbsp;<\/p>\n<p>Autres vapes en vente que vous pourriez aimer :<\/p>\n<p><a href=\"https:\/\/rmvapesale.com\/fr\/product\/bang-30k-puffs-disposable-vape-double-taste-wholesale-italy\/\"><strong>Bang 30k Bouff\u00e9es \u00a0<span style=\"color: #ff0000\">&gt;&gt;&gt;&gt; C'est parti !<\/span><\/strong><\/a><\/p>\n<p><strong><a href=\"https:\/\/rmvapesale.com\/fr\/product\/uzy-qute-800-puffs-disposable-vape-original-wholesale\/\">UZY QUTE 800 Puffs <span style=\"color: #ff0000\">&gt;&gt;&gt;&gt; C'est parti !<\/span><\/a>\u00a0<\/strong><\/p>\n<p><a href=\"https:\/\/rmvapesale.com\/fr\/product\/waspe-20000-puffs-dual-mesh-box-disposable-vape\/\"><strong>WASPE 20000 Puffs <span style=\"color: #ff0000\">&gt;&gt;&gt;&gt; C'est parti !<\/span><\/strong><\/a><\/p>\n<p>&nbsp;<\/p>\n<p>&nbsp;<\/p>\n<p>Trouvez plus de produits de vape que vous pourriez aimer :<strong><em><a href=\"https:\/\/rmvapesale.com\/fr\/shop-2\/\">Achetez maintenant &gt;&gt;&gt;<\/a><\/em><\/strong><\/p>","protected":false},"excerpt":{"rendered":"<p>UWIN Crystal 10000 Puff Vape Jetable en Gros<br \/>\nUWIN Crystal 10000 Puff Vape Jetable Achat en Gros Prix<br \/>\nUWIN Crystal 10000 Puff Vape Pod 15 Saveurs en Stock<\/p>\n<p><img loading=\"lazy\" decoding=\"async\" class=\"size-full wp-image-1978\" src=\"https:\/\/rmvapesale.com\/wp-content\/uploads\/2024\/09\/Disposable-Vape-Wholesale.jpg\" alt=\"Vente en gros de vapes jetables\" width=\"229\" height=\"300\" \/><\/p>\n<h3><a href=\"https:\/\/wa.me\/8617776015835\"><span style=\"color: #ff0000\"><strong>WhatsApp: +86 17776015835<\/strong><\/span><\/a><\/h3>\n<p>&nbsp;<\/p>","protected":false},"featured_media":2962,"comment_status":"open","ping_status":"closed","template":"","meta":{"_uag_custom_page_level_css":"","_lmt_disableupdate":"no","_lmt_disable":"","site-sidebar-layout":"default","site-content-layout":"content-boxed-container","ast-site-content-layout":"normal-width-container","site-content-style":"boxed","site-sidebar-style":"unboxed","ast-global-header-display":"","ast-banner-title-visibility":"","ast-main-header-display":"","ast-hfb-above-header-display":"","ast-hfb-below-header-display":"","ast-hfb-mobile-header-display":"","site-post-title":"","ast-breadcrumbs-content":"","ast-featured-img":"","footer-sml-layout":"","ast-disable-related-posts":"","theme-transparent-header-meta":"default","adv-header-id-meta":"","stick-header-meta":"","header-above-stick-meta":"","header-main-stick-meta":"","header-below-stick-meta":"","astra-migrate-meta-layouts":"set","ast-page-background-enabled":"default","ast-page-background-meta":{"desktop":{"background-color":"var(--ast-global-color-4)","background-image":"","background-repeat":"repeat","background-position":"center center","background-size":"auto","background-attachment":"scroll","background-type":"","background-media":"","overlay-type":"","overlay-color":"","overlay-opacity":"","overlay-gradient":""},"tablet":{"background-color":"","background-image":"","background-repeat":"repeat","background-position":"center center","background-size":"auto","background-attachment":"scroll","background-type":"","background-media":"","overlay-type":"","overlay-color":"","overlay-opacity":"","overlay-gradient":""},"mobile":{"background-color":"","background-image":"","background-repeat":"repeat","background-position":"center center","background-size":"auto","background-attachment":"scroll","background-type":"","background-media":"","overlay-type":"","overlay-color":"","overlay-opacity":"","overlay-gradient":""}},"ast-content-background-meta":{"desktop":{"background-color":"var(--ast-global-color-5)","background-image":"","background-repeat":"repeat","background-position":"center center","background-size":"auto","background-attachment":"scroll","background-type":"","background-media":"","overlay-type":"","overlay-color":"","overlay-opacity":"","overlay-gradient":""},"tablet":{"background-color":"var(--ast-global-color-5)","background-image":"","background-repeat":"repeat","background-position":"center center","background-size":"auto","background-attachment":"scroll","background-type":"","background-media":"","overlay-type":"","overlay-color":"","overlay-opacity":"","overlay-gradient":""},"mobile":{"background-color":"var(--ast-global-color-5)","background-image":"","background-repeat":"repeat","background-position":"center center","background-size":"auto","background-attachment":"scroll","background-type":"","background-media":"","overlay-type":"","overlay-color":"","overlay-opacity":"","overlay-gradient":""}},"_joinchat":[]},"product_brand":[],"product_cat":[15,27,25,123,30,26,28],"product_tag":[124,66,101,105,120,116],"class_list":{"0":"post-2298","1":"product","2":"type-product","3":"status-publish","4":"has-post-thumbnail","6":"product_cat-new-vape-this-week","7":"product_cat-fance-hot-sale-vape","8":"product_cat-germany-best-selling-vape","9":"product_cat-italy-wholesale-vape","10":"product_cat-minimum-order-quantity-50pcs","11":"product_cat-netherlands-hot-sale-vape","12":"product_cat-poland-hot-sale-vape","13":"product_tag-crystal-vape","14":"product_tag-disposable-vape","15":"product_tag-led-display-vape","16":"product_tag-nicotine-free-disposable-vape","17":"product_tag-vape-wholesale","18":"product_tag-vapes","19":"desktop-align-left","20":"tablet-align-left","21":"mobile-align-left","23":"first","24":"instock","25":"sale","26":"shipping-taxable","27":"purchasable","28":"product-type-simple"},"uagb_featured_image_src":{"full":["https:\/\/rmvapesale.com\/wp-content\/uploads\/2025\/01\/Uwin-Crystal-10000-Puff-Disposable-Vape-Wholesale-Cheap-Price.webp",1000,1000,false],"thumbnail":["https:\/\/rmvapesale.com\/wp-content\/uploads\/2025\/01\/Uwin-Crystal-10000-Puff-Disposable-Vape-Wholesale-Cheap-Price-150x150.webp",150,150,true],"medium":["https:\/\/rmvapesale.com\/wp-content\/uploads\/2025\/01\/Uwin-Crystal-10000-Puff-Disposable-Vape-Wholesale-Cheap-Price-300x300.webp",300,300,true],"medium_large":["https:\/\/rmvapesale.com\/wp-content\/uploads\/2025\/01\/Uwin-Crystal-10000-Puff-Disposable-Vape-Wholesale-Cheap-Price-768x768.webp",768,768,true],"large":["https:\/\/rmvapesale.com\/wp-content\/uploads\/2025\/01\/Uwin-Crystal-10000-Puff-Disposable-Vape-Wholesale-Cheap-Price.webp",1000,1000,false],"1536x1536":["https:\/\/rmvapesale.com\/wp-content\/uploads\/2025\/01\/Uwin-Crystal-10000-Puff-Disposable-Vape-Wholesale-Cheap-Price.webp",1000,1000,false],"2048x2048":["https:\/\/rmvapesale.com\/wp-content\/uploads\/2025\/01\/Uwin-Crystal-10000-Puff-Disposable-Vape-Wholesale-Cheap-Price.webp",1000,1000,false],"trp-custom-language-flag":["https:\/\/rmvapesale.com\/wp-content\/uploads\/2025\/01\/Uwin-Crystal-10000-Puff-Disposable-Vape-Wholesale-Cheap-Price.webp",12,12,false],"woocommerce_thumbnail":["https:\/\/rmvapesale.com\/wp-content\/uploads\/2025\/01\/Uwin-Crystal-10000-Puff-Disposable-Vape-Wholesale-Cheap-Price-300x300.webp",300,300,true],"woocommerce_single":["https:\/\/rmvapesale.com\/wp-content\/uploads\/2025\/01\/Uwin-Crystal-10000-Puff-Disposable-Vape-Wholesale-Cheap-Price-600x600.webp",600,600,true],"woocommerce_gallery_thumbnail":["https:\/\/rmvapesale.com\/wp-content\/uploads\/2025\/01\/Uwin-Crystal-10000-Puff-Disposable-Vape-Wholesale-Cheap-Price-100x100.webp",100,100,true],"wcpr-photo-reviews":["https:\/\/rmvapesale.com\/wp-content\/uploads\/2025\/01\/Uwin-Crystal-10000-Puff-Disposable-Vape-Wholesale-Cheap-Price.webp",500,500,false]},"uagb_author_info":{"display_name":"AMY","author_link":"https:\/\/rmvapesale.com\/fr\/author\/"},"uagb_comment_info":0,"uagb_excerpt":"UWIN Crystal 10000 Puff Disposable Vape Wholesale UWIN Crystal 10000 Puff Disposable Vape Bulk Buy Price UWIN Crystal 10000 Puff Vape Pod 15 Flavor in Stock WhatsApp: +86 17776015835 &nbsp;","_links":{"self":[{"href":"https:\/\/rmvapesale.com\/fr\/wp-json\/wp\/v2\/product\/2298","targetHints":{"allow":["GET"]}}],"collection":[{"href":"https:\/\/rmvapesale.com\/fr\/wp-json\/wp\/v2\/product"}],"about":[{"href":"https:\/\/rmvapesale.com\/fr\/wp-json\/wp\/v2\/types\/product"}],"replies":[{"embeddable":true,"href":"https:\/\/rmvapesale.com\/fr\/wp-json\/wp\/v2\/comments?post=2298"}],"wp:featuredmedia":[{"embeddable":true,"href":"https:\/\/rmvapesale.com\/fr\/wp-json\/wp\/v2\/media\/2962"}],"wp:attachment":[{"href":"https:\/\/rmvapesale.com\/fr\/wp-json\/wp\/v2\/media?parent=2298"}],"wp:term":[{"taxonomy":"product_brand","embeddable":true,"href":"https:\/\/rmvapesale.com\/fr\/wp-json\/wp\/v2\/product_brand?post=2298"},{"taxonomy":"product_cat","embeddable":true,"href":"https:\/\/rmvapesale.com\/fr\/wp-json\/wp\/v2\/product_cat?post=2298"},{"taxonomy":"product_tag","embeddable":true,"href":"https:\/\/rmvapesale.com\/fr\/wp-json\/wp\/v2\/product_tag?post=2298"}],"curies":[{"name":"wp","href":"https:\/\/api.w.org\/{rel}","templated":true}]}}