{"id":2305,"date":"2024-10-09T03:30:01","date_gmt":"2024-10-09T03:30:01","guid":{"rendered":"https:\/\/rmvapesale.com\/?post_type=product&#038;p=2305"},"modified":"2024-10-09T04:01:03","modified_gmt":"2024-10-09T04:01:03","slug":"waspe-fihp-30000-puffs-led-display-disposable-vape-box","status":"publish","type":"product","link":"https:\/\/rmvapesale.com\/fr\/product\/waspe-fihp-30000-puffs-led-display-disposable-vape-box\/","title":{"rendered":"WASPE FIHP 30000 Bouff\u00e9es LED Affichage Vape Jetable Box"},"content":{"rendered":"<div class=\"B2VR9 CJHX3e\">\n<div class=\"wyccme\">\n<h1 class=\"LC20lb MBeuO DKV0Md\">WASPE FIHP 30000 Bouff\u00e9es LED Affichage Vape Jetable Box<\/h1>\n<div class=\"flex-shrink-0 flex flex-col relative items-end\">\n<div>\n<div class=\"pt-0\">\n<div class=\"gizmo-bot-avatar flex h-8 w-8 items-center justify-center overflow-hidden rounded-full\">\n<div class=\"relative p-1 rounded-sm flex items-center justify-center bg-token-main-surface-primary text-token-text-primary h-8 w-8\"><\/div>\n<\/div>\n<\/div>\n<\/div>\n<\/div>\n<div class=\"group\/conversation-turn relative flex w-full min-w-0 flex-col agent-turn\">\n<div class=\"flex-col gap-1 md:gap-3\">\n<div class=\"flex max-w-full flex-col flex-grow\">\n<div class=\"min-h-8 text-message flex w-full flex-col items-end gap-2 whitespace-normal break-words [.text-message+&amp;]:mt-5\" dir=\"auto\" data-message-author-role=\"assistant\" data-message-id=\"871c1362-82be-4876-894c-d28f37ffd3d3\">\n<div class=\"flex w-full flex-col gap-1 empty:hidden first:pt-[3px]\">\n<div class=\"markdown prose w-full break-words dark:prose-invert light\">\n<p>D\u00e9couvrez la Bo\u00eete de Vape Jetable WASPE FIHP 30000 Puffs avec \u00c9cran LED\u2014votre compagnon de vapotage ultime ! Avec une capacit\u00e9 \u00e9tonnante de 30 000 bouff\u00e9es en mode Normal et 15 000 en mode Pulse, vous \u00eates assur\u00e9 d'une exp\u00e9rience longue dur\u00e9e.<\/p>\n<p>Ce pod de vape est \u00e9quip\u00e9 d'une double bobine en maille pour une saveur riche et une production de vapeur impressionnante. Avec une g\u00e9n\u00e9reuse capacit\u00e9 d'e-liquide de 28 ml, vous pouvez profiter de vos saveurs pr\u00e9f\u00e9r\u00e9es jusqu'\u00e0 30k bouff\u00e9es. De plus, le flux d'air r\u00e9glable vous permet de personnaliser votre exp\u00e9rience \u00e0 la perfection !<\/p>\n<p>Ce qui distingue la bo\u00eete de bouff\u00e9es WASPE FW 30000 est son \u00e9cran LED \u00e9clatant, qui affiche non seulement vos r\u00e9glages actuels mais vous informe \u00e9galement sur les niveaux de batterie et d'e-liquide. Fini les devinettes\u2014restez inform\u00e9 !<\/p>\n<p>Choisissez votre niveau de nicotine\u20140 %, 2 %, ou 5 %\u2014pour correspondre \u00e0 votre humeur. Lorsqu'il est temps de recharger, la pratique charge de type C facilite les choses. Ne pesant que 107 g, le WASPE est l\u00e9ger et portable, ce qui le rend parfait pour la vie en d\u00e9placement.<\/p>\n<p>Pr\u00e9parez-vous \u00e0 \u00e9lever votre parcours de vapotage avec la Bo\u00eete de Vape Jetable WASPE 30000 Puffs avec \u00c9cran LED !<\/p>\n<p>&nbsp;<\/p>\n<\/div>\n<\/div>\n<\/div>\n<\/div>\n<\/div>\n<\/div>\n<\/div>\n<\/div>\n<p><strong>Contactez Amy pour obtenir une r\u00e9ponse rapide et plus de vid\u00e9os de produits !<\/strong><\/p>\n<p><img loading=\"lazy\" decoding=\"async\" class=\"size-full wp-image-1978\" src=\"https:\/\/rmvapesale.com\/wp-content\/uploads\/2024\/09\/Disposable-Vape-Wholesale.jpg\" alt=\"Vente en gros de vapes jetables\" width=\"229\" height=\"300\" \/><\/p>\n<h3><a href=\"https:\/\/wa.me\/8617776015835\" target=\"_blank\" rel=\"noopener\"><span style=\"color: #ff0000\"><strong>WhatsApp: +86 17776015835<\/strong><\/span><\/a><\/h3>\n<p>&nbsp;<\/p>\n<h2><\/h2>\n<h2><strong>Caract\u00e9ristiques Cl\u00e9s de la Bo\u00eete de Vape WASPE FIHP 30000 Puffs<\/strong><\/h2>\n<p>&nbsp;<\/p>\n<p>Normal : 30000 Bouff\u00e9es<br \/>\nPulse : 15000 Bouff\u00e9es<br \/>\nDouble Bobine en Maille : 1ohm+1ohm<br \/>\nE-liquide : 28ml<br \/>\nNicotine:1%\/2%\/5%<br \/>\nBatterie: 850mAh<br \/>\nD\u00e9bit d'air r\u00e9glable<br \/>\nRechargeable: Type-C<br \/>\n\u00c9cran LED<\/p>\n<p>&nbsp;<\/p>\n<figure id=\"attachment_2300\" aria-describedby=\"caption-attachment-2300\" style=\"width: 808px\" class=\"wp-caption alignnone\"><img loading=\"lazy\" decoding=\"async\" class=\"wp-image-2300 size-full\" src=\"https:\/\/rmvapesale.com\/wp-content\/uploads\/2024\/10\/FIHP-WASPE-Tornado-30000-puffs-vape-Cheap-Price.jpg\" alt=\"FIHP WASPE Tornado 30000 bouff\u00e9es vape Prix pas cher\" width=\"808\" height=\"808\" srcset=\"https:\/\/rmvapesale.com\/wp-content\/uploads\/2024\/10\/FIHP-WASPE-Tornado-30000-puffs-vape-Cheap-Price.jpg 808w, https:\/\/rmvapesale.com\/wp-content\/uploads\/2024\/10\/FIHP-WASPE-Tornado-30000-puffs-vape-Cheap-Price-300x300.jpg 300w, https:\/\/rmvapesale.com\/wp-content\/uploads\/2024\/10\/FIHP-WASPE-Tornado-30000-puffs-vape-Cheap-Price-150x150.jpg 150w, https:\/\/rmvapesale.com\/wp-content\/uploads\/2024\/10\/FIHP-WASPE-Tornado-30000-puffs-vape-Cheap-Price-768x768.jpg 768w, https:\/\/rmvapesale.com\/wp-content\/uploads\/2024\/10\/FIHP-WASPE-Tornado-30000-puffs-vape-Cheap-Price-600x600.jpg 600w, https:\/\/rmvapesale.com\/wp-content\/uploads\/2024\/10\/FIHP-WASPE-Tornado-30000-puffs-vape-Cheap-Price-100x100.jpg 100w\" sizes=\"auto, (max-width: 808px) 100vw, 808px\" \/><figcaption id=\"caption-attachment-2300\" class=\"wp-caption-text\">FIHP WASPE Tornado 30000 bouff\u00e9es vape Prix pas cher<\/figcaption><\/figure>\n<h2><strong>Meilleure saveur pour le coffret de vapotage jetable \u00e0 \u00e9cran LED WASPE FIHP 30000 Puffs<\/strong><\/h2>\n<p>Le coffret de vapotage jetable \u00e0 \u00e9cran LED WASPE 30000 Puffs offre 16 saveurs d\u00e9lectables, choisissez parmi une vari\u00e9t\u00e9 de saveurs, y compris la menthe fra\u00eeche rafra\u00eechissante classique, et la douceur exotique du raisin, chacune promettant un voyage riche et satisfaisant \u00e0 chaque bouff\u00e9e.<\/p>\n<p>1.Fraise Mangue<br \/>\n2.Baies m\u00e9lang\u00e9es<span style=\"color: #ff0000\"><strong>&gt;&gt;&gt;&gt; Chaud!<\/strong><\/span><br \/>\n3.Past\u00e8que glac\u00e9e<br \/>\n4.Fraise Past\u00e8que<br \/>\n5.Fraise Red Bull<span style=\"color: #ff0000\"><strong>&gt;&gt;&gt;&gt; Chaud!<\/strong><\/span><br \/>\n6.Kiwi Fruit de la Passion Goyave<br \/>\n7. Raisin glac\u00e9<br \/>\n8.Double pomme glac\u00e9e<br \/>\n9.Myrtille Framboise<br \/>\n10.Past\u00e8que Mangue glac\u00e9e<br \/>\n11.Myrtille glac\u00e9e<br \/>\n12.P\u00eache Baies<br \/>\n13.Fraise Kiwi<br \/>\n14.Glace \u00e0 la cerise<br \/>\n15.Cerise superburst \u00e0 la fraise<br \/>\n16.Bubblegum \u00e0 la past\u00e8que<span style=\"color: #ff0000\"><strong>&gt;&gt;&gt;&gt; Le meilleur !<\/strong><\/span><\/p>\n<p>&nbsp;<\/p>\n<div class=\"flex-shrink-0 flex flex-col relative items-end\">\n<div>\n<div class=\"pt-0\">\n<div class=\"gizmo-bot-avatar flex h-8 w-8 items-center justify-center overflow-hidden rounded-full\">\n<div class=\"relative p-1 rounded-sm flex items-center justify-center bg-token-main-surface-primary text-token-text-primary h-8 w-8\">\n<h3><b>FAQs<\/b><\/h3>\n<p>&nbsp;<\/p>\n<\/div>\n<\/div>\n<\/div>\n<\/div>\n<\/div>\n<div class=\"group\/conversation-turn relative flex w-full min-w-0 flex-col agent-turn\">\n<div class=\"flex-col gap-1 md:gap-3\">\n<div class=\"flex max-w-full flex-col flex-grow\">\n<div class=\"min-h-8 text-message flex w-full flex-col items-end gap-2 whitespace-normal break-words [.text-message+&amp;]:mt-5\" dir=\"auto\" data-message-author-role=\"assistant\" data-message-id=\"f226d3fc-81f3-46d5-8c46-31787fff0357\">\n<div class=\"flex w-full flex-col gap-1 empty:hidden first:pt-[3px]\">\n<div class=\"markdown prose w-full break-words dark:prose-invert light\">\n<p><strong>Q1 : Quelles sont les options de nicotine disponibles pour la box de vape WASPE 30000 Puffs ?<\/strong><br \/>\nA1 : Vous pouvez choisir entre des niveaux de nicotine de 0 %, 2 % ou 5 % selon vos pr\u00e9f\u00e9rences.<\/p>\n<p><strong>Q2 : Combien de bouff\u00e9es puis-je obtenir de la box de vape WASPE 30000 Puffs ?<\/strong><br \/>\nA2 : Profitez de jusqu'\u00e0 30 000 bouff\u00e9es en mode normal et de 15 000 bouff\u00e9es en mode Pulse, pour une satisfaction longue dur\u00e9e.<\/p>\n<p><strong>Q3 : Quelles saveurs sont propos\u00e9es pour la vape jetable WASPE 30000 Puffs ?<\/strong><br \/>\nA3 : Choisissez parmi une gamme de saveurs excitantes comme la Fraise Mangue, les Baies m\u00e9lang\u00e9es, la Glace \u00e0 la past\u00e8que, et bien d'autres !<\/p>\n<p><strong>Q4 : Comment puis-je surveiller les niveaux de batterie et d'e-liquide ?<\/strong><br \/>\nA4: L'\u00e9cran LED de la WASPE Vape Box affiche \u00e0 la fois l'autonomie de la batterie et les niveaux d'e-liquide, vous tenant inform\u00e9 \u00e0 tout moment.<\/p>\n<p><strong>Q5: La cigarette \u00e9lectronique jetable WASPE 30000 Puffs est-elle rechargeable ?<\/strong><br \/>\nA5: Oui, elle est dot\u00e9e d'un port de charge pratique de Type-C pour une recharge facile si n\u00e9cessaire.<\/p>\n<p><strong>Q6: Quelle est la configuration de l'emballage pour les commandes en gros ?<\/strong><br \/>\nA6: La cigarette \u00e9lectronique jetable WASPE 30000 Puffs est disponible \u00e0 l'achat en gros, id\u00e9ale pour les clients grossistes.<\/p>\n<p><strong>Q7: Puis-je acheter la cigarette \u00e9lectronique jetable WASPE FIHP FW 30000 en gros ?<\/strong><br \/>\nA7: Absolument ! Nous proposons la cigarette \u00e9lectronique jetable WASPE FIHP FW 30000 pour les options de vente en gros et d'achat en gros.<\/p>\n<p><strong>Q8: Combien co\u00fbte la WASPE 30000 Puffs Vape Box pour les achats en gros ?<\/strong><br \/>\nA8: Pour les d\u00e9tails de prix sur l'achat en gros de la cigarette \u00e9lectronique jetable WASPE 30000 Puffs, veuillez nous contacter directement.<\/p>\n<p><strong>Q9: Qu'est-ce qui rend la WASPE 30000 Puffs Vape Box id\u00e9ale pour les d\u00e9taillants ?<\/strong><br \/>\nA9: Avec son impressionnante capacit\u00e9 de bouff\u00e9es, sa vari\u00e9t\u00e9 de saveurs et son design attrayant, c'est un choix parfait pour attirer les clients.<\/p>\n<p><strong>Q10: Quel est le poids de la WASPE Vape Box ?<\/strong><br \/>\nA10: La WASPE Vape Box est l\u00e9g\u00e8re avec seulement 107g, ce qui la rend facile \u00e0 transporter pour vapoter en d\u00e9placement.<\/p>\n<\/div>\n<\/div>\n<\/div>\n<\/div>\n<\/div>\n<\/div>\n<p>&nbsp;<\/p>\n<h3><\/h3>\n<h3>\u00c0 propos de l'exp\u00e9dition<\/h3>\n<div class=\"flex-shrink-0 flex flex-col relative items-end\">\n<div>\n<div class=\"pt-0\">\n<div class=\"gizmo-bot-avatar flex h-8 w-8 items-center justify-center overflow-hidden rounded-full\">\n<div><\/div>\n<div class=\"relative p-1 rounded-sm flex items-center justify-center bg-token-main-surface-primary text-token-text-primary h-8 w-8\"><strong>1. Quelles m\u00e9thodes d'exp\u00e9dition sont utilis\u00e9es ?<\/strong><\/div>\n<\/div>\n<\/div>\n<\/div>\n<\/div>\n<div class=\"group\/conversation-turn relative flex w-full min-w-0 flex-col agent-turn\">\n<div class=\"flex-col gap-1 md:gap-3\">\n<div class=\"flex max-w-full flex-col flex-grow\">\n<div class=\"min-h-[20px] text-message flex w-full flex-col items-end gap-2 whitespace-normal break-words [.text-message+&amp;]:mt-5 overflow-x-auto\" dir=\"auto\" data-message-author-role=\"assistant\" data-message-id=\"22f8283b-3233-46ff-89a5-c7a41b33abda\">\n<div class=\"flex w-full flex-col gap-1 empty:hidden first:pt-[3px]\">\n<div class=\"markdown prose w-full break-words dark:prose-invert light\">\n<p>Nous travaillons en partenariat avec UPS, DHL, FedEx, DPD et d'autres transporteurs de premier plan. Nous s\u00e9lectionnerons la meilleure m\u00e9thode d'exp\u00e9dition en fonction de votre lieu de livraison pour que vous receviez vos produits le plus rapidement possible.<\/p>\n<\/div>\n<p><strong>2. Combien de temps faut-il pour que cela arrive ?<\/strong><\/p>\n<p>Les colis exp\u00e9di\u00e9s en France arrivent g\u00e9n\u00e9ralement sous 10 jours ouvrables. L'exp\u00e9dition vers les pays europ\u00e9ens prend g\u00e9n\u00e9ralement environ 12 \u00e0 15 jours ouvrables. Nous vous fournirons des mises \u00e0 jour en temps r\u00e9el sur l'\u00e9tat de votre envoi.<\/p>\n<\/div>\n<p><strong>3. Garantie<\/strong><\/p>\n<p><span style=\"color: #ff0000\"><strong>Tous les produits de notre magasin sont garantis 100% originaux et authentiques. Nous offrons 10 fois le montant en compensation pour les produits contrefaits !<\/strong><\/span><\/p>\n<div class=\"flex w-full flex-col gap-1 empty:hidden first:pt-[3px]\">\n<p>&nbsp;<\/p>\n<\/div>\n<\/div>\n<\/div>\n<\/div>\n<\/div>\n<p>&nbsp;<\/p>\n<p>Autres vapes en vente que vous pourriez aimer :<\/p>\n<p><a href=\"https:\/\/rmvapesale.com\/fr\/product\/uwin-crystal-10000-puff-disposable-vape-wholesale-price\/\"><strong>UWIN CRYSTAL 10000 Bouff\u00e9es\u00a0 \u00a0<span style=\"color: #ff0000\">&gt;&gt;&gt;&gt; C'est parti !<\/span><\/strong><\/a><\/p>\n<p><strong><a href=\"https:\/\/rmvapesale.com\/fr\/product\/aivono-aim-boom-25000-puffs-smart-screen-disposable-vape\/\">Aivono Aim Boom 25000 Bouff\u00e9es \u00c9cran Intelligent Bouff\u00e9es <span style=\"color: #ff0000\">&gt;&gt;&gt;&gt; C'est parti !<\/span><\/a>\u00a0<\/strong><\/p>\n<p><a href=\"https:\/\/rmvapesale.com\/fr\/product\/uzy-crystal-pro-max-10k-puffs-disposable-vape-pen-wholesale\/\"><strong>UZY Crystal Pro Max 10k Bouff\u00e9es <span style=\"color: #ff0000\">&gt;&gt;&gt;&gt; C'est parti !<\/span><\/strong><\/a><\/p>\n<p>&nbsp;<\/p>\n<p>&nbsp;<\/p>\n<p>Trouvez plus de produits de vape que vous pourriez aimer :<strong><em><a href=\"https:\/\/rmvapesale.com\/fr\/shop-2\/\">Achetez maintenant &gt;&gt;&gt;<\/a><\/em><\/strong><\/p>","protected":false},"excerpt":{"rendered":"<p>Vape Jetable WASPE FIHP 30000 Puffs Vente en Gros<br \/>\nWASPE FIHP FW 30000 Vape Jetable Achat en Gros<br \/>\nWASPE FW 30000 Bo\u00eete de Vape Jetable Sans Nicotine<\/p>\n<p><img loading=\"lazy\" decoding=\"async\" class=\"size-full wp-image-1978\" src=\"https:\/\/rmvapesale.com\/wp-content\/uploads\/2024\/09\/Disposable-Vape-Wholesale.jpg\" alt=\"Vente en gros de vapes jetables\" width=\"229\" height=\"300\" \/><\/p>\n<h3><a href=\"https:\/\/wa.me\/8617776015835\"><span style=\"color: #ff0000\"><strong>WhatsApp: +86 17776015835<\/strong><\/span><\/a><\/h3>\n<p>&nbsp;<\/p>","protected":false},"featured_media":2304,"comment_status":"open","ping_status":"closed","template":"","meta":{"_uag_custom_page_level_css":"","_lmt_disableupdate":"","_lmt_disable":"","site-sidebar-layout":"default","site-content-layout":"content-boxed-container","ast-site-content-layout":"normal-width-container","site-content-style":"boxed","site-sidebar-style":"unboxed","ast-global-header-display":"","ast-banner-title-visibility":"","ast-main-header-display":"","ast-hfb-above-header-display":"","ast-hfb-below-header-display":"","ast-hfb-mobile-header-display":"","site-post-title":"","ast-breadcrumbs-content":"","ast-featured-img":"","footer-sml-layout":"","ast-disable-related-posts":"","theme-transparent-header-meta":"default","adv-header-id-meta":"","stick-header-meta":"","header-above-stick-meta":"","header-main-stick-meta":"","header-below-stick-meta":"","astra-migrate-meta-layouts":"set","ast-page-background-enabled":"default","ast-page-background-meta":{"desktop":{"background-color":"var(--ast-global-color-4)","background-image":"","background-repeat":"repeat","background-position":"center center","background-size":"auto","background-attachment":"scroll","background-type":"","background-media":"","overlay-type":"","overlay-color":"","overlay-opacity":"","overlay-gradient":""},"tablet":{"background-color":"","background-image":"","background-repeat":"repeat","background-position":"center center","background-size":"auto","background-attachment":"scroll","background-type":"","background-media":"","overlay-type":"","overlay-color":"","overlay-opacity":"","overlay-gradient":""},"mobile":{"background-color":"","background-image":"","background-repeat":"repeat","background-position":"center center","background-size":"auto","background-attachment":"scroll","background-type":"","background-media":"","overlay-type":"","overlay-color":"","overlay-opacity":"","overlay-gradient":""}},"ast-content-background-meta":{"desktop":{"background-color":"var(--ast-global-color-5)","background-image":"","background-repeat":"repeat","background-position":"center center","background-size":"auto","background-attachment":"scroll","background-type":"","background-media":"","overlay-type":"","overlay-color":"","overlay-opacity":"","overlay-gradient":""},"tablet":{"background-color":"var(--ast-global-color-5)","background-image":"","background-repeat":"repeat","background-position":"center center","background-size":"auto","background-attachment":"scroll","background-type":"","background-media":"","overlay-type":"","overlay-color":"","overlay-opacity":"","overlay-gradient":""},"mobile":{"background-color":"var(--ast-global-color-5)","background-image":"","background-repeat":"repeat","background-position":"center center","background-size":"auto","background-attachment":"scroll","background-type":"","background-media":"","overlay-type":"","overlay-color":"","overlay-opacity":"","overlay-gradient":""}},"_joinchat":[]},"product_brand":[],"product_cat":[15,27,25,123,30,26,28],"product_tag":[66,125,96,101,105,120,116],"class_list":{"0":"post-2305","1":"product","2":"type-product","3":"status-publish","4":"has-post-thumbnail","6":"product_cat-new-vape-this-week","7":"product_cat-fance-hot-sale-vape","8":"product_cat-germany-best-selling-vape","9":"product_cat-italy-wholesale-vape","10":"product_cat-minimum-order-quantity-50pcs","11":"product_cat-netherlands-hot-sale-vape","12":"product_cat-poland-hot-sale-vape","13":"product_tag-disposable-vape","14":"product_tag-disposable-vape-italy","15":"product_tag-disposable-vape-wholesale-uk","16":"product_tag-led-display-vape","17":"product_tag-nicotine-free-disposable-vape","18":"product_tag-vape-wholesale","19":"product_tag-vapes","20":"desktop-align-left","21":"tablet-align-left","22":"mobile-align-left","24":"first","25":"instock","26":"sale","27":"shipping-taxable","28":"purchasable","29":"product-type-simple"},"uagb_featured_image_src":{"full":["https:\/\/rmvapesale.com\/wp-content\/uploads\/2024\/10\/WASPE-FIHP-30000-puffs-Tornado-vape-Wholesale-Price.jpg",808,808,false],"thumbnail":["https:\/\/rmvapesale.com\/wp-content\/uploads\/2024\/10\/WASPE-FIHP-30000-puffs-Tornado-vape-Wholesale-Price-150x150.jpg",150,150,true],"medium":["https:\/\/rmvapesale.com\/wp-content\/uploads\/2024\/10\/WASPE-FIHP-30000-puffs-Tornado-vape-Wholesale-Price-300x300.jpg",300,300,true],"medium_large":["https:\/\/rmvapesale.com\/wp-content\/uploads\/2024\/10\/WASPE-FIHP-30000-puffs-Tornado-vape-Wholesale-Price-768x768.jpg",768,768,true],"large":["https:\/\/rmvapesale.com\/wp-content\/uploads\/2024\/10\/WASPE-FIHP-30000-puffs-Tornado-vape-Wholesale-Price.jpg",808,808,false],"1536x1536":["https:\/\/rmvapesale.com\/wp-content\/uploads\/2024\/10\/WASPE-FIHP-30000-puffs-Tornado-vape-Wholesale-Price.jpg",808,808,false],"2048x2048":["https:\/\/rmvapesale.com\/wp-content\/uploads\/2024\/10\/WASPE-FIHP-30000-puffs-Tornado-vape-Wholesale-Price.jpg",808,808,false],"trp-custom-language-flag":["https:\/\/rmvapesale.com\/wp-content\/uploads\/2024\/10\/WASPE-FIHP-30000-puffs-Tornado-vape-Wholesale-Price.jpg",12,12,false],"woocommerce_thumbnail":["https:\/\/rmvapesale.com\/wp-content\/uploads\/2024\/10\/WASPE-FIHP-30000-puffs-Tornado-vape-Wholesale-Price-300x300.jpg",300,300,true],"woocommerce_single":["https:\/\/rmvapesale.com\/wp-content\/uploads\/2024\/10\/WASPE-FIHP-30000-puffs-Tornado-vape-Wholesale-Price-600x600.jpg",600,600,true],"woocommerce_gallery_thumbnail":["https:\/\/rmvapesale.com\/wp-content\/uploads\/2024\/10\/WASPE-FIHP-30000-puffs-Tornado-vape-Wholesale-Price-100x100.jpg",100,100,true],"wcpr-photo-reviews":["https:\/\/rmvapesale.com\/wp-content\/uploads\/2024\/10\/WASPE-FIHP-30000-puffs-Tornado-vape-Wholesale-Price.jpg",500,500,false]},"uagb_author_info":{"display_name":"AMY","author_link":"https:\/\/rmvapesale.com\/fr\/author\/"},"uagb_comment_info":0,"uagb_excerpt":"WASPE FIHP 30000 Puffs Disposable Vape Wholesale WASPE FIHP FW 30000 Disposable Vape Bulk Buy WASPE FW 30000 Disposable Vape Box Nicotine Free WhatsApp: +86 17776015835 &nbsp;","_links":{"self":[{"href":"https:\/\/rmvapesale.com\/fr\/wp-json\/wp\/v2\/product\/2305","targetHints":{"allow":["GET"]}}],"collection":[{"href":"https:\/\/rmvapesale.com\/fr\/wp-json\/wp\/v2\/product"}],"about":[{"href":"https:\/\/rmvapesale.com\/fr\/wp-json\/wp\/v2\/types\/product"}],"replies":[{"embeddable":true,"href":"https:\/\/rmvapesale.com\/fr\/wp-json\/wp\/v2\/comments?post=2305"}],"wp:featuredmedia":[{"embeddable":true,"href":"https:\/\/rmvapesale.com\/fr\/wp-json\/wp\/v2\/media\/2304"}],"wp:attachment":[{"href":"https:\/\/rmvapesale.com\/fr\/wp-json\/wp\/v2\/media?parent=2305"}],"wp:term":[{"taxonomy":"product_brand","embeddable":true,"href":"https:\/\/rmvapesale.com\/fr\/wp-json\/wp\/v2\/product_brand?post=2305"},{"taxonomy":"product_cat","embeddable":true,"href":"https:\/\/rmvapesale.com\/fr\/wp-json\/wp\/v2\/product_cat?post=2305"},{"taxonomy":"product_tag","embeddable":true,"href":"https:\/\/rmvapesale.com\/fr\/wp-json\/wp\/v2\/product_tag?post=2305"}],"curies":[{"name":"wp","href":"https:\/\/api.w.org\/{rel}","templated":true}]}}