{"id":2320,"date":"2024-10-10T01:23:26","date_gmt":"2024-10-10T01:23:26","guid":{"rendered":"https:\/\/rmvapesale.com\/?post_type=product&#038;p=2320"},"modified":"2024-10-10T09:25:15","modified_gmt":"2024-10-10T09:25:15","slug":"elf-box-digital-12000-puffs-led-display-disposable-vape","status":"publish","type":"product","link":"https:\/\/rmvapesale.com\/fr\/product\/elf-box-digital-12000-puffs-led-display-disposable-vape\/","title":{"rendered":"ELF BOX Digital 12000 Puffs \u00e9cran LED Vape jetable"},"content":{"rendered":"<div class=\"B2VR9 CJHX3e\">\n<div class=\"wyccme\">\n<h1 class=\"LC20lb MBeuO DKV0Md\">ELF BOX Digital 12000 Bouff\u00e9es \u00c9cran LED Cigarette \u00c9lectronique Jetable Achat en Gros<\/h1>\n<div class=\"flex-shrink-0 flex flex-col relative items-end\">\n<div>\n<div class=\"pt-0\">\n<div class=\"gizmo-bot-avatar flex h-8 w-8 items-center justify-center overflow-hidden rounded-full\">\n<div class=\"relative p-1 rounded-sm flex items-center justify-center bg-token-main-surface-primary text-token-text-primary h-8 w-8\">\n<p>Pr\u00e9parez-vous \u00e0 am\u00e9liorer votre exp\u00e9rience de vapotage avec le <strong>ELF BOX Digital 12000 Puffs \u00e9cran LED Vape jetable<\/strong>! Cette cigarette \u00e9lectronique offre une puissance incroyable <strong>12 000 bouff\u00e9es<\/strong>, vous offrant une satisfaction durable sans besoin de remplacements constants. Parfaite pour une utilisation quotidienne, elle est con\u00e7ue pour la commodit\u00e9 et la performance.<\/p>\n<p>Avec une <strong>Capacit\u00e9 de e-liquide de 23 ml<\/strong> et un <strong>R\u00e9sistance maill\u00e9e de 0,8 ohm<\/strong>, attendez-vous \u00e0 des inhalations lisses et savoureuses \u00e0 chaque vapotage. Choisissez parmi <strong>0%, 2%, 3% ou 5% de nicotine<\/strong> pour adapter votre exp\u00e9rience exactement \u00e0 votre go\u00fbt.<\/p>\n<p>La <strong>affichage num\u00e9rique LED<\/strong> vous informe en permanence de l'autonomie de votre batterie et du niveau de e-liquide, pour que vous soyez toujours ma\u00eetre de votre vapotage. De plus, avec une <strong>batterie rechargeable de 500mAh<\/strong> et de <strong>charge de Type-C<\/strong>, vous pouvez recharger rapidement et vapoter toute la journ\u00e9e.<\/p>\n<p>Id\u00e9al pour les acheteurs en gros, le <strong>ELF BOX Digital 12000<\/strong> est parfait pour ceux qui recherchent une performance de haut niveau dans un emballage \u00e9l\u00e9gant et facile \u00e0 utiliser. Faites le stock d\u00e8s maintenant et offrez \u00e0 vos clients une cigarette \u00e9lectronique qu'ils adoreront !<\/p>\n<p>Commandez votre <strong>ELF BOX Digital 12000 \u00c9cran LED Cigarette \u00c9lectronique Jetable Achat en Gros<\/strong> aujourd'hui et ajoutez cet appareil incontournable \u00e0 votre inventaire !<\/p>\n<p>&nbsp;<\/p>\n<\/div>\n<\/div>\n<\/div>\n<\/div>\n<\/div>\n<\/div>\n<\/div>\n<p><strong>Contactez Amy pour obtenir une r\u00e9ponse rapide et plus de vid\u00e9os de produits !<\/strong><\/p>\n<p><img loading=\"lazy\" decoding=\"async\" class=\"size-full wp-image-1978\" src=\"https:\/\/rmvapesale.com\/wp-content\/uploads\/2024\/09\/Disposable-Vape-Wholesale.jpg\" alt=\"Vente en gros de vapes jetables\" width=\"229\" height=\"300\" \/><\/p>\n<h3><a href=\"https:\/\/wa.me\/8617776015835\" target=\"_blank\" rel=\"noopener\"><span style=\"color: #ff0000\"><strong>WhatsApp: +86 17776015835<\/strong><\/span><\/a><\/h3>\n<p>&nbsp;<\/p>\n<h2><\/h2>\n<h2><strong>ELF BOX Digital 12000 Bouff\u00e9es Vape Caract\u00e9ristiques principales<\/strong><\/h2>\n<p>&nbsp;<\/p>\n<ul>\n<li><strong>Nombre \u00e9lev\u00e9 de bouff\u00e9es<\/strong>: Profitez jusqu'\u00e0 12 000 bouff\u00e9es pour une exp\u00e9rience de vapotage longue dur\u00e9e et sans interruption.<\/li>\n<li><strong>Capacit\u00e9 de e-liquide<\/strong>: Avec un r\u00e9servoir de 23 ml, vous pouvez vapoter plus longtemps sans avoir besoin de recharges fr\u00e9quentes.<\/li>\n<li><strong>Batterie rechargeable<\/strong>: Aliment\u00e9 par une batterie de 500 mAh, garantissant une performance durable et une recharge facile.<\/li>\n<li><strong>Recharge Type-C<\/strong>: Rechargez rapidement et efficacement en utilisant le connecteur moderne Type-C.<\/li>\n<li><strong>Technologie de bobine maill\u00e9e<\/strong>: D\u00e9couvrez une saveur am\u00e9lior\u00e9e et une production de vapeur douce avec la r\u00e9sistance en mesh de 0,8 ohm.<\/li>\n<li><strong>Affichage num\u00e9rique<\/strong>: Restez inform\u00e9 gr\u00e2ce \u00e0 un affichage num\u00e9rique intelligent qui indique le niveau de votre batterie et de votre e-liquide.<\/li>\n<li><strong>Options de nicotine<\/strong>: Disponible en forces de nicotine 0%, 2%, 3% et 5% pour r\u00e9pondre \u00e0 vos besoins de vapotage.<\/li>\n<\/ul>\n<h2><\/h2>\n<h2><strong>Meilleure saveur pour les cigarettes \u00e9lectroniques ELF BOX Digital 12000 Bouff\u00e9es\u00a0<\/strong><\/h2>\n<p>Le vapoteur jetable avec affichage LED ELF BOX Digital 12000 Bouff\u00e9es offre 12 saveurs d\u00e9licieuses, choisissez parmi une vari\u00e9t\u00e9 de saveurs, y compris la menthe rafra\u00eechissante classique, et la douceur exotique du raisin, chacune promettant une exp\u00e9rience riche et satisfaisante \u00e0 chaque bouff\u00e9e.<\/p>\n<p>1. Glace \u00e0 la past\u00e8que <span style=\"color: #ff0000\"><strong>&gt;&gt;&gt;&gt; Chaud!<\/strong><\/span><br \/>\n2.Glace \u00e0 la fraise<br \/>\n3.Glace Blue Razz<br \/>\n4. Cerise Cola <span style=\"color: #ff0000\"><strong>&gt;&gt;&gt;&gt; Chaud!<\/strong><\/span><br \/>\n5. Fraise Explosion<br \/>\n6. Noix de coco Melon<br \/>\n7. Kiwi Fruit de la Passion<br \/>\n8. Fruits M\u00e9lang\u00e9s <span style=\"color: #ff0000\"><strong>&gt;&gt;&gt;&gt; Le meilleur !<\/strong><\/span><br \/>\n9. Myrtille Framboise Acidul\u00e9e<br \/>\n10. Double Pomme<br \/>\n11. Fraise Past\u00e8que<br \/>\n12. Past\u00e8que Chewing-gum<br \/>\n13.P\u00eache Glac\u00e9e<br \/>\n14. Fraise Banane<br \/>\n15.Mr Bleu<br \/>\n16. M\u00fbre Glac\u00e9e<br \/>\n17. Mangue Glac\u00e9e<br \/>\n18. Raisin Glac\u00e9<br \/>\n19. P\u00eache et Baies<br \/>\n20. Fraise Kiwi Fruit<\/p>\n<figure id=\"attachment_2327\" aria-describedby=\"caption-attachment-2327\" style=\"width: 300px\" class=\"wp-caption alignnone\"><img loading=\"lazy\" decoding=\"async\" class=\"size-medium wp-image-2327\" src=\"https:\/\/rmvapesale.com\/wp-content\/uploads\/2024\/10\/Vape-Elf-Box-12000-Puffs-12K-E-cigarette-300x225.jpg\" alt=\"Vape Elf Box 12000 Bouff\u00e9es 12K Cigarette \u00c9lectronique Jetable\" width=\"300\" height=\"225\" srcset=\"https:\/\/rmvapesale.com\/wp-content\/uploads\/2024\/10\/Vape-Elf-Box-12000-Puffs-12K-E-cigarette-300x225.jpg 300w, https:\/\/rmvapesale.com\/wp-content\/uploads\/2024\/10\/Vape-Elf-Box-12000-Puffs-12K-E-cigarette-768x576.jpg 768w, https:\/\/rmvapesale.com\/wp-content\/uploads\/2024\/10\/Vape-Elf-Box-12000-Puffs-12K-E-cigarette-600x450.jpg 600w, https:\/\/rmvapesale.com\/wp-content\/uploads\/2024\/10\/Vape-Elf-Box-12000-Puffs-12K-E-cigarette.jpg 808w\" sizes=\"auto, (max-width: 300px) 100vw, 300px\" \/><figcaption id=\"caption-attachment-2327\" class=\"wp-caption-text\">Vape Elf Box 12000 Bouff\u00e9es 12K Cigarette \u00c9lectronique Jetable<\/figcaption><\/figure>\n<p>&nbsp;<\/p>\n<h3>Pourquoi choisir Rmvapesale pour votre ELF BOX Digital 12000 Bouff\u00e9es, Vape Jetable \u00e0 Affichage LED?<\/h3>\n<div class=\"flex-shrink-0 flex flex-col relative items-end\">\n<div>\n<div class=\"pt-0\">\n<div class=\"gizmo-bot-avatar flex h-8 w-8 items-center justify-center overflow-hidden rounded-full\">\n<div class=\"relative p-1 rounded-sm flex items-center justify-center bg-token-main-surface-primary text-token-text-primary h-8 w-8\">\n<p>&nbsp;<\/p>\n<p>En choisissant Rmvapesale pour vos besoins en vapes jetables en gros, vous b\u00e9n\u00e9ficiez de :<\/p>\n<ul>\n<li><strong>Prix comp\u00e9titifs<\/strong>: Acc\u00e9dez \u00e0 des prix de gros attractifs qui stimulent vos marges commerciales.<\/li>\n<li><strong>Haute qualit\u00e9<\/strong>: Nos vapes sont fabriqu\u00e9es selon les normes les plus strictes et sont <span style=\"color: #ff0000\"><strong>garanties 100% originales et authentiques. Nous offrons 10 fois le prix en d\u00e9dommagement pour les produits contrefaits !<\/strong><\/span><\/li>\n<li><strong>Excellent service client<\/strong>: Notre \u00e9quipe d\u00e9di\u00e9e est toujours pr\u00eate \u00e0 vous aider, rendant votre processus d'achat fluide et sans tracas.<\/li>\n<li><strong>Exp\u00e9dition rapide<\/strong>: Attendez-vous \u00e0 une exp\u00e9dition rapide et fiable, garantissant que vos commandes arrivent \u00e0 temps, \u00e0 chaque fois.<\/li>\n<\/ul>\n<h3><\/h3>\n<h3><b>FAQs<\/b><\/h3>\n<p>&nbsp;<\/p>\n<\/div>\n<\/div>\n<\/div>\n<\/div>\n<\/div>\n<div class=\"group\/conversation-turn relative flex w-full min-w-0 flex-col agent-turn\">\n<div class=\"flex-col gap-1 md:gap-3\">\n<div class=\"flex max-w-full flex-col flex-grow\">\n<div class=\"min-h-8 text-message flex w-full flex-col items-end gap-2 whitespace-normal break-words [.text-message+&amp;]:mt-5\" dir=\"auto\" data-message-author-role=\"assistant\" data-message-id=\"f226d3fc-81f3-46d5-8c46-31787fff0357\">\n<div class=\"flex w-full flex-col gap-1 empty:hidden first:pt-[3px]\">\n<div class=\"markdown prose w-full break-words dark:prose-invert light\">\n<p><strong>Q1 : Combien de bouff\u00e9es puis-je obtenir avec l'ELF BOX Digital 12000 Bouff\u00e9es, Vape Jetable?<\/strong><br \/>\nA1: La <strong>ELF Box Digital 12000 Bouff\u00e9es, Vape Jetable<\/strong> offre jusqu'\u00e0 <strong>12 000 bouff\u00e9es<\/strong>, offrant une exp\u00e9rience de vapotage prolong\u00e9e sans besoin de remplacements fr\u00e9quents.<\/p>\n<p><strong>Q2 : Quelles saveurs sont disponibles pour la cigarette \u00e9lectronique ELF Box Digital 12k en gros ?<\/strong><br \/>\nA2 : Vous pouvez profiter de 20 saveurs excitantes, y compris <strong>Glace \u00e0 la Past\u00e8que<\/strong>, <strong>Fraise Banane<\/strong>, <strong>Blue Razz Ice<\/strong>, <strong>Glace Mangue<\/strong>, et <strong>Glace au raisin<\/strong>, pour n'en nommer que quelques-unes. Il y a une saveur pour chaque pr\u00e9f\u00e9rence gustative !<\/p>\n<p><strong>Q3 : Quelle est la capacit\u00e9 de liquide \u00e9lectronique dans la cigarette jetable ELF Box Digital 12000 Puffs ?<\/strong><br \/>\nA3 : Cet appareil est dot\u00e9 d'une capacit\u00e9 g\u00e9n\u00e9reuse <strong>Capacit\u00e9 de e-liquide de 23 ml<\/strong>, garantissant une utilisation longue dur\u00e9e sans recharges fr\u00e9quentes.<\/p>\n<p><strong>Q4 : Quelles sont les forces de nicotine disponibles dans la cigarette \u00e9lectronique ELF Box Digital 12000 Puffs ?<\/strong><br \/>\nA4 : Vous pouvez choisir parmi <strong>Niveaux de nicotine 0%, 2%, 3% ou 5%<\/strong>, ce qui facilite la recherche de la bonne force pour votre style de vapotage.<\/p>\n<p><strong>Q5 : Comment fonctionne l'affichage num\u00e9rique sur la cigarette jetable ELF Box Digital 12k ?<\/strong><br \/>\nA5 : Le <strong>\u00e9cran num\u00e9rique intelligent<\/strong> vous permet de surveiller \u00e0 la fois le niveau de votre batterie et celui de votre liquide \u00e9lectronique, pour ne jamais \u00eatre pris au d\u00e9pourvu.<\/p>\n<p><strong>Q6 : La cigarette \u00e9lectronique ELF Box Digital 12k est-elle rechargeable ?<\/strong><br \/>\nA6 : Oui, l'appareil dispose d'une <strong>batterie rechargeable de 500mAh<\/strong> et un <strong>port de charge Type-C<\/strong> pour une charge rapide et efficace.<\/p>\n<p><strong>Q7 : Puis-je acheter la cigarette jetable ELF Box Digital 12000 Puffs en gros ?<\/strong><br \/>\nA7 : Absolument ! <strong>ELF Box Digital 12000 Bouff\u00e9es Cigarette \u00c9lectronique Jetable en Gros<\/strong> des options sont disponibles pour ceux qui souhaitent faire des stocks en gros et profiter de prix comp\u00e9titifs.<\/p>\n<p><strong>Q8 : Quelle technologie de coil utilise la ELF Box Digital Box 12k ?<\/strong><br \/>\nA8 : Elle utilise une <strong>R\u00e9sistance maill\u00e9e de 0,8 ohm<\/strong> pour une saveur am\u00e9lior\u00e9e et une production de vapeur douce, garantissant une exp\u00e9rience de vapotage satisfaisante.<\/p>\n<\/div>\n<\/div>\n<\/div>\n<\/div>\n<\/div>\n<\/div>\n<p>&nbsp;<\/p>\n<h3><\/h3>\n<h3>\u00c0 propos de l'exp\u00e9dition<\/h3>\n<div class=\"flex-shrink-0 flex flex-col relative items-end\">\n<div>\n<div class=\"pt-0\">\n<div class=\"gizmo-bot-avatar flex h-8 w-8 items-center justify-center overflow-hidden rounded-full\">\n<div><\/div>\n<div class=\"relative p-1 rounded-sm flex items-center justify-center bg-token-main-surface-primary text-token-text-primary h-8 w-8\"><strong>1. Quelles m\u00e9thodes d'exp\u00e9dition sont utilis\u00e9es ?<\/strong><\/div>\n<\/div>\n<\/div>\n<\/div>\n<\/div>\n<div class=\"group\/conversation-turn relative flex w-full min-w-0 flex-col agent-turn\">\n<div class=\"flex-col gap-1 md:gap-3\">\n<div class=\"flex max-w-full flex-col flex-grow\">\n<div class=\"min-h-[20px] text-message flex w-full flex-col items-end gap-2 whitespace-normal break-words [.text-message+&amp;]:mt-5 overflow-x-auto\" dir=\"auto\" data-message-author-role=\"assistant\" data-message-id=\"22f8283b-3233-46ff-89a5-c7a41b33abda\">\n<div class=\"flex w-full flex-col gap-1 empty:hidden first:pt-[3px]\">\n<div class=\"markdown prose w-full break-words dark:prose-invert light\">\n<p>Nous travaillons en partenariat avec UPS, DHL, FedEx, DPD et d'autres transporteurs de premier plan. Nous s\u00e9lectionnerons la meilleure m\u00e9thode d'exp\u00e9dition en fonction de votre lieu de livraison pour que vous receviez vos produits le plus rapidement possible.<\/p>\n<\/div>\n<p><strong>2. Combien de temps faut-il pour que cela arrive ?<\/strong><\/p>\n<p>Les colis exp\u00e9di\u00e9s en France arrivent g\u00e9n\u00e9ralement sous 10 jours ouvrables. L'exp\u00e9dition vers les pays europ\u00e9ens prend g\u00e9n\u00e9ralement environ 12 \u00e0 15 jours ouvrables. Nous vous fournirons des mises \u00e0 jour en temps r\u00e9el sur l'\u00e9tat de votre envoi.<\/p>\n<\/div>\n<\/div>\n<\/div>\n<\/div>\n<\/div>\n<p>&nbsp;<\/p>\n<p>Autres vapes en vente que vous pourriez aimer :<\/p>\n<p><a href=\"https:\/\/rmvapesale.com\/fr\/product\/waspe-12000-puffs-disposable-vape-pen\/\"><strong>WASPE 12000 bouff\u00e9es\u00a0 \u00a0<span style=\"color: #ff0000\">&gt;&gt;&gt;&gt; C'est parti !<\/span><\/strong><\/a><\/p>\n<p><strong><a href=\"https:\/\/rmvapesale.com\/fr\/product\/waspe-fihp-30000-puffs-led-display-disposable-vape-box\/\">WASPE FIHP 30000 Puffs <span style=\"color: #ff0000\">&gt;&gt;&gt;&gt; C'est parti !<\/span><\/a>\u00a0<\/strong><\/p>\n<h2 class=\"woocommerce-loop-product__title\"><a style=\"font-size: 16px\" href=\"https:\/\/rmvapesale.com\/fr\/product\/bang-box-30000-puff-double-taste-smart-screen-disposable-vape-wholesale\/\"><strong>Bang Box 30000 Puffs Double Go\u00fbt <span style=\"color: #ff0000\">&gt;&gt;&gt;&gt; C'est parti !<\/span><\/strong><\/a><\/h2>\n<p>&nbsp;<\/p>\n<p>&nbsp;<\/p>\n<p>Trouvez plus de produits de vape que vous pourriez aimer :<strong><em><a href=\"https:\/\/rmvapesale.com\/fr\/shop-2\/\">Achetez maintenant &gt;&gt;&gt;<\/a><\/em><\/strong><\/p>","protected":false},"excerpt":{"rendered":"<p>ELF Box Digital 12000 Bouff\u00e9es 0% 2% 3% 5% Faible Nicotine<br \/>\nELF BOX Digital Box 12000 Bouff\u00e9es Cigarettes \u00c9lectroniques Jetables<br \/>\nELF Box Digital 12000 Bouff\u00e9es Cigarette \u00c9lectronique Jetable en Gros<\/p>\n<p><img loading=\"lazy\" decoding=\"async\" class=\"size-full wp-image-1978\" src=\"https:\/\/rmvapesale.com\/wp-content\/uploads\/2024\/09\/Disposable-Vape-Wholesale.jpg\" alt=\"Vente en gros de vapes jetables\" width=\"229\" height=\"300\" \/><\/p>\n<h3><a href=\"https:\/\/wa.me\/8617776015835\"><span style=\"color: #ff0000\"><strong>WhatsApp: +86 17776015835<\/strong><\/span><\/a><\/h3>\n<p>&nbsp;<\/p>","protected":false},"featured_media":2325,"comment_status":"open","ping_status":"closed","template":"","meta":{"_uag_custom_page_level_css":"","_lmt_disableupdate":"","_lmt_disable":"","site-sidebar-layout":"default","site-content-layout":"content-boxed-container","ast-site-content-layout":"normal-width-container","site-content-style":"boxed","site-sidebar-style":"unboxed","ast-global-header-display":"","ast-banner-title-visibility":"","ast-main-header-display":"","ast-hfb-above-header-display":"","ast-hfb-below-header-display":"","ast-hfb-mobile-header-display":"","site-post-title":"","ast-breadcrumbs-content":"","ast-featured-img":"","footer-sml-layout":"","ast-disable-related-posts":"","theme-transparent-header-meta":"default","adv-header-id-meta":"","stick-header-meta":"","header-above-stick-meta":"","header-main-stick-meta":"","header-below-stick-meta":"","astra-migrate-meta-layouts":"set","ast-page-background-enabled":"default","ast-page-background-meta":{"desktop":{"background-color":"var(--ast-global-color-4)","background-image":"","background-repeat":"repeat","background-position":"center center","background-size":"auto","background-attachment":"scroll","background-type":"","background-media":"","overlay-type":"","overlay-color":"","overlay-opacity":"","overlay-gradient":""},"tablet":{"background-color":"","background-image":"","background-repeat":"repeat","background-position":"center center","background-size":"auto","background-attachment":"scroll","background-type":"","background-media":"","overlay-type":"","overlay-color":"","overlay-opacity":"","overlay-gradient":""},"mobile":{"background-color":"","background-image":"","background-repeat":"repeat","background-position":"center center","background-size":"auto","background-attachment":"scroll","background-type":"","background-media":"","overlay-type":"","overlay-color":"","overlay-opacity":"","overlay-gradient":""}},"ast-content-background-meta":{"desktop":{"background-color":"var(--ast-global-color-5)","background-image":"","background-repeat":"repeat","background-position":"center center","background-size":"auto","background-attachment":"scroll","background-type":"","background-media":"","overlay-type":"","overlay-color":"","overlay-opacity":"","overlay-gradient":""},"tablet":{"background-color":"var(--ast-global-color-5)","background-image":"","background-repeat":"repeat","background-position":"center center","background-size":"auto","background-attachment":"scroll","background-type":"","background-media":"","overlay-type":"","overlay-color":"","overlay-opacity":"","overlay-gradient":""},"mobile":{"background-color":"var(--ast-global-color-5)","background-image":"","background-repeat":"repeat","background-position":"center center","background-size":"auto","background-attachment":"scroll","background-type":"","background-media":"","overlay-type":"","overlay-color":"","overlay-opacity":"","overlay-gradient":""}},"_joinchat":[]},"product_brand":[],"product_cat":[15,60,128,27,25,123,30,26,28],"product_tag":[66,125,126,129,101,105,120],"class_list":{"0":"post-2320","1":"product","2":"type-product","3":"status-publish","4":"has-post-thumbnail","6":"product_cat-new-vape-this-week","7":"product_cat-bang-vapes","8":"product_cat-elf-box-disposable-vapes","9":"product_cat-fance-hot-sale-vape","10":"product_cat-germany-best-selling-vape","11":"product_cat-italy-wholesale-vape","12":"product_cat-minimum-order-quantity-50pcs","13":"product_cat-netherlands-hot-sale-vape","14":"product_cat-poland-hot-sale-vape","15":"product_tag-disposable-vape","16":"product_tag-disposable-vape-italy","17":"product_tag-e-cigarettes","18":"product_tag-elf-box-vape","19":"product_tag-led-display-vape","20":"product_tag-nicotine-free-disposable-vape","21":"product_tag-vape-wholesale","22":"desktop-align-left","23":"tablet-align-left","24":"mobile-align-left","26":"first","27":"instock","28":"sale","29":"shipping-taxable","30":"purchasable","31":"product-type-simple"},"uagb_featured_image_src":{"full":["https:\/\/rmvapesale.com\/wp-content\/uploads\/2024\/10\/ELF-Box-Digital-12000-Puffs-Disposable.jpg",808,808,false],"thumbnail":["https:\/\/rmvapesale.com\/wp-content\/uploads\/2024\/10\/ELF-Box-Digital-12000-Puffs-Disposable-150x150.jpg",150,150,true],"medium":["https:\/\/rmvapesale.com\/wp-content\/uploads\/2024\/10\/ELF-Box-Digital-12000-Puffs-Disposable-300x300.jpg",300,300,true],"medium_large":["https:\/\/rmvapesale.com\/wp-content\/uploads\/2024\/10\/ELF-Box-Digital-12000-Puffs-Disposable-768x768.jpg",768,768,true],"large":["https:\/\/rmvapesale.com\/wp-content\/uploads\/2024\/10\/ELF-Box-Digital-12000-Puffs-Disposable.jpg",808,808,false],"1536x1536":["https:\/\/rmvapesale.com\/wp-content\/uploads\/2024\/10\/ELF-Box-Digital-12000-Puffs-Disposable.jpg",808,808,false],"2048x2048":["https:\/\/rmvapesale.com\/wp-content\/uploads\/2024\/10\/ELF-Box-Digital-12000-Puffs-Disposable.jpg",808,808,false],"trp-custom-language-flag":["https:\/\/rmvapesale.com\/wp-content\/uploads\/2024\/10\/ELF-Box-Digital-12000-Puffs-Disposable.jpg",12,12,false],"woocommerce_thumbnail":["https:\/\/rmvapesale.com\/wp-content\/uploads\/2024\/10\/ELF-Box-Digital-12000-Puffs-Disposable-300x300.jpg",300,300,true],"woocommerce_single":["https:\/\/rmvapesale.com\/wp-content\/uploads\/2024\/10\/ELF-Box-Digital-12000-Puffs-Disposable-600x600.jpg",600,600,true],"woocommerce_gallery_thumbnail":["https:\/\/rmvapesale.com\/wp-content\/uploads\/2024\/10\/ELF-Box-Digital-12000-Puffs-Disposable-100x100.jpg",100,100,true],"wcpr-photo-reviews":["https:\/\/rmvapesale.com\/wp-content\/uploads\/2024\/10\/ELF-Box-Digital-12000-Puffs-Disposable.jpg",500,500,false]},"uagb_author_info":{"display_name":"AMY","author_link":"https:\/\/rmvapesale.com\/fr\/author\/"},"uagb_comment_info":0,"uagb_excerpt":"ELF Box Digital 12000 Puffs 0% 2% 3% 5% Low Nicotine ELF BOX Digital Box 12000 Puffs Disposable E Cigarettes ELF Box Digital 12000 Puffs Disposable Vape Wholesale WhatsApp: +86 17776015835 &nbsp;","_links":{"self":[{"href":"https:\/\/rmvapesale.com\/fr\/wp-json\/wp\/v2\/product\/2320","targetHints":{"allow":["GET"]}}],"collection":[{"href":"https:\/\/rmvapesale.com\/fr\/wp-json\/wp\/v2\/product"}],"about":[{"href":"https:\/\/rmvapesale.com\/fr\/wp-json\/wp\/v2\/types\/product"}],"replies":[{"embeddable":true,"href":"https:\/\/rmvapesale.com\/fr\/wp-json\/wp\/v2\/comments?post=2320"}],"wp:featuredmedia":[{"embeddable":true,"href":"https:\/\/rmvapesale.com\/fr\/wp-json\/wp\/v2\/media\/2325"}],"wp:attachment":[{"href":"https:\/\/rmvapesale.com\/fr\/wp-json\/wp\/v2\/media?parent=2320"}],"wp:term":[{"taxonomy":"product_brand","embeddable":true,"href":"https:\/\/rmvapesale.com\/fr\/wp-json\/wp\/v2\/product_brand?post=2320"},{"taxonomy":"product_cat","embeddable":true,"href":"https:\/\/rmvapesale.com\/fr\/wp-json\/wp\/v2\/product_cat?post=2320"},{"taxonomy":"product_tag","embeddable":true,"href":"https:\/\/rmvapesale.com\/fr\/wp-json\/wp\/v2\/product_tag?post=2320"}],"curies":[{"name":"wp","href":"https:\/\/api.w.org\/{rel}","templated":true}]}}