{"id":2344,"date":"2024-10-11T03:13:13","date_gmt":"2024-10-11T03:13:13","guid":{"rendered":"https:\/\/rmvapesale.com\/?post_type=product&#038;p=2344"},"modified":"2024-10-11T04:01:54","modified_gmt":"2024-10-11T04:01:54","slug":"mrvi-puffing-15000-puff-disposable-vape-box","status":"publish","type":"product","link":"https:\/\/rmvapesale.com\/fr\/product\/mrvi-puffing-15000-puff-disposable-vape-box\/","title":{"rendered":"MRVI PUFFING 15000 Bouff\u00e9es Bo\u00eete de Vape Jetable"},"content":{"rendered":"<div class=\"B2VR9 CJHX3e\">\n<div class=\"wyccme\">\n<h1 class=\"LC20lb MBeuO DKV0Md\">MRVI PUFFING 15000 Bouff\u00e9es Bo\u00eete de Vape Jetable<\/h1>\n<div class=\"flex-shrink-0 flex flex-col relative items-end\">\n<div class=\"pt-0\">\n<div class=\"gizmo-bot-avatar flex h-8 w-8 items-center justify-center overflow-hidden rounded-full\">\n<div class=\"relative p-1 rounded-sm flex items-center justify-center bg-token-main-surface-primary text-token-text-primary h-8 w-8\">\n<p>Pr\u00e9parez-vous \u00e0 une excellente exp\u00e9rience de vape avec la Vape Box jetable MRVI PUFFING 15000 Puffs ! Con\u00e7ue pour ceux qui recherchent une performance longue dur\u00e9e, cette vape offre 15 000 bouff\u00e9es, vous assurant de pouvoir en profiter pendant des jours sans souci.<\/p>\n<p>\u00c9quip\u00e9e d'une puissante batterie rechargeable de 750mAh et d'un port de charge Type-C, vous ne serez jamais \u00e0 court d'\u00e9nergie. La capacit\u00e9 de 25ml de e-liquide et la technologie de double bobine en maille garantissent des hits riches et savoureux \u00e0 chaque fois. De plus, vous pouvez surveiller votre utilisation gr\u00e2ce \u00e0 l'\u00e9cran pratique affichant le niveau de e-liquide et la puissance.<\/p>\n<p>Choisissez entre une concentration de nicotine de 2% ou 5%, selon votre pr\u00e9f\u00e9rence. Et pour couronner le tout, le MRVI Puffing est livr\u00e9 avec une \u00e9l\u00e9gante lani\u00e8re, ce qui le rend facile \u00e0 transporter partout o\u00f9 vous allez !<\/p>\n<p>Parfaite pour ceux qui aiment \u00e0 la fois la commodit\u00e9 et la performance, la Vape Box jetable MRVI PUFFING 15000 Puffs incitera vos clients \u00e0 revenir pour en savoir plus sur la Vape Box jetable MRVI PUFFING 15000 Puffs<\/p>\n<p>&nbsp;<\/p>\n<\/div>\n<\/div>\n<\/div>\n<\/div>\n<\/div>\n<\/div>\n<p><strong>Contactez Amy pour obtenir une r\u00e9ponse rapide et plus de vid\u00e9os de produits !<\/strong><\/p>\n<p><img loading=\"lazy\" decoding=\"async\" class=\"size-full wp-image-1978\" src=\"https:\/\/rmvapesale.com\/wp-content\/uploads\/2024\/09\/Disposable-Vape-Wholesale.jpg\" alt=\"Vente en gros de vapes jetables\" width=\"229\" height=\"300\" \/><\/p>\n<h3><a href=\"https:\/\/wa.me\/8617776015835\" target=\"_blank\" rel=\"noopener\"><span style=\"color: #ff0000\"><strong>WhatsApp: +86 17776015835<\/strong><\/span><\/a><\/h3>\n<p>&nbsp;<\/p>\n<h2><\/h2>\n<h2><strong>Caract\u00e9ristiques principales du MRVI PUFFING 15000 Puffs<\/strong><\/h2>\n<ul>\n<li><strong>Nombre \u00e9lev\u00e9 de bouff\u00e9es<\/strong>: Profitez de jusqu'\u00e0 <strong>15 000 bouff\u00e9es<\/strong>, assurant une exp\u00e9rience de vape longue dur\u00e9e sans remplacements fr\u00e9quents.<\/li>\n<li><strong>Capacit\u00e9 de e-liquide<\/strong>: Le <strong>Le r\u00e9servoir de 25ml de e-liquide<\/strong> permet une utilisation prolong\u00e9e, minimisant le besoin de recharges.<\/li>\n<li><strong>Batterie rechargeable<\/strong>: Aliment\u00e9 par une <strong>batterie de 750mAh<\/strong>, offrant des performances fiables avec la commodit\u00e9 de la recharge.<\/li>\n<li><strong>Recharge Type-C<\/strong>: Recharge rapide et efficace avec la technologie <strong>port Type-C<\/strong>, pour que vous soyez toujours aliment\u00e9 en un rien de temps.<\/li>\n<li><strong>Technologie de bobine \u00e0 double maille<\/strong>: Am\u00e9liorez votre exp\u00e9rience de vapotage avec des <strong>doubles bobines maill\u00e9es<\/strong>, offrant une saveur riche et une production de vapeur douce.<\/li>\n<li><strong>\u00c9cran intelligent<\/strong>: Restez inform\u00e9 gr\u00e2ce \u00e0 un <strong>\u00e9cran num\u00e9rique<\/strong> qui affiche le niveau d'e-liquide et l'autonomie de la batterie en un coup d'\u0153il.<\/li>\n<li><strong>Options de nicotine<\/strong>: Disponible en <strong>2% et 5%<\/strong> concentrations de nicotine, r\u00e9pondant \u00e0 un \u00e9ventail de pr\u00e9f\u00e9rences.<\/li>\n<li><strong>Cordon pratique<\/strong>: Livr\u00e9 avec un <strong>lani\u00e8re<\/strong> pour un transport facile, ce qui en fait un compagnon id\u00e9al pour le vapotage en d\u00e9placement.<\/li>\n<\/ul>\n<figure id=\"attachment_2345\" aria-describedby=\"caption-attachment-2345\" style=\"width: 808px\" class=\"wp-caption alignnone\"><img loading=\"lazy\" decoding=\"async\" class=\"wp-image-2345 size-full\" src=\"https:\/\/rmvapesale.com\/wp-content\/uploads\/2024\/10\/Mrvi-Puffing-15k-Price.jpg\" alt=\"Prix Mrvi Puffing 15k\" width=\"808\" height=\"808\" srcset=\"https:\/\/rmvapesale.com\/wp-content\/uploads\/2024\/10\/Mrvi-Puffing-15k-Price.jpg 808w, https:\/\/rmvapesale.com\/wp-content\/uploads\/2024\/10\/Mrvi-Puffing-15k-Price-300x300.jpg 300w, https:\/\/rmvapesale.com\/wp-content\/uploads\/2024\/10\/Mrvi-Puffing-15k-Price-150x150.jpg 150w, https:\/\/rmvapesale.com\/wp-content\/uploads\/2024\/10\/Mrvi-Puffing-15k-Price-768x768.jpg 768w, https:\/\/rmvapesale.com\/wp-content\/uploads\/2024\/10\/Mrvi-Puffing-15k-Price-600x600.jpg 600w, https:\/\/rmvapesale.com\/wp-content\/uploads\/2024\/10\/Mrvi-Puffing-15k-Price-100x100.jpg 100w\" sizes=\"auto, (max-width: 808px) 100vw, 808px\" \/><figcaption id=\"caption-attachment-2345\" class=\"wp-caption-text\">Prix Mrvi Puffing 15k<\/figcaption><\/figure>\n<h2><strong>Meilleures saveurs pour la cigarette \u00e9lectronique MRVI PUFFING 15000 Puffs<\/strong><\/h2>\n<p>Avec 10 saveurs \u00e9tonnantes au choix, y compris des options fruit\u00e9es et glac\u00e9es, le kit jetable MRVI PUFFING 15000 Puffs offre quelque chose pour tous les go\u00fbts.<\/p>\n<p>1. Myrtille glac\u00e9e<span style=\"color: #ff0000\"><strong>&gt;&gt;&gt;&gt; Chaud!<\/strong><\/span><br \/>\n2. Lait frapp\u00e9 \u00e0 la banane<br \/>\n3. Fraise Past\u00e8que<br \/>\n4. Cr\u00e8me glac\u00e9e au melon miel<br \/>\n5. Pomme rouge glac\u00e9e<br \/>\n6. P\u00eache Mangue<br \/>\n7. Myrtille Chewing-gum<span style=\"color: #ff0000\"><strong>&gt;&gt;&gt;&gt; Le meilleur !<\/strong><\/span><br \/>\n8. Glace Luxuriante<br \/>\n9. Glace \u00e0 l'ananas<br \/>\n10. \u00c9clat rose<span style=\"color: #ff0000\"><strong>&gt;&gt;&gt;&gt; Chaud!<\/strong><\/span><\/p>\n<p>&nbsp;<\/p>\n<h3><strong>Pourquoi choisir Rmvapesale pour votre bo\u00eete de vape jetable MRVI PUFFING 15000 Puffs?<\/strong><\/h3>\n<div class=\"flex-shrink-0 flex flex-col relative items-end\">\n<div class=\"pt-0\">\n<div class=\"gizmo-bot-avatar flex h-8 w-8 items-center justify-center overflow-hidden rounded-full\">\n<div class=\"relative p-1 rounded-sm flex items-center justify-center bg-token-main-surface-primary text-token-text-primary h-8 w-8\">\n<p>&nbsp;<\/p>\n<p>En choisissant Rmvapesale pour vos besoins en vapes jetables en gros, vous b\u00e9n\u00e9ficiez de :<\/p>\n<ul>\n<li><strong>Prix comp\u00e9titifs<\/strong>: Acc\u00e9dez \u00e0 des prix de gros attractifs qui stimulent vos marges commerciales.<\/li>\n<li><strong>Haute qualit\u00e9<\/strong>: Nos vapes sont fabriqu\u00e9es selon les normes les plus strictes et sont <span style=\"color: #ff0000\"><strong>garanties 100% originales et authentiques. Nous offrons 10 fois le prix en d\u00e9dommagement pour les produits contrefaits !<\/strong><\/span><\/li>\n<li><strong>Excellent service client<\/strong>: Notre \u00e9quipe d\u00e9di\u00e9e est toujours pr\u00eate \u00e0 vous aider, rendant votre processus d'achat fluide et sans tracas.<\/li>\n<li><strong>Exp\u00e9dition rapide<\/strong>: Attendez-vous \u00e0 une exp\u00e9dition rapide et fiable, garantissant que vos commandes arrivent \u00e0 temps, \u00e0 chaque fois.<\/li>\n<\/ul>\n<h3><\/h3>\n<h3><b>FAQs<\/b><\/h3>\n<p><strong>Q1: Combien de bouff\u00e9es puis-je obtenir de la vape jetable MRVI PUFFING 15000 Puffs?<\/strong><br \/>\n<strong>R1:<\/strong> Le MRVI PUFFING offre une impressionnante <strong>15 000 bouff\u00e9es<\/strong>, vous garantissant de profiter d'une vape durable sans avoir besoin de remplacements fr\u00e9quents.<\/p>\n<p><strong>Q2: Le MRVI PUFFING 15000 Puffs est-il rechargeable?<\/strong><br \/>\n<strong>R2:<\/strong> Oui ! Cette cigarette \u00e9lectronique est dot\u00e9e d'une <strong>batterie rechargeable de 750 mAh<\/strong>, ce qui vous permet de la recharger facilement via le <strong>port Type-C<\/strong> pour plus de commodit\u00e9 et une utilisation prolong\u00e9e.<\/p>\n<\/div>\n<\/div>\n<\/div>\n<\/div>\n<div class=\"group\/conversation-turn relative flex w-full min-w-0 flex-col agent-turn\">\n<div class=\"flex-col gap-1 md:gap-3\">\n<div class=\"flex max-w-full flex-col flex-grow\">\n<div class=\"min-h-8 text-message flex w-full flex-col items-end gap-2 whitespace-normal break-words [.text-message+&amp;]:mt-5\" dir=\"auto\" data-message-author-role=\"assistant\" data-message-id=\"f226d3fc-81f3-46d5-8c46-31787fff0357\">\n<div class=\"flex w-full flex-col gap-1 empty:hidden first:pt-[3px]\">\n<div class=\"markdown prose w-full break-words dark:prose-invert light\">\n<p><strong>Q3: Puis-je personnaliser la teneur en nicotine de la cigarette \u00e9lectronique jetable MRVI 15000 Puffs?<\/strong><br \/>\n<strong>A3:<\/strong> Oui, vous pouvez choisir entre des teneurs en nicotine de <strong>2% et 5%<\/strong> pour convenir \u00e0 vos pr\u00e9f\u00e9rences de vapotage.<\/p>\n<p><strong>Q4: Comment la barre de vapotage MRVI PUFFING 15000 Puffs am\u00e9liore-t-elle mon exp\u00e9rience de vapotage?<\/strong><br \/>\n<strong>A4:<\/strong> Gr\u00e2ce \u00e0 ses <strong>la technologie \u00e0 double bobine maill\u00e9e<\/strong>, vous pouvez profiter d'une saveur riche et d'une production de vapeur douce, rendant chaque bouff\u00e9e satisfaisante.<\/p>\n<p><strong>Q5: Le vapoteur MRVI PUFFING dispose-t-il d'une fonction d'affichage?<\/strong><br \/>\n<strong>A5:<\/strong> Absolument! Il comprend un <strong>affichage de l'e-liquide et de l'alimentation<\/strong> afin que vous puissiez facilement surveiller le e-liquide restant et la dur\u00e9e de vie de la batterie.<\/p>\n<p><strong>Q6: La cigarette \u00e9lectronique rechargeable MRVI 15000 Puffs est-elle facile \u00e0 transporter?<\/strong><br \/>\n<strong>A6:<\/strong> Oui, son design compact le rend portable et il est parfait pour vapoter en d\u00e9placement, que vous soyez \u00e0 la maison ou \u00e0 l'ext\u00e9rieur.<\/p>\n<p><strong>Q7: O\u00f9 puis-je acheter le vapo jetable MRVI 15000 Puffs?<\/strong><br \/>\n<strong>A7:<\/strong> Vous pouvez trouver le vapo jetable MRVI PUFFING 15000 Puffs chez divers d\u00e9taillants et sur des plateformes en ligne, garantissant un acc\u00e8s facile pour tous vos besoins de vapotage.<\/p>\n<\/div>\n<\/div>\n<\/div>\n<\/div>\n<\/div>\n<\/div>\n<h3>\u00c0 propos de l'exp\u00e9dition<\/h3>\n<div class=\"flex-shrink-0 flex flex-col relative items-end\">\n<div>\n<div class=\"pt-0\">\n<div class=\"gizmo-bot-avatar flex h-8 w-8 items-center justify-center overflow-hidden rounded-full\">\n<div><\/div>\n<div class=\"relative p-1 rounded-sm flex items-center justify-center bg-token-main-surface-primary text-token-text-primary h-8 w-8\"><strong>1. Quelles m\u00e9thodes d'exp\u00e9dition sont utilis\u00e9es ?<\/strong><\/div>\n<\/div>\n<\/div>\n<\/div>\n<\/div>\n<div class=\"group\/conversation-turn relative flex w-full min-w-0 flex-col agent-turn\">\n<div class=\"flex-col gap-1 md:gap-3\">\n<div class=\"flex max-w-full flex-col flex-grow\">\n<div class=\"min-h-[20px] text-message flex w-full flex-col items-end gap-2 whitespace-normal break-words [.text-message+&amp;]:mt-5 overflow-x-auto\" dir=\"auto\" data-message-author-role=\"assistant\" data-message-id=\"22f8283b-3233-46ff-89a5-c7a41b33abda\">\n<div class=\"flex w-full flex-col gap-1 empty:hidden first:pt-[3px]\">\n<div class=\"markdown prose w-full break-words dark:prose-invert light\">\n<p>Nous travaillons en partenariat avec UPS, DHL, FedEx, DPD et d'autres transporteurs de premier plan. Nous s\u00e9lectionnerons la meilleure m\u00e9thode d'exp\u00e9dition en fonction de votre lieu de livraison pour que vous receviez vos produits le plus rapidement possible.<\/p>\n<\/div>\n<p><strong>2. Combien de temps faut-il pour que cela arrive ?<\/strong><\/p>\n<p>Les colis exp\u00e9di\u00e9s en France arrivent g\u00e9n\u00e9ralement sous 10 jours ouvrables. L'exp\u00e9dition vers les pays europ\u00e9ens prend g\u00e9n\u00e9ralement environ 12 \u00e0 15 jours ouvrables. Nous vous fournirons des mises \u00e0 jour en temps r\u00e9el sur l'\u00e9tat de votre envoi.<\/p>\n<\/div>\n<\/div>\n<\/div>\n<\/div>\n<\/div>\n<p>&nbsp;<\/p>\n<p>Autres vapes en vente que vous pourriez aimer :<\/p>\n<p><a href=\"https:\/\/rmvapesale.com\/fr\/product\/elf-box-vape-bk12000-puff-disposable-pod-wholesale\/\"><strong>ELF BOX BK12000 Puffs <span style=\"color: #ff0000\">&gt;&gt;&gt;&gt; C'est parti !<\/span><\/strong><\/a><\/p>\n<p><strong><a href=\"https:\/\/rmvapesale.com\/fr\/product\/waspe-fihp-30000-puffs-led-display-disposable-vape-box\/\">WASPE FIHP 30000 Puffs <span style=\"color: #ff0000\">&gt;&gt;&gt;&gt; C'est parti !<\/span><\/a>\u00a0<\/strong><\/p>\n<h2 class=\"woocommerce-loop-product__title\"><a style=\"font-size: 16px\" href=\"https:\/\/rmvapesale.com\/fr\/product\/randm-tornado-15000-puffs-vape-wholesale\/\"><strong>RandM Tornado 15000 <span style=\"color: #ff0000\">&gt;&gt;&gt;&gt; C'est parti !<\/span><\/strong><\/a><\/h2>\n<p>&nbsp;<\/p>\n<p>&nbsp;<\/p>\n<p>Trouvez plus de produits de vape que vous pourriez aimer :<strong><em><a href=\"https:\/\/rmvapesale.com\/fr\/shop-2\/\">Achetez maintenant &gt;&gt;&gt;<\/a><\/em><\/strong><\/p>","protected":false},"excerpt":{"rendered":"<p>Vape Box originale d'usine MRVI PUFFING 15000 PUFFS<br \/>\nMRVI 15000 Puffs 2% 5% 25mL E-liquide rechargeable<br \/>\nVape MRVI PUFFING 1500015K Puffs prix de gros<\/p>\n<p><img loading=\"lazy\" decoding=\"async\" class=\"size-full wp-image-1978\" src=\"https:\/\/rmvapesale.com\/wp-content\/uploads\/2024\/09\/Disposable-Vape-Wholesale.jpg\" alt=\"Vente en gros de vapes jetables\" width=\"229\" height=\"300\" \/><\/p>\n<h3><a href=\"https:\/\/wa.me\/8617776015835\"><span style=\"color: #ff0000\"><strong>WhatsApp: +86 17776015835<\/strong><\/span><\/a><\/h3>\n<p>&nbsp;<\/p>","protected":false},"featured_media":2349,"comment_status":"open","ping_status":"closed","template":"","meta":{"_uag_custom_page_level_css":"","_lmt_disableupdate":"","_lmt_disable":"","site-sidebar-layout":"default","site-content-layout":"content-boxed-container","ast-site-content-layout":"normal-width-container","site-content-style":"boxed","site-sidebar-style":"unboxed","ast-global-header-display":"","ast-banner-title-visibility":"","ast-main-header-display":"","ast-hfb-above-header-display":"","ast-hfb-below-header-display":"","ast-hfb-mobile-header-display":"","site-post-title":"","ast-breadcrumbs-content":"","ast-featured-img":"","footer-sml-layout":"","theme-transparent-header-meta":"default","adv-header-id-meta":"","stick-header-meta":"","header-above-stick-meta":"","header-main-stick-meta":"","header-below-stick-meta":"","astra-migrate-meta-layouts":"set","ast-page-background-enabled":"default","ast-page-background-meta":{"desktop":{"background-color":"var(--ast-global-color-4)","background-image":"","background-repeat":"repeat","background-position":"center center","background-size":"auto","background-attachment":"scroll","background-type":"","background-media":"","overlay-type":"","overlay-color":"","overlay-opacity":"","overlay-gradient":""},"tablet":{"background-color":"","background-image":"","background-repeat":"repeat","background-position":"center center","background-size":"auto","background-attachment":"scroll","background-type":"","background-media":"","overlay-type":"","overlay-color":"","overlay-opacity":"","overlay-gradient":""},"mobile":{"background-color":"","background-image":"","background-repeat":"repeat","background-position":"center center","background-size":"auto","background-attachment":"scroll","background-type":"","background-media":"","overlay-type":"","overlay-color":"","overlay-opacity":"","overlay-gradient":""}},"ast-content-background-meta":{"desktop":{"background-color":"var(--ast-global-color-5)","background-image":"","background-repeat":"repeat","background-position":"center center","background-size":"auto","background-attachment":"scroll","background-type":"","background-media":"","overlay-type":"","overlay-color":"","overlay-opacity":"","overlay-gradient":""},"tablet":{"background-color":"var(--ast-global-color-5)","background-image":"","background-repeat":"repeat","background-position":"center center","background-size":"auto","background-attachment":"scroll","background-type":"","background-media":"","overlay-type":"","overlay-color":"","overlay-opacity":"","overlay-gradient":""},"mobile":{"background-color":"var(--ast-global-color-5)","background-image":"","background-repeat":"repeat","background-position":"center center","background-size":"auto","background-attachment":"scroll","background-type":"","background-media":"","overlay-type":"","overlay-color":"","overlay-opacity":"","overlay-gradient":""}},"_joinchat":[]},"product_brand":[],"product_cat":[15,25,123,26,28,27,60,30],"product_tag":[131,66,125,126,134,132,133],"class_list":{"0":"post-2344","1":"product","2":"type-product","3":"status-publish","4":"has-post-thumbnail","6":"product_cat-new-vape-this-week","7":"product_cat-germany-best-selling-vape","8":"product_cat-italy-wholesale-vape","9":"product_cat-netherlands-hot-sale-vape","10":"product_cat-poland-hot-sale-vape","11":"product_cat-fance-hot-sale-vape","12":"product_cat-bang-vapes","13":"product_cat-minimum-order-quantity-50pcs","14":"product_tag-big-puff-vape","15":"product_tag-disposable-vape","16":"product_tag-disposable-vape-italy","17":"product_tag-e-cigarettes","18":"product_tag-mrvi-puffing-15k-price","19":"product_tag-rechargeable-vape","20":"product_tag-vape-bar","21":"desktop-align-left","22":"tablet-align-left","23":"mobile-align-left","25":"first","26":"instock","27":"sale","28":"shipping-taxable","29":"purchasable","30":"product-type-simple"},"uagb_featured_image_src":{"full":["https:\/\/rmvapesale.com\/wp-content\/uploads\/2024\/10\/MRVI-PUFFING-15000.jpg",808,808,false],"thumbnail":["https:\/\/rmvapesale.com\/wp-content\/uploads\/2024\/10\/MRVI-PUFFING-15000-150x150.jpg",150,150,true],"medium":["https:\/\/rmvapesale.com\/wp-content\/uploads\/2024\/10\/MRVI-PUFFING-15000-300x300.jpg",300,300,true],"medium_large":["https:\/\/rmvapesale.com\/wp-content\/uploads\/2024\/10\/MRVI-PUFFING-15000-768x768.jpg",768,768,true],"large":["https:\/\/rmvapesale.com\/wp-content\/uploads\/2024\/10\/MRVI-PUFFING-15000.jpg",808,808,false],"1536x1536":["https:\/\/rmvapesale.com\/wp-content\/uploads\/2024\/10\/MRVI-PUFFING-15000.jpg",808,808,false],"2048x2048":["https:\/\/rmvapesale.com\/wp-content\/uploads\/2024\/10\/MRVI-PUFFING-15000.jpg",808,808,false],"trp-custom-language-flag":["https:\/\/rmvapesale.com\/wp-content\/uploads\/2024\/10\/MRVI-PUFFING-15000.jpg",12,12,false],"woocommerce_thumbnail":["https:\/\/rmvapesale.com\/wp-content\/uploads\/2024\/10\/MRVI-PUFFING-15000-300x300.jpg",300,300,true],"woocommerce_single":["https:\/\/rmvapesale.com\/wp-content\/uploads\/2024\/10\/MRVI-PUFFING-15000-600x600.jpg",600,600,true],"woocommerce_gallery_thumbnail":["https:\/\/rmvapesale.com\/wp-content\/uploads\/2024\/10\/MRVI-PUFFING-15000-100x100.jpg",100,100,true],"wcpr-photo-reviews":["https:\/\/rmvapesale.com\/wp-content\/uploads\/2024\/10\/MRVI-PUFFING-15000.jpg",500,500,false]},"uagb_author_info":{"display_name":"AMY","author_link":"https:\/\/rmvapesale.com\/fr\/author\/"},"uagb_comment_info":0,"uagb_excerpt":"Factory Original MRVI PUFFING 15000 PUFFS Vape Box MRVI 15000 Puffs 2% 5% 25mL E-liquid Rechargeable MRVI PUFFING 1500015K Puffs Wholesale Price vape WhatsApp: +86 17776015835 &nbsp;","_links":{"self":[{"href":"https:\/\/rmvapesale.com\/fr\/wp-json\/wp\/v2\/product\/2344","targetHints":{"allow":["GET"]}}],"collection":[{"href":"https:\/\/rmvapesale.com\/fr\/wp-json\/wp\/v2\/product"}],"about":[{"href":"https:\/\/rmvapesale.com\/fr\/wp-json\/wp\/v2\/types\/product"}],"replies":[{"embeddable":true,"href":"https:\/\/rmvapesale.com\/fr\/wp-json\/wp\/v2\/comments?post=2344"}],"wp:featuredmedia":[{"embeddable":true,"href":"https:\/\/rmvapesale.com\/fr\/wp-json\/wp\/v2\/media\/2349"}],"wp:attachment":[{"href":"https:\/\/rmvapesale.com\/fr\/wp-json\/wp\/v2\/media?parent=2344"}],"wp:term":[{"taxonomy":"product_brand","embeddable":true,"href":"https:\/\/rmvapesale.com\/fr\/wp-json\/wp\/v2\/product_brand?post=2344"},{"taxonomy":"product_cat","embeddable":true,"href":"https:\/\/rmvapesale.com\/fr\/wp-json\/wp\/v2\/product_cat?post=2344"},{"taxonomy":"product_tag","embeddable":true,"href":"https:\/\/rmvapesale.com\/fr\/wp-json\/wp\/v2\/product_tag?post=2344"}],"curies":[{"name":"wp","href":"https:\/\/api.w.org\/{rel}","templated":true}]}}