{"id":2351,"date":"2024-10-11T08:11:29","date_gmt":"2024-10-11T08:11:29","guid":{"rendered":"https:\/\/rmvapesale.com\/?post_type=product&#038;p=2351"},"modified":"2024-10-11T08:47:10","modified_gmt":"2024-10-11T08:47:10","slug":"bang-box-18000-puffs-led-display-disposable-vape-original","status":"publish","type":"product","link":"https:\/\/rmvapesale.com\/fr\/product\/bang-box-18000-puffs-led-display-disposable-vape-original\/","title":{"rendered":"Bang Box 18000 Bouff\u00e9es LED Affichage Vape Jetable Original"},"content":{"rendered":"<div class=\"B2VR9 CJHX3e\">\n<div class=\"wyccme\">\n<h1 class=\"LC20lb MBeuO DKV0Md\">Bang Box 18000 Bouff\u00e9es Vape Jetable \u00c9cran LED \u00c9dition Originale<\/h1>\n<div class=\"flex-shrink-0 flex flex-col relative items-end\">\n<div class=\"pt-0\">\n<div class=\"gizmo-bot-avatar flex h-8 w-8 items-center justify-center overflow-hidden rounded-full\">\n<div class=\"relative p-1 rounded-sm flex items-center justify-center bg-token-main-surface-primary text-token-text-primary h-8 w-8\">\n<p>La Bang Box 18000 Bouff\u00e9es est une vape jetable \u00e0 \u00e9cran LED tr\u00e8s populaire, parfaite pour ceux qui recherchent une exp\u00e9rience de vapotage haut de gamme et longue dur\u00e9e. Avec une capacit\u00e9 impressionnante de 18 000 bouff\u00e9es, cet appareil dure bien plus longtemps que la plupart des jetables sur le march\u00e9. Son r\u00e9servoir g\u00e9n\u00e9reux de 26 ml de e-liquide et ses options de nicotine 0%, 2%, 3% et 5% en font un produit polyvalent, adapt\u00e9 aux vapoteurs occasionnels comme aux vapoteurs intensifs.<\/p>\n<p>Con\u00e7u pour la simplicit\u00e9 et la satisfaction, ce bar de vape jetable est \u00e9quip\u00e9 d'une batterie rechargeable de 850mAh et d'une charge rapide via Type-C, vous assurant une autonomie tout au long de la journ\u00e9e. L'\u00e9cran num\u00e9rique LED distinctif vous donne des informations en temps r\u00e9el sur la dur\u00e9e de vie de la batterie et le nombre de bouff\u00e9es, pour un suivi facile de votre appareil.<\/p>\n<p>&nbsp;<\/p>\n<\/div>\n<\/div>\n<\/div>\n<\/div>\n<\/div>\n<\/div>\n<p><strong>Contactez Amy pour obtenir une r\u00e9ponse rapide et plus de vid\u00e9os de produits !<\/strong><\/p>\n<p><img loading=\"lazy\" decoding=\"async\" class=\"size-full wp-image-1978\" src=\"https:\/\/rmvapesale.com\/wp-content\/uploads\/2024\/09\/Disposable-Vape-Wholesale.jpg\" alt=\"Vente en gros de vapes jetables\" width=\"229\" height=\"300\" \/><\/p>\n<h3><a href=\"https:\/\/wa.me\/8617776015835\" target=\"_blank\" rel=\"noopener\"><span style=\"color: #ff0000\"><strong>WhatsApp: +86 17776015835<\/strong><\/span><\/a><\/h3>\n<p>&nbsp;<\/p>\n<h2><\/h2>\n<h2><strong>Caract\u00e9ristiques principales de la Vape Jetable Bang Box 18000 Bouff\u00e9es<\/strong><\/h2>\n<p>&nbsp;<\/p>\n<ul>\n<li><strong>18 000 Bouff\u00e9es<\/strong>: Avec un nombre massif de 18 000 bouff\u00e9es, profitez d'une vapote prolong\u00e9e sans avoir \u00e0 changer de dispositif fr\u00e9quemment.<\/li>\n<li><strong>R\u00e9sistance Mesh (0,8 ohm)<\/strong>: La technologie avanc\u00e9e de la r\u00e9sistance en mesh garantit une production maximale de saveur et de vapeur, pour une sensation douce et riche \u00e0 chaque inhalation.<\/li>\n<li><strong>Capacit\u00e9 de 26 ml de e-liquide<\/strong>: \u00c9quip\u00e9 d'une capacit\u00e9 g\u00e9n\u00e9reuse de 26 ml, il r\u00e9duit la n\u00e9cessit\u00e9 de recharges fr\u00e9quentes, offrant une utilisation longue dur\u00e9e.<\/li>\n<li><strong>Options de nicotine<\/strong>: Choisissez parmi les <strong>0%, 2%, 3% ou 5% de nicotine<\/strong> pour personnaliser votre exp\u00e9rience de vapotage et r\u00e9pondre \u00e0 vos pr\u00e9f\u00e9rences personnelles.<\/li>\n<li><strong>Batterie rechargeable de 850mAh<\/strong>: La batterie int\u00e9gr\u00e9e puissante de 850mAh vous assure de rester aliment\u00e9 toute la journ\u00e9e, et avec <strong>charge rapide Type-C<\/strong>, vous serez de retour \u00e0 vapoter en un rien de temps.<\/li>\n<li><strong>\u00c9cran num\u00e9rique LED<\/strong>: Restez ma\u00eetre de votre appareil avec l'interface intuitive <strong>\u00e9cran LED<\/strong> qui affiche des informations essentielles telles que l'autonomie restante de la batterie et le niveau de e-liquide, facilitant ainsi la surveillance de votre appareil.<\/li>\n<\/ul>\n<figure id=\"attachment_2352\" aria-describedby=\"caption-attachment-2352\" style=\"width: 600px\" class=\"wp-caption alignnone\"><img loading=\"lazy\" decoding=\"async\" class=\"wp-image-2352\" src=\"https:\/\/rmvapesale.com\/wp-content\/uploads\/2024\/10\/Bang-Box-18000-Puffs-Disposable-Vape-Wholesale.jpg\" alt=\"Bang Box 18000 Bouff\u00e9es Vape Jetable en Gros\" width=\"600\" height=\"600\" srcset=\"https:\/\/rmvapesale.com\/wp-content\/uploads\/2024\/10\/Bang-Box-18000-Puffs-Disposable-Vape-Wholesale.jpg 800w, https:\/\/rmvapesale.com\/wp-content\/uploads\/2024\/10\/Bang-Box-18000-Puffs-Disposable-Vape-Wholesale-300x300.jpg 300w, https:\/\/rmvapesale.com\/wp-content\/uploads\/2024\/10\/Bang-Box-18000-Puffs-Disposable-Vape-Wholesale-150x150.jpg 150w, https:\/\/rmvapesale.com\/wp-content\/uploads\/2024\/10\/Bang-Box-18000-Puffs-Disposable-Vape-Wholesale-768x768.jpg 768w, https:\/\/rmvapesale.com\/wp-content\/uploads\/2024\/10\/Bang-Box-18000-Puffs-Disposable-Vape-Wholesale-600x600.jpg 600w, https:\/\/rmvapesale.com\/wp-content\/uploads\/2024\/10\/Bang-Box-18000-Puffs-Disposable-Vape-Wholesale-100x100.jpg 100w\" sizes=\"auto, (max-width: 600px) 100vw, 600px\" \/><figcaption id=\"caption-attachment-2352\" class=\"wp-caption-text\">Bang Box 18000 Bouff\u00e9es Vape Jetable en Gros<\/figcaption><\/figure>\n<h2><\/h2>\n<h2><strong>Saveur principale pour Bang Box 18000 Bouff\u00e9es Vape Bar<\/strong><\/h2>\n<p>L' <strong>Bang Box 18000 Bouff\u00e9es Vape Jetable avec \u00c9cran LED<\/strong> est le choix ultime pour les vapoteurs qui recherchent la commodit\u00e9, des performances puissantes et une exp\u00e9rience am\u00e9lior\u00e9e. Disponible en plusieurs concentrations de nicotine, cet appareil offre une mani\u00e8re \u00e9l\u00e9gante et sans souci de profiter de vos e-liquides pr\u00e9f\u00e9r\u00e9s, le tout avec la simplicit\u00e9 d'une vape jetable.<\/p>\n<p>1. Ours Gummy <span style=\"color: #ff0000\"><strong>&gt;&gt;&gt;&gt; Chaud!<\/strong><\/span><br \/>\n2.Cr\u00e8me Glac\u00e9e \u00e0 la Fraise<span style=\"color: #ff0000\"><strong>&gt;&gt;&gt;&gt; Le meilleur !<\/strong><\/span><br \/>\n3. P\u00eache Mangue<br \/>\n4. Triple Baies Glac\u00e9es<br \/>\n5. Fraise Banane<br \/>\n6. Glace Luxuriante<br \/>\n7.Glace au raz bleu <span style=\"color: #ff0000\"><strong>&gt;&gt;&gt;&gt; Chaud!<\/strong><\/span><br \/>\n8. Fruit Tropical<br \/>\n9. Groseille Aloe<br \/>\n10.P\u00eache glac\u00e9e<br \/>\n11. Fraise Litchi<br \/>\n12. Menthe Fra\u00eeche<\/p>\n<p>&nbsp;<\/p>\n<p>&nbsp;<\/p>\n<h3><strong>Pourquoi choisir Rmvapesale pour votre achat en gros de Bang Box 18000 Bouff\u00e9es Vape ?<\/strong><\/h3>\n<div class=\"flex-shrink-0 flex flex-col relative items-end\">\n<div>\n<div class=\"pt-0\">\n<div class=\"gizmo-bot-avatar flex h-8 w-8 items-center justify-center overflow-hidden rounded-full\">\n<div class=\"relative p-1 rounded-sm flex items-center justify-center bg-token-main-surface-primary text-token-text-primary h-8 w-8\">\n<p>&nbsp;<\/p>\n<p>En choisissant Rmvapesale pour vos besoins en vapes jetables en gros, vous b\u00e9n\u00e9ficiez de :<\/p>\n<ul>\n<li><strong>Prix comp\u00e9titifs<\/strong>: Acc\u00e9dez \u00e0 des prix de gros attractifs qui stimulent vos marges commerciales.<\/li>\n<li><strong>Haute qualit\u00e9<\/strong>: Nos vapes sont fabriqu\u00e9es selon les normes les plus strictes et sont <span style=\"color: #ff0000\"><strong>garanties 100% originales et authentiques. Nous offrons 10 fois le prix en d\u00e9dommagement pour les produits contrefaits !<\/strong><\/span><\/li>\n<li><strong>Excellent service client<\/strong>: Notre \u00e9quipe d\u00e9di\u00e9e est toujours pr\u00eate \u00e0 vous aider, rendant votre processus d'achat fluide et sans tracas.<\/li>\n<li><strong>Exp\u00e9dition rapide<\/strong>: Attendez-vous \u00e0 une exp\u00e9dition rapide et fiable, garantissant que vos commandes arrivent \u00e0 temps, \u00e0 chaque fois.<\/li>\n<\/ul>\n<h3><\/h3>\n<h3><b>FAQs<\/b><\/h3>\n<p>&nbsp;<\/p>\n<\/div>\n<\/div>\n<\/div>\n<\/div>\n<\/div>\n<div class=\"group\/conversation-turn relative flex w-full min-w-0 flex-col agent-turn\">\n<div class=\"flex-col gap-1 md:gap-3\">\n<div class=\"flex max-w-full flex-col flex-grow\">\n<div class=\"min-h-8 text-message flex w-full flex-col items-end gap-2 whitespace-normal break-words [.text-message+&amp;]:mt-5\" dir=\"auto\" data-message-author-role=\"assistant\" data-message-id=\"f226d3fc-81f3-46d5-8c46-31787fff0357\">\n<div class=\"flex w-full flex-col gap-1 empty:hidden first:pt-[3px]\">\n<div class=\"markdown prose w-full break-words dark:prose-invert light\">\n<h3>1. <strong>Qu'est-ce qui distingue la Vape Jetable Bang Box 18000 Bouff\u00e9es ?<\/strong><\/h3>\n<p>L' <strong>Bang Box 18000 Bouff\u00e9es Vape Jetable<\/strong> offre une exp\u00e9rience de vapotage exceptionnelle avec sa grande <strong>18 000 bouff\u00e9es<\/strong> capacit\u00e9 et une rechargeable <strong>batterie de 850 mAh<\/strong>. Il dispose d'un <strong>r\u00e9servoir de e-liquide de 26 ml<\/strong>, garantissant une utilisation prolong\u00e9e sans besoin de remplacements fr\u00e9quents. De plus, le <strong>affichage num\u00e9rique LED<\/strong> vous tient inform\u00e9 de la dur\u00e9e de vie de la batterie et du nombre de bouff\u00e9es.<\/p>\n<h3>2. <strong>Comment savoir quand recharger mon Bang Box 18000 Bouff\u00e9es Vape Bar ?<\/strong><\/h3>\n<p>L' <strong>Bang Box 18000 Bouff\u00e9es Vape Bar<\/strong> dispose d'un pratique <strong>affichage num\u00e9rique LED<\/strong> qui affiche \u00e0 la fois la dur\u00e9e de vie de la batterie et le nombre de bouff\u00e9es, facilitant ainsi la connaissance du moment de la recharge.<\/p>\n<h3>3. <strong>Puis-je recharger le Bang Box 18000 Bouff\u00e9es Vape Rechargeable ?<\/strong><\/h3>\n<p>Oui ! Le <strong>Bang Box 18000 Bouff\u00e9es Vape Rechargeable<\/strong> est livr\u00e9 avec un <strong>port de charge Type-C<\/strong>, permettant une recharge rapide et facile. Cette caract\u00e9ristique, combin\u00e9e \u00e0 son nombre \u00e9lev\u00e9 de bouff\u00e9es, assure une utilisation de longue dur\u00e9e.<\/p>\n<h3>4. <strong>Quelles sont les concentrations de nicotine disponibles dans le Bang Box 18000 Bouff\u00e9es Vape Rechargeable ?<\/strong><\/h3>\n<p>L' <strong>Bang Box 18000 Bouff\u00e9es Vape Rechargeable<\/strong> est disponible en quatre concentrations de nicotine : <strong>0%, 2%, 3% et 5%<\/strong>. Cette flexibilit\u00e9 s'adresse aux vapoteurs ayant des pr\u00e9f\u00e9rences diff\u00e9rentes, que vous recherchiez un vapotage sans nicotine ou un hit plus fort.<\/p>\n<h3>5. <strong>Le Bang Vape BOX 18000 Bouff\u00e9es Vape Jetable est-il facile \u00e0 transporter ?<\/strong><\/h3>\n<p>cURL Too many subrequests. <strong>Bang Vape BOX 18000 Bouff\u00e9es Vape Jetable<\/strong> est con\u00e7u pour \u00eatre portable et convivial, ce qui le rend parfait pour vapoter en d\u00e9placement. Malgr\u00e9 sa grande capacit\u00e9 de bouff\u00e9es, il reste l\u00e9ger et facile \u00e0 transporter.<\/p>\n<h3>6. <strong>Le Bang Box 18000 Bouff\u00e9es Vape Bar offre-t-il des saveurs riches ?<\/strong><\/h3>\n<p>Oui ! Gr\u00e2ce \u00e0 la <strong>R\u00e9sistance maill\u00e9e de 0,8 ohm<\/strong>, le <strong>Bang Box 18k Bouff\u00e9es Vape Bar<\/strong> offre une saveur et une production de vapeur am\u00e9lior\u00e9es. Que vous appr\u00e9ciez des saveurs fruit\u00e9es comme <strong>P\u00eache Mangue<\/strong> ou des sensations rafra\u00eechissantes comme <strong>Lush Glac\u00e9e<\/strong>, chaque bouff\u00e9e offre une exp\u00e9rience satisfaisante.<\/p>\n<\/div>\n<\/div>\n<\/div>\n<\/div>\n<\/div>\n<\/div>\n<p>&nbsp;<\/p>\n<h3><\/h3>\n<h3>\u00c0 propos de l'exp\u00e9dition<\/h3>\n<div class=\"flex-shrink-0 flex flex-col relative items-end\">\n<div>\n<div class=\"pt-0\">\n<div class=\"gizmo-bot-avatar flex h-8 w-8 items-center justify-center overflow-hidden rounded-full\">\n<div><\/div>\n<div class=\"relative p-1 rounded-sm flex items-center justify-center bg-token-main-surface-primary text-token-text-primary h-8 w-8\"><strong>1. Quelles m\u00e9thodes d'exp\u00e9dition sont utilis\u00e9es ?<\/strong><\/div>\n<\/div>\n<\/div>\n<\/div>\n<\/div>\n<div class=\"group\/conversation-turn relative flex w-full min-w-0 flex-col agent-turn\">\n<div class=\"flex-col gap-1 md:gap-3\">\n<div class=\"flex max-w-full flex-col flex-grow\">\n<div class=\"min-h-[20px] text-message flex w-full flex-col items-end gap-2 whitespace-normal break-words [.text-message+&amp;]:mt-5 overflow-x-auto\" dir=\"auto\" data-message-author-role=\"assistant\" data-message-id=\"22f8283b-3233-46ff-89a5-c7a41b33abda\">\n<div class=\"flex w-full flex-col gap-1 empty:hidden first:pt-[3px]\">\n<div class=\"markdown prose w-full break-words dark:prose-invert light\">\n<p>Nous travaillons en partenariat avec UPS, DHL, FedEx, DPD et d'autres transporteurs de premier plan. Nous s\u00e9lectionnerons la meilleure m\u00e9thode d'exp\u00e9dition en fonction de votre lieu de livraison pour que vous receviez vos produits le plus rapidement possible.<\/p>\n<\/div>\n<p><strong>2. Combien de temps faut-il pour que cela arrive ?<\/strong><\/p>\n<p>Les colis exp\u00e9di\u00e9s en France arrivent g\u00e9n\u00e9ralement sous 10 jours ouvrables. L'exp\u00e9dition vers les pays europ\u00e9ens prend g\u00e9n\u00e9ralement environ 12 \u00e0 15 jours ouvrables. Nous vous fournirons des mises \u00e0 jour en temps r\u00e9el sur l'\u00e9tat de votre envoi.<\/p>\n<\/div>\n<\/div>\n<\/div>\n<\/div>\n<\/div>\n<p>&nbsp;<\/p>\n<p>Autres vapes en vente que vous pourriez aimer :<\/p>\n<p><a href=\"https:\/\/rmvapesale.com\/fr\/product\/bang-25000-puffs-0-2-3-5-nicotine-led-display-vape-pod\/\"><strong>Bang 25000 Bouff\u00e9es Puff\u00a0 \u00a0<span style=\"color: #ff0000\">&gt;&gt;&gt;&gt; C'est parti !<\/span><\/strong><\/a><\/p>\n<p><strong><a href=\"https:\/\/rmvapesale.com\/fr\/product\/uwin-crystal-10000-puff-disposable-vape-wholesale-price\/\">UWIN Crystal 10000 Bouff\u00e9es <span style=\"color: #ff0000\">&gt;&gt;&gt;&gt; C'est parti !<\/span><\/a>\u00a0<\/strong><\/p>\n<p><a href=\"https:\/\/rmvapesale.com\/fr\/product\/bang-box-30000-puff-smart-screen-disposable-vape-wholesale\/\"><strong>Bang Box 30000 Bouff\u00e9es \u00c9cran Intelligent Bouff\u00e9es <span style=\"color: #ff0000\">&gt;&gt;&gt;&gt; C'est parti !<\/span><\/strong><\/a><\/p>\n<p>&nbsp;<\/p>\n<p>&nbsp;<\/p>\n<p>Trouvez plus de produits de vape que vous pourriez aimer :<strong><em><a href=\"https:\/\/rmvapesale.com\/fr\/shop-2\/\">Achetez maintenant &gt;&gt;&gt;<\/a><\/em><\/strong><\/p>","protected":false},"excerpt":{"rendered":"<p>BANG BOX 18000 Bouff\u00e9es Vape Jetable Vente en Gros<br \/>\nBANG Vape 18000 Bouff\u00e9es Vape Jetable Bar Vape Achat en Gros<br \/>\nBANG BOX 18k Bouff\u00e9es Vape Jetable Nicotine Faible \u00c9dition Intelligente<\/p>\n<p><img loading=\"lazy\" decoding=\"async\" class=\"size-full wp-image-1978\" src=\"https:\/\/rmvapesale.com\/wp-content\/uploads\/2024\/09\/Disposable-Vape-Wholesale.jpg\" alt=\"Vente en gros de vapes jetables\" width=\"229\" height=\"300\" \/><\/p>\n<h3><a href=\"https:\/\/wa.me\/8617776015835\"><span style=\"color: #ff0000\"><strong>WhatsApp: +86 17776015835<\/strong><\/span><\/a><\/h3>\n<p>&nbsp;<\/p>","protected":false},"featured_media":2354,"comment_status":"open","ping_status":"closed","template":"","meta":{"_uag_custom_page_level_css":"","_lmt_disableupdate":"","_lmt_disable":"","site-sidebar-layout":"default","site-content-layout":"content-boxed-container","ast-site-content-layout":"normal-width-container","site-content-style":"boxed","site-sidebar-style":"unboxed","ast-global-header-display":"","ast-banner-title-visibility":"","ast-main-header-display":"","ast-hfb-above-header-display":"","ast-hfb-below-header-display":"","ast-hfb-mobile-header-display":"","site-post-title":"","ast-breadcrumbs-content":"","ast-featured-img":"","footer-sml-layout":"","ast-disable-related-posts":"","theme-transparent-header-meta":"default","adv-header-id-meta":"","stick-header-meta":"","header-above-stick-meta":"","header-main-stick-meta":"","header-below-stick-meta":"","astra-migrate-meta-layouts":"set","ast-page-background-enabled":"default","ast-page-background-meta":{"desktop":{"background-color":"var(--ast-global-color-4)","background-image":"","background-repeat":"repeat","background-position":"center center","background-size":"auto","background-attachment":"scroll","background-type":"","background-media":"","overlay-type":"","overlay-color":"","overlay-opacity":"","overlay-gradient":""},"tablet":{"background-color":"","background-image":"","background-repeat":"repeat","background-position":"center center","background-size":"auto","background-attachment":"scroll","background-type":"","background-media":"","overlay-type":"","overlay-color":"","overlay-opacity":"","overlay-gradient":""},"mobile":{"background-color":"","background-image":"","background-repeat":"repeat","background-position":"center center","background-size":"auto","background-attachment":"scroll","background-type":"","background-media":"","overlay-type":"","overlay-color":"","overlay-opacity":"","overlay-gradient":""}},"ast-content-background-meta":{"desktop":{"background-color":"var(--ast-global-color-5)","background-image":"","background-repeat":"repeat","background-position":"center center","background-size":"auto","background-attachment":"scroll","background-type":"","background-media":"","overlay-type":"","overlay-color":"","overlay-opacity":"","overlay-gradient":""},"tablet":{"background-color":"var(--ast-global-color-5)","background-image":"","background-repeat":"repeat","background-position":"center center","background-size":"auto","background-attachment":"scroll","background-type":"","background-media":"","overlay-type":"","overlay-color":"","overlay-opacity":"","overlay-gradient":""},"mobile":{"background-color":"var(--ast-global-color-5)","background-image":"","background-repeat":"repeat","background-position":"center center","background-size":"auto","background-attachment":"scroll","background-type":"","background-media":"","overlay-type":"","overlay-color":"","overlay-opacity":"","overlay-gradient":""}},"_joinchat":[]},"product_brand":[],"product_cat":[15,60,27,25,123,30,26,28,135],"product_tag":[63,66,125,126,101,105,120],"class_list":{"0":"post-2351","1":"product","2":"type-product","3":"status-publish","4":"has-post-thumbnail","6":"product_cat-new-vape-this-week","7":"product_cat-bang-vapes","8":"product_cat-fance-hot-sale-vape","9":"product_cat-germany-best-selling-vape","10":"product_cat-italy-wholesale-vape","11":"product_cat-minimum-order-quantity-50pcs","12":"product_cat-netherlands-hot-sale-vape","13":"product_cat-poland-hot-sale-vape","14":"product_cat-spain-best-hot-sale-vape","15":"product_tag-bang-vapes","16":"product_tag-disposable-vape","17":"product_tag-disposable-vape-italy","18":"product_tag-e-cigarettes","19":"product_tag-led-display-vape","20":"product_tag-nicotine-free-disposable-vape","21":"product_tag-vape-wholesale","22":"desktop-align-left","23":"tablet-align-left","24":"mobile-align-left","26":"first","27":"instock","28":"sale","29":"shipping-taxable","30":"purchasable","31":"product-type-simple"},"uagb_featured_image_src":{"full":["https:\/\/rmvapesale.com\/wp-content\/uploads\/2024\/10\/Bang-Box-18000-Puffs-LED-Display-Disposable-Vape-Wholesale.jpg",800,800,false],"thumbnail":["https:\/\/rmvapesale.com\/wp-content\/uploads\/2024\/10\/Bang-Box-18000-Puffs-LED-Display-Disposable-Vape-Wholesale-150x150.jpg",150,150,true],"medium":["https:\/\/rmvapesale.com\/wp-content\/uploads\/2024\/10\/Bang-Box-18000-Puffs-LED-Display-Disposable-Vape-Wholesale-300x300.jpg",300,300,true],"medium_large":["https:\/\/rmvapesale.com\/wp-content\/uploads\/2024\/10\/Bang-Box-18000-Puffs-LED-Display-Disposable-Vape-Wholesale-768x768.jpg",768,768,true],"large":["https:\/\/rmvapesale.com\/wp-content\/uploads\/2024\/10\/Bang-Box-18000-Puffs-LED-Display-Disposable-Vape-Wholesale.jpg",800,800,false],"1536x1536":["https:\/\/rmvapesale.com\/wp-content\/uploads\/2024\/10\/Bang-Box-18000-Puffs-LED-Display-Disposable-Vape-Wholesale.jpg",800,800,false],"2048x2048":["https:\/\/rmvapesale.com\/wp-content\/uploads\/2024\/10\/Bang-Box-18000-Puffs-LED-Display-Disposable-Vape-Wholesale.jpg",800,800,false],"trp-custom-language-flag":["https:\/\/rmvapesale.com\/wp-content\/uploads\/2024\/10\/Bang-Box-18000-Puffs-LED-Display-Disposable-Vape-Wholesale.jpg",12,12,false],"woocommerce_thumbnail":["https:\/\/rmvapesale.com\/wp-content\/uploads\/2024\/10\/Bang-Box-18000-Puffs-LED-Display-Disposable-Vape-Wholesale-300x300.jpg",300,300,true],"woocommerce_single":["https:\/\/rmvapesale.com\/wp-content\/uploads\/2024\/10\/Bang-Box-18000-Puffs-LED-Display-Disposable-Vape-Wholesale-600x600.jpg",600,600,true],"woocommerce_gallery_thumbnail":["https:\/\/rmvapesale.com\/wp-content\/uploads\/2024\/10\/Bang-Box-18000-Puffs-LED-Display-Disposable-Vape-Wholesale-100x100.jpg",100,100,true],"wcpr-photo-reviews":["https:\/\/rmvapesale.com\/wp-content\/uploads\/2024\/10\/Bang-Box-18000-Puffs-LED-Display-Disposable-Vape-Wholesale.jpg",500,500,false]},"uagb_author_info":{"display_name":"AMY","author_link":"https:\/\/rmvapesale.com\/fr\/author\/"},"uagb_comment_info":0,"uagb_excerpt":"BANG BOX 18000 Puffs Disposable Vape Wholesale BANG Vape 18000 Puffs Disposable Vape Vape Bar Bulk Buy BANG BOX 18k Puff Low Nicotine Smart Disposable Vape WhatsApp: +86 17776015835 &nbsp;","_links":{"self":[{"href":"https:\/\/rmvapesale.com\/fr\/wp-json\/wp\/v2\/product\/2351","targetHints":{"allow":["GET"]}}],"collection":[{"href":"https:\/\/rmvapesale.com\/fr\/wp-json\/wp\/v2\/product"}],"about":[{"href":"https:\/\/rmvapesale.com\/fr\/wp-json\/wp\/v2\/types\/product"}],"replies":[{"embeddable":true,"href":"https:\/\/rmvapesale.com\/fr\/wp-json\/wp\/v2\/comments?post=2351"}],"wp:featuredmedia":[{"embeddable":true,"href":"https:\/\/rmvapesale.com\/fr\/wp-json\/wp\/v2\/media\/2354"}],"wp:attachment":[{"href":"https:\/\/rmvapesale.com\/fr\/wp-json\/wp\/v2\/media?parent=2351"}],"wp:term":[{"taxonomy":"product_brand","embeddable":true,"href":"https:\/\/rmvapesale.com\/fr\/wp-json\/wp\/v2\/product_brand?post=2351"},{"taxonomy":"product_cat","embeddable":true,"href":"https:\/\/rmvapesale.com\/fr\/wp-json\/wp\/v2\/product_cat?post=2351"},{"taxonomy":"product_tag","embeddable":true,"href":"https:\/\/rmvapesale.com\/fr\/wp-json\/wp\/v2\/product_tag?post=2351"}],"curies":[{"name":"wp","href":"https:\/\/api.w.org\/{rel}","templated":true}]}}