{"id":2365,"date":"2024-10-12T07:48:28","date_gmt":"2024-10-12T07:48:28","guid":{"rendered":"https:\/\/rmvapesale.com\/?post_type=product&#038;p=2365"},"modified":"2024-10-12T08:13:12","modified_gmt":"2024-10-12T08:13:12","slug":"fihp-shisha-hookah-12000-puffs-monster-low-nicotine-vape-pen","status":"publish","type":"product","link":"https:\/\/rmvapesale.com\/fr\/product\/fihp-shisha-hookah-12000-puffs-monster-low-nicotine-vape-pen\/","title":{"rendered":"FIHP Chicha Narguil\u00e9 12000 Puffs Stylo Vape Monstre Faible Nicotine"},"content":{"rendered":"<div class=\"B2VR9 CJHX3e\">\n<div class=\"wyccme\">\n<h1 class=\"LC20lb MBeuO DKV0Md\">Vape Jetable FIHP Shisha Hookah 12000 Puffs Monster Faible Taux de Nicotine<\/h1>\n<div class=\"flex-shrink-0 flex flex-col relative items-end\">\n<div class=\"pt-0\">\n<div class=\"gizmo-bot-avatar flex h-8 w-8 items-center justify-center overflow-hidden rounded-full\">\n<div class=\"relative p-1 rounded-sm flex items-center justify-center bg-token-main-surface-primary text-token-text-primary h-8 w-8\">\n<p>Le Vape Jetable FIHP Shisha Hookah 12000 Puffs Monster Faible Taux de Nicotine est con\u00e7u pour les vapoteurs \u00e0 la recherche d'une performance prolong\u00e9e et d'une saveur riche. Avec une incroyable capacit\u00e9 de 12 000 bouff\u00e9es et un g\u00e9n\u00e9reux r\u00e9servoir de e-liquide de 22ml, il assure un plaisir de longue dur\u00e9e. Aliment\u00e9 par une batterie rechargeable de 650mAh et une r\u00e9sistance mesh de 0.6\u03a9, cet appareil d\u00e9livre une vapeur douce et dense \u00e0 chaque bouff\u00e9e. L'\u00e9l\u00e9gant \u00e9cran LED vous informe sur l'autonomie de la batterie et le niveau de e-liquide, tandis que le port de charge Type-C permet une recharge rapide et efficace.<\/p>\n<p>Parfait pour les acheteurs en gros, ce vape pen en vente chaude est propos\u00e9 \u00e0 un prix comp\u00e9titif pour les achats en gros, offrant aux d\u00e9taillants une option de vapotage de haute qualit\u00e9 et de longue dur\u00e9e.<\/p>\n<p>D\u00e9couvrez le vapotage premium avec le FIHP Shisha Hookah 12000 - un choix de premier ordre pour les vapoteurs et les d\u00e9taillants.<\/p>\n<p>&nbsp;<\/p>\n<\/div>\n<\/div>\n<\/div>\n<\/div>\n<\/div>\n<\/div>\n<p><strong>Contactez Amy pour obtenir une r\u00e9ponse rapide et plus de vid\u00e9os de produits !<\/strong><\/p>\n<p><img loading=\"lazy\" decoding=\"async\" class=\"size-full wp-image-1978\" src=\"https:\/\/rmvapesale.com\/wp-content\/uploads\/2024\/09\/Disposable-Vape-Wholesale.jpg\" alt=\"Vente en gros de vapes jetables\" width=\"229\" height=\"300\" \/><\/p>\n<h3><a href=\"https:\/\/wa.me\/8617776015835\" target=\"_blank\" rel=\"noopener\"><span style=\"color: #ff0000\"><strong>WhatsApp: +86 17776015835<\/strong><\/span><\/a><\/h3>\n<p>&nbsp;<\/p>\n<h2><\/h2>\n<h2><strong>Caract\u00e9ristiques principales du Vape Jetable FIHP Shisha Hookah 12000<\/strong><\/h2>\n<p>&nbsp;<\/p>\n<ul>\n<li><strong>Nombre \u00e9lev\u00e9 de bouff\u00e9es<\/strong>: Profitez de jusqu'\u00e0 <strong>12 000 bouff\u00e9es<\/strong> pour un plaisir de vapotage continu et de longue dur\u00e9e.<\/li>\n<li><strong>G\u00e9n\u00e9reuse capacit\u00e9 de e-liquide<\/strong>: Dot\u00e9 d'un <strong>r\u00e9servoir de e-liquide de 22ml<\/strong>, cet appareil permet une utilisation prolong\u00e9e avec moins de recharges.<\/li>\n<li><strong>Batterie fiable<\/strong>: Aliment\u00e9 par une <strong>batterie rechargeable de 650 mAh<\/strong>, assurant une performance constante et fiable.<\/li>\n<li><strong>Teneur en Nicotine<\/strong>: Offre <strong>0.6% de nicotine (6mg)<\/strong>, offrant une exp\u00e9rience de vapotage satisfaisante et douce.<\/li>\n<li><strong>Technologie de bobine maill\u00e9e<\/strong>: \u00c9quip\u00e9 d'une <strong>r\u00e9sistance mesh de 0.6\u03a9<\/strong> pour une saveur et une production de vapeur am\u00e9lior\u00e9es.<\/li>\n<li><strong>\u00c9cran LED<\/strong>: Restez inform\u00e9 avec un <strong>\u00e9cran LED<\/strong> qui fournit des mises \u00e0 jour en temps r\u00e9el sur la dur\u00e9e de vie et l'utilisation de la batterie.<\/li>\n<\/ul>\n<h2><\/h2>\n<h2><strong>Meilleure saveur pour la chicha FIHP 12000 Puffs Vape Bar<\/strong><\/h2>\n<p>La chicha FIHP Hookah 12000 Puffs<strong>\u00a0Vape Jetable<\/strong> disponible en 10 saveurs all\u00e9chantes, des plus fruit\u00e9es aux plus fra\u00eeches, elle r\u00e9pond \u00e0 toutes les pr\u00e9f\u00e9rences gustatives, assurant une exp\u00e9rience satisfaisante pour chaque utilisateur.<\/p>\n<p>01. Past\u00e8que Glac\u00e9e <span style=\"color: #ff0000\"><strong>&gt;&gt;&gt;&gt; Chaud!<\/strong><\/span><br \/>\n02. Dragon Noir Glac\u00e9<br \/>\n03. Myrtille Framboise<br \/>\n04. Fraise Kiwi <span style=\"color: #ff0000\"><strong>&gt;&gt;&gt;&gt; Chaud!<\/strong><\/span><br \/>\n05. Baies M\u00e9lang\u00e9es<br \/>\n06. Fraise Past\u00e8que<br \/>\n07. Pina Colada<br \/>\n08. Mangue Ananas P\u00eache<br \/>\n09. Kiwi Fruit de la Passion Goyave<br \/>\n10. Fraise Framboise Cerise<span style=\"color: #ff0000\"><strong>&gt;&gt;&gt;&gt; Le meilleur !<\/strong><\/span><\/p>\n<figure id=\"attachment_2360\" aria-describedby=\"caption-attachment-2360\" style=\"width: 808px\" class=\"wp-caption alignnone\"><img loading=\"lazy\" decoding=\"async\" class=\"wp-image-2360 size-full\" src=\"https:\/\/rmvapesale.com\/wp-content\/uploads\/2024\/10\/Fihp-Shisha-Hookah-12000-Puffs-Flavour.png\" alt=\"Saveur de chicha Fihp Hookah 12000 Puffs\" width=\"808\" height=\"808\" srcset=\"https:\/\/rmvapesale.com\/wp-content\/uploads\/2024\/10\/Fihp-Shisha-Hookah-12000-Puffs-Flavour.png 808w, https:\/\/rmvapesale.com\/wp-content\/uploads\/2024\/10\/Fihp-Shisha-Hookah-12000-Puffs-Flavour-300x300.png 300w, https:\/\/rmvapesale.com\/wp-content\/uploads\/2024\/10\/Fihp-Shisha-Hookah-12000-Puffs-Flavour-150x150.png 150w, https:\/\/rmvapesale.com\/wp-content\/uploads\/2024\/10\/Fihp-Shisha-Hookah-12000-Puffs-Flavour-768x768.png 768w, https:\/\/rmvapesale.com\/wp-content\/uploads\/2024\/10\/Fihp-Shisha-Hookah-12000-Puffs-Flavour-600x600.png 600w, https:\/\/rmvapesale.com\/wp-content\/uploads\/2024\/10\/Fihp-Shisha-Hookah-12000-Puffs-Flavour-100x100.png 100w\" sizes=\"auto, (max-width: 808px) 100vw, 808px\" \/><figcaption id=\"caption-attachment-2360\" class=\"wp-caption-text\">Saveur de chicha Fihp Hookah 12000 Puffs<\/figcaption><\/figure>\n<h3><\/h3>\n<h3><strong>Pourquoi choisir Rmvapesale pour la chicha FIHP Hookah 12000 <\/strong><strong>Vape ?<\/strong><\/h3>\n<div class=\"flex-shrink-0 flex flex-col relative items-end\">\n<div>\n<div class=\"pt-0\">\n<div class=\"gizmo-bot-avatar flex h-8 w-8 items-center justify-center overflow-hidden rounded-full\">\n<div class=\"relative p-1 rounded-sm flex items-center justify-center bg-token-main-surface-primary text-token-text-primary h-8 w-8\">\n<p>&nbsp;<\/p>\n<p>En choisissant Rmvapesale pour vos besoins en vapes jetables en gros, vous b\u00e9n\u00e9ficiez de :<\/p>\n<ul>\n<li><strong>Prix comp\u00e9titifs<\/strong>: Acc\u00e9dez \u00e0 des prix de gros attractifs qui stimulent vos marges commerciales.<\/li>\n<li><strong>Haute qualit\u00e9<\/strong>: Nos vapes sont fabriqu\u00e9es selon les normes les plus strictes et sont <span style=\"color: #ff0000\"><strong>garanties 100% originales et authentiques. Nous offrons 10 fois le prix en d\u00e9dommagement pour les produits contrefaits !<\/strong><\/span><\/li>\n<li><strong>Excellent service client<\/strong>: Notre \u00e9quipe d\u00e9di\u00e9e est toujours pr\u00eate \u00e0 vous aider, rendant votre processus d'achat fluide et sans tracas.<\/li>\n<li><strong>Exp\u00e9dition rapide<\/strong>: Attendez-vous \u00e0 une exp\u00e9dition rapide et fiable, garantissant que vos commandes arrivent \u00e0 temps, \u00e0 chaque fois.<\/li>\n<\/ul>\n<h3><\/h3>\n<h3><b>FAQs<\/b><\/h3>\n<p>&nbsp;<\/p>\n<\/div>\n<\/div>\n<\/div>\n<\/div>\n<\/div>\n<div class=\"group\/conversation-turn relative flex w-full min-w-0 flex-col agent-turn\">\n<div class=\"flex-col gap-1 md:gap-3\">\n<div class=\"flex max-w-full flex-col flex-grow\">\n<div class=\"min-h-8 text-message flex w-full flex-col items-end gap-2 whitespace-normal break-words [.text-message+&amp;]:mt-5\" dir=\"auto\" data-message-author-role=\"assistant\" data-message-id=\"f226d3fc-81f3-46d5-8c46-31787fff0357\">\n<div class=\"flex w-full flex-col gap-1 empty:hidden first:pt-[3px]\">\n<div class=\"markdown prose w-full break-words dark:prose-invert light\">\n<p><strong>1. Combien de bouff\u00e9es offre le Vape jetable FIHP Shisha Hookah 12k Puffs ?<\/strong><br \/>\nLa cigarette \u00e9lectronique jetable FIHP Shisha Hookah 12k Puffs Low Nicotine offre jusqu'\u00e0 12 000 bouff\u00e9es, garantissant une satisfaction prolong\u00e9e sans remplacements fr\u00e9quents.<\/p>\n<p><strong>2. Quelles concentrations de nicotine sont disponibles dans la cigarette \u00e9lectronique jetable FIHP Shisha 12000 Puffs?<\/strong><br \/>\nLa cigarette \u00e9lectronique jetable \u00e0 faible teneur en nicotine FIHP Shisha 12000 Puffs propose une faible concentration de nicotine de 0,6 % (6 mg), destin\u00e9e aux utilisateurs qui pr\u00e9f\u00e8rent un effet de nicotine plus doux et moins intense. Nous offrons \u00e9galement des options sans nicotine.<\/p>\n<p><strong>3. Quelles saveurs sont disponibles pour la cigarette \u00e9lectronique jetable sans nicotine FIHP Shisha 12000 Puffs?<\/strong><br \/>\nNous proposons 10 d\u00e9licieuses saveurs, dont Watermelon Ice, Black Dragon Ice, Strawberry Kiwi et Pina Colada, garantissant une vari\u00e9t\u00e9 de go\u00fbts pour satisfaire toutes les pr\u00e9f\u00e9rences.<\/p>\n<p><strong>4. La cigarette \u00e9lectronique jetable \u00e0 faible teneur en nicotine FIHP Shisha Hookah Monster a-t-elle une batterie rechargeable?<\/strong><br \/>\nOui, la cigarette \u00e9lectronique jetable \u00e0 faible teneur en nicotine FIHP Shisha Hookah Monster est dot\u00e9e d'une batterie rechargeable de 650 mAh, offrant des performances fiables pour une utilisation prolong\u00e9e.<\/p>\n<p><strong>5. Quel type de bobine la cigarette \u00e9lectronique jetable FIHP Shisha Hookah utilise-t-elle?<\/strong><br \/>\nCette cigarette \u00e9lectronique jetable est dot\u00e9e d'une bobine en maille de 0,6\u03a9, con\u00e7ue pour am\u00e9liorer la saveur et la production de vapeur, garantissant une exp\u00e9rience de vapotage douce et satisfaisante, que vous choisissiez Myrtille Framboise ou P\u00eache Mangue Ananas.<\/p>\n<p><strong>6. Comment puis-je surveiller la batterie et l'utilisation de la cigarette \u00e9lectronique jetable FIHP Shisha Hookah 12000 Puffs?<\/strong><br \/>\nLe FIHP Chicha Hookah 12000 Puffs Vape Jetable Sans Nicotine est \u00e9quip\u00e9 d'un \u00e9cran LED qui affiche en temps r\u00e9el l'autonomie de votre batterie et votre consommation, facilitant ainsi le suivi de votre appareil.<\/p>\n<p><strong>7. La FIHP Chicha Hookah 12000 Puffs est-elle disponible pour la vente en gros ?<\/strong><br \/>\nOui, le stylo vape jetable \u00e0 faible teneur en nicotine FIHP Chicha Hookah Monster est disponible pour des achats en gros, ce qui le rend parfait pour les d\u00e9taillants cherchant \u00e0 stocker un produit de vapotage de haute qualit\u00e9 et durable.<\/p>\n<\/div>\n<\/div>\n<\/div>\n<\/div>\n<\/div>\n<\/div>\n<p>&nbsp;<\/p>\n<h3><\/h3>\n<h3>\u00c0 propos de l'exp\u00e9dition<\/h3>\n<div class=\"flex-shrink-0 flex flex-col relative items-end\">\n<div>\n<div class=\"pt-0\">\n<div class=\"gizmo-bot-avatar flex h-8 w-8 items-center justify-center overflow-hidden rounded-full\">\n<div><\/div>\n<div class=\"relative p-1 rounded-sm flex items-center justify-center bg-token-main-surface-primary text-token-text-primary h-8 w-8\"><strong>1. Quelles m\u00e9thodes d'exp\u00e9dition sont utilis\u00e9es ?<\/strong><\/div>\n<\/div>\n<\/div>\n<\/div>\n<\/div>\n<div class=\"group\/conversation-turn relative flex w-full min-w-0 flex-col agent-turn\">\n<div class=\"flex-col gap-1 md:gap-3\">\n<div class=\"flex max-w-full flex-col flex-grow\">\n<div class=\"min-h-[20px] text-message flex w-full flex-col items-end gap-2 whitespace-normal break-words [.text-message+&amp;]:mt-5 overflow-x-auto\" dir=\"auto\" data-message-author-role=\"assistant\" data-message-id=\"22f8283b-3233-46ff-89a5-c7a41b33abda\">\n<div class=\"flex w-full flex-col gap-1 empty:hidden first:pt-[3px]\">\n<div class=\"markdown prose w-full break-words dark:prose-invert light\">\n<p>Nous travaillons en partenariat avec UPS, DHL, FedEx, DPD et d'autres transporteurs de premier plan. Nous s\u00e9lectionnerons la meilleure m\u00e9thode d'exp\u00e9dition en fonction de votre lieu de livraison pour que vous receviez vos produits le plus rapidement possible.<\/p>\n<\/div>\n<p><strong>2. Combien de temps faut-il pour que cela arrive ?<\/strong><\/p>\n<p>Les colis exp\u00e9di\u00e9s en France arrivent g\u00e9n\u00e9ralement sous 10 jours ouvrables. L'exp\u00e9dition vers les pays europ\u00e9ens prend g\u00e9n\u00e9ralement environ 12 \u00e0 15 jours ouvrables. Nous vous fournirons des mises \u00e0 jour en temps r\u00e9el sur l'\u00e9tat de votre envoi.<\/p>\n<\/div>\n<\/div>\n<\/div>\n<\/div>\n<\/div>\n<p>&nbsp;<\/p>\n<p>Autres vapes en vente que vous pourriez aimer :<\/p>\n<p><a href=\"https:\/\/rmvapesale.com\/fr\/product\/bang-beach-20000-puffs-vape-smart-screen-disposable-e-cig\/\"><strong>bang beach 20000 Bouff\u00e9es\u00a0 \u00a0<span style=\"color: #ff0000\">&gt;&gt;&gt;&gt; C'est parti !<\/span><\/strong><\/a><\/p>\n<p><strong><a href=\"https:\/\/rmvapesale.com\/fr\/product\/uwin-crystal-10000-puff-disposable-vape-wholesale-price\/\">UWIN Crystal 10000 Bouff\u00e9es <span style=\"color: #ff0000\">&gt;&gt;&gt;&gt; C'est parti !<\/span><\/a>\u00a0<\/strong><\/p>\n<p><a href=\"https:\/\/rmvapesale.com\/fr\/product\/bang-box-30000-puff-smart-screen-disposable-vape-wholesale\/\"><strong>Bang Box 30000 Bouff\u00e9es \u00c9cran Intelligent Bouff\u00e9es <span style=\"color: #ff0000\">&gt;&gt;&gt;&gt; C'est parti !<\/span><\/strong><\/a><\/p>\n<p>&nbsp;<\/p>\n<p>&nbsp;<\/p>\n<p>Trouvez plus de produits de vape que vous pourriez aimer :<strong><em><a href=\"https:\/\/rmvapesale.com\/fr\/shop-2\/\">Achetez maintenant &gt;&gt;&gt;<\/a><\/em><\/strong><\/p>","protected":false},"excerpt":{"rendered":"<p>Prix de vente du Vape Pen 12000 Puffs Shisha Hookah en vente chaude<br \/>\nFIHP Shisha Hookah 12000 Puffs Monster Faible Taux de Nicotine<br \/>\nAchat en gros de Vape Jetable FIHP Shisha Hookah 12000 Puffs<\/p>\n<p><img loading=\"lazy\" decoding=\"async\" class=\"size-full wp-image-1978\" src=\"https:\/\/rmvapesale.com\/wp-content\/uploads\/2024\/09\/Disposable-Vape-Wholesale.jpg\" alt=\"Vente en gros de vapes jetables\" width=\"229\" height=\"300\" \/><\/p>\n<h3><a href=\"https:\/\/wa.me\/8617776015835\"><span style=\"color: #ff0000\"><strong>WhatsApp: +86 17776015835<\/strong><\/span><\/a><\/h3>\n<p>&nbsp;<\/p>","protected":false},"featured_media":2362,"comment_status":"open","ping_status":"closed","template":"","meta":{"_uag_custom_page_level_css":"","_lmt_disableupdate":"","_lmt_disable":"","site-sidebar-layout":"default","site-content-layout":"content-boxed-container","ast-site-content-layout":"normal-width-container","site-content-style":"boxed","site-sidebar-style":"unboxed","ast-global-header-display":"","ast-banner-title-visibility":"","ast-main-header-display":"","ast-hfb-above-header-display":"","ast-hfb-below-header-display":"","ast-hfb-mobile-header-display":"","site-post-title":"","ast-breadcrumbs-content":"","ast-featured-img":"","footer-sml-layout":"","theme-transparent-header-meta":"default","adv-header-id-meta":"","stick-header-meta":"","header-above-stick-meta":"","header-main-stick-meta":"","header-below-stick-meta":"","astra-migrate-meta-layouts":"set","ast-page-background-enabled":"default","ast-page-background-meta":{"desktop":{"background-color":"var(--ast-global-color-4)","background-image":"","background-repeat":"repeat","background-position":"center center","background-size":"auto","background-attachment":"scroll","background-type":"","background-media":"","overlay-type":"","overlay-color":"","overlay-opacity":"","overlay-gradient":""},"tablet":{"background-color":"","background-image":"","background-repeat":"repeat","background-position":"center center","background-size":"auto","background-attachment":"scroll","background-type":"","background-media":"","overlay-type":"","overlay-color":"","overlay-opacity":"","overlay-gradient":""},"mobile":{"background-color":"","background-image":"","background-repeat":"repeat","background-position":"center center","background-size":"auto","background-attachment":"scroll","background-type":"","background-media":"","overlay-type":"","overlay-color":"","overlay-opacity":"","overlay-gradient":""}},"ast-content-background-meta":{"desktop":{"background-color":"var(--ast-global-color-5)","background-image":"","background-repeat":"repeat","background-position":"center center","background-size":"auto","background-attachment":"scroll","background-type":"","background-media":"","overlay-type":"","overlay-color":"","overlay-opacity":"","overlay-gradient":""},"tablet":{"background-color":"var(--ast-global-color-5)","background-image":"","background-repeat":"repeat","background-position":"center center","background-size":"auto","background-attachment":"scroll","background-type":"","background-media":"","overlay-type":"","overlay-color":"","overlay-opacity":"","overlay-gradient":""},"mobile":{"background-color":"var(--ast-global-color-5)","background-image":"","background-repeat":"repeat","background-position":"center center","background-size":"auto","background-attachment":"scroll","background-type":"","background-media":"","overlay-type":"","overlay-color":"","overlay-opacity":"","overlay-gradient":""}},"_joinchat":[]},"product_brand":[],"product_cat":[15,25,123,26,28,135,27,60,138,137,136,30],"product_tag":[66,125,126,111,105,120],"class_list":{"0":"post-2365","1":"product","2":"type-product","3":"status-publish","4":"has-post-thumbnail","6":"product_cat-new-vape-this-week","7":"product_cat-germany-best-selling-vape","8":"product_cat-italy-wholesale-vape","9":"product_cat-netherlands-hot-sale-vape","10":"product_cat-poland-hot-sale-vape","11":"product_cat-spain-best-hot-sale-vape","12":"product_cat-fance-hot-sale-vape","13":"product_cat-bang-vapes","14":"product_cat-fihp-disposable-vapes","15":"product_cat-rechargeable-vapes","16":"product_cat-smart-screen-vapes","17":"product_cat-minimum-order-quantity-50pcs","18":"product_tag-disposable-vape","19":"product_tag-disposable-vape-italy","20":"product_tag-e-cigarettes","21":"product_tag-low-nicotine-disposable-vape","22":"product_tag-nicotine-free-disposable-vape","23":"product_tag-vape-wholesale","24":"desktop-align-left","25":"tablet-align-left","26":"mobile-align-left","28":"first","29":"instock","30":"sale","31":"shipping-taxable","32":"purchasable","33":"product-type-simple"},"uagb_featured_image_src":{"full":["https:\/\/rmvapesale.com\/wp-content\/uploads\/2024\/10\/Fihp-Shisha-Hookah-12000-Puffs-Wholesale.jpg",808,808,false],"thumbnail":["https:\/\/rmvapesale.com\/wp-content\/uploads\/2024\/10\/Fihp-Shisha-Hookah-12000-Puffs-Wholesale-150x150.jpg",150,150,true],"medium":["https:\/\/rmvapesale.com\/wp-content\/uploads\/2024\/10\/Fihp-Shisha-Hookah-12000-Puffs-Wholesale-300x300.jpg",300,300,true],"medium_large":["https:\/\/rmvapesale.com\/wp-content\/uploads\/2024\/10\/Fihp-Shisha-Hookah-12000-Puffs-Wholesale-768x768.jpg",768,768,true],"large":["https:\/\/rmvapesale.com\/wp-content\/uploads\/2024\/10\/Fihp-Shisha-Hookah-12000-Puffs-Wholesale.jpg",808,808,false],"1536x1536":["https:\/\/rmvapesale.com\/wp-content\/uploads\/2024\/10\/Fihp-Shisha-Hookah-12000-Puffs-Wholesale.jpg",808,808,false],"2048x2048":["https:\/\/rmvapesale.com\/wp-content\/uploads\/2024\/10\/Fihp-Shisha-Hookah-12000-Puffs-Wholesale.jpg",808,808,false],"trp-custom-language-flag":["https:\/\/rmvapesale.com\/wp-content\/uploads\/2024\/10\/Fihp-Shisha-Hookah-12000-Puffs-Wholesale.jpg",12,12,false],"woocommerce_thumbnail":["https:\/\/rmvapesale.com\/wp-content\/uploads\/2024\/10\/Fihp-Shisha-Hookah-12000-Puffs-Wholesale-300x300.jpg",300,300,true],"woocommerce_single":["https:\/\/rmvapesale.com\/wp-content\/uploads\/2024\/10\/Fihp-Shisha-Hookah-12000-Puffs-Wholesale-600x600.jpg",600,600,true],"woocommerce_gallery_thumbnail":["https:\/\/rmvapesale.com\/wp-content\/uploads\/2024\/10\/Fihp-Shisha-Hookah-12000-Puffs-Wholesale-100x100.jpg",100,100,true],"wcpr-photo-reviews":["https:\/\/rmvapesale.com\/wp-content\/uploads\/2024\/10\/Fihp-Shisha-Hookah-12000-Puffs-Wholesale.jpg",500,500,false]},"uagb_author_info":{"display_name":"AMY","author_link":"https:\/\/rmvapesale.com\/fr\/author\/"},"uagb_comment_info":0,"uagb_excerpt":"12000 Puffs Shisha Hookah Hot Sale Vape Pen Price FIHP Shisha Hookah 12000 Puffs Monster Low Nicotine FIHP Shisha Hookah 12000 Puff Disposable Vape Bulk Buy WhatsApp: +86 17776015835 &nbsp;","_links":{"self":[{"href":"https:\/\/rmvapesale.com\/fr\/wp-json\/wp\/v2\/product\/2365","targetHints":{"allow":["GET"]}}],"collection":[{"href":"https:\/\/rmvapesale.com\/fr\/wp-json\/wp\/v2\/product"}],"about":[{"href":"https:\/\/rmvapesale.com\/fr\/wp-json\/wp\/v2\/types\/product"}],"replies":[{"embeddable":true,"href":"https:\/\/rmvapesale.com\/fr\/wp-json\/wp\/v2\/comments?post=2365"}],"wp:featuredmedia":[{"embeddable":true,"href":"https:\/\/rmvapesale.com\/fr\/wp-json\/wp\/v2\/media\/2362"}],"wp:attachment":[{"href":"https:\/\/rmvapesale.com\/fr\/wp-json\/wp\/v2\/media?parent=2365"}],"wp:term":[{"taxonomy":"product_brand","embeddable":true,"href":"https:\/\/rmvapesale.com\/fr\/wp-json\/wp\/v2\/product_brand?post=2365"},{"taxonomy":"product_cat","embeddable":true,"href":"https:\/\/rmvapesale.com\/fr\/wp-json\/wp\/v2\/product_cat?post=2365"},{"taxonomy":"product_tag","embeddable":true,"href":"https:\/\/rmvapesale.com\/fr\/wp-json\/wp\/v2\/product_tag?post=2365"}],"curies":[{"name":"wp","href":"https:\/\/api.w.org\/{rel}","templated":true}]}}