{"id":2391,"date":"2024-10-14T03:59:04","date_gmt":"2024-10-14T03:59:04","guid":{"rendered":"https:\/\/rmvapesale.com\/?post_type=product&#038;p=2391"},"modified":"2024-10-14T07:28:47","modified_gmt":"2024-10-14T07:28:47","slug":"bang-vape-30000-pro-disposables-wholesale","status":"publish","type":"product","link":"https:\/\/rmvapesale.com\/fr\/product\/bang-vape-30000-pro-disposables-wholesale\/","title":{"rendered":"Bang Vape 30000 Pro Jetable En Gros"},"content":{"rendered":"<div class=\"B2VR9 CJHX3e\">\n<div class=\"wyccme\">\n<h1 class=\"LC20lb MBeuO DKV0Md\">Bang Vape Bangking 30000 Pro Jetables en Gros<\/h1>\n<div class=\"flex-shrink-0 flex flex-col relative items-end\">\n<div class=\"pt-0\">\n<div class=\"gizmo-bot-avatar flex h-8 w-8 items-center justify-center overflow-hidden rounded-full\">\n<div class=\"relative p-1 rounded-sm flex items-center justify-center bg-token-main-surface-primary text-token-text-primary h-8 w-8\">\n<p>La Bang Vape Bangking 30000 Pro Vape Jetable est con\u00e7ue pour offrir une exp\u00e9rience de vapotage in\u00e9gal\u00e9e, proposant des fonctionnalit\u00e9s impressionnantes qui r\u00e9pondent aussi bien aux vapoteurs occasionnels qu'aux vapoteurs exp\u00e9riment\u00e9s. Avec 30 000 bouff\u00e9es, une batterie rechargeable puissante de 850mAh, et des niveaux de nicotine personnalisables, le Bangking 30000 Pro se distingue dans le monde des vapes jetables.<\/p>\n<p>Le Bang king 30000 Puffs est aliment\u00e9 par une batterie robuste de 850mAh, garantissant une utilisation longue tout au long de la journ\u00e9e. Son port de charge Type-C offre une recharge rapide et efficace, vous n\u2019aurez jamais \u00e0 vous soucier de manquer de puissance. L\u2019une des fonctionnalit\u00e9s les plus innovantes du Bang king 30000 Pro est son \u00e9cran intelligent complet. L\u2019\u00e9cran affiche \u00e0 la fois le niveau d\u2019huile et de batterie, donnant aux utilisateurs des informations en temps r\u00e9el sur l\u2019\u00e9tat de leur appareil.<\/p>\n<p>Avec des options de nicotine 0%, 2%, 3% et 5%, la Bang Vape 30000 Pro Jetable r\u00e9pond \u00e0 tous les types de vapoteurs, que vous recherchiez une exp\u00e9rience sans nicotine ou une dose plus forte. Cette flexibilit\u00e9 en fait un concurrent de premier plan pour quiconque recherche la vape parfaite adapt\u00e9e \u00e0 ses besoins.<\/p>\n<\/div>\n<\/div>\n<\/div>\n<\/div>\n<\/div>\n<\/div>\n<p><strong>Contactez Amy pour obtenir une r\u00e9ponse rapide et plus de vid\u00e9os de produits !<\/strong><\/p>\n<p><img loading=\"lazy\" decoding=\"async\" class=\"size-full wp-image-1978\" src=\"https:\/\/rmvapesale.com\/wp-content\/uploads\/2024\/09\/Disposable-Vape-Wholesale.jpg\" alt=\"Vente en gros de vapes jetables\" width=\"229\" height=\"300\" \/><\/p>\n<h3><a href=\"https:\/\/wa.me\/8617776015835\" target=\"_blank\" rel=\"noopener\"><span style=\"color: #ff0000\"><strong>WhatsApp: +86 17776015835<\/strong><\/span><\/a><\/h3>\n<p>&nbsp;<\/p>\n<h2><\/h2>\n<h2><strong>Caract\u00e9ristiques Cl\u00e9s de la Vape Bangking 30000 Pro<\/strong><\/h2>\n<p>&nbsp;<\/p>\n<ul>\n<li><strong>30 000 Bouff\u00e9es<\/strong>: L\u2019un des plus grands nombres de bouff\u00e9es disponibles sur le march\u00e9, garantissant une utilisation prolong\u00e9e et une satisfaction optimale.<\/li>\n<li><strong>\u00c9cran intelligent<\/strong>: Surveillez en temps r\u00e9el votre niveau d\u2019huile et de batterie pour une exp\u00e9rience de vapotage fluide.<\/li>\n<li><strong>Batterie rechargeable<\/strong>: Le <strong>batterie de 850 mAh<\/strong> \u00e0 <strong>charge de Type-C<\/strong> vous garantit de continuer \u00e0 vapoter plus longtemps avec des recharges rapides.<\/li>\n<li><strong>Nicotine Personnalisable<\/strong>: Avec une vari\u00e9t\u00e9 de forces de nicotine, y compris sans nicotine, vous pouvez personnaliser votre vapotage selon vos pr\u00e9f\u00e9rences.<\/li>\n<li><strong>Saveurs D\u00e9licieuses<\/strong>: Avec 12 saveurs au choix, vous ne vous lasserez jamais de vapoter la <strong>Bang 30000 Pro<\/strong>.<\/li>\n<\/ul>\n<h2><\/h2>\n<h2><strong>Meilleure saveur pour la Bo\u00eete de Vape Bang Vape Bangking 30000<\/strong><\/h2>\n<p>La bo\u00eete de vapotage Bangking Vape 30000 est disponible en 12 saveurs all\u00e9chantes, offrant quelque chose pour tous les go\u00fbts. Que vous pr\u00e9f\u00e9riez des m\u00e9langes fruit\u00e9s, glac\u00e9s ou plus exotiques, vous trouverez une saveur qui correspond \u00e0 votre palais. La large s\u00e9lection de saveurs Bang king Vape garantit que chaque bouff\u00e9e est remplie de satisfaction et de vari\u00e9t\u00e9.<\/p>\n<p>1. Myrtille Framboise<span style=\"color: #ff0000\"><strong>&gt;&gt;&gt;&gt; Chaud!<\/strong><\/span><br \/>\n2. Past\u00e8que aux Fraises<br \/>\n3. Myrtille Glac\u00e9e<br \/>\n4. Menthe Fra\u00eeche<span style=\"color: #ff0000\"><strong>&gt;&gt;&gt;&gt; Chaud!<\/strong><\/span><br \/>\n5. Fraise Raisin<br \/>\n6. Myrtille Canneberge Cerise<br \/>\n7. Past\u00e8que<br \/>\n8. Fraise kiwi<br \/>\n9. Razz Bleu Menthol\u00e9<br \/>\n10. Triple Baies <span style=\"color: #ff0000\"><strong>&gt;&gt;&gt;&gt; Le meilleur !<\/strong><\/span><br \/>\n11. Past\u00e8que Cerise<br \/>\n12. Framboise \u00c9clat Sombre<\/p>\n<figure id=\"attachment_2387\" aria-describedby=\"caption-attachment-2387\" style=\"width: 800px\" class=\"wp-caption alignnone\"><img loading=\"lazy\" decoding=\"async\" class=\"wp-image-2387 size-full\" src=\"https:\/\/rmvapesale.com\/wp-content\/uploads\/2024\/10\/Bang-Vape-Box-BangKing-30000-Pro.jpg\" alt=\"Bo\u00eete de Vape Bang Vape BangKing 30000 Pro\" width=\"800\" height=\"800\" srcset=\"https:\/\/rmvapesale.com\/wp-content\/uploads\/2024\/10\/Bang-Vape-Box-BangKing-30000-Pro.jpg 800w, https:\/\/rmvapesale.com\/wp-content\/uploads\/2024\/10\/Bang-Vape-Box-BangKing-30000-Pro-300x300.jpg 300w, https:\/\/rmvapesale.com\/wp-content\/uploads\/2024\/10\/Bang-Vape-Box-BangKing-30000-Pro-150x150.jpg 150w, https:\/\/rmvapesale.com\/wp-content\/uploads\/2024\/10\/Bang-Vape-Box-BangKing-30000-Pro-768x768.jpg 768w, https:\/\/rmvapesale.com\/wp-content\/uploads\/2024\/10\/Bang-Vape-Box-BangKing-30000-Pro-600x600.jpg 600w, https:\/\/rmvapesale.com\/wp-content\/uploads\/2024\/10\/Bang-Vape-Box-BangKing-30000-Pro-100x100.jpg 100w\" sizes=\"auto, (max-width: 800px) 100vw, 800px\" \/><figcaption id=\"caption-attachment-2387\" class=\"wp-caption-text\">Bo\u00eete de Vape Bang Vape BangKing 30000 Pro<\/figcaption><\/figure>\n<h3><\/h3>\n<h3><strong>Pourquoi choisir Rmvapesale pour la Vape rechargeable Bang Vape king 30k Pro<\/strong><strong>?<\/strong><\/h3>\n<div class=\"flex-shrink-0 flex flex-col relative items-end\">\n<div class=\"pt-0\">\n<div class=\"gizmo-bot-avatar flex h-8 w-8 items-center justify-center overflow-hidden rounded-full\">\n<div class=\"relative p-1 rounded-sm flex items-center justify-center bg-token-main-surface-primary text-token-text-primary h-8 w-8\">\n<p>&nbsp;<\/p>\n<p>En choisissant Rmvapesale pour vos besoins en vapes jetables en gros, vous b\u00e9n\u00e9ficiez de :<\/p>\n<ul>\n<li><strong>Prix comp\u00e9titifs<\/strong>: Acc\u00e9dez \u00e0 des prix de gros attractifs qui stimulent vos marges commerciales.<\/li>\n<li><strong>Haute qualit\u00e9<\/strong>: Nos vapes sont fabriqu\u00e9es selon les normes les plus strictes et sont <span style=\"color: #ff0000\"><strong>garanties 100% originales et authentiques. Nous offrons 10 fois le prix en d\u00e9dommagement pour les produits contrefaits !<\/strong><\/span><\/li>\n<li><strong>Excellent service client<\/strong>: Notre \u00e9quipe d\u00e9di\u00e9e est toujours pr\u00eate \u00e0 vous aider, rendant votre processus d'achat fluide et sans tracas.<\/li>\n<li><strong>Exp\u00e9dition rapide<\/strong>: Attendez-vous \u00e0 une exp\u00e9dition rapide et fiable, garantissant que vos commandes arrivent \u00e0 temps, \u00e0 chaque fois.<\/li>\n<\/ul>\n<h3><\/h3>\n<h3><b>FAQs<\/b><\/h3>\n<p>1. Combien de bouff\u00e9es puis-je obtenir avec la Bang Vape Bang king 30k Pro ?<br \/>\nLa Bang king Vape 30000 Bouff\u00e9es offre une impressionnante capacit\u00e9 de 30 000 bouff\u00e9es, offrant une exp\u00e9rience de vapotage prolong\u00e9e et satisfaisante sans besoin de remplacements fr\u00e9quents.<\/p>\n<p>2. La Bangking 30000 Pro est-elle rechargeable ?<br \/>\nOui, la Bangking Vape 30000 Bouff\u00e9es dispose d'une batterie rechargeable puissante de 850mAh avec chargeur Type-C, garantissant des recharges rapides et efficaces pour une utilisation longue dur\u00e9e.<\/p>\n<p>3. Quelles saveurs sont disponibles pour la Bang Vape 30000 Pro ?<br \/>\nIl y a 12 saveurs uniques parmi lesquelles choisir dans la gamme de saveurs Bang Vape, offrant une vari\u00e9t\u00e9 d'options pour satisfaire vos pr\u00e9f\u00e9rences gustatives, des m\u00e9langes fruit\u00e9s aux m\u00e9langes glac\u00e9s.<\/p>\n<p>4. Puis-je personnaliser le niveau de nicotine dans la Bang king 30000 Pro ?<br \/>\nAbsolument ! Le Bang king 30000 Pro est livr\u00e9 avec des forces de nicotine personnalisables de 0%, 2%, 3% et 5%, ce qui le rend adapt\u00e9 aux utilisateurs ayant des pr\u00e9f\u00e9rences de nicotine vari\u00e9es.<\/p>\n<p>5. O\u00f9 puis-je acheter en gros le Bang vape 30000 Pro ?<br \/>\nVous pouvez acheter en gros ou en gros le Bang vape 30000 Pro sur Rmvapesale ou d'autres boutiques en ligne de vape de confiance, garantissant ainsi la meilleure offre sur cet article en forte vente.<\/p>\n<\/div>\n<\/div>\n<\/div>\n<\/div>\n<div class=\"group\/conversation-turn relative flex w-full min-w-0 flex-col agent-turn\">\n<div class=\"flex-col gap-1 md:gap-3\">\n<div class=\"flex max-w-full flex-col flex-grow\">\n<div class=\"min-h-8 text-message flex w-full flex-col items-end gap-2 whitespace-normal break-words [.text-message+&amp;]:mt-5\" dir=\"auto\" data-message-author-role=\"assistant\" data-message-id=\"f226d3fc-81f3-46d5-8c46-31787fff0357\">\n<div class=\"flex w-full flex-col gap-1 empty:hidden first:pt-[3px]\">\n<div class=\"markdown prose w-full break-words dark:prose-invert light\">\n<p>&nbsp;<\/p>\n<\/div>\n<\/div>\n<\/div>\n<\/div>\n<\/div>\n<\/div>\n<h3>\u00c0 propos de l'exp\u00e9dition<\/h3>\n<div class=\"flex-shrink-0 flex flex-col relative items-end\">\n<div>\n<div class=\"pt-0\">\n<div class=\"gizmo-bot-avatar flex h-8 w-8 items-center justify-center overflow-hidden rounded-full\">\n<div><\/div>\n<div class=\"relative p-1 rounded-sm flex items-center justify-center bg-token-main-surface-primary text-token-text-primary h-8 w-8\"><strong>1. Quelles m\u00e9thodes d'exp\u00e9dition sont utilis\u00e9es ?<\/strong><\/div>\n<\/div>\n<\/div>\n<\/div>\n<\/div>\n<div class=\"group\/conversation-turn relative flex w-full min-w-0 flex-col agent-turn\">\n<div class=\"flex-col gap-1 md:gap-3\">\n<div class=\"flex max-w-full flex-col flex-grow\">\n<div class=\"min-h-[20px] text-message flex w-full flex-col items-end gap-2 whitespace-normal break-words [.text-message+&amp;]:mt-5 overflow-x-auto\" dir=\"auto\" data-message-author-role=\"assistant\" data-message-id=\"22f8283b-3233-46ff-89a5-c7a41b33abda\">\n<div class=\"flex w-full flex-col gap-1 empty:hidden first:pt-[3px]\">\n<div class=\"markdown prose w-full break-words dark:prose-invert light\">\n<p>Nous travaillons en partenariat avec UPS, DHL, FedEx, DPD et d'autres transporteurs de premier plan. Nous s\u00e9lectionnerons la meilleure m\u00e9thode d'exp\u00e9dition en fonction de votre lieu de livraison pour que vous receviez vos produits le plus rapidement possible.<\/p>\n<\/div>\n<p><strong>2. Combien de temps faut-il pour que cela arrive ?<\/strong><\/p>\n<p>Les colis exp\u00e9di\u00e9s en France arrivent g\u00e9n\u00e9ralement sous 10 jours ouvrables. L'exp\u00e9dition vers les pays europ\u00e9ens prend g\u00e9n\u00e9ralement environ 12 \u00e0 15 jours ouvrables. Nous vous fournirons des mises \u00e0 jour en temps r\u00e9el sur l'\u00e9tat de votre envoi.<\/p>\n<\/div>\n<\/div>\n<\/div>\n<\/div>\n<\/div>\n<p>&nbsp;<\/p>\n<p>Autres vapes en vente que vous pourriez aimer :<\/p>\n<p><a href=\"https:\/\/rmvapesale.com\/fr\/product\/mrvi-puffing-15000-puff-disposable-vape-box\/\"><strong>MRVI PUFFING 15000 Bouff\u00e9es\u00a0 \u00a0<span style=\"color: #ff0000\">&gt;&gt;&gt;&gt; C'est parti !<\/span><\/strong><\/a><\/p>\n<p><strong><a href=\"https:\/\/rmvapesale.com\/fr\/product\/bang-box-18000-puffs-led-display-disposable-vape-original\/\">BANG Vape 18000 Bouff\u00e9es <span style=\"color: #ff0000\">&gt;&gt;&gt;&gt; C'est parti !<\/span><\/a>\u00a0<\/strong><\/p>\n<p><a href=\"https:\/\/rmvapesale.com\/fr\/product\/fihp-shisha-hookah-12000-puffs-monster-low-nicotine-vape-pen\/\"><strong>FIHP Shisha Hookah 12000 Bouff\u00e9es <span style=\"color: #ff0000\">&gt;&gt;&gt;&gt; C'est parti !<\/span><\/strong><\/a><\/p>\n<p>&nbsp;<\/p>\n<p>&nbsp;<\/p>\n<p>Trouvez plus de produits de vape que vous pourriez aimer :<strong><em><a href=\"https:\/\/rmvapesale.com\/fr\/shop-2\/\">Achetez maintenant &gt;&gt;&gt;<\/a><\/em><\/strong><\/p>","protected":false},"excerpt":{"rendered":"<p>Bang King Vape 30k Pro Achat en Gros Prix de Gros<br \/>\nVape Bang King 30000 Pro Saveurs de Bouff\u00e9es<br \/>\nBo\u00eete de Vape Jetable Rechargeable Bang King 30000 Puffs<\/p>\n<p><img loading=\"lazy\" decoding=\"async\" class=\"size-full wp-image-1978\" src=\"https:\/\/rmvapesale.com\/wp-content\/uploads\/2024\/09\/Disposable-Vape-Wholesale.jpg\" alt=\"Vente en gros de vapes jetables\" width=\"229\" height=\"300\" \/><\/p>\n<h3><a href=\"https:\/\/wa.me\/8617776015835\"><span style=\"color: #ff0000\"><strong>WhatsApp: +86 17776015835<\/strong><\/span><\/a><\/h3>\n<p>&nbsp;<\/p>","protected":false},"featured_media":2390,"comment_status":"open","ping_status":"closed","template":"","meta":{"_uag_custom_page_level_css":"","_lmt_disableupdate":"","_lmt_disable":"","site-sidebar-layout":"default","site-content-layout":"content-boxed-container","ast-site-content-layout":"normal-width-container","site-content-style":"boxed","site-sidebar-style":"unboxed","ast-global-header-display":"","ast-banner-title-visibility":"","ast-main-header-display":"","ast-hfb-above-header-display":"","ast-hfb-below-header-display":"","ast-hfb-mobile-header-display":"","site-post-title":"","ast-breadcrumbs-content":"","ast-featured-img":"","footer-sml-layout":"","theme-transparent-header-meta":"default","adv-header-id-meta":"","stick-header-meta":"","header-above-stick-meta":"","header-main-stick-meta":"","header-below-stick-meta":"","astra-migrate-meta-layouts":"set","ast-page-background-enabled":"default","ast-page-background-meta":{"desktop":{"background-color":"var(--ast-global-color-4)","background-image":"","background-repeat":"repeat","background-position":"center center","background-size":"auto","background-attachment":"scroll","background-type":"","background-media":"","overlay-type":"","overlay-color":"","overlay-opacity":"","overlay-gradient":""},"tablet":{"background-color":"","background-image":"","background-repeat":"repeat","background-position":"center center","background-size":"auto","background-attachment":"scroll","background-type":"","background-media":"","overlay-type":"","overlay-color":"","overlay-opacity":"","overlay-gradient":""},"mobile":{"background-color":"","background-image":"","background-repeat":"repeat","background-position":"center center","background-size":"auto","background-attachment":"scroll","background-type":"","background-media":"","overlay-type":"","overlay-color":"","overlay-opacity":"","overlay-gradient":""}},"ast-content-background-meta":{"desktop":{"background-color":"var(--ast-global-color-5)","background-image":"","background-repeat":"repeat","background-position":"center center","background-size":"auto","background-attachment":"scroll","background-type":"","background-media":"","overlay-type":"","overlay-color":"","overlay-opacity":"","overlay-gradient":""},"tablet":{"background-color":"var(--ast-global-color-5)","background-image":"","background-repeat":"repeat","background-position":"center center","background-size":"auto","background-attachment":"scroll","background-type":"","background-media":"","overlay-type":"","overlay-color":"","overlay-opacity":"","overlay-gradient":""},"mobile":{"background-color":"var(--ast-global-color-5)","background-image":"","background-repeat":"repeat","background-position":"center center","background-size":"auto","background-attachment":"scroll","background-type":"","background-media":"","overlay-type":"","overlay-color":"","overlay-opacity":"","overlay-gradient":""}},"_joinchat":[]},"product_brand":[],"product_cat":[15,25,123,26,28,135,27,60,137,136,30],"product_tag":[148,146,126,111,132,149,120],"class_list":{"0":"post-2391","1":"product","2":"type-product","3":"status-publish","4":"has-post-thumbnail","6":"product_cat-new-vape-this-week","7":"product_cat-germany-best-selling-vape","8":"product_cat-italy-wholesale-vape","9":"product_cat-netherlands-hot-sale-vape","10":"product_cat-poland-hot-sale-vape","11":"product_cat-spain-best-hot-sale-vape","12":"product_cat-fance-hot-sale-vape","13":"product_cat-bang-vapes","14":"product_cat-rechargeable-vapes","15":"product_cat-smart-screen-vapes","16":"product_cat-minimum-order-quantity-50pcs","17":"product_tag-bang-disposable-vape","18":"product_tag-best-hot-sale-vape","19":"product_tag-e-cigarettes","20":"product_tag-low-nicotine-disposable-vape","21":"product_tag-rechargeable-vape","22":"product_tag-vape-30000-puffs","23":"product_tag-vape-wholesale","24":"desktop-align-left","25":"tablet-align-left","26":"mobile-align-left","28":"first","29":"instock","30":"sale","31":"shipping-taxable","32":"purchasable","33":"product-type-simple"},"uagb_featured_image_src":{"full":["https:\/\/rmvapesale.com\/wp-content\/uploads\/2024\/10\/BangKing-30000-Pro-Disposable-Vape-Box.jpg",800,800,false],"thumbnail":["https:\/\/rmvapesale.com\/wp-content\/uploads\/2024\/10\/BangKing-30000-Pro-Disposable-Vape-Box-150x150.jpg",150,150,true],"medium":["https:\/\/rmvapesale.com\/wp-content\/uploads\/2024\/10\/BangKing-30000-Pro-Disposable-Vape-Box-300x300.jpg",300,300,true],"medium_large":["https:\/\/rmvapesale.com\/wp-content\/uploads\/2024\/10\/BangKing-30000-Pro-Disposable-Vape-Box-768x768.jpg",768,768,true],"large":["https:\/\/rmvapesale.com\/wp-content\/uploads\/2024\/10\/BangKing-30000-Pro-Disposable-Vape-Box.jpg",800,800,false],"1536x1536":["https:\/\/rmvapesale.com\/wp-content\/uploads\/2024\/10\/BangKing-30000-Pro-Disposable-Vape-Box.jpg",800,800,false],"2048x2048":["https:\/\/rmvapesale.com\/wp-content\/uploads\/2024\/10\/BangKing-30000-Pro-Disposable-Vape-Box.jpg",800,800,false],"trp-custom-language-flag":["https:\/\/rmvapesale.com\/wp-content\/uploads\/2024\/10\/BangKing-30000-Pro-Disposable-Vape-Box.jpg",12,12,false],"woocommerce_thumbnail":["https:\/\/rmvapesale.com\/wp-content\/uploads\/2024\/10\/BangKing-30000-Pro-Disposable-Vape-Box-300x300.jpg",300,300,true],"woocommerce_single":["https:\/\/rmvapesale.com\/wp-content\/uploads\/2024\/10\/BangKing-30000-Pro-Disposable-Vape-Box-600x600.jpg",600,600,true],"woocommerce_gallery_thumbnail":["https:\/\/rmvapesale.com\/wp-content\/uploads\/2024\/10\/BangKing-30000-Pro-Disposable-Vape-Box-100x100.jpg",100,100,true],"wcpr-photo-reviews":["https:\/\/rmvapesale.com\/wp-content\/uploads\/2024\/10\/BangKing-30000-Pro-Disposable-Vape-Box.jpg",500,500,false]},"uagb_author_info":{"display_name":"AMY","author_link":"https:\/\/rmvapesale.com\/fr\/author\/"},"uagb_comment_info":0,"uagb_excerpt":"Bang King Vape 30k Pro Bulk Buy Wholesale price Vape Bang King 30000 Pro Puffs Flavors Bang King 30000 Puffs Rechargeable Disposable Vape Box WhatsApp: +86 17776015835 &nbsp;","_links":{"self":[{"href":"https:\/\/rmvapesale.com\/fr\/wp-json\/wp\/v2\/product\/2391","targetHints":{"allow":["GET"]}}],"collection":[{"href":"https:\/\/rmvapesale.com\/fr\/wp-json\/wp\/v2\/product"}],"about":[{"href":"https:\/\/rmvapesale.com\/fr\/wp-json\/wp\/v2\/types\/product"}],"replies":[{"embeddable":true,"href":"https:\/\/rmvapesale.com\/fr\/wp-json\/wp\/v2\/comments?post=2391"}],"wp:featuredmedia":[{"embeddable":true,"href":"https:\/\/rmvapesale.com\/fr\/wp-json\/wp\/v2\/media\/2390"}],"wp:attachment":[{"href":"https:\/\/rmvapesale.com\/fr\/wp-json\/wp\/v2\/media?parent=2391"}],"wp:term":[{"taxonomy":"product_brand","embeddable":true,"href":"https:\/\/rmvapesale.com\/fr\/wp-json\/wp\/v2\/product_brand?post=2391"},{"taxonomy":"product_cat","embeddable":true,"href":"https:\/\/rmvapesale.com\/fr\/wp-json\/wp\/v2\/product_cat?post=2391"},{"taxonomy":"product_tag","embeddable":true,"href":"https:\/\/rmvapesale.com\/fr\/wp-json\/wp\/v2\/product_tag?post=2391"}],"curies":[{"name":"wp","href":"https:\/\/api.w.org\/{rel}","templated":true}]}}