{"id":2398,"date":"2024-10-14T07:57:57","date_gmt":"2024-10-14T07:57:57","guid":{"rendered":"https:\/\/rmvapesale.com\/?post_type=product&#038;p=2398"},"modified":"2024-10-14T08:58:13","modified_gmt":"2024-10-14T08:58:13","slug":"bang-36000-puffs-full-display-smart-vape-bulk-price","status":"publish","type":"product","link":"https:\/\/rmvapesale.com\/fr\/product\/bang-36000-puffs-full-display-smart-vape-bulk-price\/","title":{"rendered":"Bang 36000 Bouff\u00e9es Affichage Complet Smart Vape Prix De Gros"},"content":{"rendered":"<div class=\"B2VR9 CJHX3e\">\n<div class=\"wyccme\">\n<h1 class=\"LC20lb MBeuO DKV0Md\">Bang 36000 Bouff\u00e9es Affichage Complet Smart Vape Prix De Gros<\/h1>\n<div class=\"flex-shrink-0 flex flex-col relative items-end\">\n<div class=\"pt-0\">\n<div class=\"gizmo-bot-avatar flex h-8 w-8 items-center justify-center overflow-hidden rounded-full\">\n<div class=\"relative p-1 rounded-sm flex items-center justify-center bg-token-main-surface-primary text-token-text-primary h-8 w-8\">\n<p>Pr\u00e9sentation du Bang 36000 Bouff\u00e9es Vape Intelligente \u00e0 Affichage Complet, une vape jetable r\u00e9volutionnaire con\u00e7ue pour am\u00e9liorer votre exp\u00e9rience de vapotage avec une technologie de pointe et des performances sup\u00e9rieures. Avec une impressionnante capacit\u00e9 de 36 000 bouff\u00e9es et un grand r\u00e9servoir de 36 ml de e-liquide, cet appareil offre une utilisation prolong\u00e9e sans besoin de recharges fr\u00e9quentes, ce qui le rend parfait pour les vapoteurs recherchant long\u00e9vit\u00e9 et commodit\u00e9.<\/p>\n<p>Le Bang 36000 Bouff\u00e9es est \u00e9quip\u00e9 d'une batterie rechargeable puissante de 850mAh, garantissant des performances constantes et des sessions de vapotage prolong\u00e9es. La recharge est rapide et facile gr\u00e2ce \u00e0 l'interface Type-C, offrant une charge rapide et fiable pour maintenir votre appareil en marche sans souci.<\/p>\n<p>L'une des caract\u00e9ristiques remarquables de cet appareil est l'\u00e9cran complet, qui fournit des mises \u00e0 jour en temps r\u00e9el sur le niveau d'huile et la puissance de la batterie, vous donnant un contr\u00f4le total et une visibilit\u00e9 sur votre exp\u00e9rience de vapotage. De plus, la fonction innovante de d\u00e9verrouillage par empreinte digitale garantit que votre vape reste s\u00e9curis\u00e9e et personnelle, ajoutant une couche suppl\u00e9mentaire de sophistication et d'utilisabilit\u00e9.<\/p>\n<p>Le Bang 36000 Bouff\u00e9es int\u00e8gre une r\u00e9sistance en mesh de 1.0\u03a9, qui am\u00e9liore la restitution des saveurs et la production de vapeur, offrant une inhalation douce et satisfaisante \u00e0 chaque bouff\u00e9e. Que vous pr\u00e9f\u00e9riez la nicotine 0%, 2%, 3% ou 5%, cette vape r\u00e9pond \u00e0 tous les types de vapoteurs en proposant des niveaux de nicotine personnalisables.<\/p>\n<\/div>\n<\/div>\n<\/div>\n<\/div>\n<\/div>\n<\/div>\n<p><strong>Contactez Amy pour obtenir une r\u00e9ponse rapide et plus de vid\u00e9os de produits !<\/strong><\/p>\n<p><img loading=\"lazy\" decoding=\"async\" class=\"size-full wp-image-1978\" src=\"https:\/\/rmvapesale.com\/wp-content\/uploads\/2024\/09\/Disposable-Vape-Wholesale.jpg\" alt=\"Vente en gros de vapes jetables\" width=\"229\" height=\"300\" \/><\/p>\n<h3><a href=\"https:\/\/wa.me\/8617776015835\" target=\"_blank\" rel=\"noopener\"><span style=\"color: #ff0000\"><strong>WhatsApp: +86 17776015835<\/strong><\/span><\/a><\/h3>\n<p>&nbsp;<\/p>\n<h2><\/h2>\n<h2><strong>Caract\u00e9ristiques cl\u00e9s du Bang 36000 Bouff\u00e9es Vape<\/strong><\/h2>\n<p>&nbsp;<\/p>\n<ul>\n<li><strong>Bouff\u00e9es : 36 000 bouff\u00e9es<\/strong><\/li>\n<li><strong>capacit\u00e9 de 36 ml de e-liquide<\/strong><\/li>\n<li><strong>batterie rechargeable de 850 mAh<\/strong><\/li>\n<li><strong>Affichage complet<\/strong> affichage des niveaux d'huile et de batterie<\/li>\n<li><strong>D\u00e9verrouillage par empreinte digitale<\/strong> pour une s\u00e9curit\u00e9 renforc\u00e9e<\/li>\n<li><strong>R\u00e9sistance mesh de 1.0\u03a9<\/strong> pour une production de vapeur douce et savoureuse<\/li>\n<li>Disponible en <strong>12 saveurs<\/strong><\/li>\n<li>Niveaux de nicotine : <strong>0%, 2%, 3% et 5%<\/strong><\/li>\n<\/ul>\n<h2><\/h2>\n<h2><strong>Saveur principale pour Bang 36000 Bouff\u00e9es Vape Intelligente \u00e0 Affichage Complet<\/strong><\/h2>\n<p>Le Bang 36000 Bouff\u00e9es int\u00e8gre une r\u00e9sistance en mesh de 1.0\u03a9, qui am\u00e9liore la restitution des saveurs et la production de vapeur, offrant une inhalation douce et satisfaisante \u00e0 chaque bouff\u00e9e. Que vous pr\u00e9f\u00e9riez la nicotine 0%, 2%, 3% ou 5%, cette vape r\u00e9pond \u00e0 tous les types de vapoteurs en proposant des niveaux de nicotine personnalisables.<\/p>\n<p>&nbsp;<\/p>\n<p>1. Fruit M\u00e9lang\u00e9<br \/>\n2. Baies Triples<span style=\"color: #ff0000\"><strong>&gt;&gt;&gt;&gt; Chaud!<\/strong><\/span><br \/>\n3. P\u00eache Mangue Past\u00e8que<br \/>\n4. Myrtille Framboise<br \/>\n5. Glace Dragon Noir<span style=\"color: #ff0000\"><strong>&gt;&gt;&gt;&gt; Chaud!<\/strong><\/span><br \/>\n6. Glace Raisin<br \/>\n7. Glace Myrtille<br \/>\n8. Fraise Past\u00e8que<br \/>\n9. Fraise Banane<br \/>\n10. Fraise Kiwi<br \/>\n11. Fraise Mangue<br \/>\n12. Glace Past\u00e8que<span style=\"color: #ff0000\"><strong>&gt;&gt;&gt;&gt; Le meilleur !<\/strong><\/span><\/p>\n<figure id=\"attachment_2397\" aria-describedby=\"caption-attachment-2397\" style=\"width: 500px\" class=\"wp-caption alignnone\"><img loading=\"lazy\" decoding=\"async\" class=\"wp-image-2397 size-full\" src=\"https:\/\/rmvapesale.com\/wp-content\/uploads\/2024\/10\/Bang-Vape-36000-Puffs-Disposable-Flavor.jpg\" alt=\"Saveur Jetable Bang Vape 36000 Bouff\u00e9es\" width=\"500\" height=\"826\" srcset=\"https:\/\/rmvapesale.com\/wp-content\/uploads\/2024\/10\/Bang-Vape-36000-Puffs-Disposable-Flavor.jpg 500w, https:\/\/rmvapesale.com\/wp-content\/uploads\/2024\/10\/Bang-Vape-36000-Puffs-Disposable-Flavor-182x300.jpg 182w\" sizes=\"auto, (max-width: 500px) 100vw, 500px\" \/><figcaption id=\"caption-attachment-2397\" class=\"wp-caption-text\">Saveur Jetable Bang Vape 36000 Bouff\u00e9es<\/figcaption><\/figure>\n<h3><\/h3>\n<h3><strong>Pourquoi choisir Rmvapesale pour Bang Vape Puff 36000 Vape rechargeable<\/strong><strong>?<\/strong><\/h3>\n<div class=\"flex-shrink-0 flex flex-col relative items-end\">\n<div class=\"pt-0\">\n<div class=\"gizmo-bot-avatar flex h-8 w-8 items-center justify-center overflow-hidden rounded-full\">\n<div class=\"relative p-1 rounded-sm flex items-center justify-center bg-token-main-surface-primary text-token-text-primary h-8 w-8\">\n<p>&nbsp;<\/p>\n<p>En choisissant Rmvapesale pour vos besoins en vapes jetables en gros, vous b\u00e9n\u00e9ficiez de :<\/p>\n<ul>\n<li><strong>Prix comp\u00e9titifs<\/strong>: Acc\u00e9dez \u00e0 des prix de gros attractifs qui stimulent vos marges commerciales.<\/li>\n<li><strong>Haute qualit\u00e9<\/strong>: Nos vapes sont fabriqu\u00e9es selon les normes les plus strictes et sont <span style=\"color: #ff0000\"><strong>garanties 100% originales et authentiques. Nous offrons 10 fois le prix en d\u00e9dommagement pour les produits contrefaits !<\/strong><\/span><\/li>\n<li><strong>Excellent service client<\/strong>: Notre \u00e9quipe d\u00e9di\u00e9e est toujours pr\u00eate \u00e0 vous aider, rendant votre processus d'achat fluide et sans tracas.<\/li>\n<li><strong>Exp\u00e9dition rapide<\/strong>: Attendez-vous \u00e0 une exp\u00e9dition rapide et fiable, garantissant que vos commandes arrivent \u00e0 temps, \u00e0 chaque fois.<\/li>\n<\/ul>\n<\/div>\n<h3><\/h3>\n<div class=\"relative p-1 rounded-sm flex items-center justify-center bg-token-main-surface-primary text-token-text-primary h-8 w-8\">\n<h3><b>FAQs<\/b><\/h3>\n<p><strong>1. Combien de bouff\u00e9es offre le Bang 36000 Bouff\u00e9es ?<\/strong><br \/>\nL' <strong>Bang 36000 Bouff\u00e9es<\/strong> offre une incroyable <strong>36 000 bouff\u00e9es<\/strong>, ce qui en fait l\u2019un des vapes jetables les plus durables sur le march\u00e9.<\/p>\n<p><strong>2. Quelles sont les options de nicotine disponibles pour cette vape ?<\/strong><br \/>\nL' <strong>Bang 36000 Bouff\u00e9es Vape intelligente \u00e0 affichage complet<\/strong> se d\u00e9cline en quatre options de force de nicotine : <strong>0%, 2%, 3% et 5%<\/strong>, permettant aux utilisateurs de choisir leur niveau de nicotine pr\u00e9f\u00e9r\u00e9.<\/p>\n<p><strong>3. Quelle est la capacit\u00e9 de la batterie, et est-elle rechargeable ?<\/strong><br \/>\nCe vapoteur est aliment\u00e9 par un <strong>batterie rechargeable de 850 mAh<\/strong>. Il dispose \u00e9galement d'une <strong>Type-C<\/strong> prise de recharge pour une recharge rapide et efficace.<\/p>\n<p><strong>4. Quelles fonctionnalit\u00e9s offre l'\u00e9cran plein \u00e9cran ?<\/strong><br \/>\nL' <strong>\u00e9cran plein \u00e9cran<\/strong> sur le Bang 36000 Puffs affiche \u00e0 la fois le <strong>niveau d'huile<\/strong> et le <strong>niveau de batterie<\/strong> en temps r\u00e9el, vous offrant un contr\u00f4le total sur votre exp\u00e9rience de vapotage.<\/p>\n<p><strong>5. Comment fonctionne la fonction de d\u00e9verrouillage par empreinte digitale ?<\/strong><br \/>\nL' <strong>fonction de d\u00e9verrouillage par empreinte digitale<\/strong> garantit que seul vous pouvez d\u00e9verrouiller et utiliser votre appareil, ajoutant une couche de s\u00e9curit\u00e9 \u00e0 votre cigarette \u00e9lectronique.<\/p>\n<p><strong>6. Quelles saveurs sont disponibles pour le Bang 36000 Bouff\u00e9es ?<\/strong><br \/>\nL' <strong>Bang 36000 Bouff\u00e9es<\/strong> est disponible en <strong>12 saveurs distinctes<\/strong>, r\u00e9pondant \u00e0 une large gamme de go\u00fbts et de pr\u00e9f\u00e9rences. Les saveurs populaires incluent des options fruit\u00e9es, sucr\u00e9es et rafra\u00eechissantes pour chaque vapoteur.<\/p>\n<\/div>\n<\/div>\n<\/div>\n<\/div>\n<div class=\"group\/conversation-turn relative flex w-full min-w-0 flex-col agent-turn\">\n<div class=\"flex-col gap-1 md:gap-3\">\n<div class=\"flex max-w-full flex-col flex-grow\">\n<div class=\"min-h-8 text-message flex w-full flex-col items-end gap-2 whitespace-normal break-words [.text-message+&amp;]:mt-5\" dir=\"auto\" data-message-author-role=\"assistant\" data-message-id=\"f226d3fc-81f3-46d5-8c46-31787fff0357\">\n<div class=\"flex w-full flex-col gap-1 empty:hidden first:pt-[3px]\">\n<div class=\"markdown prose w-full break-words dark:prose-invert light\">\n<p>&nbsp;<\/p>\n<\/div>\n<\/div>\n<\/div>\n<\/div>\n<\/div>\n<\/div>\n<h3>\u00c0 propos de l'exp\u00e9dition<\/h3>\n<div class=\"flex-shrink-0 flex flex-col relative items-end\">\n<div>\n<div class=\"pt-0\">\n<div class=\"gizmo-bot-avatar flex h-8 w-8 items-center justify-center overflow-hidden rounded-full\">\n<div><\/div>\n<div class=\"relative p-1 rounded-sm flex items-center justify-center bg-token-main-surface-primary text-token-text-primary h-8 w-8\"><strong>1. Quelles m\u00e9thodes d'exp\u00e9dition sont utilis\u00e9es ?<\/strong><\/div>\n<\/div>\n<\/div>\n<\/div>\n<\/div>\n<div class=\"group\/conversation-turn relative flex w-full min-w-0 flex-col agent-turn\">\n<div class=\"flex-col gap-1 md:gap-3\">\n<div class=\"flex max-w-full flex-col flex-grow\">\n<div class=\"min-h-[20px] text-message flex w-full flex-col items-end gap-2 whitespace-normal break-words [.text-message+&amp;]:mt-5 overflow-x-auto\" dir=\"auto\" data-message-author-role=\"assistant\" data-message-id=\"22f8283b-3233-46ff-89a5-c7a41b33abda\">\n<div class=\"flex w-full flex-col gap-1 empty:hidden first:pt-[3px]\">\n<div class=\"markdown prose w-full break-words dark:prose-invert light\">\n<p>Nous travaillons en partenariat avec UPS, DHL, FedEx, DPD et d'autres transporteurs de premier plan. Nous s\u00e9lectionnerons la meilleure m\u00e9thode d'exp\u00e9dition en fonction de votre lieu de livraison pour que vous receviez vos produits le plus rapidement possible.<\/p>\n<\/div>\n<p><strong>2. Combien de temps faut-il pour que cela arrive ?<\/strong><\/p>\n<p>Les colis exp\u00e9di\u00e9s en France arrivent g\u00e9n\u00e9ralement sous 10 jours ouvrables. L'exp\u00e9dition vers les pays europ\u00e9ens prend g\u00e9n\u00e9ralement environ 12 \u00e0 15 jours ouvrables. Nous vous fournirons des mises \u00e0 jour en temps r\u00e9el sur l'\u00e9tat de votre envoi.<\/p>\n<\/div>\n<\/div>\n<\/div>\n<\/div>\n<\/div>\n<p>&nbsp;<\/p>\n<p>Autres vapes en vente que vous pourriez aimer :<\/p>\n<p><a href=\"https:\/\/rmvapesale.com\/fr\/product\/bang-vape-30000-pro-disposables-wholesale\/\"><strong>Bang King 30000 Bouff\u00e9es Puff\u00a0 \u00a0<span style=\"color: #ff0000\">&gt;&gt;&gt;&gt; C'est parti !<\/span><\/strong><\/a><\/p>\n<p><strong><a href=\"https:\/\/rmvapesale.com\/fr\/product\/faivono-bang-maxi-15000-puffs-disposable-vape-bulk-wholesale\/\">AIVONO Aim Bang Maxi 15000 bouff\u00e9es <span style=\"color: #ff0000\">&gt;&gt;&gt;&gt; C'est parti !<\/span><\/a>\u00a0<\/strong><\/p>\n<p><a href=\"https:\/\/rmvapesale.com\/fr\/product\/bang-box-30000-puff-double-taste-smart-screen-disposable-vape\/\"><strong>Bang Vape Box 30000 Bouff\u00e9es <span style=\"color: #ff0000\">&gt;&gt;&gt;&gt; C'est parti !<\/span><\/strong><\/a><\/p>\n<p>&nbsp;<\/p>\n<p>&nbsp;<\/p>\n<p>Trouvez plus de produits de vape que vous pourriez aimer :<strong><em><a href=\"https:\/\/rmvapesale.com\/fr\/shop-2\/\">Achetez maintenant &gt;&gt;&gt;<\/a><\/em><\/strong><\/p>","protected":false},"excerpt":{"rendered":"<p>Bang Vape 36k Vape Jetable Achat en Gros Prix de Gros<br \/>\nVape Bang Puff 36000 Bo\u00eete Toutes Saveurs en Stock<br \/>\nBang 36000 Bouff\u00e9es Vape Jetable Rechargeable<\/p>\n<p><img loading=\"lazy\" decoding=\"async\" class=\"size-full wp-image-1978\" src=\"https:\/\/rmvapesale.com\/wp-content\/uploads\/2024\/09\/Disposable-Vape-Wholesale.jpg\" alt=\"Vente en gros de vapes jetables\" width=\"229\" height=\"300\" \/><\/p>\n<h3><a href=\"https:\/\/wa.me\/8617776015835\"><span style=\"color: #ff0000\"><strong>WhatsApp: +86 17776015835<\/strong><\/span><\/a><\/h3>\n<p>&nbsp;<\/p>","protected":false},"featured_media":2393,"comment_status":"open","ping_status":"closed","template":"","meta":{"_uag_custom_page_level_css":"","_lmt_disableupdate":"","_lmt_disable":"","site-sidebar-layout":"default","site-content-layout":"content-boxed-container","ast-site-content-layout":"normal-width-container","site-content-style":"boxed","site-sidebar-style":"unboxed","ast-global-header-display":"","ast-banner-title-visibility":"","ast-main-header-display":"","ast-hfb-above-header-display":"","ast-hfb-below-header-display":"","ast-hfb-mobile-header-display":"","site-post-title":"","ast-breadcrumbs-content":"","ast-featured-img":"","footer-sml-layout":"","theme-transparent-header-meta":"default","adv-header-id-meta":"","stick-header-meta":"","header-above-stick-meta":"","header-main-stick-meta":"","header-below-stick-meta":"","astra-migrate-meta-layouts":"set","ast-page-background-enabled":"default","ast-page-background-meta":{"desktop":{"background-color":"var(--ast-global-color-4)","background-image":"","background-repeat":"repeat","background-position":"center center","background-size":"auto","background-attachment":"scroll","background-type":"","background-media":"","overlay-type":"","overlay-color":"","overlay-opacity":"","overlay-gradient":""},"tablet":{"background-color":"","background-image":"","background-repeat":"repeat","background-position":"center center","background-size":"auto","background-attachment":"scroll","background-type":"","background-media":"","overlay-type":"","overlay-color":"","overlay-opacity":"","overlay-gradient":""},"mobile":{"background-color":"","background-image":"","background-repeat":"repeat","background-position":"center center","background-size":"auto","background-attachment":"scroll","background-type":"","background-media":"","overlay-type":"","overlay-color":"","overlay-opacity":"","overlay-gradient":""}},"ast-content-background-meta":{"desktop":{"background-color":"var(--ast-global-color-5)","background-image":"","background-repeat":"repeat","background-position":"center center","background-size":"auto","background-attachment":"scroll","background-type":"","background-media":"","overlay-type":"","overlay-color":"","overlay-opacity":"","overlay-gradient":""},"tablet":{"background-color":"var(--ast-global-color-5)","background-image":"","background-repeat":"repeat","background-position":"center center","background-size":"auto","background-attachment":"scroll","background-type":"","background-media":"","overlay-type":"","overlay-color":"","overlay-opacity":"","overlay-gradient":""},"mobile":{"background-color":"var(--ast-global-color-5)","background-image":"","background-repeat":"repeat","background-position":"center center","background-size":"auto","background-attachment":"scroll","background-type":"","background-media":"","overlay-type":"","overlay-color":"","overlay-opacity":"","overlay-gradient":""}},"_joinchat":[]},"product_brand":[],"product_cat":[15,25,123,26,28,135,27,60,137,136,30],"product_tag":[148,150,146,126,151,111,132,85],"class_list":{"0":"post-2398","1":"product","2":"type-product","3":"status-publish","4":"has-post-thumbnail","6":"product_cat-new-vape-this-week","7":"product_cat-germany-best-selling-vape","8":"product_cat-italy-wholesale-vape","9":"product_cat-netherlands-hot-sale-vape","10":"product_cat-poland-hot-sale-vape","11":"product_cat-spain-best-hot-sale-vape","12":"product_cat-fance-hot-sale-vape","13":"product_cat-bang-vapes","14":"product_cat-rechargeable-vapes","15":"product_cat-smart-screen-vapes","16":"product_cat-minimum-order-quantity-50pcs","17":"product_tag-bang-disposable-vape","18":"product_tag-bang-vape-bar","19":"product_tag-best-hot-sale-vape","20":"product_tag-e-cigarettes","21":"product_tag-full-display-vape","22":"product_tag-low-nicotine-disposable-vape","23":"product_tag-rechargeable-vape","24":"product_tag-smart-disposable-vape","25":"desktop-align-left","26":"tablet-align-left","27":"mobile-align-left","29":"first","30":"instock","31":"sale","32":"shipping-taxable","33":"purchasable","34":"product-type-simple"},"uagb_featured_image_src":{"full":["https:\/\/rmvapesale.com\/wp-content\/uploads\/2024\/10\/Bang-36000-Puffs-Disposable-Vape-Bulk.jpg",808,808,false],"thumbnail":["https:\/\/rmvapesale.com\/wp-content\/uploads\/2024\/10\/Bang-36000-Puffs-Disposable-Vape-Bulk-150x150.jpg",150,150,true],"medium":["https:\/\/rmvapesale.com\/wp-content\/uploads\/2024\/10\/Bang-36000-Puffs-Disposable-Vape-Bulk-300x300.jpg",300,300,true],"medium_large":["https:\/\/rmvapesale.com\/wp-content\/uploads\/2024\/10\/Bang-36000-Puffs-Disposable-Vape-Bulk-768x768.jpg",768,768,true],"large":["https:\/\/rmvapesale.com\/wp-content\/uploads\/2024\/10\/Bang-36000-Puffs-Disposable-Vape-Bulk.jpg",808,808,false],"1536x1536":["https:\/\/rmvapesale.com\/wp-content\/uploads\/2024\/10\/Bang-36000-Puffs-Disposable-Vape-Bulk.jpg",808,808,false],"2048x2048":["https:\/\/rmvapesale.com\/wp-content\/uploads\/2024\/10\/Bang-36000-Puffs-Disposable-Vape-Bulk.jpg",808,808,false],"trp-custom-language-flag":["https:\/\/rmvapesale.com\/wp-content\/uploads\/2024\/10\/Bang-36000-Puffs-Disposable-Vape-Bulk.jpg",12,12,false],"woocommerce_thumbnail":["https:\/\/rmvapesale.com\/wp-content\/uploads\/2024\/10\/Bang-36000-Puffs-Disposable-Vape-Bulk-300x300.jpg",300,300,true],"woocommerce_single":["https:\/\/rmvapesale.com\/wp-content\/uploads\/2024\/10\/Bang-36000-Puffs-Disposable-Vape-Bulk-600x600.jpg",600,600,true],"woocommerce_gallery_thumbnail":["https:\/\/rmvapesale.com\/wp-content\/uploads\/2024\/10\/Bang-36000-Puffs-Disposable-Vape-Bulk-100x100.jpg",100,100,true],"wcpr-photo-reviews":["https:\/\/rmvapesale.com\/wp-content\/uploads\/2024\/10\/Bang-36000-Puffs-Disposable-Vape-Bulk.jpg",500,500,false]},"uagb_author_info":{"display_name":"AMY","author_link":"https:\/\/rmvapesale.com\/fr\/author\/"},"uagb_comment_info":0,"uagb_excerpt":"Bang Vape 36k Disposable Vape Bulk Buy Wholesale price Vape Bang Puff 36000 Box All Flavors in Stock Bang 36000 Puffs Rechargeable Disposable Vape WhatsApp: +86 17776015835 &nbsp;","_links":{"self":[{"href":"https:\/\/rmvapesale.com\/fr\/wp-json\/wp\/v2\/product\/2398","targetHints":{"allow":["GET"]}}],"collection":[{"href":"https:\/\/rmvapesale.com\/fr\/wp-json\/wp\/v2\/product"}],"about":[{"href":"https:\/\/rmvapesale.com\/fr\/wp-json\/wp\/v2\/types\/product"}],"replies":[{"embeddable":true,"href":"https:\/\/rmvapesale.com\/fr\/wp-json\/wp\/v2\/comments?post=2398"}],"wp:featuredmedia":[{"embeddable":true,"href":"https:\/\/rmvapesale.com\/fr\/wp-json\/wp\/v2\/media\/2393"}],"wp:attachment":[{"href":"https:\/\/rmvapesale.com\/fr\/wp-json\/wp\/v2\/media?parent=2398"}],"wp:term":[{"taxonomy":"product_brand","embeddable":true,"href":"https:\/\/rmvapesale.com\/fr\/wp-json\/wp\/v2\/product_brand?post=2398"},{"taxonomy":"product_cat","embeddable":true,"href":"https:\/\/rmvapesale.com\/fr\/wp-json\/wp\/v2\/product_cat?post=2398"},{"taxonomy":"product_tag","embeddable":true,"href":"https:\/\/rmvapesale.com\/fr\/wp-json\/wp\/v2\/product_tag?post=2398"}],"curies":[{"name":"wp","href":"https:\/\/api.w.org\/{rel}","templated":true}]}}