{"id":2433,"date":"2024-10-16T09:15:53","date_gmt":"2024-10-16T09:15:53","guid":{"rendered":"https:\/\/rmvapesale.com\/?post_type=product&#038;p=2433"},"modified":"2024-10-16T09:57:47","modified_gmt":"2024-10-16T09:57:47","slug":"aivono-aim-freak-13000-puffs-disposable-vape-cheap-price","status":"publish","type":"product","link":"https:\/\/rmvapesale.com\/fr\/product\/aivono-aim-freak-13000-puffs-disposable-vape-cheap-price\/","title":{"rendered":"AIVONO Aim Freak 13000 Bouff\u00e9es Vape Jetable Prix Bas"},"content":{"rendered":"<div class=\"B2VR9 CJHX3e\">\n<div class=\"wyccme\">\n<h1 class=\"LC20lb MBeuO DKV0Md\">AIVONO Aim Freak 13000 Bouff\u00e9es Vape Jetable Prix Bas<\/h1>\n<div class=\"flex-shrink-0 flex flex-col relative items-end\">\n<div class=\"pt-0\">\n<div class=\"gizmo-bot-avatar flex h-8 w-8 items-center justify-center overflow-hidden rounded-full\">\n<div class=\"relative p-1 rounded-sm flex items-center justify-center bg-token-main-surface-primary text-token-text-primary h-8 w-8\">\n<p>La cigarette \u00e9lectronique jetable AIVONO Aim Freak 13000 Puffs est un stylo vape tr\u00e8s vendu, con\u00e7u aussi bien pour les utilisateurs occasionnels que pour la vente en gros. Cette cigarette \u00e9lectronique jetable rechargeable poss\u00e8de une capacit\u00e9 impressionnante de 20 ml d'e-liquide, permettant jusqu'\u00e0 13 000 bouff\u00e9es par appareil.<\/p>\n<p>L'appareil est aliment\u00e9 par une batterie rechargeable robuste de 500 mAh, dot\u00e9e d'un port de charge de type C pour une recharge rapide. Sa bobine maill\u00e9e avanc\u00e9e de 1,0\u03a9 assure une production de vapeur douce et am\u00e9liore la restitution des saveurs, rendant chaque bouff\u00e9e satisfaisante.<\/p>\n<p>L'une des caract\u00e9ristiques remarquables de l'AIVONO Aim Freak est son \u00e9cran d'affichage num\u00e9rique, qui fournit des informations en temps r\u00e9el sur l'autonomie de la batterie et les niveaux d'e-liquide. Elle est disponible en diff\u00e9rentes concentrations de nicotine, dont 0%, 2%, 3% et 5%, r\u00e9pondant \u00e0 un large \u00e9ventail de pr\u00e9f\u00e9rences<\/p>\n<\/div>\n<\/div>\n<\/div>\n<\/div>\n<\/div>\n<\/div>\n<p><strong>Contactez Amy pour obtenir une r\u00e9ponse rapide et plus de vid\u00e9os de produits !<\/strong><\/p>\n<p><img loading=\"lazy\" decoding=\"async\" class=\"size-full wp-image-1978\" src=\"https:\/\/rmvapesale.com\/wp-content\/uploads\/2024\/09\/Disposable-Vape-Wholesale.jpg\" alt=\"Vente en gros de vapes jetables\" width=\"229\" height=\"300\" \/><\/p>\n<h3><a href=\"https:\/\/wa.me\/8617776015835\" target=\"_blank\" rel=\"noopener\"><span style=\"color: #ff0000\"><strong>WhatsApp: +86 17776015835<\/strong><\/span><\/a><\/h3>\n<p>&nbsp;<\/p>\n<h2><\/h2>\n<h2><strong>Caract\u00e9ristiques principales de la cigarette \u00e9lectronique jetable AIVONO 13000 Puffs<\/strong><\/h2>\n<p>Bouff\u00e9es: 13000 bouff\u00e9es<br \/>\nNicotine: 0\/2\/3\/5%<br \/>\n23ML d'E-liquide.<br \/>\nBobine maill\u00e9e<br \/>\nBatterie rechargeable<br \/>\nCouleurs LED RGB<br \/>\nBatterie int\u00e9gr\u00e9e de 650 mAh.<br \/>\n16 saveurs disponibles.<\/p>\n<h2><\/h2>\n<h2><strong>Meilleure saveur pour <\/strong><strong>AIVONO 13000 Jetable<\/strong><\/h2>\n<p>Avec une s\u00e9lection vari\u00e9e de saveurs telles que Blue Razz Ice, Strawberry Kiwi et Watermelon Ice, l'AIVONO Aim Freak offre une exp\u00e9rience de vapotage unique et agr\u00e9able.<\/p>\n<p>1.Glace \u00e0 la framboise bleue<br \/>\n2.Glace \u00e0 la fraise<br \/>\n3.Past\u00e8que glac\u00e9e<span style=\"color: #ff0000\"><strong>&gt;&gt;&gt;&gt; Chaud!<\/strong><\/span><br \/>\n4.Jus de p\u00eache<br \/>\n5.Fraise Kiwi<br \/>\n6.Past\u00e8que et bubble-gum<span style=\"color: #ff0000\"><strong>&gt;&gt;&gt;&gt; Chaud!<\/strong><\/span><br \/>\n7.Ananas, noix de coco et glace<br \/>\n8.Limonade rose<span style=\"color: #ff0000\"><strong>&gt;&gt;&gt;&gt; Le meilleur !<\/strong><\/span><br \/>\n9.Ananas, mangue et p\u00eache<br \/>\n10.Raisin et cassis<\/p>\n<figure id=\"attachment_2427\" aria-describedby=\"caption-attachment-2427\" style=\"width: 808px\" class=\"wp-caption alignnone\"><img loading=\"lazy\" decoding=\"async\" class=\"wp-image-2427 size-full\" src=\"https:\/\/rmvapesale.com\/wp-content\/uploads\/2024\/10\/AIVONO-AIM-Vape-13000-Puffs-Disposable.png\" alt=\"Cigarette \u00e9lectronique jetable AIVONO AIM Vape 13000 bouff\u00e9es\" width=\"808\" height=\"656\" srcset=\"https:\/\/rmvapesale.com\/wp-content\/uploads\/2024\/10\/AIVONO-AIM-Vape-13000-Puffs-Disposable.png 808w, https:\/\/rmvapesale.com\/wp-content\/uploads\/2024\/10\/AIVONO-AIM-Vape-13000-Puffs-Disposable-300x244.png 300w, https:\/\/rmvapesale.com\/wp-content\/uploads\/2024\/10\/AIVONO-AIM-Vape-13000-Puffs-Disposable-768x624.png 768w, https:\/\/rmvapesale.com\/wp-content\/uploads\/2024\/10\/AIVONO-AIM-Vape-13000-Puffs-Disposable-600x487.png 600w\" sizes=\"auto, (max-width: 808px) 100vw, 808px\" \/><figcaption id=\"caption-attachment-2427\" class=\"wp-caption-text\">Cigarette \u00e9lectronique jetable AIVONO AIM Vape 13000 bouff\u00e9es<\/figcaption><\/figure>\n<h3><\/h3>\n<h3><strong>Pourquoi choisir Rmvapesale pour la cigarette \u00e9lectronique rechargeable Bang Tornado 13000<\/strong><strong>?<\/strong><\/h3>\n<div class=\"flex-shrink-0 flex flex-col relative items-end\">\n<div class=\"pt-0\">\n<div class=\"gizmo-bot-avatar flex h-8 w-8 items-center justify-center overflow-hidden rounded-full\">\n<div class=\"relative p-1 rounded-sm flex items-center justify-center bg-token-main-surface-primary text-token-text-primary h-8 w-8\">\n<p>&nbsp;<\/p>\n<p>En choisissant Rmvapesale pour vos besoins en vapes jetables en gros, vous b\u00e9n\u00e9ficiez de :<\/p>\n<ul>\n<li><strong>Prix comp\u00e9titifs<\/strong>: Acc\u00e9dez \u00e0 des prix de gros attractifs qui stimulent vos marges commerciales.<\/li>\n<li><strong>Haute qualit\u00e9<\/strong>: Nos vapes sont fabriqu\u00e9es selon les normes les plus strictes et sont <span style=\"color: #ff0000\"><strong>garanties 100% originales et authentiques. Nous offrons 10 fois le prix en d\u00e9dommagement pour les produits contrefaits !<\/strong><\/span><\/li>\n<li><strong>Excellent service client<\/strong>: Notre \u00e9quipe d\u00e9di\u00e9e est toujours pr\u00eate \u00e0 vous aider, rendant votre processus d'achat fluide et sans tracas.<\/li>\n<li><strong>Exp\u00e9dition rapide<\/strong>: Attendez-vous \u00e0 une exp\u00e9dition rapide et fiable, garantissant que vos commandes arrivent \u00e0 temps, \u00e0 chaque fois.<\/li>\n<\/ul>\n<\/div>\n<h3><\/h3>\n<div class=\"relative p-1 rounded-sm flex items-center justify-center bg-token-main-surface-primary text-token-text-primary h-8 w-8\">\n<h3><b>FAQs<\/b><\/h3>\n<p>&nbsp;<\/p>\n<\/div>\n<\/div>\n<\/div>\n<\/div>\n<div class=\"group\/conversation-turn relative flex w-full min-w-0 flex-col agent-turn\">\n<div class=\"flex-col gap-1 md:gap-3\">\n<div class=\"flex max-w-full flex-col flex-grow\">\n<div class=\"min-h-8 text-message flex w-full flex-col items-end gap-2 whitespace-normal break-words [.text-message+&amp;]:mt-5\" dir=\"auto\" data-message-author-role=\"assistant\" data-message-id=\"f226d3fc-81f3-46d5-8c46-31787fff0357\">\n<div class=\"flex w-full flex-col gap-1 empty:hidden first:pt-[3px]\">\n<div class=\"markdown prose w-full break-words dark:prose-invert light\">\n<div class=\"group\/conversation-turn relative flex w-full min-w-0 flex-col agent-turn\">\n<div class=\"flex-col gap-1 md:gap-3\">\n<div class=\"flex max-w-full flex-col flex-grow\">\n<div class=\"min-h-8 text-message flex w-full flex-col items-end gap-2 whitespace-normal break-words [.text-message+&amp;]:mt-5\" dir=\"auto\" data-message-author-role=\"assistant\" data-message-id=\"91d2b73b-9149-4888-a964-4b8464e0e6e3\" data-message-model-slug=\"gpt-4o\">\n<div class=\"flex w-full flex-col gap-1 empty:hidden first:pt-[3px]\">\n<div class=\"markdown prose w-full break-words dark:prose-invert light\">\n<p><strong>1. Combien de bouff\u00e9es puis-je tirer de la cigarette \u00e9lectronique jetable AIVONO Aim 13000 Puffs?<\/strong><br \/>\nL'AIVONO Freak offre jusqu'\u00e0 13 000 bouff\u00e9es par appareil, gr\u00e2ce \u00e0 sa capacit\u00e9 d'e-liquide de 20 ml, garantissant une utilisation longue dur\u00e9e avant d'avoir besoin d'un remplacement.<\/p>\n<p><strong>2. Quel type de batterie utilise la cigarette \u00e9lectronique jetable AIVONO 13000 Puffs?<\/strong><br \/>\nCette cigarette \u00e9lectronique est \u00e9quip\u00e9e d'une batterie rechargeable de 500 mAh, avec un port de charge de type C pour une recharge rapide et efficace.<\/p>\n<p><strong>3. Qu'est-ce qui rend la bobine maill\u00e9e AIVONO si sp\u00e9ciale?<\/strong><br \/>\nL'AIVONO Aim Freak utilise une bobine maill\u00e9e de 1,0\u03a9, qui am\u00e9liore la production de vapeur et la restitution des saveurs, offrant des bouff\u00e9es douces et coh\u00e9rentes \u00e0 chaque utilisation.<\/p>\n<p><strong>4. Le bo\u00eetier de la cigarette \u00e9lectronique jetable AIVONO 13000 Puffs est-il dot\u00e9 d'un affichage num\u00e9rique?<\/strong><br \/>\nOui, l'appareil comprend un \u00e9cran d'affichage num\u00e9rique qui montre des mises \u00e0 jour en temps r\u00e9el sur la dur\u00e9e de vie de la batterie et les niveaux d'e-liquide, ce qui facilite la surveillance de l'utilisation.<\/p>\n<p><strong>5. Quelles saveurs et forces de nicotine sont disponibles avec la cigarette \u00e9lectronique jetable AIVONO 13000 Puffs?<\/strong><br \/>\nL'AIVONO 13000 est disponible dans diverses saveurs comme Blue Razz Ice, Fraise Kiwi et Past\u00e8que Glac\u00e9e, avec des options de force de nicotine de 0%, 2%, 3% et 5%, r\u00e9pondant aux diff\u00e9rentes pr\u00e9f\u00e9rences des utilisateurs.<\/p>\n<p>&nbsp;<\/p>\n<\/div>\n<\/div>\n<\/div>\n<\/div>\n<\/div>\n<\/div>\n<\/div>\n<\/div>\n<\/div>\n<\/div>\n<\/div>\n<\/div>\n<h3>\u00c0 propos de l'exp\u00e9dition<\/h3>\n<div class=\"flex-shrink-0 flex flex-col relative items-end\">\n<div>\n<div class=\"pt-0\">\n<div class=\"gizmo-bot-avatar flex h-8 w-8 items-center justify-center overflow-hidden rounded-full\">\n<div><\/div>\n<div class=\"relative p-1 rounded-sm flex items-center justify-center bg-token-main-surface-primary text-token-text-primary h-8 w-8\"><strong>1. Quelles m\u00e9thodes d'exp\u00e9dition sont utilis\u00e9es ?<\/strong><\/div>\n<\/div>\n<\/div>\n<\/div>\n<\/div>\n<div class=\"group\/conversation-turn relative flex w-full min-w-0 flex-col agent-turn\">\n<div class=\"flex-col gap-1 md:gap-3\">\n<div class=\"flex max-w-full flex-col flex-grow\">\n<div class=\"min-h-[20px] text-message flex w-full flex-col items-end gap-2 whitespace-normal break-words [.text-message+&amp;]:mt-5 overflow-x-auto\" dir=\"auto\" data-message-author-role=\"assistant\" data-message-id=\"22f8283b-3233-46ff-89a5-c7a41b33abda\">\n<div class=\"flex w-full flex-col gap-1 empty:hidden first:pt-[3px]\">\n<div class=\"markdown prose w-full break-words dark:prose-invert light\">\n<p>Nous travaillons en partenariat avec UPS, DHL, FedEx, DPD et d'autres transporteurs de premier plan. Nous s\u00e9lectionnerons la meilleure m\u00e9thode d'exp\u00e9dition en fonction de votre lieu de livraison pour que vous receviez vos produits le plus rapidement possible.<\/p>\n<\/div>\n<p><strong>2. Combien de temps faut-il pour que cela arrive ?<\/strong><\/p>\n<p>Les colis exp\u00e9di\u00e9s en France arrivent g\u00e9n\u00e9ralement sous 10 jours ouvrables. L'exp\u00e9dition vers les pays europ\u00e9ens prend g\u00e9n\u00e9ralement environ 12 \u00e0 15 jours ouvrables. Nous vous fournirons des mises \u00e0 jour en temps r\u00e9el sur l'\u00e9tat de votre envoi.<\/p>\n<\/div>\n<\/div>\n<\/div>\n<\/div>\n<\/div>\n<p>&nbsp;<\/p>\n<p>Autres vapes en vente que vous pourriez aimer :<\/p>\n<p><a href=\"https:\/\/rmvapesale.com\/fr\/product\/bang-box-20000-puffs-vape-0-2-5-nicotine\/\"><strong>Bang Box 20000 bouff\u00e9es\u00a0 \u00a0<span style=\"color: #ff0000\">&gt;&gt;&gt;&gt; C'est parti !<\/span><\/strong><\/a><\/p>\n<p><strong><a href=\"https:\/\/rmvapesale.com\/fr\/product\/faivono-bang-maxi-15000-puffs-disposable-vape-bulk-wholesale\/\">AIVONO Aim Bang Maxi 15000 bouff\u00e9es <span style=\"color: #ff0000\">&gt;&gt;&gt;&gt; C'est parti !<\/span><\/a>\u00a0<\/strong><\/p>\n<p><a href=\"https:\/\/rmvapesale.com\/fr\/product\/bang-36000-puffs-full-display-smart-vape-bulk-price\/\"><strong>Bang 36000 bouff\u00e9es rechargeable <span style=\"color: #ff0000\">&gt;&gt;&gt;&gt; C'est parti !<\/span><\/strong><\/a><\/p>\n<p>&nbsp;<\/p>\n<p>&nbsp;<\/p>\n<p>Trouvez plus de produits de vape que vous pourriez aimer :<strong><em><a href=\"https:\/\/rmvapesale.com\/fr\/shop-2\/\">Achetez maintenant &gt;&gt;&gt;<\/a><\/em><\/strong><\/p>","protected":false},"excerpt":{"rendered":"<p>AIVONO 13000 Puffs Cigarettes \u00e9lectroniques jetables en vrac<br \/>\nVente en gros AIVONO AIM 13000 Puff Vapes rechargeables<br \/>\nCigarette \u00e9lectronique jetable AIVONO 13000 Puffs 0% 2% 3% 5% Nicotine<\/p>\n<p><img loading=\"lazy\" decoding=\"async\" class=\"size-full wp-image-2375\" src=\"https:\/\/rmvapesale.com\/wp-content\/uploads\/2024\/10\/image.png\" alt=\"Meilleure vape jetable\" width=\"229\" height=\"300\" \/><\/p>\n<h3><a href=\"https:\/\/wa.me\/8617776015835\"><span style=\"color: #ff0000\"><strong>WhatsApp: +86 17776015835<\/strong><\/span><\/a><\/h3>\n<p>&nbsp;<\/p>","protected":false},"featured_media":2429,"comment_status":"open","ping_status":"closed","template":"","meta":{"_uag_custom_page_level_css":"","_lmt_disableupdate":"","_lmt_disable":"","site-sidebar-layout":"default","site-content-layout":"content-boxed-container","ast-site-content-layout":"normal-width-container","site-content-style":"boxed","site-sidebar-style":"unboxed","ast-global-header-display":"","ast-banner-title-visibility":"","ast-main-header-display":"","ast-hfb-above-header-display":"","ast-hfb-below-header-display":"","ast-hfb-mobile-header-display":"","site-post-title":"","ast-breadcrumbs-content":"","ast-featured-img":"","footer-sml-layout":"","ast-disable-related-posts":"","theme-transparent-header-meta":"default","adv-header-id-meta":"","stick-header-meta":"","header-above-stick-meta":"","header-main-stick-meta":"","header-below-stick-meta":"","astra-migrate-meta-layouts":"set","ast-page-background-enabled":"default","ast-page-background-meta":{"desktop":{"background-color":"var(--ast-global-color-4)","background-image":"","background-repeat":"repeat","background-position":"center center","background-size":"auto","background-attachment":"scroll","background-type":"","background-media":"","overlay-type":"","overlay-color":"","overlay-opacity":"","overlay-gradient":""},"tablet":{"background-color":"","background-image":"","background-repeat":"repeat","background-position":"center center","background-size":"auto","background-attachment":"scroll","background-type":"","background-media":"","overlay-type":"","overlay-color":"","overlay-opacity":"","overlay-gradient":""},"mobile":{"background-color":"","background-image":"","background-repeat":"repeat","background-position":"center center","background-size":"auto","background-attachment":"scroll","background-type":"","background-media":"","overlay-type":"","overlay-color":"","overlay-opacity":"","overlay-gradient":""}},"ast-content-background-meta":{"desktop":{"background-color":"var(--ast-global-color-5)","background-image":"","background-repeat":"repeat","background-position":"center center","background-size":"auto","background-attachment":"scroll","background-type":"","background-media":"","overlay-type":"","overlay-color":"","overlay-opacity":"","overlay-gradient":""},"tablet":{"background-color":"var(--ast-global-color-5)","background-image":"","background-repeat":"repeat","background-position":"center center","background-size":"auto","background-attachment":"scroll","background-type":"","background-media":"","overlay-type":"","overlay-color":"","overlay-opacity":"","overlay-gradient":""},"mobile":{"background-color":"var(--ast-global-color-5)","background-image":"","background-repeat":"repeat","background-position":"center center","background-size":"auto","background-attachment":"scroll","background-type":"","background-media":"","overlay-type":"","overlay-color":"","overlay-opacity":"","overlay-gradient":""}},"_joinchat":[]},"product_brand":[],"product_cat":[15,60,27,25,123,30,26,28,137,136,135],"product_tag":[153,146,155,111,132,154],"class_list":{"0":"post-2433","1":"product","2":"type-product","3":"status-publish","4":"has-post-thumbnail","6":"product_cat-new-vape-this-week","7":"product_cat-bang-vapes","8":"product_cat-fance-hot-sale-vape","9":"product_cat-germany-best-selling-vape","10":"product_cat-italy-wholesale-vape","11":"product_cat-minimum-order-quantity-50pcs","12":"product_cat-netherlands-hot-sale-vape","13":"product_cat-poland-hot-sale-vape","14":"product_cat-rechargeable-vapes","15":"product_cat-smart-screen-vapes","16":"product_cat-spain-best-hot-sale-vape","17":"product_tag-aivono-13000","18":"product_tag-best-hot-sale-vape","19":"product_tag-digital-display-box","20":"product_tag-low-nicotine-disposable-vape","21":"product_tag-rechargeable-vape","22":"product_tag-smart-vape","23":"desktop-align-left","24":"tablet-align-left","25":"mobile-align-left","27":"first","28":"instock","29":"sale","30":"shipping-taxable","31":"purchasable","32":"product-type-simple"},"uagb_featured_image_src":{"full":["https:\/\/rmvapesale.com\/wp-content\/uploads\/2024\/10\/AIVONO-Vape-13000-Puffs-Disposable-Price.png",808,808,false],"thumbnail":["https:\/\/rmvapesale.com\/wp-content\/uploads\/2024\/10\/AIVONO-Vape-13000-Puffs-Disposable-Price-150x150.png",150,150,true],"medium":["https:\/\/rmvapesale.com\/wp-content\/uploads\/2024\/10\/AIVONO-Vape-13000-Puffs-Disposable-Price-300x300.png",300,300,true],"medium_large":["https:\/\/rmvapesale.com\/wp-content\/uploads\/2024\/10\/AIVONO-Vape-13000-Puffs-Disposable-Price-768x768.png",768,768,true],"large":["https:\/\/rmvapesale.com\/wp-content\/uploads\/2024\/10\/AIVONO-Vape-13000-Puffs-Disposable-Price.png",808,808,false],"1536x1536":["https:\/\/rmvapesale.com\/wp-content\/uploads\/2024\/10\/AIVONO-Vape-13000-Puffs-Disposable-Price.png",808,808,false],"2048x2048":["https:\/\/rmvapesale.com\/wp-content\/uploads\/2024\/10\/AIVONO-Vape-13000-Puffs-Disposable-Price.png",808,808,false],"trp-custom-language-flag":["https:\/\/rmvapesale.com\/wp-content\/uploads\/2024\/10\/AIVONO-Vape-13000-Puffs-Disposable-Price.png",12,12,false],"woocommerce_thumbnail":["https:\/\/rmvapesale.com\/wp-content\/uploads\/2024\/10\/AIVONO-Vape-13000-Puffs-Disposable-Price-300x300.png",300,300,true],"woocommerce_single":["https:\/\/rmvapesale.com\/wp-content\/uploads\/2024\/10\/AIVONO-Vape-13000-Puffs-Disposable-Price-600x600.png",600,600,true],"woocommerce_gallery_thumbnail":["https:\/\/rmvapesale.com\/wp-content\/uploads\/2024\/10\/AIVONO-Vape-13000-Puffs-Disposable-Price-100x100.png",100,100,true],"wcpr-photo-reviews":["https:\/\/rmvapesale.com\/wp-content\/uploads\/2024\/10\/AIVONO-Vape-13000-Puffs-Disposable-Price.png",500,500,false]},"uagb_author_info":{"display_name":"AMY","author_link":"https:\/\/rmvapesale.com\/fr\/author\/"},"uagb_comment_info":0,"uagb_excerpt":"AIVONO 13000 Puffs Disposable Vape E-cigarettes Bulk Wholesale AIVONO AIM 13000 Puff Rechargeable Vapes AIVONO Disposable Vape 13000 Puffs 0% 2% 3% 5% Nicotine WhatsApp: +86 17776015835 &nbsp;","_links":{"self":[{"href":"https:\/\/rmvapesale.com\/fr\/wp-json\/wp\/v2\/product\/2433","targetHints":{"allow":["GET"]}}],"collection":[{"href":"https:\/\/rmvapesale.com\/fr\/wp-json\/wp\/v2\/product"}],"about":[{"href":"https:\/\/rmvapesale.com\/fr\/wp-json\/wp\/v2\/types\/product"}],"replies":[{"embeddable":true,"href":"https:\/\/rmvapesale.com\/fr\/wp-json\/wp\/v2\/comments?post=2433"}],"wp:featuredmedia":[{"embeddable":true,"href":"https:\/\/rmvapesale.com\/fr\/wp-json\/wp\/v2\/media\/2429"}],"wp:attachment":[{"href":"https:\/\/rmvapesale.com\/fr\/wp-json\/wp\/v2\/media?parent=2433"}],"wp:term":[{"taxonomy":"product_brand","embeddable":true,"href":"https:\/\/rmvapesale.com\/fr\/wp-json\/wp\/v2\/product_brand?post=2433"},{"taxonomy":"product_cat","embeddable":true,"href":"https:\/\/rmvapesale.com\/fr\/wp-json\/wp\/v2\/product_cat?post=2433"},{"taxonomy":"product_tag","embeddable":true,"href":"https:\/\/rmvapesale.com\/fr\/wp-json\/wp\/v2\/product_tag?post=2433"}],"curies":[{"name":"wp","href":"https:\/\/api.w.org\/{rel}","templated":true}]}}