{"id":2471,"date":"2024-10-19T08:23:13","date_gmt":"2024-10-19T08:23:13","guid":{"rendered":"https:\/\/rmvapesale.com\/?post_type=product&#038;p=2471"},"modified":"2024-10-21T07:11:24","modified_gmt":"2024-10-21T07:11:24","slug":"randm-tornado-25000-puffs-disposable-vape-wholesale","status":"publish","type":"product","link":"https:\/\/rmvapesale.com\/fr\/product\/randm-tornado-25000-puffs-disposable-vape-wholesale\/","title":{"rendered":"Vape jetable RandM Tornado 25000 Puffs en gros"},"content":{"rendered":"<div class=\"B2VR9 CJHX3e\">\n<div class=\"wyccme\">\n<h1 class=\"LC20lb MBeuO DKV0Md\">Vape jetable RandM Tornado 25000 Puffs en gros<\/h1>\n<div class=\"flex-shrink-0 flex flex-col relative items-end\">\n<div class=\"pt-0\">\n<div class=\"gizmo-bot-avatar flex h-8 w-8 items-center justify-center overflow-hidden rounded-full\">\n<div class=\"relative p-1 rounded-sm flex items-center justify-center bg-token-main-surface-primary text-token-text-primary h-8 w-8\">\n<p>L' <strong>Vape Jetable RandM Tornado 25000 Bouff\u00e9es<\/strong> se distingue comme l'une des cigarettes \u00e9lectroniques jetables les plus durables et innovantes sur le march\u00e9 actuel. Offrant jusqu'\u00e0 <strong>25 000 bouff\u00e9es<\/strong>, cet appareil est parfait pour ceux qui recherchent une exp\u00e9rience de vapotage prolong\u00e9e. Disponible en 24 saveurs distinctes, il r\u00e9pond \u00e0 une grande vari\u00e9t\u00e9 de pr\u00e9f\u00e9rences gustatives, en faisant un choix de premier plan parmi les marques de vape populaires. Que vous achetiez pour un usage personnel ou que vous cherchiez <strong>vapes en gros<\/strong>, ce <strong>vape jetable \u00e0 faible teneur en nicotine<\/strong> est id\u00e9al pour ceux qui pr\u00e9f\u00e8rent un prix de gros bas.<\/p>\n<p>L'un des points forts du <strong>RandM Tornado 25000<\/strong> est son \u00e9cran haute d\u00e9finition int\u00e9gr\u00e9 de 1,77 pouce <strong>\u00e9cran TFT<\/strong>, offrant aux utilisateurs des informations en temps r\u00e9el telles que la dur\u00e9e de vie de la batterie et le niveau d'huile. De plus, il inclut des fonctionnalit\u00e9s de jeux amusants pour une exp\u00e9rience engageante au-del\u00e0 du vapotage. Ce <strong>vape jetable avec un \u00e9cran<\/strong> offre une commodit\u00e9 in\u00e9gal\u00e9e, vous permettant de savourer les saveurs riches sans le tracas de remplir ou d'entretenir.<\/p>\n<p>Con\u00e7u avec une fonction rechargeable, le <strong>RandM Tornado<\/strong> vous garantit de profiter de chaque goutte de e-liquide. Sa <strong>vapes rechargeables<\/strong> fonctionnalit\u00e9 vous assure d'utiliser pleinement l'appareil jusqu'\u00e0 la derni\u00e8re bouff\u00e9e.<\/p>\n<p>Parfait pour les acheteurs en gros et ceux qui souhaitent explorer <strong>grossiste de vape<\/strong> options, le <strong>RandM Tornado 25000<\/strong> combine une utilisation longue dur\u00e9e, une technologie de pointe et des options de saveur riches, ce qui en fait un incontournable dans le monde de <strong>vaporisateurs jetables en ligne<\/strong>. Avec son design sans couture et son syst\u00e8me facile \u00e0 utiliser, cet appareil garantit une exp\u00e9rience de vapotage optimale du d\u00e9but \u00e0 la fin.<\/p>\n<p>Le produit est exp\u00e9di\u00e9 \u00e0 travers l'Europe, notamment en Allemagne, aux Pays-Bas, en Italie, en France, en Espagne, en Suisse, en Su\u00e8de, en Pologne, etc., avec une livraison rapide.<\/p>\n<\/div>\n<\/div>\n<\/div>\n<\/div>\n<\/div>\n<\/div>\n<p><strong>Contactez Amy pour obtenir la bonne r\u00e9ponse et un coupon de vape !<\/strong><\/p>\n<p><img loading=\"lazy\" decoding=\"async\" class=\"size-full wp-image-1978\" src=\"https:\/\/rmvapesale.com\/wp-content\/uploads\/2024\/09\/Disposable-Vape-Wholesale.jpg\" alt=\"Vente en gros de vapes jetables\" width=\"229\" height=\"300\" \/><\/p>\n<h3><a href=\"https:\/\/wa.me\/8617776015835\" target=\"_blank\" rel=\"noopener\"><span style=\"color: #ff0000\"><strong>WhatsApp: +86 17776015835<\/strong><\/span><\/a><\/h3>\n<p>&nbsp;<\/p>\n<h2><\/h2>\n<h2><strong>Fumot Vape Jetable 25000<\/strong><strong>\u00a0<\/strong><strong>Caract\u00e9ristiques principales<\/strong><\/h2>\n<p>&nbsp;<\/p>\n<p>Marque : TORNADO 25000<br \/>\nSaveur : Pink Lemonade<br \/>\nBouff\u00e9es: 25000<br \/>\nTeneur en nicotine : 2% 5%<br \/>\nVolume du liquide : 20 ML<br \/>\nBatterie<br \/>\nCapacit\u00e9 de la batterie : 700mAh<br \/>\nConnecteur : Recharge Type-C<br \/>\n\u00c9cran d'affichage pour l'huile et la batterie<\/p>\n<h2><\/h2>\n<h2><strong>Saveur principale pour RandM Tornado 25000<\/strong><\/h2>\n<p>Avec 40 saveurs uniques, la Fumot Vape 12000 RandM Tornado r\u00e9pond \u00e0 un large \u00e9ventail de pr\u00e9f\u00e9rences, garantissant que chaque utilisateur peut trouver une saveur qui correspond \u00e0 ses go\u00fbts. L'appareil est fabriqu\u00e9 \u00e0 partir de mat\u00e9riaux de haute qualit\u00e9, garantissant durabilit\u00e9 et une exp\u00e9rience de vapotage satisfaisante.<\/p>\n<p>1. Banane Glac\u00e9e<br \/>\n2. Past\u00e8que aux Fraises<br \/>\n3. Menthe Miami<br \/>\n4. Myrtille Framboise<br \/>\n5. Glace Noire<br \/>\n6. Gomme Givr\u00e9e Blanche <span style=\"color: #ff0000\"><strong>&gt;&gt;&gt;&gt; Chaud!<\/strong><\/span><br \/>\n7. Past\u00e8que Glac\u00e9e<br \/>\n8. P\u00eache Juteuse Givr\u00e9e<br \/>\n9. Limonade Rose<br \/>\n10. Mangue fraise<br \/>\n11. P\u00eache Mangue Past\u00e8que<br \/>\n12. Raisin Citron<br \/>\n13. Explosion Tropicale Arc-en-ciel<span style=\"color: #ff0000\"><strong>&gt;&gt;&gt;&gt; Chaud!<\/strong><\/span><br \/>\n14. Bombe de Cerise<br \/>\n15. Bonbon Bombe de Cerise <span style=\"color: #ff0000\"><strong>&gt;&gt;&gt;&gt; Chaud!<\/strong><\/span><br \/>\n16. Pomme Double<br \/>\n17. LIMONADE ROSE <span style=\"color: #ff0000\"><strong>&gt;&gt;&gt;&gt; Le meilleur !<\/strong><\/span><\/p>\n<figure id=\"attachment_2464\" aria-describedby=\"caption-attachment-2464\" style=\"width: 300px\" class=\"wp-caption alignnone\"><img loading=\"lazy\" decoding=\"async\" class=\"size-medium wp-image-2464\" src=\"https:\/\/rmvapesale.com\/wp-content\/uploads\/2024\/10\/Fumot-Vape-Randm-Tornado-25000-Puffs-Wholesale-300x300.jpg\" alt=\"Vente en gros Fumot Vape Randm Tornado 25000 Puffs\" width=\"300\" height=\"300\" srcset=\"https:\/\/rmvapesale.com\/wp-content\/uploads\/2024\/10\/Fumot-Vape-Randm-Tornado-25000-Puffs-Wholesale-300x300.jpg 300w, https:\/\/rmvapesale.com\/wp-content\/uploads\/2024\/10\/Fumot-Vape-Randm-Tornado-25000-Puffs-Wholesale-150x150.jpg 150w, https:\/\/rmvapesale.com\/wp-content\/uploads\/2024\/10\/Fumot-Vape-Randm-Tornado-25000-Puffs-Wholesale-768x768.jpg 768w, https:\/\/rmvapesale.com\/wp-content\/uploads\/2024\/10\/Fumot-Vape-Randm-Tornado-25000-Puffs-Wholesale-600x600.jpg 600w, https:\/\/rmvapesale.com\/wp-content\/uploads\/2024\/10\/Fumot-Vape-Randm-Tornado-25000-Puffs-Wholesale-100x100.jpg 100w, https:\/\/rmvapesale.com\/wp-content\/uploads\/2024\/10\/Fumot-Vape-Randm-Tornado-25000-Puffs-Wholesale.jpg 800w\" sizes=\"auto, (max-width: 300px) 100vw, 300px\" \/><figcaption id=\"caption-attachment-2464\" class=\"wp-caption-text\">Vente en gros Fumot Vape Randm Tornado 25000 Puffs<\/figcaption><\/figure>\n<figure id=\"attachment_2463\" aria-describedby=\"caption-attachment-2463\" style=\"width: 300px\" class=\"wp-caption alignnone\"><img loading=\"lazy\" decoding=\"async\" class=\"size-medium wp-image-2463\" src=\"https:\/\/rmvapesale.com\/wp-content\/uploads\/2024\/10\/Fumot-Vape-Randm-Tornado-25000-Puffs-Disposable-300x300.jpg\" alt=\"Vape jetable Fumot Vape Randm Tornado 25000 Puffs\" width=\"300\" height=\"300\" srcset=\"https:\/\/rmvapesale.com\/wp-content\/uploads\/2024\/10\/Fumot-Vape-Randm-Tornado-25000-Puffs-Disposable-300x300.jpg 300w, https:\/\/rmvapesale.com\/wp-content\/uploads\/2024\/10\/Fumot-Vape-Randm-Tornado-25000-Puffs-Disposable-150x150.jpg 150w, https:\/\/rmvapesale.com\/wp-content\/uploads\/2024\/10\/Fumot-Vape-Randm-Tornado-25000-Puffs-Disposable-768x768.jpg 768w, https:\/\/rmvapesale.com\/wp-content\/uploads\/2024\/10\/Fumot-Vape-Randm-Tornado-25000-Puffs-Disposable-600x600.jpg 600w, https:\/\/rmvapesale.com\/wp-content\/uploads\/2024\/10\/Fumot-Vape-Randm-Tornado-25000-Puffs-Disposable-100x100.jpg 100w, https:\/\/rmvapesale.com\/wp-content\/uploads\/2024\/10\/Fumot-Vape-Randm-Tornado-25000-Puffs-Disposable.jpg 800w\" sizes=\"auto, (max-width: 300px) 100vw, 300px\" \/><figcaption id=\"caption-attachment-2463\" class=\"wp-caption-text\">Vape jetable Fumot Vape Randm Tornado 25000 Puffs<\/figcaption><\/figure>\n<h3><strong>Pourquoi choisir Rmvapesale pour le RandM 25000 Puffs<\/strong><strong>?<\/strong><\/h3>\n<div class=\"flex-shrink-0 flex flex-col relative items-end\">\n<div class=\"pt-0\">\n<div class=\"gizmo-bot-avatar flex h-8 w-8 items-center justify-center overflow-hidden rounded-full\">\n<div class=\"relative p-1 rounded-sm flex items-center justify-center bg-token-main-surface-primary text-token-text-primary h-8 w-8\">\n<p>&nbsp;<\/p>\n<p>En choisissant Rmvapesale pour vos besoins en vapes jetables en gros, vous b\u00e9n\u00e9ficiez de :<\/p>\n<ul>\n<li><strong>Prix comp\u00e9titifs<\/strong>: Acc\u00e9dez \u00e0 des prix de gros attractifs qui stimulent vos marges commerciales.<\/li>\n<li><strong>Haute qualit\u00e9<\/strong>: Nos vapes sont fabriqu\u00e9es selon les normes les plus strictes et sont <span style=\"color: #ff0000\"><strong>garanties 100% originales et authentiques. Nous offrons 10 fois le prix en d\u00e9dommagement pour les produits contrefaits !<\/strong><\/span><\/li>\n<li><strong>Excellent service client<\/strong>: Notre \u00e9quipe d\u00e9di\u00e9e est toujours pr\u00eate \u00e0 vous aider, rendant votre processus d'achat fluide et sans tracas.<\/li>\n<li><strong>Exp\u00e9dition rapide<\/strong>: Attendez-vous \u00e0 une exp\u00e9dition rapide et fiable, garantissant que vos commandes arrivent \u00e0 temps, \u00e0 chaque fois.<\/li>\n<\/ul>\n<\/div>\n<h3><\/h3>\n<div class=\"relative p-1 rounded-sm flex items-center justify-center bg-token-main-surface-primary text-token-text-primary h-8 w-8\">\n<h3><b>FAQs<\/b><\/h3>\n<p>&nbsp;<\/p>\n<ul>\n<li><strong>Comment choisir la bonne cigarette \u00e9lectronique jetable ?<\/strong><br \/>\nLe choix de la meilleure cigarette \u00e9lectronique jetable d\u00e9pend de vos pr\u00e9f\u00e9rences. Si vous souhaitez un appareil durable, optez pour des mod\u00e8les comme le RandM Tornado 25000 Puffs, qui offrent des milliers de bouff\u00e9es. Pour les amateurs de saveurs, les marques comme Bang Vapes ou Waspe Vape proposent une grande vari\u00e9t\u00e9 de saveurs fruit\u00e9es et de desserts. L'essentiel est de privil\u00e9gier ce qui compte le plus pour vous : l'autonomie de la batterie, la vari\u00e9t\u00e9 des saveurs ou la portabilit\u00e9.<\/li>\n<li><strong>Quelle cigarette \u00e9lectronique jetable offre la meilleure saveur ?<\/strong><br \/>\nPour une saveur exceptionnelle, le Fumot RandM vape 25000 est un candidat de choix, offrant des inhalations douces avec un go\u00fbt durable, en particulier dans les options fruit\u00e9es Cherry Bomb Candy, Double Apple, PINK LEMONADE, etc.<\/li>\n<li><strong>Comment savoir quand votre cigarette \u00e9lectronique est vide ?\u00a0<\/strong><br \/>\nVous remarquerez que votre vape jetable est presque vide lorsque la saveur s'affaiblit ou que la production de vapeur diminue. Certains nouveaux vapes jetables avec \u00e9cran, comme le RandM Vape 12000, le RandM Tornado 15000 et le Waspe 30000 bouff\u00e9es, ont un indicateur sur l'\u00e9cran.<\/li>\n<li><strong>Combien de temps faut-il pour recharger un Randm Tornado ?<\/strong><br \/>\nLa charge de la plupart des batteries de cigarettes \u00e9lectroniques prend g\u00e9n\u00e9ralement environ 3 \u00e0 4 heures pour une charge compl\u00e8te, selon la taille de la batterie. Il est pr\u00e9f\u00e9rable d'attendre que la batterie soit compl\u00e8tement d\u00e9charg\u00e9e avant de la recharger. Cependant, comme chaque appareil est unique, consultez toujours le manuel de votre produit pour les directives de charge sp\u00e9cifiques et les indicateurs afin de garantir des performances optimales.<\/li>\n<\/ul>\n<\/div>\n<\/div>\n<\/div>\n<\/div>\n<div class=\"group\/conversation-turn relative flex w-full min-w-0 flex-col agent-turn\">\n<div class=\"flex-col gap-1 md:gap-3\">\n<div class=\"flex max-w-full flex-col flex-grow\">\n<div class=\"min-h-8 text-message flex w-full flex-col items-end gap-2 whitespace-normal break-words [.text-message+&amp;]:mt-5\" dir=\"auto\" data-message-author-role=\"assistant\" data-message-id=\"f226d3fc-81f3-46d5-8c46-31787fff0357\">\n<div class=\"flex w-full flex-col gap-1 empty:hidden first:pt-[3px]\">\n<div class=\"markdown prose w-full break-words dark:prose-invert light\">\n<div class=\"group\/conversation-turn relative flex w-full min-w-0 flex-col agent-turn\">\n<div class=\"flex-col gap-1 md:gap-3\">\n<div class=\"flex max-w-full flex-col flex-grow\">\n<div class=\"min-h-8 text-message flex w-full flex-col items-end gap-2 whitespace-normal break-words [.text-message+&amp;]:mt-5\" dir=\"auto\" data-message-author-role=\"assistant\" data-message-id=\"91d2b73b-9149-4888-a964-4b8464e0e6e3\" data-message-model-slug=\"gpt-4o\">\n<div class=\"flex w-full flex-col gap-1 empty:hidden first:pt-[3px]\">\n<div class=\"markdown prose w-full break-words dark:prose-invert light\">\n<p>&nbsp;<\/p>\n<\/div>\n<\/div>\n<\/div>\n<\/div>\n<\/div>\n<\/div>\n<\/div>\n<\/div>\n<\/div>\n<\/div>\n<\/div>\n<\/div>\n<h3>\u00c0 propos de l'exp\u00e9dition<\/h3>\n<div class=\"flex-shrink-0 flex flex-col relative items-end\">\n<div>\n<div class=\"pt-0\">\n<div class=\"gizmo-bot-avatar flex h-8 w-8 items-center justify-center overflow-hidden rounded-full\">\n<div><\/div>\n<div class=\"relative p-1 rounded-sm flex items-center justify-center bg-token-main-surface-primary text-token-text-primary h-8 w-8\"><strong>1. Quelles m\u00e9thodes d'exp\u00e9dition sont utilis\u00e9es ?<\/strong><\/div>\n<\/div>\n<\/div>\n<\/div>\n<\/div>\n<div class=\"group\/conversation-turn relative flex w-full min-w-0 flex-col agent-turn\">\n<div class=\"flex-col gap-1 md:gap-3\">\n<div class=\"flex max-w-full flex-col flex-grow\">\n<div class=\"min-h-[20px] text-message flex w-full flex-col items-end gap-2 whitespace-normal break-words [.text-message+&amp;]:mt-5 overflow-x-auto\" dir=\"auto\" data-message-author-role=\"assistant\" data-message-id=\"22f8283b-3233-46ff-89a5-c7a41b33abda\">\n<div class=\"flex w-full flex-col gap-1 empty:hidden first:pt-[3px]\">\n<div class=\"markdown prose w-full break-words dark:prose-invert light\">\n<p>Nous travaillons en partenariat avec UPS, DHL, FedEx, DPD et d'autres transporteurs de premier plan. Nous s\u00e9lectionnerons la meilleure m\u00e9thode d'exp\u00e9dition en fonction de votre lieu de livraison pour que vous receviez vos produits le plus rapidement possible.<\/p>\n<\/div>\n<p><strong>2. Combien de temps faut-il pour que cela arrive ?<\/strong><\/p>\n<p>Les colis exp\u00e9di\u00e9s en France arrivent g\u00e9n\u00e9ralement sous 10 jours ouvrables. L'exp\u00e9dition vers les pays europ\u00e9ens prend g\u00e9n\u00e9ralement environ 12 \u00e0 15 jours ouvrables. Nous vous fournirons des mises \u00e0 jour en temps r\u00e9el sur l'\u00e9tat de votre envoi.<\/p>\n<\/div>\n<\/div>\n<\/div>\n<\/div>\n<\/div>\n<p>&nbsp;<\/p>\n<p>Autres vapes en vente que vous pourriez aimer :<\/p>\n<p><a href=\"https:\/\/rmvapesale.com\/fr\/product\/randm-tornado-15000-puffs-15k-vape-recharge-fumot-original-vape-factory-price\/\"><strong>Cigarette \u00e9lectronique Randm 15000 Puffs\u00a0 \u00a0<span style=\"color: #ff0000\">&gt;&gt;&gt;&gt; C'est parti !<\/span><\/strong><\/a><\/p>\n<p><strong><a href=\"https:\/\/rmvapesale.com\/fr\/product\/faivono-bang-maxi-15000-puffs-disposable-vape-bulk-wholesale\/\">AIVONO Aim Bang Maxi 15000 bouff\u00e9es <span style=\"color: #ff0000\">&gt;&gt;&gt;&gt; C'est parti !<\/span><\/a>\u00a0<\/strong><\/p>\n<p><a href=\"https:\/\/rmvapesale.com\/fr\/product\/original-randm-vape-digital-puff-12000-fumot-factory-price\/\"><strong>Fumot Vape 12000 Bouff\u00e9es <span style=\"color: #ff0000\">&gt;&gt;&gt;&gt; C'est parti !<\/span><\/strong><\/a><\/p>\n<p>&nbsp;<\/p>\n<p>&nbsp;<\/p>\n<p>Trouvez plus de produits de vape que vous pourriez aimer :<strong><em><a href=\"https:\/\/rmvapesale.com\/fr\/shop-2\/\">Achetez maintenant &gt;&gt;&gt;<\/a><\/em><\/strong><\/p>","protected":false},"excerpt":{"rendered":"<p>Achetez en gros le RandM Tornado 25000 Bouff\u00e9es Vape Jetable<br \/>\nPrix de Fumot Vape RandM Tornado 25000 Bouff\u00e9es Vape Jetable<br \/>\nFumot Vape RandM Tornado 25000 Rechargeables Nicotine Faible 2%<\/p>\n<p><img loading=\"lazy\" decoding=\"async\" class=\"size-full wp-image-2375\" src=\"https:\/\/rmvapesale.com\/wp-content\/uploads\/2024\/10\/image.png\" alt=\"Meilleure vape jetable\" width=\"229\" height=\"300\" \/><\/p>\n<h3><a href=\"https:\/\/wa.me\/8617776015835\"><span style=\"color: #ff0000\"><strong>WhatsApp: +86 17776015835<\/strong><\/span><\/a><\/h3>\n<p>&nbsp;<\/p>","protected":false},"featured_media":2467,"comment_status":"open","ping_status":"closed","template":"","meta":{"_uag_custom_page_level_css":"","_lmt_disableupdate":"no","_lmt_disable":"","site-sidebar-layout":"default","site-content-layout":"content-boxed-container","ast-site-content-layout":"normal-width-container","site-content-style":"boxed","site-sidebar-style":"unboxed","ast-global-header-display":"","ast-banner-title-visibility":"","ast-main-header-display":"","ast-hfb-above-header-display":"","ast-hfb-below-header-display":"","ast-hfb-mobile-header-display":"","site-post-title":"","ast-breadcrumbs-content":"","ast-featured-img":"","footer-sml-layout":"","ast-disable-related-posts":"","theme-transparent-header-meta":"default","adv-header-id-meta":"","stick-header-meta":"","header-above-stick-meta":"","header-main-stick-meta":"","header-below-stick-meta":"","astra-migrate-meta-layouts":"set","ast-page-background-enabled":"default","ast-page-background-meta":{"desktop":{"background-color":"var(--ast-global-color-4)","background-image":"","background-repeat":"repeat","background-position":"center center","background-size":"auto","background-attachment":"scroll","background-type":"","background-media":"","overlay-type":"","overlay-color":"","overlay-opacity":"","overlay-gradient":""},"tablet":{"background-color":"","background-image":"","background-repeat":"repeat","background-position":"center center","background-size":"auto","background-attachment":"scroll","background-type":"","background-media":"","overlay-type":"","overlay-color":"","overlay-opacity":"","overlay-gradient":""},"mobile":{"background-color":"","background-image":"","background-repeat":"repeat","background-position":"center center","background-size":"auto","background-attachment":"scroll","background-type":"","background-media":"","overlay-type":"","overlay-color":"","overlay-opacity":"","overlay-gradient":""}},"ast-content-background-meta":{"desktop":{"background-color":"var(--ast-global-color-5)","background-image":"","background-repeat":"repeat","background-position":"center center","background-size":"auto","background-attachment":"scroll","background-type":"","background-media":"","overlay-type":"","overlay-color":"","overlay-opacity":"","overlay-gradient":""},"tablet":{"background-color":"var(--ast-global-color-5)","background-image":"","background-repeat":"repeat","background-position":"center center","background-size":"auto","background-attachment":"scroll","background-type":"","background-media":"","overlay-type":"","overlay-color":"","overlay-opacity":"","overlay-gradient":""},"mobile":{"background-color":"var(--ast-global-color-5)","background-image":"","background-repeat":"repeat","background-position":"center center","background-size":"auto","background-attachment":"scroll","background-type":"","background-media":"","overlay-type":"","overlay-color":"","overlay-opacity":"","overlay-gradient":""}},"_joinchat":[]},"product_brand":[],"product_cat":[15,27,51,25,123,30,26,28,31,137,135],"product_tag":[146,155,167,168,165,166,120],"class_list":{"0":"post-2471","1":"product","2":"type-product","3":"status-publish","4":"has-post-thumbnail","6":"product_cat-new-vape-this-week","7":"product_cat-fance-hot-sale-vape","8":"product_cat-fumot-vape","9":"product_cat-germany-best-selling-vape","10":"product_cat-italy-wholesale-vape","11":"product_cat-minimum-order-quantity-50pcs","12":"product_cat-netherlands-hot-sale-vape","13":"product_cat-poland-hot-sale-vape","14":"product_cat-randm-fumot-vape","15":"product_cat-rechargeable-vapes","16":"product_cat-spain-best-hot-sale-vape","17":"product_tag-best-hot-sale-vape","18":"product_tag-digital-display-box","19":"product_tag-disposable-vape-with-screen","20":"product_tag-randm-tornado-25000","21":"product_tag-rechargeable-vapes","22":"product_tag-tornado-vape","23":"product_tag-vape-wholesale","24":"desktop-align-left","25":"tablet-align-left","26":"mobile-align-left","28":"first","29":"instock","30":"sale","31":"shipping-taxable","32":"purchasable","33":"product-type-simple"},"uagb_featured_image_src":{"full":["https:\/\/rmvapesale.com\/wp-content\/uploads\/2024\/10\/Randm-Tornado-Vape-25000-Puffs-Disposable.jpg",800,800,false],"thumbnail":["https:\/\/rmvapesale.com\/wp-content\/uploads\/2024\/10\/Randm-Tornado-Vape-25000-Puffs-Disposable-150x150.jpg",150,150,true],"medium":["https:\/\/rmvapesale.com\/wp-content\/uploads\/2024\/10\/Randm-Tornado-Vape-25000-Puffs-Disposable-300x300.jpg",300,300,true],"medium_large":["https:\/\/rmvapesale.com\/wp-content\/uploads\/2024\/10\/Randm-Tornado-Vape-25000-Puffs-Disposable-768x768.jpg",768,768,true],"large":["https:\/\/rmvapesale.com\/wp-content\/uploads\/2024\/10\/Randm-Tornado-Vape-25000-Puffs-Disposable.jpg",800,800,false],"1536x1536":["https:\/\/rmvapesale.com\/wp-content\/uploads\/2024\/10\/Randm-Tornado-Vape-25000-Puffs-Disposable.jpg",800,800,false],"2048x2048":["https:\/\/rmvapesale.com\/wp-content\/uploads\/2024\/10\/Randm-Tornado-Vape-25000-Puffs-Disposable.jpg",800,800,false],"trp-custom-language-flag":["https:\/\/rmvapesale.com\/wp-content\/uploads\/2024\/10\/Randm-Tornado-Vape-25000-Puffs-Disposable.jpg",12,12,false],"woocommerce_thumbnail":["https:\/\/rmvapesale.com\/wp-content\/uploads\/2024\/10\/Randm-Tornado-Vape-25000-Puffs-Disposable-300x300.jpg",300,300,true],"woocommerce_single":["https:\/\/rmvapesale.com\/wp-content\/uploads\/2024\/10\/Randm-Tornado-Vape-25000-Puffs-Disposable-600x600.jpg",600,600,true],"woocommerce_gallery_thumbnail":["https:\/\/rmvapesale.com\/wp-content\/uploads\/2024\/10\/Randm-Tornado-Vape-25000-Puffs-Disposable-100x100.jpg",100,100,true],"wcpr-photo-reviews":["https:\/\/rmvapesale.com\/wp-content\/uploads\/2024\/10\/Randm-Tornado-Vape-25000-Puffs-Disposable.jpg",500,500,false]},"uagb_author_info":{"display_name":"AMY","author_link":"https:\/\/rmvapesale.com\/fr\/author\/"},"uagb_comment_info":0,"uagb_excerpt":"Buy RandM Tornado 25000 Puffs Disposable Vape Wholesale in bulk Fumot Vape RandM Tornado 25000 Puffs Disposable Price Fumot RandM Tornado 25000 Rechargeable Vapes Low Nicotine 2% WhatsApp: +86 17776015835 &nbsp;","_links":{"self":[{"href":"https:\/\/rmvapesale.com\/fr\/wp-json\/wp\/v2\/product\/2471","targetHints":{"allow":["GET"]}}],"collection":[{"href":"https:\/\/rmvapesale.com\/fr\/wp-json\/wp\/v2\/product"}],"about":[{"href":"https:\/\/rmvapesale.com\/fr\/wp-json\/wp\/v2\/types\/product"}],"replies":[{"embeddable":true,"href":"https:\/\/rmvapesale.com\/fr\/wp-json\/wp\/v2\/comments?post=2471"}],"wp:featuredmedia":[{"embeddable":true,"href":"https:\/\/rmvapesale.com\/fr\/wp-json\/wp\/v2\/media\/2467"}],"wp:attachment":[{"href":"https:\/\/rmvapesale.com\/fr\/wp-json\/wp\/v2\/media?parent=2471"}],"wp:term":[{"taxonomy":"product_brand","embeddable":true,"href":"https:\/\/rmvapesale.com\/fr\/wp-json\/wp\/v2\/product_brand?post=2471"},{"taxonomy":"product_cat","embeddable":true,"href":"https:\/\/rmvapesale.com\/fr\/wp-json\/wp\/v2\/product_cat?post=2471"},{"taxonomy":"product_tag","embeddable":true,"href":"https:\/\/rmvapesale.com\/fr\/wp-json\/wp\/v2\/product_tag?post=2471"}],"curies":[{"name":"wp","href":"https:\/\/api.w.org\/{rel}","templated":true}]}}