{"id":2532,"date":"2024-10-23T09:07:59","date_gmt":"2024-10-23T09:07:59","guid":{"rendered":"https:\/\/rmvapesale.com\/?post_type=product&#038;p=2532"},"modified":"2024-10-23T09:52:00","modified_gmt":"2024-10-23T09:52:00","slug":"fumot-randm-tornado-30000-puffs-30k-music-disposable-vape","status":"publish","type":"product","link":"https:\/\/rmvapesale.com\/fr\/product\/fumot-randm-tornado-30000-puffs-30k-music-disposable-vape\/","title":{"rendered":"Fumot RandM Tornado 30000 Bouff\u00e9es 30K Musique Vape Jetable"},"content":{"rendered":"<div class=\"B2VR9 CJHX3e\">\n<div class=\"wyccme\">\n<h1 class=\"LC20lb MBeuO DKV0Md\">Fumot RandM Tornado 30000 Bouff\u00e9es 30K Musique Vape Jetable<\/h1>\n<div class=\"flex-shrink-0 flex flex-col relative items-end\">\n<div class=\"pt-0\">\n<div class=\"gizmo-bot-avatar flex h-8 w-8 items-center justify-center overflow-hidden rounded-full\">\n<div class=\"relative p-1 rounded-sm flex items-center justify-center bg-token-main-surface-primary text-token-text-primary h-8 w-8\">\n<p>L' <strong>Fumot RandM Tornado 30000 Bouff\u00e9es 30K Musique Vape Jetable<\/strong> est un appareil de pointe con\u00e7u pour ceux qui recherchent une exp\u00e9rience de vapotage prolong\u00e9e et dynamique. Avec une capacit\u00e9 impressionnante allant jusqu'\u00e0 <strong>30 000 bouff\u00e9es<\/strong>, cet appareil se distingue sur le march\u00e9 par sa long\u00e9vit\u00e9, ce qui en fait une <strong>vape \u00e0 succ\u00e8s<\/strong> pour les vapoteurs occasionnels et r\u00e9guliers. Sa batterie rechargeable de 85<strong>0mAh et le<\/strong> et de <strong>port de charge Type-C<\/strong> assurent des recharges rapides et efficaces, vous permettant de vapoter plus longtemps avec un minimum de temps d'arr\u00eat.<\/p>\n<p>Ce qui distingue le <strong>RandM Tornado 30000<\/strong> c'est sa <strong>technologie de bobine mesh<\/strong>, qui offre une production exceptionnelle de <strong>saveur et de vapeur<\/strong>, garantissant que chaque bouff\u00e9e est riche et satisfaisante. De plus, l'appareil offre une fonctionnalit\u00e9 amusante et interactive avec la <strong>synchronisation musicale<\/strong>, o\u00f9 les <strong>lumi\u00e8res RGB pulsent au rythme de vos morceaux pr\u00e9f\u00e9r\u00e9s<\/strong>, cr\u00e9ant une exp\u00e9rience de vapotage immersive qui est parfaite pour les f\u00eates ou le plaisir personnel.<\/p>\n<p>Disponible en <strong>vape jetable \u00e0 faible teneur en nicotine<\/strong> options, le <strong>Fumot Tornado 30000<\/strong> r\u00e9pond \u00e0 une vari\u00e9t\u00e9 de pr\u00e9f\u00e9rences, y compris pour ceux qui recherchent <strong>vapes rechargeables<\/strong> avec une teneur en nicotine plus faible. Avec sa combinaison d'un nombre \u00e9lev\u00e9 de bouff\u00e9es, d'une int\u00e9gration musicale et d'une charge pratique, le <strong>Vape jetable musical Fumot Tornado 30K<\/strong> est un appareil remarquable sur le march\u00e9, ce qui en fait un choix de premier ordre pour les vapoteurs en <strong>France.<\/strong><\/p>\n<p>Parfait pour ceux qui cherchent \u00e0 <strong>acheter des vapes Fumot 30000 bouff\u00e9es<\/strong>, cet appareil offre innovation, saveur et plaisir dans un seul emballage compact.<\/p>\n<\/div>\n<\/div>\n<\/div>\n<\/div>\n<\/div>\n<\/div>\n<p><strong>Contactez Amy pour obtenir la bonne r\u00e9ponse et un coupon de vape !<\/strong><\/p>\n<p><img loading=\"lazy\" decoding=\"async\" class=\"size-full wp-image-1978\" src=\"https:\/\/rmvapesale.com\/wp-content\/uploads\/2024\/09\/Disposable-Vape-Wholesale.jpg\" alt=\"Vente en gros de vapes jetables\" width=\"229\" height=\"300\" \/><\/p>\n<h3><a href=\"https:\/\/wa.me\/8617776015835\" target=\"_blank\" rel=\"noopener\"><span style=\"color: #ff0000\"><strong>WhatsApp: +86 17776015835<\/strong><\/span><\/a><\/h3>\n<p>&nbsp;<\/p>\n<h2><\/h2>\n<h2><strong>Fumot Tornado 30000 Jetable<\/strong><strong>\u00a0<\/strong><strong>Caract\u00e9ristiques principales<\/strong><\/h2>\n<p>Marque: RandM TORNADO 30000<br \/>\nE-liquide: 25ml<br \/>\nBouff\u00e9es: 30000<br \/>\nBobine : Bobine maill\u00e9e<br \/>\nBatterie : 850mAh<br \/>\nPort : Type-C<br \/>\nNicotine (Teneur en sel) : Disponible en 0%, 2%, 3%, 5%<br \/>\nSaveurs : Disponible en 30 saveurs distinctes<br \/>\nAutre : Affichage LED qui s'anime avec la musique<\/p>\n<figure id=\"attachment_2526\" aria-describedby=\"caption-attachment-2526\" style=\"width: 808px\" class=\"wp-caption alignnone\"><img loading=\"lazy\" decoding=\"async\" class=\"wp-image-2526 size-full\" src=\"https:\/\/rmvapesale.com\/wp-content\/uploads\/2024\/10\/Fumot-RandM-Tornado-30000-Puffs-Vape.jpg\" alt=\"Fumot RandM Tornado 30000 Bouff\u00e9es Vape\" width=\"808\" height=\"808\" srcset=\"https:\/\/rmvapesale.com\/wp-content\/uploads\/2024\/10\/Fumot-RandM-Tornado-30000-Puffs-Vape.jpg 808w, https:\/\/rmvapesale.com\/wp-content\/uploads\/2024\/10\/Fumot-RandM-Tornado-30000-Puffs-Vape-300x300.jpg 300w, https:\/\/rmvapesale.com\/wp-content\/uploads\/2024\/10\/Fumot-RandM-Tornado-30000-Puffs-Vape-150x150.jpg 150w, https:\/\/rmvapesale.com\/wp-content\/uploads\/2024\/10\/Fumot-RandM-Tornado-30000-Puffs-Vape-768x768.jpg 768w, https:\/\/rmvapesale.com\/wp-content\/uploads\/2024\/10\/Fumot-RandM-Tornado-30000-Puffs-Vape-600x600.jpg 600w, https:\/\/rmvapesale.com\/wp-content\/uploads\/2024\/10\/Fumot-RandM-Tornado-30000-Puffs-Vape-100x100.jpg 100w\" sizes=\"auto, (max-width: 808px) 100vw, 808px\" \/><figcaption id=\"caption-attachment-2526\" class=\"wp-caption-text\">Fumot RandM Tornado 30000 Bouff\u00e9es Vape<\/figcaption><\/figure>\n<h2><strong>Meilleure saveur pour Fumot RandM Tornado 30000<\/strong><\/h2>\n<p>Cette vape jetable Randm Tornado 30000 est con\u00e7ue pour offrir une explosion de douceur fruit\u00e9e \u00e0 chaque bouff\u00e9e, avec des agrumes acidul\u00e9s, des baies luxuriantes et des notes tropicales<\/p>\n<p>1. Banane Glac\u00e9e<br \/>\n2. Glace noire<br \/>\n3. Glace \u00e0 la framboise bleue<br \/>\n4. Myrtille glac\u00e9e<br \/>\n5. Myrtille framboise<span style=\"color: #ff0000\"><strong>&gt;&gt;&gt;&gt; Chaud!<\/strong><\/span><br \/>\n6. Myrtille framboise aigre <span style=\"color: #ff0000\"><strong>&gt;&gt;&gt;&gt; Chaud!<\/strong><\/span><br \/>\n7. Cerise glac\u00e9e<br \/>\n8. Cola \u00e0 la cerise<br \/>\n9. Cola glac\u00e9<br \/>\n10. Menthe fra\u00eeche<br \/>\n11. Pomme double<br \/>\n12. Dr Bleu <span style=\"color: #ff0000\"><strong>&gt;&gt;&gt;&gt; Le meilleur !<\/strong><\/span><br \/>\n13. Raisin glac\u00e9<br \/>\n14. Sucette glac\u00e9e<br \/>\n15. Kiwi fruit de la passion goyave<br \/>\n16. Amour 66<br \/>\n17. Glace luxuriante<br \/>\n18. Baies m\u00e9lang\u00e9es<br \/>\n19. P\u00eache baie<br \/>\n20. P\u00eache glac\u00e9e<br \/>\n21. P\u00eache mangue ananas<br \/>\n22. Glace \u00e0 l'ananas<br \/>\n23. Limonade rose<br \/>\n24. Skittles<br \/>\n25. Fraise banane<br \/>\n26. Fraise raisin<br \/>\n27. Glace \u00e0 la fraise<br \/>\n28. Fraise past\u00e8que<br \/>\n29. Triple mangue<br \/>\n30. Vimto<span style=\"color: #ff0000\"><strong>&gt;&gt;&gt;&gt; Chaud!<\/strong><\/span><\/p>\n<p>&nbsp;<\/p>\n<p>&nbsp;<\/p>\n<h3><strong>Pourquoi choisir Rmvapesale pour le RandM Tornado 30000<\/strong><strong>?<\/strong><\/h3>\n<div class=\"flex-shrink-0 flex flex-col relative items-end\">\n<div class=\"pt-0\">\n<div class=\"gizmo-bot-avatar flex h-8 w-8 items-center justify-center overflow-hidden rounded-full\">\n<div class=\"relative p-1 rounded-sm flex items-center justify-center bg-token-main-surface-primary text-token-text-primary h-8 w-8\">\n<p>&nbsp;<\/p>\n<p>En choisissant Rmvapesale pour vos besoins en vapes jetables en gros, vous b\u00e9n\u00e9ficiez de :<\/p>\n<ul>\n<li><strong>Prix comp\u00e9titifs<\/strong>: Acc\u00e9dez \u00e0 des prix de gros attractifs qui stimulent vos marges commerciales.<\/li>\n<li><strong>Haute qualit\u00e9<\/strong>: Nos vapes sont fabriqu\u00e9es selon les normes les plus strictes et sont <span style=\"color: #ff0000\"><strong>garanties 100% originales et authentiques. Nous offrons 10 fois le prix en d\u00e9dommagement pour les produits contrefaits !<\/strong><\/span><\/li>\n<li><strong>Excellent service client<\/strong>: Notre \u00e9quipe d\u00e9di\u00e9e est toujours pr\u00eate \u00e0 vous aider, rendant votre processus d'achat fluide et sans tracas.<\/li>\n<li><strong>Exp\u00e9dition rapide<\/strong>: Attendez-vous \u00e0 une exp\u00e9dition rapide et fiable, garantissant que vos commandes arrivent \u00e0 temps, \u00e0 chaque fois.<\/li>\n<\/ul>\n<\/div>\n<h3><\/h3>\n<div class=\"relative p-1 rounded-sm flex items-center justify-center bg-token-main-surface-primary text-token-text-primary h-8 w-8\">\n<h3><b>FAQs<\/b><\/h3>\n<p>&nbsp;<\/p>\n<ul>\n<li><strong>Comment utiliser une cigarette \u00e9lectronique jetable Fumot 30k ?<\/strong><br \/>\nPour utiliser la cigarette \u00e9lectronique jetable Fumot RandM Tornado 30000 Puffs, il suffit de la sortir de l'emballage, d'inhaler par l'embout buccal, et elle s'activera automatiquement. Profitez de la vapeur riche produite par sa technologie de bobine maill\u00e9e. L'appareil est \u00e9galement dot\u00e9 de lumi\u00e8res RVB qui se synchronisent avec la musique, am\u00e9liorant ainsi l'exp\u00e9rience de vapotage.<\/li>\n<li><strong>Comment charger la cigarette \u00e9lectronique jetable Fumot RandM Tornado 30000 Puffs<\/strong><br \/>\nLa Fumot RandM Tornado 30000 est rechargeable. Elle est livr\u00e9e avec une batterie de 850 mAh et est \u00e9quip\u00e9e d'un port de charge de type C. Pour charger l'appareil, connectez-le \u00e0 une source d'alimentation \u00e0 l'aide d'un c\u00e2ble de type C, et la batterie se rechargera rapidement et efficacement.<\/li>\n<li><strong>Quel est le taux de nicotine dans la Fumot Vape RandM Tornado 30000<\/strong><br \/>\nLa Fumot RandM Tornado 30000 est disponible en options de vape jetable \u00e0 faible teneur en nicotine : 0 %, 2 % et 5 %.<\/li>\n<li><strong>Comment savoir quand la cigarette \u00e9lectronique est vide<\/strong><br \/>\nLa Fumot RandM Tornado 30000 n'a pas d'affichage pour montrer le niveau d'e-liquide, mais vous pouvez savoir quand elle est vide par la r\u00e9duction de la saveur et de la production de vapeur. Lorsque la vapeur devient faible ou que la saveur s'estompe, cela signifie probablement que l'e-liquide s'\u00e9puise, m\u00eame si la batterie est toujours charg\u00e9e.<\/li>\n<li><strong>Combien de temps dois-je charger mon RandM Tornado 30000 ?<\/strong><br \/>\nLe temps de charge exact d\u00e9pend de la source d'alimentation, mais gr\u00e2ce \u00e0 sa capacit\u00e9 de charge de type C, le Fumot RandM Tornado 30000 devrait se charger relativement rapidement. Il est pr\u00e9f\u00e9rable de se r\u00e9f\u00e9rer \u00e0 l'indicateur de charge (s'il est disponible) ou de surveiller l'appareil pendant la charge pour \u00e9viter la surcharge.<\/li>\n<li><strong>O\u00f9 puis-je acheter la cigarette \u00e9lectronique jetable Fumot RandM Tornado 30000<\/strong><br \/>\nLa cigarette \u00e9lectronique jetable Fumot RandM Tornado 30000 Puffs peut \u00eatre achet\u00e9e aupr\u00e8s de d\u00e9taillants et de magasins de vape en ligne qui vendent des cigarettes \u00e9lectroniques jetables haut de gamme.<\/li>\n<\/ul>\n<\/div>\n<\/div>\n<\/div>\n<\/div>\n<h3>\u00c0 propos de l'exp\u00e9dition<\/h3>\n<div class=\"flex-shrink-0 flex flex-col relative items-end\">\n<div>\n<div class=\"pt-0\">\n<div class=\"gizmo-bot-avatar flex h-8 w-8 items-center justify-center overflow-hidden rounded-full\">\n<div><\/div>\n<div class=\"relative p-1 rounded-sm flex items-center justify-center bg-token-main-surface-primary text-token-text-primary h-8 w-8\"><strong>1. Quelles m\u00e9thodes d'exp\u00e9dition sont utilis\u00e9es ?<\/strong><\/div>\n<\/div>\n<\/div>\n<\/div>\n<\/div>\n<div class=\"group\/conversation-turn relative flex w-full min-w-0 flex-col agent-turn\">\n<div class=\"flex-col gap-1 md:gap-3\">\n<div class=\"flex max-w-full flex-col flex-grow\">\n<div class=\"min-h-[20px] text-message flex w-full flex-col items-end gap-2 whitespace-normal break-words [.text-message+&amp;]:mt-5 overflow-x-auto\" dir=\"auto\" data-message-author-role=\"assistant\" data-message-id=\"22f8283b-3233-46ff-89a5-c7a41b33abda\">\n<div class=\"flex w-full flex-col gap-1 empty:hidden first:pt-[3px]\">\n<div class=\"markdown prose w-full break-words dark:prose-invert light\">\n<p>Nous travaillons en partenariat avec UPS, DHL, FedEx, DPD et d'autres transporteurs de premier plan. Nous s\u00e9lectionnerons la meilleure m\u00e9thode d'exp\u00e9dition en fonction de votre lieu de livraison pour que vous receviez vos produits le plus rapidement possible.<\/p>\n<\/div>\n<p><strong>2. Combien de temps faut-il pour que cela arrive ?<\/strong><\/p>\n<p>Les colis exp\u00e9di\u00e9s en France arrivent g\u00e9n\u00e9ralement sous 10 jours ouvrables. L'exp\u00e9dition vers les pays europ\u00e9ens prend g\u00e9n\u00e9ralement environ 12 \u00e0 15 jours ouvrables. Nous vous fournirons des mises \u00e0 jour en temps r\u00e9el sur l'\u00e9tat de votre envoi.<\/p>\n<\/div>\n<\/div>\n<\/div>\n<\/div>\n<\/div>\n<p>&nbsp;<\/p>\n<p>Autres vapes en vente que vous pourriez aimer :<\/p>\n<p><a href=\"https:\/\/rmvapesale.com\/fr\/product\/randm-tornado-15000-puffs-15k-vape-recharge-fumot-original-vape-factory-price\/\"><strong>Cigarette \u00e9lectronique Randm 15000 Puffs\u00a0 \u00a0<span style=\"color: #ff0000\">&gt;&gt;&gt;&gt; C'est parti !<\/span><\/strong><\/a><\/p>\n<p><strong><a href=\"https:\/\/rmvapesale.com\/fr\/product\/aivono-22000-rechargeable-vapes-with-display-screen\/\">Aivono Aim Fatpro 22000 Puffs <span style=\"color: #ff0000\">&gt;&gt;&gt;&gt; C'est parti !<\/span><\/a>\u00a0<\/strong><\/p>\n<p><a href=\"https:\/\/rmvapesale.com\/fr\/product\/original-randm-vape-digital-puff-12000-fumot-factory-price\/\"><strong>Fumot Vape 12000 Bouff\u00e9es <span style=\"color: #ff0000\">&gt;&gt;&gt;&gt; C'est parti !<\/span><\/strong><\/a><\/p>\n<p>&nbsp;<\/p>\n<p>&nbsp;<\/p>\n<p>Trouvez plus de produits de vape que vous pourriez aimer :<strong><em><a href=\"https:\/\/rmvapesale.com\/fr\/shop-2\/\">Achetez maintenant &gt;&gt;&gt;<\/a><\/em><\/strong><\/p>","protected":false},"excerpt":{"rendered":"<p>Fumot RandM Tornado 30000 Puffs Vape Jetable en Gros<br \/>\nRandM Tornado 30000 musique 30k Saveur de Vape Rechargeable<br \/>\nRandm Fumot Tornado 30000 Puffs Musique 0% 2% 5%<\/p>\n<p><img loading=\"lazy\" decoding=\"async\" class=\"size-full wp-image-2375\" src=\"https:\/\/rmvapesale.com\/wp-content\/uploads\/2024\/10\/image.png\" alt=\"Meilleure vape jetable\" width=\"229\" height=\"300\" \/><\/p>\n<h3><a href=\"https:\/\/wa.me\/8617776015835\"><span style=\"color: #ff0000\"><strong>WhatsApp: +86 17776015835<\/strong><\/span><\/a><\/h3>\n<p>&nbsp;<\/p>","protected":false},"featured_media":2531,"comment_status":"open","ping_status":"closed","template":"","meta":{"_uag_custom_page_level_css":"","_lmt_disableupdate":"no","_lmt_disable":"","site-sidebar-layout":"default","site-content-layout":"content-boxed-container","ast-site-content-layout":"normal-width-container","site-content-style":"boxed","site-sidebar-style":"unboxed","ast-global-header-display":"","ast-banner-title-visibility":"","ast-main-header-display":"","ast-hfb-above-header-display":"","ast-hfb-below-header-display":"","ast-hfb-mobile-header-display":"","site-post-title":"","ast-breadcrumbs-content":"","ast-featured-img":"","footer-sml-layout":"","ast-disable-related-posts":"","theme-transparent-header-meta":"default","adv-header-id-meta":"","stick-header-meta":"","header-above-stick-meta":"","header-main-stick-meta":"","header-below-stick-meta":"","astra-migrate-meta-layouts":"set","ast-page-background-enabled":"default","ast-page-background-meta":{"desktop":{"background-color":"var(--ast-global-color-4)","background-image":"","background-repeat":"repeat","background-position":"center center","background-size":"auto","background-attachment":"scroll","background-type":"","background-media":"","overlay-type":"","overlay-color":"","overlay-opacity":"","overlay-gradient":""},"tablet":{"background-color":"","background-image":"","background-repeat":"repeat","background-position":"center center","background-size":"auto","background-attachment":"scroll","background-type":"","background-media":"","overlay-type":"","overlay-color":"","overlay-opacity":"","overlay-gradient":""},"mobile":{"background-color":"","background-image":"","background-repeat":"repeat","background-position":"center center","background-size":"auto","background-attachment":"scroll","background-type":"","background-media":"","overlay-type":"","overlay-color":"","overlay-opacity":"","overlay-gradient":""}},"ast-content-background-meta":{"desktop":{"background-color":"var(--ast-global-color-5)","background-image":"","background-repeat":"repeat","background-position":"center center","background-size":"auto","background-attachment":"scroll","background-type":"","background-media":"","overlay-type":"","overlay-color":"","overlay-opacity":"","overlay-gradient":""},"tablet":{"background-color":"var(--ast-global-color-5)","background-image":"","background-repeat":"repeat","background-position":"center center","background-size":"auto","background-attachment":"scroll","background-type":"","background-media":"","overlay-type":"","overlay-color":"","overlay-opacity":"","overlay-gradient":""},"mobile":{"background-color":"var(--ast-global-color-5)","background-image":"","background-repeat":"repeat","background-position":"center center","background-size":"auto","background-attachment":"scroll","background-type":"","background-media":"","overlay-type":"","overlay-color":"","overlay-opacity":"","overlay-gradient":""}},"_joinchat":[]},"product_brand":[],"product_cat":[15,27,51,25,123,30,26,28,31,137,136,135],"product_tag":[146,155,186,38,165,166,120],"class_list":{"0":"post-2532","1":"product","2":"type-product","3":"status-publish","4":"has-post-thumbnail","6":"product_cat-new-vape-this-week","7":"product_cat-fance-hot-sale-vape","8":"product_cat-fumot-vape","9":"product_cat-germany-best-selling-vape","10":"product_cat-italy-wholesale-vape","11":"product_cat-minimum-order-quantity-50pcs","12":"product_cat-netherlands-hot-sale-vape","13":"product_cat-poland-hot-sale-vape","14":"product_cat-randm-fumot-vape","15":"product_cat-rechargeable-vapes","16":"product_cat-smart-screen-vapes","17":"product_cat-spain-best-hot-sale-vape","18":"product_tag-best-hot-sale-vape","19":"product_tag-digital-display-box","20":"product_tag-fumot-30k","21":"product_tag-randm-vape","22":"product_tag-rechargeable-vapes","23":"product_tag-tornado-vape","24":"product_tag-vape-wholesale","25":"desktop-align-left","26":"tablet-align-left","27":"mobile-align-left","29":"first","30":"instock","31":"sale","32":"shipping-taxable","33":"purchasable","34":"product-type-simple"},"uagb_featured_image_src":{"full":["https:\/\/rmvapesale.com\/wp-content\/uploads\/2024\/10\/RandM-Tornado-30000-Puffs-Vape.jpg",808,808,false],"thumbnail":["https:\/\/rmvapesale.com\/wp-content\/uploads\/2024\/10\/RandM-Tornado-30000-Puffs-Vape-150x150.jpg",150,150,true],"medium":["https:\/\/rmvapesale.com\/wp-content\/uploads\/2024\/10\/RandM-Tornado-30000-Puffs-Vape-300x300.jpg",300,300,true],"medium_large":["https:\/\/rmvapesale.com\/wp-content\/uploads\/2024\/10\/RandM-Tornado-30000-Puffs-Vape-768x768.jpg",768,768,true],"large":["https:\/\/rmvapesale.com\/wp-content\/uploads\/2024\/10\/RandM-Tornado-30000-Puffs-Vape.jpg",808,808,false],"1536x1536":["https:\/\/rmvapesale.com\/wp-content\/uploads\/2024\/10\/RandM-Tornado-30000-Puffs-Vape.jpg",808,808,false],"2048x2048":["https:\/\/rmvapesale.com\/wp-content\/uploads\/2024\/10\/RandM-Tornado-30000-Puffs-Vape.jpg",808,808,false],"trp-custom-language-flag":["https:\/\/rmvapesale.com\/wp-content\/uploads\/2024\/10\/RandM-Tornado-30000-Puffs-Vape.jpg",12,12,false],"woocommerce_thumbnail":["https:\/\/rmvapesale.com\/wp-content\/uploads\/2024\/10\/RandM-Tornado-30000-Puffs-Vape-300x300.jpg",300,300,true],"woocommerce_single":["https:\/\/rmvapesale.com\/wp-content\/uploads\/2024\/10\/RandM-Tornado-30000-Puffs-Vape-600x600.jpg",600,600,true],"woocommerce_gallery_thumbnail":["https:\/\/rmvapesale.com\/wp-content\/uploads\/2024\/10\/RandM-Tornado-30000-Puffs-Vape-100x100.jpg",100,100,true],"wcpr-photo-reviews":["https:\/\/rmvapesale.com\/wp-content\/uploads\/2024\/10\/RandM-Tornado-30000-Puffs-Vape.jpg",500,500,false]},"uagb_author_info":{"display_name":"AMY","author_link":"https:\/\/rmvapesale.com\/fr\/author\/"},"uagb_comment_info":0,"uagb_excerpt":"Fumot RandM Tornado 30000 Puffs Disposable Vape Wholesale RandM Tornado 30000 music 30k Rechargeable Vape Flavor Randm Fumot Tornado 30000 Puffs Music 0% 2% 5% WhatsApp: +86 17776015835 &nbsp;","_links":{"self":[{"href":"https:\/\/rmvapesale.com\/fr\/wp-json\/wp\/v2\/product\/2532","targetHints":{"allow":["GET"]}}],"collection":[{"href":"https:\/\/rmvapesale.com\/fr\/wp-json\/wp\/v2\/product"}],"about":[{"href":"https:\/\/rmvapesale.com\/fr\/wp-json\/wp\/v2\/types\/product"}],"replies":[{"embeddable":true,"href":"https:\/\/rmvapesale.com\/fr\/wp-json\/wp\/v2\/comments?post=2532"}],"wp:featuredmedia":[{"embeddable":true,"href":"https:\/\/rmvapesale.com\/fr\/wp-json\/wp\/v2\/media\/2531"}],"wp:attachment":[{"href":"https:\/\/rmvapesale.com\/fr\/wp-json\/wp\/v2\/media?parent=2532"}],"wp:term":[{"taxonomy":"product_brand","embeddable":true,"href":"https:\/\/rmvapesale.com\/fr\/wp-json\/wp\/v2\/product_brand?post=2532"},{"taxonomy":"product_cat","embeddable":true,"href":"https:\/\/rmvapesale.com\/fr\/wp-json\/wp\/v2\/product_cat?post=2532"},{"taxonomy":"product_tag","embeddable":true,"href":"https:\/\/rmvapesale.com\/fr\/wp-json\/wp\/v2\/product_tag?post=2532"}],"curies":[{"name":"wp","href":"https:\/\/api.w.org\/{rel}","templated":true}]}}