{"id":2547,"date":"2024-10-25T02:22:52","date_gmt":"2024-10-25T02:22:52","guid":{"rendered":"https:\/\/rmvapesale.com\/?post_type=product&#038;p=2547"},"modified":"2024-10-25T03:03:28","modified_gmt":"2024-10-25T03:03:28","slug":"rechargeable-vape-vapme-spacex-22000-puff-wholesale","status":"publish","type":"product","link":"https:\/\/rmvapesale.com\/fr\/product\/rechargeable-vape-vapme-spacex-22000-puff-wholesale\/","title":{"rendered":"Vape Rechargeable Vapme Spacex 22000 Puff Vente en Gros"},"content":{"rendered":"<div class=\"B2VR9 CJHX3e\">\n<div class=\"wyccme\">\n<h1 class=\"LC20lb MBeuO DKV0Md\">Vapes rechargeables Vapme Spacex 22000 Puff Vente en gros<\/h1>\n<div class=\"flex-shrink-0 flex flex-col relative items-end\">\n<div class=\"pt-0\">\n<div class=\"gizmo-bot-avatar flex h-8 w-8 items-center justify-center overflow-hidden rounded-full\">\n<div class=\"relative p-1 rounded-sm flex items-center justify-center bg-token-main-surface-primary text-token-text-primary h-8 w-8\">\n<p>La Vape Rechargeable <strong>Vapme Spacex 22000 bouff\u00e9es<\/strong> est une vape jetable intelligente<strong> haut de gamme<\/strong> con\u00e7ue pour les utilisateurs recherchant des sessions de vapotage prolong\u00e9es et de la commodit\u00e9. Avec une impressionnante <strong>capacit\u00e9 de 30 mL d'e-liquide<\/strong> et la capacit\u00e9 de d\u00e9livrer plus de <strong>22 000 bouff\u00e9es<\/strong>, cet appareil est con\u00e7u pour la long\u00e9vit\u00e9 et la satisfaction. Sa <strong>batterie de 850 mAh<\/strong>, rechargeable via un <strong>port Type-C<\/strong>, garantit que vous pouvez savourer vos saveurs pr\u00e9f\u00e9r\u00e9es sans interruption, ce qui le rend parfait pour les vapoteurs occasionnels et les gros consommateurs. \u00c9quip\u00e9 d'une <strong>bobine maill\u00e9e de 0,8 ohm<\/strong>, ce <strong>vape rechargeable<\/strong>\u00a0offre une production de vapeur optimale, garantissant que chaque bouff\u00e9e est riche en saveur et douce \u00e0 l'inhalation.<\/p>\n<p>L' <strong>\u00e9cran LED<\/strong> est une autre caract\u00e9ristique remarquable, permettant aux utilisateurs de surveiller facilement la dur\u00e9e de vie de la batterie et les niveaux d'e-liquide en un coup d'\u0153il, avec une technologie haut de gamme qui le distingue des autres <strong>vape jetable avec \u00e9cran<\/strong>. Ce <strong>vape jetable \u00e0 faible teneur en nicotine <\/strong>\u00a0est livr\u00e9 avec une teneur en nicotine de 2 % pour les utilisateurs recherchant un hit doux, et l'option\u00a0<strong>5 % de nicotine <\/strong>s'adresse aux vapoteurs qui souhaitent une exp\u00e9rience plus forte.<\/p>\n<p>L' <strong>Vapme 22000<\/strong> est id\u00e9al pour <strong>vapes en gros<\/strong>, ce qui en fait un choix parfait pour les d\u00e9taillants qui cherchent \u00e0 s'approvisionner en produits \u00e0 forte demande. Sa grande capacit\u00e9, sa batterie rechargeable et la vari\u00e9t\u00e9 de ses saveurs en font un <strong>vape populaire<\/strong> sur le march\u00e9 des <strong>vapes jetables<\/strong> , offrant \u00e0 la fois qualit\u00e9 et commodit\u00e9 dans un seul emballage \u00e9l\u00e9gant.<\/p>\n<\/div>\n<\/div>\n<\/div>\n<\/div>\n<\/div>\n<\/div>\n<p><strong>Contactez Amy pour obtenir la bonne r\u00e9ponse et un coupon de vape !<\/strong><\/p>\n<p><img loading=\"lazy\" decoding=\"async\" class=\"size-full wp-image-1978\" src=\"https:\/\/rmvapesale.com\/wp-content\/uploads\/2024\/09\/Disposable-Vape-Wholesale.jpg\" alt=\"Vente en gros de vapes jetables\" width=\"229\" height=\"300\" \/><\/p>\n<h3><a href=\"https:\/\/wa.me\/8617776015835\" target=\"_blank\" rel=\"noopener\"><span style=\"color: #ff0000\"><strong>WhatsApp: +86 17776015835<\/strong><\/span><\/a><\/h3>\n<p>&nbsp;<\/p>\n<h2><\/h2>\n<h2><strong>Vapme 22000 <\/strong><strong>Vape Rechargeable<\/strong><strong>\u00a0<\/strong><strong>Caract\u00e9ristiques principales<\/strong><\/h2>\n<p>Marque: Vapme Vape<br \/>\nBatterie: 850mah port de type-c<br \/>\nCapacit\u00e9: 30mL e-liquide<br \/>\nCoil: 0.8 ohm coil mesh<br \/>\nPuffs: 22000+ bouff\u00e9es<br \/>\nNicotine: 2 %\/5 %<br \/>\n\u00c9cran LED pour batterie et e-liquide<\/p>\n<h2><strong>Meilleure saveur pour <\/strong><strong>Vape Rechargeable <\/strong><strong>Vapme 22000 <\/strong><strong>bouff\u00e9es\u00a0<\/strong><\/h2>\n<p>Ce <strong>appareil de vapotage en bo\u00eete<\/strong> offre <strong>12 saveurs excitantes<\/strong>, de l'explosion acidul\u00e9e de <strong>Limonade aux Framboises Bleues<\/strong> \u00e0 la fra\u00eecheur rafra\u00eechissante de <strong>Glace \u00e0 la Past\u00e8que<\/strong> et au m\u00e9lange tropical de <strong>Mangue P\u00eache Ananas<\/strong>. Que vous pr\u00e9f\u00e9riez les saveurs sucr\u00e9es, fruit\u00e9es ou glac\u00e9es, le Vapme Spacex a quelque chose pour chaque palais.<\/p>\n<p>1.Limonade aux framboises bleues<span style=\"color: #ff0000\"><strong>&gt;&gt;&gt;&gt; Chaud!<\/strong><\/span><br \/>\n2.Glace \u00e0 la p\u00eache<br \/>\n3.Glace \u00e0 la past\u00e8que <span style=\"color: #ff0000\"><strong>&gt;&gt;&gt;&gt; Chaud!<\/strong><\/span><br \/>\n4.Myrtille framboise<br \/>\n5.Glace \u00e0 la cerise<br \/>\n6.Glace \u00e0 la fraise<br \/>\n7.Fraise past\u00e8que<br \/>\n8.Mangue p\u00eache ananas <span style=\"color: #ff0000\"><strong>&gt;&gt;&gt;&gt; Le meilleur !<\/strong><\/span><br \/>\n9.Fraise kiwi<br \/>\n10.Kiwi fruit de la passion goyave<br \/>\n11.Boisson \u00e9nergisante<br \/>\n12.Amour 66<\/p>\n<figure id=\"attachment_2542\" aria-describedby=\"caption-attachment-2542\" style=\"width: 800px\" class=\"wp-caption alignnone\"><img loading=\"lazy\" decoding=\"async\" class=\"wp-image-2542 size-full\" src=\"https:\/\/rmvapesale.com\/wp-content\/uploads\/2024\/10\/Disposable-Vape-Vapme-22000-Puffs-Price.jpg\" alt=\"Prix de la cigarette \u00e9lectronique jetable Vapme 22000 bouff\u00e9es\" width=\"800\" height=\"800\" srcset=\"https:\/\/rmvapesale.com\/wp-content\/uploads\/2024\/10\/Disposable-Vape-Vapme-22000-Puffs-Price.jpg 800w, https:\/\/rmvapesale.com\/wp-content\/uploads\/2024\/10\/Disposable-Vape-Vapme-22000-Puffs-Price-300x300.jpg 300w, https:\/\/rmvapesale.com\/wp-content\/uploads\/2024\/10\/Disposable-Vape-Vapme-22000-Puffs-Price-150x150.jpg 150w, https:\/\/rmvapesale.com\/wp-content\/uploads\/2024\/10\/Disposable-Vape-Vapme-22000-Puffs-Price-768x768.jpg 768w, https:\/\/rmvapesale.com\/wp-content\/uploads\/2024\/10\/Disposable-Vape-Vapme-22000-Puffs-Price-600x600.jpg 600w, https:\/\/rmvapesale.com\/wp-content\/uploads\/2024\/10\/Disposable-Vape-Vapme-22000-Puffs-Price-100x100.jpg 100w\" sizes=\"auto, (max-width: 800px) 100vw, 800px\" \/><figcaption id=\"caption-attachment-2542\" class=\"wp-caption-text\">Prix de la cigarette \u00e9lectronique jetable Vapme 22000 bouff\u00e9es<\/figcaption><\/figure>\n<p>&nbsp;<\/p>\n<h3><strong>Pourquoi choisir Rmvapesale pour Vapme 22000 bouff\u00e9es<\/strong><strong>?<\/strong><\/h3>\n<div class=\"flex-shrink-0 flex flex-col relative items-end\">\n<div class=\"pt-0\">\n<div class=\"gizmo-bot-avatar flex h-8 w-8 items-center justify-center overflow-hidden rounded-full\">\n<div class=\"relative p-1 rounded-sm flex items-center justify-center bg-token-main-surface-primary text-token-text-primary h-8 w-8\">\n<p>&nbsp;<\/p>\n<p>En choisissant Rmvapesale pour vos besoins en vapes jetables en gros, vous b\u00e9n\u00e9ficiez de :<\/p>\n<ul>\n<li><strong>Prix comp\u00e9titifs<\/strong>: Acc\u00e9dez \u00e0 des prix de gros attractifs qui stimulent vos marges commerciales.<\/li>\n<li><strong>Haute qualit\u00e9<\/strong>: Nos vapes sont fabriqu\u00e9es selon les normes les plus strictes et sont <span style=\"color: #ff0000\"><strong>garanties 100% originales et authentiques. Nous offrons 10 fois le prix en d\u00e9dommagement pour les produits contrefaits !<\/strong><\/span><\/li>\n<li><strong>Excellent service client<\/strong>: Notre \u00e9quipe d\u00e9di\u00e9e est toujours pr\u00eate \u00e0 vous aider, rendant votre processus d'achat fluide et sans tracas.<\/li>\n<li><strong>Exp\u00e9dition rapide<\/strong>: Attendez-vous \u00e0 une exp\u00e9dition rapide et fiable, garantissant que vos commandes arrivent \u00e0 temps, \u00e0 chaque fois.<\/li>\n<\/ul>\n<\/div>\n<h3><\/h3>\n<div class=\"relative p-1 rounded-sm flex items-center justify-center bg-token-main-surface-primary text-token-text-primary h-8 w-8\">\n<h3><b>FAQ sur la vape rechargeable Vapme 22000<\/b><\/h3>\n<ul>\n<li><strong>Comment charger la vape jetable rechargeable Vapme Spacex 22000<\/strong><br \/>\nLe Vapme Spacex 22000 est livr\u00e9 avec une batterie rechargeable de 850mAh qui peut \u00eatre charg\u00e9e via le port de charge Type-C. Il suffit de connecter le c\u00e2ble Type-C \u00e0 une source d'alimentation pour recharger l'appareil.<\/li>\n<li><strong>Quelle est la quantit\u00e9 de nicotine dans un Vapme Spacex 22000 bouff\u00e9es<\/strong><br \/>\nLe Vapme Spacex 22000 bouff\u00e9es est disponible en deux options de dosage de nicotine : 2% (20mg) pour une sensation plus douce et 5% (50mg) pour les utilisateurs recherchant une exp\u00e9rience plus forte.<\/li>\n<li><strong>Combien de temps dois-je charger ma Vapme Spacex 22000 Vape Box ?<\/strong><br \/>\nLe temps de charge exact d\u00e9pend de la source d'alimentation, mais la capacit\u00e9 de charge rapide Type-C permet des recharges relativement rapides. Surveillez l'\u00e9cran LED pour v\u00e9rifier quand la batterie est compl\u00e8tement charg\u00e9e, car l'\u00e9cran fournit des informations sur la dur\u00e9e de vie de la batterie.<\/li>\n<li><strong>O\u00f9 puis-je acheter des vapes jetables Vapme Spacex 22000 ?<\/strong><br \/>\nLa vape jetable Vapme Spacex 22000 bouff\u00e9es peut \u00eatre achet\u00e9e aupr\u00e8s de d\u00e9taillants, de boutiques de vape ou de plateformes en ligne sp\u00e9cialis\u00e9es dans la vente de produits de vapotage. Elle est \u00e9galement disponible pour la vente en gros, ce qui en fait une option populaire pour les entreprises qui cherchent \u00e0 s'approvisionner en vapes jetables.<\/li>\n<li><strong>Quelles sont les meilleures vapes jetables de 2024 ?<\/strong><br \/>\nCertains des meilleurs vapes jetables de 2024 incluent :<\/p>\n<ul>\n<li><strong>Vapme Spacex 22000 bouff\u00e9es<\/strong>: Connu pour sa grande capacit\u00e9, son \u00e9cran LED et sa batterie rechargeable.<\/li>\n<li><strong>Vapme Crystal 20000 Puffs<\/strong>: Populaire pour sa fonctionnalit\u00e9 Double Saveur et sa recharge pratique.<\/li>\n<li><strong>Aivono Fatpro 22000 Puffs<\/strong>: Offre une exp\u00e9rience de vapotage longue dur\u00e9e avec la technologie de bobine maill\u00e9e et un flux d'air personnalisable.<\/li>\n<li><strong>Fumot RandM Tornado 30000 Puffs<\/strong>: Dispose d'une synchronisation musicale et de lumi\u00e8res RGB, id\u00e9al pour le vapotage interactif.<\/li>\n<\/ul>\n<\/li>\n<\/ul>\n<\/div>\n<\/div>\n<\/div>\n<\/div>\n<h3>\u00c0 propos de l'exp\u00e9dition<\/h3>\n<div class=\"flex-shrink-0 flex flex-col relative items-end\">\n<div>\n<div class=\"pt-0\">\n<div class=\"gizmo-bot-avatar flex h-8 w-8 items-center justify-center overflow-hidden rounded-full\">\n<div><\/div>\n<div class=\"relative p-1 rounded-sm flex items-center justify-center bg-token-main-surface-primary text-token-text-primary h-8 w-8\"><strong>1. Quelles m\u00e9thodes d'exp\u00e9dition sont utilis\u00e9es ?<\/strong><\/div>\n<\/div>\n<\/div>\n<\/div>\n<\/div>\n<div class=\"group\/conversation-turn relative flex w-full min-w-0 flex-col agent-turn\">\n<div class=\"flex-col gap-1 md:gap-3\">\n<div class=\"flex max-w-full flex-col flex-grow\">\n<div class=\"min-h-[20px] text-message flex w-full flex-col items-end gap-2 whitespace-normal break-words [.text-message+&amp;]:mt-5 overflow-x-auto\" dir=\"auto\" data-message-author-role=\"assistant\" data-message-id=\"22f8283b-3233-46ff-89a5-c7a41b33abda\">\n<div class=\"flex w-full flex-col gap-1 empty:hidden first:pt-[3px]\">\n<div class=\"markdown prose w-full break-words dark:prose-invert light\">\n<p>Nous travaillons en partenariat avec UPS, DHL, FedEx, DPD et d'autres transporteurs de premier plan. Nous s\u00e9lectionnerons la meilleure m\u00e9thode d'exp\u00e9dition en fonction de votre lieu de livraison pour que vous receviez vos produits le plus rapidement possible.<\/p>\n<\/div>\n<p><strong>2. Combien de temps faut-il pour que cela arrive ?<\/strong><\/p>\n<p>Les colis exp\u00e9di\u00e9s en France arrivent g\u00e9n\u00e9ralement sous 10 jours ouvrables. L'exp\u00e9dition vers les pays europ\u00e9ens prend g\u00e9n\u00e9ralement environ 12 \u00e0 15 jours ouvrables. Nous vous fournirons des mises \u00e0 jour en temps r\u00e9el sur l'\u00e9tat de votre envoi.<\/p>\n<\/div>\n<\/div>\n<\/div>\n<\/div>\n<\/div>\n<p>&nbsp;<\/p>\n<p>Autres vapes en vente que vous pourriez aimer :<\/p>\n<p><a href=\"https:\/\/rmvapesale.com\/fr\/product\/fumot-randm-tornado-30000-puffs-30k-music-disposable-vape\/\"><strong>RandM Tornado 30000 Bouff\u00e9es\u00a0 \u00a0<span style=\"color: #ff0000\">&gt;&gt;&gt;&gt; C'est parti !<\/span><\/strong><\/a><\/p>\n<p><strong><a href=\"https:\/\/rmvapesale.com\/fr\/product\/vapme-crystal-20000-puffs-20k-double-flavor-rechargeable-vapes\/\">Vapme Crystal 20000 Puffs <span style=\"color: #ff0000\">&gt;&gt;&gt;&gt; C'est parti !<\/span><\/a>\u00a0<\/strong><\/p>\n<p><a href=\"https:\/\/rmvapesale.com\/fr\/product\/original-randm-vape-digital-puff-12000-fumot-factory-price\/\"><strong>Fumot Vape 12000 Bouff\u00e9es <span style=\"color: #ff0000\">&gt;&gt;&gt;&gt; C'est parti !<\/span><\/strong><\/a><\/p>\n<p>&nbsp;<\/p>\n<p>&nbsp;<\/p>\n<p>Trouvez plus de produits de vape que vous pourriez aimer :<strong><em><a href=\"https:\/\/rmvapesale.com\/fr\/shop-2\/\">Achetez maintenant &gt;&gt;&gt;<\/a><\/em><\/strong><\/p>","protected":false},"excerpt":{"rendered":"<p>Vapes rechargeables Vapme Spacex 22000 Puff en gros<br \/>\nVapme 22000 bouff\u00e9es Vape jetable tout ar\u00f4me<br \/>\nVapme Spacex 22000 bouff\u00e9es Vape jetable avec \u00e9cran<\/p>\n<p><img loading=\"lazy\" decoding=\"async\" class=\"size-full wp-image-2375\" src=\"https:\/\/rmvapesale.com\/wp-content\/uploads\/2024\/10\/image.png\" alt=\"Meilleure vape jetable\" width=\"229\" height=\"300\" \/><\/p>\n<h3><a href=\"https:\/\/wa.me\/8617776015835\"><span style=\"color: #ff0000\"><strong>WhatsApp: +86 17776015835<\/strong><\/span><\/a><\/h3>\n<p>&nbsp;<\/p>","protected":false},"featured_media":2541,"comment_status":"open","ping_status":"closed","template":"","meta":{"_uag_custom_page_level_css":"","_lmt_disableupdate":"no","_lmt_disable":"","site-sidebar-layout":"default","site-content-layout":"content-boxed-container","ast-site-content-layout":"normal-width-container","site-content-style":"boxed","site-sidebar-style":"unboxed","ast-global-header-display":"","ast-banner-title-visibility":"","ast-main-header-display":"","ast-hfb-above-header-display":"","ast-hfb-below-header-display":"","ast-hfb-mobile-header-display":"","site-post-title":"","ast-breadcrumbs-content":"","ast-featured-img":"","footer-sml-layout":"","theme-transparent-header-meta":"default","adv-header-id-meta":"","stick-header-meta":"","header-above-stick-meta":"","header-main-stick-meta":"","header-below-stick-meta":"","astra-migrate-meta-layouts":"set","ast-page-background-enabled":"default","ast-page-background-meta":{"desktop":{"background-color":"var(--ast-global-color-4)","background-image":"","background-repeat":"repeat","background-position":"center center","background-size":"auto","background-attachment":"scroll","background-type":"","background-media":"","overlay-type":"","overlay-color":"","overlay-opacity":"","overlay-gradient":""},"tablet":{"background-color":"","background-image":"","background-repeat":"repeat","background-position":"center center","background-size":"auto","background-attachment":"scroll","background-type":"","background-media":"","overlay-type":"","overlay-color":"","overlay-opacity":"","overlay-gradient":""},"mobile":{"background-color":"","background-image":"","background-repeat":"repeat","background-position":"center center","background-size":"auto","background-attachment":"scroll","background-type":"","background-media":"","overlay-type":"","overlay-color":"","overlay-opacity":"","overlay-gradient":""}},"ast-content-background-meta":{"desktop":{"background-color":"var(--ast-global-color-5)","background-image":"","background-repeat":"repeat","background-position":"center center","background-size":"auto","background-attachment":"scroll","background-type":"","background-media":"","overlay-type":"","overlay-color":"","overlay-opacity":"","overlay-gradient":""},"tablet":{"background-color":"var(--ast-global-color-5)","background-image":"","background-repeat":"repeat","background-position":"center center","background-size":"auto","background-attachment":"scroll","background-type":"","background-media":"","overlay-type":"","overlay-color":"","overlay-opacity":"","overlay-gradient":""},"mobile":{"background-color":"var(--ast-global-color-5)","background-image":"","background-repeat":"repeat","background-position":"center center","background-size":"auto","background-attachment":"scroll","background-type":"","background-media":"","overlay-type":"","overlay-color":"","overlay-opacity":"","overlay-gradient":""}},"_joinchat":[]},"product_brand":[],"product_cat":[15,25,123,26,28,135,27,137,136,30],"product_tag":[146,188,155,167,165,120],"class_list":{"0":"post-2547","1":"product","2":"type-product","3":"status-publish","4":"has-post-thumbnail","6":"product_cat-new-vape-this-week","7":"product_cat-germany-best-selling-vape","8":"product_cat-italy-wholesale-vape","9":"product_cat-netherlands-hot-sale-vape","10":"product_cat-poland-hot-sale-vape","11":"product_cat-spain-best-hot-sale-vape","12":"product_cat-fance-hot-sale-vape","13":"product_cat-rechargeable-vapes","14":"product_cat-smart-screen-vapes","15":"product_cat-minimum-order-quantity-50pcs","16":"product_tag-best-hot-sale-vape","17":"product_tag-buy-vapes-online","18":"product_tag-digital-display-box","19":"product_tag-disposable-vape-with-screen","20":"product_tag-rechargeable-vapes","21":"product_tag-vape-wholesale","22":"desktop-align-left","23":"tablet-align-left","24":"mobile-align-left","26":"first","27":"instock","28":"sale","29":"shipping-taxable","30":"purchasable","31":"product-type-simple"},"uagb_featured_image_src":{"full":["https:\/\/rmvapesale.com\/wp-content\/uploads\/2024\/10\/Disposable-Vape-Pen-Vapme-Spacex-22000.jpg",800,800,false],"thumbnail":["https:\/\/rmvapesale.com\/wp-content\/uploads\/2024\/10\/Disposable-Vape-Pen-Vapme-Spacex-22000-150x150.jpg",150,150,true],"medium":["https:\/\/rmvapesale.com\/wp-content\/uploads\/2024\/10\/Disposable-Vape-Pen-Vapme-Spacex-22000-300x300.jpg",300,300,true],"medium_large":["https:\/\/rmvapesale.com\/wp-content\/uploads\/2024\/10\/Disposable-Vape-Pen-Vapme-Spacex-22000-768x768.jpg",768,768,true],"large":["https:\/\/rmvapesale.com\/wp-content\/uploads\/2024\/10\/Disposable-Vape-Pen-Vapme-Spacex-22000.jpg",800,800,false],"1536x1536":["https:\/\/rmvapesale.com\/wp-content\/uploads\/2024\/10\/Disposable-Vape-Pen-Vapme-Spacex-22000.jpg",800,800,false],"2048x2048":["https:\/\/rmvapesale.com\/wp-content\/uploads\/2024\/10\/Disposable-Vape-Pen-Vapme-Spacex-22000.jpg",800,800,false],"trp-custom-language-flag":["https:\/\/rmvapesale.com\/wp-content\/uploads\/2024\/10\/Disposable-Vape-Pen-Vapme-Spacex-22000.jpg",12,12,false],"woocommerce_thumbnail":["https:\/\/rmvapesale.com\/wp-content\/uploads\/2024\/10\/Disposable-Vape-Pen-Vapme-Spacex-22000-300x300.jpg",300,300,true],"woocommerce_single":["https:\/\/rmvapesale.com\/wp-content\/uploads\/2024\/10\/Disposable-Vape-Pen-Vapme-Spacex-22000-600x600.jpg",600,600,true],"woocommerce_gallery_thumbnail":["https:\/\/rmvapesale.com\/wp-content\/uploads\/2024\/10\/Disposable-Vape-Pen-Vapme-Spacex-22000-100x100.jpg",100,100,true],"wcpr-photo-reviews":["https:\/\/rmvapesale.com\/wp-content\/uploads\/2024\/10\/Disposable-Vape-Pen-Vapme-Spacex-22000.jpg",500,500,false]},"uagb_author_info":{"display_name":"AMY","author_link":"https:\/\/rmvapesale.com\/fr\/author\/"},"uagb_comment_info":0,"uagb_excerpt":"Wholesale\u00a0Rechargeable Vapes Vapme Spacex 22000 Puff Vapme 22000 Puffs Disposable Vape Box all Flavor Vapme Spacex 22000 Puff Disposable Vape with Screen WhatsApp: +86 17776015835 &nbsp;","_links":{"self":[{"href":"https:\/\/rmvapesale.com\/fr\/wp-json\/wp\/v2\/product\/2547","targetHints":{"allow":["GET"]}}],"collection":[{"href":"https:\/\/rmvapesale.com\/fr\/wp-json\/wp\/v2\/product"}],"about":[{"href":"https:\/\/rmvapesale.com\/fr\/wp-json\/wp\/v2\/types\/product"}],"replies":[{"embeddable":true,"href":"https:\/\/rmvapesale.com\/fr\/wp-json\/wp\/v2\/comments?post=2547"}],"wp:featuredmedia":[{"embeddable":true,"href":"https:\/\/rmvapesale.com\/fr\/wp-json\/wp\/v2\/media\/2541"}],"wp:attachment":[{"href":"https:\/\/rmvapesale.com\/fr\/wp-json\/wp\/v2\/media?parent=2547"}],"wp:term":[{"taxonomy":"product_brand","embeddable":true,"href":"https:\/\/rmvapesale.com\/fr\/wp-json\/wp\/v2\/product_brand?post=2547"},{"taxonomy":"product_cat","embeddable":true,"href":"https:\/\/rmvapesale.com\/fr\/wp-json\/wp\/v2\/product_cat?post=2547"},{"taxonomy":"product_tag","embeddable":true,"href":"https:\/\/rmvapesale.com\/fr\/wp-json\/wp\/v2\/product_tag?post=2547"}],"curies":[{"name":"wp","href":"https:\/\/api.w.org\/{rel}","templated":true}]}}