{"id":2573,"date":"2024-10-26T09:06:29","date_gmt":"2024-10-26T09:06:29","guid":{"rendered":"https:\/\/rmvapesale.com\/?post_type=product&#038;p=2573"},"modified":"2024-10-28T07:40:44","modified_gmt":"2024-10-28T07:40:44","slug":"disposable-vape-poco-bl10000-puffs-wholesale","status":"publish","type":"product","link":"https:\/\/rmvapesale.com\/fr\/product\/disposable-vape-poco-bl10000-puffs-wholesale\/","title":{"rendered":"Vape jetable POCO BL10000 Bouff\u00e9es en gros"},"content":{"rendered":"<div class=\"B2VR9 CJHX3e\">\n<div class=\"wyccme\">\n<h1 class=\"LC20lb MBeuO DKV0Md\">Vape jetable POCO BL10000 Bouff\u00e9es en gros<\/h1>\n<div class=\"flex-shrink-0 flex flex-col relative items-end\">\n<div class=\"pt-0\">\n<div class=\"gizmo-bot-avatar flex h-8 w-8 items-center justify-center overflow-hidden rounded-full\">\n<div class=\"relative p-1 rounded-sm flex items-center justify-center bg-token-main-surface-primary text-token-text-primary h-8 w-8\">\n<p>L' <strong>La vape jetable POCO BL10000 Puffs<\/strong> est une e-cigarette innovante <strong>de 10 000 bouff\u00e9es<\/strong> offrant une long\u00e9vit\u00e9 et une qualit\u00e9 exceptionnelles, parfait pour ceux qui recherchent une option rechargeable et jetable haute performance. Con\u00e7u pour offrir jusqu'\u00e0 <strong>10 000 bouff\u00e9es<\/strong>, ce <strong>Les vapes rechargeables<\/strong> l'appareil est \u00e9quip\u00e9 d'une <strong>bobine en maille<\/strong> et contient une g\u00e9n\u00e9reuse quantit\u00e9 de <strong>20ml<\/strong> de e-liquide, disponible en diff\u00e9rentes <strong>0%, 2%, ou 5% de nicotine<\/strong> options pour s'adapter \u00e0 une pr\u00e9f\u00e9rence en nicotine<strong> faible teneur en nicotine<\/strong> ou forte. Ce <strong>appareil de vapotage en bo\u00eete<\/strong> est un choix id\u00e9al pour les vapoteurs d\u00e9butants et exp\u00e9riment\u00e9s, offrant une exp\u00e9rience de saveur douce et constante.<\/p>\n<p>L' <strong>batterie rechargeable de 650 mAh<\/strong> est optimis\u00e9 pour une utilisation de longue dur\u00e9e, tandis que le port <strong>charge de Type-C<\/strong> assure des recharges rapides et pratiques, faisant de cet appareil un excellent choix en France. <strong>vapes rechargeables<\/strong>. Avec <strong>d\u00e9bit d'air r\u00e9glable<\/strong>, les utilisateurs peuvent personnaliser davantage leur exp\u00e9rience de vapotage, allant de tirages plus serr\u00e9s \u00e0 plus ouverts, tout en b\u00e9n\u00e9ficiant de la saveur riche et pleine fournie par le <strong>bobine en maille<\/strong>.<\/p>\n<p>Disponible en <strong>15 saveurs uniques<\/strong>, le POCO BL10000 r\u00e9pond \u00e0 un \u00e9ventail de pr\u00e9f\u00e9rences gustatives, garantissant qu'il y a une saveur pour chaque palais. Parfait pour les vapoteurs nomades, cet appareil compact se d\u00e9marque sur le march\u00e9 des <strong>magasins de cigarettes \u00e9lectroniques<\/strong>, <strong>vape bars<\/strong>, et <strong>vapes en gros<\/strong> acheteurs. Pr\u00eat \u00e0 la vente avec <strong>10 unit\u00e9s par pr\u00e9sentoir<\/strong>, il est \u00e9galement id\u00e9al pour ceux qui cherchent \u00e0 <strong>acheter des vapes en ligne<\/strong> ou en magasin.<\/p>\n<\/div>\n<\/div>\n<\/div>\n<\/div>\n<\/div>\n<\/div>\n<p><strong>Contactez Amy pour obtenir la bonne r\u00e9ponse et un coupon de vape !<\/strong><\/p>\n<p><img loading=\"lazy\" decoding=\"async\" class=\"size-full wp-image-1978\" src=\"https:\/\/rmvapesale.com\/wp-content\/uploads\/2024\/09\/Disposable-Vape-Wholesale.jpg\" alt=\"Vente en gros de vapes jetables\" width=\"229\" height=\"300\" \/><\/p>\n<h3><a href=\"https:\/\/wa.me\/8617776015835\" target=\"_blank\" rel=\"noopener\"><span style=\"color: #ff0000\"><strong>WhatsApp: +86 17776015835<\/strong><\/span><\/a><\/h3>\n<p>&nbsp;<\/p>\n<h2><\/h2>\n<h2><strong>Vape jetable POCO BL10000 Bouff\u00e9es <\/strong><strong>Caract\u00e9ristiques principales<\/strong><\/h2>\n<p>Nicotine:2% 5%<br \/>\nBouff\u00e9es:10000<br \/>\nCapacit\u00e9: 20ml<br \/>\n15 saveurs disponibles<br \/>\nBobine maill\u00e9e<br \/>\nBatterie:650mah<br \/>\nD\u00e9bit d'air r\u00e9glable<\/p>\n<figure id=\"attachment_2571\" aria-describedby=\"caption-attachment-2571\" style=\"width: 800px\" class=\"wp-caption alignnone\"><img loading=\"lazy\" decoding=\"async\" class=\"wp-image-2571 size-full\" src=\"https:\/\/rmvapesale.com\/wp-content\/uploads\/2024\/10\/Poco-BL10000-Puffs-Rechargeable-Vape.jpg\" alt=\"Vape rechargeable Poco BL 10000 bouff\u00e9es\" width=\"800\" height=\"800\" srcset=\"https:\/\/rmvapesale.com\/wp-content\/uploads\/2024\/10\/Poco-BL10000-Puffs-Rechargeable-Vape.jpg 800w, https:\/\/rmvapesale.com\/wp-content\/uploads\/2024\/10\/Poco-BL10000-Puffs-Rechargeable-Vape-300x300.jpg 300w, https:\/\/rmvapesale.com\/wp-content\/uploads\/2024\/10\/Poco-BL10000-Puffs-Rechargeable-Vape-150x150.jpg 150w, https:\/\/rmvapesale.com\/wp-content\/uploads\/2024\/10\/Poco-BL10000-Puffs-Rechargeable-Vape-768x768.jpg 768w, https:\/\/rmvapesale.com\/wp-content\/uploads\/2024\/10\/Poco-BL10000-Puffs-Rechargeable-Vape-600x600.jpg 600w, https:\/\/rmvapesale.com\/wp-content\/uploads\/2024\/10\/Poco-BL10000-Puffs-Rechargeable-Vape-100x100.jpg 100w\" sizes=\"auto, (max-width: 800px) 100vw, 800px\" \/><figcaption id=\"caption-attachment-2571\" class=\"wp-caption-text\">Vape rechargeable Poco BL 10000 bouff\u00e9es<\/figcaption><\/figure>\n<h2><strong>Meilleure saveur pour POCO BL10000 Bouff\u00e9es<\/strong><strong>\u00a0<\/strong><\/h2>\n<p>1.Mangue Orange Pamplemousse<br \/>\n2.Bonbon tendre P\u00eache Myrtille <span style=\"color: #ff0000\"><strong>&gt;&gt;&gt;&gt; Chaud!<\/strong><\/span><br \/>\n3.Raisin Alo\u00e8s<br \/>\n4.Menthe Fra\u00eeche<br \/>\n5.Fraise Mangue<br \/>\n6. Fruit de la Passion Kiwi Goyave<br \/>\n7. Pomme P\u00eache<br \/>\n8. Fraise past\u00e8que<br \/>\n9. Raisin Cassis Soda<br \/>\n10. Myrtille Framboise <span style=\"color: #ff0000\"><strong>&gt;&gt;&gt;&gt; Chaud!<\/strong><\/span><br \/>\n11. Fraise Kiwi<br \/>\n12. Myrtille Cerise Cola<br \/>\n13. Fruit du Dragon Noir Glac\u00e9 Fraise<br \/>\n14. Framboise Past\u00e8que <span style=\"color: #ff0000\"><strong>&gt;&gt;&gt;&gt; Le meilleur !<\/strong><\/span><br \/>\n15. Fraise Banane<\/p>\n<p>&nbsp;<\/p>\n<h3><strong>Pourquoi choisir Rmvapesale pour le kit de vapotage jetable rechargeable POCO BL10000 Puffs<\/strong><strong>?<\/strong><\/h3>\n<div class=\"flex-shrink-0 flex flex-col relative items-end\">\n<div class=\"pt-0\">\n<div class=\"gizmo-bot-avatar flex h-8 w-8 items-center justify-center overflow-hidden rounded-full\">\n<div class=\"relative p-1 rounded-sm flex items-center justify-center bg-token-main-surface-primary text-token-text-primary h-8 w-8\">\n<p>&nbsp;<\/p>\n<p>En choisissant Rmvapesale pour vos besoins en vapes jetables en gros, vous b\u00e9n\u00e9ficiez de :<\/p>\n<ul>\n<li><strong>Prix comp\u00e9titifs<\/strong>: Acc\u00e9dez \u00e0 des prix de gros attractifs qui stimulent vos marges commerciales.<\/li>\n<li><strong>Haute qualit\u00e9<\/strong>: Nos vapes sont fabriqu\u00e9es selon les normes les plus strictes et sont <span style=\"color: #ff0000\"><strong>garanties 100% originales et authentiques. Nous offrons 10 fois le prix en d\u00e9dommagement pour les produits contrefaits !<\/strong><\/span><\/li>\n<li><strong>Excellent service client<\/strong>: Notre \u00e9quipe d\u00e9di\u00e9e est toujours pr\u00eate \u00e0 vous aider, rendant votre processus d'achat fluide et sans tracas.<\/li>\n<li><strong>Exp\u00e9dition rapide<\/strong>: Attendez-vous \u00e0 une exp\u00e9dition rapide et fiable, garantissant que vos commandes arrivent \u00e0 temps, \u00e0 chaque fois.<\/li>\n<\/ul>\n<\/div>\n<h3><\/h3>\n<div class=\"relative p-1 rounded-sm flex items-center justify-center bg-token-main-surface-primary text-token-text-primary h-8 w-8\">\n<h3><b>POCO BL10000 Puffs Puff FAQ<\/b><\/h3>\n<ul>\n<li><strong>Comment recharger la vape jetable rechargeable POCO BL10000 Puffs<\/strong><br \/>\nLa vape POCO BL10000 Puffs est livr\u00e9e avec une batterie rechargeable de 650 mAh. Pour la recharger, connectez un c\u00e2ble de type C au port de charge et \u00e0 une source d'alimentation compatible. La charge de type C permet une recharge rapide et efficace, garantissant un temps d'arr\u00eat minimal.<\/li>\n<li><strong>Quelle est la quantit\u00e9 de nicotine dans la vape jetable POCO BL10000 Puffs<\/strong><br \/>\nLa vape jetable POCO BL10000 Puffs propose trois options de taux de nicotine : 0 %, 2 % et 5 %. Cette vari\u00e9t\u00e9 s'adresse aussi bien aux utilisateurs de faible taux de nicotine qu'\u00e0 ceux qui recherchent une exp\u00e9rience de nicotine plus forte.<\/li>\n<li><strong>Combien de temps dois-je charger ma vape jetable POCO BL10000 Puffs?<\/strong><br \/>\nLe temps de charge d\u00e9pend de la source d'alimentation, mais la technologie de charge rapide de type C garantit une recharge relativement rapide. L'appareil sera pr\u00eat \u00e0 l'emploi une fois compl\u00e8tement charg\u00e9, alors fiez-vous aux voyants ou aux signaux pour savoir quand la charge est termin\u00e9e.<\/li>\n<li><strong>O\u00f9 puis-je acheter la vape jetable POCO BL10000 Puffs?<\/strong><br \/>\nLa vape jetable POCO BL10000 Puffs est disponible \u00e0 l'achat dans les magasins de vape, <strong>vape bars<\/strong>, et sur les plateformes en ligne o\u00f9 vous pouvez <strong>acheter des vapes en ligne<\/strong>. Pour les acheteurs en gros, elle est \u00e9galement disponible aupr\u00e8s des <strong>vapes en gros<\/strong> fournisseurs.<\/li>\n<li><strong>Quelles sont les meilleures vapes jetables de 2024 ?<\/strong><br \/>\nCertaines des meilleures vapes jetables de 2024 incluent :<\/p>\n<ul>\n<li><strong>POCO BL10000 Puffs<\/strong>: Connue pour sa capacit\u00e9 de 10 000 bouff\u00e9es, son flux d'air r\u00e9glable et ses multiples taux de nicotine.<\/li>\n<li><strong>Elf World i15 Pro 12000<\/strong>: Nombre \u00e9lev\u00e9 de bouff\u00e9es, batterie rechargeable et conception ax\u00e9e sur le MTL.<\/li>\n<li><strong>AIVONO Lost Mary 6500 Puffs<\/strong>: Flux d'air r\u00e9glable et design compact et convivial.<\/li>\n<li><strong>Fumot RandM Tornado 30000 Puffs<\/strong>: Dispose de lumi\u00e8res RVB uniques synchronis\u00e9es avec la musique et d'un nombre \u00e9lev\u00e9 de bouff\u00e9es.<\/li>\n<\/ul>\n<\/li>\n<\/ul>\n<\/div>\n<\/div>\n<\/div>\n<\/div>\n<h3>\u00c0 propos de l'exp\u00e9dition<\/h3>\n<div class=\"flex-shrink-0 flex flex-col relative items-end\">\n<div>\n<div class=\"pt-0\">\n<div class=\"gizmo-bot-avatar flex h-8 w-8 items-center justify-center overflow-hidden rounded-full\">\n<div><\/div>\n<div class=\"relative p-1 rounded-sm flex items-center justify-center bg-token-main-surface-primary text-token-text-primary h-8 w-8\"><strong>1. Quelles m\u00e9thodes d'exp\u00e9dition sont utilis\u00e9es ?<\/strong><\/div>\n<\/div>\n<\/div>\n<\/div>\n<\/div>\n<div class=\"group\/conversation-turn relative flex w-full min-w-0 flex-col agent-turn\">\n<div class=\"flex-col gap-1 md:gap-3\">\n<div class=\"flex max-w-full flex-col flex-grow\">\n<div class=\"min-h-[20px] text-message flex w-full flex-col items-end gap-2 whitespace-normal break-words [.text-message+&amp;]:mt-5 overflow-x-auto\" dir=\"auto\" data-message-author-role=\"assistant\" data-message-id=\"22f8283b-3233-46ff-89a5-c7a41b33abda\">\n<div class=\"flex w-full flex-col gap-1 empty:hidden first:pt-[3px]\">\n<div class=\"markdown prose w-full break-words dark:prose-invert light\">\n<p>Nous travaillons en partenariat avec UPS, DHL, FedEx, DPD et d'autres transporteurs de premier plan. Nous s\u00e9lectionnerons la meilleure m\u00e9thode d'exp\u00e9dition en fonction de votre lieu de livraison pour que vous receviez vos produits le plus rapidement possible.<\/p>\n<\/div>\n<p><strong>2. Combien de temps faut-il pour que cela arrive ?<\/strong><\/p>\n<p>Les colis exp\u00e9di\u00e9s en France arrivent g\u00e9n\u00e9ralement sous 10 jours ouvrables. L'exp\u00e9dition vers les pays europ\u00e9ens prend g\u00e9n\u00e9ralement environ 12 \u00e0 15 jours ouvrables. Nous vous fournirons des mises \u00e0 jour en temps r\u00e9el sur l'\u00e9tat de votre envoi.<\/p>\n<\/div>\n<\/div>\n<\/div>\n<\/div>\n<\/div>\n<p>&nbsp;<\/p>\n<p>Autres vapes en vente que vous pourriez aimer :<\/p>\n<p><a href=\"https:\/\/rmvapesale.com\/fr\/product\/fumot-randm-tornado-30000-puffs-30k-music-disposable-vape\/\"><strong>RandM Tornado 30000 Bouff\u00e9es\u00a0 \u00a0<span style=\"color: #ff0000\">&gt;&gt;&gt;&gt; C'est parti !<\/span><\/strong><\/a><\/p>\n<p><strong><a href=\"https:\/\/rmvapesale.com\/fr\/product\/rechargeable-vape-vapme-spacex-22000-puff-wholesale\/\">Vapme Spacex 22000 bouff\u00e9es <span style=\"color: #ff0000\">&gt;&gt;&gt;&gt; C'est parti !<\/span><\/a>\u00a0<\/strong><\/p>\n<p><a href=\"https:\/\/rmvapesale.com\/fr\/product\/original-randm-vape-digital-puff-12000-fumot-factory-price\/\"><strong>Fumot Vape 12000 Bouff\u00e9es <span style=\"color: #ff0000\">&gt;&gt;&gt;&gt; C'est parti !<\/span><\/strong><\/a><\/p>\n<p>&nbsp;<\/p>\n<p>&nbsp;<\/p>\n<p>Trouvez plus de produits de vape que vous pourriez aimer :<strong><em><a href=\"https:\/\/rmvapesale.com\/fr\/shop-2\/\">Achetez maintenant &gt;&gt;&gt;<\/a><\/em><\/strong><\/p>","protected":false},"excerpt":{"rendered":"<p>Vape jetable POCO BL10000 Puffs 2% 5% Nicotine<br \/>\nVape jetable rechargeable Poco BL10000<br \/>\nVape jetable Poco BL10000 Vente en gros<br \/>\n<span style=\"color: #ff0000\">(Exp\u00e9di\u00e9 depuis l'entrep\u00f4t le plus proche en Allemagne et prend environ 3 \u00e0 5 jours pour arriver dans la plupart des pays d'Europe comme les Pays-Bas, la France, l'Italie, l'Espagne, la Suisse, la Su\u00e8de, la Pologne, etc.)<\/span><\/p>\n<p><img loading=\"lazy\" decoding=\"async\" class=\"size-full wp-image-2375\" src=\"https:\/\/rmvapesale.com\/wp-content\/uploads\/2024\/10\/image.png\" alt=\"Meilleure vape jetable\" width=\"229\" height=\"300\" \/><\/p>\n<h3><a href=\"https:\/\/wa.me\/8617776015835\"><span style=\"color: #ff0000\"><strong>WhatsApp: +86 17776015835<\/strong><\/span><\/a><\/h3>\n<p>&nbsp;<\/p>","protected":false},"featured_media":2569,"comment_status":"open","ping_status":"closed","template":"","meta":{"_uag_custom_page_level_css":"","_lmt_disableupdate":"no","_lmt_disable":"","site-sidebar-layout":"default","site-content-layout":"content-boxed-container","ast-site-content-layout":"normal-width-container","site-content-style":"boxed","site-sidebar-style":"unboxed","ast-global-header-display":"","ast-banner-title-visibility":"","ast-main-header-display":"","ast-hfb-above-header-display":"","ast-hfb-below-header-display":"","ast-hfb-mobile-header-display":"","site-post-title":"","ast-breadcrumbs-content":"","ast-featured-img":"","footer-sml-layout":"","theme-transparent-header-meta":"default","adv-header-id-meta":"","stick-header-meta":"","header-above-stick-meta":"","header-main-stick-meta":"","header-below-stick-meta":"","astra-migrate-meta-layouts":"set","ast-page-background-enabled":"default","ast-page-background-meta":{"desktop":{"background-color":"var(--ast-global-color-4)","background-image":"","background-repeat":"repeat","background-position":"center center","background-size":"auto","background-attachment":"scroll","background-type":"","background-media":"","overlay-type":"","overlay-color":"","overlay-opacity":"","overlay-gradient":""},"tablet":{"background-color":"","background-image":"","background-repeat":"repeat","background-position":"center center","background-size":"auto","background-attachment":"scroll","background-type":"","background-media":"","overlay-type":"","overlay-color":"","overlay-opacity":"","overlay-gradient":""},"mobile":{"background-color":"","background-image":"","background-repeat":"repeat","background-position":"center center","background-size":"auto","background-attachment":"scroll","background-type":"","background-media":"","overlay-type":"","overlay-color":"","overlay-opacity":"","overlay-gradient":""}},"ast-content-background-meta":{"desktop":{"background-color":"var(--ast-global-color-5)","background-image":"","background-repeat":"repeat","background-position":"center center","background-size":"auto","background-attachment":"scroll","background-type":"","background-media":"","overlay-type":"","overlay-color":"","overlay-opacity":"","overlay-gradient":""},"tablet":{"background-color":"var(--ast-global-color-5)","background-image":"","background-repeat":"repeat","background-position":"center center","background-size":"auto","background-attachment":"scroll","background-type":"","background-media":"","overlay-type":"","overlay-color":"","overlay-opacity":"","overlay-gradient":""},"mobile":{"background-color":"var(--ast-global-color-5)","background-image":"","background-repeat":"repeat","background-position":"center center","background-size":"auto","background-attachment":"scroll","background-type":"","background-media":"","overlay-type":"","overlay-color":"","overlay-opacity":"","overlay-gradient":""}},"_joinchat":[]},"product_brand":[],"product_cat":[15,195,25,123,26,28,135,27,137,30],"product_tag":[146,188,167,165,191,120],"class_list":{"0":"post-2573","1":"product","2":"type-product","3":"status-publish","4":"has-post-thumbnail","6":"product_cat-new-vape-this-week","7":"product_cat-germany-warehouse","8":"product_cat-germany-best-selling-vape","9":"product_cat-italy-wholesale-vape","10":"product_cat-netherlands-hot-sale-vape","11":"product_cat-poland-hot-sale-vape","12":"product_cat-spain-best-hot-sale-vape","13":"product_cat-fance-hot-sale-vape","14":"product_cat-rechargeable-vapes","15":"product_cat-minimum-order-quantity-50pcs","16":"product_tag-best-hot-sale-vape","17":"product_tag-buy-vapes-online","18":"product_tag-disposable-vape-with-screen","19":"product_tag-rechargeable-vapes","20":"product_tag-vape-box","21":"product_tag-vape-wholesale","22":"desktop-align-left","23":"tablet-align-left","24":"mobile-align-left","26":"first","27":"instock","28":"sale","29":"shipping-taxable","30":"purchasable","31":"product-type-simple"},"uagb_featured_image_src":{"full":["https:\/\/rmvapesale.com\/wp-content\/uploads\/2024\/10\/Poco-BL10000-Puffs-Disposable-Vape-Wholesale.jpg",800,800,false],"thumbnail":["https:\/\/rmvapesale.com\/wp-content\/uploads\/2024\/10\/Poco-BL10000-Puffs-Disposable-Vape-Wholesale-150x150.jpg",150,150,true],"medium":["https:\/\/rmvapesale.com\/wp-content\/uploads\/2024\/10\/Poco-BL10000-Puffs-Disposable-Vape-Wholesale-300x300.jpg",300,300,true],"medium_large":["https:\/\/rmvapesale.com\/wp-content\/uploads\/2024\/10\/Poco-BL10000-Puffs-Disposable-Vape-Wholesale-768x768.jpg",768,768,true],"large":["https:\/\/rmvapesale.com\/wp-content\/uploads\/2024\/10\/Poco-BL10000-Puffs-Disposable-Vape-Wholesale.jpg",800,800,false],"1536x1536":["https:\/\/rmvapesale.com\/wp-content\/uploads\/2024\/10\/Poco-BL10000-Puffs-Disposable-Vape-Wholesale.jpg",800,800,false],"2048x2048":["https:\/\/rmvapesale.com\/wp-content\/uploads\/2024\/10\/Poco-BL10000-Puffs-Disposable-Vape-Wholesale.jpg",800,800,false],"trp-custom-language-flag":["https:\/\/rmvapesale.com\/wp-content\/uploads\/2024\/10\/Poco-BL10000-Puffs-Disposable-Vape-Wholesale.jpg",12,12,false],"woocommerce_thumbnail":["https:\/\/rmvapesale.com\/wp-content\/uploads\/2024\/10\/Poco-BL10000-Puffs-Disposable-Vape-Wholesale-300x300.jpg",300,300,true],"woocommerce_single":["https:\/\/rmvapesale.com\/wp-content\/uploads\/2024\/10\/Poco-BL10000-Puffs-Disposable-Vape-Wholesale-600x600.jpg",600,600,true],"woocommerce_gallery_thumbnail":["https:\/\/rmvapesale.com\/wp-content\/uploads\/2024\/10\/Poco-BL10000-Puffs-Disposable-Vape-Wholesale-100x100.jpg",100,100,true],"wcpr-photo-reviews":["https:\/\/rmvapesale.com\/wp-content\/uploads\/2024\/10\/Poco-BL10000-Puffs-Disposable-Vape-Wholesale.jpg",500,500,false]},"uagb_author_info":{"display_name":"AMY","author_link":"https:\/\/rmvapesale.com\/fr\/author\/"},"uagb_comment_info":0,"uagb_excerpt":"POCO BL10000 Puffs Disposable Vape 2% 5% Nicotine Poco BL10000 Rechargeable Disposable Vape Poco BL10000 Disposable Vape Wholesale (Ship from most Germany warehouse and takes about 3-5 days\u00a0 to get arrive to most Europe countries like Netherlands, France, Italy, Spain, Switzerland, Sweden, Poland, etc. ) WhatsApp: +86 17776015835 &nbsp;","_links":{"self":[{"href":"https:\/\/rmvapesale.com\/fr\/wp-json\/wp\/v2\/product\/2573","targetHints":{"allow":["GET"]}}],"collection":[{"href":"https:\/\/rmvapesale.com\/fr\/wp-json\/wp\/v2\/product"}],"about":[{"href":"https:\/\/rmvapesale.com\/fr\/wp-json\/wp\/v2\/types\/product"}],"replies":[{"embeddable":true,"href":"https:\/\/rmvapesale.com\/fr\/wp-json\/wp\/v2\/comments?post=2573"}],"wp:featuredmedia":[{"embeddable":true,"href":"https:\/\/rmvapesale.com\/fr\/wp-json\/wp\/v2\/media\/2569"}],"wp:attachment":[{"href":"https:\/\/rmvapesale.com\/fr\/wp-json\/wp\/v2\/media?parent=2573"}],"wp:term":[{"taxonomy":"product_brand","embeddable":true,"href":"https:\/\/rmvapesale.com\/fr\/wp-json\/wp\/v2\/product_brand?post=2573"},{"taxonomy":"product_cat","embeddable":true,"href":"https:\/\/rmvapesale.com\/fr\/wp-json\/wp\/v2\/product_cat?post=2573"},{"taxonomy":"product_tag","embeddable":true,"href":"https:\/\/rmvapesale.com\/fr\/wp-json\/wp\/v2\/product_tag?post=2573"}],"curies":[{"name":"wp","href":"https:\/\/api.w.org\/{rel}","templated":true}]}}